{"id":16069,"date":"2022-06-18T13:44:05","date_gmt":"2022-06-18T13:44:05","guid":{"rendered":"https:\/\/zecovalve.com\/?post_type=product&#038;p=16069"},"modified":"2023-06-07T06:39:17","modified_gmt":"2023-06-07T06:39:17","slug":"wcb-ball-valve","status":"publish","type":"product","link":"https:\/\/zecovalve.com\/fr\/produit\/wcb-ball-valve","title":{"rendered":"Robinet \u00e0 tournant sph\u00e9rique WCB"},"content":{"rendered":"<p>ZECO Valve est un fournisseur de robinets \u00e0 boisseau sph\u00e9rique API 6D. Parmi les nombreux fournisseurs de robinets \u00e0 boisseau sph\u00e9rique en Chine, ZECO Valve poss\u00e8de une gamme compl\u00e8te de certifications API et a obtenu la certification API 6D ainsi que les certifications incendie API 607 et API6FA.<\/p>\r\n\r\n\r\n\r\n<figure class=\"wp-block-image alignnone size-medium wp-image-16070\"><img loading=\"lazy\" decoding=\"async\" width=\"300\" height=\"225\" class=\"wp-image-16070\" src=\"https:\/\/zecovalve.com\/wp-content\/uploads\/2022\/06\/ball-valve-wcb-ball-valve-300x225.jpg\" alt=\"Robinet \u00e0 boisseau sph\u00e9rique Wcb\" srcset=\"https:\/\/zecovalve.com\/wp-content\/uploads\/2022\/06\/ball-valve-wcb-ball-valve-300x225.jpg 300w, https:\/\/zecovalve.com\/wp-content\/uploads\/2022\/06\/ball-valve-wcb-ball-valve-768x576.jpg 768w, https:\/\/zecovalve.com\/wp-content\/uploads\/2022\/06\/ball-valve-wcb-ball-valve-600x450.jpg 600w, https:\/\/zecovalve.com\/wp-content\/uploads\/2022\/06\/ball-valve-wcb-ball-valve.jpg 800w\" sizes=\"auto, (max-width: 300px) 100vw, 300px\" \/><\/figure>\r\n\r\n\r\n<div class=\"gb-button-wrapper gb-button-wrapper-6d8495a3\">\r\n\r\n\r\n<p><a class=\"gb-button gb-button-3d442e11 gb-button-text\" href=\"https:\/\/zecovalve.com\/fr\/contact\/\" target=\"_blank\" rel=\"noopener noreferrer\"><strong>OBTENIR LE PRIX D'UN ROBINET \u00c0 BOISSEAU SPH\u00c9RIQUE \u00c0 BRIDES<\/strong><\/a><\/p>\r\n<\/div>\r\n\r\n\r\n\r\n\r\n<h2 class=\"wp-block-heading\">Qu'est-ce qu'un robinet \u00e0 boisseau sph\u00e9rique \u00e0 brides ?<\/h2>\r\n\r\n\r\n\r\n<p>Les robinets \u00e0 boisseau sph\u00e9rique \u00e0 brides sont nomm\u00e9s en fonction de la connexion du robinet \u00e0 boisseau sph\u00e9rique. Les robinets \u00e0 boisseau sph\u00e9rique \u00e0 brides ont g\u00e9n\u00e9ralement une connexion RF et une connexion RTJ, les normes de connexion sont divis\u00e9es en ASME B16.5, EN1092-1 et d'autres connexions.<\/p>\r\n\r\n\r\n\r\n<h2 class=\"wp-block-heading\" id=\"h-applications-of-wcb-flanged-ball-valve\">Applications du robinet \u00e0 boisseau sph\u00e9rique \u00e0 brides WCB ?<\/h2>\r\n\r\n\r\n\r\n<p>Le robinet \u00e0 boisseau sph\u00e9rique \u00e0 brides WCB de ZECO convient aux industries du gaz naturel, du p\u00e9trole, de la chimie, de la m\u00e9tallurgie, de la pharmacie et autres, y compris les robinets \u00e0 boisseau sph\u00e9rique flottants, les robinets \u00e0 boisseau sph\u00e9rique \u00e0 tourillon et les robinets \u00e0 boisseau sph\u00e9rique \u00e0 entr\u00e9e par le haut.<\/p>\r\n\r\n\r\n\r\n<h2 class=\"wp-block-heading\">Structure du robinet \u00e0 boisseau sph\u00e9rique flottant \u00e0 brides<\/h2>\r\n\r\n\r\n\r\n<p>Le robinet \u00e0 tournant sph\u00e9rique flottant est un type de structure simple. Il poss\u00e8de deux si\u00e8ges supportant la bille, la bille peut se d\u00e9placer \u00e9troitement vers le joint d'\u00e9tanch\u00e9it\u00e9 pour assurer l'\u00e9tanch\u00e9it\u00e9 \u00e0 l'extr\u00e9mit\u00e9 de la sortie. Lorsque le robinet \u00e0 boisseau sph\u00e9rique mont\u00e9 sur tourillon est utilis\u00e9, toutes les forces g\u00e9n\u00e9r\u00e9es par la pression du fluide devant le robinet \u00e0 boisseau sph\u00e9rique dans la canalisation sur le boisseau sont transf\u00e9r\u00e9es aux roulements sup\u00e9rieur et inf\u00e9rieur, et le boisseau ne bougera pas. Les points de fuite du robinet \u00e0 boisseau sph\u00e9rique \u00e0 entr\u00e9e par le haut sont inf\u00e9rieurs \u00e0 ceux du robinet \u00e0 boisseau sph\u00e9rique flottant et du robinet \u00e0 boisseau sph\u00e9rique mont\u00e9 sur tourillon.<\/p>\r\n\r\n\r\n\r\n<h2 class=\"wp-block-heading\" id=\"h-features-of-wcb-flanged-ball-valve\">Caract\u00e9ristiques du robinet \u00e0 boisseau sph\u00e9rique \u00e0 brides WCB :<\/h2>\r\n\r\n\r\n\r\n<ul class=\"wp-block-list\">\r\n<li>En position ferm\u00e9e, chaque si\u00e8ge ferme le fluide ind\u00e9pendamment de chaque c\u00f4t\u00e9, ou simultan\u00e9ment des deux c\u00f4t\u00e9s de la sph\u00e8re. La cavit\u00e9 peut \u00eatre ventil\u00e9e ou vidang\u00e9e par des bouchons d'a\u00e9ration ou de vidange situ\u00e9s sur le corps de la vanne ;<\/li>\r\n<li>Le dispositif antistatique est une caract\u00e9ristique standard du robinet \u00e0 tournant sph\u00e9rique \u00e0 brides WCB de ZECO. Une goupille \u00e0 ressort assure la continuit\u00e9 \u00e9lectrique entre la sph\u00e8re, la tige et le corps, afin d'\u00e9viter la formation d'\u00e9tincelles lors de la rotation de la tige pour ouvrir et fermer le robinet \u00e0 boisseau sph\u00e9rique ;<\/li>\r\n<li>La tige du robinet \u00e0 boisseau sph\u00e9rique \u00e0 brides ZECO WCB est fabriqu\u00e9e s\u00e9par\u00e9ment du boisseau. L'extr\u00e9mit\u00e9 inf\u00e9rieure de la tige est con\u00e7ue avec un \u00e9paulement int\u00e9gr\u00e9 afin d'\u00eatre \u00e9tanche \u00e0 l'\u00e9clatement ;<\/li>\r\n<li>Le robinet \u00e0 boisseau sph\u00e9rique \u00e0 brides ZECO WCB est \u00e9quip\u00e9 de deux joints toriques qui emp\u00eachent les fuites au niveau de la tige.<\/li>\r\n<\/ul>\r\n\r\n\r\n\r\n<h2 class=\"wp-block-heading\" id=\"h-material-of-wcb-flanged-ball-valve\">Mat\u00e9riau du robinet \u00e0 boisseau sph\u00e9rique \u00e0 brides WCB :<\/h2>\r\n\r\n\r\n\r\n<figure class=\"wp-block-table\">\r\n<table>\r\n<tbody>\r\n<tr>\r\n<td>Non<\/td>\r\n<td>Partie<\/td>\r\n<td>Mat\u00e9riau<\/td>\r\n<\/tr>\r\n<tr>\r\n<td>1<\/td>\r\n<td>Corps<\/td>\r\n<td>ASTM A216 WCB<\/td>\r\n<\/tr>\r\n<tr>\r\n<td>2<\/td>\r\n<td>Bonnet<\/td>\r\n<td>ASTM A216 WCB<\/td>\r\n<\/tr>\r\n<tr>\r\n<td>3<\/td>\r\n<td>Boule<\/td>\r\n<td>ASTM A105<\/td>\r\n<\/tr>\r\n<tr>\r\n<td>4<\/td>\r\n<td>Si\u00e8ge<\/td>\r\n<td>ASTM A105 + PTFE<\/td>\r\n<\/tr>\r\n<tr>\r\n<td>5<\/td>\r\n<td>Tige<\/td>\r\n<td>ASTM A182 F6a<\/td>\r\n<\/tr>\r\n<tr>\r\n<td>6<\/td>\r\n<td>Dispositif antistatique<\/td>\r\n<td>SS304<\/td>\r\n<\/tr>\r\n<tr>\r\n<td>7<\/td>\r\n<td>Joint d'\u00e9tanch\u00e9it\u00e9<\/td>\r\n<td>Graphite + SS304<\/td>\r\n<\/tr>\r\n<tr>\r\n<td>8<\/td>\r\n<td>Boulon<\/td>\r\n<td>ASTM A193 B7<\/td>\r\n<\/tr>\r\n<tr>\r\n<td>9<\/td>\r\n<td>\u00c9crou<\/td>\r\n<td>ASTM A194 2H<\/td>\r\n<\/tr>\r\n<tr>\r\n<td>10<\/td>\r\n<td>Joint torique<\/td>\r\n<td>Viton A<\/td>\r\n<\/tr>\r\n<tr>\r\n<td>11<\/td>\r\n<td>Levier<\/td>\r\n<td>ASTM A216 WCB<\/td>\r\n<\/tr>\r\n<\/tbody>\r\n<\/table>\r\n<\/figure>","protected":false},"excerpt":{"rendered":"<p>ZECO Valve est un fournisseur de vannes \u00e0 bille API 6D. Parmi les nombreux fournisseurs de robinets \u00e0 tournant sph\u00e9rique en Chine, ZECO Valve dispose d&#039;une gamme compl\u00e8te\u2026 <a title=\"Robinet \u00e0 tournant sph\u00e9rique WCB\" class=\"read-more\" href=\"https:\/\/zecovalve.com\/fr\/produit\/wcb-ball-valve\" aria-label=\"Plus sur WCB Flagled Ball Valve\">Lire plus<\/a><\/p>","protected":false},"featured_media":27846,"comment_status":"closed","ping_status":"closed","template":"","meta":{"_generate-full-width-content":"","kt_blocks_editor_width":""},"product_cat":[2047,2461],"product_tag":[2804,2802,3896],"class_list":["post-16069","product","type-product","status-publish","has-post-thumbnail","hentry","product_cat-ball-valve","product_cat-ball-valve-by-material","product_tag-2-inch-ball-valve","product_tag-ball-valve-price","product_tag-flanged-ball-valve","sales-flash-overlay","woocommerce-text-align-center","woocommerce-image-align-center","do-quantity-buttons"],"featured_image_src_large":["https:\/\/zecovalve.com\/wp-content\/uploads\/2022\/06\/WCB-Flanged-Ball-Valve.jpg",800,600,false],"author_info":[],"comment_info":0,"taxonomy_info":{"product_cat":[{"value":2047,"label":"Ball Valve"},{"value":2461,"label":"Ball Valve By Material"}],"product_tag":[{"value":2804,"label":"2 inch Ball Valve"},{"value":2802,"label":"Ball Valve Price"},{"value":3896,"label":"Flanged Ball Valve"}]},"yoast_head":"<!-- This site is optimized with the Yoast SEO Premium plugin v15.4 - https:\/\/yoast.com\/wordpress\/plugins\/seo\/ -->\n<title>Flanged Ball Valve - API 6D Ball Valve Supplier | ZECO Valve<\/title>\n<meta name=\"robots\" content=\"index, follow, max-snippet:-1, max-image-preview:large, max-video-preview:-1\" \/>\n<link rel=\"canonical\" href=\"https:\/\/zecovalve.com\/fr\/produit\/wcb-ball-valve\" \/>\n<meta property=\"og:locale\" content=\"fr_FR\" \/>\n<meta property=\"og:type\" content=\"article\" \/>\n<meta property=\"og:title\" content=\"Flanged Ball Valve - API 6D Ball Valve Supplier | ZECO Valve\" \/>\n<meta property=\"og:description\" content=\"ZECO Valve is a API 6D ball valve supplier. Among the many ball valve suppliers in China, ZECO Valve has a full ... Lire plus\" \/>\n<meta property=\"og:url\" content=\"https:\/\/zecovalve.com\/fr\/produit\/wcb-ball-valve\" \/>\n<meta property=\"og:site_name\" content=\"ZECO Valve\" \/>\n<meta property=\"article:modified_time\" content=\"2023-06-07T06:39:17+00:00\" \/>\n<meta property=\"og:image\" content=\"https:\/\/zecovalve.com\/wp-content\/uploads\/2022\/06\/WCB-Flanged-Ball-Valve.jpg\" \/>\n\t<meta property=\"og:image:width\" content=\"800\" \/>\n\t<meta property=\"og:image:height\" content=\"600\" \/>\n<meta name=\"twitter:card\" content=\"summary_large_image\" \/>\n<meta name=\"twitter:label1\" content=\"\u00c9crit par\">\n\t<meta name=\"twitter:data1\" content=\"Jerry\">\n\t<meta name=\"twitter:label2\" content=\"Dur\u00e9e de lecture estim\u00e9e\">\n\t<meta name=\"twitter:data2\" content=\"2 minutes\">\n<script type=\"application\/ld+json\" class=\"yoast-schema-graph\">{\"@context\":\"https:\/\/schema.org\",\"@graph\":[{\"@type\":\"WebSite\",\"@id\":\"https:\/\/zecovalve.com\/#website\",\"url\":\"https:\/\/zecovalve.com\/\",\"name\":\"ZECO Valve\",\"description\":\"Industrial Ball Valve, Gate Valve and Globe Valve Manufacturer\",\"potentialAction\":[{\"@type\":\"SearchAction\",\"target\":\"https:\/\/zecovalve.com\/?s={search_term_string}\",\"query-input\":\"required name=search_term_string\"}],\"inLanguage\":\"fr-FR\"},{\"@type\":\"ImageObject\",\"@id\":\"https:\/\/zecovalve.com\/product\/wcb-ball-valve#primaryimage\",\"inLanguage\":\"fr-FR\",\"url\":\"https:\/\/zecovalve.com\/wp-content\/uploads\/2022\/06\/WCB-Flanged-Ball-Valve.jpg\",\"width\":800,\"height\":600,\"caption\":\"WCB Flanged Ball Valve\"},{\"@type\":\"WebPage\",\"@id\":\"https:\/\/zecovalve.com\/product\/wcb-ball-valve#webpage\",\"url\":\"https:\/\/zecovalve.com\/product\/wcb-ball-valve\",\"name\":\"Flanged Ball Valve - API 6D Ball Valve Supplier | ZECO Valve\",\"isPartOf\":{\"@id\":\"https:\/\/zecovalve.com\/#website\"},\"primaryImageOfPage\":{\"@id\":\"https:\/\/zecovalve.com\/product\/wcb-ball-valve#primaryimage\"},\"datePublished\":\"2022-06-18T13:44:05+00:00\",\"dateModified\":\"2023-06-07T06:39:17+00:00\",\"breadcrumb\":{\"@id\":\"https:\/\/zecovalve.com\/product\/wcb-ball-valve#breadcrumb\"},\"inLanguage\":\"fr-FR\",\"potentialAction\":[{\"@type\":\"ReadAction\",\"target\":[\"https:\/\/zecovalve.com\/product\/wcb-ball-valve\"]}]},{\"@type\":\"BreadcrumbList\",\"@id\":\"https:\/\/zecovalve.com\/product\/wcb-ball-valve#breadcrumb\",\"itemListElement\":[{\"@type\":\"ListItem\",\"position\":1,\"item\":{\"@type\":\"WebPage\",\"@id\":\"https:\/\/zecovalve.com\/\",\"url\":\"https:\/\/zecovalve.com\/\",\"name\":\"Home\"}},{\"@type\":\"ListItem\",\"position\":2,\"item\":{\"@type\":\"WebPage\",\"@id\":\"https:\/\/zecovalve.com\/product-category\",\"url\":\"https:\/\/zecovalve.com\/product-category\",\"name\":\"Industrial Valve Manufacturer | Water Valve Manufacturer\"}},{\"@type\":\"ListItem\",\"position\":3,\"item\":{\"@type\":\"WebPage\",\"@id\":\"https:\/\/zecovalve.com\/product\/wcb-ball-valve\",\"url\":\"https:\/\/zecovalve.com\/product\/wcb-ball-valve\",\"name\":\"WCB Flagned Ball Valve\"}}]}]}<\/script>\n<!-- \/ Yoast SEO Premium plugin. -->","_links":{"self":[{"href":"https:\/\/zecovalve.com\/fr\/wp-json\/wp\/v2\/product\/16069","targetHints":{"allow":["GET"]}}],"collection":[{"href":"https:\/\/zecovalve.com\/fr\/wp-json\/wp\/v2\/product"}],"about":[{"href":"https:\/\/zecovalve.com\/fr\/wp-json\/wp\/v2\/types\/product"}],"replies":[{"embeddable":true,"href":"https:\/\/zecovalve.com\/fr\/wp-json\/wp\/v2\/comments?post=16069"}],"wp:featuredmedia":[{"embeddable":true,"href":"https:\/\/zecovalve.com\/fr\/wp-json\/wp\/v2\/media\/27846"}],"wp:attachment":[{"href":"https:\/\/zecovalve.com\/fr\/wp-json\/wp\/v2\/media?parent=16069"}],"wp:term":[{"taxonomy":"product_cat","embeddable":true,"href":"https:\/\/zecovalve.com\/fr\/wp-json\/wp\/v2\/product_cat?post=16069"},{"taxonomy":"product_tag","embeddable":true,"href":"https:\/\/zecovalve.com\/fr\/wp-json\/wp\/v2\/product_tag?post=16069"}],"curies":[{"name":"wp","href":"https:\/\/api.w.org\/{rel}","templated":true}]}}