{"id":16073,"date":"2022-06-18T13:57:28","date_gmt":"2022-06-18T13:57:28","guid":{"rendered":"https:\/\/zecovalve.com\/?post_type=product&#038;p=16073"},"modified":"2023-06-07T06:40:53","modified_gmt":"2023-06-07T06:40:53","slug":"electric-ball-valve","status":"publish","type":"product","link":"https:\/\/zecovalve.com\/fr\/produit\/electric-ball-valve","title":{"rendered":"Robinet \u00e0 boisseau sph\u00e9rique \u00e9lectrique"},"content":{"rendered":"<p>Les robinets \u00e0 tournant sph\u00e9rique \u00e9lectriques utilisent un actionneur \u00e9lectrique pour faire tourner une sph\u00e8re perc\u00e9e d'un trou au centre afin de contr\u00f4ler le d\u00e9bit.<\/p>\r\n\r\n\r\n\r\n<figure class=\"wp-block-image alignnone size-medium wp-image-16074\"><img loading=\"lazy\" decoding=\"async\" width=\"300\" height=\"225\" class=\"wp-image-16074\" src=\"https:\/\/zecovalve.com\/wp-content\/uploads\/2022\/06\/electric-ball-valve-300x225.jpg\" alt=\"Robinet \u00e0 boisseau sph\u00e9rique \u00e9lectrique\" srcset=\"https:\/\/zecovalve.com\/wp-content\/uploads\/2022\/06\/electric-ball-valve-300x225.jpg 300w, https:\/\/zecovalve.com\/wp-content\/uploads\/2022\/06\/electric-ball-valve-768x576.jpg 768w, https:\/\/zecovalve.com\/wp-content\/uploads\/2022\/06\/electric-ball-valve-600x450.jpg 600w, https:\/\/zecovalve.com\/wp-content\/uploads\/2022\/06\/electric-ball-valve.jpg 800w\" sizes=\"auto, (max-width: 300px) 100vw, 300px\" \/><\/figure>\r\n\r\n\r\n<div class=\"gb-button-wrapper gb-button-wrapper-f8260ba6\">\r\n\r\n\r\n<p><a class=\"gb-button gb-button-e4f70767 gb-button-text\" href=\"mailto:commercial@zecovalve.com\" target=\"_blank\" rel=\"noopener noreferrer\"><strong>OBTENIR LE PRIX D'UN ROBINET \u00c0 BOISSEAU SPH\u00c9RIQUE \u00c9LECTRIQUE<\/strong><\/a><\/p>\r\n<\/div>\r\n\r\n\r\n\r\n\r\n<h2 class=\"wp-block-heading\" id=\"h-what-is-an-electric-ball-valve\">Qu'est-ce qu'un robinet \u00e0 boisseau sph\u00e9rique \u00e9lectrique ?<\/h2>\r\n\r\n\r\n\r\n<p>Le robinet \u00e0 boisseau sph\u00e9rique \u00e9lectrique ZECO tire son nom de la combinaison d'un actionneur \u00e9lectrique et d'un robinet \u00e0 boisseau sph\u00e9rique. Il est g\u00e9n\u00e9ralement utilis\u00e9 dans les pipelines de taille moyenne n\u00e9cessitant une commande \u00e0 distance de commutation et de r\u00e9glage. Il s'agit d'un produit de contr\u00f4le important dans le domaine de l'automatisation industrielle. Les actionneurs \u00e9lectriques de ZECO sont g\u00e9n\u00e9ralement \u00e9quip\u00e9s d'actionneurs \u00e9lectriques allemands AUMA. Si les clients ont d'autres exigences, la soci\u00e9t\u00e9 ZECO peut \u00e9galement les personnaliser en fonction de leurs besoins. Le robinet \u00e0 boisseau sph\u00e9rique \u00e9lectrique de 2 pouces est l'un des types courants de robinet \u00e0 boisseau sph\u00e9rique \u00e0 commande \u00e9lectrique.<\/p>\r\n\r\n\r\n\r\n<h2 class=\"wp-block-heading\">Comment fonctionne un robinet \u00e0 boisseau sph\u00e9rique \u00e9lectrique ?<\/h2>\r\n\r\n\r\n\r\n<p>En r\u00e8gle g\u00e9n\u00e9rale, les vannes \u00e0 bille \u00e9lectriques convertissent l'\u00e9nergie \u00e9lectrique en force rotative \u00e0 l'aide d'un moteur \u00e9lectrique, ce qui permet de faire tourner les vannes \u00e0 bille. Il s'agit du mode de contr\u00f4le des vannes le plus efficace en raison de l'\u00e9nergie \u00e9lectrique propre et du mode silencieux de rotation des vannes.<\/p>\r\n\r\n\r\n\r\n<p>Pour mieux comprendre, voici comment fonctionne le robinet \u00e0 boisseau sph\u00e9rique \u00e9lectrique.<\/p>\r\n\r\n\r\n\r\n<h3 class=\"wp-block-heading\">Premi\u00e8re \u00e9tape : mise sous tension du syst\u00e8me<\/h3>\r\n\r\n\r\n\r\n<p>Tout d'abord, vous mettrez en marche les robinets \u00e0 boisseau sph\u00e9rique \u00e9lectriques pour permettre au courant \u00e9lectrique de circuler correctement dans le syst\u00e8me. Le courant \u00e9lectrique alimente le moteur \u00e9lectrique qui g\u00e9n\u00e8re un couple transmis par un arbre reli\u00e9 \u00e0 la tige du robinet.<\/p>\r\n\r\n\r\n\r\n<p>Vous constaterez que le robinet \u00e0 boisseau sph\u00e9rique commence \u00e0 tourner sous l'action de l'arbre et du moteur \u00e9lectrique. La puissance dont vous avez besoin pour contr\u00f4ler les op\u00e9rations du robinet \u00e0 boisseau sph\u00e9rique \u00e9lectrique varie en cons\u00e9quence.<\/p>\r\n\r\n\r\n\r\n<p>Vous pouvez avoir besoin d'un courant continu de 12V, 24V et 48V pour contr\u00f4ler le robinet \u00e0 boisseau sph\u00e9rique \u00e9lectrique. D'autre part, vous pouvez \u00e9galement utiliser 24V, 48V, 120V, 130V et 240V de courant alternatif pour contr\u00f4ler le robinet.<\/p>\r\n\r\n\r\n\r\n<h3 class=\"wp-block-heading\">Deuxi\u00e8me \u00e9tape : contr\u00f4le du couple<\/h3>\r\n\r\n\r\n\r\n<p>Lorsque le moteur est aliment\u00e9, vous pouvez contr\u00f4ler la force qu'il produit pour faire tourner le robinet \u00e0 boisseau sph\u00e9rique. Il dispose d'un syst\u00e8me de diff\u00e9rents engrenages qui aident \u00e0 contr\u00f4ler l'arbre, produisant ainsi diff\u00e9rents niveaux de force.<\/p>\r\n\r\n\r\n\r\n<p>Vous pouvez choisir l'engrenage qui produira la meilleure force possible pour contr\u00f4ler le robinet \u00e0 boisseau sph\u00e9rique \u00e9lectrique en cons\u00e9quence. La vitesse \u00e0 laquelle le robinet \u00e0 boisseau sph\u00e9rique \u00e9lectrique fonctionnera est inversement proportionnelle au couple du robinet \u00e0 boisseau sph\u00e9rique \u00e9lectrique.<\/p>\r\n\r\n\r\n\r\n<h2 class=\"wp-block-heading\" id=\"h-features-of-electric-ball-valves\">Caract\u00e9ristiques des robinets \u00e0 boisseau sph\u00e9rique \u00e9lectriques :<\/h2>\r\n\r\n\r\n\r\n<ul class=\"wp-block-list\">\r\n<li>ZECO s'engage \u00e0 ce que ses produits r\u00e9pondent aux normes internationales et fait de son mieux en mati\u00e8re de recherche et de d\u00e9veloppement, afin de minimiser les co\u00fbts pour les utilisateurs. C'est pourquoi ZECO a d\u00e9ploy\u00e9 des efforts consid\u00e9rables en mati\u00e8re de couple pour les robinets \u00e0 tournant sph\u00e9rique et a finalement mis au point un produit dont le couple est inf\u00e9rieur \u00e0 celui des robinets \u00e0 tournant sph\u00e9rique disponibles sur le march\u00e9, de sorte qu'il peut \u00eatre \u00e9quip\u00e9 d'un actionneur \u00e9lectrique dont le couple de la premi\u00e8re vitesse est inf\u00e9rieur, ce qui r\u00e9duit les co\u00fbts pour l'utilisateur ;<\/li>\r\n<li>Le robinet \u00e0 boisseau sph\u00e9rique \u00e9lectrique ZECO est disponible en s\u00e9rie compl\u00e8te et en s\u00e9rie r\u00e9duite pour r\u00e9pondre aux diff\u00e9rentes exigences des clients. Les robinets \u00e0 tournant sph\u00e9rique \u00e0 passage int\u00e9gral sont plac\u00e9s dans le m\u00eame canal que le diam\u00e8tre int\u00e9rieur de la canalisation, ce qui permet de minimiser la r\u00e9sistance du fluide et de faciliter le nettoyage de la canalisation. Le poids des robinets \u00e0 tournant sph\u00e9rique \u00e0 diam\u00e8tre r\u00e9duit n'est que d'environ 70% du robinet \u00e0 tournant sph\u00e9rique \u00e0 passage int\u00e9gral de m\u00eame diam\u00e8tre, ce qui permet de r\u00e9duire efficacement le co\u00fbt et le prix, tandis que le coefficient de r\u00e9sistance aux fluides n'est que d'environ 1\/7 du robinet \u00e0 soupape de m\u00eame diam\u00e8tre ;<\/li>\r\n<li>Le robinet \u00e0 boisseau sph\u00e9rique \u00e0 commande \u00e9lectrique ZECO assure une \u00e9tanch\u00e9it\u00e9 fiable dans des conditions de vide, de niveau \u00e9lev\u00e9 ou faible ;<\/li>\r\n<li>Le robinet \u00e0 boisseau sph\u00e9rique \u00e9lectrique ZECO est dot\u00e9 d'une structure de d\u00e9compression automatique. Lorsque la pression de la canalisation augmente de fa\u00e7on anormale, le fluide de la chambre peut compter sur sa propre pouss\u00e9e pour pousser le si\u00e8ge et la d\u00e9compression automatique.<\/li>\r\n<\/ul>\r\n\r\n\r\n\r\n<h2 class=\"wp-block-heading\" id=\"h-applications-of-electric-ball-valves\">Applications des robinets \u00e0 boisseau sph\u00e9rique \u00e0 commande \u00e9lectrique<\/h2>\r\n\r\n\r\n\r\n<ul class=\"wp-block-list\">\r\n<li>\u00c9quipement de restauration<\/li>\r\n<li>Industrie de l'irrigation<\/li>\r\n<li>Syst\u00e8mes de lavage de v\u00e9hicules<\/li>\r\n<li>\u00c9quipement de traitement de l'eau<\/li>\r\n<li>Installations de fabrication<\/li>\r\n<li>Applications mobiles<\/li>\r\n<li>\u00c9changeurs de chaleur<\/li>\r\n<\/ul>\r\n\r\n\r\n\r\n<h2 class=\"wp-block-heading\" id=\"h-how-to-install-an-electric-ball-valves\">Comment installer un robinet \u00e0 boisseau sph\u00e9rique \u00e9lectrique ?<\/h2>\r\n\r\n\r\n\r\n<p>Lorsque vous montez des actionneurs de vannes \u00e9lectriques, utilisez des pi\u00e8ces robustes et conformes aux normes industrielles. De nombreux actionneurs et mat\u00e9riels de montage utilisent les normes ISO 5211 pour les connexions, ce qui garantit que les diff\u00e9rentes marques et les diff\u00e9rents composants fonctionnent ensemble sans probl\u00e8me.<\/p>\r\n\r\n\r\n\r\n<p>Vous aurez besoin d'au moins trois \u00e9l\u00e9ments pour le montage :<\/p>\r\n\r\n\r\n\r\n<ul class=\"wp-block-list\">\r\n<li>Un lecteur de sortie<\/li>\r\n<li>Une tige pour se connecter \u00e0 la t\u00eate de la valve<\/li>\r\n<li>Une bride qui monte l'actionneur sur la vanne<\/li>\r\n<li>Diff\u00e9rents actionneurs n\u00e9cessitent diff\u00e9rents types de brides en fonction du couple et des fixations disponibles.<\/li>\r\n<\/ul>\r\n\r\n\r\n\r\n<h2 class=\"wp-block-heading\" id=\"h-material-of-electrically-opened-ball-valve\">Mat\u00e9riau du robinet \u00e0 boisseau sph\u00e9rique \u00e0 ouverture \u00e9lectrique :<\/h2>\r\n\r\n\r\n\r\n<figure class=\"wp-block-table\">\r\n<table>\r\n<tbody>\r\n<tr>\r\n<td>Non<\/td>\r\n<td>Partie<\/td>\r\n<td>Mat\u00e9riau<\/td>\r\n<\/tr>\r\n<tr>\r\n<td>1<\/td>\r\n<td>Corps<\/td>\r\n<td>ASTM A105<\/td>\r\n<\/tr>\r\n<tr>\r\n<td>2<\/td>\r\n<td>Bonnet<\/td>\r\n<td>ASTM A105<\/td>\r\n<\/tr>\r\n<tr>\r\n<td>3<\/td>\r\n<td>Boule<\/td>\r\n<td>ASTM A105<\/td>\r\n<\/tr>\r\n<tr>\r\n<td>4<\/td>\r\n<td>Si\u00e8ge<\/td>\r\n<td>ASTM A105 + PTFE<\/td>\r\n<\/tr>\r\n<tr>\r\n<td>5<\/td>\r\n<td>Tige<\/td>\r\n<td>ASTM A182 F6a<\/td>\r\n<\/tr>\r\n<tr>\r\n<td>6<\/td>\r\n<td>Dispositif antistatique<\/td>\r\n<td>SS304<\/td>\r\n<\/tr>\r\n<tr>\r\n<td>7<\/td>\r\n<td>Joint d'\u00e9tanch\u00e9it\u00e9<\/td>\r\n<td>Graphite + SS304<\/td>\r\n<\/tr>\r\n<tr>\r\n<td>8<\/td>\r\n<td>Boulon<\/td>\r\n<td>ASTM A193 B7<\/td>\r\n<\/tr>\r\n<tr>\r\n<td>9<\/td>\r\n<td>\u00c9crou<\/td>\r\n<td>ASTM A194 2H<\/td>\r\n<\/tr>\r\n<tr>\r\n<td>10<\/td>\r\n<td>Joint torique<\/td>\r\n<td>Viton A<\/td>\r\n<\/tr>\r\n<tr>\r\n<td>11<\/td>\r\n<td>Actionneur \u00e9lectrique<\/td>\r\n<td>ASTM A182 F304<\/td>\r\n<\/tr>\r\n<\/tbody>\r\n<\/table>\r\n<\/figure>\r\n\r\n\r\n\r\n<h2 class=\"wp-block-heading\" id=\"faq11\">Quelles sont les causes de d\u00e9faillance d'un robinet \u00e0 boisseau sph\u00e9rique \u00e9lectrique ?<\/h2>\r\n\r\n\r\n\r\n<h3 class=\"wp-block-heading\">Mauvaise conception du robinet \u00e0 boisseau sph\u00e9rique \u00e9lectrique<\/h3>\r\n\r\n\r\n\r\n<p>Il se peut que la conception du robinet \u00e0 boisseau sph\u00e9rique \u00e9lectrique soit tr\u00e8s mauvaise et ne r\u00e9ponde pas aux exigences de l'application. La mauvaise conception peut se traduire par une mauvaise compatibilit\u00e9 chimique et une mauvaise \u00e9valuation du d\u00e9bit ou du taux de pression.<\/p>\r\n\r\n\r\n\r\n<h3 class=\"wp-block-heading\">Installation d\u00e9fectueuse<\/h3>\r\n\r\n\r\n\r\n<p>Vous pouvez \u00e9galement rencontrer des \u00e9checs dans des op\u00e9rations r\u00e9ussies, qui peuvent r\u00e9sulter d'installations m\u00e9diocres ou d\u00e9fectueuses. Il peut y avoir des fuites ou une mauvaise position des robinets \u00e0 boisseau sph\u00e9rique \u00e9lectriques, ce qui entra\u00eene leur d\u00e9faillance.<\/p>\r\n\r\n\r\n\r\n<h3 class=\"wp-block-heading\">Op\u00e9rations inappropri\u00e9es<\/h3>\r\n\r\n\r\n\r\n<p>Outre les facteurs susmentionn\u00e9s, il se peut que les robinets \u00e0 boisseau sph\u00e9rique \u00e9lectriques ne soient pas utilis\u00e9s correctement. En d'autres termes, vous pouvez utiliser les robinets \u00e0 boisseau sph\u00e9rique \u00e9lectriques pour de mauvaises op\u00e9rations, ce qui entra\u00eene une d\u00e9faillance totale.<\/p>","protected":false},"excerpt":{"rendered":"<p>Les vannes \u00e0 bille \u00e9lectriques utilisent un actionneur \u00e9lectrique pour faire tourner une bille avec un trou au centre pour contr\u00f4ler le d\u00e9bit. Qu&#039;est-ce que \u2026 <a title=\"Robinet \u00e0 boisseau sph\u00e9rique \u00e9lectrique\" class=\"read-more\" href=\"https:\/\/zecovalve.com\/fr\/produit\/electric-ball-valve\" aria-label=\"Plus sur Robinet \u00e0 bille \u00e9lectrique\">Lire plus<\/a><\/p>","protected":false},"featured_media":27847,"comment_status":"closed","ping_status":"closed","template":"","meta":{"_generate-full-width-content":"","kt_blocks_editor_width":""},"product_cat":[2047,2460,2465],"product_tag":[3295,3293,3869,3255,3291,3868,3294,2766,3292,2727],"class_list":["post-16073","product","type-product","status-publish","has-post-thumbnail","hentry","product_cat-ball-valve","product_cat-ball-valve-by-drive-mode","product_cat-forged-steel-ball-valve","product_tag-ball-valve-electric","product_tag-electric-actuated-ball-valve","product_tag-electric-actuator-ball-valve","product_tag-electric-ball-valve","product_tag-electrical-ball-valve","product_tag-electrically-actuated-ball-valve","product_tag-electronic-ball-valve","product_tag-motorised-valve","product_tag-motorized-ball-valve","product_tag-motorized-valve","sales-flash-overlay","woocommerce-text-align-center","woocommerce-image-align-center","do-quantity-buttons"],"featured_image_src_large":["https:\/\/zecovalve.com\/wp-content\/uploads\/2022\/06\/Electric-Ball-Valve-1.jpg",800,600,false],"author_info":[],"comment_info":0,"taxonomy_info":{"product_cat":[{"value":2047,"label":"Ball Valve"},{"value":2460,"label":"Ball Valve By Drive Mode"},{"value":2465,"label":"Forged Ball Valve"}],"product_tag":[{"value":3295,"label":"Ball Valve Electric"},{"value":3293,"label":"Electric Actuated Ball Valve"},{"value":3869,"label":"Electric Actuator Ball Valve"},{"value":3255,"label":"Electric Ball Valve"},{"value":3291,"label":"Electrical Ball Valve"},{"value":3868,"label":"Electrically Actuated Ball Valve"},{"value":3294,"label":"Electronic Ball Valve"},{"value":2766,"label":"Motorised Valve"},{"value":3292,"label":"Motorized Ball Valve"},{"value":2727,"label":"Motorized Valve"}]},"yoast_head":"<!-- This site is optimized with the Yoast SEO Premium plugin v15.4 - https:\/\/yoast.com\/wordpress\/plugins\/seo\/ -->\n<title>Electric Ball Valve - Electric Actuated Ball Valve | ZECO Valve<\/title>\n<meta name=\"robots\" content=\"index, follow, max-snippet:-1, max-image-preview:large, max-video-preview:-1\" \/>\n<link rel=\"canonical\" href=\"https:\/\/zecovalve.com\/fr\/produit\/electric-ball-valve\" \/>\n<meta property=\"og:locale\" content=\"fr_FR\" \/>\n<meta property=\"og:type\" content=\"article\" \/>\n<meta property=\"og:title\" content=\"Electric Ball Valve - Electric Actuated Ball Valve | ZECO Valve\" \/>\n<meta property=\"og:description\" content=\"Electric ball valves use an electric actuator to rotate a ball with a hole in the center to control flow. What is ... Lire plus\" \/>\n<meta property=\"og:url\" content=\"https:\/\/zecovalve.com\/fr\/produit\/electric-ball-valve\" \/>\n<meta property=\"og:site_name\" content=\"ZECO Valve\" \/>\n<meta property=\"article:modified_time\" content=\"2023-06-07T06:40:53+00:00\" \/>\n<meta property=\"og:image\" content=\"https:\/\/zecovalve.com\/wp-content\/uploads\/2022\/06\/Electric-Ball-Valve-1.jpg\" \/>\n\t<meta property=\"og:image:width\" content=\"800\" \/>\n\t<meta property=\"og:image:height\" content=\"600\" \/>\n<meta name=\"twitter:card\" content=\"summary_large_image\" \/>\n<meta name=\"twitter:label1\" content=\"\u00c9crit par\">\n\t<meta name=\"twitter:data1\" content=\"Jerry\">\n\t<meta name=\"twitter:label2\" content=\"Dur\u00e9e de lecture estim\u00e9e\">\n\t<meta name=\"twitter:data2\" content=\"4 minutes\">\n<script type=\"application\/ld+json\" class=\"yoast-schema-graph\">{\"@context\":\"https:\/\/schema.org\",\"@graph\":[{\"@type\":\"WebSite\",\"@id\":\"https:\/\/zecovalve.com\/#website\",\"url\":\"https:\/\/zecovalve.com\/\",\"name\":\"ZECO Valve\",\"description\":\"Industrial Ball Valve, Gate Valve and Globe Valve Manufacturer\",\"potentialAction\":[{\"@type\":\"SearchAction\",\"target\":\"https:\/\/zecovalve.com\/?s={search_term_string}\",\"query-input\":\"required name=search_term_string\"}],\"inLanguage\":\"fr-FR\"},{\"@type\":\"ImageObject\",\"@id\":\"https:\/\/zecovalve.com\/product\/electric-ball-valve#primaryimage\",\"inLanguage\":\"fr-FR\",\"url\":\"https:\/\/zecovalve.com\/wp-content\/uploads\/2022\/06\/Electric-Ball-Valve-1.jpg\",\"width\":800,\"height\":600,\"caption\":\"Electric Ball Valve\"},{\"@type\":\"WebPage\",\"@id\":\"https:\/\/zecovalve.com\/product\/electric-ball-valve#webpage\",\"url\":\"https:\/\/zecovalve.com\/product\/electric-ball-valve\",\"name\":\"Electric Ball Valve - Electric Actuated Ball Valve | ZECO Valve\",\"isPartOf\":{\"@id\":\"https:\/\/zecovalve.com\/#website\"},\"primaryImageOfPage\":{\"@id\":\"https:\/\/zecovalve.com\/product\/electric-ball-valve#primaryimage\"},\"datePublished\":\"2022-06-18T13:57:28+00:00\",\"dateModified\":\"2023-06-07T06:40:53+00:00\",\"breadcrumb\":{\"@id\":\"https:\/\/zecovalve.com\/product\/electric-ball-valve#breadcrumb\"},\"inLanguage\":\"fr-FR\",\"potentialAction\":[{\"@type\":\"ReadAction\",\"target\":[\"https:\/\/zecovalve.com\/product\/electric-ball-valve\"]}]},{\"@type\":\"BreadcrumbList\",\"@id\":\"https:\/\/zecovalve.com\/product\/electric-ball-valve#breadcrumb\",\"itemListElement\":[{\"@type\":\"ListItem\",\"position\":1,\"item\":{\"@type\":\"WebPage\",\"@id\":\"https:\/\/zecovalve.com\/\",\"url\":\"https:\/\/zecovalve.com\/\",\"name\":\"Home\"}},{\"@type\":\"ListItem\",\"position\":2,\"item\":{\"@type\":\"WebPage\",\"@id\":\"https:\/\/zecovalve.com\/product-category\",\"url\":\"https:\/\/zecovalve.com\/product-category\",\"name\":\"Industrial Valve Manufacturer | Water Valve Manufacturer\"}},{\"@type\":\"ListItem\",\"position\":3,\"item\":{\"@type\":\"WebPage\",\"@id\":\"https:\/\/zecovalve.com\/product\/electric-ball-valve\",\"url\":\"https:\/\/zecovalve.com\/product\/electric-ball-valve\",\"name\":\"Electric Ball Valve\"}}]}]}<\/script>\n<!-- \/ Yoast SEO Premium plugin. -->","_links":{"self":[{"href":"https:\/\/zecovalve.com\/fr\/wp-json\/wp\/v2\/product\/16073","targetHints":{"allow":["GET"]}}],"collection":[{"href":"https:\/\/zecovalve.com\/fr\/wp-json\/wp\/v2\/product"}],"about":[{"href":"https:\/\/zecovalve.com\/fr\/wp-json\/wp\/v2\/types\/product"}],"replies":[{"embeddable":true,"href":"https:\/\/zecovalve.com\/fr\/wp-json\/wp\/v2\/comments?post=16073"}],"wp:featuredmedia":[{"embeddable":true,"href":"https:\/\/zecovalve.com\/fr\/wp-json\/wp\/v2\/media\/27847"}],"wp:attachment":[{"href":"https:\/\/zecovalve.com\/fr\/wp-json\/wp\/v2\/media?parent=16073"}],"wp:term":[{"taxonomy":"product_cat","embeddable":true,"href":"https:\/\/zecovalve.com\/fr\/wp-json\/wp\/v2\/product_cat?post=16073"},{"taxonomy":"product_tag","embeddable":true,"href":"https:\/\/zecovalve.com\/fr\/wp-json\/wp\/v2\/product_tag?post=16073"}],"curies":[{"name":"wp","href":"https:\/\/api.w.org\/{rel}","templated":true}]}}