{"id":16075,"date":"2022-06-18T14:00:20","date_gmt":"2022-06-18T14:00:20","guid":{"rendered":"https:\/\/zecovalve.com\/?post_type=product&#038;p=16075"},"modified":"2023-06-07T06:43:13","modified_gmt":"2023-06-07T06:43:13","slug":"metal-seated-ball-valve","status":"publish","type":"product","link":"https:\/\/zecovalve.com\/fr\/produit\/metal-seated-ball-valve","title":{"rendered":"Robinet \u00e0 tournant sph\u00e9rique \u00e0 si\u00e8ge m\u00e9tallique"},"content":{"rendered":"<p>Le robinet \u00e0 tournant sph\u00e9rique \u00e0 si\u00e8ge m\u00e9tallique est fabriqu\u00e9 pour des temp\u00e9ratures \u00e9lev\u00e9es allant jusqu'\u00e0 540\u2103 (pouvant \u00eatre plus \u00e9lev\u00e9es en fonction du mat\u00e9riau du corps et de la garniture) ou pour la r\u00e9sistance \u00e0 l'abrasion.<\/p>\r\n\r\n\r\n\r\n<div class=\"wp-block-columns is-layout-flex wp-container-core-columns-is-layout-9d6595d7 wp-block-columns-is-layout-flex\">\r\n<div class=\"wp-block-column is-layout-flow wp-block-column-is-layout-flow\">\r\n<figure class=\"wp-block-image size-large\"><img decoding=\"async\" src=\"https:\/\/zecovalve.com\/wp-content\/uploads\/2022\/06\/metal-seated-ball-valve-1-300x225.jpg\" alt=\"\" \/><\/figure>\r\n<\/div>\r\n\r\n\r\n\r\n<div class=\"wp-block-column is-layout-flow wp-block-column-is-layout-flow\">\r\n<figure class=\"wp-block-image size-large\"><img decoding=\"async\" src=\"https:\/\/zecovalve.com\/wp-content\/uploads\/2022\/06\/metal-seated-ball-valve-2-300x225.jpg\" alt=\"\" \/><\/figure>\r\n<\/div>\r\n\r\n\r\n\r\n<div class=\"wp-block-column is-layout-flow wp-block-column-is-layout-flow\">\r\n<figure class=\"wp-block-image size-large\"><img decoding=\"async\" src=\"https:\/\/zecovalve.com\/wp-content\/uploads\/2022\/06\/metal-seated-ball-valve-3-300x225.jpg\" alt=\"\" \/><\/figure>\r\n<\/div>\r\n\r\n\r\n\r\n<div class=\"wp-block-column is-layout-flow wp-block-column-is-layout-flow\">\r\n<figure class=\"wp-block-image size-large\"><img decoding=\"async\" src=\"https:\/\/zecovalve.com\/wp-content\/uploads\/2022\/06\/metal-seated-ball-valve-4-300x225.jpg\" alt=\"\" \/><\/figure>\r\n<\/div>\r\n<\/div>\r\n\r\n\r\n<div class=\"gb-button-wrapper gb-button-wrapper-31f123f4\">\r\n\r\n\r\n<p><a class=\"gb-button gb-button-504ddfe8 gb-button-text\" href=\"mailto:commercial@zecovalve.com\" target=\"_blank\" rel=\"noopener noreferrer\"><strong><strong>OBTENIR LE PRIX D'UN ROBINET \u00c0 BOISSEAU SPH\u00c9RIQUE \u00c0 SI\u00c8GE M\u00c9TALLIQUE<\/strong><\/strong><\/a><\/p>\r\n<\/div>\r\n\r\n\r\n\r\n\r\n<h2 class=\"wp-block-heading\" id=\"h-what-is-a-metal-seated-ball-valve\">Qu'est-ce qu'un robinet \u00e0 tournant sph\u00e9rique \u00e0 si\u00e8ge m\u00e9tallique ?<\/h2>\r\n\r\n\r\n\r\n<p>Le robinet \u00e0 boisseau sph\u00e9rique \u00e0 si\u00e8ge m\u00e9tallique ZECO convient aux fluides sp\u00e9ciaux \u00e0 haute temp\u00e9rature et \u00e0 haute pression ou aux fluides contenant des particules dans le pipeline. La s\u00e9lection du type de robinet \u00e0 boisseau sph\u00e9rique \u00e0 si\u00e8ge m\u00e9tallique est bas\u00e9e sur l'analyse et le calcul des diff\u00e9rentes conditions de fonctionnement, le choix des conditions de fonctionnement appropri\u00e9es de la duret\u00e9 du mat\u00e9riau, l'adoption d'une technologie avanc\u00e9e de soudage par pulv\u00e9risation sur la surface d'une sph\u00e8re et la surface d'\u00e9tanch\u00e9it\u00e9 du si\u00e8ge de la vanne pour un traitement sp\u00e9cial, le meulage avec une sph\u00e8re dure, et la surface d'\u00e9tanch\u00e9it\u00e9 du si\u00e8ge assure la pr\u00e9cision de l'ajustement et l'absence de fuites.<\/p>\r\n\r\n\r\n\r\n<h2 class=\"wp-block-heading\">Types de robinets \u00e0 tournant sph\u00e9rique \u00e0 si\u00e8ge m\u00e9tallique<\/h2>\r\n\r\n\r\n\r\n<ul class=\"wp-block-list\">\r\n<li>Les robinets \u00e0 tournant sph\u00e9rique \u00e0 si\u00e8ge m\u00e9tallique sont des robinets \u00e0 tournant sph\u00e9rique \u00e0 corps divis\u00e9, mont\u00e9s sur tourillon, avec des si\u00e8ges \u00e0 ressort et une d\u00e9charge de cavit\u00e9. Ils ont une double capacit\u00e9 de blocage et de purge.<\/li>\r\n\r\n\r\n\r\n<li>Le robinet \u00e0 tournant sph\u00e9rique flottant \u00e0 si\u00e8ge m\u00e9tallique pr\u00e9sente une fuite nulle pour les conditions de fonctionnement \u00e0 haute temp\u00e9rature. En outre, des si\u00e8ges avec des mat\u00e9riaux \u00e0 surface dure en carbure de chrome, carbure de tungst\u00e8ne ou stellite sont \u00e9galement disponibles. Tous les robinets \u00e0 tournant sph\u00e9rique flottants Relia sont de conception antistatique et disposent d'une d\u00e9charge automatique de la cavit\u00e9 du corps.<\/li>\r\n<\/ul>\r\n\r\n\r\n\r\n<h2 class=\"wp-block-heading\">Applications des robinets \u00e0 tournant sph\u00e9rique \u00e0 si\u00e8ge m\u00e9tallique<\/h2>\r\n\r\n\r\n\r\n<ul class=\"wp-block-list\">\r\n<li>P\u00e9trole et gaz<\/li>\r\n\r\n\r\n\r\n<li>Raffinage \/ P\u00e9trochimie<\/li>\r\n\r\n\r\n\r\n<li>Processus chimique<\/li>\r\n\r\n\r\n\r\n<li>Production d'\u00e9lectricit\u00e9<\/li>\r\n\r\n\r\n\r\n<li>P\u00e2tes et papiers<\/li>\r\n\r\n\r\n\r\n<li>Exploitation mini\u00e8re<\/li>\r\n<\/ul>\r\n\r\n\r\n\r\n<h2 class=\"wp-block-heading\" id=\"h-features-of-metal-seat-ball-valve\">Caract\u00e9ristiques du robinet \u00e0 boisseau sph\u00e9rique \u00e0 si\u00e8ge m\u00e9tallique :<\/h2>\r\n\r\n\r\n\r\n<ul class=\"wp-block-list\">\r\n<li>Garantie de s\u00e9curit\u00e9 incendie absolue. Les robinets \u00e0 tournant sph\u00e9rique \u00e0 si\u00e8ge m\u00e9tallique ZECO sont absolument s\u00fbrs contre l'incendie. Le contact m\u00e9tal-m\u00e9tal est con\u00e7u entre la bille et le si\u00e8ge, o\u00f9 la fonction de s\u00e9curit\u00e9 incendie est inconditionnelle. Le joint flexible en graphite peut emp\u00eacher les fuites de fluide entre le corps et le si\u00e8ge ou entre le corps et l'adaptateur, m\u00eame dans des environnements \u00e0 haute temp\u00e9rature, afin d'atteindre les objectifs de s\u00e9curit\u00e9 incendie. En outre, d'autres composants d'\u00e9tanch\u00e9it\u00e9 tels que la garniture de tige peuvent \u00e9galement atteindre la fonction de s\u00e9curit\u00e9 incendie et emp\u00eacher les fuites externes. Ainsi, toutes les parties de la vanne ne seront pas affect\u00e9es par le service \u00e0 haute temp\u00e9rature.<\/li>\r\n\r\n\r\n\r\n<li>Etanch\u00e9it\u00e9 fiable \u00e0 basse pression. Les robinets \u00e0 tournant sph\u00e9rique \u00e0 si\u00e8ge m\u00e9tallique ZECO adoptent une structure de si\u00e8ge \u00e0 ressort, qui peut pousser le si\u00e8ge en amont fermement contre la surface de la bille, cr\u00e9ant ainsi une \u00e9tanch\u00e9it\u00e9 fiable, m\u00eame \u00e0 une pression extr\u00eamement basse.<\/li>\r\n\r\n\r\n\r\n<li>Le couple de commutation du robinet \u00e0 tournant sph\u00e9rique \u00e0 si\u00e8ge m\u00e9tallique ZECO est l\u00e9ger. Parce que le fond de la bague d'\u00e9tanch\u00e9it\u00e9 du ressort et la bille sont \u00e9troitement li\u00e9s, tant que le couple de commutation d\u00e9passe la pr\u00e9charge du ressort lorsque la commutation sera tr\u00e8s l\u00e9g\u00e8re, et dans la configuration de l'actionneur \u00e9lectrique, on peut choisir que d'autres marques de robinet \u00e0 boisseau sph\u00e9rique \u00e0 si\u00e8ge m\u00e9tallique un petit nombre de l'actionneur \u00e9lectrique ;<\/li>\r\n\r\n\r\n\r\n<li>Les robinets \u00e0 tournant sph\u00e9rique \u00e0 si\u00e8ge m\u00e9tallique ZECO pour les temp\u00e9ratures \u00e9lev\u00e9es ont une longue dur\u00e9e de vie. La temp\u00e9rature de fonctionnement des robinets \u00e0 tournant sph\u00e9rique \u00e0 si\u00e8ge souple est g\u00e9n\u00e9ralement limit\u00e9e \u00e0 400 \u00b0F, mais les robinets \u00e0 tournant sph\u00e9rique \u00e0 si\u00e8ge m\u00e9tallique sont garantis pour une temp\u00e9rature de service maximale de 800 \u00b0F.<\/li>\r\n\r\n\r\n\r\n<li>Tige anti-\u00e9clatement et dispositif anti-statique. Comme tous les robinets \u00e0 tournant sph\u00e9rique, les robinets \u00e0 tournant sph\u00e9rique \u00e0 si\u00e8ge m\u00e9tallique ZECO sont dot\u00e9s d'une tige antid\u00e9flagrante et d'un dispositif antistatique.<\/li>\r\n<\/ul>\r\n\r\n\r\n\r\n<h2 class=\"wp-block-heading\" id=\"h-product-range-of-metal-seated-ball-valves\">Gamme de produits des robinets \u00e0 tournant sph\u00e9rique \u00e0 si\u00e8ge m\u00e9tallique<\/h2>\r\n\r\n\r\n\r\n<figure class=\"wp-block-table is-style-stripes\">\r\n<table>\r\n<tbody>\r\n<tr>\r\n<td>\u00a0Type<\/td>\r\n<td>\u00a0Robinet \u00e0 boisseau sph\u00e9rique flottant \u00e0 si\u00e8ge m\u00e9tallique\/Vanne \u00e0 boisseau sph\u00e9rique \u00e0 tourillon \u00e0 si\u00e8ge m\u00e9tallique<\/td>\r\n<\/tr>\r\n<tr>\r\n<td>\u00a0Mat\u00e9riau du corps<\/td>\r\n<td>\u00a0Acier au carbone, acier au carbone \u00e0 basse temp\u00e9rature, acier inoxydable, acier duplex<\/td>\r\n<\/tr>\r\n<tr>\r\n<td>\u00a0Surface de la bille\/du si\u00e8ge<\/td>\r\n<td>\u00a0Stellite, carbure de tungst\u00e8ne, carbure de chrome<\/td>\r\n<\/tr>\r\n<tr>\r\n<td>\u00a0Gamme de tailles<\/td>\r\n<td>\u00a01\/2\"-48\" (DN15-DN600)<\/td>\r\n<\/tr>\r\n<tr>\r\n<td>\u00a0Classe d'\u00e9valuation<\/td>\r\n<td>\u00a0ANSI Classe 150-2500 (PN20-PN420)<\/td>\r\n<\/tr>\r\n<tr>\r\n<td>\u00a0Raccordement d'extr\u00e9mit\u00e9<\/td>\r\n<td>\u00a0Soudage bout \u00e0 bout, brides, moyeu<\/td>\r\n<\/tr>\r\n<tr>\r\n<td>\u00a0Op\u00e9rateur<\/td>\r\n<td>\u00a0Levier, vis sans fin, \u00e9lectrique, pneumatique, hydraulique<\/td>\r\n<\/tr>\r\n<tr>\r\n<td>Temp\u00e9rature<\/td>\r\n<td>-196\u00b0C - 816\u00b0C (-320\u00b0F - 1 500\u00b0F)<\/td>\r\n<\/tr>\r\n<\/tbody>\r\n<\/table>\r\n<\/figure>\r\n\r\n\r\n\r\n<h2 class=\"wp-block-heading\">Normes applicables aux robinets \u00e0 tournant sph\u00e9rique \u00e0 si\u00e8ge m\u00e9tallique<\/h2>\r\n\r\n\r\n\r\n<figure class=\"wp-block-table is-style-stripes\">\r\n<table>\r\n<tbody>\r\n<tr>\r\n<td>CONSTRUCTION<\/td>\r\n<td>Corps en deux pi\u00e8ces ou corps en trois pi\u00e8ces<br \/>Tige anti-\u00e9clatement<\/td>\r\n<\/tr>\r\n<tr>\r\n<td>SCELLAGE<\/td>\r\n<td>Unidirectionnel ou bidirectionnel<\/td>\r\n<\/tr>\r\n<tr>\r\n<td>CONCEPTION<\/td>\r\n<td>API6D<br \/>ASME B16.34<\/td>\r\n<\/tr>\r\n<tr>\r\n<td>TEST<\/td>\r\n<td>API6D<br \/>API598<br \/>EN12266<br \/>MSS SP82<br \/>ISO5208<\/td>\r\n<\/tr>\r\n<tr>\r\n<td>FACE \u00c0 FACE<\/td>\r\n<td>ASME B16.10<br \/>EN558<br \/>JIS B2002<br \/>MSS SP72<\/td>\r\n<\/tr>\r\n<tr>\r\n<td>S\u00dbRET\u00c9 INCENDIE<\/td>\r\n<td>Conception et certification API607, API6Fa, ISO10497<\/td>\r\n<\/tr>\r\n<tr>\r\n<td>\u00c9MISSION FUGITIVE<\/td>\r\n<td>ISO EN15848-1<br \/>ISO EN15848-2<\/td>\r\n<\/tr>\r\n<tr>\r\n<td>OPTIONS<\/td>\r\n<td>Capot allong\u00e9<br \/>Joints \u00e0 l\u00e8vres<br \/>Scellement par injection Si\u00e8ge et emballage<br \/>Veste chauffante<br \/>Drainage et ventilation<br \/>Scell\u00e9s pour DEA<br \/>DBB- DIB1 - DIB2 selon API6D<\/td>\r\n<\/tr>\r\n<\/tbody>\r\n<\/table>\r\n<\/figure>\r\n\r\n\r\n\r\n<h2 class=\"wp-block-heading\">Mat\u00e9riau du robinet \u00e0 boisseau sph\u00e9rique \u00e0 si\u00e8ge m\u00e9tallique<\/h2>\r\n\r\n\r\n\r\n<figure class=\"wp-block-table is-style-stripes\">\r\n<table>\r\n<tbody>\r\n<tr>\r\n<td>Non<\/td>\r\n<td>Partie<\/td>\r\n<td>Mat\u00e9riau<\/td>\r\n<\/tr>\r\n<tr>\r\n<td>1<\/td>\r\n<td>Corps<\/td>\r\n<td>ASTM A105<\/td>\r\n<\/tr>\r\n<tr>\r\n<td>2<\/td>\r\n<td>Bonnet<\/td>\r\n<td>ASTM A105<\/td>\r\n<\/tr>\r\n<tr>\r\n<td>3<\/td>\r\n<td>Boule<\/td>\r\n<td>ASTM A105 + carbure de tungst\u00e8ne<\/td>\r\n<\/tr>\r\n<tr>\r\n<td>4<\/td>\r\n<td>Si\u00e8ge<\/td>\r\n<td>ASTM A105 + STL<\/td>\r\n<\/tr>\r\n<tr>\r\n<td>5<\/td>\r\n<td>Tige<\/td>\r\n<td>ASTM A182 F6a<\/td>\r\n<\/tr>\r\n<tr>\r\n<td>6<\/td>\r\n<td>Dispositif antistatique<\/td>\r\n<td>SS304<\/td>\r\n<\/tr>\r\n<tr>\r\n<td>7<\/td>\r\n<td>Joint d'\u00e9tanch\u00e9it\u00e9<\/td>\r\n<td>Graphite + SS304<\/td>\r\n<\/tr>\r\n<tr>\r\n<td>8<\/td>\r\n<td>Boulon<\/td>\r\n<td>ASTM A193 B7<\/td>\r\n<\/tr>\r\n<tr>\r\n<td>9<\/td>\r\n<td>\u00c9crou<\/td>\r\n<td>ASTM A194 2H<\/td>\r\n<\/tr>\r\n<tr>\r\n<td>10<\/td>\r\n<td>Joint torique<\/td>\r\n<td>Viton A<\/td>\r\n<\/tr>\r\n<tr>\r\n<td>11<\/td>\r\n<td>Levier<\/td>\r\n<td>ASTM A216 WCB<\/td>\r\n<\/tr>\r\n<\/tbody>\r\n<\/table>\r\n<\/figure>\r\n\r\n\r\n\r\n<p>Si vous \u00eates \u00e0 la recherche de fabricants fiables de robinets \u00e0 tournant sph\u00e9rique \u00e0 si\u00e8ge m\u00e9tallique, la soci\u00e9t\u00e9 ZECO peut \u00eatre votre meilleur choix.<\/p>\r\n\r\n\r\n\r\n<p>ZECO Valve propose une vari\u00e9t\u00e9 de robinets \u00e0 tournant sph\u00e9rique \u00e0 si\u00e8ge m\u00e9tallique, y compris des robinets \u00e0 trois pi\u00e8ces, \u00e0 brides, \u00e0 tourillon \u00e0 corps soud\u00e9 et \u00e0 tourillon m\u00e9tallique \u00e0 double si\u00e8ge. Le principal avantage des robinets \u00e0 si\u00e8ge m\u00e9tallique est leur capacit\u00e9 \u00e0 r\u00e9sister \u00e0 des temp\u00e9ratures \u00e9lev\u00e9es et \u00e0 des conditions de service s\u00e9v\u00e8res. Les si\u00e8ges m\u00e9talliques peuvent supporter de fortes vibrations, des chocs hydrauliques, des fluides de traitement abrasifs et des temp\u00e9ratures \u00e9lev\u00e9es. Ils sont \u00e9galement id\u00e9aux pour les applications \u00e0 forte \u00e9rosion ou corrosion.<\/p>","protected":false},"excerpt":{"rendered":"<p>Le robinet \u00e0 tournant sph\u00e9rique \u00e0 si\u00e8ge m\u00e9tallique est fabriqu\u00e9 pour des temp\u00e9ratures \u00e9lev\u00e9es jusqu&#039;\u00e0 540 \u2103 (peut \u00eatre plus \u00e9lev\u00e9e en fonction du mat\u00e9riau du corps\u2026 <a title=\"Robinet \u00e0 tournant sph\u00e9rique \u00e0 si\u00e8ge m\u00e9tallique\" class=\"read-more\" href=\"https:\/\/zecovalve.com\/fr\/produit\/metal-seated-ball-valve\" aria-label=\"Plus sur Metal Seated Ball Valve\">Lire plus<\/a><\/p>","protected":false},"featured_media":27848,"comment_status":"closed","ping_status":"closed","template":"","meta":{"_generate-full-width-content":"","kt_blocks_editor_width":""},"product_cat":[2047,2459,2465],"product_tag":[3920,3896,3922,3921,3914],"class_list":["post-16075","product","type-product","status-publish","has-post-thumbnail","hentry","product_cat-ball-valve","product_cat-ball-valve-by-form","product_cat-forged-steel-ball-valve","product_tag-api-6d-ball-valve","product_tag-flanged-ball-valve","product_tag-metal-seat-ball-valve","product_tag-metal-seated-ball-valve","product_tag-reduced-bore-ball-valve","sales-flash-overlay","woocommerce-text-align-center","woocommerce-image-align-center","do-quantity-buttons"],"featured_image_src_large":["https:\/\/zecovalve.com\/wp-content\/uploads\/2022\/06\/Metal-Seated-Ball-Valve.jpg",800,600,false],"author_info":[],"comment_info":0,"taxonomy_info":{"product_cat":[{"value":2047,"label":"Ball Valve"},{"value":2459,"label":"Ball Valve By Form"},{"value":2465,"label":"Forged Ball Valve"}],"product_tag":[{"value":3920,"label":"API 6D Ball Valve"},{"value":3896,"label":"Flanged Ball Valve"},{"value":3922,"label":"Metal Seat Ball Valve"},{"value":3921,"label":"Metal Seated Ball Valve"},{"value":3914,"label":"Reduced Bore Ball Valve"}]},"yoast_head":"<!-- This site is optimized with the Yoast SEO Premium plugin v15.4 - https:\/\/yoast.com\/wordpress\/plugins\/seo\/ -->\n<title>Metal Seat Ball Valve - Metal Seated Ball Valves Manufacturer | ZECO Valve<\/title>\n<meta name=\"robots\" content=\"index, follow, max-snippet:-1, max-image-preview:large, max-video-preview:-1\" \/>\n<link rel=\"canonical\" href=\"https:\/\/zecovalve.com\/fr\/produit\/metal-seated-ball-valve\" \/>\n<meta property=\"og:locale\" content=\"fr_FR\" \/>\n<meta property=\"og:type\" content=\"article\" \/>\n<meta property=\"og:title\" content=\"Metal Seat Ball Valve - Metal Seated Ball Valves Manufacturer | ZECO Valve\" \/>\n<meta property=\"og:description\" content=\"Metal Seated Ball Valve is manufactured for high temperatures up to 540\u2103 (may be higher based on the material of the body ... Lire plus\" \/>\n<meta property=\"og:url\" content=\"https:\/\/zecovalve.com\/fr\/produit\/metal-seated-ball-valve\" \/>\n<meta property=\"og:site_name\" content=\"ZECO Valve\" \/>\n<meta property=\"article:modified_time\" content=\"2023-06-07T06:43:13+00:00\" \/>\n<meta property=\"og:image\" content=\"https:\/\/zecovalve.com\/wp-content\/uploads\/2022\/06\/Metal-Seated-Ball-Valve.jpg\" \/>\n\t<meta property=\"og:image:width\" content=\"800\" \/>\n\t<meta property=\"og:image:height\" content=\"600\" \/>\n<meta name=\"twitter:card\" content=\"summary_large_image\" \/>\n<meta name=\"twitter:label1\" content=\"\u00c9crit par\">\n\t<meta name=\"twitter:data1\" content=\"Jerry\">\n\t<meta name=\"twitter:label2\" content=\"Dur\u00e9e de lecture estim\u00e9e\">\n\t<meta name=\"twitter:data2\" content=\"3 minutes\">\n<script type=\"application\/ld+json\" class=\"yoast-schema-graph\">{\"@context\":\"https:\/\/schema.org\",\"@graph\":[{\"@type\":\"WebSite\",\"@id\":\"https:\/\/zecovalve.com\/#website\",\"url\":\"https:\/\/zecovalve.com\/\",\"name\":\"ZECO Valve\",\"description\":\"Industrial Ball Valve, Gate Valve and Globe Valve Manufacturer\",\"potentialAction\":[{\"@type\":\"SearchAction\",\"target\":\"https:\/\/zecovalve.com\/?s={search_term_string}\",\"query-input\":\"required name=search_term_string\"}],\"inLanguage\":\"fr-FR\"},{\"@type\":\"ImageObject\",\"@id\":\"https:\/\/zecovalve.com\/product\/metal-seated-ball-valve#primaryimage\",\"inLanguage\":\"fr-FR\",\"url\":\"https:\/\/zecovalve.com\/wp-content\/uploads\/2022\/06\/Metal-Seated-Ball-Valve.jpg\",\"width\":800,\"height\":600,\"caption\":\"Metal Seated Ball Valve\"},{\"@type\":\"WebPage\",\"@id\":\"https:\/\/zecovalve.com\/product\/metal-seated-ball-valve#webpage\",\"url\":\"https:\/\/zecovalve.com\/product\/metal-seated-ball-valve\",\"name\":\"Metal Seat Ball Valve - Metal Seated Ball Valves Manufacturer | ZECO Valve\",\"isPartOf\":{\"@id\":\"https:\/\/zecovalve.com\/#website\"},\"primaryImageOfPage\":{\"@id\":\"https:\/\/zecovalve.com\/product\/metal-seated-ball-valve#primaryimage\"},\"datePublished\":\"2022-06-18T14:00:20+00:00\",\"dateModified\":\"2023-06-07T06:43:13+00:00\",\"breadcrumb\":{\"@id\":\"https:\/\/zecovalve.com\/product\/metal-seated-ball-valve#breadcrumb\"},\"inLanguage\":\"fr-FR\",\"potentialAction\":[{\"@type\":\"ReadAction\",\"target\":[\"https:\/\/zecovalve.com\/product\/metal-seated-ball-valve\"]}]},{\"@type\":\"BreadcrumbList\",\"@id\":\"https:\/\/zecovalve.com\/product\/metal-seated-ball-valve#breadcrumb\",\"itemListElement\":[{\"@type\":\"ListItem\",\"position\":1,\"item\":{\"@type\":\"WebPage\",\"@id\":\"https:\/\/zecovalve.com\/\",\"url\":\"https:\/\/zecovalve.com\/\",\"name\":\"Home\"}},{\"@type\":\"ListItem\",\"position\":2,\"item\":{\"@type\":\"WebPage\",\"@id\":\"https:\/\/zecovalve.com\/product-category\",\"url\":\"https:\/\/zecovalve.com\/product-category\",\"name\":\"Industrial Valve Manufacturer | Water Valve Manufacturer\"}},{\"@type\":\"ListItem\",\"position\":3,\"item\":{\"@type\":\"WebPage\",\"@id\":\"https:\/\/zecovalve.com\/product\/metal-seated-ball-valve\",\"url\":\"https:\/\/zecovalve.com\/product\/metal-seated-ball-valve\",\"name\":\"Metal Seated Ball Valve\"}}]}]}<\/script>\n<!-- \/ Yoast SEO Premium plugin. -->","_links":{"self":[{"href":"https:\/\/zecovalve.com\/fr\/wp-json\/wp\/v2\/product\/16075","targetHints":{"allow":["GET"]}}],"collection":[{"href":"https:\/\/zecovalve.com\/fr\/wp-json\/wp\/v2\/product"}],"about":[{"href":"https:\/\/zecovalve.com\/fr\/wp-json\/wp\/v2\/types\/product"}],"replies":[{"embeddable":true,"href":"https:\/\/zecovalve.com\/fr\/wp-json\/wp\/v2\/comments?post=16075"}],"wp:featuredmedia":[{"embeddable":true,"href":"https:\/\/zecovalve.com\/fr\/wp-json\/wp\/v2\/media\/27848"}],"wp:attachment":[{"href":"https:\/\/zecovalve.com\/fr\/wp-json\/wp\/v2\/media?parent=16075"}],"wp:term":[{"taxonomy":"product_cat","embeddable":true,"href":"https:\/\/zecovalve.com\/fr\/wp-json\/wp\/v2\/product_cat?post=16075"},{"taxonomy":"product_tag","embeddable":true,"href":"https:\/\/zecovalve.com\/fr\/wp-json\/wp\/v2\/product_tag?post=16075"}],"curies":[{"name":"wp","href":"https:\/\/api.w.org\/{rel}","templated":true}]}}