{"id":16087,"date":"2022-06-19T03:36:22","date_gmt":"2022-06-19T03:36:22","guid":{"rendered":"https:\/\/zecovalve.com\/?post_type=product&#038;p=16087"},"modified":"2023-06-07T06:43:42","modified_gmt":"2023-06-07T06:43:42","slug":"floating-ball-valve","status":"publish","type":"product","link":"https:\/\/zecovalve.com\/fr\/produit\/floating-ball-valve","title":{"rendered":"Robinet \u00e0 bille flottant"},"content":{"rendered":"<p>Dans le monde de la robinetterie, les robinets \u00e0 tournant sph\u00e9rique sont connus pour leur conception compacte et durable, ainsi que pour leur commande marche\/arr\u00eat fiable et rapide. Les vannes \u00e0 boisseau sph\u00e9rique utilisent un boisseau dont le centre est perc\u00e9 d'un trou (appel\u00e9 orifice) pour contr\u00f4ler le d\u00e9bit du fluide. La bille est tourn\u00e9e de 90 degr\u00e9s pour aligner l'orifice avec le corps de la vanne et permettre au fluide de s'\u00e9couler \u00e0 travers la vanne. Pour fermer la vanne, la bille est tourn\u00e9e de 90 degr\u00e9s pour revenir en position ferm\u00e9e. Toutes les vannes \u00e0 bille reposent sur l'utilisation de deux si\u00e8ges, g\u00e9n\u00e9ralement en polyt\u00e9trafluoro\u00e9thyl\u00e8ne (PTFE), pour maintenir la bille en place et cr\u00e9er un joint \u00e9tanche afin d'emp\u00eacher le fluide de s'\u00e9couler \u00e0 travers la vanne.<\/p>\r\n\r\n\r\n\r\n<div class=\"wp-block-columns is-layout-flex wp-container-core-columns-is-layout-9d6595d7 wp-block-columns-is-layout-flex\">\r\n<div class=\"wp-block-column is-layout-flow wp-block-column-is-layout-flow\">\r\n<figure class=\"wp-block-image size-large\"><img decoding=\"async\" src=\"https:\/\/zecovalve.com\/wp-content\/uploads\/2022\/06\/floating-ball-valve-1_1636964328-300x225.jpg\" alt=\"\" \/><\/figure>\r\n<\/div>\r\n\r\n\r\n\r\n<div class=\"wp-block-column is-layout-flow wp-block-column-is-layout-flow\">\r\n<figure class=\"wp-block-image size-large\"><img decoding=\"async\" src=\"https:\/\/zecovalve.com\/wp-content\/uploads\/2022\/06\/floating-ball-valve-2-300x225.jpg\" alt=\"\" \/><\/figure>\r\n<\/div>\r\n\r\n\r\n\r\n<div class=\"wp-block-column is-layout-flow wp-block-column-is-layout-flow\">\r\n<figure class=\"wp-block-image size-large\"><img decoding=\"async\" src=\"https:\/\/zecovalve.com\/wp-content\/uploads\/2022\/06\/floating-ball-valve-3-300x225.jpg\" alt=\"\" \/><\/figure>\r\n<\/div>\r\n<\/div>\r\n\r\n\r\n\r\n<div class=\"wp-block-columns is-layout-flex wp-container-core-columns-is-layout-9d6595d7 wp-block-columns-is-layout-flex\">\r\n<div class=\"wp-block-column is-layout-flow wp-block-column-is-layout-flow\"><div class=\"wp-block-image\">\r\n<figure class=\"aligncenter size-full is-resized\"><img loading=\"lazy\" decoding=\"async\" class=\"wp-image-16091\" src=\"https:\/\/zecovalve.com\/wp-content\/uploads\/2022\/06\/floating-ball-valve-4.jpg\" alt=\"\" width=\"400\" height=\"300\" srcset=\"https:\/\/zecovalve.com\/wp-content\/uploads\/2022\/06\/floating-ball-valve-4.jpg 800w, https:\/\/zecovalve.com\/wp-content\/uploads\/2022\/06\/floating-ball-valve-4-300x225.jpg 300w, https:\/\/zecovalve.com\/wp-content\/uploads\/2022\/06\/floating-ball-valve-4-768x576.jpg 768w, https:\/\/zecovalve.com\/wp-content\/uploads\/2022\/06\/floating-ball-valve-4-600x450.jpg 600w\" sizes=\"auto, (max-width: 400px) 100vw, 400px\" \/><\/figure>\r\n<\/div><\/div>\r\n\r\n\r\n\r\n<div class=\"wp-block-column is-layout-flow wp-block-column-is-layout-flow\"><div class=\"wp-block-image\">\r\n<figure class=\"aligncenter size-full is-resized\"><img loading=\"lazy\" decoding=\"async\" class=\"wp-image-16092\" src=\"https:\/\/zecovalve.com\/wp-content\/uploads\/2022\/06\/floating-ball-valve-5.jpg\" alt=\"\" width=\"400\" height=\"300\" srcset=\"https:\/\/zecovalve.com\/wp-content\/uploads\/2022\/06\/floating-ball-valve-5.jpg 800w, https:\/\/zecovalve.com\/wp-content\/uploads\/2022\/06\/floating-ball-valve-5-300x225.jpg 300w, https:\/\/zecovalve.com\/wp-content\/uploads\/2022\/06\/floating-ball-valve-5-768x576.jpg 768w, https:\/\/zecovalve.com\/wp-content\/uploads\/2022\/06\/floating-ball-valve-5-600x450.jpg 600w\" sizes=\"auto, (max-width: 400px) 100vw, 400px\" \/><\/figure>\r\n<\/div><\/div>\r\n<\/div>\r\n\r\n\r\n<div class=\"gb-button-wrapper gb-button-wrapper-6d8495a3\">\r\n\r\n\r\n<p><a class=\"gb-button gb-button-3d442e11 gb-button-text\" href=\"mailto:commercial@zecovalve.com\" target=\"_blank\" rel=\"noopener noreferrer\"><strong>OBTENIR LE PRIX D'UN ROBINET \u00c0 BOISSEAU SPH\u00c9RIQUE FLOTTANT<\/strong><\/a><\/p>\r\n<\/div>\r\n\r\n\r\n\r\n\r\n<h2 class=\"wp-block-heading\" id=\"h-what-is-a-floating-ball-valve\">Qu'est-ce qu'un robinet \u00e0 tournant sph\u00e9rique flottant ?<\/h2>\r\n\r\n\r\n\r\n<p>Le flotteur et le tourillon sont deux types fondamentaux de robinets \u00e0 tournant sph\u00e9rique.<\/p>\r\n\r\n\r\n\r\n<p>Les robinets \u00e0 tournant sph\u00e9rique flottant sont le type de robinet le plus couramment utilis\u00e9 dans les syst\u00e8mes de tuyauterie industriels. Ces vannes sont con\u00e7ues de telle sorte que lorsque les si\u00e8ges commencent \u00e0 s'user, la pression du fluide circulant dans la vanne pousse la bille contre le si\u00e8ge en aval afin de maintenir l'\u00e9tanch\u00e9it\u00e9.<\/p>\r\n\r\n\r\n\r\n<p>Le robinet \u00e0 boisseau sph\u00e9rique flottant ZECO comporte deux si\u00e8ges supportant le boisseau. Sous une pression moyenne, la bille peut \u00eatre press\u00e9e fermement sur la surface d'\u00e9tanch\u00e9it\u00e9 pour assurer l'\u00e9tanch\u00e9it\u00e9 \u00e0 l'extr\u00e9mit\u00e9 de la sortie.<\/p>\r\n\r\n\r\n\r\n<div class=\"wp-block-columns is-layout-flex wp-container-core-columns-is-layout-9d6595d7 wp-block-columns-is-layout-flex\">\r\n<div class=\"wp-block-column is-vertically-aligned-center is-layout-flow wp-block-column-is-layout-flow\">\r\n<p class=\"has-text-align-left\">Dans les robinets \u00e0 tournant sph\u00e9rique flottant, la bille est pouss\u00e9e contre le si\u00e8ge aval par la pression en ligne, ce qui assure l'\u00e9tanch\u00e9it\u00e9.<\/p>\r\n\r\n\r\n<div class=\"wp-block-image\">\r\n<figure class=\"aligncenter size-full is-resized\"><img loading=\"lazy\" decoding=\"async\" class=\"wp-image-18011\" src=\"https:\/\/zecovalve.com\/wp-content\/uploads\/2022\/07\/Floating-Ball-Valve.png\" alt=\"\" width=\"727\" height=\"350\" srcset=\"https:\/\/zecovalve.com\/wp-content\/uploads\/2022\/07\/Floating-Ball-Valve.png 800w, https:\/\/zecovalve.com\/wp-content\/uploads\/2022\/07\/Floating-Ball-Valve-300x144.png 300w, https:\/\/zecovalve.com\/wp-content\/uploads\/2022\/07\/Floating-Ball-Valve-768x370.png 768w, https:\/\/zecovalve.com\/wp-content\/uploads\/2022\/07\/Floating-Ball-Valve-600x289.png 600w\" sizes=\"auto, (max-width: 727px) 100vw, 727px\" \/><\/figure>\r\n<\/div><\/div>\r\n\r\n\r\n\r\n<div class=\"wp-block-column is-vertically-aligned-center is-layout-flow wp-block-column-is-layout-flow\">\r\n<p>Dans les robinets \u00e0 tournant sph\u00e9rique, la bille est fix\u00e9e en place par des roulements qui l'emp\u00eachent de flotter en aval. Un m\u00e9canisme de si\u00e8ge \u00e0 ressort assure l'\u00e9tanch\u00e9it\u00e9 de la vanne lorsque le si\u00e8ge commence in\u00e9vitablement \u00e0 s'user.<\/p>\r\n\r\n\r\n<div class=\"wp-block-image\">\r\n<figure class=\"aligncenter size-large is-resized\"><img loading=\"lazy\" decoding=\"async\" src=\"https:\/\/zecovalve.com\/wp-content\/uploads\/2022\/07\/Trunnion-Ball-Valve-1024x700.png\" alt=\"\" width=\"512\" height=\"350\" \/><\/figure>\r\n<\/div><\/div>\r\n<\/div>\r\n\r\n\r\n\r\n<h2 class=\"wp-block-heading\" id=\"h-how-does-a-floating-ball-valve-work\">Comment fonctionne un robinet \u00e0 tournant sph\u00e9rique flottant ?<\/h2>\r\n\r\n\r\n\r\n<p>L'arbre du robinet \u00e0 boisseau sph\u00e9rique flottant est reli\u00e9 \u00e0 la partie sup\u00e9rieure du boisseau et permet de passer d'une position ouverte \u00e0 une position ferm\u00e9e par un mouvement d'un quart de tour (90 degr\u00e9s). Lorsque l'arbre est d\u00e9plac\u00e9, une charge est appliqu\u00e9e \u00e0 la bille qui est press\u00e9e contre ses si\u00e8ges.<\/p>\r\n\r\n\r\n\r\n<p>Lorsqu'elle passe de la position ferm\u00e9e \u00e0 la position ouverte, la bille doit tourner contre la pression en ligne (\u2206p) et le frottement des si\u00e8ges. En d'autres termes, le couple n\u00e9cessaire pour actionner la soupape est cr\u00e9\u00e9 \u00e0 la fois par la pression en ligne et par la nature des si\u00e8ges de la soupape. Le couple n\u00e9cessaire augmente consid\u00e9rablement lorsque la pression de service (\u2206p) et\/ou la taille de la soupape augmentent, et\/ou lorsque la nature du si\u00e8ge est rendue plus robuste. Ce dernier point s'applique dans le cas d'une conception de soupape \u00e0 si\u00e8ge m\u00e9tallique.<\/p>\r\n\r\n\r\n\r\n<p>Cette conception, l\u00e9g\u00e8re et \u00e9conomique, convient \u00e0 des al\u00e9sages allant jusqu'\u00e0 10 pouces : au-del\u00e0 de cette taille, les si\u00e8ges de la soupape ne pourraient pas supporter des billes de plus en plus lourdes et la soupape ne fonctionnerait pas de mani\u00e8re s\u00fbre et efficace.<\/p>\r\n\r\n\r\n\r\n<h2 class=\"wp-block-heading\">Normes relatives aux robinets \u00e0 tournant sph\u00e9rique flottants<\/h2>\r\n\r\n\r\n\r\n<figure class=\"wp-block-table\">\r\n<table>\r\n<tbody>\r\n<tr>\r\n<td><strong>Conception<\/strong><\/td>\r\n<td>API 6D, API 6DSS, ASME B16.34, ISO 14313, ISO 17292<\/td>\r\n<\/tr>\r\n<tr>\r\n<td><strong>Pression nominale<\/strong><\/td>\r\n<td>ASME B16.34, EN 1092-1, ISO 17292<\/td>\r\n<\/tr>\r\n<tr>\r\n<td><strong>\u00c9paisseur de la paroi du corps<\/strong><\/td>\r\n<td>ASME B16.34, ASME VIII Div. I, ISO 17292<\/td>\r\n<\/tr>\r\n<tr>\r\n<td><strong>Face \u00e0 face<\/strong><\/td>\r\n<td>API 6D, ASME B16.10 Mod\u00e8le long<\/td>\r\n<\/tr>\r\n<tr>\r\n<td><strong>Plage de temp\u00e9rature<\/strong><\/td>\r\n<td>De -50\u00b0 \u00e0 200\u00b0C (de -58\u00b0 \u00e0 392\u00b0F)<\/td>\r\n<\/tr>\r\n<tr>\r\n<td><strong>Gamme de pressions<\/strong><\/td>\r\n<td>PN10 (ANSI 150) \u00e0 PN420 (ANSI 2500)<\/td>\r\n<\/tr>\r\n<tr>\r\n<td><strong>Gamme de tailles<\/strong><\/td>\r\n<td>DN15 (1\/2\u2033) \u00e0 DN250 (10\u2033)<\/td>\r\n<\/tr>\r\n<tr>\r\n<td><strong>Raccords d'extr\u00e9mit\u00e9<\/strong><\/td>\r\n<td>ASME B16.5 Brides RF, FF, RTJ<br \/>ASME B16.25 Soudure bout \u00e0 bout BW<br \/>ASME B16.11 Socket-Weld SW<br \/>ASME B36.10 PE \u00e0 bout lisse<br \/>ASME B1.20.1 Filet\u00e9 NPT (F\/M)<\/td>\r\n<\/tr>\r\n<\/tbody>\r\n<\/table>\r\n<\/figure>\r\n\r\n\r\n\r\n<h2 class=\"wp-block-heading\" id=\"h-advantages-of-floating-ball-valves\">Avantages des robinets \u00e0 tournant sph\u00e9rique flottant<\/h2>\r\n\r\n\r\n\r\n<ul class=\"wp-block-list\">\r\n<li>Le robinet \u00e0 boisseau sph\u00e9rique flottant ZECO a pour fonction d'indiquer un interrupteur. Le boisseau, la tige et la poign\u00e9e sont les pi\u00e8ces mobiles du robinet \u00e0 boisseau sph\u00e9rique flottant. La conception ZECO transforme le haut de la tige en une structure carr\u00e9e plate, ce qui permet d'indiquer clairement que le robinet est en position ouverte pendant le service lorsque la poign\u00e9e est parall\u00e8le \u00e0 la conduite ; lorsque la poign\u00e9e est perpendiculaire \u00e0 la conduite, cela indique que le robinet est ferm\u00e9 ;<\/li>\r\n<li>Le robinet \u00e0 tournant sph\u00e9rique flottant ZECO est \u00e9quip\u00e9 d'un dispositif de verrouillage. ZECO ajoute deux vis de limitation dans le presse-\u00e9toupe et coordonne la languette de positionnement de l'interrupteur avec un trou de verrouillage pour \u00e9viter les dommages caus\u00e9s au robinet par une ouverture excessive. D'autre part, il est garanti que le robinet peut \u00eatre verrouill\u00e9 \u00e0 l'\u00e9tat compl\u00e8tement ouvert ou compl\u00e8tement ferm\u00e9 et qu'il ne peut pas \u00eatre actionn\u00e9 par d'autres personnes de mani\u00e8re incorrecte ;<\/li>\r\n<li>Le robinet \u00e0 boisseau sph\u00e9rique flottant ZECO est dot\u00e9 d'une structure anti-souffle de la tige du robinet. Afin d'\u00e9viter que la pression du fluide n'endommage le personnel de maintenance, ZECO a mis en place une plate-forme convexe au bas de la structure de la tige, d'une part pour s'assurer que la tige ne sortira pas du corps, d'autre part pour s'assurer que m\u00eame en cas d'endommagement de la garniture, la tige du robinet est convexe et en contact \u00e9troit avec le corps, ce qui n'entra\u00eenera pas de fuite de moyenne ou grande ampleur ;<\/li>\r\n<li>La friction entre la bille, le PTFE et d'autres mat\u00e9riaux non m\u00e9talliques g\u00e9n\u00e8re une accumulation \u00e9lectrostatique sur la bille. Sans pr\u00e9venir le risque d'\u00e9tincelles \u00e9lectrostatiques caus\u00e9es par les conditions de travail, ZECO a mis en place un dispositif antistatique au niveau de la tige de la vanne, qui peut exporter l'\u00e9lectricit\u00e9 statique \u00e0 travers la tige de la vanne.<\/li>\r\n<\/ul>\r\n\r\n\r\n\r\n<h2 class=\"wp-block-heading\">Inconv\u00e9nients des robinets \u00e0 tournant sph\u00e9rique flottant<\/h2>\r\n\r\n\r\n\r\n<ul class=\"wp-block-list\">\r\n<li>D\u00e9pendance totale \u00e0 l'\u00e9gard des si\u00e8ges en aval lors du transport d'une charge moyenne.<\/li>\r\n<li>Difficile \u00e0 utiliser lorsque la pression en amont est \u00e9lev\u00e9e.<\/li>\r\n<li>Le si\u00e8ge absorbe directement la gravit\u00e9 de la balle et ne peut donc pas r\u00e9sister de mani\u00e8re fiable \u00e0 des pressions plus \u00e9lev\u00e9es ou \u00e0 des balles plus grosses.<\/li>\r\n<\/ul>\r\n\r\n\r\n\r\n<h2 class=\"wp-block-heading\" id=\"h-applications-of-floating-ball-valve\">Applications du robinet \u00e0 boisseau sph\u00e9rique flottant<\/h2>\r\n\r\n\r\n\r\n<ul class=\"wp-block-list\">\r\n<li>Syst\u00e8mes d'arr\u00eat d'urgence - les syst\u00e8mes de canalisation tels que ceux impliquant des carburants, de l'eau ou des gaz critiques n\u00e9cessitent souvent une vanne d'arr\u00eat \u00e0 r\u00e9ponse rapide en cas d'urgence. Ce type de robinet \u00e0 boisseau sph\u00e9rique n'\u00e9tant pas mont\u00e9, il fonctionne rapidement et convient donc aux fermetures d'urgence SIL 3.<\/li>\r\n<li>Syst\u00e8mes de distribution d'eau - les syst\u00e8mes de distribution d'eau exigent que la pression soit maintenue \u00e0 des niveaux optimaux pour soutenir le d\u00e9bit et emp\u00eacher les poches d'air de restreindre le d\u00e9bit de l'eau. Le d\u00e9bit d'eau doit \u00e9galement \u00eatre contr\u00f4l\u00e9 pour \u00e9viter les d\u00e9bordements. Un robinet \u00e0 boisseau sph\u00e9rique flottant serait un bon choix pour le contr\u00f4le du syst\u00e8me d'eau car il est sensible \u00e0 la pression et peut s'ouvrir et se fermer en fonction des conditions de pression.<\/li>\r\n<li>Soulagement de la pression dans les canalisations - la gestion de la pression dans les canalisations est essentielle pour \u00e9viter les ruptures et autres accidents similaires. Un robinet \u00e0 boisseau sph\u00e9rique flottant peut \u00eatre ajout\u00e9 dans une canalisation en tant que vanne de sortie de pression, car il supporte la pression tout en restant intact, contrairement \u00e0 un robinet \u00e0 boisseau sph\u00e9rique mont\u00e9 qui peut parfois exploser.<\/li>\r\n<\/ul>\r\n\r\n\r\n\r\n<h2 class=\"wp-block-heading\" id=\"h-material-of-floating-ball-valve\">Mat\u00e9riau du robinet \u00e0 boisseau sph\u00e9rique flottant :<\/h2>\r\n\r\n\r\n\r\n<figure class=\"wp-block-table is-style-stripes\">\r\n<table>\r\n<tbody>\r\n<tr>\r\n<td>Non<\/td>\r\n<td>Partie<\/td>\r\n<td>Mat\u00e9riau<\/td>\r\n<\/tr>\r\n<tr>\r\n<td>1<\/td>\r\n<td>Corps<\/td>\r\n<td>ASTM A216 WCB<\/td>\r\n<\/tr>\r\n<tr>\r\n<td>2<\/td>\r\n<td>Bonnet<\/td>\r\n<td>ASTM A216 WCB<\/td>\r\n<\/tr>\r\n<tr>\r\n<td>3<\/td>\r\n<td>Boule<\/td>\r\n<td>ASTM A105<\/td>\r\n<\/tr>\r\n<tr>\r\n<td>4<\/td>\r\n<td>Si\u00e8ge<\/td>\r\n<td>ASTM A105 + PTFE<\/td>\r\n<\/tr>\r\n<tr>\r\n<td>5<\/td>\r\n<td>Tige<\/td>\r\n<td>ASTM A182 F6a<\/td>\r\n<\/tr>\r\n<tr>\r\n<td>6<\/td>\r\n<td>Dispositif antistatique<\/td>\r\n<td>SS304<\/td>\r\n<\/tr>\r\n<tr>\r\n<td>7<\/td>\r\n<td>Joint d'\u00e9tanch\u00e9it\u00e9<\/td>\r\n<td>Graphite + SS304<\/td>\r\n<\/tr>\r\n<tr>\r\n<td>8<\/td>\r\n<td>Boulon<\/td>\r\n<td>ASTM A193 B7<\/td>\r\n<\/tr>\r\n<tr>\r\n<td>9<\/td>\r\n<td>\u00c9crou<\/td>\r\n<td>ASTM A194 2H<\/td>\r\n<\/tr>\r\n<tr>\r\n<td>10<\/td>\r\n<td>Joint torique<\/td>\r\n<td>Viton A<\/td>\r\n<\/tr>\r\n<tr>\r\n<td>11<\/td>\r\n<td>Levier<\/td>\r\n<td>ASTM A216 WCB<\/td>\r\n<\/tr>\r\n<\/tbody>\r\n<\/table>\r\n<\/figure>","protected":false},"excerpt":{"rendered":"<p>Dans le monde des vannes, les vannes \u00e0 bille sont connues pour leur conception compacte et durable et leur commande marche\/arr\u00eat fiable et rapide. Les robinets \u00e0 tournant sph\u00e9rique utilisent\u2026 <a title=\"Robinet \u00e0 bille flottant\" class=\"read-more\" href=\"https:\/\/zecovalve.com\/fr\/produit\/floating-ball-valve\" aria-label=\"Plus sur Robinet \u00e0 bille flottante\">Lire plus<\/a><\/p>","protected":false},"featured_media":27849,"comment_status":"closed","ping_status":"closed","template":"","meta":{"_generate-full-width-content":"","kt_blocks_editor_width":""},"product_cat":[2047,2459],"product_tag":[2655,2804,2656,3920],"class_list":["post-16087","product","type-product","status-publish","has-post-thumbnail","hentry","product_cat-ball-valve","product_cat-ball-valve-by-form","product_tag-1-2-ball-valve","product_tag-2-inch-ball-valve","product_tag-3-4-ball-valve","product_tag-api-6d-ball-valve","sales-flash-overlay","woocommerce-text-align-center","woocommerce-image-align-center","do-quantity-buttons"],"featured_image_src_large":["https:\/\/zecovalve.com\/wp-content\/uploads\/2022\/06\/Floating-Ball-Valve.jpg",800,600,false],"author_info":[],"comment_info":0,"taxonomy_info":{"product_cat":[{"value":2047,"label":"Ball Valve"},{"value":2459,"label":"Ball Valve By Form"}],"product_tag":[{"value":2655,"label":"1 2 ball valve"},{"value":2804,"label":"2 inch Ball Valve"},{"value":2656,"label":"3 4 ball valve"},{"value":3920,"label":"API 6D Ball Valve"}]},"yoast_head":"<!-- This site is optimized with the Yoast SEO Premium plugin v15.4 - https:\/\/yoast.com\/wordpress\/plugins\/seo\/ -->\n<title>Floating Ball Valve - Competitive Ball Valve Price | Ball Valve Supplier | ZECO<\/title>\n<meta name=\"robots\" content=\"index, follow, max-snippet:-1, max-image-preview:large, max-video-preview:-1\" \/>\n<link rel=\"canonical\" href=\"https:\/\/zecovalve.com\/fr\/produit\/floating-ball-valve\" \/>\n<meta property=\"og:locale\" content=\"fr_FR\" \/>\n<meta property=\"og:type\" content=\"article\" \/>\n<meta property=\"og:title\" content=\"Floating Ball Valve - Competitive Ball Valve Price | Ball Valve Supplier | ZECO\" \/>\n<meta property=\"og:description\" content=\"In the world of valves, ball valves are known for their compact, durable design and reliable, fast-acting on\/off control. Ball valves utilize ... Lire plus\" \/>\n<meta property=\"og:url\" content=\"https:\/\/zecovalve.com\/fr\/produit\/floating-ball-valve\" \/>\n<meta property=\"og:site_name\" content=\"ZECO Valve\" \/>\n<meta property=\"article:modified_time\" content=\"2023-06-07T06:43:42+00:00\" \/>\n<meta property=\"og:image\" content=\"https:\/\/zecovalve.com\/wp-content\/uploads\/2022\/06\/Floating-Ball-Valve.jpg\" \/>\n\t<meta property=\"og:image:width\" content=\"800\" \/>\n\t<meta property=\"og:image:height\" content=\"600\" \/>\n<meta name=\"twitter:card\" content=\"summary_large_image\" \/>\n<meta name=\"twitter:label1\" content=\"\u00c9crit par\">\n\t<meta name=\"twitter:data1\" content=\"Jerry\">\n\t<meta name=\"twitter:label2\" content=\"Dur\u00e9e de lecture estim\u00e9e\">\n\t<meta name=\"twitter:data2\" content=\"4 minutes\">\n<script type=\"application\/ld+json\" class=\"yoast-schema-graph\">{\"@context\":\"https:\/\/schema.org\",\"@graph\":[{\"@type\":\"WebSite\",\"@id\":\"https:\/\/zecovalve.com\/#website\",\"url\":\"https:\/\/zecovalve.com\/\",\"name\":\"ZECO Valve\",\"description\":\"Industrial Ball Valve, Gate Valve and Globe Valve Manufacturer\",\"potentialAction\":[{\"@type\":\"SearchAction\",\"target\":\"https:\/\/zecovalve.com\/?s={search_term_string}\",\"query-input\":\"required name=search_term_string\"}],\"inLanguage\":\"fr-FR\"},{\"@type\":\"ImageObject\",\"@id\":\"https:\/\/zecovalve.com\/product\/floating-ball-valve#primaryimage\",\"inLanguage\":\"fr-FR\",\"url\":\"https:\/\/zecovalve.com\/wp-content\/uploads\/2022\/06\/Floating-Ball-Valve.jpg\",\"width\":800,\"height\":600,\"caption\":\"Floating Ball Valve\"},{\"@type\":\"WebPage\",\"@id\":\"https:\/\/zecovalve.com\/product\/floating-ball-valve#webpage\",\"url\":\"https:\/\/zecovalve.com\/product\/floating-ball-valve\",\"name\":\"Floating Ball Valve - Competitive Ball Valve Price | Ball Valve Supplier | ZECO\",\"isPartOf\":{\"@id\":\"https:\/\/zecovalve.com\/#website\"},\"primaryImageOfPage\":{\"@id\":\"https:\/\/zecovalve.com\/product\/floating-ball-valve#primaryimage\"},\"datePublished\":\"2022-06-19T03:36:22+00:00\",\"dateModified\":\"2023-06-07T06:43:42+00:00\",\"breadcrumb\":{\"@id\":\"https:\/\/zecovalve.com\/product\/floating-ball-valve#breadcrumb\"},\"inLanguage\":\"fr-FR\",\"potentialAction\":[{\"@type\":\"ReadAction\",\"target\":[\"https:\/\/zecovalve.com\/product\/floating-ball-valve\"]}]},{\"@type\":\"BreadcrumbList\",\"@id\":\"https:\/\/zecovalve.com\/product\/floating-ball-valve#breadcrumb\",\"itemListElement\":[{\"@type\":\"ListItem\",\"position\":1,\"item\":{\"@type\":\"WebPage\",\"@id\":\"https:\/\/zecovalve.com\/\",\"url\":\"https:\/\/zecovalve.com\/\",\"name\":\"Home\"}},{\"@type\":\"ListItem\",\"position\":2,\"item\":{\"@type\":\"WebPage\",\"@id\":\"https:\/\/zecovalve.com\/product-category\",\"url\":\"https:\/\/zecovalve.com\/product-category\",\"name\":\"Industrial Valve Manufacturer | Water Valve Manufacturer\"}},{\"@type\":\"ListItem\",\"position\":3,\"item\":{\"@type\":\"WebPage\",\"@id\":\"https:\/\/zecovalve.com\/product\/floating-ball-valve\",\"url\":\"https:\/\/zecovalve.com\/product\/floating-ball-valve\",\"name\":\"Floating Ball Valve\"}}]}]}<\/script>\n<!-- \/ Yoast SEO Premium plugin. -->","_links":{"self":[{"href":"https:\/\/zecovalve.com\/fr\/wp-json\/wp\/v2\/product\/16087","targetHints":{"allow":["GET"]}}],"collection":[{"href":"https:\/\/zecovalve.com\/fr\/wp-json\/wp\/v2\/product"}],"about":[{"href":"https:\/\/zecovalve.com\/fr\/wp-json\/wp\/v2\/types\/product"}],"replies":[{"embeddable":true,"href":"https:\/\/zecovalve.com\/fr\/wp-json\/wp\/v2\/comments?post=16087"}],"wp:featuredmedia":[{"embeddable":true,"href":"https:\/\/zecovalve.com\/fr\/wp-json\/wp\/v2\/media\/27849"}],"wp:attachment":[{"href":"https:\/\/zecovalve.com\/fr\/wp-json\/wp\/v2\/media?parent=16087"}],"wp:term":[{"taxonomy":"product_cat","embeddable":true,"href":"https:\/\/zecovalve.com\/fr\/wp-json\/wp\/v2\/product_cat?post=16087"},{"taxonomy":"product_tag","embeddable":true,"href":"https:\/\/zecovalve.com\/fr\/wp-json\/wp\/v2\/product_tag?post=16087"}],"curies":[{"name":"wp","href":"https:\/\/api.w.org\/{rel}","templated":true}]}}