{"id":16093,"date":"2022-06-19T03:39:21","date_gmt":"2022-06-19T03:39:21","guid":{"rendered":"https:\/\/zecovalve.com\/?post_type=product&#038;p=16093"},"modified":"2023-06-15T12:37:34","modified_gmt":"2023-06-15T12:37:34","slug":"wedge-gate-valve","status":"publish","type":"product","link":"https:\/\/zecovalve.com\/fr\/produit\/wedge-gate-valve","title":{"rendered":"Vanne \u00e0 coin"},"content":{"rendered":"<p>Le robinet-vanne \u00e0 coin est un robinet \u00e0 mouvement lin\u00e9aire, multitour et \u00e0 usage g\u00e9n\u00e9ral.<\/p>\r\n\r\n\r\n\r\n<div class=\"wp-block-columns is-layout-flex wp-container-core-columns-is-layout-9d6595d7 wp-block-columns-is-layout-flex\">\r\n<div class=\"wp-block-column is-layout-flow wp-block-column-is-layout-flow\">\r\n<figure class=\"wp-block-image size-large\"><img decoding=\"async\" src=\"https:\/\/zecovalve.com\/wp-content\/uploads\/2022\/06\/wedge-gate-valve-1-300x225.jpg\" alt=\"\" \/><\/figure>\r\n<\/div>\r\n\r\n\r\n\r\n<div class=\"wp-block-column is-layout-flow wp-block-column-is-layout-flow\">\r\n<figure class=\"wp-block-image size-large\"><img decoding=\"async\" src=\"https:\/\/zecovalve.com\/wp-content\/uploads\/2022\/06\/wedge-gate-valve-2-300x225.jpg\" alt=\"\" \/><\/figure>\r\n<\/div>\r\n\r\n\r\n\r\n<div class=\"wp-block-column is-layout-flow wp-block-column-is-layout-flow\">\r\n<figure class=\"wp-block-image size-large\"><img decoding=\"async\" src=\"https:\/\/zecovalve.com\/wp-content\/uploads\/2022\/06\/wedge-gate-valve-3-300x225.jpg\" alt=\"\" \/><\/figure>\r\n<\/div>\r\n<\/div>\r\n\r\n\r\n\r\n<div class=\"wp-block-columns is-layout-flex wp-container-core-columns-is-layout-9d6595d7 wp-block-columns-is-layout-flex\">\r\n<div class=\"wp-block-column is-layout-flow wp-block-column-is-layout-flow\">\r\n<figure class=\"wp-block-image size-full is-resized\"><img loading=\"lazy\" decoding=\"async\" class=\"wp-image-16097\" src=\"https:\/\/zecovalve.com\/wp-content\/uploads\/2022\/06\/wedge-gate-valve-4.jpg\" alt=\"\" width=\"400\" height=\"300\" srcset=\"https:\/\/zecovalve.com\/wp-content\/uploads\/2022\/06\/wedge-gate-valve-4.jpg 800w, https:\/\/zecovalve.com\/wp-content\/uploads\/2022\/06\/wedge-gate-valve-4-300x225.jpg 300w, https:\/\/zecovalve.com\/wp-content\/uploads\/2022\/06\/wedge-gate-valve-4-768x576.jpg 768w, https:\/\/zecovalve.com\/wp-content\/uploads\/2022\/06\/wedge-gate-valve-4-600x450.jpg 600w\" sizes=\"auto, (max-width: 400px) 100vw, 400px\" \/><\/figure>\r\n<\/div>\r\n\r\n\r\n\r\n<div class=\"wp-block-column is-layout-flow wp-block-column-is-layout-flow\">\r\n<figure class=\"wp-block-image size-full is-resized\"><img loading=\"lazy\" decoding=\"async\" class=\"wp-image-16098\" src=\"https:\/\/zecovalve.com\/wp-content\/uploads\/2022\/06\/wedge-gate-valve-5_1636963499.jpg\" alt=\"\" width=\"400\" height=\"300\" srcset=\"https:\/\/zecovalve.com\/wp-content\/uploads\/2022\/06\/wedge-gate-valve-5_1636963499.jpg 800w, https:\/\/zecovalve.com\/wp-content\/uploads\/2022\/06\/wedge-gate-valve-5_1636963499-300x225.jpg 300w, https:\/\/zecovalve.com\/wp-content\/uploads\/2022\/06\/wedge-gate-valve-5_1636963499-768x576.jpg 768w, https:\/\/zecovalve.com\/wp-content\/uploads\/2022\/06\/wedge-gate-valve-5_1636963499-600x450.jpg 600w\" sizes=\"auto, (max-width: 400px) 100vw, 400px\" \/><\/figure>\r\n<\/div>\r\n<\/div>\r\n\r\n\r\n<div class=\"gb-button-wrapper gb-button-wrapper-6d8495a3\">\r\n\r\n\r\n<p><a class=\"gb-button gb-button-3d442e11 gb-button-text\" href=\"mailto:commercial@zecovalve.com\" target=\"_blank\" rel=\"noopener noreferrer\"><strong>OBTENIR LE PRIX D'UN ROBINET-VANNE \u00c0 COIN<\/strong><\/a><\/p>\r\n<\/div>\r\n\r\n\r\n\r\n\r\n<h2 class=\"wp-block-heading\">Types de vannes selon le type d'\u00e9l\u00e9ment de fermeture<\/h2>\r\n\r\n\r\n\r\n<ul class=\"wp-block-list\">\r\n<li>Vanne \u00e0 disque parall\u00e8le<\/li>\r\n<li>Vanne \u00e0 coin<\/li>\r\n<\/ul>\r\n\r\n\r\n\r\n<h2 class=\"wp-block-heading\" id=\"h-what-is-a-wedge-gate-valve\">Qu'est-ce qu'un robinet-vanne \u00e0 coin ?<\/h2>\r\n\r\n\r\n\r\n<p>Le robinet-vanne \u00e0 coin ZECO est l'un des types de robinets-vannes. Les robinets-vannes \u00e0 coin sont nomm\u00e9s ainsi parce que les deux surfaces d'\u00e9tanch\u00e9it\u00e9 ressemblent \u00e0 des coins dans le corps. En g\u00e9n\u00e9ral, les deux surfaces d'\u00e9tanch\u00e9it\u00e9 du robinet-vanne \u00e0 coin et l'angle de la ligne centrale verticale de 2 \u00b0 52 ', 3 '30 \u00b0, 5 \u00b0, 8 \u00b0, etc. Les robinets-vannes \u00e0 coin peuvent \u00eatre divis\u00e9s en robinets-vannes \u00e0 tige montante et robinets-vannes \u00e0 tige non montante en fonction de la structure de la tige, et en robinets-vannes \u00e0 coin et robinets-vannes \u00e0 double disque en fonction de la structure de la vanne. ZECO est un fabricant professionnel de robinets-vannes en Chine, avec pr\u00e8s de 30 ans d'exp\u00e9rience et d'histoire dans la production de robinets-vannes.<\/p>\r\n\r\n\r\n\r\n<h2 class=\"wp-block-heading\">Types de robinets-vannes \u00e0 coin<\/h2>\r\n\r\n\r\n\r\n<h3 class=\"wp-block-heading\">Robinet-vanne \u00e0 coin solide<\/h3>\r\n\r\n\r\n\r\n<p>Le robinet-vanne \u00e0 coin solide ou simple est le type le plus utilis\u00e9 et le moins co\u00fbteux dans l'industrie des proc\u00e9d\u00e9s pour les services p\u00e9troliers, gaziers et a\u00e9riens. Le but de la forme du coin est d'introduire une charge d'assise suppl\u00e9mentaire \u00e9lev\u00e9e. Le robinet-vanne \u00e0 coin plein peut \u00eatre install\u00e9 dans n'importe quelle position, il convient \u00e0 presque tous les fluides et est pratique pour les services \u00e0 \u00e9coulement turbulent.<\/p>\r\n\r\n\r\n\r\n<p>Dans certaines situations, la vanne ne peut pas \u00eatre rouverte avant que la temp\u00e9rature du syst\u00e8me ne la r\u00e9chauffe ; ce ph\u00e9nom\u00e8ne est connu sous le nom de \"Thermal blinding\" (aveuglement thermique). Les robinets-vannes \u00e0 coin peuvent \u00eatre d\u00e9crits comme des mod\u00e8les \u00e0 vis int\u00e9rieure ou \u00e0 vis ext\u00e9rieure. Dans l'industrie de l'eau, les robinets-vannes \u00e0 coin solide sont souvent utilis\u00e9s comme vannes d'\u00e9cluse.<\/p>\r\n\r\n\r\n<div class=\"wp-block-image\">\r\n<figure class=\"aligncenter size-full is-resized\"><img loading=\"lazy\" decoding=\"async\" class=\"wp-image-19454\" src=\"https:\/\/zecovalve.com\/wp-content\/uploads\/2022\/07\/GATE-VALVE-SOLID-WEDGE.webp\" alt=\"\" width=\"506\" height=\"386\" \/><\/figure>\r\n<\/div>\r\n\r\n\r\n<h3 class=\"wp-block-heading\" id=\"h-flexible-wedge-gate-valve\">Vanne \u00e0 coin flexible<\/h3>\r\n\r\n\r\n\r\n<p>La cale flexible est un disque solide d'une seule pi\u00e8ce dont le p\u00e9rim\u00e8tre est d\u00e9coup\u00e9. Ces entailles varient en taille, en forme et en profondeur. Une d\u00e9coupe \u00e9troite et peu profonde sur le p\u00e9rim\u00e8tre de la cale donne moins de flexibilit\u00e9 mais conserve la r\u00e9sistance. Un renfoncement moul\u00e9 ou une d\u00e9coupe plus profonde et plus large sur le p\u00e9rim\u00e8tre de la cale donne plus de flexibilit\u00e9 mais compromet la r\u00e9sistance.<\/p>\r\n\r\n\r\n\r\n<p>Cette conception am\u00e9liore l'alignement du si\u00e8ge et offre une meilleure \u00e9tanch\u00e9it\u00e9. Elle am\u00e9liore \u00e9galement les performances dans les situations o\u00f9 la liaison thermique est possible. Les robinets-vannes \u00e0 coins flexibles sont utilis\u00e9s dans les syst\u00e8mes \u00e0 vapeur.<\/p>\r\n\r\n\r\n<div class=\"wp-block-image\">\r\n<figure class=\"aligncenter size-full is-resized\"><img loading=\"lazy\" decoding=\"async\" class=\"wp-image-19455\" src=\"https:\/\/zecovalve.com\/wp-content\/uploads\/2022\/07\/FLEBILE-WEDGE-GATE-VALVE.webp\" alt=\"\" width=\"285\" height=\"362\" \/><\/figure>\r\n<\/div>\r\n\r\n\r\n<h2 class=\"wp-block-heading\">Applications des robinets-vannes \u00e0 coin<\/h2>\r\n\r\n\r\n\r\n<p>Ils conviennent pour une application g\u00e9n\u00e9rale en tant que vannes de marche\/arr\u00eat et d'isolation, mais ne sont pas recommand\u00e9s \u00e0 des fins d'\u00e9tranglement et\/ou de r\u00e9gulation. Elles pr\u00e9sentent une excellente r\u00e9sistance aux tremblements de terre, aux chocs, aux vibrations, \u00e0 la pression et aux coups et peuvent fonctionner sans probl\u00e8me entre -196\u00b0C et 595\u00b0C.<\/p>\r\n\r\n\r\n\r\n<h2 class=\"wp-block-heading\" id=\"h-features-of-wedge-gate-valve\">Caract\u00e9ristiques du robinet-vanne \u00e0 coin :<\/h2>\r\n\r\n\r\n\r\n<ul class=\"wp-block-list\">\r\n<li>Le robinet-vanne \u00e0 coin ZECO adopte une vanne de type \u00e0 coin, car l'angle de la vanne est de type \u00e0 coin avec la ligne centrale verticale, il peut \u00eatre ferm\u00e9 de plus en plus fermement dans le processus de fermeture, ce qui garantit encore l'effet d'\u00e9tanch\u00e9it\u00e9 ;<\/li>\r\n<li>Le robinet-vanne \u00e0 coin ZECO adopte une tige de levage, qui permet de voir l'\u00e9tat d'ouverture ou de fermeture du robinet \u00e0 distance et qui est plus facile \u00e0 juger. La tige et l'opercule sont reli\u00e9s par une rainure en T, et la t\u00eate en T de la tige est forg\u00e9e dans son ensemble pour garantir une r\u00e9sistance suffisante de la connexion ;<\/li>\r\n<li>Le robinet-vanne \u00e0 coin ZECO est con\u00e7u avec une conception \u00e9tanche qui permet le remplacement de la garniture lorsqu'il est compl\u00e8tement ouvert. Cette conception garantit que la garniture peut \u00eatre remplac\u00e9e en ligne lorsqu'elle doit \u00eatre remplac\u00e9e si la garniture est endommag\u00e9e, \u00e9vitant ainsi les pertes de personnel caus\u00e9es par le d\u00e9montage de la vanne ;<\/li>\r\n<li>Le robinet-vanne \u00e0 coin ZECO est con\u00e7u avec une protection anti-collision sur la surface de la bride lorsqu'il quitte l'usine, ce qui permet de prot\u00e9ger la surface convexe reli\u00e9e \u00e0 la bride du tuyau pendant le transport et d'\u00e9viter d'endommager le robinet en cas de collision.<\/li>\r\n<\/ul>\r\n\r\n\r\n\r\n<h2 class=\"wp-block-heading\" id=\"h-material-of-wedge-gate-valve\">Mat\u00e9riau du robinet-vanne \u00e0 coin :<\/h2>\r\n\r\n\r\n\r\n<figure class=\"wp-block-table is-style-stripes\">\r\n<table>\r\n<tbody>\r\n<tr>\r\n<td>Non<\/td>\r\n<td>Partie<\/td>\r\n<td>Mat\u00e9riau<\/td>\r\n<\/tr>\r\n<tr>\r\n<td>1<\/td>\r\n<td>Corps<\/td>\r\n<td>ASTM A216 WCB<\/td>\r\n<\/tr>\r\n<tr>\r\n<td>2<\/td>\r\n<td>Anneau de si\u00e8ge<\/td>\r\n<td>ASTM A105 + 13Cr<\/td>\r\n<\/tr>\r\n<tr>\r\n<td>3<\/td>\r\n<td>Cale<\/td>\r\n<td>ASTM A216 WCB + 13Cr<\/td>\r\n<\/tr>\r\n<tr>\r\n<td>4<\/td>\r\n<td>Tige<\/td>\r\n<td>ASTM A276 410<\/td>\r\n<\/tr>\r\n<tr>\r\n<td>5<\/td>\r\n<td>Joint de chapeau<\/td>\r\n<td>Graphite + SS304<\/td>\r\n<\/tr>\r\n<tr>\r\n<td>6<\/td>\r\n<td>Boulon du chapeau<\/td>\r\n<td>ASTM A193 B7<\/td>\r\n<\/tr>\r\n<tr>\r\n<td>7<\/td>\r\n<td>\u00c9crou \u00e0 chapeau<\/td>\r\n<td>ASTM A194 2H<\/td>\r\n<\/tr>\r\n<tr>\r\n<td>8<\/td>\r\n<td>Bonnet<\/td>\r\n<td>ASTM A216 WCB<\/td>\r\n<\/tr>\r\n<tr>\r\n<td>9<\/td>\r\n<td>Si\u00e8ge arri\u00e8re<\/td>\r\n<td>ASTM A182 F6a<\/td>\r\n<\/tr>\r\n<tr>\r\n<td>10<\/td>\r\n<td>Garniture de tige<\/td>\r\n<td>Graphite renforc\u00e9<\/td>\r\n<\/tr>\r\n<tr>\r\n<td>11<\/td>\r\n<td>Roue \u00e0 main<\/td>\r\n<td>KTH330-08<\/td>\r\n<\/tr>\r\n<\/tbody>\r\n<\/table>\r\n<\/figure>\r\n\r\n\r\n\r\n<h2 class=\"wp-block-heading\" id=\"h-zeco-wedge-gate-valve-licence-approvals\">Licence et approbations du robinet-vanne \u00e0 coin ZECO<\/h2>\r\n\r\n\r\n\r\n<figure class=\"wp-block-table is-style-stripes\">\r\n<table>\r\n<tbody>\r\n<tr>\r\n<td>NOM DU CERTIFICAT<\/td>\r\n<td>INSTITUTION<\/td>\r\n<\/tr>\r\n<tr>\r\n<td>API 600-0351<\/td>\r\n<td>American Petroleum Institute (en anglais)<\/td>\r\n<\/tr>\r\n<tr>\r\n<td>API 6D-1225<\/td>\r\n<td>American Petroleum Institute (en anglais)<\/td>\r\n<\/tr>\r\n<tr>\r\n<td>ISO 9001:2015<\/td>\r\n<td>TQCS INTERNATIONAL (GROUP) PTY LTD<\/td>\r\n<\/tr>\r\n<tr>\r\n<td>ISO 14001:2015<\/td>\r\n<td>TQCS INTERNATIONAL (GROUP) PTY LTD<\/td>\r\n<\/tr>\r\n<tr>\r\n<td>ISO 45001:2018<\/td>\r\n<td>TQCS INTERNATIONAL (GROUP) PTY LTD<\/td>\r\n<\/tr>\r\n<tr>\r\n<td>Certificat d'essai au feu API 6FA<\/td>\r\n<td>TUV SUD SERVICE GMBH<\/td>\r\n<\/tr>\r\n<tr>\r\n<td>CE-2810<\/td>\r\n<td>DIRECTIVE SUR LES \u00c9QUIPEMENTS SOUS PRESSION 2014\/68\/EU<\/td>\r\n<\/tr>\r\n<\/tbody>\r\n<\/table>\r\n<\/figure>","protected":false},"excerpt":{"rendered":"<p>La vanne \u00e0 guillotine est une vanne de service g\u00e9n\u00e9ral \u00e0 mouvement lin\u00e9aire et multitours. Types de robinets-vannes selon le type d&#039;\u00e9l\u00e9ment de fermeture Disque parall\u00e8le\u2026 <a title=\"Vanne \u00e0 coin\" class=\"read-more\" href=\"https:\/\/zecovalve.com\/fr\/produit\/wedge-gate-valve\" aria-label=\"Plus sur Wedge Gate Valve\">Lire plus<\/a><\/p>","protected":false},"featured_media":27870,"comment_status":"closed","ping_status":"closed","template":"","meta":{"_generate-full-width-content":"","kt_blocks_editor_width":""},"product_cat":[2052,2456],"product_tag":[2798,2723],"class_list":["post-16093","product","type-product","status-publish","has-post-thumbnail","hentry","product_cat-gate-valve","product_cat-gate-valve-by-form","product_tag-osy-valve","product_tag-what-is-a-valve","sales-flash-overlay","woocommerce-text-align-center","woocommerce-image-align-center","do-quantity-buttons"],"featured_image_src_large":["https:\/\/zecovalve.com\/wp-content\/uploads\/2022\/06\/Gear-Valve-Gear-Operated-Gate-Valve.jpg",800,600,false],"author_info":[],"comment_info":0,"taxonomy_info":{"product_cat":[{"value":2052,"label":"Gate Valve"},{"value":2456,"label":"Gate Valve By Form"}],"product_tag":[{"value":2798,"label":"OS&amp;Y Valve"},{"value":2723,"label":"What is a Valve"}]},"yoast_head":"<!-- This site is optimized with the Yoast SEO Premium plugin v15.4 - https:\/\/yoast.com\/wordpress\/plugins\/seo\/ -->\n<title>Wedge Gate Valve - Various Gate Vave Types | ZECO Valve<\/title>\n<meta name=\"robots\" content=\"index, follow, max-snippet:-1, max-image-preview:large, max-video-preview:-1\" \/>\n<link rel=\"canonical\" href=\"https:\/\/zecovalve.com\/fr\/produit\/wedge-gate-valve\" \/>\n<meta property=\"og:locale\" content=\"fr_FR\" \/>\n<meta property=\"og:type\" content=\"article\" \/>\n<meta property=\"og:title\" content=\"Wedge Gate Valve - Various Gate Vave Types | ZECO Valve\" \/>\n<meta property=\"og:description\" content=\"Wedge gate valve is a linear motion, multi-turn general service valve. Gate valve Types as per Type of Closing Element Parallel disk ... Lire plus\" \/>\n<meta property=\"og:url\" content=\"https:\/\/zecovalve.com\/fr\/produit\/wedge-gate-valve\" \/>\n<meta property=\"og:site_name\" content=\"ZECO Valve\" \/>\n<meta property=\"article:modified_time\" content=\"2023-06-15T12:37:34+00:00\" \/>\n<meta property=\"og:image\" content=\"https:\/\/zecovalve.com\/wp-content\/uploads\/2022\/06\/Gear-Valve-Gear-Operated-Gate-Valve.jpg\" \/>\n\t<meta property=\"og:image:width\" content=\"800\" \/>\n\t<meta property=\"og:image:height\" content=\"600\" \/>\n<meta name=\"twitter:card\" content=\"summary_large_image\" \/>\n<meta name=\"twitter:label1\" content=\"\u00c9crit par\">\n\t<meta name=\"twitter:data1\" content=\"Jerry\">\n\t<meta name=\"twitter:label2\" content=\"Dur\u00e9e de lecture estim\u00e9e\">\n\t<meta name=\"twitter:data2\" content=\"3 minutes\">\n<script type=\"application\/ld+json\" class=\"yoast-schema-graph\">{\"@context\":\"https:\/\/schema.org\",\"@graph\":[{\"@type\":\"WebSite\",\"@id\":\"https:\/\/zecovalve.com\/#website\",\"url\":\"https:\/\/zecovalve.com\/\",\"name\":\"ZECO Valve\",\"description\":\"Industrial Ball Valve, Gate Valve and Globe Valve Manufacturer\",\"potentialAction\":[{\"@type\":\"SearchAction\",\"target\":\"https:\/\/zecovalve.com\/?s={search_term_string}\",\"query-input\":\"required name=search_term_string\"}],\"inLanguage\":\"fr-FR\"},{\"@type\":\"ImageObject\",\"@id\":\"https:\/\/zecovalve.com\/product\/wedge-gate-valve#primaryimage\",\"inLanguage\":\"fr-FR\",\"url\":\"https:\/\/zecovalve.com\/wp-content\/uploads\/2022\/06\/Gear-Valve-Gear-Operated-Gate-Valve.jpg\",\"width\":800,\"height\":600,\"caption\":\"Gear Valve - Gear Operated Gate Valve\"},{\"@type\":\"WebPage\",\"@id\":\"https:\/\/zecovalve.com\/product\/wedge-gate-valve#webpage\",\"url\":\"https:\/\/zecovalve.com\/product\/wedge-gate-valve\",\"name\":\"Wedge Gate Valve - Various Gate Vave Types | ZECO Valve\",\"isPartOf\":{\"@id\":\"https:\/\/zecovalve.com\/#website\"},\"primaryImageOfPage\":{\"@id\":\"https:\/\/zecovalve.com\/product\/wedge-gate-valve#primaryimage\"},\"datePublished\":\"2022-06-19T03:39:21+00:00\",\"dateModified\":\"2023-06-15T12:37:34+00:00\",\"breadcrumb\":{\"@id\":\"https:\/\/zecovalve.com\/product\/wedge-gate-valve#breadcrumb\"},\"inLanguage\":\"fr-FR\",\"potentialAction\":[{\"@type\":\"ReadAction\",\"target\":[\"https:\/\/zecovalve.com\/product\/wedge-gate-valve\"]}]},{\"@type\":\"BreadcrumbList\",\"@id\":\"https:\/\/zecovalve.com\/product\/wedge-gate-valve#breadcrumb\",\"itemListElement\":[{\"@type\":\"ListItem\",\"position\":1,\"item\":{\"@type\":\"WebPage\",\"@id\":\"https:\/\/zecovalve.com\/\",\"url\":\"https:\/\/zecovalve.com\/\",\"name\":\"Home\"}},{\"@type\":\"ListItem\",\"position\":2,\"item\":{\"@type\":\"WebPage\",\"@id\":\"https:\/\/zecovalve.com\/product-category\",\"url\":\"https:\/\/zecovalve.com\/product-category\",\"name\":\"Industrial Valve Manufacturer | Water Valve Manufacturer\"}},{\"@type\":\"ListItem\",\"position\":3,\"item\":{\"@type\":\"WebPage\",\"@id\":\"https:\/\/zecovalve.com\/product\/wedge-gate-valve\",\"url\":\"https:\/\/zecovalve.com\/product\/wedge-gate-valve\",\"name\":\"Wedge Gate Valve\"}}]}]}<\/script>\n<!-- \/ Yoast SEO Premium plugin. -->","_links":{"self":[{"href":"https:\/\/zecovalve.com\/fr\/wp-json\/wp\/v2\/product\/16093","targetHints":{"allow":["GET"]}}],"collection":[{"href":"https:\/\/zecovalve.com\/fr\/wp-json\/wp\/v2\/product"}],"about":[{"href":"https:\/\/zecovalve.com\/fr\/wp-json\/wp\/v2\/types\/product"}],"replies":[{"embeddable":true,"href":"https:\/\/zecovalve.com\/fr\/wp-json\/wp\/v2\/comments?post=16093"}],"wp:featuredmedia":[{"embeddable":true,"href":"https:\/\/zecovalve.com\/fr\/wp-json\/wp\/v2\/media\/27870"}],"wp:attachment":[{"href":"https:\/\/zecovalve.com\/fr\/wp-json\/wp\/v2\/media?parent=16093"}],"wp:term":[{"taxonomy":"product_cat","embeddable":true,"href":"https:\/\/zecovalve.com\/fr\/wp-json\/wp\/v2\/product_cat?post=16093"},{"taxonomy":"product_tag","embeddable":true,"href":"https:\/\/zecovalve.com\/fr\/wp-json\/wp\/v2\/product_tag?post=16093"}],"curies":[{"name":"wp","href":"https:\/\/api.w.org\/{rel}","templated":true}]}}