{"id":16099,"date":"2022-06-19T03:41:54","date_gmt":"2022-06-19T03:41:54","guid":{"rendered":"https:\/\/zecovalve.com\/?post_type=product&#038;p=16099"},"modified":"2023-06-07T07:37:46","modified_gmt":"2023-06-07T07:37:46","slug":"6-inch-ball-valve","status":"publish","type":"product","link":"https:\/\/zecovalve.com\/fr\/produit\/6-inch-ball-valve","title":{"rendered":"Robinet \u00e0 boisseau sph\u00e9rique de 6 pouces"},"content":{"rendered":"<p>Le robinet \u00e0 bille 6 pouces signifie que la taille du robinet est de 6 pouces, et en DN il s'agit de DN150.<\/p>\r\n\r\n\r\n\r\n<figure class=\"wp-block-image alignnone size-medium wp-image-16100\">\r\n<p><img loading=\"lazy\" decoding=\"async\" class=\"size-medium wp-image-19559\" src=\"https:\/\/zecovalve.com\/wp-content\/uploads\/2022\/06\/6-inch-Ball-Valve-1-208x300.jpg\" alt=\"Robinet \u00e0 boisseau sph\u00e9rique de 6 pouces\" width=\"208\" height=\"300\" srcset=\"https:\/\/zecovalve.com\/wp-content\/uploads\/2022\/06\/6-inch-Ball-Valve-1-208x300.jpg 208w, https:\/\/zecovalve.com\/wp-content\/uploads\/2022\/06\/6-inch-Ball-Valve-1-708x1024.jpg 708w, https:\/\/zecovalve.com\/wp-content\/uploads\/2022\/06\/6-inch-Ball-Valve-1-768x1110.jpg 768w, https:\/\/zecovalve.com\/wp-content\/uploads\/2022\/06\/6-inch-Ball-Valve-1-1062x1536.jpg 1062w, https:\/\/zecovalve.com\/wp-content\/uploads\/2022\/06\/6-inch-Ball-Valve-1-1417x2048.jpg 1417w, https:\/\/zecovalve.com\/wp-content\/uploads\/2022\/06\/6-inch-Ball-Valve-1-600x867.jpg 600w, https:\/\/zecovalve.com\/wp-content\/uploads\/2022\/06\/6-inch-Ball-Valve-1-scaled.jpg 1771w\" sizes=\"auto, (max-width: 208px) 100vw, 208px\" \/><\/p>\r\n<\/figure>\r\n\r\n\r\n<div class=\"gb-button-wrapper gb-button-wrapper-6d8495a3\">\r\n\r\n\r\n<p><a class=\"gb-button gb-button-3d442e11 gb-button-text\" href=\"mailto:commercial@zecovalve.com\" target=\"_blank\" rel=\"noopener noreferrer\"><strong>OBTENIR LE PRIX D'UN ROBINET \u00c0 BOISSEAU SPH\u00c9RIQUE DE 6 POUCES<\/strong><\/a><\/p>\r\n<\/div>\r\n\r\n\r\n\r\n\r\n<h2 class=\"wp-block-heading\" id=\"h-what-is-a-6-inch-ball-valve\">Qu'est-ce qu'un robinet \u00e0 boisseau sph\u00e9rique de 6 pouces ?<\/h2>\r\n\r\n\r\n\r\n<p>Les robinets \u00e0 bille de 6 pouces sont constitu\u00e9s d'une bille perc\u00e9e d'un trou en son centre. Lorsque la bille tourne \u00e0 90\u00b0, la position compl\u00e8tement ouverte passe \u00e0 la position ferm\u00e9e.<\/p>\r\n\r\n\r\n\r\n<p>ZECO Valve Group est un fabricant de robinets \u00e0 boisseau sph\u00e9rique bien connu en Chine. Depuis sa cr\u00e9ation en 1991, il produit des robinets \u00e0 boisseau sph\u00e9rique depuis pr\u00e8s de 30 ans. Au cours du processus de production, ZECO consid\u00e8re chaque vanne comme un travail artisanal \u00e0 am\u00e9liorer en permanence. Avec l'appui d'\u00e9quipements de production et de personnel de haute technologie, chaque produit peut atteindre une qualit\u00e9 internationale. ZECO est une entreprise de haute technologie en Chine depuis de nombreuses ann\u00e9es. Chaque ann\u00e9e, ZECO se consacre \u00e0 la recherche et au d\u00e9veloppement de vannes aux performances plus efficaces et \u00e0 la dur\u00e9e de vie plus longue. Les co\u00fbts de recherche et de d\u00e9veloppement de ZECO repr\u00e9sentent pr\u00e8s de 8% des co\u00fbts de vente de l'entreprise.<\/p>\r\n\r\n\r\n\r\n<h2 class=\"wp-block-heading\">Types de robinets \u00e0 tournant sph\u00e9rique de 6\u2033 (6\u2033 Ball Valve)<\/h2>\r\n\r\n\r\n\r\n<ul class=\"wp-block-list\">\r\n<li>Robinet \u00e0 boisseau sph\u00e9rique flottant de 6 pouces<\/li>\r\n<li>Robinet \u00e0 tournant sph\u00e9rique 6 pouces<\/li>\r\n<li>Robinet \u00e0 boisseau sph\u00e9rique \u00e0 entr\u00e9e par le haut de 6 pouces<\/li>\r\n<\/ul>\r\n\r\n\r\n\r\n<h2 class=\"wp-block-heading\">Gamme de produits du robinet \u00e0 boisseau sph\u00e9rique de 6 pouces<\/h2>\r\n\r\n\r\n\r\n<ul class=\"wp-block-list\">\r\n<li>Mat\u00e9riau du corps : Acier au carbone, acier inoxydable, acier alli\u00e9.<\/li>\r\n<li>Diam\u00e8tre normal : 6 pouces (DN150).<\/li>\r\n<li>Raccordement d'extr\u00e9mit\u00e9 : BW, \u00e0 brides.<\/li>\r\n<li>Plage de pression : 150 - 2500 LB (PN16 - PN420).<\/li>\r\n<li>Temp\u00e9rature de fonctionnement : -46\u2103 - +540\u2103.<\/li>\r\n<\/ul>\r\n\r\n\r\n\r\n<h2 class=\"wp-block-heading\">Dimensions et poids d'un robinet \u00e0 boisseau sph\u00e9rique de 6 pouces<\/h2>\r\n\r\n\r\n\r\n<table border=\"=1\" width=\"800\">\r\n<tbody>\r\n<tr>\r\n<td rowspan=\"2\">Pression nominale<\/td>\r\n<td style=\"text-align: center;\">Al\u00e9sage<\/td>\r\n<td style=\"text-align: center;\" colspan=\"3\">\u00a0Dimension face \u00e0 face (en mm)<\/td>\r\n<td style=\"text-align: center;\">Poids<\/td>\r\n<\/tr>\r\n<tr>\r\n<td style=\"text-align: center;\">(en mm)<\/td>\r\n<td style=\"text-align: center;\">RF<\/td>\r\n<td style=\"text-align: center;\">BW<\/td>\r\n<td style=\"text-align: center;\">RTJ<\/td>\r\n<td style=\"text-align: center;\">kg<\/td>\r\n<\/tr>\r\n<tr>\r\n<td>CLASSE 150<\/td>\r\n<td style=\"text-align: center;\">150<\/td>\r\n<td style=\"text-align: center;\">394<\/td>\r\n<td style=\"text-align: center;\">457<\/td>\r\n<td style=\"text-align: center;\">406<\/td>\r\n<td style=\"text-align: center;\">74<\/td>\r\n<\/tr>\r\n<tr>\r\n<td>CLASSE 300<\/td>\r\n<td style=\"text-align: center;\">150<\/td>\r\n<td style=\"text-align: center;\">403<\/td>\r\n<td style=\"text-align: center;\">457<\/td>\r\n<td style=\"text-align: center;\">419<\/td>\r\n<td style=\"text-align: center;\">118<\/td>\r\n<\/tr>\r\n<tr>\r\n<td>CLASSE 600<\/td>\r\n<td style=\"text-align: center;\">150<\/td>\r\n<td style=\"text-align: center;\">559<\/td>\r\n<td style=\"text-align: center;\">559<\/td>\r\n<td style=\"text-align: center;\">562<\/td>\r\n<td style=\"text-align: center;\">160<\/td>\r\n<\/tr>\r\n<tr>\r\n<td>CLASSE 900<\/td>\r\n<td style=\"text-align: center;\">150<\/td>\r\n<td style=\"text-align: center;\">610<\/td>\r\n<td style=\"text-align: center;\">610<\/td>\r\n<td style=\"text-align: center;\">613<\/td>\r\n<td style=\"text-align: center;\">339<\/td>\r\n<\/tr>\r\n<tr>\r\n<td>CLASSE 1500<\/td>\r\n<td style=\"text-align: center;\">144<\/td>\r\n<td style=\"text-align: center;\">705<\/td>\r\n<td style=\"text-align: center;\">705<\/td>\r\n<td style=\"text-align: center;\">711<\/td>\r\n<td style=\"text-align: center;\">532<\/td>\r\n<\/tr>\r\n<tr>\r\n<td>CLASSE 2500<\/td>\r\n<td style=\"text-align: center;\">131<\/td>\r\n<td style=\"text-align: center;\">914<\/td>\r\n<td style=\"text-align: center;\">914<\/td>\r\n<td style=\"text-align: center;\">927<\/td>\r\n<td style=\"text-align: center;\">800<\/td>\r\n<\/tr>\r\n<\/tbody>\r\n<\/table>\r\n\r\n\r\n\r\n<h2 class=\"wp-block-heading\" id=\"h-features-of-6-ball-valve\">Caract\u00e9ristiques du robinet \u00e0 boisseau sph\u00e9rique 6\u2033 :<\/h2>\r\n\r\n\r\n\r\n<ul class=\"wp-block-list\">\r\n<li>La vanne ZECO 6 pouces est con\u00e7ue avec un syst\u00e8me de scellement d'urgence du si\u00e8ge auxiliaire. Lorsque le si\u00e8ge \u00e0 \u00e9tanch\u00e9it\u00e9 souple est endommag\u00e9, une \u00e9tanch\u00e9it\u00e9 d'urgence peut \u00eatre r\u00e9alis\u00e9e en injectant le produit d'\u00e9tanch\u00e9it\u00e9 appropri\u00e9 dans le syst\u00e8me d'\u00e9tanch\u00e9it\u00e9 auxiliaire. Les joints d'urgence peuvent \u00e9galement \u00eatre utilis\u00e9s pour rincer et lubrifier les zones du si\u00e8ge selon les besoins afin de les maintenir propres sans affecter l'\u00e9tanch\u00e9it\u00e9. La tige est \u00e9galement \u00e9quip\u00e9e d'un joint d'urgence permettant le remplissage de produit d'\u00e9tanch\u00e9it\u00e9 et la lubrification par rin\u00e7age en cas d'urgence ;<\/li>\r\n<li>Robinet ZECO de 6 pouces avec structure de protection contre l'incendie. La structure de protection contre l'incendie du robinet \u00e0 tournant sph\u00e9rique de 6 pouces est con\u00e7ue conform\u00e9ment \u00e0 l'API 607. En cas d'incendie, le si\u00e8ge m\u00e9tallique sera imm\u00e9diatement en contact avec la bille apr\u00e8s que le si\u00e8ge \u00e0 joint souple ait \u00e9t\u00e9 br\u00fbl\u00e9, afin d'emp\u00eacher la fuite de la vanne caus\u00e9e par un impact plus important ;<\/li>\r\n<li>L'\u00e9paisseur de la paroi du corps de la vanne ZECO de 6 pouces aura un certain degr\u00e9 de conception, le corps en acier au carbone, le si\u00e8ge, le couvercle inf\u00e9rieur sont conformes au rev\u00eatement chimique de surface ASTM B733. En outre, si l'utilisateur a besoin d'une personnalisation sp\u00e9ciale, ZECO dispose \u00e9galement d'une vari\u00e9t\u00e9 de mat\u00e9riaux anticorrosion \u00e0 s\u00e9lectionner pour r\u00e9pondre aux conditions de travail ;<\/li>\r\n<li>ZECO 6 inch valve in order to prevent the maintenance of the valve stem because of the excessive pressure in the cavity and the phenomenon of flying out, there is a design to prevent flying out of the stem.<\/li>\r\n<\/ul>\r\n\r\n\r\n\r\n<h2 class=\"wp-block-heading\" id=\"h-material-of-6-ball-valve\">Mat\u00e9riau du robinet \u00e0 boisseau sph\u00e9rique 6\u2033 :<\/h2>\r\n\r\n\r\n\r\n<figure class=\"wp-block-table is-style-stripes\">\r\n<table>\r\n<tbody>\r\n<tr>\r\n<td>Non<\/td>\r\n<td>Partie<\/td>\r\n<td>Mat\u00e9riau<\/td>\r\n<\/tr>\r\n<tr>\r\n<td>1<\/td>\r\n<td>Corps<\/td>\r\n<td>ASTM A216 WCB<\/td>\r\n<\/tr>\r\n<tr>\r\n<td>2<\/td>\r\n<td>Bonnet<\/td>\r\n<td>ASTM A216 WCB<\/td>\r\n<\/tr>\r\n<tr>\r\n<td>3<\/td>\r\n<td>Boule<\/td>\r\n<td>ASTM A105<\/td>\r\n<\/tr>\r\n<tr>\r\n<td>4<\/td>\r\n<td>Si\u00e8ge<\/td>\r\n<td>ASTM A105 +PTFE<\/td>\r\n<\/tr>\r\n<tr>\r\n<td>5<\/td>\r\n<td>Tige<\/td>\r\n<td>ASTM A182 F6a<\/td>\r\n<\/tr>\r\n<tr>\r\n<td>6<\/td>\r\n<td>Dispositif antistatique<\/td>\r\n<td>SS304<\/td>\r\n<\/tr>\r\n<tr>\r\n<td>7<\/td>\r\n<td>Joint d'\u00e9tanch\u00e9it\u00e9<\/td>\r\n<td>Graphite + SS304<\/td>\r\n<\/tr>\r\n<tr>\r\n<td>8<\/td>\r\n<td>Boulon<\/td>\r\n<td>ASTM A193 B7<\/td>\r\n<\/tr>\r\n<tr>\r\n<td>9<\/td>\r\n<td>\u00c9crou<\/td>\r\n<td>ASTM A194 2H<\/td>\r\n<\/tr>\r\n<tr>\r\n<td>10<\/td>\r\n<td>Joint torique<\/td>\r\n<td>Viton A<\/td>\r\n<\/tr>\r\n<tr>\r\n<td>11<\/td>\r\n<td>Levier<\/td>\r\n<td>ASTM A216 WCB<\/td>\r\n<\/tr>\r\n<\/tbody>\r\n<\/table>\r\n<\/figure>","protected":false},"excerpt":{"rendered":"<p>Un robinet \u00e0 tournant sph\u00e9rique de 6 pouces signifie que la taille de la vanne est de 6 pouces et qu&#039;en DN, elle est DN150. Qu&#039;est-ce qu&#039;un 6 pouces\u2026 <a title=\"Robinet \u00e0 boisseau sph\u00e9rique de 6 pouces\" class=\"read-more\" href=\"https:\/\/zecovalve.com\/fr\/produit\/6-inch-ball-valve\" aria-label=\"Plus sur Robinet \u00e0 bille 6 pouces\">Lire plus<\/a><\/p>","protected":false},"featured_media":27867,"comment_status":"closed","ping_status":"closed","template":"","meta":{"_generate-full-width-content":"","kt_blocks_editor_width":""},"product_cat":[2047,2462],"product_tag":[3896,3914],"class_list":["post-16099","product","type-product","status-publish","has-post-thumbnail","hentry","product_cat-ball-valve","product_cat-ball-valve-by-size","product_tag-flanged-ball-valve","product_tag-reduced-bore-ball-valve","sales-flash-overlay","woocommerce-text-align-center","woocommerce-image-align-center","do-quantity-buttons"],"featured_image_src_large":["https:\/\/zecovalve.com\/wp-content\/uploads\/2022\/06\/6-Inch-Ball-Valve-2.jpg",800,600,false],"author_info":[],"comment_info":0,"taxonomy_info":{"product_cat":[{"value":2047,"label":"Ball Valve"},{"value":2462,"label":"Ball Valve By Size"}],"product_tag":[{"value":3896,"label":"Flanged Ball Valve"},{"value":3914,"label":"Reduced Bore Ball Valve"}]},"yoast_head":"<!-- This site is optimized with the Yoast SEO Premium plugin v15.4 - https:\/\/yoast.com\/wordpress\/plugins\/seo\/ -->\n<title>6 inch Ball Valve - 6&quot; Ball Valve Manufacturer | Competitive Ball Valve Price<\/title>\n<meta name=\"robots\" content=\"index, follow, max-snippet:-1, max-image-preview:large, max-video-preview:-1\" \/>\n<link rel=\"canonical\" href=\"https:\/\/zecovalve.com\/fr\/produit\/6-inch-ball-valve\" \/>\n<meta property=\"og:locale\" content=\"fr_FR\" \/>\n<meta property=\"og:type\" content=\"article\" \/>\n<meta property=\"og:title\" content=\"6 inch Ball Valve - 6&quot; Ball Valve Manufacturer | Competitive Ball Valve Price\" \/>\n<meta property=\"og:description\" content=\"Ball valve 6 inch means the valve size is 6 inch, and in DN it is DN150. What is a 6 Inch ... Lire plus\" \/>\n<meta property=\"og:url\" content=\"https:\/\/zecovalve.com\/fr\/produit\/6-inch-ball-valve\" \/>\n<meta property=\"og:site_name\" content=\"ZECO Valve\" \/>\n<meta property=\"article:modified_time\" content=\"2023-06-07T07:37:46+00:00\" \/>\n<meta property=\"og:image\" content=\"https:\/\/zecovalve.com\/wp-content\/uploads\/2022\/06\/6-Inch-Ball-Valve-2.jpg\" \/>\n\t<meta property=\"og:image:width\" content=\"800\" \/>\n\t<meta property=\"og:image:height\" content=\"600\" \/>\n<meta name=\"twitter:card\" content=\"summary_large_image\" \/>\n<meta name=\"twitter:label1\" content=\"\u00c9crit par\">\n\t<meta name=\"twitter:data1\" content=\"Jerry\">\n\t<meta name=\"twitter:label2\" content=\"Dur\u00e9e de lecture estim\u00e9e\">\n\t<meta name=\"twitter:data2\" content=\"2 minutes\">\n<script type=\"application\/ld+json\" class=\"yoast-schema-graph\">{\"@context\":\"https:\/\/schema.org\",\"@graph\":[{\"@type\":\"WebSite\",\"@id\":\"https:\/\/zecovalve.com\/#website\",\"url\":\"https:\/\/zecovalve.com\/\",\"name\":\"ZECO Valve\",\"description\":\"Industrial Ball Valve, Gate Valve and Globe Valve Manufacturer\",\"potentialAction\":[{\"@type\":\"SearchAction\",\"target\":\"https:\/\/zecovalve.com\/?s={search_term_string}\",\"query-input\":\"required name=search_term_string\"}],\"inLanguage\":\"fr-FR\"},{\"@type\":\"ImageObject\",\"@id\":\"https:\/\/zecovalve.com\/product\/6-inch-ball-valve#primaryimage\",\"inLanguage\":\"fr-FR\",\"url\":\"https:\/\/zecovalve.com\/wp-content\/uploads\/2022\/06\/6-Inch-Ball-Valve-2.jpg\",\"width\":800,\"height\":600,\"caption\":\"6 Inch Ball Valve\"},{\"@type\":\"WebPage\",\"@id\":\"https:\/\/zecovalve.com\/product\/6-inch-ball-valve#webpage\",\"url\":\"https:\/\/zecovalve.com\/product\/6-inch-ball-valve\",\"name\":\"6 inch Ball Valve - 6\\\" Ball Valve Manufacturer | Competitive Ball Valve Price\",\"isPartOf\":{\"@id\":\"https:\/\/zecovalve.com\/#website\"},\"primaryImageOfPage\":{\"@id\":\"https:\/\/zecovalve.com\/product\/6-inch-ball-valve#primaryimage\"},\"datePublished\":\"2022-06-19T03:41:54+00:00\",\"dateModified\":\"2023-06-07T07:37:46+00:00\",\"breadcrumb\":{\"@id\":\"https:\/\/zecovalve.com\/product\/6-inch-ball-valve#breadcrumb\"},\"inLanguage\":\"fr-FR\",\"potentialAction\":[{\"@type\":\"ReadAction\",\"target\":[\"https:\/\/zecovalve.com\/product\/6-inch-ball-valve\"]}]},{\"@type\":\"BreadcrumbList\",\"@id\":\"https:\/\/zecovalve.com\/product\/6-inch-ball-valve#breadcrumb\",\"itemListElement\":[{\"@type\":\"ListItem\",\"position\":1,\"item\":{\"@type\":\"WebPage\",\"@id\":\"https:\/\/zecovalve.com\/\",\"url\":\"https:\/\/zecovalve.com\/\",\"name\":\"Home\"}},{\"@type\":\"ListItem\",\"position\":2,\"item\":{\"@type\":\"WebPage\",\"@id\":\"https:\/\/zecovalve.com\/product-category\",\"url\":\"https:\/\/zecovalve.com\/product-category\",\"name\":\"Industrial Valve Manufacturer | Water Valve Manufacturer\"}},{\"@type\":\"ListItem\",\"position\":3,\"item\":{\"@type\":\"WebPage\",\"@id\":\"https:\/\/zecovalve.com\/product\/6-inch-ball-valve\",\"url\":\"https:\/\/zecovalve.com\/product\/6-inch-ball-valve\",\"name\":\"6 inch Ball Valve\"}}]}]}<\/script>\n<!-- \/ Yoast SEO Premium plugin. -->","_links":{"self":[{"href":"https:\/\/zecovalve.com\/fr\/wp-json\/wp\/v2\/product\/16099","targetHints":{"allow":["GET"]}}],"collection":[{"href":"https:\/\/zecovalve.com\/fr\/wp-json\/wp\/v2\/product"}],"about":[{"href":"https:\/\/zecovalve.com\/fr\/wp-json\/wp\/v2\/types\/product"}],"replies":[{"embeddable":true,"href":"https:\/\/zecovalve.com\/fr\/wp-json\/wp\/v2\/comments?post=16099"}],"wp:featuredmedia":[{"embeddable":true,"href":"https:\/\/zecovalve.com\/fr\/wp-json\/wp\/v2\/media\/27867"}],"wp:attachment":[{"href":"https:\/\/zecovalve.com\/fr\/wp-json\/wp\/v2\/media?parent=16099"}],"wp:term":[{"taxonomy":"product_cat","embeddable":true,"href":"https:\/\/zecovalve.com\/fr\/wp-json\/wp\/v2\/product_cat?post=16099"},{"taxonomy":"product_tag","embeddable":true,"href":"https:\/\/zecovalve.com\/fr\/wp-json\/wp\/v2\/product_tag?post=16099"}],"curies":[{"name":"wp","href":"https:\/\/api.w.org\/{rel}","templated":true}]}}