{"id":16101,"date":"2022-06-19T03:44:20","date_gmt":"2022-06-19T03:44:20","guid":{"rendered":"https:\/\/zecovalve.com\/?post_type=product&#038;p=16101"},"modified":"2023-06-07T07:01:41","modified_gmt":"2023-06-07T07:01:41","slug":"motorized-ball-valve","status":"publish","type":"product","link":"https:\/\/zecovalve.com\/fr\/produit\/motorized-ball-valve","title":{"rendered":"Robinet \u00e0 boisseau sph\u00e9rique motoris\u00e9"},"content":{"rendered":"<p>Les robinets \u00e0 tournant sph\u00e9rique peuvent \u00eatre associ\u00e9s \u00e0 un actionneur \u00e9lectrique (robinets \u00e0 tournant sph\u00e9rique motoris\u00e9s) pour l'automatisation et\/ou le contr\u00f4le \u00e0 distance.<\/p>\r\n\r\n\r\n\r\n<figure class=\"wp-block-image alignnone size-medium wp-image-16102\"><img loading=\"lazy\" decoding=\"async\" width=\"300\" height=\"225\" class=\"wp-image-16102\" src=\"https:\/\/zecovalve.com\/wp-content\/uploads\/2022\/06\/motorized-ball-valve-300x225.jpg\" alt=\"Robinet \u00e0 boisseau sph\u00e9rique motoris\u00e9\" srcset=\"https:\/\/zecovalve.com\/wp-content\/uploads\/2022\/06\/motorized-ball-valve-300x225.jpg 300w, https:\/\/zecovalve.com\/wp-content\/uploads\/2022\/06\/motorized-ball-valve-768x576.jpg 768w, https:\/\/zecovalve.com\/wp-content\/uploads\/2022\/06\/motorized-ball-valve-600x450.jpg 600w, https:\/\/zecovalve.com\/wp-content\/uploads\/2022\/06\/motorized-ball-valve.jpg 800w\" sizes=\"auto, (max-width: 300px) 100vw, 300px\" \/>\r\n<figcaption>Robinet \u00e0 boisseau sph\u00e9rique motoris\u00e9<\/figcaption>\r\n<\/figure>\r\n\r\n\r\n<div class=\"gb-button-wrapper gb-button-wrapper-6d8495a3\">\r\n\r\n\r\n<p><a class=\"gb-button gb-button-3d442e11 gb-button-text\" href=\"https:\/\/zecovalve.com\/fr\/contact\/\" target=\"_blank\" rel=\"noopener noreferrer\"><strong>OBTENIR LE PRIX D'UN ROBINET \u00c0 BOISSEAU SPH\u00c9RIQUE MOTORIS\u00c9<\/strong><\/a><\/p>\r\n<\/div>\r\n\r\n\r\n\r\n\r\n<h2 class=\"wp-block-heading\" id=\"h-what-is-an-motorized-ball-valve\">Qu'est-ce qu'un robinet \u00e0 boisseau sph\u00e9rique motoris\u00e9 ?<\/h2>\r\n\r\n\r\n\r\n<p>Le fonctionnement d'un robinet \u00e0 tournant sph\u00e9rique motoris\u00e9 est similaire \u00e0 celui de son homologue manuel, mais dans ce robinet, un actionneur \u00e9lectrique est mont\u00e9 \u00e0 la place d'un levier pour actionner la tige (qui est reli\u00e9e au tournant sph\u00e9rique) qui, \u00e0 son tour, fait tourner le tournant sph\u00e9rique pour fournir l'op\u00e9ration souhait\u00e9e. Lorsque l'actionneur \u00e9lectrique re\u00e7oit un signal de la t\u00e9l\u00e9commande, en fonction de sa position, il tourne pour d\u00e9marrer ou arr\u00eater l'\u00e9coulement du fluide dans le robinet \u00e0 boisseau sph\u00e9rique.<\/p>\r\n\r\n\r\n\r\n<p>Un robinet \u00e0 boisseau sph\u00e9rique motoris\u00e9 peut \u00eatre con\u00e7u pour changer de position en fonction de la lecture d'un capteur. Un capteur peut d\u00e9tecter et signaler des changements de temp\u00e9rature ou de pression. Le robinet \u00e0 boisseau sph\u00e9rique motoris\u00e9 est d\u00e9clench\u00e9 lorsque le capteur atteint un point pr\u00e9d\u00e9termin\u00e9 par le personnel charg\u00e9 de la gestion de la machine. Elle peut remplir des fonctions importantes, par exemple emp\u00eacher que davantage de liquide de traitement n'atteigne une zone d\u00e9j\u00e0 pleine. Lorsque le capteur d\u00e9tecte que la zone est disponible pour plus de liquide, il active la vanne \u00e0 bille motoris\u00e9e, qui change de position pour permettre au liquide d'atteindre cet endroit.<\/p>\r\n\r\n\r\n\r\n<h2 class=\"wp-block-heading\">Comment fonctionne un robinet \u00e0 boisseau sph\u00e9rique motoris\u00e9 ?<\/h2>\r\n\r\n\r\n\r\n<p>Les robinets \u00e0 tournant sph\u00e9rique motoris\u00e9s sont principalement compos\u00e9s de deux parties, \u00e0 savoir l'actionneur \u00e9lectrique et le robinet. Apr\u00e8s une certaine installation et un d\u00e9bogage, l'interrupteur de l'\u00e9quipement peut \u00eatre r\u00e9gl\u00e9 et contr\u00f4l\u00e9 normalement. Les robinets \u00e0 boisseau sph\u00e9rique motoris\u00e9s s'appuient principalement sur le moteur pour conduire et ex\u00e9cuter l'op\u00e9ration, la taille de l'ouverture peut \u00e9galement \u00eatre ajust\u00e9e en fonction de la situation r\u00e9elle, de mani\u00e8re \u00e0 contr\u00f4ler le flux de l'\u00e9quipement interm\u00e9diaire, c'est un syst\u00e8me d'exploitation tr\u00e8s humain.<\/p>\r\n\r\n\r\n\r\n<h2 class=\"wp-block-heading\" id=\"h-what-are-motorized-ball-valves-used-for\">\u00c0 quoi servent les robinets \u00e0 tournant sph\u00e9rique motoris\u00e9s ?<\/h2>\r\n\r\n\r\n\r\n<h3 class=\"wp-block-heading\">Commande marche\/arr\u00eat<\/h3>\r\n\r\n\r\n\r\n<p>Les robinets \u00e0 boisseau sph\u00e9rique motoris\u00e9s peuvent passer de l'\u00e9tat ouvert \u00e0 l'\u00e9tat compl\u00e8tement ferm\u00e9 sans s'arr\u00eater \u00e0 aucune position interm\u00e9diaire. Chaque fois que le robinet \u00e0 boisseau sph\u00e9rique motoris\u00e9 termine le cycle d'ouverture et de fermeture, le moteur \u00e9lectrique s'arr\u00eate par l'interm\u00e9diaire de cames internes, ce qui d\u00e9clenche les interrupteurs de fin de course.<\/p>\r\n\r\n\r\n\r\n<p>Par exemple, lorsque le moteur \u00e9lectrique re\u00e7oit un signal de fermeture du robinet \u00e0 boisseau sph\u00e9rique motoris\u00e9, le moteur est aliment\u00e9 et tourne afin de fermer les robinets \u00e0 boisseau sph\u00e9rique. Par la suite, les interrupteurs de fin de course se d\u00e9placent sur la came tandis que la came interne tourne sur l'arbre jusqu'\u00e0 ce que le lobe actionne l'interrupteur pour arr\u00eater le moteur \u00e9lectrique, coupant ainsi le circuit.<\/p>\r\n\r\n\r\n\r\n<h3 class=\"wp-block-heading\">Contr\u00f4le du positionnement<\/h3>\r\n\r\n\r\n\r\n<p>Un autre type d'application exige que les vannes \u00e0 bille motoris\u00e9es s'ouvrent ou se ferment partiellement, en d\u00e9tectant et en r\u00e9agissant aux diff\u00e9rentes conditions de d\u00e9bit d'eau. Dans ce cas, l'objectif peut \u00eatre atteint gr\u00e2ce \u00e0 l'incorporation d'un capteur de position num\u00e9rique.<\/p>\r\n\r\n\r\n\r\n<p>En fonction des exigences particuli\u00e8res en mati\u00e8re de d\u00e9bit, le signal de commande externe sera cr\u00e9\u00e9. Ce signal d'entr\u00e9e sera compar\u00e9 par l'actionneur des vannes \u00e0 bille motoris\u00e9es de mani\u00e8re coh\u00e9rente \u00e0 la position r\u00e9elle par l'interm\u00e9diaire de l'\u00e9l\u00e9ment de retour de sortie. Par la suite, les vannes \u00e0 bille motoris\u00e9es seront actionn\u00e9es pour \u00e9quilibrer les commandes et atteindre la position requise. Un signal d'environ 4mA ou 0V est g\u00e9n\u00e9ralement utilis\u00e9 pour fermer les vannes \u00e0 bille motoris\u00e9es.<\/p>\r\n\r\n\r\n\r\n<h2 class=\"wp-block-heading\">Applications des robinets \u00e0 tournant sph\u00e9rique motoris\u00e9s<\/h2>\r\n\r\n\r\n\r\n<p>Les robinets \u00e0 boisseau sph\u00e9rique motoris\u00e9s sont introduits dans les syst\u00e8mes pour contr\u00f4ler l'ouverture et la fermeture des robinets. Pour mesurer le d\u00e9bit, ils sont souvent \u00e9quip\u00e9s de contr\u00f4leurs de jauge ou de d\u00e9bitm\u00e8tres. Les vannes \u00e0 bille motoris\u00e9es sont utilis\u00e9es dans les processus industriels, les usines de fabrication, la manipulation de produits chimiques, les \u00e9quipements pour les aliments et les boissons, les op\u00e9rations mini\u00e8res, les centrales \u00e9lectriques et le secteur de l'\u00e9nergie. Ils sont \u00e9galement utilis\u00e9s dans le traitement des eaux us\u00e9es, les centres de traitement municipaux, la production d'eau propre, les aquariums, les soins aux animaux, la production chimique, les op\u00e9rations de m\u00e9tallisation et de placage, et la synth\u00e8se chimique.<\/p>\r\n\r\n\r\n\r\n<h2 class=\"wp-block-heading\" id=\"h-features-of-motorized-ball-valves\">Caract\u00e9ristiques des robinets \u00e0 tournant sph\u00e9rique motoris\u00e9s :<\/h2>\r\n\r\n\r\n\r\n<ol class=\"wp-block-list\">\r\n<li>Lorsque le fluide traverse la vanne, la pression dans le corps de la vanne peut \u00e9ventuellement pousser la tige vers l'ext\u00e9rieur, ou lorsque la vanne est en r\u00e9paration, s'il y a une pression dans la cavit\u00e9 centrale, la tige ou le fluide semble facilement s'envoler lors du d\u00e9montage de la vanne, ce qui peut causer des blessures aux \u00eatres humains. Pour \u00e9viter ces risques, une fausse massue est plac\u00e9e dans la partie inf\u00e9rieure de la tige. Ainsi, m\u00eame en cas d'incendie, de br\u00fblure de la garniture et du palier de but\u00e9e ou de d\u00e9t\u00e9rioration de la garniture pour d'autres raisons, la pression du fluide dans le corps de la vanne fera en sorte que la fausse massue de la tige de la vanne soit en contact \u00e9troit avec la face sup\u00e9rieure du joint du corps de la vanne, ce qui emp\u00eachera le fluide de s'\u00e9chapper de la position endommag\u00e9e de la garniture ;<\/li>\r\n<li>Le robinet \u00e0 boisseau sph\u00e9rique motoris\u00e9 ZECO peut \u00eatre command\u00e9 \u00e0 distance, de mani\u00e8re simple et rapide ;<\/li>\r\n<li>L'actionneur \u00e9lectrique standard du robinet \u00e0 boisseau sph\u00e9rique motoris\u00e9 ZECO est l'actionneur \u00e9lectrique AUMA. D'autres types d'actionneurs \u00e9lectriques peuvent \u00eatre s\u00e9lectionn\u00e9s en fonction des exigences des clients ;<\/li>\r\n<li>Le robinet \u00e0 boisseau sph\u00e9rique motoris\u00e9 ZECO peut choisir un corps forg\u00e9 ou un corps moul\u00e9, ZECO est tr\u00e8s strict dans le contr\u00f4le des mati\u00e8res premi\u00e8res, quel que soit le mat\u00e9riau utilis\u00e9, il peut r\u00e9pondre pleinement aux exigences des normes internationales et de l'analyse chimique.<\/li>\r\n<\/ol>\r\n\r\n\r\n\r\n<h2 class=\"wp-block-heading\" id=\"h-material-of-motorized-ball-valves\">Mat\u00e9riau des robinets \u00e0 boisseau sph\u00e9rique motoris\u00e9s :<\/h2>\r\n\r\n\r\n\r\n<figure class=\"wp-block-table\">\r\n<table>\r\n<tbody>\r\n<tr>\r\n<td>Non<\/td>\r\n<td>Partie<\/td>\r\n<td>Mat\u00e9riau<\/td>\r\n<\/tr>\r\n<tr>\r\n<td>1<\/td>\r\n<td>Corps<\/td>\r\n<td>ASTM A105<\/td>\r\n<\/tr>\r\n<tr>\r\n<td>2<\/td>\r\n<td>Bonnet<\/td>\r\n<td>ASTM A105<\/td>\r\n<\/tr>\r\n<tr>\r\n<td>3<\/td>\r\n<td>Boule<\/td>\r\n<td>ASTM A182 F316<\/td>\r\n<\/tr>\r\n<tr>\r\n<td>4<\/td>\r\n<td>Si\u00e8ge<\/td>\r\n<td>ASTM A182 F316 + NYLON<\/td>\r\n<\/tr>\r\n<tr>\r\n<td>5<\/td>\r\n<td>Tige<\/td>\r\n<td>ASTM A276 316<\/td>\r\n<\/tr>\r\n<tr>\r\n<td>6<\/td>\r\n<td>Dispositif antistatique<\/td>\r\n<td>SS316<\/td>\r\n<\/tr>\r\n<tr>\r\n<td>7<\/td>\r\n<td>Joint d'\u00e9tanch\u00e9it\u00e9<\/td>\r\n<td>Graphite + SS316<\/td>\r\n<\/tr>\r\n<tr>\r\n<td>8<\/td>\r\n<td>Boulon<\/td>\r\n<td>ASTM A193 B7<\/td>\r\n<\/tr>\r\n<tr>\r\n<td>9<\/td>\r\n<td>\u00c9crou<\/td>\r\n<td>ASTM A194 2H<\/td>\r\n<\/tr>\r\n<tr>\r\n<td>10<\/td>\r\n<td>Joint torique<\/td>\r\n<td>Viton A<\/td>\r\n<\/tr>\r\n<tr>\r\n<td>11<\/td>\r\n<td>Actionneur motoris\u00e9<\/td>\r\n<td>Aluminium<\/td>\r\n<\/tr>\r\n<\/tbody>\r\n<\/table>\r\n<\/figure>","protected":false},"excerpt":{"rendered":"<p>Les vannes \u00e0 bille peuvent \u00eatre combin\u00e9es avec un actionneur \u00e9lectrique (vannes \u00e0 bille motoris\u00e9es) pour l&#039;automatisation et\/ou le contr\u00f4le \u00e0 distance. Qu&#039;est-ce qu&#039;un motoris\u00e9\u2026 <a title=\"Robinet \u00e0 boisseau sph\u00e9rique motoris\u00e9\" class=\"read-more\" href=\"https:\/\/zecovalve.com\/fr\/produit\/motorized-ball-valve\" aria-label=\"Robinet \u00e0 boisseau sph\u00e9rique motoris\u00e9 Plus sur\">Lire plus<\/a><\/p>","protected":false},"featured_media":27850,"comment_status":"closed","ping_status":"closed","template":"","meta":{"_generate-full-width-content":"","kt_blocks_editor_width":""},"product_cat":[2047,2460,2465],"product_tag":[3295,3293,3869,3255,3291,3868,3294,2766,3292,2727],"class_list":["post-16101","product","type-product","status-publish","has-post-thumbnail","hentry","product_cat-ball-valve","product_cat-ball-valve-by-drive-mode","product_cat-forged-steel-ball-valve","product_tag-ball-valve-electric","product_tag-electric-actuated-ball-valve","product_tag-electric-actuator-ball-valve","product_tag-electric-ball-valve","product_tag-electrical-ball-valve","product_tag-electrically-actuated-ball-valve","product_tag-electronic-ball-valve","product_tag-motorised-valve","product_tag-motorized-ball-valve","product_tag-motorized-valve","sales-flash-overlay","woocommerce-text-align-center","woocommerce-image-align-center","do-quantity-buttons"],"featured_image_src_large":["https:\/\/zecovalve.com\/wp-content\/uploads\/2022\/06\/Motorized-Ball-Valve-1.jpg",800,600,false],"author_info":[],"comment_info":0,"taxonomy_info":{"product_cat":[{"value":2047,"label":"Ball Valve"},{"value":2460,"label":"Ball Valve By Drive Mode"},{"value":2465,"label":"Forged Ball Valve"}],"product_tag":[{"value":3295,"label":"Ball Valve Electric"},{"value":3293,"label":"Electric Actuated Ball Valve"},{"value":3869,"label":"Electric Actuator Ball Valve"},{"value":3255,"label":"Electric Ball Valve"},{"value":3291,"label":"Electrical Ball Valve"},{"value":3868,"label":"Electrically Actuated Ball Valve"},{"value":3294,"label":"Electronic Ball Valve"},{"value":2766,"label":"Motorised Valve"},{"value":3292,"label":"Motorized Ball Valve"},{"value":2727,"label":"Motorized Valve"}]},"yoast_head":"<!-- This site is optimized with the Yoast SEO Premium plugin v15.4 - https:\/\/yoast.com\/wordpress\/plugins\/seo\/ -->\n<title>Motorized Ball Valve - Motorized Ball Valve Supplier | ZECO Valve<\/title>\n<meta name=\"robots\" content=\"index, follow, max-snippet:-1, max-image-preview:large, max-video-preview:-1\" \/>\n<link rel=\"canonical\" href=\"https:\/\/zecovalve.com\/fr\/produit\/motorized-ball-valve\" \/>\n<meta property=\"og:locale\" content=\"fr_FR\" \/>\n<meta property=\"og:type\" content=\"article\" \/>\n<meta property=\"og:title\" content=\"Motorized Ball Valve - Motorized Ball Valve Supplier | ZECO Valve\" \/>\n<meta property=\"og:description\" content=\"Ball valves can be combined with a electric actuator (motorized ball valves) for automation and\/or for controlling remotely. What is an Motorized ... Lire plus\" \/>\n<meta property=\"og:url\" content=\"https:\/\/zecovalve.com\/fr\/produit\/motorized-ball-valve\" \/>\n<meta property=\"og:site_name\" content=\"ZECO Valve\" \/>\n<meta property=\"article:modified_time\" content=\"2023-06-07T07:01:41+00:00\" \/>\n<meta property=\"og:image\" content=\"https:\/\/zecovalve.com\/wp-content\/uploads\/2022\/06\/Motorized-Ball-Valve-1.jpg\" \/>\n\t<meta property=\"og:image:width\" content=\"800\" \/>\n\t<meta property=\"og:image:height\" content=\"600\" \/>\n<meta name=\"twitter:card\" content=\"summary_large_image\" \/>\n<meta name=\"twitter:label1\" content=\"\u00c9crit par\">\n\t<meta name=\"twitter:data1\" content=\"Jerry\">\n\t<meta name=\"twitter:label2\" content=\"Dur\u00e9e de lecture estim\u00e9e\">\n\t<meta name=\"twitter:data2\" content=\"3 minutes\">\n<script type=\"application\/ld+json\" class=\"yoast-schema-graph\">{\"@context\":\"https:\/\/schema.org\",\"@graph\":[{\"@type\":\"WebSite\",\"@id\":\"https:\/\/zecovalve.com\/#website\",\"url\":\"https:\/\/zecovalve.com\/\",\"name\":\"ZECO Valve\",\"description\":\"Industrial Ball Valve, Gate Valve and Globe Valve Manufacturer\",\"potentialAction\":[{\"@type\":\"SearchAction\",\"target\":\"https:\/\/zecovalve.com\/?s={search_term_string}\",\"query-input\":\"required name=search_term_string\"}],\"inLanguage\":\"fr-FR\"},{\"@type\":\"ImageObject\",\"@id\":\"https:\/\/zecovalve.com\/product\/motorized-ball-valve#primaryimage\",\"inLanguage\":\"fr-FR\",\"url\":\"https:\/\/zecovalve.com\/wp-content\/uploads\/2022\/06\/Motorized-Ball-Valve-1.jpg\",\"width\":800,\"height\":600,\"caption\":\"Motorized Ball Valve\"},{\"@type\":\"WebPage\",\"@id\":\"https:\/\/zecovalve.com\/product\/motorized-ball-valve#webpage\",\"url\":\"https:\/\/zecovalve.com\/product\/motorized-ball-valve\",\"name\":\"Motorized Ball Valve - Motorized Ball Valve Supplier | ZECO Valve\",\"isPartOf\":{\"@id\":\"https:\/\/zecovalve.com\/#website\"},\"primaryImageOfPage\":{\"@id\":\"https:\/\/zecovalve.com\/product\/motorized-ball-valve#primaryimage\"},\"datePublished\":\"2022-06-19T03:44:20+00:00\",\"dateModified\":\"2023-06-07T07:01:41+00:00\",\"breadcrumb\":{\"@id\":\"https:\/\/zecovalve.com\/product\/motorized-ball-valve#breadcrumb\"},\"inLanguage\":\"fr-FR\",\"potentialAction\":[{\"@type\":\"ReadAction\",\"target\":[\"https:\/\/zecovalve.com\/product\/motorized-ball-valve\"]}]},{\"@type\":\"BreadcrumbList\",\"@id\":\"https:\/\/zecovalve.com\/product\/motorized-ball-valve#breadcrumb\",\"itemListElement\":[{\"@type\":\"ListItem\",\"position\":1,\"item\":{\"@type\":\"WebPage\",\"@id\":\"https:\/\/zecovalve.com\/\",\"url\":\"https:\/\/zecovalve.com\/\",\"name\":\"Home\"}},{\"@type\":\"ListItem\",\"position\":2,\"item\":{\"@type\":\"WebPage\",\"@id\":\"https:\/\/zecovalve.com\/product-category\",\"url\":\"https:\/\/zecovalve.com\/product-category\",\"name\":\"Industrial Valve Manufacturer | Water Valve Manufacturer\"}},{\"@type\":\"ListItem\",\"position\":3,\"item\":{\"@type\":\"WebPage\",\"@id\":\"https:\/\/zecovalve.com\/product\/motorized-ball-valve\",\"url\":\"https:\/\/zecovalve.com\/product\/motorized-ball-valve\",\"name\":\"Motorized Ball Valve\"}}]}]}<\/script>\n<!-- \/ Yoast SEO Premium plugin. -->","_links":{"self":[{"href":"https:\/\/zecovalve.com\/fr\/wp-json\/wp\/v2\/product\/16101","targetHints":{"allow":["GET"]}}],"collection":[{"href":"https:\/\/zecovalve.com\/fr\/wp-json\/wp\/v2\/product"}],"about":[{"href":"https:\/\/zecovalve.com\/fr\/wp-json\/wp\/v2\/types\/product"}],"replies":[{"embeddable":true,"href":"https:\/\/zecovalve.com\/fr\/wp-json\/wp\/v2\/comments?post=16101"}],"wp:featuredmedia":[{"embeddable":true,"href":"https:\/\/zecovalve.com\/fr\/wp-json\/wp\/v2\/media\/27850"}],"wp:attachment":[{"href":"https:\/\/zecovalve.com\/fr\/wp-json\/wp\/v2\/media?parent=16101"}],"wp:term":[{"taxonomy":"product_cat","embeddable":true,"href":"https:\/\/zecovalve.com\/fr\/wp-json\/wp\/v2\/product_cat?post=16101"},{"taxonomy":"product_tag","embeddable":true,"href":"https:\/\/zecovalve.com\/fr\/wp-json\/wp\/v2\/product_tag?post=16101"}],"curies":[{"name":"wp","href":"https:\/\/api.w.org\/{rel}","templated":true}]}}