{"id":16105,"date":"2022-06-19T03:50:30","date_gmt":"2022-06-19T03:50:30","guid":{"rendered":"https:\/\/zecovalve.com\/?post_type=product&#038;p=16105"},"modified":"2023-06-15T13:56:21","modified_gmt":"2023-06-15T13:56:21","slug":"cryogenic-globe-valve","status":"publish","type":"product","link":"https:\/\/zecovalve.com\/fr\/produit\/cryogenic-globe-valve","title":{"rendered":"Robinet \u00e0 soupape cryog\u00e9nique"},"content":{"rendered":"<p>Les vannes cryog\u00e9niques, comme leur nom l&#039;indique, sont des vannes utilis\u00e9es dans des applications extr\u00eamement froides.<\/p>\r\n\r\n\r\n\r\n<figure class=\"wp-block-image alignnone size-medium wp-image-16107\">\r\n<p><img loading=\"lazy\" decoding=\"async\" class=\"wp-image-27903 size-medium\" src=\"https:\/\/zecovalve.com\/wp-content\/uploads\/2022\/06\/Cryogenic-Globe-Valve-1-300x225.jpg\" alt=\"Robinet \u00e0 soupape cryog\u00e9nique\" width=\"300\" height=\"225\" srcset=\"https:\/\/zecovalve.com\/wp-content\/uploads\/2022\/06\/Cryogenic-Globe-Valve-1-300x225.jpg 300w, https:\/\/zecovalve.com\/wp-content\/uploads\/2022\/06\/Cryogenic-Globe-Valve-1-768x576.jpg 768w, https:\/\/zecovalve.com\/wp-content\/uploads\/2022\/06\/Cryogenic-Globe-Valve-1-600x450.jpg 600w, https:\/\/zecovalve.com\/wp-content\/uploads\/2022\/06\/Cryogenic-Globe-Valve-1.jpg 800w\" sizes=\"auto, (max-width: 300px) 100vw, 300px\" \/><\/p>\r\n<\/figure>\r\n\r\n\r\n<div class=\"gb-button-wrapper gb-button-wrapper-6d8495a3\">\r\n\r\n\r\n<p><a class=\"gb-button gb-button-3d442e11 gb-button-text\" href=\"https:\/\/zecovalve.com\/fr\/contact\/\" target=\"_blank\" rel=\"noopener noreferrer\"><strong>OBTENIR LE PRIX DE LA VANNE CRYOG\u00c9NIQUE \u00c0 GLOBE<\/strong><\/a><\/p>\r\n<\/div>\r\n\r\n\r\n\r\n\r\n<h2 class=\"wp-block-heading\">Qu&#039;est-ce qu&#039;une vanne cryog\u00e9nique ?<\/h2>\r\n\r\n\r\n\r\n<p>Les vannes cryog\u00e9niques sont con\u00e7ues pour \u00eatre utilis\u00e9es dans des applications tr\u00e8s froides.<\/p>\r\n\r\n\r\n\r\n<p>Les vannes cryog\u00e9niques sont con\u00e7ues pour faciliter le transport et le stockage de ces gaz cryog\u00e9niques de mani\u00e8re s\u00fbre et efficace.<\/p>\r\n\r\n\r\n\r\n<h2 class=\"wp-block-heading\">Comment fonctionnent les vannes cryog\u00e9niques ?<\/h2>\r\n\r\n\r\n\r\n<p>Les vannes cryog\u00e9niques sont maintenues dans une position ferm\u00e9e naturelle pour maintenir les gaz cryog\u00e9niques ou tout autre milieu s\u00e9curis\u00e9 et contenu en toute s\u00e9curit\u00e9. Une vanne cryog\u00e9nique est g\u00e9n\u00e9ralement con\u00e7ue pour r\u00e9agir \u00e0 une pression \u00e9lev\u00e9e qui pousse la vanne en position ouverte pour permettre au gaz ou \u00e0 d&#039;autres fluides de s&#039;\u00e9couler facilement. Un tel flux ouvert continuera jusqu&#039;\u00e0 ce que la pression diminue \u00e0 nouveau, auquel cas il reviendra en arri\u00e8re et deviendra \u00e9tanche avec un si\u00e8ge m\u00e9tallique sp\u00e9cial \u00e9tanche aux bulles pour \u00e9viter toute fuite.<\/p>\r\n\r\n\r\n\r\n<h2 class=\"wp-block-heading\" id=\"h-applications-of-cryogenic-valves\">Applications des vannes cryog\u00e9niques<\/h2>\r\n\r\n\r\n\r\n<ul class=\"wp-block-list\">\r\n<li>GNL (Gaz Naturel Liqu\u00e9fi\u00e9) : Usines de liqu\u00e9faction de GNL, Terminal<\/li>\r\n<li>Usines d&#039;\u00e9thyl\u00e8ne<\/li>\r\n<li>Usine industrielle de gaz \u00e0 basse temp\u00e9rature<\/li>\r\n<\/ul>\r\n\r\n\r\n\r\n<h2 class=\"wp-block-heading\" id=\"h-what-is-a-cryogenic-globe-valve\">Qu&#039;est-ce qu&#039;un robinet \u00e0 soupape cryog\u00e9nique\u00a0?<\/h2>\r\n\r\n\r\n\r\n<p>Le robinet \u00e0 soupape cryog\u00e9nique ZECO est disponible avec un couple ultra-faible \u00e0 basse temp\u00e9rature de -196 \u2103 qui, dans des conditions de basse temp\u00e9rature et de fonctionnement stable, et a valid\u00e9 le mat\u00e9riau d&#039;\u00e9tanch\u00e9it\u00e9 des mat\u00e9riaux \u00e0 basse temp\u00e9rature garantit \u00e9galement que le robinet \u00e0 soupape cryog\u00e9nique ZECO peut \u00eatre dans des cas extr\u00eames, bon performances d&#039;\u00e9tanch\u00e9it\u00e9 et longue dur\u00e9e de vie et ZECO est un exportateur professionnel de vannes \u00e0 soupape cryog\u00e9niques, les produits sont largement utilis\u00e9s dans le GNL, le GPL et d&#039;autres conditions industrielles \u00e0 basse temp\u00e9rature. Le stockage cryog\u00e9nique des vannes \u00e0 soupape est \u00e9galement tr\u00e8s important. Si vous souhaitez stocker les vannes pendant quelques semaines ou mois, vous devez investir dans l&#039;am\u00e9lioration des conditions de stockage d&#039;origine. La vanne est g\u00e9n\u00e9ralement stock\u00e9e \u00e0 l&#039;int\u00e9rieur, ce qui fait que la temp\u00e9rature r\u00e9elle des vannes est sup\u00e9rieure \u00e0 la temp\u00e9rature du point de ros\u00e9e. Si les vannes doivent \u00eatre stock\u00e9es \u00e0 l&#039;ext\u00e9rieur, elles doivent \u00eatre soutenues, pour ne pas entrer en contact avec le sol, et utiliser un couvercle \u00e9tanche pour \u00e9viter.<\/p>\r\n\r\n\r\n\r\n<h2 class=\"wp-block-heading\" id=\"h-features-of-cryogenic-globe-valve\">Caract\u00e9ristiques du robinet \u00e0 soupape cryog\u00e9nique\u00a0:<\/h2>\r\n\r\n\r\n\r\n<ul class=\"wp-block-list\">\r\n<li>La surface du si\u00e8ge du clapet du robinet \u00e0 soupape cryog\u00e9nique ZECO est de conception \u00e0 disque standard, tandis qu&#039;une surface d&#039;appui sph\u00e9rique, parabolique ou plate est facultative sur demande du client\u00a0;<\/li>\r\n<li>\u00c9tant donn\u00e9 que les canalisations moyenne et basse pression peuvent \u00eatre bien connect\u00e9es et scell\u00e9es par une connexion \u00e0 bride, les vannes \u00e0 soupape cryog\u00e9niques ZECO de moins de 600 lb sont g\u00e9n\u00e9ralement connect\u00e9es \u00e0 une connexion \u00e0 bride, tandis que plus de 600 lb sont g\u00e9n\u00e9ralement connect\u00e9es \u00e0 une connexion RTJ pour mieux connecter la vanne au pipeline en raison de haute pression;<\/li>\r\n<li>Afin de garder le presse-\u00e9toupe \u00e9loign\u00e9 des fluides \u00e0 basse temp\u00e9rature et d&#039;\u00e9viter des dommages de contact \u00e0 long terme affectant les performances d&#039;\u00e9tanch\u00e9it\u00e9, la tige du robinet \u00e0 soupape cryog\u00e9nique ZECO est allong\u00e9e pour prolonger la dur\u00e9e de vie de la garniture\u00a0;<\/li>\r\n<li>La tige du robinet \u00e0 soupape cryog\u00e9nique ZECO est con\u00e7ue en anti-\u00e9ruption.<\/li>\r\n<\/ul>\r\n\r\n\r\n\r\n<h2 class=\"wp-block-heading\" id=\"h-material-of-cryogenic-globe-valve\">Mat\u00e9riau du robinet \u00e0 soupape cryog\u00e9nique\u00a0:<\/h2>\r\n\r\n\r\n\r\n<figure class=\"wp-block-table\">\r\n<table>\r\n<tbody>\r\n<tr>\r\n<td>Non<\/td>\r\n<td>Partie<\/td>\r\n<td>Mat\u00e9riau<\/td>\r\n<\/tr>\r\n<tr>\r\n<td>1<\/td>\r\n<td>Corps<\/td>\r\n<td>ASTM A352 LCC<\/td>\r\n<\/tr>\r\n<tr>\r\n<td>2<\/td>\r\n<td>Disque<\/td>\r\n<td>ASTM A182 F316<\/td>\r\n<\/tr>\r\n<tr>\r\n<td>3<\/td>\r\n<td>Tige<\/td>\r\n<td>ASTM A276 316<\/td>\r\n<\/tr>\r\n<tr>\r\n<td>4<\/td>\r\n<td>Joint de chapeau<\/td>\r\n<td>Graphite + SS316<\/td>\r\n<\/tr>\r\n<tr>\r\n<td>5<\/td>\r\n<td>Bonnet<\/td>\r\n<td>ASTM A352 LCC<\/td>\r\n<\/tr>\r\n<tr>\r\n<td>6<\/td>\r\n<td>Boulon du chapeau<\/td>\r\n<td>ASTM A320 L7M<\/td>\r\n<\/tr>\r\n<tr>\r\n<td>7<\/td>\r\n<td>\u00c9crou \u00e0 chapeau<\/td>\r\n<td>ASTM A194 7M<\/td>\r\n<\/tr>\r\n<tr>\r\n<td>8<\/td>\r\n<td>Garniture de tige<\/td>\r\n<td>Graphite renforc\u00e9<\/td>\r\n<\/tr>\r\n<tr>\r\n<td>9<\/td>\r\n<td>Gland<\/td>\r\n<td>ASTM A276 316<\/td>\r\n<\/tr>\r\n<tr>\r\n<td>10<\/td>\r\n<td>Presse-\u00e9toupe Boulon \u00e0 \u0153il<\/td>\r\n<td>ASTM A320 L7M<\/td>\r\n<\/tr>\r\n<tr>\r\n<td>11<\/td>\r\n<td>Ecrou de tige<\/td>\r\n<td>ASTM B148<\/td>\r\n<\/tr>\r\n<\/tbody>\r\n<\/table>\r\n<\/figure>","protected":false},"excerpt":{"rendered":"<p>Les vannes cryog\u00e9niques, comme leur nom l&#039;indique, sont des vannes utilis\u00e9es dans des applications extr\u00eamement froides. Qu&#039;est-ce qu&#039;une vanne cryog\u00e9nique ? Vannes cryog\u00e9niques\u2026 <a title=\"Robinet \u00e0 soupape cryog\u00e9nique\" class=\"read-more\" href=\"https:\/\/zecovalve.com\/fr\/produit\/cryogenic-globe-valve\" aria-label=\"Plus sur Cryogenic Globe Valve\">Lire plus<\/a><\/p>","protected":false},"featured_media":27903,"comment_status":"closed","ping_status":"closed","template":"","meta":{"_generate-full-width-content":"","kt_blocks_editor_width":""},"product_cat":[2457,2049],"product_tag":[3988,3989],"class_list":["post-16105","product","type-product","status-publish","has-post-thumbnail","hentry","product_cat-gate-valve-by-drive-mode","product_cat-globe-valve","product_tag-wholesale-abs-double-union-ball-check-valve-factory","product_tag-wholesale-abs-double-union-ball-check-valve-suppliers","sales-flash-overlay","woocommerce-text-align-center","woocommerce-image-align-center","do-quantity-buttons"],"featured_image_src_large":["https:\/\/zecovalve.com\/wp-content\/uploads\/2022\/06\/Cryogenic-Globe-Valve-1.jpg",800,600,false],"author_info":[],"comment_info":0,"taxonomy_info":{"product_cat":[{"value":2457,"label":"Gate Valve with Actuator"},{"value":2049,"label":"Globe Valve"}],"product_tag":[{"value":3988,"label":"wholesale abs double union ball check valve factory"},{"value":3989,"label":"wholesale abs double union ball check valve suppliers"}]},"yoast_head":"<!-- This site is optimized with the Yoast SEO Premium plugin v15.4 - https:\/\/yoast.com\/wordpress\/plugins\/seo\/ -->\n<title>Cryogenic Globe Valve - Cryogenic Valve Manufacturer | ZECO Valve<\/title>\n<meta name=\"robots\" content=\"index, follow, max-snippet:-1, max-image-preview:large, max-video-preview:-1\" \/>\n<link rel=\"canonical\" href=\"https:\/\/zecovalve.com\/fr\/produit\/cryogenic-globe-valve\" \/>\n<meta property=\"og:locale\" content=\"fr_FR\" \/>\n<meta property=\"og:type\" content=\"article\" \/>\n<meta property=\"og:title\" content=\"Cryogenic Globe Valve - Cryogenic Valve Manufacturer | ZECO Valve\" \/>\n<meta property=\"og:description\" content=\"Cryogenic valves, as the name indicates, are valves that are used in extremely cold applications. What is a Cryogenic Valve? Cryogenic valves ... Lire plus\" \/>\n<meta property=\"og:url\" content=\"https:\/\/zecovalve.com\/fr\/produit\/cryogenic-globe-valve\" \/>\n<meta property=\"og:site_name\" content=\"ZECO Valve\" \/>\n<meta property=\"article:modified_time\" content=\"2023-06-15T13:56:21+00:00\" \/>\n<meta property=\"og:image\" content=\"https:\/\/zecovalve.com\/wp-content\/uploads\/2022\/06\/Cryogenic-Globe-Valve-1.jpg\" \/>\n\t<meta property=\"og:image:width\" content=\"800\" \/>\n\t<meta property=\"og:image:height\" content=\"600\" \/>\n<meta name=\"twitter:card\" content=\"summary_large_image\" \/>\n<meta name=\"twitter:label1\" content=\"\u00c9crit par\">\n\t<meta name=\"twitter:data1\" content=\"Jerry\">\n\t<meta name=\"twitter:label2\" content=\"Dur\u00e9e de lecture estim\u00e9e\">\n\t<meta name=\"twitter:data2\" content=\"2 minutes\">\n<script type=\"application\/ld+json\" class=\"yoast-schema-graph\">{\"@context\":\"https:\/\/schema.org\",\"@graph\":[{\"@type\":\"WebSite\",\"@id\":\"https:\/\/zecovalve.com\/#website\",\"url\":\"https:\/\/zecovalve.com\/\",\"name\":\"ZECO Valve\",\"description\":\"Industrial Ball Valve, Gate Valve and Globe Valve Manufacturer\",\"potentialAction\":[{\"@type\":\"SearchAction\",\"target\":\"https:\/\/zecovalve.com\/?s={search_term_string}\",\"query-input\":\"required name=search_term_string\"}],\"inLanguage\":\"fr-FR\"},{\"@type\":\"ImageObject\",\"@id\":\"https:\/\/zecovalve.com\/product\/cryogenic-globe-valve#primaryimage\",\"inLanguage\":\"fr-FR\",\"url\":\"https:\/\/zecovalve.com\/wp-content\/uploads\/2022\/06\/Cryogenic-Globe-Valve-1.jpg\",\"width\":800,\"height\":600,\"caption\":\"Cryogenic Globe Valve\"},{\"@type\":\"WebPage\",\"@id\":\"https:\/\/zecovalve.com\/product\/cryogenic-globe-valve#webpage\",\"url\":\"https:\/\/zecovalve.com\/product\/cryogenic-globe-valve\",\"name\":\"Cryogenic Globe Valve - Cryogenic Valve Manufacturer | ZECO Valve\",\"isPartOf\":{\"@id\":\"https:\/\/zecovalve.com\/#website\"},\"primaryImageOfPage\":{\"@id\":\"https:\/\/zecovalve.com\/product\/cryogenic-globe-valve#primaryimage\"},\"datePublished\":\"2022-06-19T03:50:30+00:00\",\"dateModified\":\"2023-06-15T13:56:21+00:00\",\"breadcrumb\":{\"@id\":\"https:\/\/zecovalve.com\/product\/cryogenic-globe-valve#breadcrumb\"},\"inLanguage\":\"fr-FR\",\"potentialAction\":[{\"@type\":\"ReadAction\",\"target\":[\"https:\/\/zecovalve.com\/product\/cryogenic-globe-valve\"]}]},{\"@type\":\"BreadcrumbList\",\"@id\":\"https:\/\/zecovalve.com\/product\/cryogenic-globe-valve#breadcrumb\",\"itemListElement\":[{\"@type\":\"ListItem\",\"position\":1,\"item\":{\"@type\":\"WebPage\",\"@id\":\"https:\/\/zecovalve.com\/\",\"url\":\"https:\/\/zecovalve.com\/\",\"name\":\"Home\"}},{\"@type\":\"ListItem\",\"position\":2,\"item\":{\"@type\":\"WebPage\",\"@id\":\"https:\/\/zecovalve.com\/product-category\",\"url\":\"https:\/\/zecovalve.com\/product-category\",\"name\":\"Industrial Valve Manufacturer | Water Valve Manufacturer\"}},{\"@type\":\"ListItem\",\"position\":3,\"item\":{\"@type\":\"WebPage\",\"@id\":\"https:\/\/zecovalve.com\/product\/cryogenic-globe-valve\",\"url\":\"https:\/\/zecovalve.com\/product\/cryogenic-globe-valve\",\"name\":\"Cryogenic Globe Valve\"}}]}]}<\/script>\n<!-- \/ Yoast SEO Premium plugin. -->","_links":{"self":[{"href":"https:\/\/zecovalve.com\/fr\/wp-json\/wp\/v2\/product\/16105","targetHints":{"allow":["GET"]}}],"collection":[{"href":"https:\/\/zecovalve.com\/fr\/wp-json\/wp\/v2\/product"}],"about":[{"href":"https:\/\/zecovalve.com\/fr\/wp-json\/wp\/v2\/types\/product"}],"replies":[{"embeddable":true,"href":"https:\/\/zecovalve.com\/fr\/wp-json\/wp\/v2\/comments?post=16105"}],"wp:featuredmedia":[{"embeddable":true,"href":"https:\/\/zecovalve.com\/fr\/wp-json\/wp\/v2\/media\/27903"}],"wp:attachment":[{"href":"https:\/\/zecovalve.com\/fr\/wp-json\/wp\/v2\/media?parent=16105"}],"wp:term":[{"taxonomy":"product_cat","embeddable":true,"href":"https:\/\/zecovalve.com\/fr\/wp-json\/wp\/v2\/product_cat?post=16105"},{"taxonomy":"product_tag","embeddable":true,"href":"https:\/\/zecovalve.com\/fr\/wp-json\/wp\/v2\/product_tag?post=16105"}],"curies":[{"name":"wp","href":"https:\/\/api.w.org\/{rel}","templated":true}]}}