{"id":16108,"date":"2022-06-19T03:52:47","date_gmt":"2022-06-19T03:52:47","guid":{"rendered":"https:\/\/zecovalve.com\/?post_type=product&#038;p=16108"},"modified":"2023-06-15T13:57:03","modified_gmt":"2023-06-15T13:57:03","slug":"cast-steel-globe-valve","status":"publish","type":"product","link":"https:\/\/zecovalve.com\/fr\/produit\/cast-steel-globe-valve","title":{"rendered":"Robinet \u00e0 soupape en acier moul\u00e9"},"content":{"rendered":"<p>Le robinet \u00e0 soupape en acier moul\u00e9 ZECO est une vanne \u00e0 \u00e9tanch\u00e9it\u00e9 forc\u00e9e, la fermeture de la vanne doit \u00eatre appliqu\u00e9e \u00e0 la pression du disque pour forcer la surface d&#039;\u00e9tanch\u00e9it\u00e9 \u00e0 ne pas fuir.<\/p>\r\n\r\n\r\n\r\n<figure class=\"wp-block-image alignnone size-medium wp-image-16109\">\r\n<p><img loading=\"lazy\" decoding=\"async\" class=\"wp-image-27904 size-medium\" src=\"https:\/\/zecovalve.com\/wp-content\/uploads\/2022\/06\/Cast-Steel-Globe-Valve-1-300x225.jpg\" alt=\"Robinet \u00e0 soupape en acier moul\u00e9\" width=\"300\" height=\"225\" srcset=\"https:\/\/zecovalve.com\/wp-content\/uploads\/2022\/06\/Cast-Steel-Globe-Valve-1-300x225.jpg 300w, https:\/\/zecovalve.com\/wp-content\/uploads\/2022\/06\/Cast-Steel-Globe-Valve-1-768x576.jpg 768w, https:\/\/zecovalve.com\/wp-content\/uploads\/2022\/06\/Cast-Steel-Globe-Valve-1-600x450.jpg 600w, https:\/\/zecovalve.com\/wp-content\/uploads\/2022\/06\/Cast-Steel-Globe-Valve-1.jpg 800w\" sizes=\"auto, (max-width: 300px) 100vw, 300px\" \/><\/p>\r\n<\/figure>\r\n\r\n\r\n<div class=\"gb-button-wrapper gb-button-wrapper-6d8495a3\">\r\n\r\n\r\n<p><a class=\"gb-button gb-button-3d442e11 gb-button-text\" href=\"https:\/\/zecovalve.com\/fr\/contact\/\" target=\"_blank\" rel=\"noopener noreferrer\"><strong>OBTENEZ LE PRIX DE LA VANNE GLOBE EN ACIER FONTE<\/strong><\/a><\/p>\r\n<\/div>\r\n\r\n\r\n\r\n\r\n<h2 class=\"wp-block-heading\" id=\"h-what-is-a-cast-steel-globe-valve\">Qu&#039;est-ce qu&#039;un robinet \u00e0 soupape en acier moul\u00e9\u00a0?<\/h2>\r\n\r\n\r\n\r\n<p>Les robinets \u00e0 soupape en acier moul\u00e9 sont principalement utilis\u00e9s pour les occasions de haute pression et de petite taille, leur fonction est de connecter ou de tronquer le fluide de tuyauterie.<\/p>\r\n\r\n\r\n\r\n<p>Les robinets \u00e0 soupape en acier moul\u00e9 sont con\u00e7us et fabriqu\u00e9s pour garantir une fuite inf\u00e9rieure \u00e0 100 ppm (parties par million) de compos\u00e9s organiques volatils.<\/p>\r\n\r\n\r\n\r\n<p>Lors de l&#039;ouverture et de la fermeture, tourner la tige autour de l&#039;arbre pour un mouvement lin\u00e9aire\u00a0; presque aucun frottement entre les faces d&#039;\u00e9tanch\u00e9it\u00e9 et la hauteur d&#039;ouverture est petite (en th\u00e9orie, la hauteur de l&#039;ouverture est de 1\/4 du diam\u00e8tre du si\u00e8ge), donc la hauteur totale de la vanne est relativement petite. L&#039;inconv\u00e9nient est d\u00fb aux raisons structurelles de la vanne, de sorte que la r\u00e9sistance \u00e0 l&#039;\u00e9coulement et le couple d&#039;ouverture et de fermeture sont un peu importants, une direction d&#039;\u00e9coulement moyenne \u00e9tant requise (g\u00e9n\u00e9ralement faible vers sup\u00e9rieure). L&#039;application de la plage de pression et de temp\u00e9rature est large pour les vannes \u00e0 soupape, mais elle est g\u00e9n\u00e9ralement utilis\u00e9e pour les tuyaux de taille moyenne et petite.<\/p>\r\n\r\n\r\n\r\n<h2 class=\"wp-block-heading\">Comment fonctionne un robinet \u00e0 soupape en fonte d&#039;acier ?<\/h2>\r\n\r\n\r\n\r\n<p>Lorsque le fluide p\u00e9n\u00e8tre dans le corps de la vanne par le dessous du disque, la r\u00e9sistance \u00e0 vaincre par la force de fonctionnement est la force de frottement entre la tige et la garniture et la force de pouss\u00e9e produite par la pression du fluide, de sorte que le diam\u00e8tre des tiges de vanne doit \u00eatre grande, la tige de valve se pliera. Les corps des vannes \u00e0 soupape sont con\u00e7us en tenant compte des m\u00eames caract\u00e9ristiques que les vannes \u00e0 vanne, ce qui signifie dans ce cas que le disque est guid\u00e9 dans des vannes de plus grandes tailles ou dans un service \u00e0 haute pression afin d&#039;\u00e9viter les vibrations et d&#039;obtenir un meilleur si\u00e8ge.<\/p>\r\n\r\n\r\n\r\n<h2 class=\"wp-block-heading\" id=\"h-features-of-cast-steel-globe-valves\">Caract\u00e9ristiques des robinets \u00e0 soupape en acier moul\u00e9<\/h2>\r\n\r\n\r\n\r\n<ul class=\"wp-block-list\">\r\n<li>Le robinet \u00e0 soupape en acier moul\u00e9 ZECO est con\u00e7u avec une tige anti-\u00e9ruption pour \u00e9viter que la tige de la vanne ne soit endommag\u00e9e par le personnel de maintenance lorsque la garniture doit \u00eatre remplac\u00e9e pendant la maintenance\u00a0;<\/li>\r\n<li>La surface du si\u00e8ge du clapet du robinet \u00e0 soupape en acier moul\u00e9 ZECO peut \u00eatre con\u00e7ue en forme sph\u00e9rique, parabolique ou plate ou autre en option sur demande du client\u00a0;<\/li>\r\n<li>Les boulons \u00e0 \u0153il du presse-\u00e9toupe du robinet \u00e0 soupape en acier moul\u00e9 ZECO sont mont\u00e9s pour pivoter sur le c\u00f4t\u00e9 afin de faciliter l&#039;entretien de la garniture\u00a0;<\/li>\r\n<li>La face d&#039;\u00e9tanch\u00e9it\u00e9 du robinet \u00e0 soupape en acier moul\u00e9 ZECO est difficile \u00e0 porter et \u00e0 l&#039;abrasion, bonnes performances d&#039;\u00e9tanch\u00e9it\u00e9, il n&#039;y a pas eu de glissement relatif entre le piston et la face d&#039;\u00e9tanch\u00e9it\u00e9 du si\u00e8ge lors de l&#039;ouverture et de la fermeture, donc l&#039;usure et l&#039;abrasion ne sont pas graves, bonnes performances d&#039;\u00e9tanch\u00e9it\u00e9, longue vie.<\/li>\r\n<li>Corps bien con\u00e7us minimisant les turbulences et les pertes de d\u00e9bit\u00a0;<\/li>\r\n<li>La disposition du si\u00e8ge arri\u00e8re permet le remplacement de la garniture lorsque la vanne est en position compl\u00e8tement ouverte et elle est disponible en deux mod\u00e8les de disque diff\u00e9rents, type ON\/OFF et type \u00e0 contr\u00f4le de d\u00e9bit\u00a0;<\/li>\r\n<li>Pour garantir des performances sans probl\u00e8me, les surfaces d&#039;assise sont usin\u00e9es avec pr\u00e9cision et parfaitement rod\u00e9es\u00a0;<\/li>\r\n<li>Dispositif de verrouillage ou extension de tige en option, chapeau \u00e0 joint sous pression\u00a0;<\/li>\r\n<li>Montage direct en option selon ISO 5211.<\/li>\r\n<\/ul>\r\n\r\n\r\n\r\n<h2 class=\"wp-block-heading\" id=\"h-product-range-of-cast-steel-globe-valves\">Gamme de produits de robinets \u00e0 soupape en acier moul\u00e9<\/h2>\r\n\r\n\r\n\r\n<ul class=\"wp-block-list\">\r\n<li><span style=\"background-color: var(--base-3); color: var(--contrast);\">Diam\u00e8tre nominal\u00a0: 1\/2\u2033\uff5e24\u2033<\/span><\/li>\r\n<li>Plage de pression : Classe 150 ~ 2500<\/li>\r\n<li>Connexion d&#039;extr\u00e9mit\u00e9\u00a0: \u00e0 bride (FF, RF, RTJ) selon les normes internationales<\/li>\r\n<li>Temp\u00e9rature de fonctionnement\u00a0: -29 \u2103 ~ 425 \u2103<\/li>\r\n<li>OS&amp;Y, tige et joug ext\u00e9rieurs<\/li>\r\n<li>Scell\u00e9 en m\u00e9tal (API Trim # 1, #5, #8, #10 et etc.)<\/li>\r\n<li>R\u00e9duire le port<\/li>\r\n<li>Fonctionnement\u00a0: volant, bo\u00eete de vitesses, actionneur \u00e9lectrique, etc.<\/li>\r\n<li>Dispositif de verrouillage ou extension de tige en option<\/li>\r\n<li>Montage direct en option selon ISO 5211<\/li>\r\n<\/ul>\r\n\r\n\r\n\r\n<h2 class=\"wp-block-heading\" id=\"h-material-of-cast-steel-globe-valves\">Mat\u00e9riau des robinets \u00e0 soupape en acier moul\u00e9<\/h2>\r\n\r\n\r\n\r\n<figure class=\"wp-block-table is-style-stripes\">\r\n<table>\r\n<tbody>\r\n<tr>\r\n<td>Non<\/td>\r\n<td>Partie<\/td>\r\n<td>Mat\u00e9riau<\/td>\r\n<\/tr>\r\n<tr>\r\n<td>1<\/td>\r\n<td>Corps<\/td>\r\n<td>ASTM A216 WCB + 13Cr<\/td>\r\n<\/tr>\r\n<tr>\r\n<td>2<\/td>\r\n<td>Disque<\/td>\r\n<td>ASTM A105 + 13Cr<\/td>\r\n<\/tr>\r\n<tr>\r\n<td>3<\/td>\r\n<td>Tige<\/td>\r\n<td>ASTM A276 410<\/td>\r\n<\/tr>\r\n<tr>\r\n<td>4<\/td>\r\n<td>Joint de chapeau<\/td>\r\n<td>Graphite + SS304<\/td>\r\n<\/tr>\r\n<tr>\r\n<td>5<\/td>\r\n<td>Bonnet<\/td>\r\n<td>ASTM A216 WCB<\/td>\r\n<\/tr>\r\n<tr>\r\n<td>6<\/td>\r\n<td>Boulon du chapeau<\/td>\r\n<td>ASTM A193 B7<\/td>\r\n<\/tr>\r\n<tr>\r\n<td>7<\/td>\r\n<td>\u00c9crou \u00e0 chapeau<\/td>\r\n<td>ASTM A194 2H<\/td>\r\n<\/tr>\r\n<tr>\r\n<td>8<\/td>\r\n<td>Garniture de tige<\/td>\r\n<td>Graphite renforc\u00e9<\/td>\r\n<\/tr>\r\n<tr>\r\n<td>9<\/td>\r\n<td>Gland<\/td>\r\n<td>ASTM A276 410<\/td>\r\n<\/tr>\r\n<tr>\r\n<td>10<\/td>\r\n<td>Presse-\u00e9toupe Boulon \u00e0 \u0153il<\/td>\r\n<td>ASTM A193 B7<\/td>\r\n<\/tr>\r\n<tr>\r\n<td>11<\/td>\r\n<td>Ecrou de tige<\/td>\r\n<td>ASTM B148<\/td>\r\n<\/tr>\r\n<\/tbody>\r\n<\/table>\r\n<h2>D\u00e9tails sur l&#039;achat d&#039;un robinet \u00e0 soupape en acier moul\u00e9<\/h2>\r\n<\/figure>\r\n\r\n\r\n\r\n<figure class=\"wp-block-table is-style-stripes\">\r\n<table>\r\n<tbody>\r\n<tr>\r\n<td>Fabricant de robinets \u00e0 soupape<\/td>\r\n<td>ZECO<\/td>\r\n<\/tr>\r\n<tr>\r\n<td>Type de vanne<\/td>\r\n<td>Robinet \u00e0 soupape en acier moul\u00e9<\/td>\r\n<\/tr>\r\n<tr>\r\n<td>Mat\u00e9riau de la valve<\/td>\r\n<td>Acier moul\u00e9, etc.<\/td>\r\n<\/tr>\r\n<tr>\r\n<td>Test de la valve<\/td>\r\n<td>100% quantit\u00e9 test\u00e9e avant livraison<\/td>\r\n<\/tr>\r\n<tr>\r\n<td>Garantie des soupapes<\/td>\r\n<td>18 mois \u00e0 compter de la date d'exp\u00e9dition d\u00e9part usine, ou 12 mois \u00e0 compter de la date d'installation du produit.<\/td>\r\n<\/tr>\r\n<tr>\r\n<td>Peinture des vannes<\/td>\r\n<td>Demande du client<\/td>\r\n<\/tr>\r\n<tr>\r\n<td>Paquet de vannes<\/td>\r\n<td>Coffret en bois<\/td>\r\n<\/tr>\r\n<tr>\r\n<td>MOQ<\/td>\r\n<td>Aucune exigence<\/td>\r\n<\/tr>\r\n<tr>\r\n<td>Certificat de valve<\/td>\r\n<td>API 623, BS1873, ASME B16.34 ou \u00e9quivalents<\/td>\r\n<\/tr>\r\n<tr>\r\n<td>D\u00e9tail de la livraison<\/td>\r\n<td>Exp\u00e9dition dans les 4 \u00e0 6 semaines suivant le paiement<\/td>\r\n<\/tr>\r\n<tr>\r\n<td>Port<\/td>\r\n<td>SHANGHAI<\/td>\r\n<\/tr>\r\n<tr>\r\n<td>Conditions de paiement<\/td>\r\n<td>L\/C, D\/A, D\/P, T\/T<\/td>\r\n<\/tr>\r\n<tr>\r\n<td>Certificat propos\u00e9<\/td>\r\n<td>Liste de colisage, facture commerciale, rapports d'essai et certificats de mat\u00e9riaux, certificat de qualit\u00e9 et de quantit\u00e9, certificat de garantie du vendeur.<\/td>\r\n<\/tr>\r\n<\/tbody>\r\n<\/table>\r\n<\/figure>","protected":false},"excerpt":{"rendered":"<p>Le robinet \u00e0 soupape en acier moul\u00e9 ZECO est une vanne \u00e0 \u00e9tanch\u00e9it\u00e9 forc\u00e9e, la fermeture de la vanne doit \u00eatre appliqu\u00e9e sur la pression du disque pour forcer l&#039;\u00e9tanch\u00e9it\u00e9\u2026 <a title=\"Robinet \u00e0 soupape en acier moul\u00e9\" class=\"read-more\" href=\"https:\/\/zecovalve.com\/fr\/produit\/cast-steel-globe-valve\" aria-label=\"Plus sur Robinet Globe En Acier Coul\u00e9\">Lire plus<\/a><\/p>","protected":false},"featured_media":27904,"comment_status":"closed","ping_status":"closed","template":"","meta":{"_generate-full-width-content":"","kt_blocks_editor_width":""},"product_cat":[2049],"product_tag":[],"class_list":["post-16108","product","type-product","status-publish","has-post-thumbnail","hentry","product_cat-globe-valve","sales-flash-overlay","woocommerce-text-align-center","woocommerce-image-align-center","do-quantity-buttons"],"featured_image_src_large":["https:\/\/zecovalve.com\/wp-content\/uploads\/2022\/06\/Cast-Steel-Globe-Valve-1.jpg",800,600,false],"author_info":[],"comment_info":0,"taxonomy_info":{"product_cat":[{"value":2049,"label":"Globe Valve"}]},"yoast_head":"<!-- This site is optimized with the Yoast SEO Premium plugin v15.4 - https:\/\/yoast.com\/wordpress\/plugins\/seo\/ -->\n<title>Cast Steel Globe Valve - Globe Valve Manufacturer | ZECO Valve<\/title>\n<meta name=\"robots\" content=\"index, follow, max-snippet:-1, max-image-preview:large, max-video-preview:-1\" \/>\n<link rel=\"canonical\" href=\"https:\/\/zecovalve.com\/fr\/produit\/cast-steel-globe-valve\" \/>\n<meta property=\"og:locale\" content=\"fr_FR\" \/>\n<meta property=\"og:type\" content=\"article\" \/>\n<meta property=\"og:title\" content=\"Cast Steel Globe Valve - Globe Valve Manufacturer | ZECO Valve\" \/>\n<meta property=\"og:description\" content=\"ZECO cast steel globe valve is forced sealed valve, valve closure, must be applied to the disc pressure to force the sealing ... Lire plus\" \/>\n<meta property=\"og:url\" content=\"https:\/\/zecovalve.com\/fr\/produit\/cast-steel-globe-valve\" \/>\n<meta property=\"og:site_name\" content=\"ZECO Valve\" \/>\n<meta property=\"article:modified_time\" content=\"2023-06-15T13:57:03+00:00\" \/>\n<meta property=\"og:image\" content=\"https:\/\/zecovalve.com\/wp-content\/uploads\/2022\/06\/Cast-Steel-Globe-Valve-1.jpg\" \/>\n\t<meta property=\"og:image:width\" content=\"800\" \/>\n\t<meta property=\"og:image:height\" content=\"600\" \/>\n<meta name=\"twitter:card\" content=\"summary_large_image\" \/>\n<meta name=\"twitter:label1\" content=\"\u00c9crit par\">\n\t<meta name=\"twitter:data1\" content=\"Jerry\">\n\t<meta name=\"twitter:label2\" content=\"Dur\u00e9e de lecture estim\u00e9e\">\n\t<meta name=\"twitter:data2\" content=\"3 minutes\">\n<script type=\"application\/ld+json\" class=\"yoast-schema-graph\">{\"@context\":\"https:\/\/schema.org\",\"@graph\":[{\"@type\":\"WebSite\",\"@id\":\"https:\/\/zecovalve.com\/#website\",\"url\":\"https:\/\/zecovalve.com\/\",\"name\":\"ZECO Valve\",\"description\":\"Industrial Ball Valve, Gate Valve and Globe Valve Manufacturer\",\"potentialAction\":[{\"@type\":\"SearchAction\",\"target\":\"https:\/\/zecovalve.com\/?s={search_term_string}\",\"query-input\":\"required name=search_term_string\"}],\"inLanguage\":\"fr-FR\"},{\"@type\":\"ImageObject\",\"@id\":\"https:\/\/zecovalve.com\/product\/cast-steel-globe-valve#primaryimage\",\"inLanguage\":\"fr-FR\",\"url\":\"https:\/\/zecovalve.com\/wp-content\/uploads\/2022\/06\/Cast-Steel-Globe-Valve-1.jpg\",\"width\":800,\"height\":600,\"caption\":\"Cast Steel Globe Valve\"},{\"@type\":\"WebPage\",\"@id\":\"https:\/\/zecovalve.com\/product\/cast-steel-globe-valve#webpage\",\"url\":\"https:\/\/zecovalve.com\/product\/cast-steel-globe-valve\",\"name\":\"Cast Steel Globe Valve - Globe Valve Manufacturer | ZECO Valve\",\"isPartOf\":{\"@id\":\"https:\/\/zecovalve.com\/#website\"},\"primaryImageOfPage\":{\"@id\":\"https:\/\/zecovalve.com\/product\/cast-steel-globe-valve#primaryimage\"},\"datePublished\":\"2022-06-19T03:52:47+00:00\",\"dateModified\":\"2023-06-15T13:57:03+00:00\",\"breadcrumb\":{\"@id\":\"https:\/\/zecovalve.com\/product\/cast-steel-globe-valve#breadcrumb\"},\"inLanguage\":\"fr-FR\",\"potentialAction\":[{\"@type\":\"ReadAction\",\"target\":[\"https:\/\/zecovalve.com\/product\/cast-steel-globe-valve\"]}]},{\"@type\":\"BreadcrumbList\",\"@id\":\"https:\/\/zecovalve.com\/product\/cast-steel-globe-valve#breadcrumb\",\"itemListElement\":[{\"@type\":\"ListItem\",\"position\":1,\"item\":{\"@type\":\"WebPage\",\"@id\":\"https:\/\/zecovalve.com\/\",\"url\":\"https:\/\/zecovalve.com\/\",\"name\":\"Home\"}},{\"@type\":\"ListItem\",\"position\":2,\"item\":{\"@type\":\"WebPage\",\"@id\":\"https:\/\/zecovalve.com\/product-category\",\"url\":\"https:\/\/zecovalve.com\/product-category\",\"name\":\"Industrial Valve Manufacturer | Water Valve Manufacturer\"}},{\"@type\":\"ListItem\",\"position\":3,\"item\":{\"@type\":\"WebPage\",\"@id\":\"https:\/\/zecovalve.com\/product\/cast-steel-globe-valve\",\"url\":\"https:\/\/zecovalve.com\/product\/cast-steel-globe-valve\",\"name\":\"Cast Steel Globe Valve\"}}]}]}<\/script>\n<!-- \/ Yoast SEO Premium plugin. -->","_links":{"self":[{"href":"https:\/\/zecovalve.com\/fr\/wp-json\/wp\/v2\/product\/16108","targetHints":{"allow":["GET"]}}],"collection":[{"href":"https:\/\/zecovalve.com\/fr\/wp-json\/wp\/v2\/product"}],"about":[{"href":"https:\/\/zecovalve.com\/fr\/wp-json\/wp\/v2\/types\/product"}],"replies":[{"embeddable":true,"href":"https:\/\/zecovalve.com\/fr\/wp-json\/wp\/v2\/comments?post=16108"}],"wp:featuredmedia":[{"embeddable":true,"href":"https:\/\/zecovalve.com\/fr\/wp-json\/wp\/v2\/media\/27904"}],"wp:attachment":[{"href":"https:\/\/zecovalve.com\/fr\/wp-json\/wp\/v2\/media?parent=16108"}],"wp:term":[{"taxonomy":"product_cat","embeddable":true,"href":"https:\/\/zecovalve.com\/fr\/wp-json\/wp\/v2\/product_cat?post=16108"},{"taxonomy":"product_tag","embeddable":true,"href":"https:\/\/zecovalve.com\/fr\/wp-json\/wp\/v2\/product_tag?post=16108"}],"curies":[{"name":"wp","href":"https:\/\/api.w.org\/{rel}","templated":true}]}}