{"id":16110,"date":"2022-06-19T03:54:59","date_gmt":"2022-06-19T03:54:59","guid":{"rendered":"https:\/\/zecovalve.com\/?post_type=product&#038;p=16110"},"modified":"2022-09-01T00:52:31","modified_gmt":"2022-09-01T00:52:31","slug":"double-offset-butterfly-valve","status":"publish","type":"product","link":"https:\/\/zecovalve.com\/fr\/produit\/double-offset-butterfly-valve","title":{"rendered":"Vanne papillon \u00e0 double excentration"},"content":{"rendered":"<p>La conception de la vanne papillon \u00e0 double excentration offre une fiabilit\u00e9 robuste et une maintenance extr\u00eamement facile sur le terrain<\/p>\r\n\r\n\r\n\r\n<figure class=\"wp-block-image alignnone size-medium wp-image-16111\"><img loading=\"lazy\" decoding=\"async\" width=\"300\" height=\"225\" class=\"wp-image-16111\" src=\"https:\/\/zecovalve.com\/wp-content\/uploads\/2022\/06\/double-offset-butterfly-valve-300x225.jpg\" alt=\"Vanne papillon \u00e0 double excentration\" srcset=\"https:\/\/zecovalve.com\/wp-content\/uploads\/2022\/06\/double-offset-butterfly-valve-300x225.jpg 300w, https:\/\/zecovalve.com\/wp-content\/uploads\/2022\/06\/double-offset-butterfly-valve-768x576.jpg 768w, https:\/\/zecovalve.com\/wp-content\/uploads\/2022\/06\/double-offset-butterfly-valve-600x450.jpg 600w, https:\/\/zecovalve.com\/wp-content\/uploads\/2022\/06\/double-offset-butterfly-valve.jpg 800w\" sizes=\"auto, (max-width: 300px) 100vw, 300px\" \/><\/figure>\r\n\r\n\r\n<div class=\"gb-button-wrapper gb-button-wrapper-6d8495a3\">\r\n\r\n\r\n<p><a class=\"gb-button gb-button-3d442e11 gb-button-text\" href=\"mailto:commercial@zecovalve.com\" target=\"_blank\" rel=\"noopener noreferrer\"><strong>OBTENEZ LE PRIX DE LA VALVE PAPILLON \u00c0 DOUBLE D\u00c9PORT<\/strong><\/a><\/p>\r\n<\/div>\r\n\r\n\r\n\r\n\r\n<h2 class=\"wp-block-heading\" id=\"h-what-is-a-double-offset-butterfly-valve\">Qu&#039;est-ce qu&#039;une vanne papillon \u00e0 double excentration\u00a0?<\/h2>\r\n\r\n\r\n\r\n<p>La vanne papillon \u00e0 double excentration est commun\u00e9ment connue sous le nom de vanne papillon haute performance et pr\u00e9sente deux d\u00e9calages par rapport au centre du corps de la vanne\u00a0:<\/p>\r\n\r\n\r\n\r\n<ul class=\"wp-block-list\">\r\n<li>L&#039;axe de l&#039;arbre est d\u00e9cal\u00e9 par rapport au si\u00e8ge du disque et \u00e0 l&#039;axe central du joint de corps.<\/li>\r\n<li>L&#039;axe de l&#039;arbre est excentrique par rapport \u00e0 l&#039;axe central du pipeline\/vanne.<\/li>\r\n<\/ul>\r\n\r\n\r\n\r\n<p>La position du disque dans une vanne papillon \u00e0 double excentrage cr\u00e9e une action de came lorsque la vanne fonctionne. Le si\u00e8ge est soulev\u00e9 du joint, ce qui entra\u00eene l&#039;apparition de frottements sur les premiers 10\u00b0 et les 10\u00b0 derniers des op\u00e9rations d&#039;ouverture et de fermeture.<\/p>\r\n\r\n\r\n\r\n<h2 class=\"wp-block-heading\">Comment fonctionnent les vannes papillon \u00e0 double excentration ?<\/h2>\r\n\r\n\r\n\r\n<p>Le mouvement d&#039;une vanne papillon double excentrage suit un profil conique pour assurer l&#039;\u00e9tanch\u00e9it\u00e9 de la vanne. La disposition des d\u00e9calages du disque et de l&#039;arbre g\u00e9n\u00e8re une action de came du disque dans le si\u00e8ge, r\u00e9duisant ainsi le couple requis pour fermer ou ouvrir la vanne.<\/p>\r\n\r\n\r\n\r\n<p>Cette g\u00e9om\u00e9trie d\u00e9cal\u00e9e permet \u00e9galement \u00e0 la rotation de 90\u00b0 du disque d&#039;entrer en contact avec le si\u00e8ge sur les 1\u00b0 \u00e0 3\u00b0 de rotation uniquement. De plus, la conception des vannes papillon \u00e0 double excentrage minimise l&#039;usure aux points de contact du si\u00e8ge et du disque, ce qui se produit dans les vannes papillon classiques.<\/p>\r\n\r\n\r\n\r\n<p>Lorsque la vanne est ouverte, les extr\u00e9mit\u00e9s sup\u00e9rieure et inf\u00e9rieure du disque papillon ne sont plus aussi laborieuses que la vanne papillon de l&#039;axe central, mais la friction avec le si\u00e8ge existe toujours. La caract\u00e9ristique am\u00e9lior\u00e9e de la vanne papillon \u00e0 double excentration est que l&#039;axe de la tige s&#039;\u00e9carte du centre du disque et du centre de la tige elle-m\u00eame, tout comme la vanne papillon \u00e0 simple excentrique. Une telle structure peut faire \u00e9chapper le disque du si\u00e8ge imm\u00e9diatement apr\u00e8s l&#039;ouverture de la vanne, et il n&#039;y aura aucun frottement entre le disque et le si\u00e8ge apr\u00e8s l&#039;ouverture de la vanne papillon excentrique unique.<\/p>\r\n\r\n\r\n\r\n<h2 class=\"wp-block-heading\">Types de vannes papillon \u00e0 double excentration bas\u00e9es sur la connexion<\/h2>\r\n\r\n\r\n\r\n<h3 class=\"wp-block-heading\">Vanne papillon \u00e0 double d\u00e9calage de plaquette<\/h3>\r\n\r\n\r\n\r\n<p>Le type de plaquette des vannes papillon \u00e0 double excentrage est construit pour fournir une forte \u00e9tanch\u00e9it\u00e9, une protection contre les diff\u00e9rences de pression bidirectionnelles et pour emp\u00eacher tout reflux dans les dispositifs con\u00e7us pour un \u00e9coulement unidirectionnel. Cela se fait gr\u00e2ce \u00e0 l&#039;utilisation d&#039;un mat\u00e9riau d&#039;\u00e9tanch\u00e9it\u00e9 bien ajust\u00e9, tel qu&#039;un joint torique ou un joint, usin\u00e9 avec pr\u00e9cision, ainsi qu&#039;une face de vanne lisse sur les parties aval et amont de la vanne.<\/p>\r\n\r\n\r\n\r\n<h3 class=\"wp-block-heading\">Vanne papillon \u00e0 double excentrage \u00e0 cosse<\/h3>\r\n\r\n\r\n\r\n<p>Dans le type de corps \u00e0 cosse de la configuration de vanne papillon \u00e0 double excentrage, une extr\u00e9mit\u00e9 de la canalisation peut \u00eatre retir\u00e9e sans impacter l&#039;autre c\u00f4t\u00e9 de la vanne. Ceci peut \u00eatre r\u00e9alis\u00e9 avec des inserts filet\u00e9s, des brides et deux jeux de pattes (boulons) qui n&#039;utilisent pas d&#039;\u00e9crous, de sorte que chaque bride a ses boulons. Dans une connexion de type cosse, vous n&#039;avez pas besoin d&#039;arr\u00eater l&#039;ensemble de l&#039;appareil pour inspecter, nettoyer, r\u00e9parer ou remplacer la vanne papillon \u00e0 cosse.<\/p>\r\n\r\n\r\n\r\n<h3 class=\"wp-block-heading\">Vanne papillon \u00e0 double excentrage \u00e0 bride<\/h3>\r\n\r\n\r\n\r\n<p>La vanne papillon \u00e0 double excentrage \u00e0 bride utilise une bride aux deux extr\u00e9mit\u00e9s de la vanne pour \u00eatre fix\u00e9e aux brides de tuyaux. Ce type de raccord d&#039;extr\u00e9mit\u00e9 est utilis\u00e9 pour les tr\u00e8s grandes dimensions de la vanne papillon.<\/p>\r\n\r\n\r\n\r\n<h3 class=\"wp-block-heading\">Vanne papillon \u00e0 double excentration \u00e0 extr\u00e9mit\u00e9 soud\u00e9e<\/h3>\r\n\r\n\r\n\r\n<p>La vanne papillon \u00e0 double excentrage \u00e0 extr\u00e9mit\u00e9 soud\u00e9e est utilis\u00e9e lorsque le syst\u00e8me est sous tr\u00e8s haute pression. Ces types sont g\u00e9n\u00e9ralement utilis\u00e9s pour les vannes papillon de petite taille.<\/p>\r\n\r\n\r\n\r\n<h2 class=\"wp-block-heading\">Applications des vannes papillon \u00e0 double excentration<\/h2>\r\n\r\n\r\n\r\n<p>La vanne papillon double excentration est g\u00e9n\u00e9ralement utilis\u00e9e dans :<\/p>\r\n\r\n\r\n\r\n<ul class=\"wp-block-list\">\r\n<li>La production d&#039;\u00e9nergie<\/li>\r\n<li>P\u00e2tes et papiers<\/li>\r\n<li>CVC<\/li>\r\n<li>Chimique<\/li>\r\n<li>P\u00e9trole et gaz<\/li>\r\n<li>Traitement de l&#039;eau et des eaux us\u00e9es<\/li>\r\n<li>Construction navale<\/li>\r\n<\/ul>\r\n\r\n\r\n\r\n<h2 class=\"wp-block-heading\">Caract\u00e9ristiques de la vanne papillon double excentrique\u00a0:<\/h2>\r\n\r\n\r\n\r\n<ul class=\"wp-block-list\">\r\n<li>La disposition de l&#039;arbre et du disque de la vanne papillon \u00e0 double excentrique ZECO assure une action de came sur le disque qui se d\u00e9sengage du si\u00e8ge avec une rotation minimale. Cette conception minimise les points de guerre en haut et en bas du si\u00e8ge, typiques des vannes papillon conventionnelles\u00a0;<\/li>\r\n<li>La vanne papillon double excentration ZECO a deux excentrations. Le premier d\u00e9calage est que la tige est positionn\u00e9e en aval de la ligne m\u00e9diane du si\u00e8ge. Le deuxi\u00e8me d\u00e9calage est que l&#039;arbre est d\u00e9cal\u00e9 du centre de l&#039;axe vertical du si\u00e8ge\u00a0;<\/li>\r\n<li>La vanne papillon \u00e0 double excentrage ZECO peut avoir un si\u00e8ge en caoutchouc, un si\u00e8ge en PTFE et un si\u00e8ge en PTFE ignifuge.<\/li>\r\n<li>Le si\u00e8ge coupe-feu de la vanne papillon double excentrique ZECO avec double joint comprenant un insert de si\u00e8ge primaire en PTFE et un si\u00e8ge m\u00e9tallique. En cas de destruction de l&#039;insert PTFE, le si\u00e8ge m\u00e9tallique secondaire assure une fermeture efficace.<\/li>\r\n<\/ul>\r\n\r\n\r\n\r\n<h2 class=\"wp-block-heading\" id=\"h-material-of-double-offset-butterfly-valve\">Mat\u00e9riau de la vanne papillon double excentrique\u00a0:<\/h2>\r\n\r\n\r\n\r\n<figure class=\"wp-block-table is-style-stripes\">\r\n<table>\r\n<tbody>\r\n<tr>\r\n<td>Non<\/td>\r\n<td>Partie<\/td>\r\n<td>Mat\u00e9riau<\/td>\r\n<\/tr>\r\n<tr>\r\n<td>1<\/td>\r\n<td>Corps<\/td>\r\n<td>ASTM A351 CF8<\/td>\r\n<\/tr>\r\n<tr>\r\n<td>2<\/td>\r\n<td>Bague d&#039;\u00e9tanch\u00e9it\u00e9<\/td>\r\n<td>PTFE<\/td>\r\n<\/tr>\r\n<tr>\r\n<td>3<\/td>\r\n<td>Bride de retenue<\/td>\r\n<td>ASTM A182 F304<\/td>\r\n<\/tr>\r\n<tr>\r\n<td>4<\/td>\r\n<td>\u00c9pingle<\/td>\r\n<td>ASTM A276 304<\/td>\r\n<\/tr>\r\n<tr>\r\n<td>5<\/td>\r\n<td>Disque<\/td>\r\n<td>ASTM A351 CF8<\/td>\r\n<\/tr>\r\n<tr>\r\n<td>6<\/td>\r\n<td>Tige<\/td>\r\n<td>ASTM A276 304<\/td>\r\n<\/tr>\r\n<tr>\r\n<td>7<\/td>\r\n<td>Garniture de tige<\/td>\r\n<td>PTFE<\/td>\r\n<\/tr>\r\n<tr>\r\n<td>8<\/td>\r\n<td>Battement de tige<\/td>\r\n<td>SS304 + PTFE<\/td>\r\n<\/tr>\r\n<tr>\r\n<td>9<\/td>\r\n<td>Boulon<\/td>\r\n<td>ASTM A193 B8<\/td>\r\n<\/tr>\r\n<tr>\r\n<td>10<\/td>\r\n<td>\u00c9crou<\/td>\r\n<td>ASTM A194 8<\/td>\r\n<\/tr>\r\n<tr>\r\n<td>11<\/td>\r\n<td>Attelage<\/td>\r\n<td>ASTM A351 CF8<\/td>\r\n<\/tr>\r\n<\/tbody>\r\n<\/table>\r\n<\/figure>\r\n\r\n\r\n\r\n<p>ZECO Valve est un fabricant sp\u00e9cialis\u00e9 dans la production de vannes papillon pour hautes temp\u00e9ratures, et la vanne papillon \u00e0 double excentration avec si\u00e8ge RPTFE est plus propice aux conditions de 230 \u2103, ce qui a contribu\u00e9 \u00e0 l&#039;application de vannes papillon \u00e0 double excentrique dans le domaine des hautes temp\u00e9ratures.<\/p>","protected":false},"excerpt":{"rendered":"<p>La conception de la vanne papillon \u00e0 double excentration offre une fiabilit\u00e9 robuste et un entretien extr\u00eamement facile sur le terrain. Qu&#039;est-ce qu&#039;une vanne papillon \u00e0 double excentration\u2026 <a title=\"Vanne papillon \u00e0 double excentration\" class=\"read-more\" href=\"https:\/\/zecovalve.com\/fr\/produit\/double-offset-butterfly-valve\" aria-label=\"Plus sur Vanne Papillon Double Offset\">Lire plus<\/a><\/p>","protected":false},"featured_media":16111,"comment_status":"closed","ping_status":"closed","template":"","meta":{"_generate-full-width-content":"","kt_blocks_editor_width":""},"product_cat":[2044,2467],"product_tag":[],"class_list":["post-16110","product","type-product","status-publish","has-post-thumbnail","hentry","product_cat-butterfly-valve","product_cat-butterfly-valve-by-form","sales-flash-overlay","woocommerce-text-align-center","woocommerce-image-align-center","do-quantity-buttons"],"featured_image_src_large":["https:\/\/zecovalve.com\/wp-content\/uploads\/2022\/06\/double-offset-butterfly-valve.jpg",800,600,false],"author_info":[],"comment_info":0,"taxonomy_info":{"product_cat":[{"value":2044,"label":"Butterfly Valve"},{"value":2467,"label":"Butterfly Valve By Form"}]},"yoast_head":"<!-- This site is optimized with the Yoast SEO Premium plugin v15.4 - https:\/\/yoast.com\/wordpress\/plugins\/seo\/ -->\n<title>Double Offset Butterfly Valve - Double Eccentric Butterfly Valve | ZECO Valve<\/title>\n<meta name=\"robots\" content=\"index, follow, max-snippet:-1, max-image-preview:large, max-video-preview:-1\" \/>\n<link rel=\"canonical\" href=\"https:\/\/zecovalve.com\/fr\/produit\/double-offset-butterfly-valve\" \/>\n<meta property=\"og:locale\" content=\"fr_FR\" \/>\n<meta property=\"og:type\" content=\"article\" \/>\n<meta property=\"og:title\" content=\"Double Offset Butterfly Valve - Double Eccentric Butterfly Valve | ZECO Valve\" \/>\n<meta property=\"og:description\" content=\"Double Offset Butterfly Valve is design offers rugged reliability and extremely easy maintenance in the field What is a Double Offset Butterfly ... Lire plus\" \/>\n<meta property=\"og:url\" content=\"https:\/\/zecovalve.com\/fr\/produit\/double-offset-butterfly-valve\" \/>\n<meta property=\"og:site_name\" content=\"ZECO Valve\" \/>\n<meta property=\"article:modified_time\" content=\"2022-09-01T00:52:31+00:00\" \/>\n<meta property=\"og:image\" content=\"https:\/\/zecovalve.com\/wp-content\/uploads\/2022\/06\/double-offset-butterfly-valve.jpg\" \/>\n\t<meta property=\"og:image:width\" content=\"800\" \/>\n\t<meta property=\"og:image:height\" content=\"600\" \/>\n<meta name=\"twitter:card\" content=\"summary_large_image\" \/>\n<meta name=\"twitter:label1\" content=\"\u00c9crit par\">\n\t<meta name=\"twitter:data1\" content=\"Jerry\">\n\t<meta name=\"twitter:label2\" content=\"Dur\u00e9e de lecture estim\u00e9e\">\n\t<meta name=\"twitter:data2\" content=\"3 minutes\">\n<script type=\"application\/ld+json\" class=\"yoast-schema-graph\">{\"@context\":\"https:\/\/schema.org\",\"@graph\":[{\"@type\":\"WebSite\",\"@id\":\"https:\/\/zecovalve.com\/#website\",\"url\":\"https:\/\/zecovalve.com\/\",\"name\":\"ZECO Valve\",\"description\":\"Industrial Ball Valve, Gate Valve and Globe Valve Manufacturer\",\"potentialAction\":[{\"@type\":\"SearchAction\",\"target\":\"https:\/\/zecovalve.com\/?s={search_term_string}\",\"query-input\":\"required name=search_term_string\"}],\"inLanguage\":\"fr-FR\"},{\"@type\":\"ImageObject\",\"@id\":\"https:\/\/zecovalve.com\/product\/double-offset-butterfly-valve#primaryimage\",\"inLanguage\":\"fr-FR\",\"url\":\"https:\/\/zecovalve.com\/wp-content\/uploads\/2022\/06\/double-offset-butterfly-valve.jpg\",\"width\":800,\"height\":600,\"caption\":\"Double Offset Butterfly Valve\"},{\"@type\":\"WebPage\",\"@id\":\"https:\/\/zecovalve.com\/product\/double-offset-butterfly-valve#webpage\",\"url\":\"https:\/\/zecovalve.com\/product\/double-offset-butterfly-valve\",\"name\":\"Double Offset Butterfly Valve - Double Eccentric Butterfly Valve | ZECO Valve\",\"isPartOf\":{\"@id\":\"https:\/\/zecovalve.com\/#website\"},\"primaryImageOfPage\":{\"@id\":\"https:\/\/zecovalve.com\/product\/double-offset-butterfly-valve#primaryimage\"},\"datePublished\":\"2022-06-19T03:54:59+00:00\",\"dateModified\":\"2022-09-01T00:52:31+00:00\",\"breadcrumb\":{\"@id\":\"https:\/\/zecovalve.com\/product\/double-offset-butterfly-valve#breadcrumb\"},\"inLanguage\":\"fr-FR\",\"potentialAction\":[{\"@type\":\"ReadAction\",\"target\":[\"https:\/\/zecovalve.com\/product\/double-offset-butterfly-valve\"]}]},{\"@type\":\"BreadcrumbList\",\"@id\":\"https:\/\/zecovalve.com\/product\/double-offset-butterfly-valve#breadcrumb\",\"itemListElement\":[{\"@type\":\"ListItem\",\"position\":1,\"item\":{\"@type\":\"WebPage\",\"@id\":\"https:\/\/zecovalve.com\/\",\"url\":\"https:\/\/zecovalve.com\/\",\"name\":\"Home\"}},{\"@type\":\"ListItem\",\"position\":2,\"item\":{\"@type\":\"WebPage\",\"@id\":\"https:\/\/zecovalve.com\/product-category\",\"url\":\"https:\/\/zecovalve.com\/product-category\",\"name\":\"Industrial Valve Manufacturer | Water Valve Manufacturer\"}},{\"@type\":\"ListItem\",\"position\":3,\"item\":{\"@type\":\"WebPage\",\"@id\":\"https:\/\/zecovalve.com\/product\/double-offset-butterfly-valve\",\"url\":\"https:\/\/zecovalve.com\/product\/double-offset-butterfly-valve\",\"name\":\"Double Offset Butterfly Valve\"}}]}]}<\/script>\n<!-- \/ Yoast SEO Premium plugin. -->","_links":{"self":[{"href":"https:\/\/zecovalve.com\/fr\/wp-json\/wp\/v2\/product\/16110","targetHints":{"allow":["GET"]}}],"collection":[{"href":"https:\/\/zecovalve.com\/fr\/wp-json\/wp\/v2\/product"}],"about":[{"href":"https:\/\/zecovalve.com\/fr\/wp-json\/wp\/v2\/types\/product"}],"replies":[{"embeddable":true,"href":"https:\/\/zecovalve.com\/fr\/wp-json\/wp\/v2\/comments?post=16110"}],"wp:featuredmedia":[{"embeddable":true,"href":"https:\/\/zecovalve.com\/fr\/wp-json\/wp\/v2\/media\/16111"}],"wp:attachment":[{"href":"https:\/\/zecovalve.com\/fr\/wp-json\/wp\/v2\/media?parent=16110"}],"wp:term":[{"taxonomy":"product_cat","embeddable":true,"href":"https:\/\/zecovalve.com\/fr\/wp-json\/wp\/v2\/product_cat?post=16110"},{"taxonomy":"product_tag","embeddable":true,"href":"https:\/\/zecovalve.com\/fr\/wp-json\/wp\/v2\/product_tag?post=16110"}],"curies":[{"name":"wp","href":"https:\/\/api.w.org\/{rel}","templated":true}]}}