{"id":16114,"date":"2022-06-19T04:02:31","date_gmt":"2022-06-19T04:02:31","guid":{"rendered":"https:\/\/zecovalve.com\/?post_type=product&#038;p=16114"},"modified":"2023-06-07T07:02:13","modified_gmt":"2023-06-07T07:02:13","slug":"stainless-steel-ball-valve","status":"publish","type":"product","link":"https:\/\/zecovalve.com\/fr\/produit\/stainless-steel-ball-valve","title":{"rendered":"2\u2033 Robinet \u00e0 bille en acier inoxydable"},"content":{"rendered":"<p>ZECO Valve est un fabricant professionnel de robinets \u00e0 tournant sph\u00e9rique, produisant divers types de robinets \u00e0 tournant sph\u00e9rique, notamment des robinets \u00e0 tournant sph\u00e9rique en acier inoxydable, des robinets \u00e0 tournant sph\u00e9rique en acier au carbone et des robinets \u00e0 tournant sph\u00e9rique en acier inoxydable duplex.<\/p>\r\n\r\n\r\n\r\n<div class=\"wp-block-columns is-layout-flex wp-container-core-columns-is-layout-9d6595d7 wp-block-columns-is-layout-flex\">\r\n<div class=\"wp-block-column is-layout-flow wp-block-column-is-layout-flow\">\r\n<figure class=\"wp-block-image size-large\"><img decoding=\"async\" src=\"https:\/\/zecovalve.com\/wp-content\/uploads\/2022\/06\/stainless-steel-ball-valve-1-300x225.jpg\" alt=\"\" \/><\/figure>\r\n<\/div>\r\n\r\n\r\n\r\n<div class=\"wp-block-column is-layout-flow wp-block-column-is-layout-flow\">\r\n<figure class=\"wp-block-image size-large\"><img decoding=\"async\" src=\"https:\/\/zecovalve.com\/wp-content\/uploads\/2022\/06\/stainless-steel-ball-valve-2-300x225.jpg\" alt=\"\" \/><\/figure>\r\n<\/div>\r\n\r\n\r\n\r\n<div class=\"wp-block-column is-layout-flow wp-block-column-is-layout-flow\">\r\n<figure class=\"wp-block-image size-large\"><img decoding=\"async\" src=\"https:\/\/zecovalve.com\/wp-content\/uploads\/2022\/06\/stainless-steel-ball-valve-3-300x225.jpg\" alt=\"\" \/><\/figure>\r\n<\/div>\r\n\r\n\r\n\r\n<div class=\"wp-block-column is-layout-flow wp-block-column-is-layout-flow\">\r\n<figure class=\"wp-block-image size-large\"><img decoding=\"async\" src=\"https:\/\/zecovalve.com\/wp-content\/uploads\/2022\/06\/stainless-steel-ball-valve-4-300x225.jpg\" alt=\"\" \/><\/figure>\r\n<\/div>\r\n<\/div>\r\n\r\n\r\n\r\n<div class=\"wp-block-columns is-layout-flex wp-container-core-columns-is-layout-9d6595d7 wp-block-columns-is-layout-flex\">\r\n<div class=\"wp-block-column is-layout-flow wp-block-column-is-layout-flow\">\r\n<figure class=\"wp-block-image size-full is-resized\"><img loading=\"lazy\" decoding=\"async\" class=\"wp-image-16119\" src=\"https:\/\/zecovalve.com\/wp-content\/uploads\/2022\/06\/stainless-steel-ball-valve-5.jpg\" alt=\"\" width=\"400\" height=\"300\" srcset=\"https:\/\/zecovalve.com\/wp-content\/uploads\/2022\/06\/stainless-steel-ball-valve-5.jpg 800w, https:\/\/zecovalve.com\/wp-content\/uploads\/2022\/06\/stainless-steel-ball-valve-5-300x225.jpg 300w, https:\/\/zecovalve.com\/wp-content\/uploads\/2022\/06\/stainless-steel-ball-valve-5-768x576.jpg 768w, https:\/\/zecovalve.com\/wp-content\/uploads\/2022\/06\/stainless-steel-ball-valve-5-600x450.jpg 600w\" sizes=\"auto, (max-width: 400px) 100vw, 400px\" \/><\/figure>\r\n<\/div>\r\n\r\n\r\n\r\n<div class=\"wp-block-column is-layout-flow wp-block-column-is-layout-flow\">\r\n<figure class=\"wp-block-image size-full is-resized\"><img loading=\"lazy\" decoding=\"async\" class=\"wp-image-16120\" src=\"https:\/\/zecovalve.com\/wp-content\/uploads\/2022\/06\/stainless-steel-ball-valve-6.jpg\" alt=\"\" width=\"400\" height=\"300\" srcset=\"https:\/\/zecovalve.com\/wp-content\/uploads\/2022\/06\/stainless-steel-ball-valve-6.jpg 800w, https:\/\/zecovalve.com\/wp-content\/uploads\/2022\/06\/stainless-steel-ball-valve-6-300x225.jpg 300w, https:\/\/zecovalve.com\/wp-content\/uploads\/2022\/06\/stainless-steel-ball-valve-6-768x576.jpg 768w, https:\/\/zecovalve.com\/wp-content\/uploads\/2022\/06\/stainless-steel-ball-valve-6-600x450.jpg 600w\" sizes=\"auto, (max-width: 400px) 100vw, 400px\" \/><\/figure>\r\n<\/div>\r\n\r\n\r\n\r\n<div class=\"wp-block-column is-layout-flow wp-block-column-is-layout-flow\">\r\n<figure class=\"wp-block-image size-full is-resized\"><img loading=\"lazy\" decoding=\"async\" class=\"wp-image-16121\" src=\"https:\/\/zecovalve.com\/wp-content\/uploads\/2022\/06\/stainless-steel-ball-valve-7.jpg\" alt=\"\" width=\"400\" height=\"300\" srcset=\"https:\/\/zecovalve.com\/wp-content\/uploads\/2022\/06\/stainless-steel-ball-valve-7.jpg 800w, https:\/\/zecovalve.com\/wp-content\/uploads\/2022\/06\/stainless-steel-ball-valve-7-300x225.jpg 300w, https:\/\/zecovalve.com\/wp-content\/uploads\/2022\/06\/stainless-steel-ball-valve-7-768x576.jpg 768w, https:\/\/zecovalve.com\/wp-content\/uploads\/2022\/06\/stainless-steel-ball-valve-7-600x450.jpg 600w\" sizes=\"auto, (max-width: 400px) 100vw, 400px\" \/><\/figure>\r\n<\/div>\r\n<\/div>\r\n\r\n\r\n<div class=\"gb-button-wrapper gb-button-wrapper-6d8495a3\">\r\n\r\n\r\n<p><a class=\"gb-button gb-button-3d442e11 gb-button-text\" href=\"https:\/\/zecovalve.com\/fr\/contact\/\" target=\"_blank\" rel=\"noopener noreferrer\"><strong>OBTENIR LE PRIX DU ROBINET \u00c0 BOISSEAU SPH\u00c9RIQUE EN ACIER INOXYDABLE<\/strong><\/a><\/p>\r\n<\/div>\r\n\r\n\r\n\r\n\r\n<h2 class=\"wp-block-heading\" id=\"h-what-is-a-2-stainless-steel-ball-valve\">Qu'est-ce qu'un robinet \u00e0 boisseau sph\u00e9rique en acier inoxydable de 2\u2033 ?<\/h2>\r\n\r\n\r\n\r\n<p>Le robinet \u00e0 boisseau sph\u00e9rique en acier inoxydable de ZECO est largement utilis\u00e9 dans les pipelines contenant des fluides corrosifs. Les mat\u00e9riaux en acier inoxydable peuvent prot\u00e9ger les robinets \u00e0 boisseau sph\u00e9rique dans leurs milieux sp\u00e9cifiques gr\u00e2ce \u00e0 leurs propri\u00e9t\u00e9s anticorrosives pendant une longue p\u00e9riode, afin d'\u00e9viter que le corps du robinet, le boisseau sph\u00e9rique et la surface d'\u00e9tanch\u00e9it\u00e9 ne soient gravement corrod\u00e9s par les milieux corrosifs, ce qui entra\u00eenerait une d\u00e9faillance de l'\u00e9tanch\u00e9it\u00e9, voire une fuite. ZECO a mis en place un processus sp\u00e9cifique d'inspection \u00e0 la r\u00e9ception pour toutes les mati\u00e8res premi\u00e8res en acier inoxydable. L'analyse spectrale permet de d\u00e9terminer si les mat\u00e9riaux sont conformes aux normes internationales avant qu'ils ne soient stock\u00e9s et trait\u00e9s. En outre, ZECO dispose d'enregistrements de tra\u00e7abilit\u00e9 pour les mati\u00e8res premi\u00e8res apr\u00e8s l'inspection. Lorsque le produit est livr\u00e9 aux utilisateurs, il est affich\u00e9 et envoy\u00e9 aux utilisateurs par l'interm\u00e9diaire du MTC.<\/p>\r\n\r\n\r\n\r\n<h2 class=\"wp-block-heading\">Applications du robinet \u00e0 boisseau sph\u00e9rique en acier inoxydable 2\u2033 (2\u2033 Stainless Steel Ball Valve)<\/h2>\r\n\r\n\r\n\r\n<ul class=\"wp-block-list\">\r\n<li>Lignes de chauffage et de refroidissement<\/li>\r\n<li>Facilit\u00e9s alimentaires<\/li>\r\n<li>Industrie chimique<\/li>\r\n<li>Construction navale<\/li>\r\n<li>Usines de papier<\/li>\r\n<\/ul>\r\n\r\n\r\n\r\n<h2 class=\"wp-block-heading\" id=\"h-features-of-2-stainless-steel-ball-valves\">Caract\u00e9ristiques des robinets \u00e0 tournant sph\u00e9rique en acier inoxydable 2\u2033 :<\/h2>\r\n\r\n\r\n\r\n<ul class=\"wp-block-list\">\r\n<li>En tant que pi\u00e8ces mobiles du robinet \u00e0 boisseau sph\u00e9rique en acier inoxydable, le boisseau, la tige et la poign\u00e9e constituent une unit\u00e9 d'assemblage. La t\u00eate de la tige du robinet a une forme diplo\u00efde, ce qui permet de distinguer facilement si le robinet est en position \"ON\" ou \"OFF\" \u00e0 partir de la position de la poign\u00e9e. Lorsque la poign\u00e9e ou la tige diplo\u00efde est parall\u00e8le \u00e0 l'axe du tuyau, le robinet est en position \"ON\" ; lorsque la poign\u00e9e ou la tige diplo\u00efde est verticale par rapport \u00e0 l'axe du tuyau, le robinet est en position \"OFF\" ;<\/li>\r\n<li>Bien que le robinet \u00e0 boisseau sph\u00e9rique en acier inoxydable de ZECO puisse r\u00e9sister \u00e0 la corrosion, il est essentiellement utilis\u00e9 dans un milieu corrosif, ce qui est difficile \u00e0 \u00e9viter. Par cons\u00e9quent, ZECO laissera une certaine marge de corrosion lors de la conception de l'\u00e9paisseur de la vanne, afin de garantir la dur\u00e9e de vie \u00e0 long terme du produit sans l'influence d'un milieu corrosif ;<\/li>\r\n<li>Le robinet \u00e0 boisseau sph\u00e9rique en acier inoxydable ZECO peut \u00e9galement \u00eatre trait\u00e9 conform\u00e9ment \u00e0 la norme NACE MR0175 en fonction des exigences des utilisateurs, et le contr\u00f4le de la qualit\u00e9 et les tests sont strictement effectu\u00e9s dans le processus de fabrication pour r\u00e9pondre aux exigences technologiques des conditions environnementales sulfureuses ;<\/li>\r\n<li>Le robinet \u00e0 boisseau sph\u00e9rique en acier inoxydable ZECO est \u00e9galement dot\u00e9 d'une structure de protection contre le feu et d'une structure antistatique.<\/li>\r\n<\/ul>\r\n\r\n\r\n\r\n<h2 class=\"wp-block-heading\" id=\"h-material-of-2-stainless-steel-ball-valves\">Mat\u00e9riau des robinets \u00e0 tournant sph\u00e9rique en acier inoxydable 2\u2033 :<\/h2>\r\n\r\n\r\n\r\n<figure class=\"wp-block-table is-style-stripes\">\r\n<table>\r\n<tbody>\r\n<tr>\r\n<td>Non<\/td>\r\n<td>Partie<\/td>\r\n<td>Mat\u00e9riau<\/td>\r\n<\/tr>\r\n<tr>\r\n<td>1<\/td>\r\n<td>Corps<\/td>\r\n<td>ASTM A182 F316<\/td>\r\n<\/tr>\r\n<tr>\r\n<td>2<\/td>\r\n<td>Bonnet<\/td>\r\n<td>ASTM A182 F316<\/td>\r\n<\/tr>\r\n<tr>\r\n<td>3<\/td>\r\n<td>Boule<\/td>\r\n<td>ASTM A182 F316<\/td>\r\n<\/tr>\r\n<tr>\r\n<td>4<\/td>\r\n<td>Si\u00e8ge<\/td>\r\n<td>ASTM A182 F316<\/td>\r\n<\/tr>\r\n<tr>\r\n<td>5<\/td>\r\n<td>Tige<\/td>\r\n<td>ASTM A276 316<\/td>\r\n<\/tr>\r\n<tr>\r\n<td>6<\/td>\r\n<td>Dispositif antistatique<\/td>\r\n<td>SS316<\/td>\r\n<\/tr>\r\n<tr>\r\n<td>7<\/td>\r\n<td>Joint d'\u00e9tanch\u00e9it\u00e9<\/td>\r\n<td>Graphite + SS316<\/td>\r\n<\/tr>\r\n<tr>\r\n<td>8<\/td>\r\n<td>Boulon<\/td>\r\n<td>ASTM A193 B8M<\/td>\r\n<\/tr>\r\n<tr>\r\n<td>9<\/td>\r\n<td>\u00c9crou<\/td>\r\n<td>ASTM A194 8M<\/td>\r\n<\/tr>\r\n<tr>\r\n<td>10<\/td>\r\n<td>Joint torique<\/td>\r\n<td>Viton A<\/td>\r\n<\/tr>\r\n<tr>\r\n<td>11<\/td>\r\n<td>Levier<\/td>\r\n<td>ASTM A276 304<\/td>\r\n<\/tr>\r\n<\/tbody>\r\n<\/table>\r\n<\/figure>","protected":false},"excerpt":{"rendered":"<p>ZECO Valve est un fabricant professionnel de robinets \u00e0 tournant sph\u00e9rique, produisant diff\u00e9rents types de robinets \u00e0 tournant sph\u00e9rique, notamment des robinets \u00e0 tournant sph\u00e9rique en acier inoxydable, en acier au carbone\u2026 <a title=\"2\u2033 Robinet \u00e0 bille en acier inoxydable\" class=\"read-more\" href=\"https:\/\/zecovalve.com\/fr\/produit\/stainless-steel-ball-valve\" aria-label=\"Plus sur 2\u2033 Stainless Steel Ball Valve\">Lire plus<\/a><\/p>","protected":false},"featured_media":27851,"comment_status":"closed","ping_status":"closed","template":"","meta":{"_generate-full-width-content":"","kt_blocks_editor_width":""},"product_cat":[2047,2461,2465],"product_tag":[2804,3254,3244,2832],"class_list":["post-16114","product","type-product","status-publish","has-post-thumbnail","hentry","product_cat-ball-valve","product_cat-ball-valve-by-material","product_cat-forged-steel-ball-valve","product_tag-2-inch-ball-valve","product_tag-ball-valve-stainless-steel","product_tag-stainless-ball-valve","product_tag-stainless-steel-ball-valve","sales-flash-overlay","woocommerce-text-align-center","woocommerce-image-align-center","do-quantity-buttons"],"featured_image_src_large":["https:\/\/zecovalve.com\/wp-content\/uploads\/2022\/06\/2-Stainlesss-Stell-Ball-Valve.jpg",800,600,false],"author_info":[],"comment_info":0,"taxonomy_info":{"product_cat":[{"value":2047,"label":"Ball Valve"},{"value":2461,"label":"Ball Valve By Material"},{"value":2465,"label":"Forged Ball Valve"}],"product_tag":[{"value":2804,"label":"2 inch Ball Valve"},{"value":3254,"label":"Ball Valve Stainless Steel"},{"value":3244,"label":"Stainless Ball Valve"},{"value":2832,"label":"Stainless Steel Ball Valve"}]},"yoast_head":"<!-- This site is optimized with the Yoast SEO Premium plugin v15.4 - https:\/\/yoast.com\/wordpress\/plugins\/seo\/ -->\n<title>2&quot; Stainless Steel Ball Valve - Stainless Steel Ball Valve Manufacturer | ZECO<\/title>\n<meta name=\"robots\" content=\"index, follow, max-snippet:-1, max-image-preview:large, max-video-preview:-1\" \/>\n<link rel=\"canonical\" href=\"https:\/\/zecovalve.com\/fr\/produit\/stainless-steel-ball-valve\" \/>\n<meta property=\"og:locale\" content=\"fr_FR\" \/>\n<meta property=\"og:type\" content=\"article\" \/>\n<meta property=\"og:title\" content=\"2&quot; Stainless Steel Ball Valve - Stainless Steel Ball Valve Manufacturer | ZECO\" \/>\n<meta property=\"og:description\" content=\"ZECO Valve is a professional ball valve manufacturer, producing various types of ball valves which including stainless stell ball valve, carbon steel ... Lire plus\" \/>\n<meta property=\"og:url\" content=\"https:\/\/zecovalve.com\/fr\/produit\/stainless-steel-ball-valve\" \/>\n<meta property=\"og:site_name\" content=\"ZECO Valve\" \/>\n<meta property=\"article:modified_time\" content=\"2023-06-07T07:02:13+00:00\" \/>\n<meta property=\"og:image\" content=\"https:\/\/zecovalve.com\/wp-content\/uploads\/2022\/06\/2-Stainlesss-Stell-Ball-Valve.jpg\" \/>\n\t<meta property=\"og:image:width\" content=\"800\" \/>\n\t<meta property=\"og:image:height\" content=\"600\" \/>\n<meta name=\"twitter:card\" content=\"summary_large_image\" \/>\n<meta name=\"twitter:label1\" content=\"\u00c9crit par\">\n\t<meta name=\"twitter:data1\" content=\"Jerry\">\n\t<meta name=\"twitter:label2\" content=\"Dur\u00e9e de lecture estim\u00e9e\">\n\t<meta name=\"twitter:data2\" content=\"2 minutes\">\n<script type=\"application\/ld+json\" class=\"yoast-schema-graph\">{\"@context\":\"https:\/\/schema.org\",\"@graph\":[{\"@type\":\"WebSite\",\"@id\":\"https:\/\/zecovalve.com\/#website\",\"url\":\"https:\/\/zecovalve.com\/\",\"name\":\"ZECO Valve\",\"description\":\"Industrial Ball Valve, Gate Valve and Globe Valve Manufacturer\",\"potentialAction\":[{\"@type\":\"SearchAction\",\"target\":\"https:\/\/zecovalve.com\/?s={search_term_string}\",\"query-input\":\"required name=search_term_string\"}],\"inLanguage\":\"fr-FR\"},{\"@type\":\"ImageObject\",\"@id\":\"https:\/\/zecovalve.com\/product\/stainless-steel-ball-valve#primaryimage\",\"inLanguage\":\"fr-FR\",\"url\":\"https:\/\/zecovalve.com\/wp-content\/uploads\/2022\/06\/2-Stainlesss-Stell-Ball-Valve.jpg\",\"width\":800,\"height\":600,\"caption\":\"2 Stainlesss Stell Ball Valve\"},{\"@type\":\"WebPage\",\"@id\":\"https:\/\/zecovalve.com\/product\/stainless-steel-ball-valve#webpage\",\"url\":\"https:\/\/zecovalve.com\/product\/stainless-steel-ball-valve\",\"name\":\"2\\\" Stainless Steel Ball Valve - Stainless Steel Ball Valve Manufacturer | ZECO\",\"isPartOf\":{\"@id\":\"https:\/\/zecovalve.com\/#website\"},\"primaryImageOfPage\":{\"@id\":\"https:\/\/zecovalve.com\/product\/stainless-steel-ball-valve#primaryimage\"},\"datePublished\":\"2022-06-19T04:02:31+00:00\",\"dateModified\":\"2023-06-07T07:02:13+00:00\",\"breadcrumb\":{\"@id\":\"https:\/\/zecovalve.com\/product\/stainless-steel-ball-valve#breadcrumb\"},\"inLanguage\":\"fr-FR\",\"potentialAction\":[{\"@type\":\"ReadAction\",\"target\":[\"https:\/\/zecovalve.com\/product\/stainless-steel-ball-valve\"]}]},{\"@type\":\"BreadcrumbList\",\"@id\":\"https:\/\/zecovalve.com\/product\/stainless-steel-ball-valve#breadcrumb\",\"itemListElement\":[{\"@type\":\"ListItem\",\"position\":1,\"item\":{\"@type\":\"WebPage\",\"@id\":\"https:\/\/zecovalve.com\/\",\"url\":\"https:\/\/zecovalve.com\/\",\"name\":\"Home\"}},{\"@type\":\"ListItem\",\"position\":2,\"item\":{\"@type\":\"WebPage\",\"@id\":\"https:\/\/zecovalve.com\/product-category\",\"url\":\"https:\/\/zecovalve.com\/product-category\",\"name\":\"Industrial Valve Manufacturer | Water Valve Manufacturer\"}},{\"@type\":\"ListItem\",\"position\":3,\"item\":{\"@type\":\"WebPage\",\"@id\":\"https:\/\/zecovalve.com\/product\/stainless-steel-ball-valve\",\"url\":\"https:\/\/zecovalve.com\/product\/stainless-steel-ball-valve\",\"name\":\"2&#8243; Stainless Steel Ball Valve\"}}]}]}<\/script>\n<!-- \/ Yoast SEO Premium plugin. -->","_links":{"self":[{"href":"https:\/\/zecovalve.com\/fr\/wp-json\/wp\/v2\/product\/16114","targetHints":{"allow":["GET"]}}],"collection":[{"href":"https:\/\/zecovalve.com\/fr\/wp-json\/wp\/v2\/product"}],"about":[{"href":"https:\/\/zecovalve.com\/fr\/wp-json\/wp\/v2\/types\/product"}],"replies":[{"embeddable":true,"href":"https:\/\/zecovalve.com\/fr\/wp-json\/wp\/v2\/comments?post=16114"}],"wp:featuredmedia":[{"embeddable":true,"href":"https:\/\/zecovalve.com\/fr\/wp-json\/wp\/v2\/media\/27851"}],"wp:attachment":[{"href":"https:\/\/zecovalve.com\/fr\/wp-json\/wp\/v2\/media?parent=16114"}],"wp:term":[{"taxonomy":"product_cat","embeddable":true,"href":"https:\/\/zecovalve.com\/fr\/wp-json\/wp\/v2\/product_cat?post=16114"},{"taxonomy":"product_tag","embeddable":true,"href":"https:\/\/zecovalve.com\/fr\/wp-json\/wp\/v2\/product_tag?post=16114"}],"curies":[{"name":"wp","href":"https:\/\/api.w.org\/{rel}","templated":true}]}}