{"id":16125,"date":"2022-06-19T04:25:15","date_gmt":"2022-06-19T04:25:15","guid":{"rendered":"https:\/\/zecovalve.com\/?post_type=product&#038;p=16125"},"modified":"2023-06-07T14:06:21","modified_gmt":"2023-06-07T14:06:21","slug":"6-inch-gate-valve","status":"publish","type":"product","link":"https:\/\/zecovalve.com\/fr\/produit\/6-inch-gate-valve","title":{"rendered":"Robinet-vanne 6 pouces"},"content":{"rendered":"<p>Le robinet-vanne 6 pouces signifie que la taille du robinet est de 6 pouces, et que le DN est DN150.<\/p>\r\n\r\n\r\n\r\n<figure class=\"wp-block-image alignnone size-medium wp-image-16126\">\r\n<p><img loading=\"lazy\" decoding=\"async\" class=\"wp-image-27875 size-medium\" src=\"https:\/\/zecovalve.com\/wp-content\/uploads\/2022\/06\/High-Pressure-Gate-Valve-1-300x225.jpg\" alt=\"Robinet-vanne 6 pouces\" width=\"300\" height=\"225\" srcset=\"https:\/\/zecovalve.com\/wp-content\/uploads\/2022\/06\/High-Pressure-Gate-Valve-1-300x225.jpg 300w, https:\/\/zecovalve.com\/wp-content\/uploads\/2022\/06\/High-Pressure-Gate-Valve-1-768x576.jpg 768w, https:\/\/zecovalve.com\/wp-content\/uploads\/2022\/06\/High-Pressure-Gate-Valve-1-600x450.jpg 600w, https:\/\/zecovalve.com\/wp-content\/uploads\/2022\/06\/High-Pressure-Gate-Valve-1.jpg 800w\" sizes=\"auto, (max-width: 300px) 100vw, 300px\" \/><\/p>\r\n<\/figure>\r\n\r\n\r\n<div class=\"gb-button-wrapper gb-button-wrapper-6d8495a3\">\r\n\r\n\r\n<p><a class=\"gb-button gb-button-3d442e11 gb-button-text\" href=\"mailto:commercial@zecovalve.com\" target=\"_blank\" rel=\"noopener noreferrer\"><strong>OBTENIR LE PRIX D'UN ROBINET-VANNE 6\u2033.<\/strong><\/a><\/p>\r\n<\/div>\r\n\r\n\r\n\r\n\r\n<h2 class=\"wp-block-heading\" id=\"h-what-is-a-6-inch-gate-valve\">Qu'est-ce qu'un robinet-vanne de 6 pouces ?<\/h2>\r\n\r\n\r\n\r\n<p>Toutes les pi\u00e8ces moul\u00e9es et forg\u00e9es du robinet-vanne ZECO de 6 pouces, en particulier le corps et le couvercle, deux des principaux composants sous pression, sont utilis\u00e9es pour renforcer l'intensit\u00e9 des sections lourdes, bien que l'\u00e9paisseur du corps et du couvercle de ZECO soit conforme \u00e0 la norme, les sections lourdes de la conception peuvent rendre le produit plus garanti, l'allocation dans un milieu corrosif pour assurer une longue dur\u00e9e de vie du produit.ZECO accorde une grande attention \u00e0 l'achat et \u00e0 l'inspection des mati\u00e8res premi\u00e8res, car ZECO sait tr\u00e8s bien que si les mati\u00e8res premi\u00e8res ne sont pas strictement contr\u00f4l\u00e9es, quelle que soit la qualit\u00e9 de la technologie de traitement et des moyens de d\u00e9tection \u00e0 un stade ult\u00e9rieur, ils ne peuvent pas transformer des produits non qualifi\u00e9s \u00e0 la source en excellents produits. C'est pourquoi ZECO fait lentement \u00e9voluer les produits de robinetterie vers la voie des produits artisanaux, \u00e9tape par \u00e9tape.<\/p>\r\n\r\n\r\n\r\n<h2 class=\"wp-block-heading\" id=\"h-features-of-6-inch-gate-valve\">Caract\u00e9ristiques du robinet-vanne de 6 pouces :<\/h2>\r\n\r\n\r\n\r\n<ul class=\"wp-block-list\">\r\n<li>Le robinet-vanne ZECO de 6 pouces pr\u00e9sente des performances de maintenance tr\u00e8s fiables. La conception du si\u00e8ge de vanne rempla\u00e7able permet de remplacer sur site les si\u00e8ges endommag\u00e9s ult\u00e9rieurement. La conception du joint invers\u00e9 garantit un remplacement en ligne lorsque la garniture est remplac\u00e9e ;<\/li>\r\n<li>Lors du transport du robinet-vanne ZECO 6 pouces, le robinet en acier inoxydable et le robinet en acier au carbone sont emball\u00e9s s\u00e9par\u00e9ment, car \u00e0 temp\u00e9rature ambiante, lorsque le robinet en acier au carbone et le robinet en acier inoxydable entrent en contact, il n'y a pas de ph\u00e9nom\u00e8ne de c\u00e9mentation imm\u00e9diat, et le robinet en acier inoxydable pr\u00e9sente des taches de corrosion apr\u00e8s un certain temps. Dans un environnement humide, si le robinet en carbone et le robinet en acier inoxydable sont empil\u00e9s ensemble, il est facile de produire des r\u00e9actions chimiques, ce qui endommage la couche protectrice du robinet en acier inoxydable et entra\u00eene la rouille du robinet en acier inoxydable ;<\/li>\r\n<li>Apr\u00e8s pr\u00e8s de 30 ans de conception de robinets-vannes, les produits ZECO pour robinets-vannes de 6 pouces pr\u00e9sentent des performances stables et un faible couple de commutation ;<\/li>\r\n<li>Le robinet-vanne ZECO de 6 pouces poss\u00e8de ses propres moules de coul\u00e9e de pr\u00e9cision, et le sable de coul\u00e9e est du sable fin, d'une belle apparence, et pr\u00e9sente des caract\u00e8res de coul\u00e9e clairs.<\/li>\r\n<\/ul>\r\n\r\n\r\n\r\n<h2 class=\"wp-block-heading\">Sp\u00e9cification du robinet-vanne de 6\u2033 (6\u2033 Gate Valve)<\/h2>\r\n\r\n\r\n\r\n<figure class=\"wp-block-table\">\r\n<table>\r\n<tbody>\r\n<tr>\r\n<td>Confirmation de la conception<\/td>\r\n<td>API 6D, API 600, BS 5163<\/td>\r\n<\/tr>\r\n<tr>\r\n<td>Brides perc\u00e9es Confirme<\/td>\r\n<td>ASME B16.5, EN 1092-1, EN 1092-2<\/td>\r\n<\/tr>\r\n<tr>\r\n<td>Contr\u00f4le de l'\u00e9tanch\u00e9it\u00e9<\/td>\r\n<td>API 598, ISO 5208, EN 12266-1<\/td>\r\n<\/tr>\r\n<tr>\r\n<td>Confirme en face \u00e0 face<\/td>\r\n<td>API 6D, ASME B16.10, BS 5163, EN 558-1<\/td>\r\n<\/tr>\r\n<tr>\r\n<td>Pression normale<\/td>\r\n<td>Classe 150 ~ Classe 2500, PN10 ~ PN16<\/td>\r\n<\/tr>\r\n<tr>\r\n<td>Pression d'essai de la coquille<\/td>\r\n<td>1,5 * Pression nominale<\/td>\r\n<\/tr>\r\n<tr>\r\n<td>Pression d'essai du joint<\/td>\r\n<td>1,1 * Pression nominale (eau)<\/td>\r\n<\/tr>\r\n<tr>\r\n<td>Pression d'essai du joint (basse pression)<\/td>\r\n<td>6 Bar (air)<\/td>\r\n<\/tr>\r\n<\/tbody>\r\n<\/table>\r\n<\/figure>\r\n\r\n\r\n\r\n<h2 class=\"wp-block-heading\">Applications du robinet-vanne de 6\u2033 (6\u2033 Gate Valve)<\/h2>\r\n\r\n\r\n\r\n<ul class=\"wp-block-list\">\r\n<li>Chimique,<\/li>\r\n<li>P\u00e9trochimie,<\/li>\r\n<li>P\u00e9trole et gaz,<\/li>\r\n<li>Centrale \u00e9lectrique,<\/li>\r\n<li>Industrie g\u00e9n\u00e9rale.<\/li>\r\n<\/ul>\r\n\r\n\r\n\r\n<h2 class=\"wp-block-heading\">Dimensions et poids d'un robinet-vanne 6\u2033.<\/h2>\r\n\r\n<table border=\"=1\" width=\"800\">\r\n<tbody>\r\n<tr>\r\n<td rowspan=\"2\">Pression nominale\u00a0<\/td>\r\n<td>Al\u00e9sage<\/td>\r\n<td colspan=\"3\">\u00a0Dimension face \u00e0 face (en mm)\u00a0 \u00a0<\/td>\r\n<td>Poids<\/td>\r\n<\/tr>\r\n<tr>\r\n<td>(en mm)<\/td>\r\n<td>RF<\/td>\r\n<td>BW<\/td>\r\n<td>RTJ<\/td>\r\n<td>kg<\/td>\r\n<\/tr>\r\n<tr>\r\n<td>CLASSE 150<\/td>\r\n<td>150<\/td>\r\n<td>267<\/td>\r\n<td>403<\/td>\r\n<td>279<\/td>\r\n<td>85<\/td>\r\n<\/tr>\r\n<tr>\r\n<td>CLASSE 300<\/td>\r\n<td>150<\/td>\r\n<td>403<\/td>\r\n<td>403<\/td>\r\n<td>419<\/td>\r\n<td>142<\/td>\r\n<\/tr>\r\n<tr>\r\n<td>CLASSE 600<\/td>\r\n<td>150<\/td>\r\n<td>559<\/td>\r\n<td>559<\/td>\r\n<td>562<\/td>\r\n<td>285<\/td>\r\n<\/tr>\r\n<tr>\r\n<td>CLASSE 900<\/td>\r\n<td>146<\/td>\r\n<td>610<\/td>\r\n<td>610<\/td>\r\n<td>613<\/td>\r\n<td>453<\/td>\r\n<\/tr>\r\n<tr>\r\n<td>CLASSE 1500<\/td>\r\n<td>136<\/td>\r\n<td>705<\/td>\r\n<td>705<\/td>\r\n<td>711<\/td>\r\n<td>617<\/td>\r\n<\/tr>\r\n<tr>\r\n<td>CLASSE 2500<\/td>\r\n<td>111<\/td>\r\n<td>914<\/td>\r\n<td>914<\/td>\r\n<td>927<\/td>\r\n<td>1590<\/td>\r\n<\/tr>\r\n<\/tbody>\r\n<\/table>\r\n\r\n<h2 class=\"wp-block-heading\" id=\"h-material-of-6-inch-gate-valve\">Mat\u00e9riau du robinet-vanne de 6 pouces :<\/h2>\r\n\r\n\r\n\r\n<figure class=\"wp-block-table is-style-stripes\">\r\n<table>\r\n<tbody>\r\n<tr>\r\n<td>Non<\/td>\r\n<td>Partie<\/td>\r\n<td>Mat\u00e9riau<\/td>\r\n<\/tr>\r\n<tr>\r\n<td>1<\/td>\r\n<td>Corps<\/td>\r\n<td>ASTM A351 CF3<\/td>\r\n<\/tr>\r\n<tr>\r\n<td>2<\/td>\r\n<td>Anneau de si\u00e8ge<\/td>\r\n<td>ASTM A182 F304L + STL<\/td>\r\n<\/tr>\r\n<tr>\r\n<td>3<\/td>\r\n<td>Cale<\/td>\r\n<td>ASTM A351 CF3 + STL<\/td>\r\n<\/tr>\r\n<tr>\r\n<td>4<\/td>\r\n<td>Tige<\/td>\r\n<td>ASTM A276 304L<\/td>\r\n<\/tr>\r\n<tr>\r\n<td>5<\/td>\r\n<td>Joint de chapeau<\/td>\r\n<td>Graphite + SS304L<\/td>\r\n<\/tr>\r\n<tr>\r\n<td>6<\/td>\r\n<td>Boulon du chapeau<\/td>\r\n<td>ASTM A193 B8<\/td>\r\n<\/tr>\r\n<tr>\r\n<td>7<\/td>\r\n<td>\u00c9crou \u00e0 chapeau<\/td>\r\n<td>ASTM A194 8<\/td>\r\n<\/tr>\r\n<tr>\r\n<td>8<\/td>\r\n<td>Bonnet<\/td>\r\n<td>ASTM A351 CF3<\/td>\r\n<\/tr>\r\n<tr>\r\n<td>9<\/td>\r\n<td>Si\u00e8ge arri\u00e8re<\/td>\r\n<td>ASTM A182 304L<\/td>\r\n<\/tr>\r\n<tr>\r\n<td>10<\/td>\r\n<td>Garniture de tige<\/td>\r\n<td>Graphite renforc\u00e9<\/td>\r\n<\/tr>\r\n<tr>\r\n<td>11<\/td>\r\n<td>Roue \u00e0 main<\/td>\r\n<td>KTH330-08<\/td>\r\n<\/tr>\r\n<\/tbody>\r\n<\/table>\r\n<\/figure>","protected":false},"excerpt":{"rendered":"<p>Un robinet-vanne de 6 pouces signifie que la taille de la vanne est de 6 pouces et qu&#039;en DN, elle est DN150. Qu&#039;est-ce qu&#039;un 6 pouces\u2026 <a title=\"Robinet-vanne 6 pouces\" class=\"read-more\" href=\"https:\/\/zecovalve.com\/fr\/produit\/6-inch-gate-valve\" aria-label=\"Plus sur Vanne \u00e0 Vanne 6 pouces\">Lire plus<\/a><\/p>","protected":false},"featured_media":27875,"comment_status":"closed","ping_status":"closed","template":"","meta":{"_generate-full-width-content":"","kt_blocks_editor_width":""},"product_cat":[2052,2458],"product_tag":[],"class_list":["post-16125","product","type-product","status-publish","has-post-thumbnail","hentry","product_cat-gate-valve","product_cat-gate-valve-by-inch","sales-flash-overlay","woocommerce-text-align-center","woocommerce-image-align-center","do-quantity-buttons"],"featured_image_src_large":["https:\/\/zecovalve.com\/wp-content\/uploads\/2022\/06\/High-Pressure-Gate-Valve-1.jpg",800,600,false],"author_info":[],"comment_info":0,"taxonomy_info":{"product_cat":[{"value":2052,"label":"Gate Valve"},{"value":2458,"label":"Gate Valve By Inch"}]},"yoast_head":"<!-- This site is optimized with the Yoast SEO Premium plugin v15.4 - https:\/\/yoast.com\/wordpress\/plugins\/seo\/ -->\n<title>Gate Valve 6 inch - Competitive 6&quot; Gate Valve Price | ZECO Valve<\/title>\n<meta name=\"robots\" content=\"index, follow, max-snippet:-1, max-image-preview:large, max-video-preview:-1\" \/>\n<link rel=\"canonical\" href=\"https:\/\/zecovalve.com\/fr\/produit\/6-inch-gate-valve\" \/>\n<meta property=\"og:locale\" content=\"fr_FR\" \/>\n<meta property=\"og:type\" content=\"article\" \/>\n<meta property=\"og:title\" content=\"Gate Valve 6 inch - Competitive 6&quot; Gate Valve Price | ZECO Valve\" \/>\n<meta property=\"og:description\" content=\"Gate valve 6 inch means the valve size is 6 inch, and in DN it is DN150. What is a 6 inch ... Lire plus\" \/>\n<meta property=\"og:url\" content=\"https:\/\/zecovalve.com\/fr\/produit\/6-inch-gate-valve\" \/>\n<meta property=\"og:site_name\" content=\"ZECO Valve\" \/>\n<meta property=\"article:modified_time\" content=\"2023-06-07T14:06:21+00:00\" \/>\n<meta property=\"og:image\" content=\"https:\/\/zecovalve.com\/wp-content\/uploads\/2022\/06\/High-Pressure-Gate-Valve-1.jpg\" \/>\n\t<meta property=\"og:image:width\" content=\"800\" \/>\n\t<meta property=\"og:image:height\" content=\"600\" \/>\n<meta name=\"twitter:card\" content=\"summary_large_image\" \/>\n<meta name=\"twitter:label1\" content=\"\u00c9crit par\">\n\t<meta name=\"twitter:data1\" content=\"Jerry\">\n\t<meta name=\"twitter:label2\" content=\"Dur\u00e9e de lecture estim\u00e9e\">\n\t<meta name=\"twitter:data2\" content=\"2 minutes\">\n<script type=\"application\/ld+json\" class=\"yoast-schema-graph\">{\"@context\":\"https:\/\/schema.org\",\"@graph\":[{\"@type\":\"WebSite\",\"@id\":\"https:\/\/zecovalve.com\/#website\",\"url\":\"https:\/\/zecovalve.com\/\",\"name\":\"ZECO Valve\",\"description\":\"Industrial Ball Valve, Gate Valve and Globe Valve Manufacturer\",\"potentialAction\":[{\"@type\":\"SearchAction\",\"target\":\"https:\/\/zecovalve.com\/?s={search_term_string}\",\"query-input\":\"required name=search_term_string\"}],\"inLanguage\":\"fr-FR\"},{\"@type\":\"ImageObject\",\"@id\":\"https:\/\/zecovalve.com\/product\/6-inch-gate-valve#primaryimage\",\"inLanguage\":\"fr-FR\",\"url\":\"https:\/\/zecovalve.com\/wp-content\/uploads\/2022\/06\/High-Pressure-Gate-Valve-1.jpg\",\"width\":800,\"height\":600,\"caption\":\"6 inch Gate Valve\"},{\"@type\":\"WebPage\",\"@id\":\"https:\/\/zecovalve.com\/product\/6-inch-gate-valve#webpage\",\"url\":\"https:\/\/zecovalve.com\/product\/6-inch-gate-valve\",\"name\":\"Gate Valve 6 inch - Competitive 6\\\" Gate Valve Price | ZECO Valve\",\"isPartOf\":{\"@id\":\"https:\/\/zecovalve.com\/#website\"},\"primaryImageOfPage\":{\"@id\":\"https:\/\/zecovalve.com\/product\/6-inch-gate-valve#primaryimage\"},\"datePublished\":\"2022-06-19T04:25:15+00:00\",\"dateModified\":\"2023-06-07T14:06:21+00:00\",\"breadcrumb\":{\"@id\":\"https:\/\/zecovalve.com\/product\/6-inch-gate-valve#breadcrumb\"},\"inLanguage\":\"fr-FR\",\"potentialAction\":[{\"@type\":\"ReadAction\",\"target\":[\"https:\/\/zecovalve.com\/product\/6-inch-gate-valve\"]}]},{\"@type\":\"BreadcrumbList\",\"@id\":\"https:\/\/zecovalve.com\/product\/6-inch-gate-valve#breadcrumb\",\"itemListElement\":[{\"@type\":\"ListItem\",\"position\":1,\"item\":{\"@type\":\"WebPage\",\"@id\":\"https:\/\/zecovalve.com\/\",\"url\":\"https:\/\/zecovalve.com\/\",\"name\":\"Home\"}},{\"@type\":\"ListItem\",\"position\":2,\"item\":{\"@type\":\"WebPage\",\"@id\":\"https:\/\/zecovalve.com\/product-category\",\"url\":\"https:\/\/zecovalve.com\/product-category\",\"name\":\"Industrial Valve Manufacturer | Water Valve Manufacturer\"}},{\"@type\":\"ListItem\",\"position\":3,\"item\":{\"@type\":\"WebPage\",\"@id\":\"https:\/\/zecovalve.com\/product\/6-inch-gate-valve\",\"url\":\"https:\/\/zecovalve.com\/product\/6-inch-gate-valve\",\"name\":\"6 inch Gate Valve\"}}]}]}<\/script>\n<!-- \/ Yoast SEO Premium plugin. -->","_links":{"self":[{"href":"https:\/\/zecovalve.com\/fr\/wp-json\/wp\/v2\/product\/16125","targetHints":{"allow":["GET"]}}],"collection":[{"href":"https:\/\/zecovalve.com\/fr\/wp-json\/wp\/v2\/product"}],"about":[{"href":"https:\/\/zecovalve.com\/fr\/wp-json\/wp\/v2\/types\/product"}],"replies":[{"embeddable":true,"href":"https:\/\/zecovalve.com\/fr\/wp-json\/wp\/v2\/comments?post=16125"}],"wp:featuredmedia":[{"embeddable":true,"href":"https:\/\/zecovalve.com\/fr\/wp-json\/wp\/v2\/media\/27875"}],"wp:attachment":[{"href":"https:\/\/zecovalve.com\/fr\/wp-json\/wp\/v2\/media?parent=16125"}],"wp:term":[{"taxonomy":"product_cat","embeddable":true,"href":"https:\/\/zecovalve.com\/fr\/wp-json\/wp\/v2\/product_cat?post=16125"},{"taxonomy":"product_tag","embeddable":true,"href":"https:\/\/zecovalve.com\/fr\/wp-json\/wp\/v2\/product_tag?post=16125"}],"curies":[{"name":"wp","href":"https:\/\/api.w.org\/{rel}","templated":true}]}}