{"id":16127,"date":"2022-06-19T13:33:53","date_gmt":"2022-06-19T13:33:53","guid":{"rendered":"https:\/\/zecovalve.com\/?post_type=product&#038;p=16127"},"modified":"2023-06-15T12:38:01","modified_gmt":"2023-06-15T12:38:01","slug":"industrial-gate-valve","status":"publish","type":"product","link":"https:\/\/zecovalve.com\/fr\/produit\/industrial-gate-valve","title":{"rendered":"Robinet-vanne industriel"},"content":{"rendered":"<p>ZECO Valve est un fabricant de robinets-vannes approuv\u00e9 par l'API 600.<\/p>\r\n\r\n\r\n\r\n<figure class=\"wp-block-image alignnone size-medium wp-image-16128\"><img loading=\"lazy\" decoding=\"async\" width=\"300\" height=\"225\" class=\"wp-image-16128\" src=\"https:\/\/zecovalve.com\/wp-content\/uploads\/2022\/06\/industrial-gate-valve-300x225.jpg\" alt=\"Robinet-vanne industriel\" srcset=\"https:\/\/zecovalve.com\/wp-content\/uploads\/2022\/06\/industrial-gate-valve-300x225.jpg 300w, https:\/\/zecovalve.com\/wp-content\/uploads\/2022\/06\/industrial-gate-valve-768x576.jpg 768w, https:\/\/zecovalve.com\/wp-content\/uploads\/2022\/06\/industrial-gate-valve-600x450.jpg 600w, https:\/\/zecovalve.com\/wp-content\/uploads\/2022\/06\/industrial-gate-valve.jpg 800w\" sizes=\"auto, (max-width: 300px) 100vw, 300px\" \/><\/figure>\r\n\r\n\r\n<div class=\"gb-button-wrapper gb-button-wrapper-6d8495a3\">\r\n\r\n\r\n<p><a class=\"gb-button gb-button-3d442e11 gb-button-text\" href=\"https:\/\/zecovalve.com\/fr\/contact\/\" target=\"_blank\" rel=\"noopener noreferrer\"><strong>OBTENIR LE PRIX D'UN ROBINET-VANNE INDUSTRIEL<\/strong><\/a><\/p>\r\n<\/div>\r\n\r\n\r\n\r\n\r\n<h2 class=\"wp-block-heading\">Qu'est-ce qu'une vanne industrielle ?<\/h2>\r\n\r\n\r\n\r\n<p>Dans les applications industrielles, les vannes jouent un r\u00f4le essentiel en contr\u00f4lant ou en r\u00e9gulant le mouvement des fluides dans les syst\u00e8mes de tuyauterie. Le large \u00e9ventail d'applications industrielles permet une plus grande vari\u00e9t\u00e9 dans la conception des vannes.<\/p>\r\n\r\n\r\n\r\n<p>Si la plupart d'entre elles sont destin\u00e9es au m\u00e9canisme d'arr\u00eat-d\u00e9marrage, certaines vannes ont \u00e9galement des capacit\u00e9s d'\u00e9tranglement. En outre, les vannes sont actionn\u00e9es soit manuellement, soit \u00e0 l'aide d'un engrenage qui d\u00e9place l'actionneur.<\/p>\r\n\r\n\r\n\r\n<p>Toute personne travaillant dans le secteur de la tuyauterie doit comprendre l'importance des vannes. Conna\u00eetre le fonctionnement et l'entretien des vannes permet de prolonger leur dur\u00e9e de vie. Cela permet \u00e9galement de garantir que l'ensemble du processus de tuyauterie se d\u00e9roule sans retard.<\/p>\r\n\r\n\r\n\r\n<p>Cet article pr\u00e9sente tout ce qu'il faut savoir sur les vannes industrielles. Il aborde notamment les diff\u00e9rentes fonctions des vannes et les pi\u00e8ces g\u00e9n\u00e9rales des vannes. Cet article traite \u00e9galement des vannes couramment utilis\u00e9es dans les applications industrielles.<\/p>\r\n\r\n\r\n\r\n<h2 class=\"wp-block-heading\" id=\"h-what-is-industrial-gate-valve\">Qu'est-ce qu'un robinet-vanne industriel ?<\/h2>\r\n\r\n\r\n\r\n<p>Les robinets-vannes industriels ou \"robinets \u00e0 bloc\" sont le type de robinet le plus couramment utilis\u00e9 dans l'industrie du p\u00e9trole et du gaz. Les robinets-vannes sont destin\u00e9s \u00e0 contr\u00f4ler le d\u00e9bit tout ou rien. Lorsqu'elles sont compl\u00e8tement ouvertes, le fluide s'\u00e9coule \u00e0 travers la vanne en ligne droite, ce qui entra\u00eene une perte de charge minimale dans la vanne.<\/p>\r\n\r\n\r\n\r\n<p>Les robinets-vannes industriels conviennent \u00e0 la fois aux installations a\u00e9riennes et souterraines et sont con\u00e7us pour un service enti\u00e8rement ouvert ou enti\u00e8rement ferm\u00e9. Ils sont install\u00e9s dans les canalisations en tant que vannes d'isolement et ne doivent pas \u00eatre utilis\u00e9s comme vannes de contr\u00f4le ou de r\u00e9gulation.<\/p>\r\n\r\n\r\n\r\n<p>Ces vannes peuvent \u00eatre divis\u00e9es en deux types principaux, \u00e0 savoir les vannes parall\u00e8les et les vannes en forme de coin. Les robinets-vannes industriels parall\u00e8les utilisent un opercule plat entre deux si\u00e8ges parall\u00e8les. Le robinet-vanne \u00e0 guillotine est un robinet populaire con\u00e7u de cette mani\u00e8re, avec une ar\u00eate vive sur le bas de l'opercule. Les robinets-vannes industriels en forme de coin utilisent deux si\u00e8ges inclin\u00e9s et un opercule inclin\u00e9 l\u00e9g\u00e8rement d\u00e9cal\u00e9.<\/p>\r\n\r\n\r\n\r\n<p>Les robinets-vannes industriels \u00e9taient autrefois des robinets \u00e0 coin \u00e0 si\u00e8ge m\u00e9tallique, avec une conception de coin conique et des dispositifs d'\u00e9tanch\u00e9it\u00e9 angulaires n\u00e9cessitant une d\u00e9pression dans le fond du robinet pour assurer une fermeture \u00e9tanche. De nos jours, les robinets-vannes \u00e0 si\u00e8ge r\u00e9silient ont un fond de vanne lisse qui permet le libre passage du sable et des cailloux dans la vanne.<\/p>\r\n\r\n\r\n\r\n<p>Les tiges montantes sont fix\u00e9es aux robinets-vannes industriels et s'\u00e9l\u00e8vent ou s'abaissent lorsque le robinet est actionn\u00e9. Il s'agit d'une indication visuelle de la position du robinet-vanne industriel, ce qui facilite le graissage de la tige. Ce type de robinet-vanne industriel ne convient g\u00e9n\u00e9ralement qu'aux installations en surface.<\/p>\r\n\r\n\r\n\r\n<p>Les tiges non montantes sont filet\u00e9es dans l'opercule lui-m\u00eame et occupent moins d'espace vertical. Ces vannes conviennent aussi bien aux installations a\u00e9riennes qu'aux installations souterraines.<\/p>\r\n\r\n\r\n\r\n<p>Les robinets-vannes industriels sont durables et ne n\u00e9cessitent pas beaucoup d'entretien.<\/p>\r\n\r\n\r\n\r\n<h2 class=\"wp-block-heading\">Sp\u00e9cifications du robinet-vanne industriel<\/h2>\r\n\r\n\r\n\r\n<figure class=\"wp-block-table\">\r\n<table>\r\n<tbody>\r\n<tr>\r\n<td>GAMME DE TAILLES<\/td>\r\n<td>Gamme de tailles de 1\/4\" \u00e0 60\"<\/td>\r\n<\/tr>\r\n<tr>\r\n<td>PLAGE DE PRESSION<\/td>\r\n<td>Gamme de tailles Gamme de pressions ANSI 150# \u00e0 ANSI 1500#<\/td>\r\n<\/tr>\r\n<tr>\r\n<td>CAT\u00c9GORIES DE MAT\u00c9RIAUX<\/td>\r\n<td>WCB, A105N, LF2, LCC, CF8M, 316, 316L, A20, Hastelloy C, autres mat\u00e9riaux exotiques<\/td>\r\n<\/tr>\r\n<tr>\r\n<td>MAT\u00c9RIAUX D'HABILLAGE<\/td>\r\n<td>13Cr, SS 316, A20, Monel, Hastelloy C tige et coin<\/td>\r\n<\/tr>\r\n<tr>\r\n<td>MAT\u00c9RIAUX D'EMBALLAGE ET D'\u00c9TANCH\u00c9IT\u00c9<\/td>\r\n<td>Graphite ou T\u00e9flon<\/td>\r\n<\/tr>\r\n<tr>\r\n<td>CONFIGURATIONS FINALES<\/td>\r\n<td>Face sur\u00e9lev\u00e9e, RTJ, filet\u00e9, douille \u00e0 souder, filet\u00e9 X douille<\/td>\r\n<\/tr>\r\n<tr>\r\n<td>NORMES<\/td>\r\n<td>Faibles \u00e9missions, certifi\u00e9 NACE<\/td>\r\n<\/tr>\r\n<\/tbody>\r\n<\/table>\r\n<\/figure>\r\n\r\n\r\n\r\n<h2 class=\"wp-block-heading\">Robinet-vanne industriel Pi\u00e8ces et composants<\/h2>\r\n\r\n\r\n\r\n<p>La vanne industrielle est un ensemble de petites pi\u00e8ces. Il y a des pi\u00e8ces internes et externes. Bien que des types de vannes sp\u00e9cifiques contiennent certains composants propres \u00e0 leur conception, toutes les vannes industrielles partagent les principaux composants de la vanne. Cette section aborde les diff\u00e9rentes pi\u00e8ces de la soupape.<\/p>\r\n\r\n\r\n\r\n<h3 class=\"wp-block-heading\">Corps<\/h3>\r\n\r\n\r\n\r\n<p>Le corps abrite les pi\u00e8ces internes de la valve, y compris la garniture. C'est \u00e9galement le passage du fluide. <a href=\"https:\/\/zecovalve.com\/fr\/\" data-internallinksmanager029f6b8e52c=\"9\" title=\"fabricant de vannes industrielles\" target=\"_blank\" rel=\"noopener\">Fabricants de vannes industrielles<\/a> Le corps peut \u00eatre fabriqu\u00e9 selon l'une des trois m\u00e9thodes suivantes : coul\u00e9, forg\u00e9 ou fabriqu\u00e9. Le corps relie \u00e9galement les deux extr\u00e9mit\u00e9s de la vanne au syst\u00e8me de tuyauterie.<\/p>\r\n\r\n\r\n\r\n<h3 class=\"wp-block-heading\">Bonnet<\/h3>\r\n\r\n\r\n\r\n<p>Les deux fonctions du capot sont les suivantes :<\/p>\r\n\r\n\r\n\r\n<p>Il abrite les parties internes des valves.<\/p>\r\n\r\n\r\n\r\n<p>Il soutient la tige puisqu'elle se trouve dans le chapeau dans de nombreux types de vannes.<\/p>\r\n\r\n\r\n\r\n<h3 class=\"wp-block-heading\">Garniture de soupape<\/h3>\r\n\r\n\r\n\r\n<p>La garniture de la vanne d\u00e9signe les pi\u00e8ces collectives de la vanne qui entrent en contact avec le fluide. Il s'agit du disque, du si\u00e8ge de soupape et de la tige. Attention, certaines vannes peuvent avoir des pi\u00e8ces suppl\u00e9mentaires, mais en g\u00e9n\u00e9ral, ces trois \u00e9l\u00e9ments sont toujours pr\u00e9sents dans la plupart des vannes.<\/p>\r\n\r\n\r\n\r\n<p>Le type de si\u00e8ge et de disque, ainsi que l'emplacement du disque par rapport au si\u00e8ge, d\u00e9terminent les performances de la garniture de la soupape. C'est \u00e9galement la combinaison du disque, du si\u00e8ge et de la tige qui d\u00e9termine le mouvement et le contr\u00f4le de la soupape.<\/p>\r\n\r\n\r\n\r\n<ul class=\"wp-block-list\">\r\n<li>Disque\r\n<ul>\r\n<li>Le disque porte d'autres noms en fonction du type de vanne. Boule et vanne sont deux autres noms pour le disque. Cette pi\u00e8ce peut servir d'\u00e9trangleur ou arr\u00eater\/permettre l'\u00e9coulement du fluide dans la vanne vers les canalisations.<\/li>\r\n<\/ul>\r\n<\/li>\r\n<li>Si\u00e8ge\r\n<ul>\r\n<li>Le si\u00e8ge sert de coussin au disque. Les bagues d'\u00e9tanch\u00e9it\u00e9 sont son autre nom. Certains types de vannes ont un si\u00e8ge, d'autres en ont deux ou plus. Plus le nombre de si\u00e8ges est \u00e9lev\u00e9, meilleure est l'\u00e9tanch\u00e9it\u00e9. Les soupapes multivoies ont plus de si\u00e8ges car elles ont plus d'une sortie. Certains si\u00e8ges sont int\u00e9gr\u00e9s \u00e0 la structure de la soupape. D'autres sont rempla\u00e7ables.<\/li>\r\n<li>La qualit\u00e9 du si\u00e8ge de la soupape influe directement sur l'efficacit\u00e9 de la pr\u00e9vention des fuites. En fonction des exigences telles que le type de fluide, les jauges de temp\u00e9rature et de pression, etc., les soupapes sont soit en \u00e9lastom\u00e8re, comme le t\u00e9flon, soit en m\u00e9tal.<\/li>\r\n<\/ul>\r\n<\/li>\r\n<li>Tige\r\n<ul>\r\n<li>La tige est l'arbre qui relie le disque \u00e0 l'actionneur. Cette partie fournit le mouvement n\u00e9cessaire pour ouvrir ou fermer le disque. Les mouvements d'ouverture et de fermeture sont soit lin\u00e9aires, comme dans le cas des robinets-vannes ou des robinets \u00e0 soupape, soit rotatifs, comme dans le cas des robinets \u00e0 papillon et des robinets \u00e0 tournant sph\u00e9rique.<\/li>\r\n<\/ul>\r\n<\/li>\r\n<li>Boulons\r\n<ul>\r\n<li>Les boulons maintiennent une pi\u00e8ce de la valve \u00e0 une autre, par exemple, le chapeau au corps. Les boulons rendent le joint plus \u00e9tanche.<\/li>\r\n<\/ul>\r\n<\/li>\r\n<li>Actionneur\r\n<ul>\r\n<li>L'actionneur porte de nombreux noms, tels que roues, leviers et poign\u00e9es. Le plus souvent, les noms correspondent \u00e0 la conception de l'actionneur. Les robinets-vannes et les robinets \u00e0 soupape ont des volants manuels comme actionneurs. En revanche, les robinets \u00e0 tournant sph\u00e9rique, les robinets \u00e0 tournant conique et les robinets \u00e0 papillon sont \u00e9quip\u00e9s de leviers qui font office d'actionneurs. Bien que les actionneurs manuels soient courants, il existe des circonstances o\u00f9 l'automatisation ou l'alimentation \u00e9lectrique est le moyen id\u00e9al d'actionner. L'emplacement des vannes pose des probl\u00e8mes, par exemple s'il est \u00e9loign\u00e9. Le temps ne permet pas aux vannes de s'ouvrir rapidement par des m\u00e9thodes manuelles.<\/li>\r\n<li>La vanne est de grande taille et la pression est trop \u00e9lev\u00e9e ; l'ouverture manuelle devient risqu\u00e9e.<\/li>\r\n<\/ul>\r\n<\/li>\r\n<li>Emballage\r\n<ul>\r\n<li>Il est \u00e9galement appel\u00e9 joint. La garniture fait office de joint entre la tige et le chapeau. Elle joue un r\u00f4le important car une installation correcte de la garniture augmente la dur\u00e9e de vie de la vanne.<\/li>\r\n<li>Install\u00e9e de mani\u00e8re trop l\u00e2che, la valve fuit. Si elle est install\u00e9e trop serr\u00e9e, la soupape ne peut pas bouger. En d'autres termes, la garniture r\u00e9duit les dommages et augmente la capacit\u00e9 d'\u00e9tanch\u00e9it\u00e9 de la soupape. Il se compose de cinq \u00e9l\u00e9ments, \u00e0 savoir le suiveur de presse-\u00e9toupe, le presse-\u00e9toupe, la bo\u00eete \u00e0 garniture et le si\u00e8ge arri\u00e8re.<\/li>\r\n<\/ul>\r\n<\/li>\r\n<li>Attelage\r\n<ul>\r\n<li>L'arcade est le bras qui relie le corps et le chapeau \u00e0 l'actionneur. Fabriqu\u00e9 en une seule pi\u00e8ce avec le chapeau, l'arcade doit r\u00e9sister \u00e0 la force appliqu\u00e9e \u00e0 l'actionneur. L'arcade contient les \u00e9crous et les bagues qui servent de connecteurs aux autres parties de la vanne.<\/li>\r\n<\/ul>\r\n<\/li>\r\n<\/ul>\r\n\r\n\r\n\r\n<h2 class=\"wp-block-heading\" id=\"h-features-of-industrial-gate-valves\">Caract\u00e9ristiques des robinets-vannes industriels<\/h2>\r\n\r\n\r\n\r\n<ul class=\"wp-block-list\">\r\n<li>Le robinet-vanne industriel ZECO est con\u00e7u avec un joint d'\u00e9tanch\u00e9it\u00e9, qui peut r\u00e9pondre aux besoins de remplacement de la garniture sous pression dans le domaine de la maintenance, et garantir l'absence de fuite lors du remplacement de la garniture. Par rapport au processus de remplacement original qui consiste \u00e0 d\u00e9monter la vanne, il acc\u00e9l\u00e8re consid\u00e9rablement la vitesse, \u00e9conomise le temps du personnel et optimise la dur\u00e9e d'exploitation de la canalisation ;<\/li>\r\n<li>L'\u00e9crou de tige \u00e0 long filetage prolonge la dur\u00e9e de vie de la bande de roulement et permet d'enlever le volant en position compl\u00e8tement ouverte ;<\/li>\r\n<li>Le joint flexible en graphite est utilis\u00e9 pour les robinets-vannes de la classe 150, le joint spiral\u00e9 pour les robinets des classes 300 et 600, et le joint m\u00e9tallique pour les robinets-vannes de la classe 900 ou sup\u00e9rieure (la classe 600 peut \u00eatre obtenue si le client le souhaite) ;<\/li>\r\n<li>Lors de l'ouverture et de la fermeture de la vanne, le guide int\u00e9gr\u00e9 dans le corps de la vanne maintient le coin au centre. Sans le guide int\u00e9gral, le joint de la vanne sera d\u00e9cal\u00e9, et la structure du robinet-vanne industriel ZECO stabilise les performances d'\u00e9tanch\u00e9it\u00e9.<\/li>\r\n<\/ul>\r\n\r\n\r\n\r\n<h2 class=\"wp-block-heading\">Applications des robinets-vannes industriels<\/h2>\r\n\r\n\r\n\r\n<ul class=\"wp-block-list\">\r\n<li>Co\u00fbt et efficacit\u00e9 \u00e9nerg\u00e9tique<\/li>\r\n<li>Conception simple et facile \u00e0 utiliser<\/li>\r\n<li>Double sens d'\u00e9coulement, en fonction du milieu<\/li>\r\n<li>\u00c9rosion minimale constat\u00e9e<\/li>\r\n<li>Pression minimale gr\u00e2ce \u00e0 la rationalisation de l'\u00e9coulement<\/li>\r\n<\/ul>\r\n\r\n\r\n\r\n<h2 class=\"wp-block-heading\" id=\"h-product-overview-of-industrial-gate-valves\">Aper\u00e7u des produits des robinets-vannes industriels<\/h2>\r\n\r\n\r\n\r\n<figure class=\"wp-block-table is-style-stripes\">\r\n<table>\r\n<tbody>\r\n<tr>\r\n<td>GAMME DE TAILLES<\/td>\r\n<td>Gamme de tailles de 1\/4\" \u00e0 60\"<\/td>\r\n<\/tr>\r\n<tr>\r\n<td>PLAGE DE PRESSION<\/td>\r\n<td>Gamme de tailles Gamme de pressions ANSI 150# \u00e0 ANSI 1500#<\/td>\r\n<\/tr>\r\n<tr>\r\n<td>CAT\u00c9GORIES DE MAT\u00c9RIAUX<\/td>\r\n<td>WCB, A105N, LF2, LCC, CF8M, 316, 316L, A20, Hastelloy C, autres mat\u00e9riaux exotiques<\/td>\r\n<\/tr>\r\n<tr>\r\n<td>MAT\u00c9RIAUX D'HABILLAGE<\/td>\r\n<td>13Cr, SS 316, A20, Monel, Hastelloy C tige et coin<\/td>\r\n<\/tr>\r\n<tr>\r\n<td>MAT\u00c9RIAUX D'EMBALLAGE ET D'\u00c9TANCH\u00c9IT\u00c9<\/td>\r\n<td>Graphite ou T\u00e9flon<\/td>\r\n<\/tr>\r\n<tr>\r\n<td>CONFIGURATIONS FINALES<\/td>\r\n<td>Face sur\u00e9lev\u00e9e, RTJ, filet\u00e9, douille \u00e0 souder, filet\u00e9 X douille<\/td>\r\n<\/tr>\r\n<tr>\r\n<td>NORMES<\/td>\r\n<td>Faibles \u00e9missions, certifi\u00e9 NACE<\/td>\r\n<\/tr>\r\n<\/tbody>\r\n<\/table>\r\n<\/figure>\r\n\r\n\r\n\r\n<h2 class=\"wp-block-heading\">Fabricant de vannes industrielles<\/h2>\r\n\r\n\r\n\r\n<p>ZECO Valve est un fabricant industriel de vannes \u00e0 bille, de robinets-vannes, de robinets \u00e0 soupape, de clapets anti-retour, de robinets \u00e0 papillon, de robinets \u00e0 tournant conique et de cr\u00e9pines. Notre usine de vannes en Chine respecte les normes ANSI, API, DIN, GOST, BS, JIS, China GB et les exigences sp\u00e9cifiques des clients. Nos produits ont \u00e9t\u00e9 vendus dans le monde entier pour une large gamme d'applications dans les industries du gaz naturel, du p\u00e9trole, du raffinage du p\u00e9trole, de la chimie, de la marine, de la production d'\u00e9nergie et du transport par pipeline.<\/p>","protected":false},"excerpt":{"rendered":"<p>ZECO Valve est un fabricant de vannes \u00e0 vanne approuv\u00e9 API 600. Que sont les vannes industrielles ? Dans les applications industrielles, les vannes jouent un r\u00f4le essentiel\u2026 <a title=\"Robinet-vanne industriel\" class=\"read-more\" href=\"https:\/\/zecovalve.com\/fr\/produit\/industrial-gate-valve\" aria-label=\"Plus sur Vanne Industrielle\">Lire plus<\/a><\/p>","protected":false},"featured_media":27878,"comment_status":"closed","ping_status":"closed","template":"","meta":{"_generate-full-width-content":"","kt_blocks_editor_width":""},"product_cat":[2052,2456],"product_tag":[2798],"class_list":["post-16127","product","type-product","status-publish","has-post-thumbnail","hentry","product_cat-gate-valve","product_cat-gate-valve-by-form","product_tag-osy-valve","sales-flash-overlay","woocommerce-text-align-center","woocommerce-image-align-center","do-quantity-buttons"],"featured_image_src_large":["https:\/\/zecovalve.com\/wp-content\/uploads\/2022\/06\/Industrial-Gate-Valve-1.jpg",800,600,false],"author_info":[],"comment_info":0,"taxonomy_info":{"product_cat":[{"value":2052,"label":"Gate Valve"},{"value":2456,"label":"Gate Valve By Form"}],"product_tag":[{"value":2798,"label":"OS&amp;Y Valve"}]},"yoast_head":"<!-- This site is optimized with the Yoast SEO Premium plugin v15.4 - https:\/\/yoast.com\/wordpress\/plugins\/seo\/ -->\n<title>Industrial Gate Valve - Gate Valve Manufacturer | ZECO Valve<\/title>\n<meta name=\"robots\" content=\"index, follow, max-snippet:-1, max-image-preview:large, max-video-preview:-1\" \/>\n<link rel=\"canonical\" href=\"https:\/\/zecovalve.com\/fr\/produit\/industrial-gate-valve\" \/>\n<meta property=\"og:locale\" content=\"fr_FR\" \/>\n<meta property=\"og:type\" content=\"article\" \/>\n<meta property=\"og:title\" content=\"Industrial Gate Valve - Gate Valve Manufacturer | ZECO Valve\" \/>\n<meta property=\"og:description\" content=\"ZECO Valve is an API 600 approved Gate Valve Manufacturer. What are Industrial Valves? In industrial applications, valves play a vital role ... Lire plus\" \/>\n<meta property=\"og:url\" content=\"https:\/\/zecovalve.com\/fr\/produit\/industrial-gate-valve\" \/>\n<meta property=\"og:site_name\" content=\"ZECO Valve\" \/>\n<meta property=\"article:modified_time\" content=\"2023-06-15T12:38:01+00:00\" \/>\n<meta property=\"og:image\" content=\"https:\/\/zecovalve.com\/wp-content\/uploads\/2022\/06\/Industrial-Gate-Valve-1.jpg\" \/>\n\t<meta property=\"og:image:width\" content=\"800\" \/>\n\t<meta property=\"og:image:height\" content=\"600\" \/>\n<meta name=\"twitter:card\" content=\"summary_large_image\" \/>\n<meta name=\"twitter:label1\" content=\"\u00c9crit par\">\n\t<meta name=\"twitter:data1\" content=\"Jerry\">\n\t<meta name=\"twitter:label2\" content=\"Dur\u00e9e de lecture estim\u00e9e\">\n\t<meta name=\"twitter:data2\" content=\"6 minutes\">\n<script type=\"application\/ld+json\" class=\"yoast-schema-graph\">{\"@context\":\"https:\/\/schema.org\",\"@graph\":[{\"@type\":\"WebSite\",\"@id\":\"https:\/\/zecovalve.com\/#website\",\"url\":\"https:\/\/zecovalve.com\/\",\"name\":\"ZECO Valve\",\"description\":\"Industrial Ball Valve, Gate Valve and Globe Valve Manufacturer\",\"potentialAction\":[{\"@type\":\"SearchAction\",\"target\":\"https:\/\/zecovalve.com\/?s={search_term_string}\",\"query-input\":\"required name=search_term_string\"}],\"inLanguage\":\"fr-FR\"},{\"@type\":\"ImageObject\",\"@id\":\"https:\/\/zecovalve.com\/product\/industrial-gate-valve#primaryimage\",\"inLanguage\":\"fr-FR\",\"url\":\"https:\/\/zecovalve.com\/wp-content\/uploads\/2022\/06\/Industrial-Gate-Valve-1.jpg\",\"width\":800,\"height\":600,\"caption\":\"Industrial Gate Valve\"},{\"@type\":\"WebPage\",\"@id\":\"https:\/\/zecovalve.com\/product\/industrial-gate-valve#webpage\",\"url\":\"https:\/\/zecovalve.com\/product\/industrial-gate-valve\",\"name\":\"Industrial Gate Valve - Gate Valve Manufacturer | ZECO Valve\",\"isPartOf\":{\"@id\":\"https:\/\/zecovalve.com\/#website\"},\"primaryImageOfPage\":{\"@id\":\"https:\/\/zecovalve.com\/product\/industrial-gate-valve#primaryimage\"},\"datePublished\":\"2022-06-19T13:33:53+00:00\",\"dateModified\":\"2023-06-15T12:38:01+00:00\",\"breadcrumb\":{\"@id\":\"https:\/\/zecovalve.com\/product\/industrial-gate-valve#breadcrumb\"},\"inLanguage\":\"fr-FR\",\"potentialAction\":[{\"@type\":\"ReadAction\",\"target\":[\"https:\/\/zecovalve.com\/product\/industrial-gate-valve\"]}]},{\"@type\":\"BreadcrumbList\",\"@id\":\"https:\/\/zecovalve.com\/product\/industrial-gate-valve#breadcrumb\",\"itemListElement\":[{\"@type\":\"ListItem\",\"position\":1,\"item\":{\"@type\":\"WebPage\",\"@id\":\"https:\/\/zecovalve.com\/\",\"url\":\"https:\/\/zecovalve.com\/\",\"name\":\"Home\"}},{\"@type\":\"ListItem\",\"position\":2,\"item\":{\"@type\":\"WebPage\",\"@id\":\"https:\/\/zecovalve.com\/product-category\",\"url\":\"https:\/\/zecovalve.com\/product-category\",\"name\":\"Industrial Valve Manufacturer | Water Valve Manufacturer\"}},{\"@type\":\"ListItem\",\"position\":3,\"item\":{\"@type\":\"WebPage\",\"@id\":\"https:\/\/zecovalve.com\/product\/industrial-gate-valve\",\"url\":\"https:\/\/zecovalve.com\/product\/industrial-gate-valve\",\"name\":\"Industrial Gate Valve\"}}]}]}<\/script>\n<!-- \/ Yoast SEO Premium plugin. -->","_links":{"self":[{"href":"https:\/\/zecovalve.com\/fr\/wp-json\/wp\/v2\/product\/16127","targetHints":{"allow":["GET"]}}],"collection":[{"href":"https:\/\/zecovalve.com\/fr\/wp-json\/wp\/v2\/product"}],"about":[{"href":"https:\/\/zecovalve.com\/fr\/wp-json\/wp\/v2\/types\/product"}],"replies":[{"embeddable":true,"href":"https:\/\/zecovalve.com\/fr\/wp-json\/wp\/v2\/comments?post=16127"}],"wp:featuredmedia":[{"embeddable":true,"href":"https:\/\/zecovalve.com\/fr\/wp-json\/wp\/v2\/media\/27878"}],"wp:attachment":[{"href":"https:\/\/zecovalve.com\/fr\/wp-json\/wp\/v2\/media?parent=16127"}],"wp:term":[{"taxonomy":"product_cat","embeddable":true,"href":"https:\/\/zecovalve.com\/fr\/wp-json\/wp\/v2\/product_cat?post=16127"},{"taxonomy":"product_tag","embeddable":true,"href":"https:\/\/zecovalve.com\/fr\/wp-json\/wp\/v2\/product_tag?post=16127"}],"curies":[{"name":"wp","href":"https:\/\/api.w.org\/{rel}","templated":true}]}}