{"id":16131,"date":"2022-06-19T13:46:32","date_gmt":"2022-06-19T13:46:32","guid":{"rendered":"https:\/\/zecovalve.com\/?post_type=product&#038;p=16131"},"modified":"2022-09-01T00:48:37","modified_gmt":"2022-09-01T00:48:37","slug":"3-inch-butterfly-valve","status":"publish","type":"product","link":"https:\/\/zecovalve.com\/fr\/produit\/3-inch-butterfly-valve","title":{"rendered":"Vanne papillon 3 pouces"},"content":{"rendered":"<figure class=\"wp-block-image alignnone size-full is-resized size-medium wp-image-16132\"><img loading=\"lazy\" decoding=\"async\" class=\"wp-image-14003\" src=\"https:\/\/zecovalve.com\/wp-content\/uploads\/2022\/01\/20220105083946-61d55952c8bd2.jpg\" alt=\"\" width=\"449\" height=\"350\" srcset=\"https:\/\/zecovalve.com\/wp-content\/uploads\/2022\/01\/20220105083946-61d55952c8bd2.jpg 898w, https:\/\/zecovalve.com\/wp-content\/uploads\/2022\/01\/20220105083946-61d55952c8bd2-600x468.jpg 600w, https:\/\/zecovalve.com\/wp-content\/uploads\/2022\/01\/20220105083946-61d55952c8bd2-300x234.jpg 300w, https:\/\/zecovalve.com\/wp-content\/uploads\/2022\/01\/20220105083946-61d55952c8bd2-768x599.jpg 768w\" sizes=\"auto, (max-width: 449px) 100vw, 449px\" \/><\/figure>\r\n\r\n\r\n<div class=\"gb-button-wrapper gb-button-wrapper-6d8495a3\">\r\n\r\n\r\n<p><a class=\"gb-button gb-button-3d442e11 gb-button-text\" href=\"mailto:commercial@zecovalve.com\" target=\"_blank\" rel=\"noopener noreferrer\"><strong>OBTENEZ LE PRIX DE LA VALVE PAPILLON DE TYPE PLAQUETTE DE 3 pouces<\/strong><\/a><\/p>\r\n<\/div>\r\n\r\n\r\n\r\n\r\n<h2 class=\"wp-block-heading\" id=\"h-what-is-3-inch-wafer-type-butterfly-valve\">Qu&#039;est-ce qu&#039;une vanne papillon de type plaquette de 3 pouces\u00a0?<\/h2>\r\n\r\n\r\n\r\n<p>La vanne papillon de type plaquette de 3 pouces est un m\u00e9canisme de contr\u00f4le de d\u00e9bit qui utilise un disque rotatif pour contr\u00f4ler le d\u00e9bit du fluide dans le syst\u00e8me. Le disque reste dans le passage, mais comme il est tr\u00e8s fin, il n&#039;oppose que tr\u00e8s peu de r\u00e9sistance \u00e0 l&#039;\u00e9coulement.<\/p>\r\n\r\n\r\n\r\n<p>Le type le plus courant d\u2019agencement de vanne papillon est une vanne papillon centrique ou concentrique. Ce type de vanne papillon se compose d&#039;une tige qui se d\u00e9place le long de la ligne m\u00e9diane du disque au centre de l&#039;al\u00e9sage du tuyau et le si\u00e8ge est \u00e0 l&#039;int\u00e9rieur du diam\u00e8tre du corps de la vanne. Cette configuration de vanne sans d\u00e9calage est \u00e9galement connue sous le nom de vanne \u00e0 si\u00e8ge \u00e9lastique car elle d\u00e9pend de la flexibilit\u00e9 du caoutchouc du si\u00e8ge lorsque le d\u00e9bit est ferm\u00e9, pour la fiabilit\u00e9 de l&#039;\u00e9tanch\u00e9it\u00e9. Dans ce type de vanne, le disque interagit d&#039;abord avec le si\u00e8ge \u00e0 environ 85\u00b0 pour une rotation de 90\u00b0. Les vannes papillon concentriques sont largement utilis\u00e9es dans les applications basse pression.<\/p>\r\n\r\n\r\n\r\n<h2 class=\"wp-block-heading\">Dimensions et poids de la vanne papillon de 3 pouces<\/h2>\r\n\r\n\r\n\r\n<table border=\"=1\" width=\"800\">\r\n<tbody>\r\n<tr>\r\n<td rowspan=\"2\">Pression nominale<\/td>\r\n<td style=\"text-align: center;\" colspan=\"3\">\u00a0Dimension face \u00e0 face (en mm)<\/td>\r\n<td style=\"text-align: center;\">Poids<\/td>\r\n<\/tr>\r\n<tr>\r\n<td style=\"text-align: center;\">RF<\/td>\r\n<td style=\"text-align: center;\">TRANCHE<\/td>\r\n<td style=\"text-align: center;\">PATTE<\/td>\r\n<td style=\"text-align: center;\">kg<\/td>\r\n<\/tr>\r\n<tr>\r\n<td>CLASSE 150<\/td>\r\n<td style=\"text-align: center;\">114<\/td>\r\n<td style=\"text-align: center;\">46<\/td>\r\n<td style=\"text-align: center;\">46<\/td>\r\n<td style=\"text-align: center;\">8<\/td>\r\n<\/tr>\r\n<\/tbody>\r\n<\/table>\r\n\r\n\r\n\r\n<h2 class=\"wp-block-heading\">Applications de 3 vannes papillon de type plaquette<\/h2>\r\n\r\n\r\n\r\n<ul class=\"wp-block-list\">\r\n<li>Industriel g\u00e9n\u00e9ral<\/li>\r\n<li>CVC<\/li>\r\n<li>Eau<\/li>\r\n<li>Traitement chimique\/p\u00e9trochimique<\/li>\r\n<li>Nourriture et boisson<\/li>\r\n<li>\u00c9nergie et services publics<\/li>\r\n<li>P\u00e2tes et papiers<\/li>\r\n<li>Construction navale maritime et commerciale<\/li>\r\n<\/ul>\r\n\r\n\r\n\r\n<h2 class=\"wp-block-heading\" id=\"h-features-of-3-inch-wafer-type-butterfly-valve\">Caract\u00e9ristiques de la vanne papillon de type gaufrette de 3 pouces\u00a0:<\/h2>\r\n\r\n\r\n\r\n<ul class=\"wp-block-list\">\r\n<li>Convient pour le service gazeux et liquide.<\/li>\r\n<li>Si\u00e8ge \u00e0 dossier ph\u00e9nolique pour une \u00e9tanch\u00e9it\u00e9 sup\u00e9rieure et une utilisation \u00e0 long terme.<\/li>\r\n<li>La conception de la tige monobloc assure une r\u00e9partition uniforme du couple.<\/li>\r\n<li>Arr\u00eat positif bidirectionnel.<\/li>\r\n<li>Automatisation \u00e0 montage direct.<\/li>\r\n<\/ul>\r\n\r\n\r\n\r\n<h2 class=\"wp-block-heading\" id=\"h-material-of-3-inch-butterfly-valve\">Mat\u00e9riau de la vanne papillon de 3 pouces\u00a0:<\/h2>\r\n\r\n\r\n\r\n<figure class=\"wp-block-table is-style-stripes\">\r\n<table>\r\n<tbody>\r\n<tr>\r\n<td>Non<\/td>\r\n<td>Partie<\/td>\r\n<td>Mat\u00e9riau<\/td>\r\n<\/tr>\r\n<tr>\r\n<td>1<\/td>\r\n<td>Corps<\/td>\r\n<td>GGG50 \/ ASTM A126B<\/td>\r\n<\/tr>\r\n<tr>\r\n<td>2<\/td>\r\n<td>Bague d&#039;\u00e9tanch\u00e9it\u00e9<\/td>\r\n<td>EPDM\/NBR<\/td>\r\n<\/tr>\r\n<tr>\r\n<td>3<\/td>\r\n<td>\u00c9pingle<\/td>\r\n<td>ASTM A276 304<\/td>\r\n<\/tr>\r\n<tr>\r\n<td>4<\/td>\r\n<td>Disque<\/td>\r\n<td>ASTM A351 CF8<\/td>\r\n<\/tr>\r\n<tr>\r\n<td>5<\/td>\r\n<td>Tige<\/td>\r\n<td>ASTM A276 420<\/td>\r\n<\/tr>\r\n<tr>\r\n<td>6<\/td>\r\n<td>Garniture de tige<\/td>\r\n<td>EPDM<\/td>\r\n<\/tr>\r\n<tr>\r\n<td>7<\/td>\r\n<td>Boulon<\/td>\r\n<td>ASTM A193 B8<\/td>\r\n<\/tr>\r\n<tr>\r\n<td>8<\/td>\r\n<td>\u00c9crou<\/td>\r\n<td>ASTM A194 8<\/td>\r\n<\/tr>\r\n<\/tbody>\r\n<\/table>\r\n<\/figure>","protected":false},"excerpt":{"rendered":"<p>Qu&#039;est-ce qu&#039;une vanne papillon de type plaquette de 3 pouces\u00a0? La vanne papillon de type gaufrette de 3 pouces est un m\u00e9canisme de contr\u00f4le de d\u00e9bit qui utilise un\u2026 <a title=\"Vanne papillon 3 pouces\" class=\"read-more\" href=\"https:\/\/zecovalve.com\/fr\/produit\/3-inch-butterfly-valve\" aria-label=\"Plus sur Vanne Papillon 3 pouces\">Lire plus<\/a><\/p>","protected":false},"featured_media":14003,"comment_status":"closed","ping_status":"closed","template":"","meta":{"_generate-full-width-content":"","kt_blocks_editor_width":""},"product_cat":[2044,2470],"product_tag":[2806,2801],"class_list":["post-16131","product","type-product","status-publish","has-post-thumbnail","hentry","product_cat-butterfly-valve","product_cat-butterfly-valve-by-inch","product_tag-butterfly-valve-wafer-type","product_tag-wafer-type-butterfly-valve","sales-flash-overlay","woocommerce-text-align-center","woocommerce-image-align-center","do-quantity-buttons"],"featured_image_src_large":["https:\/\/zecovalve.com\/wp-content\/uploads\/2022\/01\/20220105083946-61d55952c8bd2.jpg",898,700,false],"author_info":[],"comment_info":0,"taxonomy_info":{"product_cat":[{"value":2044,"label":"Butterfly Valve"},{"value":2470,"label":"Butterfly Valve By Inch"}],"product_tag":[{"value":2806,"label":"Butterfly Valve Wafer Type"},{"value":2801,"label":"Wafer Type Butterfly Valve"}]},"yoast_head":"<!-- This site is optimized with the Yoast SEO Premium plugin v15.4 - https:\/\/yoast.com\/wordpress\/plugins\/seo\/ -->\n<title>3 inch Wafer Type Butterfly Valve - 3 Butterfly Valve Manufacturer | ZECO<\/title>\n<meta name=\"robots\" content=\"index, follow, max-snippet:-1, max-image-preview:large, max-video-preview:-1\" \/>\n<link rel=\"canonical\" href=\"https:\/\/zecovalve.com\/fr\/produit\/3-inch-butterfly-valve\" \/>\n<meta property=\"og:locale\" content=\"fr_FR\" \/>\n<meta property=\"og:type\" content=\"article\" \/>\n<meta property=\"og:title\" content=\"3 inch Wafer Type Butterfly Valve - 3 Butterfly Valve Manufacturer | ZECO\" \/>\n<meta property=\"og:description\" content=\"What is 3 Inch Wafer Type Butterfly Valve? 3 inch Wafer Type Butterfly Valve is a flow control mechanism that uses a ... Lire plus\" \/>\n<meta property=\"og:url\" content=\"https:\/\/zecovalve.com\/fr\/produit\/3-inch-butterfly-valve\" \/>\n<meta property=\"og:site_name\" content=\"ZECO Valve\" \/>\n<meta property=\"article:modified_time\" content=\"2022-09-01T00:48:37+00:00\" \/>\n<meta property=\"og:image\" content=\"https:\/\/zecovalve.com\/wp-content\/uploads\/2022\/01\/20220105083946-61d55952c8bd2.jpg\" \/>\n\t<meta property=\"og:image:width\" content=\"898\" \/>\n\t<meta property=\"og:image:height\" content=\"700\" \/>\n<meta name=\"twitter:card\" content=\"summary_large_image\" \/>\n<meta name=\"twitter:label1\" content=\"\u00c9crit par\">\n\t<meta name=\"twitter:data1\" content=\"Jerry\">\n\t<meta name=\"twitter:label2\" content=\"Dur\u00e9e de lecture estim\u00e9e\">\n\t<meta name=\"twitter:data2\" content=\"1 minute\">\n<script type=\"application\/ld+json\" class=\"yoast-schema-graph\">{\"@context\":\"https:\/\/schema.org\",\"@graph\":[{\"@type\":\"WebSite\",\"@id\":\"https:\/\/zecovalve.com\/#website\",\"url\":\"https:\/\/zecovalve.com\/\",\"name\":\"ZECO Valve\",\"description\":\"Industrial Ball Valve, Gate Valve and Globe Valve Manufacturer\",\"potentialAction\":[{\"@type\":\"SearchAction\",\"target\":\"https:\/\/zecovalve.com\/?s={search_term_string}\",\"query-input\":\"required name=search_term_string\"}],\"inLanguage\":\"fr-FR\"},{\"@type\":\"ImageObject\",\"@id\":\"https:\/\/zecovalve.com\/product\/3-inch-butterfly-valve#primaryimage\",\"inLanguage\":\"fr-FR\",\"url\":\"https:\/\/zecovalve.com\/wp-content\/uploads\/2022\/01\/20220105083946-61d55952c8bd2.jpg\",\"width\":898,\"height\":700},{\"@type\":\"WebPage\",\"@id\":\"https:\/\/zecovalve.com\/product\/3-inch-butterfly-valve#webpage\",\"url\":\"https:\/\/zecovalve.com\/product\/3-inch-butterfly-valve\",\"name\":\"3 inch Wafer Type Butterfly Valve - 3 Butterfly Valve Manufacturer | ZECO\",\"isPartOf\":{\"@id\":\"https:\/\/zecovalve.com\/#website\"},\"primaryImageOfPage\":{\"@id\":\"https:\/\/zecovalve.com\/product\/3-inch-butterfly-valve#primaryimage\"},\"datePublished\":\"2022-06-19T13:46:32+00:00\",\"dateModified\":\"2022-09-01T00:48:37+00:00\",\"breadcrumb\":{\"@id\":\"https:\/\/zecovalve.com\/product\/3-inch-butterfly-valve#breadcrumb\"},\"inLanguage\":\"fr-FR\",\"potentialAction\":[{\"@type\":\"ReadAction\",\"target\":[\"https:\/\/zecovalve.com\/product\/3-inch-butterfly-valve\"]}]},{\"@type\":\"BreadcrumbList\",\"@id\":\"https:\/\/zecovalve.com\/product\/3-inch-butterfly-valve#breadcrumb\",\"itemListElement\":[{\"@type\":\"ListItem\",\"position\":1,\"item\":{\"@type\":\"WebPage\",\"@id\":\"https:\/\/zecovalve.com\/\",\"url\":\"https:\/\/zecovalve.com\/\",\"name\":\"Home\"}},{\"@type\":\"ListItem\",\"position\":2,\"item\":{\"@type\":\"WebPage\",\"@id\":\"https:\/\/zecovalve.com\/product-category\",\"url\":\"https:\/\/zecovalve.com\/product-category\",\"name\":\"Industrial Valve Manufacturer | Water Valve Manufacturer\"}},{\"@type\":\"ListItem\",\"position\":3,\"item\":{\"@type\":\"WebPage\",\"@id\":\"https:\/\/zecovalve.com\/product\/3-inch-butterfly-valve\",\"url\":\"https:\/\/zecovalve.com\/product\/3-inch-butterfly-valve\",\"name\":\"3 inch Butterfly Valve\"}}]}]}<\/script>\n<!-- \/ Yoast SEO Premium plugin. -->","_links":{"self":[{"href":"https:\/\/zecovalve.com\/fr\/wp-json\/wp\/v2\/product\/16131","targetHints":{"allow":["GET"]}}],"collection":[{"href":"https:\/\/zecovalve.com\/fr\/wp-json\/wp\/v2\/product"}],"about":[{"href":"https:\/\/zecovalve.com\/fr\/wp-json\/wp\/v2\/types\/product"}],"replies":[{"embeddable":true,"href":"https:\/\/zecovalve.com\/fr\/wp-json\/wp\/v2\/comments?post=16131"}],"wp:featuredmedia":[{"embeddable":true,"href":"https:\/\/zecovalve.com\/fr\/wp-json\/wp\/v2\/media\/14003"}],"wp:attachment":[{"href":"https:\/\/zecovalve.com\/fr\/wp-json\/wp\/v2\/media?parent=16131"}],"wp:term":[{"taxonomy":"product_cat","embeddable":true,"href":"https:\/\/zecovalve.com\/fr\/wp-json\/wp\/v2\/product_cat?post=16131"},{"taxonomy":"product_tag","embeddable":true,"href":"https:\/\/zecovalve.com\/fr\/wp-json\/wp\/v2\/product_tag?post=16131"}],"curies":[{"name":"wp","href":"https:\/\/api.w.org\/{rel}","templated":true}]}}