{"id":16135,"date":"2022-06-19T13:59:36","date_gmt":"2022-06-19T13:59:36","guid":{"rendered":"https:\/\/zecovalve.com\/?post_type=product&#038;p=16135"},"modified":"2023-06-15T12:44:49","modified_gmt":"2023-06-15T12:44:49","slug":"8-inch-gate-valve","status":"publish","type":"product","link":"https:\/\/zecovalve.com\/fr\/produit\/8-inch-gate-valve","title":{"rendered":"Robinet-vanne 8 pouces"},"content":{"rendered":"<p>Les robinets-vannes 8\u2033 sont des vannes \u00e0 mouvement lin\u00e9aire qui sont con\u00e7ues pour minimiser la perte de charge dans les applications impliquant des liquides visqueux.<\/p>\r\n\r\n\r\n\r\n<figure class=\"wp-block-image size-full is-resized\">\r\n<p><img loading=\"lazy\" decoding=\"async\" class=\"wp-image-27874 size-medium\" src=\"https:\/\/zecovalve.com\/wp-content\/uploads\/2022\/06\/Through-Conduit-Gate-Valve-2-300x225.jpg\" alt=\"Robinet-vanne \u00e0 passage direct\" width=\"300\" height=\"225\" srcset=\"https:\/\/zecovalve.com\/wp-content\/uploads\/2022\/06\/Through-Conduit-Gate-Valve-2-300x225.jpg 300w, https:\/\/zecovalve.com\/wp-content\/uploads\/2022\/06\/Through-Conduit-Gate-Valve-2-768x576.jpg 768w, https:\/\/zecovalve.com\/wp-content\/uploads\/2022\/06\/Through-Conduit-Gate-Valve-2-600x450.jpg 600w, https:\/\/zecovalve.com\/wp-content\/uploads\/2022\/06\/Through-Conduit-Gate-Valve-2.jpg 800w\" sizes=\"auto, (max-width: 300px) 100vw, 300px\" \/><\/p>\r\n<\/figure>\r\n\r\n\r\n<div class=\"gb-button-wrapper gb-button-wrapper-6d8495a3\">\r\n\r\n\r\n<p><a class=\"gb-button gb-button-3d442e11 gb-button-text\" href=\"mailto:commercial@zecovalve.com\" target=\"_blank\" rel=\"noopener noreferrer\"><strong>Obtenir le prix d'une vanne de 8 pouces<\/strong><\/a><\/p>\r\n<\/div>\r\n\r\n\r\n\r\n\r\n<h2 class=\"wp-block-heading\" id=\"h-description-of-8-inch-gate-valve\">Description du robinet-vanne de 8 pouces :<\/h2>\r\n\r\n\r\n\r\n<p>Les pi\u00e8ces internes du robinet-vanne ZECO de 8 pouces sont fabriqu\u00e9es par le d\u00e9partement technologique qui choisit les mat\u00e9riaux les plus r\u00e9sistants \u00e0 la corrosion et \u00e0 l'usure pour la production, afin de garantir que toutes sortes de fluides corrosifs dans divers environnements de pression et de temp\u00e9rature fonctionnent longtemps en toute s\u00e9curit\u00e9, bien s\u00fbr, en fonction des besoins r\u00e9els des utilisateurs et des exigences de production, ZECO peut fournir des pi\u00e8ces internes en acier inoxydable, des pi\u00e8ces internes en acier inoxydable duplex et des pi\u00e8ces internes en acier basse temp\u00e9rature pour r\u00e9pondre aux besoins des diff\u00e9rentes conditions de travail. Pour certaines conditions de travail particuli\u00e8res, ZECO peut fournir aux utilisateurs un ensemble complet de solutions de vannes de pipeline, de sorte que les utilisateurs peuvent laisser la conception du syst\u00e8me de vannes \u00e0 ZECO et s'occuper eux-m\u00eames des autres probl\u00e8mes de pipeline.<\/p>\r\n\r\n\r\n\r\n<h2 class=\"wp-block-heading\">Sp\u00e9cifications de la vanne \u00e0 guillotine 8\u2033.<\/h2>\r\n\r\n\r\n\r\n<ul class=\"wp-block-list\">\r\n<li><strong>Mat\u00e9riau du corps :\u00a0<\/strong>Acier moul\u00e9<\/li>\r\n<li><strong>Style d'extr\u00e9mit\u00e9 :\u00a0<\/strong>A brides<\/li>\r\n<li><strong>Taille nominale :\u00a0<\/strong>8 en<\/li>\r\n<li><strong>Type d'actionneur :\u00a0<\/strong>Roue \u00e0 main<\/li>\r\n<li><strong>Softgoods Mati\u00e8re :\u00a0<\/strong>Emballage en graphite<\/li>\r\n<li><strong>Standard : <\/strong>Conforme \u00e0 la norme API 600<\/li>\r\n<li><strong>Standard : <\/strong>NACE MR0175<\/li>\r\n<\/ul>\r\n\r\n\r\n\r\n<h2 class=\"wp-block-heading\" id=\"h-features-of-8-inch-gate-valves\">Caract\u00e9ristiques des robinets-vannes de 8 pouces<\/h2>\r\n\r\n\r\n\r\n<ul class=\"wp-block-list\">\r\n<li>Le volant du robinet-vanne ZECO de 8 pouces est expos\u00e9 pendant une longue p\u00e9riode, ce qui peut causer des dommages dus \u00e0 la rouille et n\u00e9cessiter son remplacement. Compte tenu de ce probl\u00e8me, ZECO a con\u00e7u le volant de mani\u00e8re \u00e0 ce qu'il soit amovible lorsque le robinet est compl\u00e8tement ouvert et s'est assur\u00e9 que la vanne est en position ouverte. En outre, ZECO peut \u00e9galement adopter un volant peint pour garantir l'anticorrosion du volant ;<\/li>\r\n<li>ZECO fournit des \u00e9crous et des goujons ASTM A194 2H et ASTM A193B7 pour les conditions de service normales. ZECO fournit des \u00e9crous et des goujons ASTM A194 4 et ASTM A193B16 ou des configurations plus \u00e9lev\u00e9es si elles sont sp\u00e9cifi\u00e9es pour une utilisation \u00e0 des temp\u00e9ratures \u00e9lev\u00e9es. Les vannes en acier inoxydable ZECO sont fournies avec des boulons standard des \u00e9crous et goujons ASTM A194 8 et ASTM A193 B8 ;<\/li>\r\n<li>La tige du robinet-vanne ZECO de 8 pouces est con\u00e7ue pour emp\u00eacher l'\u00e9clatement de la tige du robinet, ce qui permet d'\u00e9viter les blessures caus\u00e9es par l'\u00e9clatement de la tige du robinet en raison de probl\u00e8mes de pression interne lorsqu'il faut remplacer des garnitures ou d'autres pi\u00e8ces sous pression en cas d'urgence ;<\/li>\r\n<li>Le robinet-vanne ZECO 8 pouces peut \u00eatre produit \u00e0 150LB ~2500LB, s\u00fbr et fiable.<\/li>\r\n<li>Vis ext\u00e9rieure et \u00e9trier<\/li>\r\n<li>Disque \u00e0 coin flexible<\/li>\r\n<li>Toutes les bagues de si\u00e8ge sont soud\u00e9es en standard<\/li>\r\n<li>Processus de qualit\u00e9 enti\u00e8rement document\u00e9, tra\u00e7abilit\u00e9 totale des mat\u00e9riaux<\/li>\r\n<li>Gamme compl\u00e8te de garnitures sp\u00e9ciales et d'options disponibles<\/li>\r\n<li>Construction standard : wcb-trim 8, autres options disponibles<\/li>\r\n<\/ul>\r\n\r\n\r\n\r\n<h2 class=\"wp-block-heading\">Applications des robinets-vannes 8<\/h2>\r\n\r\n\r\n\r\n<p>Les robinets-vannes r\u00e9pondent \u00e0 un large \u00e9ventail d'applications dans les secteurs du p\u00e9trole et du gaz, des produits pharmaceutiques et de la fabrication.<\/p>\r\n\r\n\r\n\r\n<h2 class=\"wp-block-heading\" id=\"h-material-of-8-inch-gate-valves\">Mat\u00e9riau des robinets-vannes de 8 pouces<\/h2>\r\n\r\n\r\n\r\n<figure class=\"wp-block-table\">\r\n<table>\r\n<tbody>\r\n<tr>\r\n<td>Non<\/td>\r\n<td>Partie<\/td>\r\n<td>Mat\u00e9riau<\/td>\r\n<\/tr>\r\n<tr>\r\n<td>1<\/td>\r\n<td>Corps<\/td>\r\n<td>ASTM A351 CF3M<\/td>\r\n<\/tr>\r\n<tr>\r\n<td>2<\/td>\r\n<td>Anneau de si\u00e8ge<\/td>\r\n<td>ASTM A182 F316L + STL<\/td>\r\n<\/tr>\r\n<tr>\r\n<td>3<\/td>\r\n<td>Cale<\/td>\r\n<td>ASTM A351 CF3M + STL<\/td>\r\n<\/tr>\r\n<tr>\r\n<td>4<\/td>\r\n<td>Tige<\/td>\r\n<td>ASTM A276 316L<\/td>\r\n<\/tr>\r\n<tr>\r\n<td>5<\/td>\r\n<td>Joint de chapeau<\/td>\r\n<td>Graphite + SS316L<\/td>\r\n<\/tr>\r\n<tr>\r\n<td>6<\/td>\r\n<td>Boulon du chapeau<\/td>\r\n<td>ASTM A193 B8M<\/td>\r\n<\/tr>\r\n<tr>\r\n<td>7<\/td>\r\n<td>\u00c9crou \u00e0 chapeau<\/td>\r\n<td>ASTM A194 8M<\/td>\r\n<\/tr>\r\n<tr>\r\n<td>8<\/td>\r\n<td>Bonnet<\/td>\r\n<td>ASTM A351 CF3M<\/td>\r\n<\/tr>\r\n<tr>\r\n<td>9<\/td>\r\n<td>Si\u00e8ge arri\u00e8re<\/td>\r\n<td>ASTM A182 F316L<\/td>\r\n<\/tr>\r\n<tr>\r\n<td>10<\/td>\r\n<td>Garniture de tige<\/td>\r\n<td>Graphite renforc\u00e9<\/td>\r\n<\/tr>\r\n<tr>\r\n<td>11<\/td>\r\n<td>Roue \u00e0 main<\/td>\r\n<td>KTH330-08<\/td>\r\n<\/tr>\r\n<\/tbody>\r\n<\/table>\r\n<\/figure>","protected":false},"excerpt":{"rendered":"<p>Les vannes \u00e0 vanne 8\u2033 sont des vannes \u00e0 mouvement lin\u00e9aire qui fonctionnent et sont con\u00e7ues pour minimiser la chute de pression dans les applications impliquant des fluides visqueux\u2026 <a title=\"Robinet-vanne 8 pouces\" class=\"read-more\" href=\"https:\/\/zecovalve.com\/fr\/produit\/8-inch-gate-valve\" aria-label=\"Plus sur Vanne \u00e0 Vanne 8 pouces\">Lire plus<\/a><\/p>","protected":false},"featured_media":27874,"comment_status":"closed","ping_status":"closed","template":"","meta":{"_generate-full-width-content":"","kt_blocks_editor_width":""},"product_cat":[2052,2458],"product_tag":[],"class_list":["post-16135","product","type-product","status-publish","has-post-thumbnail","hentry","product_cat-gate-valve","product_cat-gate-valve-by-inch","sales-flash-overlay","woocommerce-text-align-center","woocommerce-image-align-center","do-quantity-buttons"],"featured_image_src_large":["https:\/\/zecovalve.com\/wp-content\/uploads\/2022\/06\/Through-Conduit-Gate-Valve-2.jpg",800,600,false],"author_info":[],"comment_info":0,"taxonomy_info":{"product_cat":[{"value":2052,"label":"Gate Valve"},{"value":2458,"label":"Gate Valve By Inch"}]},"yoast_head":"<!-- This site is optimized with the Yoast SEO Premium plugin v15.4 - https:\/\/yoast.com\/wordpress\/plugins\/seo\/ -->\n<title>8&quot; Gate Valve - Competitive 8 inch Gate Valve Price | ZECO Valve<\/title>\n<meta name=\"robots\" content=\"index, follow, max-snippet:-1, max-image-preview:large, max-video-preview:-1\" \/>\n<link rel=\"canonical\" href=\"https:\/\/zecovalve.com\/fr\/produit\/8-inch-gate-valve\" \/>\n<meta property=\"og:locale\" content=\"fr_FR\" \/>\n<meta property=\"og:type\" content=\"article\" \/>\n<meta property=\"og:title\" content=\"8&quot; Gate Valve - Competitive 8 inch Gate Valve Price | ZECO Valve\" \/>\n<meta property=\"og:description\" content=\"8&#8243; Gate Valves are linear motion valves that perform and are designed to minimize the pressure drop in applications that involve viscous ... Lire plus\" \/>\n<meta property=\"og:url\" content=\"https:\/\/zecovalve.com\/fr\/produit\/8-inch-gate-valve\" \/>\n<meta property=\"og:site_name\" content=\"ZECO Valve\" \/>\n<meta property=\"article:modified_time\" content=\"2023-06-15T12:44:49+00:00\" \/>\n<meta property=\"og:image\" content=\"https:\/\/zecovalve.com\/wp-content\/uploads\/2022\/06\/Through-Conduit-Gate-Valve-2.jpg\" \/>\n\t<meta property=\"og:image:width\" content=\"800\" \/>\n\t<meta property=\"og:image:height\" content=\"600\" \/>\n<meta name=\"twitter:card\" content=\"summary_large_image\" \/>\n<meta name=\"twitter:label1\" content=\"\u00c9crit par\">\n\t<meta name=\"twitter:data1\" content=\"Jerry\">\n\t<meta name=\"twitter:label2\" content=\"Dur\u00e9e de lecture estim\u00e9e\">\n\t<meta name=\"twitter:data2\" content=\"2 minutes\">\n<script type=\"application\/ld+json\" class=\"yoast-schema-graph\">{\"@context\":\"https:\/\/schema.org\",\"@graph\":[{\"@type\":\"WebSite\",\"@id\":\"https:\/\/zecovalve.com\/#website\",\"url\":\"https:\/\/zecovalve.com\/\",\"name\":\"ZECO Valve\",\"description\":\"Industrial Ball Valve, Gate Valve and Globe Valve Manufacturer\",\"potentialAction\":[{\"@type\":\"SearchAction\",\"target\":\"https:\/\/zecovalve.com\/?s={search_term_string}\",\"query-input\":\"required name=search_term_string\"}],\"inLanguage\":\"fr-FR\"},{\"@type\":\"ImageObject\",\"@id\":\"https:\/\/zecovalve.com\/product\/8-inch-gate-valve#primaryimage\",\"inLanguage\":\"fr-FR\",\"url\":\"https:\/\/zecovalve.com\/wp-content\/uploads\/2022\/06\/Through-Conduit-Gate-Valve-2.jpg\",\"width\":800,\"height\":600,\"caption\":\"Through Conduit Gate Valve\"},{\"@type\":\"WebPage\",\"@id\":\"https:\/\/zecovalve.com\/product\/8-inch-gate-valve#webpage\",\"url\":\"https:\/\/zecovalve.com\/product\/8-inch-gate-valve\",\"name\":\"8\\\" Gate Valve - Competitive 8 inch Gate Valve Price | ZECO Valve\",\"isPartOf\":{\"@id\":\"https:\/\/zecovalve.com\/#website\"},\"primaryImageOfPage\":{\"@id\":\"https:\/\/zecovalve.com\/product\/8-inch-gate-valve#primaryimage\"},\"datePublished\":\"2022-06-19T13:59:36+00:00\",\"dateModified\":\"2023-06-15T12:44:49+00:00\",\"breadcrumb\":{\"@id\":\"https:\/\/zecovalve.com\/product\/8-inch-gate-valve#breadcrumb\"},\"inLanguage\":\"fr-FR\",\"potentialAction\":[{\"@type\":\"ReadAction\",\"target\":[\"https:\/\/zecovalve.com\/product\/8-inch-gate-valve\"]}]},{\"@type\":\"BreadcrumbList\",\"@id\":\"https:\/\/zecovalve.com\/product\/8-inch-gate-valve#breadcrumb\",\"itemListElement\":[{\"@type\":\"ListItem\",\"position\":1,\"item\":{\"@type\":\"WebPage\",\"@id\":\"https:\/\/zecovalve.com\/\",\"url\":\"https:\/\/zecovalve.com\/\",\"name\":\"Home\"}},{\"@type\":\"ListItem\",\"position\":2,\"item\":{\"@type\":\"WebPage\",\"@id\":\"https:\/\/zecovalve.com\/product-category\",\"url\":\"https:\/\/zecovalve.com\/product-category\",\"name\":\"Industrial Valve Manufacturer | Water Valve Manufacturer\"}},{\"@type\":\"ListItem\",\"position\":3,\"item\":{\"@type\":\"WebPage\",\"@id\":\"https:\/\/zecovalve.com\/product\/8-inch-gate-valve\",\"url\":\"https:\/\/zecovalve.com\/product\/8-inch-gate-valve\",\"name\":\"8 inch Gate Valve\"}}]}]}<\/script>\n<!-- \/ Yoast SEO Premium plugin. -->","_links":{"self":[{"href":"https:\/\/zecovalve.com\/fr\/wp-json\/wp\/v2\/product\/16135","targetHints":{"allow":["GET"]}}],"collection":[{"href":"https:\/\/zecovalve.com\/fr\/wp-json\/wp\/v2\/product"}],"about":[{"href":"https:\/\/zecovalve.com\/fr\/wp-json\/wp\/v2\/types\/product"}],"replies":[{"embeddable":true,"href":"https:\/\/zecovalve.com\/fr\/wp-json\/wp\/v2\/comments?post=16135"}],"wp:featuredmedia":[{"embeddable":true,"href":"https:\/\/zecovalve.com\/fr\/wp-json\/wp\/v2\/media\/27874"}],"wp:attachment":[{"href":"https:\/\/zecovalve.com\/fr\/wp-json\/wp\/v2\/media?parent=16135"}],"wp:term":[{"taxonomy":"product_cat","embeddable":true,"href":"https:\/\/zecovalve.com\/fr\/wp-json\/wp\/v2\/product_cat?post=16135"},{"taxonomy":"product_tag","embeddable":true,"href":"https:\/\/zecovalve.com\/fr\/wp-json\/wp\/v2\/product_tag?post=16135"}],"curies":[{"name":"wp","href":"https:\/\/api.w.org\/{rel}","templated":true}]}}