{"id":16139,"date":"2022-06-19T14:04:52","date_gmt":"2022-06-19T14:04:52","guid":{"rendered":"https:\/\/zecovalve.com\/?post_type=product&#038;p=16139"},"modified":"2023-06-15T13:57:33","modified_gmt":"2023-06-15T13:57:33","slug":"a105-globe-valve","status":"publish","type":"product","link":"https:\/\/zecovalve.com\/fr\/produit\/a105-globe-valve","title":{"rendered":"Robinet \u00e0 soupape \u00e0 vapeur"},"content":{"rendered":"<p>Conception et fabrication de robinets \u00e0 soupape en acier ZECO Steam conformes aux normes internationales API 602, API 623, DIN3202 ou \u00e9quivalentes.<\/p>\r\n\r\n\r\n\r\n<figure id=\"attachment_17566\" class=\"wp-block-image\">\r\n<p><img loading=\"lazy\" decoding=\"async\" class=\"wp-image-27905 size-medium\" src=\"https:\/\/zecovalve.com\/wp-content\/uploads\/2022\/06\/Steam-Globe-Valve-1-300x225.jpg\" alt=\"Robinet \u00e0 soupape \u00e0 vapeur\" width=\"300\" height=\"225\" srcset=\"https:\/\/zecovalve.com\/wp-content\/uploads\/2022\/06\/Steam-Globe-Valve-1-300x225.jpg 300w, https:\/\/zecovalve.com\/wp-content\/uploads\/2022\/06\/Steam-Globe-Valve-1-768x576.jpg 768w, https:\/\/zecovalve.com\/wp-content\/uploads\/2022\/06\/Steam-Globe-Valve-1-600x450.jpg 600w, https:\/\/zecovalve.com\/wp-content\/uploads\/2022\/06\/Steam-Globe-Valve-1.jpg 800w\" sizes=\"auto, (max-width: 300px) 100vw, 300px\" \/><\/p>\r\n<\/figure>\r\n\r\n\r\n<div class=\"gb-button-wrapper gb-button-wrapper-6d8495a3\">\r\n\r\n\r\n<p><a class=\"gb-button gb-button-3d442e11 gb-button-text\" href=\"https:\/\/zecovalve.com\/fr\/contact\/\" target=\"_blank\" rel=\"noopener noreferrer\"><strong>OBTENIR LE PRIX DE LA VANNE GLOBE DE VAPEUR<\/strong><\/a><\/p>\r\n<\/div>\r\n\r\n\r\n\r\n\r\n<h2 class=\"wp-block-heading\">Qu&#039;est-ce qu&#039;un robinet \u00e0 vapeur ?<\/h2>\r\n\r\n\r\n\r\n<p>Un robinet \u00e0 soupape de vapeur est un type de robinet \u00e0 soupape destin\u00e9 \u00e0 contr\u00f4ler le d\u00e9bit de vapeur. Les vannes \u00e0 soupape de vapeur sont utilis\u00e9es pour \u00e9trangler, ouvrir et fermer le d\u00e9bit de fluide. Ces vannes sont \u00e9galement utilis\u00e9es pour contr\u00f4ler le d\u00e9bit de pression de vapeur. Les vannes \u00e0 soupape \u00e0 vapeur sont utilis\u00e9es dans diff\u00e9rentes applications telles que les aliments et boissons, les produits pharmaceutiques et les centrales \u00e9lectriques \u00e0 vapeur, entre autres. Lorsqu&#039;elles sont utilis\u00e9es dans des applications telles que le sanitaire (par exemple dans l&#039;alimentation et la pharmacie), ces vannes servent \u00e0 lib\u00e9rer la vapeur afin qu&#039;elle entre en contact avec le produit final et qu&#039;elle doit \u00eatre tr\u00e8s propre. Les fabricants de robinets \u00e0 soupape de vapeur con\u00e7oivent le corps de ces robinets avec un mat\u00e9riau m\u00e9tallique solide. Cela contribue \u00e0 donner au corps une r\u00e9sistance \u00e9lev\u00e9e pour r\u00e9sister \u00e0 des pressions et des temp\u00e9ratures \u00e9lev\u00e9es telles que 700 \u00b0C. Les mat\u00e9riaux utilis\u00e9s par les fabricants de robinets \u00e0 soupape \u00e0 vapeur pour fabriquer le corps comprennent la fonte, la fonte ductile, l&#039;acier inoxydable et l&#039;acier au carbone. Les vannes \u00e0 soupape de vapeur sont des vannes manuelles ou automatiques. Les vannes \u00e0 soupape de vapeur manuelles sont actionn\u00e9es par l&#039;op\u00e9rateur de vanne \u00e0 l&#039;aide du volant tandis que les vannes automatiques sont actionn\u00e9es \u00e0 l&#039;aide d&#039;actionneurs de vanne. Les actionneurs de vanne utilis\u00e9s dans les vannes \u00e0 soupape de vapeur sont des actionneurs \u00e9lectriques, pneumatiques et hydrauliques.<\/p>\r\n\r\n\r\n\r\n<h2 class=\"wp-block-heading\" id=\"h-steam-globe-valve-operations\">Op\u00e9rations des vannes \u00e0 soupape de vapeur<\/h2>\r\n\r\n\r\n\r\n<p>En r\u00e8gle g\u00e9n\u00e9rale, les vannes \u00e0 vapeur sont utilis\u00e9es pour r\u00e9guler le d\u00e9bit dans les canalisations. Au lieu d&#039;avoir l&#039;approche \u00ab tout ou rien \u00bb d&#039;un robinet-vanne, les robinets \u00e0 soupape r\u00e9gulent par la position d&#039;un disque mobile (ou d&#039;un bouchon) par rapport au si\u00e8ge annulaire fixe.<\/p>\r\n\r\n\r\n\r\n<p>L\u2019op\u00e9ration la plus typique d\u2019un robinet \u00e0 soupape est le contr\u00f4le du d\u00e9bit. Ils sont con\u00e7us pour arr\u00eater, d\u00e9marrer et r\u00e9guler le flux d&#039;un m\u00e9dia particulier en mouvement lin\u00e9aire. Cependant, ils peuvent \u00e9galement s&#039;adapter aux changements de direction, qui entra\u00eenent une plus grande r\u00e9sistance \u00e0 l&#039;\u00e9coulement et des pertes de charge plus \u00e9lev\u00e9es.<\/p>\r\n\r\n\r\n\r\n<p>Bien qu&#039;elles constituent un excellent choix pour les services tout ou rien, les vannes \u00e0 soupape sont bien mieux adapt\u00e9es aux cycles fr\u00e9quents et au contr\u00f4le des fluides entre les positions ouverte et ferm\u00e9e. Les vannes \u00e0 soupape sont extr\u00eamement polyvalentes, ce qui signifie qu&#039;elles peuvent couvrir une large gamme de plages de d\u00e9bit dans diverses applications. Une application courante des vannes \u00e0 soupape est le contr\u00f4le de la vapeur.<\/p>\r\n\r\n\r\n\r\n<p>La conception du compact mais tr\u00e8s solide, en raison du service, une cale en alliage CoCr \u00e0 haute teneur en solide (en option) garantit un faible frottement et une longue dur\u00e9e de vie, une pr\u00e9charge de la bague d&#039;\u00e9tanch\u00e9it\u00e9 de 4 000 psi avec des vannes \u00e0 chapeau soud\u00e9es \u00e0 haute int\u00e9grit\u00e9, un filetage interne du couvercle de vanne, un couple de serrage \u00e0 La valeur de couple technique, le joint du chapeau de vanne en r\u00e9sistance au soudage, peut doubler pour \u00e9viter les fuites. (filetage du corps\/chapeau et soudures de r\u00e9sistance), cale enti\u00e8rement guid\u00e9e r\u00e9duisant l&#039;usure des surfaces du si\u00e8ge, double garniture en option, connexion sans fuite, charge vive et \u00e9clatement de la garniture pour un retrait facile de l&#039;ancienne garniture.<\/p>\r\n\r\n\r\n\r\n<h2 class=\"wp-block-heading\" id=\"h-advantages-of-steam-globe-valves\">Avantages des vannes \u00e0 vapeur<\/h2>\r\n\r\n\r\n\r\n<ul class=\"wp-block-list\">\r\n<li>Faces du si\u00e8ge rod\u00e9es pour une finition lisse et une \u00e9tanch\u00e9it\u00e9 sup\u00e9rieure\u00a0;<\/li>\r\n<li>Disque pivotant pour une assise optimale et une dur\u00e9e de vie plus longue\u00a0;<\/li>\r\n<li>Les tiges des vannes actionn\u00e9es par volant sont de conception rotative\/montante\u00a0;<\/li>\r\n<li>Chaque vanne est test\u00e9e sous pression sur la coque, le si\u00e8ge et le si\u00e8ge arri\u00e8re conform\u00e9ment \u00e0 la norme industrielle API 598\u00a0;<\/li>\r\n<li>Le presse-\u00e9toupe est une conception de presse-\u00e9toupe\/bride de presse-\u00e9toupe en deux pi\u00e8ces pour un alignement optimal et une compression uniforme de la garniture\u00a0;<\/li>\r\n<li>Autres mat\u00e9riaux de vanne tels que les alliages de chrome et d&#039;acier inoxydable - Autres mat\u00e9riaux de garniture - D\u00e9rivation, vidange et autres connexions auxiliaires - Actionneurs \u00e0 engrenages, moteurs et cylindres disponibles.<\/li>\r\n<\/ul>\r\n\r\n\r\n\r\n<h2 class=\"wp-block-heading\">Vannes \u00e0 soupape pour applications vapeur<\/h2>\r\n\r\n\r\n\r\n<p>Lorsque vous envisagez une vanne de r\u00e9gulation pour les applications de vapeur, les consid\u00e9rations de temp\u00e9rature et de pression joueront un r\u00f4le important dans votre prise de d\u00e9cision. Plus ces deux valeurs sont \u00e9lev\u00e9es dans l&#039;application choisie, plus cela affecte la vapeur et la vanne en place.<\/p>\r\n\r\n\r\n\r\n<p>Alors que la plupart des autres vannes verraient la vapeur traverser et la d\u00e9chirer, les vannes \u00e0 soupape offrent une plus grande r\u00e9silience et pourraient th\u00e9oriquement durer des ann\u00e9es dans certaines applications.<\/p>\r\n\r\n\r\n\r\n<p>Le type de vanne le plus souvent compar\u00e9 aux vannes \u00e0 soupape est les vannes \u00e0 vanne. Les deux ont le m\u00eame objectif : contr\u00f4ler le flux des m\u00e9dias. Cependant, les robinets-vannes doivent toujours \u00eatre laiss\u00e9s ouverts ou ferm\u00e9s. Si les robinets-vannes devaient \u00eatre laiss\u00e9s partiellement ouverts comme le sont les robinets \u00e0 soupape, ils finiraient par devenir inutiles.<\/p>\r\n\r\n\r\n\r\n<p>De plus, les vannes ne seraient pas bien adapt\u00e9es \u00e0 l&#039;\u00e9tranglement, car cela entra\u00eenerait une usure excessive due au tr\u00e9filage et \u00e0 l&#039;\u00e9rosion du si\u00e8ge. De m\u00eame, les robinets \u00e0 tournant sph\u00e9rique pourraient \u00e9galement \u00eatre endommag\u00e9s s&#039;ils \u00e9taient laiss\u00e9s partiellement ouverts dans les applications \u00e0 vapeur, car ils manquent de contr\u00f4le pr\u00e9cis.<\/p>\r\n\r\n\r\n\r\n<p>L&#039;avantage suppl\u00e9mentaire offert par les vannes \u00e0 soupape dans les applications de vapeur est leur capacit\u00e9 \u00e0 r\u00e9duire le d\u00e9bit avec pr\u00e9cision. Ils sont largement utilis\u00e9s pour obtenir un d\u00e9bit pouvant \u00eatre calcul\u00e9 avec une pr\u00e9cision exceptionnelle. Quelque chose de hautement souhaitable dans les applications de contr\u00f4le de la vapeur.<\/p>\r\n\r\n\r\n\r\n<h2 class=\"wp-block-heading\" id=\"h-product-range-of-steam-globe-valves\">Gamme de produits de vannes \u00e0 vapeur<\/h2>\r\n\r\n\r\n\r\n<ul class=\"wp-block-list\">\r\n<li>Mat\u00e9riau du corps\u00a0: acier forg\u00e9, acier au carbone, acier inoxydable<\/li>\r\n<li>Diam\u00e8tre nominal : 1\/2\u2033\uff5e2 1\/2\u2033<\/li>\r\n<li>Plage de pression\u00a0:\u00a0Classe 150\uff5e2500\uff08PN10~PN420\uff09<\/li>\r\n<li>Connexion finale\u00a0: RF, RTJ, BW<\/li>\r\n<li>Temp\u00e9rature de fonctionnement\u00a0: -29 \u2103 ~ 560 \u2103<\/li>\r\n<li>Fonctionnement\u00a0: volant, bo\u00eete de vitesses, actionneur \u00e9lectrique, etc.<\/li>\r\n<\/ul>\r\n\r\n\r\n\r\n<h2 class=\"wp-block-heading\" id=\"h-material-of-one-of-steam-globe-valves\">Mat\u00e9riau de l&#039;un des robinets \u00e0 vapeur<\/h2>\r\n\r\n\r\n\r\n<figure class=\"wp-block-table\">\r\n<table>\r\n<tbody>\r\n<tr>\r\n<td>Non<\/td>\r\n<td>Partie<\/td>\r\n<td>Mat\u00e9riau<\/td>\r\n<\/tr>\r\n<tr>\r\n<td>1<\/td>\r\n<td>Corps<\/td>\r\n<td>ASTM A105<\/td>\r\n<\/tr>\r\n<tr>\r\n<td>2<\/td>\r\n<td>Anneau de si\u00e8ge<\/td>\r\n<td>ASTM A105 +13Cr<\/td>\r\n<\/tr>\r\n<tr>\r\n<td>3<\/td>\r\n<td>Disque<\/td>\r\n<td>ASTM A105 +13Cr<\/td>\r\n<\/tr>\r\n<tr>\r\n<td>4<\/td>\r\n<td>Joint d'\u00e9tanch\u00e9it\u00e9<\/td>\r\n<td>Graphite + SS304<\/td>\r\n<\/tr>\r\n<tr>\r\n<td>5<\/td>\r\n<td>Tige<\/td>\r\n<td>ASTM A276 410<\/td>\r\n<\/tr>\r\n<tr>\r\n<td>6<\/td>\r\n<td>Bonnet<\/td>\r\n<td>ASTM A105<\/td>\r\n<\/tr>\r\n<tr>\r\n<td>7<\/td>\r\n<td>Boulon du chapeau<\/td>\r\n<td>ASTM A193 B7<\/td>\r\n<\/tr>\r\n<tr>\r\n<td>8<\/td>\r\n<td>Garniture de tige<\/td>\r\n<td>Graphite renforc\u00e9<\/td>\r\n<\/tr>\r\n<tr>\r\n<td>9<\/td>\r\n<td>Gland<\/td>\r\n<td>ASTM A276 410<\/td>\r\n<\/tr>\r\n<tr>\r\n<td>10<\/td>\r\n<td>Bride de presse-\u00e9toupe<\/td>\r\n<td>ASTM A105<\/td>\r\n<\/tr>\r\n<tr>\r\n<td>11<\/td>\r\n<td>Roue \u00e0 main<\/td>\r\n<td>ASTM A197<\/td>\r\n<\/tr>\r\n<\/tbody>\r\n<\/table>\r\n<\/figure>\r\n\r\n\r\n\r\n<h2 class=\"wp-block-heading\">D\u00e9tails de l\u2019achat d\u2019un robinet \u00e0 vapeur<\/h2>\r\n\r\n\r\n\r\n<figure class=\"wp-block-table\">\r\n<table>\r\n<tbody>\r\n<tr>\r\n<td>Marque<\/td>\r\n<td>ZECO<\/td>\r\n<\/tr>\r\n<tr>\r\n<td>Type de vanne<\/td>\r\n<td>Robinet \u00e0 soupape \u00e0 vapeur<\/td>\r\n<\/tr>\r\n<tr>\r\n<td>Mat\u00e9riau de la valve<\/td>\r\n<td>Acier forg\u00e9, acier au carbone, acier inoxydable<\/td>\r\n<\/tr>\r\n<tr>\r\n<td>Test de la valve<\/td>\r\n<td>100% quantit\u00e9 test\u00e9e avant livraison<\/td>\r\n<\/tr>\r\n<tr>\r\n<td>Garantie des soupapes<\/td>\r\n<td>18 mois \u00e0 compter de la date d&#039;exp\u00e9dition d\u00e9part usine, ou 12 mois \u00e0 compter de la date d&#039;installation du produit.<\/td>\r\n<\/tr>\r\n<tr>\r\n<td>Peinture des vannes<\/td>\r\n<td>Demande du client<\/td>\r\n<\/tr>\r\n<tr>\r\n<td>Paquet de vannes<\/td>\r\n<td>Coffret en bois<\/td>\r\n<\/tr>\r\n<tr>\r\n<td>MOQ<\/td>\r\n<td>Aucune exigence<\/td>\r\n<\/tr>\r\n<tr>\r\n<td>Certificat de valve<\/td>\r\n<td>API 623\/API 602\/BS 1873\/CE\/ISO9001\/ISO14001<\/td>\r\n<\/tr>\r\n<tr>\r\n<td>D\u00e9tail de la livraison<\/td>\r\n<td>Exp\u00e9dition dans les 4 \u00e0 6 semaines suivant le paiement<\/td>\r\n<\/tr>\r\n<tr>\r\n<td>Port<\/td>\r\n<td>SHANGHAI<\/td>\r\n<\/tr>\r\n<tr>\r\n<td>Conditions de paiement<\/td>\r\n<td>LC, T\/T<\/td>\r\n<\/tr>\r\n<tr>\r\n<td>Certificat propos\u00e9<\/td>\r\n<td>Liste de colisage, facture commerciale, rapports d'essai et certificats de mat\u00e9riaux, certificat de qualit\u00e9 et de quantit\u00e9, certificat de garantie du vendeur.<\/td>\r\n<\/tr>\r\n<\/tbody>\r\n<\/table>\r\n<\/figure>","protected":false},"excerpt":{"rendered":"<p>Conception et fabrication de robinets \u00e0 soupape en acier ZECO Steam conformes aux normes internationales API 602, API 623, DIN3202 ou \u00e9quivalentes. Qu\u2019est-ce qu\u2019un Steam\u2026 <a title=\"Robinet \u00e0 soupape \u00e0 vapeur\" class=\"read-more\" href=\"https:\/\/zecovalve.com\/fr\/produit\/a105-globe-valve\" aria-label=\"Plus sur Steam Globe Valve\">Lire plus<\/a><\/p>","protected":false},"featured_media":27905,"comment_status":"closed","ping_status":"closed","template":"","meta":{"_generate-full-width-content":"","kt_blocks_editor_width":""},"product_cat":[2466,2049],"product_tag":[2723],"class_list":["post-16139","product","type-product","status-publish","has-post-thumbnail","hentry","product_cat-forged-steel-globe-valve","product_cat-globe-valve","product_tag-what-is-a-valve","sales-flash-overlay","woocommerce-text-align-center","woocommerce-image-align-center","do-quantity-buttons"],"featured_image_src_large":["https:\/\/zecovalve.com\/wp-content\/uploads\/2022\/06\/Steam-Globe-Valve-1.jpg",800,600,false],"author_info":[],"comment_info":0,"taxonomy_info":{"product_cat":[{"value":2466,"label":"Forged Steel Globe Valve"},{"value":2049,"label":"Globe Valve"}],"product_tag":[{"value":2723,"label":"What is a Valve"}]},"yoast_head":"<!-- This site is optimized with the Yoast SEO Premium plugin v15.4 - https:\/\/yoast.com\/wordpress\/plugins\/seo\/ -->\n<title>Steam Globe Valve - Globe Valve China Manufacturer | ZECO Valve<\/title>\n<meta name=\"robots\" content=\"index, follow, max-snippet:-1, max-image-preview:large, max-video-preview:-1\" \/>\n<link rel=\"canonical\" href=\"https:\/\/zecovalve.com\/fr\/produit\/a105-globe-valve\" \/>\n<meta property=\"og:locale\" content=\"fr_FR\" \/>\n<meta property=\"og:type\" content=\"article\" \/>\n<meta property=\"og:title\" content=\"Steam Globe Valve - Globe Valve China Manufacturer | ZECO Valve\" \/>\n<meta property=\"og:description\" content=\"ZECO Steam steel globe valve design and manufacturing of API 602 international standards, API 623, DIN3202, or equivalent. What is a Steam ... Lire plus\" \/>\n<meta property=\"og:url\" content=\"https:\/\/zecovalve.com\/fr\/produit\/a105-globe-valve\" \/>\n<meta property=\"og:site_name\" content=\"ZECO Valve\" \/>\n<meta property=\"article:modified_time\" content=\"2023-06-15T13:57:33+00:00\" \/>\n<meta property=\"og:image\" content=\"https:\/\/zecovalve.com\/wp-content\/uploads\/2022\/06\/Steam-Globe-Valve-1.jpg\" \/>\n\t<meta property=\"og:image:width\" content=\"800\" \/>\n\t<meta property=\"og:image:height\" content=\"600\" \/>\n<meta name=\"twitter:card\" content=\"summary_large_image\" \/>\n<meta name=\"twitter:label1\" content=\"\u00c9crit par\">\n\t<meta name=\"twitter:data1\" content=\"Jerry\">\n\t<meta name=\"twitter:label2\" content=\"Dur\u00e9e de lecture estim\u00e9e\">\n\t<meta name=\"twitter:data2\" content=\"4 minutes\">\n<script type=\"application\/ld+json\" class=\"yoast-schema-graph\">{\"@context\":\"https:\/\/schema.org\",\"@graph\":[{\"@type\":\"WebSite\",\"@id\":\"https:\/\/zecovalve.com\/#website\",\"url\":\"https:\/\/zecovalve.com\/\",\"name\":\"ZECO Valve\",\"description\":\"Industrial Ball Valve, Gate Valve and Globe Valve Manufacturer\",\"potentialAction\":[{\"@type\":\"SearchAction\",\"target\":\"https:\/\/zecovalve.com\/?s={search_term_string}\",\"query-input\":\"required name=search_term_string\"}],\"inLanguage\":\"fr-FR\"},{\"@type\":\"ImageObject\",\"@id\":\"https:\/\/zecovalve.com\/product\/a105-globe-valve#primaryimage\",\"inLanguage\":\"fr-FR\",\"url\":\"https:\/\/zecovalve.com\/wp-content\/uploads\/2022\/06\/Steam-Globe-Valve-1.jpg\",\"width\":800,\"height\":600,\"caption\":\"Steam Globe Valve\"},{\"@type\":\"WebPage\",\"@id\":\"https:\/\/zecovalve.com\/product\/a105-globe-valve#webpage\",\"url\":\"https:\/\/zecovalve.com\/product\/a105-globe-valve\",\"name\":\"Steam Globe Valve - Globe Valve China Manufacturer | ZECO Valve\",\"isPartOf\":{\"@id\":\"https:\/\/zecovalve.com\/#website\"},\"primaryImageOfPage\":{\"@id\":\"https:\/\/zecovalve.com\/product\/a105-globe-valve#primaryimage\"},\"datePublished\":\"2022-06-19T14:04:52+00:00\",\"dateModified\":\"2023-06-15T13:57:33+00:00\",\"breadcrumb\":{\"@id\":\"https:\/\/zecovalve.com\/product\/a105-globe-valve#breadcrumb\"},\"inLanguage\":\"fr-FR\",\"potentialAction\":[{\"@type\":\"ReadAction\",\"target\":[\"https:\/\/zecovalve.com\/product\/a105-globe-valve\"]}]},{\"@type\":\"BreadcrumbList\",\"@id\":\"https:\/\/zecovalve.com\/product\/a105-globe-valve#breadcrumb\",\"itemListElement\":[{\"@type\":\"ListItem\",\"position\":1,\"item\":{\"@type\":\"WebPage\",\"@id\":\"https:\/\/zecovalve.com\/\",\"url\":\"https:\/\/zecovalve.com\/\",\"name\":\"Home\"}},{\"@type\":\"ListItem\",\"position\":2,\"item\":{\"@type\":\"WebPage\",\"@id\":\"https:\/\/zecovalve.com\/product-category\",\"url\":\"https:\/\/zecovalve.com\/product-category\",\"name\":\"Industrial Valve Manufacturer | Water Valve Manufacturer\"}},{\"@type\":\"ListItem\",\"position\":3,\"item\":{\"@type\":\"WebPage\",\"@id\":\"https:\/\/zecovalve.com\/product\/a105-globe-valve\",\"url\":\"https:\/\/zecovalve.com\/product\/a105-globe-valve\",\"name\":\"Steam Globe Valve\"}}]}]}<\/script>\n<!-- \/ Yoast SEO Premium plugin. -->","_links":{"self":[{"href":"https:\/\/zecovalve.com\/fr\/wp-json\/wp\/v2\/product\/16139","targetHints":{"allow":["GET"]}}],"collection":[{"href":"https:\/\/zecovalve.com\/fr\/wp-json\/wp\/v2\/product"}],"about":[{"href":"https:\/\/zecovalve.com\/fr\/wp-json\/wp\/v2\/types\/product"}],"replies":[{"embeddable":true,"href":"https:\/\/zecovalve.com\/fr\/wp-json\/wp\/v2\/comments?post=16139"}],"wp:featuredmedia":[{"embeddable":true,"href":"https:\/\/zecovalve.com\/fr\/wp-json\/wp\/v2\/media\/27905"}],"wp:attachment":[{"href":"https:\/\/zecovalve.com\/fr\/wp-json\/wp\/v2\/media?parent=16139"}],"wp:term":[{"taxonomy":"product_cat","embeddable":true,"href":"https:\/\/zecovalve.com\/fr\/wp-json\/wp\/v2\/product_cat?post=16139"},{"taxonomy":"product_tag","embeddable":true,"href":"https:\/\/zecovalve.com\/fr\/wp-json\/wp\/v2\/product_tag?post=16139"}],"curies":[{"name":"wp","href":"https:\/\/api.w.org\/{rel}","templated":true}]}}