{"id":16143,"date":"2022-06-19T14:10:13","date_gmt":"2022-06-19T14:10:13","guid":{"rendered":"https:\/\/zecovalve.com\/?post_type=product&#038;p=16143"},"modified":"2022-07-31T02:32:33","modified_gmt":"2022-07-31T02:32:33","slug":"triple-offset-butterfly-valve","status":"publish","type":"product","link":"https:\/\/zecovalve.com\/fr\/produit\/triple-offset-butterfly-valve","title":{"rendered":"Vanne papillon \u00e0 triple excentration"},"content":{"rendered":"<p>La vanne triple excentration ou vanne triple excentrique comporte une tige d\u00e9cal\u00e9e sur les axes X et Y de l&#039;axe central de la vanne papillon. Cela produit un mouvement semblable \u00e0 une came lorsque la vanne fonctionne.<\/p>\r\n\r\n\r\n\r\n<figure class=\"wp-block-image alignnone size-medium wp-image-16144\"><img loading=\"lazy\" decoding=\"async\" width=\"300\" height=\"225\" class=\"wp-image-16144\" src=\"https:\/\/zecovalve.com\/wp-content\/uploads\/2022\/06\/triple-offset-butterfly-valve-300x225.jpg\" alt=\"Vanne papillon \u00e0 triple excentration\" srcset=\"https:\/\/zecovalve.com\/wp-content\/uploads\/2022\/06\/triple-offset-butterfly-valve-300x225.jpg 300w, https:\/\/zecovalve.com\/wp-content\/uploads\/2022\/06\/triple-offset-butterfly-valve-768x576.jpg 768w, https:\/\/zecovalve.com\/wp-content\/uploads\/2022\/06\/triple-offset-butterfly-valve-600x450.jpg 600w, https:\/\/zecovalve.com\/wp-content\/uploads\/2022\/06\/triple-offset-butterfly-valve.jpg 800w\" sizes=\"auto, (max-width: 300px) 100vw, 300px\" \/><\/figure>\r\n\r\n\r\n<div class=\"gb-button-wrapper gb-button-wrapper-6d8495a3\">\r\n\r\n\r\n<p><a class=\"gb-button gb-button-3d442e11 gb-button-text\" href=\"https:\/\/zecovalve.com\/fr\/contact\/\" target=\"_blank\" rel=\"noopener noreferrer\"><strong>OBTENIR LE PRIX DE LA VANNE TRIPLE D\u00c9PORT<\/strong><\/a><\/p>\r\n<\/div>\r\n\r\n\r\n\r\n\r\n<h2 class=\"wp-block-heading\" id=\"h-what-is-a-triple-offset-butterfly-valve\">Qu&#039;est-ce qu&#039;une vanne papillon \u00e0 triple excentration\u00a0?<\/h2>\r\n\r\n\r\n\r\n<p>La vanne papillon \u00e0 triple excentration ZECO adopte une structure \u00e0 trois excentriques, qui augmente l&#039;excentricit\u00e9 de l&#039;angle dans le temps sur la base d&#039;une vanne papillon \u00e0 double excentration avec joint m\u00e9tal sur m\u00e9tal. L&#039;excentricit\u00e9 angulaire signifie que l&#039;axe conique de la surface d&#039;\u00e9tanch\u00e9it\u00e9 du disque papillon est inclin\u00e9 par rapport \u00e0 l&#039;axe du cylindre du corps. A ce moment, la section de la surface d&#039;\u00e9tanch\u00e9it\u00e9 devient une ellipse, de sorte que la forme de la surface d&#039;\u00e9tanch\u00e9it\u00e9 est asym\u00e9trique.  Un c\u00f4t\u00e9 est inclin\u00e9 par rapport \u00e0 la ligne m\u00e9diane du corps et l\u2019autre c\u00f4t\u00e9 est parall\u00e8le \u00e0 la ligne m\u00e9diane du corps. Le r\u00f4le principal de cette excentricit\u00e9 angulaire est de faire en sorte que la vanne en cours d&#039;ouverture ou de fermeture, tout point entre la bague d&#039;\u00e9tanch\u00e9it\u00e9 et le si\u00e8ge de la vanne soit rapidement retir\u00e9 ou en contact afin qu&#039;aucun frottement entre la surface d&#039;\u00e9tanch\u00e9it\u00e9 ne prolonge la dur\u00e9e de vie du soupape.<\/p>\r\n\r\n\r\n\r\n<h2 class=\"wp-block-heading\">Qu\u2019est-ce que la structure triple compensation\u00a0?<\/h2>\r\n\r\n\r\n\r\n<p>Une vanne papillon \u00e0 triple excentration poss\u00e8de 3 excentrations distinctes. Deux des d\u00e9calages s&#039;appliquent \u00e0 l&#039;emplacement de l&#039;arbre par rapport \u00e0 l&#039;axe central de l&#039;al\u00e9sage et \u00e0 l&#039;axe central des surfaces d&#039;\u00e9tanch\u00e9it\u00e9 disque\/si\u00e8ge. Le troisi\u00e8me d\u00e9calage est la conception dans l&#039;axe de l&#039;angle du c\u00f4ne du si\u00e8ge.<\/p>\r\n\r\n\r\n\r\n<p>Zero Offset\u00a0: Le disque tourne autour de l&#039;axe central, permettant une rotation potentielle de 360\u00ba. L&#039;\u00e9tanch\u00e9it\u00e9 est obtenue par le disque d\u00e9formant le joint souple, ce qui entra\u00eene une friction totale tout au long du cycle de fonctionnement.<\/p>\r\n\r\n\r\n\r\n<p>Double d\u00e9calage\u00a0: pour permettre le d\u00e9placement du si\u00e8ge, l&#039;arbre est d\u00e9cal\u00e9 par rapport \u00e0 la ligne centrale du si\u00e8ge du disque et du joint du corps (d\u00e9calage un) et \u00e0 la ligne centrale de l&#039;al\u00e9sage (d\u00e9calage deux). Cela cr\u00e9e une action de came pendant le fonctionnement pour soulever le si\u00e8ge hors du joint, ce qui entra\u00eene une friction pendant les 10 premiers degr\u00e9s d&#039;ouverture et les 10 derniers degr\u00e9s de fermeture.<\/p>\r\n\r\n\r\n\r\n<p>Le triple d\u00e9calage est la conception g\u00e9om\u00e9trique des composants d\u2019\u00e9tanch\u00e9it\u00e9. Les composants d&#039;\u00e9tanch\u00e9it\u00e9 sont chacun usin\u00e9s dans un profil conique d\u00e9cal\u00e9, ce qui donne un c\u00f4ne \u00e0 angle droit. Cela garantit une course sans friction tout au long de son cycle de fonctionnement. Le contact ne s&#039;effectue qu&#039;au point final de fermeture, l&#039;angle de 90\u00b0 faisant office de but\u00e9e m\u00e9canique ; ce qui n&#039;entra\u00eene aucune course excessive du si\u00e8ge du disque.<\/p>\r\n\r\n\r\n<div class=\"wp-block-image\">\r\n<figure class=\"aligncenter size-full\"><img loading=\"lazy\" decoding=\"async\" width=\"605\" height=\"210\" class=\"wp-image-19466\" src=\"https:\/\/zecovalve.com\/wp-content\/uploads\/2022\/07\/Triple-Offset-Butterfly-Valve.png\" alt=\"\" srcset=\"https:\/\/zecovalve.com\/wp-content\/uploads\/2022\/07\/Triple-Offset-Butterfly-Valve.png 605w, https:\/\/zecovalve.com\/wp-content\/uploads\/2022\/07\/Triple-Offset-Butterfly-Valve-300x104.png 300w, https:\/\/zecovalve.com\/wp-content\/uploads\/2022\/07\/Triple-Offset-Butterfly-Valve-600x208.png 600w\" sizes=\"auto, (max-width: 605px) 100vw, 605px\" \/><\/figure>\r\n<\/div>\r\n\r\n\r\n<h2 class=\"wp-block-heading\">Applications des vannes papillon \u00e0 triple excentration<\/h2>\r\n\r\n\r\n\r\n<p>Les vannes papillon \u00e0 triple excentration sont efficaces dans les applications qui pr\u00e9sentent des d\u00e9fis particuliers tels que les mat\u00e9riaux abrasifs, les pressions ou temp\u00e9ratures \u00e9lev\u00e9es, et m\u00eame celles qui sont sujettes aux \u00e9missions fugitives.<\/p>\r\n\r\n\r\n\r\n<p>Vous trouverez des vannes papillon \u00e0 triple excentration dans des applications telles que la vapeur avec plus de 150 psi ou le gaz ou liquide pur \u00e0 haute temp\u00e9rature. Dans de tels cas, les types de si\u00e8ges m\u00e9talliques sans rev\u00eatement souple sont plus \u00e9conomiques.<\/p>\r\n\r\n\r\n\r\n<p>Ces vannes sont souvent utilis\u00e9es dans des industries telles que le traitement du p\u00e9trole et du gaz, le raffinage, les applications chimiques et p\u00e9trochimiques, la production d&#039;\u00e9lectricit\u00e9, les applications offshore, les p\u00e2tes et papiers, etc.<\/p>\r\n\r\n\r\n\r\n<h2 class=\"wp-block-heading\" id=\"h-features-of-triple-offset-butterfly-valve\">Caract\u00e9ristiques de la vanne papillon triple excentration\u00a0:<\/h2>\r\n\r\n\r\n\r\n<ul class=\"wp-block-list\">\r\n<li>La vanne papillon triple excentration ZECO adopte un si\u00e8ge de vanne rempla\u00e7able, ce qui est pratique pour remplacer le si\u00e8ge de vanne et la bague d&#039;\u00e9tanch\u00e9it\u00e9 directement apr\u00e8s le retrait de la vanne sur site en cas de dommage ou de maintenance du si\u00e8ge, sans perdre de temps ni perdre le co\u00fbt de fonctionnement normal du pipeline\u00a0;<\/li>\r\n<li>La vanne papillon triple excentration ZECO peut choisir divers mat\u00e9riaux pour le corps de la vanne, la plaque papillon et le mat\u00e9riau de la surface d&#039;\u00e9tanch\u00e9it\u00e9 en fonction des conditions de travail r\u00e9elles de l&#039;utilisateur afin de r\u00e9pondre aux exigences de l&#039;utilisateur\u00a0;<\/li>\r\n<li>Le support de vanne papillon ZECO est conforme \u00e0 la norme ISO 5211 avec une taille uniforme, qui peut \u00eatre utilis\u00e9 sur le site ZECO ou sur le site utilisateur pour changer les actionneurs \u00e9lectriques, pneumatiques, hydrauliques ou \u00e0 turbine souhait\u00e9s\u00a0;<\/li>\r\n<li>La vanne papillon ZECO adopte un syst\u00e8me d&#039;\u00e9tanch\u00e9it\u00e9 d&#039;emballage combin\u00e9 pour garantir une fuite maximale de la vanne \u2264 20 ppm. Les utilisateurs peuvent choisir la structure d&#039;\u00e9tanch\u00e9it\u00e9 de charge dynamique en fonction des conditions de travail, pour prolonger la dur\u00e9e d&#039;utilisation de l&#039;emballage suite \u00e0 un entretien fr\u00e9quent.<\/li>\r\n<\/ul>\r\n\r\n\r\n\r\n<h2 class=\"wp-block-heading\" id=\"h-material-of-triple-offset-butterfly-valve\">Mat\u00e9riau de la vanne papillon triple excentration\u00a0:<\/h2>\r\n\r\n\r\n\r\n<figure class=\"wp-block-table is-style-stripes\">\r\n<table>\r\n<tbody>\r\n<tr>\r\n<td>Non<\/td>\r\n<td>Partie<\/td>\r\n<td>Mat\u00e9riau<\/td>\r\n<\/tr>\r\n<tr>\r\n<td>1<\/td>\r\n<td>Corps<\/td>\r\n<td>ASTM A216 WCB + 13Cr<\/td>\r\n<\/tr>\r\n<tr>\r\n<td>2<\/td>\r\n<td>Bague d&#039;\u00e9tanch\u00e9it\u00e9<\/td>\r\n<td>Graphite + SS304<\/td>\r\n<\/tr>\r\n<tr>\r\n<td>3<\/td>\r\n<td>Bride de retenue<\/td>\r\n<td>ASTM A105<\/td>\r\n<\/tr>\r\n<tr>\r\n<td>4<\/td>\r\n<td>\u00c9pingle<\/td>\r\n<td>ASTM A276 410<\/td>\r\n<\/tr>\r\n<tr>\r\n<td>5<\/td>\r\n<td>Disque<\/td>\r\n<td>ASTM A216 WCB<\/td>\r\n<\/tr>\r\n<tr>\r\n<td>6<\/td>\r\n<td>Tige<\/td>\r\n<td>ASTM A276 410<\/td>\r\n<\/tr>\r\n<tr>\r\n<td>7<\/td>\r\n<td>Garniture de tige<\/td>\r\n<td>Graphite<\/td>\r\n<\/tr>\r\n<tr>\r\n<td>8<\/td>\r\n<td>Battement de tige<\/td>\r\n<td>SS304 + PTFE<\/td>\r\n<\/tr>\r\n<tr>\r\n<td>9<\/td>\r\n<td>Boulon<\/td>\r\n<td>ASTM A193 B7<\/td>\r\n<\/tr>\r\n<tr>\r\n<td>10<\/td>\r\n<td>\u00c9crou<\/td>\r\n<td>ASTM A194 2H<\/td>\r\n<\/tr>\r\n<tr>\r\n<td>11<\/td>\r\n<td>Attelage<\/td>\r\n<td>ASTM A216 WCB<\/td>\r\n<\/tr>\r\n<\/tbody>\r\n<\/table>\r\n<\/figure>","protected":false},"excerpt":{"rendered":"<p>La vanne triple excentration ou vanne triple excentrique comporte une tige d\u00e9cal\u00e9e sur les axes X et Y de\u2026 <a title=\"Vanne papillon \u00e0 triple excentration\" class=\"read-more\" href=\"https:\/\/zecovalve.com\/fr\/produit\/triple-offset-butterfly-valve\" aria-label=\"Plus sur Vanne Papillon Triple Offset\">Lire plus<\/a><\/p>","protected":false},"featured_media":16144,"comment_status":"closed","ping_status":"closed","template":"","meta":{"_generate-full-width-content":"","kt_blocks_editor_width":""},"product_cat":[2044,2467,2604],"product_tag":[2723],"class_list":["post-16143","product","type-product","status-publish","has-post-thumbnail","hentry","product_cat-butterfly-valve","product_cat-butterfly-valve-by-form","product_cat-triple-offset-butterfly-valve","product_tag-what-is-a-valve","sales-flash-overlay","woocommerce-text-align-center","woocommerce-image-align-center","do-quantity-buttons"],"featured_image_src_large":["https:\/\/zecovalve.com\/wp-content\/uploads\/2022\/06\/triple-offset-butterfly-valve.jpg",800,600,false],"author_info":[],"comment_info":0,"taxonomy_info":{"product_cat":[{"value":2044,"label":"Butterfly Valve"},{"value":2467,"label":"Butterfly Valve By Form"},{"value":2604,"label":"Triple Offset Butterfly Valve"}],"product_tag":[{"value":2723,"label":"What is a Valve"}]},"yoast_head":"<!-- This site is optimized with the Yoast SEO Premium plugin v15.4 - https:\/\/yoast.com\/wordpress\/plugins\/seo\/ -->\n<title>Triple Offset Butterfly Valve - Butterfly Valve Triple Offset Structure | ZECO<\/title>\n<meta name=\"robots\" content=\"index, follow, max-snippet:-1, max-image-preview:large, max-video-preview:-1\" \/>\n<link rel=\"canonical\" href=\"https:\/\/zecovalve.com\/fr\/produit\/triple-offset-butterfly-valve\" \/>\n<meta property=\"og:locale\" content=\"fr_FR\" \/>\n<meta property=\"og:type\" content=\"article\" \/>\n<meta property=\"og:title\" content=\"Triple Offset Butterfly Valve - Butterfly Valve Triple Offset Structure | ZECO\" \/>\n<meta property=\"og:description\" content=\"The Triple offset valve or triple eccentric valve features a stem that is offset on both the X and Y axis of ... Lire plus\" \/>\n<meta property=\"og:url\" content=\"https:\/\/zecovalve.com\/fr\/produit\/triple-offset-butterfly-valve\" \/>\n<meta property=\"og:site_name\" content=\"ZECO Valve\" \/>\n<meta property=\"article:modified_time\" content=\"2022-07-31T02:32:33+00:00\" \/>\n<meta property=\"og:image\" content=\"https:\/\/zecovalve.com\/wp-content\/uploads\/2022\/06\/triple-offset-butterfly-valve.jpg\" \/>\n\t<meta property=\"og:image:width\" content=\"800\" \/>\n\t<meta property=\"og:image:height\" content=\"600\" \/>\n<meta name=\"twitter:card\" content=\"summary_large_image\" \/>\n<meta name=\"twitter:label1\" content=\"\u00c9crit par\">\n\t<meta name=\"twitter:data1\" content=\"Jerry\">\n\t<meta name=\"twitter:label2\" content=\"Dur\u00e9e de lecture estim\u00e9e\">\n\t<meta name=\"twitter:data2\" content=\"3 minutes\">\n<script type=\"application\/ld+json\" class=\"yoast-schema-graph\">{\"@context\":\"https:\/\/schema.org\",\"@graph\":[{\"@type\":\"WebSite\",\"@id\":\"https:\/\/zecovalve.com\/#website\",\"url\":\"https:\/\/zecovalve.com\/\",\"name\":\"ZECO Valve\",\"description\":\"Industrial Ball Valve, Gate Valve and Globe Valve Manufacturer\",\"potentialAction\":[{\"@type\":\"SearchAction\",\"target\":\"https:\/\/zecovalve.com\/?s={search_term_string}\",\"query-input\":\"required name=search_term_string\"}],\"inLanguage\":\"fr-FR\"},{\"@type\":\"ImageObject\",\"@id\":\"https:\/\/zecovalve.com\/product\/triple-offset-butterfly-valve#primaryimage\",\"inLanguage\":\"fr-FR\",\"url\":\"https:\/\/zecovalve.com\/wp-content\/uploads\/2022\/06\/triple-offset-butterfly-valve.jpg\",\"width\":800,\"height\":600,\"caption\":\"Triple Offset Butterfly Valve\"},{\"@type\":\"WebPage\",\"@id\":\"https:\/\/zecovalve.com\/product\/triple-offset-butterfly-valve#webpage\",\"url\":\"https:\/\/zecovalve.com\/product\/triple-offset-butterfly-valve\",\"name\":\"Triple Offset Butterfly Valve - Butterfly Valve Triple Offset Structure | ZECO\",\"isPartOf\":{\"@id\":\"https:\/\/zecovalve.com\/#website\"},\"primaryImageOfPage\":{\"@id\":\"https:\/\/zecovalve.com\/product\/triple-offset-butterfly-valve#primaryimage\"},\"datePublished\":\"2022-06-19T14:10:13+00:00\",\"dateModified\":\"2022-07-31T02:32:33+00:00\",\"breadcrumb\":{\"@id\":\"https:\/\/zecovalve.com\/product\/triple-offset-butterfly-valve#breadcrumb\"},\"inLanguage\":\"fr-FR\",\"potentialAction\":[{\"@type\":\"ReadAction\",\"target\":[\"https:\/\/zecovalve.com\/product\/triple-offset-butterfly-valve\"]}]},{\"@type\":\"BreadcrumbList\",\"@id\":\"https:\/\/zecovalve.com\/product\/triple-offset-butterfly-valve#breadcrumb\",\"itemListElement\":[{\"@type\":\"ListItem\",\"position\":1,\"item\":{\"@type\":\"WebPage\",\"@id\":\"https:\/\/zecovalve.com\/\",\"url\":\"https:\/\/zecovalve.com\/\",\"name\":\"Home\"}},{\"@type\":\"ListItem\",\"position\":2,\"item\":{\"@type\":\"WebPage\",\"@id\":\"https:\/\/zecovalve.com\/product-category\",\"url\":\"https:\/\/zecovalve.com\/product-category\",\"name\":\"Industrial Valve Manufacturer | Water Valve Manufacturer\"}},{\"@type\":\"ListItem\",\"position\":3,\"item\":{\"@type\":\"WebPage\",\"@id\":\"https:\/\/zecovalve.com\/product\/triple-offset-butterfly-valve\",\"url\":\"https:\/\/zecovalve.com\/product\/triple-offset-butterfly-valve\",\"name\":\"Triple Offset Butterfly Valve\"}}]}]}<\/script>\n<!-- \/ Yoast SEO Premium plugin. -->","_links":{"self":[{"href":"https:\/\/zecovalve.com\/fr\/wp-json\/wp\/v2\/product\/16143","targetHints":{"allow":["GET"]}}],"collection":[{"href":"https:\/\/zecovalve.com\/fr\/wp-json\/wp\/v2\/product"}],"about":[{"href":"https:\/\/zecovalve.com\/fr\/wp-json\/wp\/v2\/types\/product"}],"replies":[{"embeddable":true,"href":"https:\/\/zecovalve.com\/fr\/wp-json\/wp\/v2\/comments?post=16143"}],"wp:featuredmedia":[{"embeddable":true,"href":"https:\/\/zecovalve.com\/fr\/wp-json\/wp\/v2\/media\/16144"}],"wp:attachment":[{"href":"https:\/\/zecovalve.com\/fr\/wp-json\/wp\/v2\/media?parent=16143"}],"wp:term":[{"taxonomy":"product_cat","embeddable":true,"href":"https:\/\/zecovalve.com\/fr\/wp-json\/wp\/v2\/product_cat?post=16143"},{"taxonomy":"product_tag","embeddable":true,"href":"https:\/\/zecovalve.com\/fr\/wp-json\/wp\/v2\/product_tag?post=16143"}],"curies":[{"name":"wp","href":"https:\/\/api.w.org\/{rel}","templated":true}]}}