{"id":16151,"date":"2022-06-19T14:22:43","date_gmt":"2022-06-19T14:22:43","guid":{"rendered":"https:\/\/zecovalve.com\/?post_type=product&#038;p=16151"},"modified":"2023-06-07T07:03:04","modified_gmt":"2023-06-07T07:03:04","slug":"2pc-ball-valve","status":"publish","type":"product","link":"https:\/\/zecovalve.com\/fr\/produit\/2pc-ball-valve","title":{"rendered":"Robinet \u00e0 boisseau sph\u00e9rique 2 pi\u00e8ces"},"content":{"rendered":"<p>Le robinet \u00e0 boisseau sph\u00e9rique 2 pi\u00e8ces en acier inoxydable est probablement le robinet \u00e0 boisseau sph\u00e9rique le plus utilis\u00e9. Le robinet \u00e0 boisseau sph\u00e9rique 2 pi\u00e8ces ouvre ou ferme le d\u00e9bit de la plupart des liquides et des gaz rapidement et facilement et convient \u00e0 presque toutes les applications o\u00f9 une simple action marche\/arr\u00eat est n\u00e9cessaire.<\/p>\r\n\r\n\r\n\r\n<figure class=\"wp-block-image alignnone size-medium wp-image-16152\"><img loading=\"lazy\" decoding=\"async\" width=\"300\" height=\"225\" class=\"wp-image-16152\" src=\"https:\/\/zecovalve.com\/wp-content\/uploads\/2022\/06\/2pc-ball-vlave-300x225.jpg\" alt=\"Valve \u00e0 bille 2pc\" srcset=\"https:\/\/zecovalve.com\/wp-content\/uploads\/2022\/06\/2pc-ball-vlave-300x225.jpg 300w, https:\/\/zecovalve.com\/wp-content\/uploads\/2022\/06\/2pc-ball-vlave-768x576.jpg 768w, https:\/\/zecovalve.com\/wp-content\/uploads\/2022\/06\/2pc-ball-vlave-600x450.jpg 600w, https:\/\/zecovalve.com\/wp-content\/uploads\/2022\/06\/2pc-ball-vlave.jpg 800w\" sizes=\"auto, (max-width: 300px) 100vw, 300px\" \/><\/figure>\r\n\r\n\r\n<div class=\"gb-button-wrapper gb-button-wrapper-6d8495a3\">\r\n\r\n\r\n<p><a class=\"gb-button gb-button-3d442e11 gb-button-text\" href=\"https:\/\/zecovalve.com\/fr\/contact\/\" target=\"_blank\" rel=\"noopener noreferrer\"><strong>OBTENIR LE PRIX D'UN ROBINET \u00c0 BOISSEAU SPH\u00c9RIQUE 2 PI\u00c8CES<\/strong><\/a><\/p>\r\n<\/div>\r\n\r\n\r\n\r\n\r\n<h2 class=\"wp-block-heading\" id=\"h-what-is-a-2-piece-ball-valve\">Qu'est-ce qu'un robinet \u00e0 boisseau sph\u00e9rique 2 pi\u00e8ces ?<\/h2>\r\n\r\n\r\n\r\n<p>Les robinets \u00e0 boisseau sph\u00e9rique \u00e0 2 pi\u00e8ces comptent parmi les robinets \u00e0 boisseau sph\u00e9rique les plus courants. Comme son nom l'indique, le robinet \u00e0 boisseau sph\u00e9rique en deux parties se compose de deux pi\u00e8ces, l'une comportant un raccord d'extr\u00e9mit\u00e9 et le corps. La seconde pi\u00e8ce s'embo\u00eete dans la premi\u00e8re, maintient la garniture en place et comprend le second raccord d'extr\u00e9mit\u00e9. Une fois install\u00e9s, ces robinets ne peuvent g\u00e9n\u00e9ralement pas \u00eatre r\u00e9par\u00e9s, sauf s'ils sont mis hors service.<\/p>\r\n\r\n\r\n\r\n<p>Le robinet \u00e0 boisseau sph\u00e9rique ZECO est identique \u00e0 un robinet ordinaire dont le ressort est reli\u00e9 \u00e0 la tige pour atteindre l'objectif d'ouverture\/fermeture. Il est principalement utilis\u00e9 pour couper le fluide dans les tuyaux. Il se caract\u00e9rise par sa structure simple, sa bonne capacit\u00e9 d'\u00e9tanch\u00e9it\u00e9, sa flexibilit\u00e9, son faible coefficient de blocage, sa facilit\u00e9 d'utilisation, etc. ZECO est le fournisseur mondial de robinets \u00e0 tournant sph\u00e9rique 2PC, qui peuvent \u00eatre divis\u00e9s en robinets \u00e0 tournant sph\u00e9rique flottants 2 pi\u00e8ces et robinets \u00e0 tournant sph\u00e9rique 2 pi\u00e8ces mont\u00e9s sur tourillon.<\/p>\r\n\r\n\r\n\r\n<h2 class=\"wp-block-heading\">Construction d'un robinet \u00e0 boisseau sph\u00e9rique en deux parties<\/h2>\r\n\r\n\r\n\r\n<p>Les robinets \u00e0 boisseau sph\u00e9rique sont construits en deux pi\u00e8ces et sont dot\u00e9s d'un boisseau massif \u00e0 passage int\u00e9gral. Les normes de conception pertinentes sont EN ISO 17292, EN 12516, ASME B16.34 et API 608.<\/p>\r\n\r\n\r\n\r\n<h2 class=\"wp-block-heading\">Applications du robinet \u00e0 boisseau sph\u00e9rique 2 pi\u00e8ces<\/h2>\r\n\r\n\r\n\r\n<p>Les robinets \u00e0 tournant sph\u00e9rique 2 pi\u00e8ces sont con\u00e7us pour \u00eatre utilis\u00e9s comme vannes d'arr\u00eat pour les liquides corrosifs et non corrosifs, les gaz, les vapeurs et les mat\u00e9riaux en vrac. Le fluide peut circuler dans les deux sens \u00e0 travers les robinets \u00e0 tournant sph\u00e9rique.<\/p>\r\n\r\n\r\n\r\n<h2 class=\"wp-block-heading\" id=\"h-features-of-2-piece-ball-valve\">Caract\u00e9ristiques des robinets \u00e0 boisseau sph\u00e9rique 2 pi\u00e8ces<\/h2>\r\n\r\n\r\n\r\n<ul class=\"wp-block-list\">\r\n<li>En tant que pi\u00e8ces mobiles de la vanne, le boisseau, la tige de la vanne et la poign\u00e9e constituent une unit\u00e9 d'assemblage. La t\u00eate de la tige du robinet a une forme diplo\u00efde, ce qui permet de distinguer facilement si le robinet est en position \"ON\" de la position de la poign\u00e9e. Lorsque la poign\u00e9e ou la tige diplo\u00efde est parall\u00e8le \u00e0 l'axe du tuyau, la vanne est en position \"ON\", lorsque la poign\u00e9e ou la tige diplo\u00efde est verticale par rapport \u00e0 l'axe du tuyau, la vanne est en position \"OFF\" ;<\/li>\r\n<li>Lorsque le fluide passe \u00e0 travers la vanne, la pression dans la cavit\u00e9 centrale fait sortir la tige. Afin d'\u00e9viter cette situation, une convexit\u00e9 a \u00e9t\u00e9 con\u00e7ue. En m\u00eame temps, un dispositif de lubrification a \u00e9t\u00e9 ajout\u00e9, de sorte que m\u00eame si le joint torique est endommag\u00e9 par un incendie, le dispositif de lubrification injecte de l'huile d'\u00e9tanch\u00e9it\u00e9 pour emp\u00eacher le fluide de fuir ;<\/li>\r\n<li>Pour \u00e9viter les \u00e9tincelles statiques, un dispositif antistatique est plac\u00e9 sur les vannes pour d\u00e9river la charge \u00e9lectrique accumul\u00e9e dans la bille du canal statique entre la bille et la tige, ou entre la tige et le corps de la vanne ;<\/li>\r\n<li>Afin d'emp\u00eacher le mauvais fonctionnement de la vanne, la position d'ouverture\/fermeture peut \u00eatre \u00e9quip\u00e9e d'un dispositif de verrouillage, en particulier lorsqu'elle est utilis\u00e9e \u00e0 l'ext\u00e9rieur ou que le processus interdit le mauvais fonctionnement.<\/li>\r\n<\/ul>\r\n\r\n\r\n\r\n<h2 class=\"wp-block-heading\" id=\"h-material-of-2-piece-ball-valve\">Mat\u00e9riau des robinets \u00e0 tournant sph\u00e9rique 2 pi\u00e8ces<\/h2>\r\n\r\n\r\n\r\n<figure class=\"wp-block-table\">\r\n<table>\r\n<tbody>\r\n<tr>\r\n<td>Non<\/td>\r\n<td>Partie<\/td>\r\n<td>Mat\u00e9riau<\/td>\r\n<\/tr>\r\n<tr>\r\n<td>1<\/td>\r\n<td>Corps<\/td>\r\n<td>ASTM A182 F316<\/td>\r\n<\/tr>\r\n<tr>\r\n<td>2<\/td>\r\n<td>Bonnet<\/td>\r\n<td>ASTM A182 F316<\/td>\r\n<\/tr>\r\n<tr>\r\n<td>3<\/td>\r\n<td>Boulon du chapeau<\/td>\r\n<td>ASTM A193 B8M<\/td>\r\n<\/tr>\r\n<tr>\r\n<td>4<\/td>\r\n<td>\u00c9crou \u00e0 chapeau<\/td>\r\n<td>ASTM A194 8M<\/td>\r\n<\/tr>\r\n<tr>\r\n<td>5<\/td>\r\n<td>Joint de chapeau<\/td>\r\n<td>Graphite +SS316<\/td>\r\n<\/tr>\r\n<tr>\r\n<td>6<\/td>\r\n<td>Anneau de si\u00e8ge<\/td>\r\n<td>VITON<\/td>\r\n<\/tr>\r\n<tr>\r\n<td>7<\/td>\r\n<td>Boule<\/td>\r\n<td>ASTM A182 F316<\/td>\r\n<\/tr>\r\n<tr>\r\n<td>8<\/td>\r\n<td>Tige<\/td>\r\n<td>ASTM A276 316<\/td>\r\n<\/tr>\r\n<tr>\r\n<td>9<\/td>\r\n<td>Garniture de tige<\/td>\r\n<td>Graphite<\/td>\r\n<\/tr>\r\n<tr>\r\n<td>10<\/td>\r\n<td>Gland<\/td>\r\n<td>ASTM A351 CF8M<\/td>\r\n<\/tr>\r\n<tr>\r\n<td>11<\/td>\r\n<td>Collier d'arr\u00eat<\/td>\r\n<td>ANSI 1025<\/td>\r\n<\/tr>\r\n<\/tbody>\r\n<\/table>\r\n<\/figure>","protected":false},"excerpt":{"rendered":"<p>Le robinet \u00e0 tournant sph\u00e9rique en acier inoxydable en 2 pi\u00e8ces est probablement le robinet \u00e0 tournant sph\u00e9rique le plus utilis\u00e9. Le robinet \u00e0 tournant sph\u00e9rique en 2 pi\u00e8ces s&#039;ouvrira\u2026 <a title=\"Robinet \u00e0 boisseau sph\u00e9rique 2 pi\u00e8ces\" class=\"read-more\" href=\"https:\/\/zecovalve.com\/fr\/produit\/2pc-ball-valve\" aria-label=\"Plus sur 2 Piece Ball Valve\">Lire plus<\/a><\/p>","protected":false},"featured_media":27853,"comment_status":"closed","ping_status":"closed","template":"","meta":{"_generate-full-width-content":"","kt_blocks_editor_width":""},"product_cat":[2047,2465],"product_tag":[2655,2804,2656],"class_list":["post-16151","product","type-product","status-publish","has-post-thumbnail","hentry","product_cat-ball-valve","product_cat-forged-steel-ball-valve","product_tag-1-2-ball-valve","product_tag-2-inch-ball-valve","product_tag-3-4-ball-valve","sales-flash-overlay","woocommerce-text-align-center","woocommerce-image-align-center","do-quantity-buttons"],"featured_image_src_large":["https:\/\/zecovalve.com\/wp-content\/uploads\/2022\/06\/2-Piece-Ball-Valve.jpg",800,600,false],"author_info":[],"comment_info":0,"taxonomy_info":{"product_cat":[{"value":2047,"label":"Ball Valve"},{"value":2465,"label":"Forged Ball Valve"}],"product_tag":[{"value":2655,"label":"1 2 ball valve"},{"value":2804,"label":"2 inch Ball Valve"},{"value":2656,"label":"3 4 ball valve"}]},"yoast_head":"<!-- This site is optimized with the Yoast SEO Premium plugin v15.4 - https:\/\/yoast.com\/wordpress\/plugins\/seo\/ -->\n<title>Ball Valve 2 Piece - 2 Piece Ball Valve Manufacturer | ZECO Valve<\/title>\n<meta name=\"robots\" content=\"index, follow, max-snippet:-1, max-image-preview:large, max-video-preview:-1\" \/>\n<link rel=\"canonical\" href=\"https:\/\/zecovalve.com\/fr\/produit\/2pc-ball-valve\" \/>\n<meta property=\"og:locale\" content=\"fr_FR\" \/>\n<meta property=\"og:type\" content=\"article\" \/>\n<meta property=\"og:title\" content=\"Ball Valve 2 Piece - 2 Piece Ball Valve Manufacturer | ZECO Valve\" \/>\n<meta property=\"og:description\" content=\"The 2 piece stainless steel ball valve is probably the most widely used ball valve. The 2 piece ball valve will open ... Lire plus\" \/>\n<meta property=\"og:url\" content=\"https:\/\/zecovalve.com\/fr\/produit\/2pc-ball-valve\" \/>\n<meta property=\"og:site_name\" content=\"ZECO Valve\" \/>\n<meta property=\"article:modified_time\" content=\"2023-06-07T07:03:04+00:00\" \/>\n<meta property=\"og:image\" content=\"https:\/\/zecovalve.com\/wp-content\/uploads\/2022\/06\/2-Piece-Ball-Valve.jpg\" \/>\n\t<meta property=\"og:image:width\" content=\"800\" \/>\n\t<meta property=\"og:image:height\" content=\"600\" \/>\n<meta name=\"twitter:card\" content=\"summary_large_image\" \/>\n<meta name=\"twitter:label1\" content=\"\u00c9crit par\">\n\t<meta name=\"twitter:data1\" content=\"Jerry\">\n\t<meta name=\"twitter:label2\" content=\"Dur\u00e9e de lecture estim\u00e9e\">\n\t<meta name=\"twitter:data2\" content=\"2 minutes\">\n<script type=\"application\/ld+json\" class=\"yoast-schema-graph\">{\"@context\":\"https:\/\/schema.org\",\"@graph\":[{\"@type\":\"WebSite\",\"@id\":\"https:\/\/zecovalve.com\/#website\",\"url\":\"https:\/\/zecovalve.com\/\",\"name\":\"ZECO Valve\",\"description\":\"Industrial Ball Valve, Gate Valve and Globe Valve Manufacturer\",\"potentialAction\":[{\"@type\":\"SearchAction\",\"target\":\"https:\/\/zecovalve.com\/?s={search_term_string}\",\"query-input\":\"required name=search_term_string\"}],\"inLanguage\":\"fr-FR\"},{\"@type\":\"ImageObject\",\"@id\":\"https:\/\/zecovalve.com\/product\/2pc-ball-valve#primaryimage\",\"inLanguage\":\"fr-FR\",\"url\":\"https:\/\/zecovalve.com\/wp-content\/uploads\/2022\/06\/2-Piece-Ball-Valve.jpg\",\"width\":800,\"height\":600,\"caption\":\"2 Piece Ball Valve\"},{\"@type\":\"WebPage\",\"@id\":\"https:\/\/zecovalve.com\/product\/2pc-ball-valve#webpage\",\"url\":\"https:\/\/zecovalve.com\/product\/2pc-ball-valve\",\"name\":\"Ball Valve 2 Piece - 2 Piece Ball Valve Manufacturer | ZECO Valve\",\"isPartOf\":{\"@id\":\"https:\/\/zecovalve.com\/#website\"},\"primaryImageOfPage\":{\"@id\":\"https:\/\/zecovalve.com\/product\/2pc-ball-valve#primaryimage\"},\"datePublished\":\"2022-06-19T14:22:43+00:00\",\"dateModified\":\"2023-06-07T07:03:04+00:00\",\"breadcrumb\":{\"@id\":\"https:\/\/zecovalve.com\/product\/2pc-ball-valve#breadcrumb\"},\"inLanguage\":\"fr-FR\",\"potentialAction\":[{\"@type\":\"ReadAction\",\"target\":[\"https:\/\/zecovalve.com\/product\/2pc-ball-valve\"]}]},{\"@type\":\"BreadcrumbList\",\"@id\":\"https:\/\/zecovalve.com\/product\/2pc-ball-valve#breadcrumb\",\"itemListElement\":[{\"@type\":\"ListItem\",\"position\":1,\"item\":{\"@type\":\"WebPage\",\"@id\":\"https:\/\/zecovalve.com\/\",\"url\":\"https:\/\/zecovalve.com\/\",\"name\":\"Home\"}},{\"@type\":\"ListItem\",\"position\":2,\"item\":{\"@type\":\"WebPage\",\"@id\":\"https:\/\/zecovalve.com\/product-category\",\"url\":\"https:\/\/zecovalve.com\/product-category\",\"name\":\"Industrial Valve Manufacturer | Water Valve Manufacturer\"}},{\"@type\":\"ListItem\",\"position\":3,\"item\":{\"@type\":\"WebPage\",\"@id\":\"https:\/\/zecovalve.com\/product\/2pc-ball-valve\",\"url\":\"https:\/\/zecovalve.com\/product\/2pc-ball-valve\",\"name\":\"2 Piece Ball Valve\"}}]}]}<\/script>\n<!-- \/ Yoast SEO Premium plugin. -->","_links":{"self":[{"href":"https:\/\/zecovalve.com\/fr\/wp-json\/wp\/v2\/product\/16151","targetHints":{"allow":["GET"]}}],"collection":[{"href":"https:\/\/zecovalve.com\/fr\/wp-json\/wp\/v2\/product"}],"about":[{"href":"https:\/\/zecovalve.com\/fr\/wp-json\/wp\/v2\/types\/product"}],"replies":[{"embeddable":true,"href":"https:\/\/zecovalve.com\/fr\/wp-json\/wp\/v2\/comments?post=16151"}],"wp:featuredmedia":[{"embeddable":true,"href":"https:\/\/zecovalve.com\/fr\/wp-json\/wp\/v2\/media\/27853"}],"wp:attachment":[{"href":"https:\/\/zecovalve.com\/fr\/wp-json\/wp\/v2\/media?parent=16151"}],"wp:term":[{"taxonomy":"product_cat","embeddable":true,"href":"https:\/\/zecovalve.com\/fr\/wp-json\/wp\/v2\/product_cat?post=16151"},{"taxonomy":"product_tag","embeddable":true,"href":"https:\/\/zecovalve.com\/fr\/wp-json\/wp\/v2\/product_tag?post=16151"}],"curies":[{"name":"wp","href":"https:\/\/api.w.org\/{rel}","templated":true}]}}