{"id":16157,"date":"2022-06-19T14:31:25","date_gmt":"2022-06-19T14:31:25","guid":{"rendered":"https:\/\/zecovalve.com\/?post_type=product&#038;p=16157"},"modified":"2023-06-07T07:03:30","modified_gmt":"2023-06-07T07:03:30","slug":"12-inch-ball-valve","status":"publish","type":"product","link":"https:\/\/zecovalve.com\/fr\/produit\/12-inch-ball-valve","title":{"rendered":"Robinet \u00e0 boisseau sph\u00e9rique de 12 pouces"},"content":{"rendered":"<p>Les robinets \u00e0 tournant sph\u00e9rique de 12 pouces sont normalement des robinets \u00e0 tournant sph\u00e9rique \u00e0 tourillon, des robinets \u00e0 tournant sph\u00e9rique \u00e0 entr\u00e9e lat\u00e9rale ou des robinets \u00e0 tournant sph\u00e9rique \u00e0 entr\u00e9e par le haut ; la conception, la fabrication et les tests sont strictement conformes \u00e0 la norme API 6D\/API 598.<\/p>\r\n\r\n\r\n\r\n<figure class=\"wp-block-image alignnone size-medium wp-image-16158\">\r\n<p><img loading=\"lazy\" decoding=\"async\" class=\"wp-image-27831 size-medium\" src=\"https:\/\/zecovalve.com\/wp-content\/uploads\/2022\/06\/12-inch-Ball-Valve-3-300x300.jpg\" alt=\"Robinet \u00e0 boisseau sph\u00e9rique de 12 pouces\" width=\"300\" height=\"300\" srcset=\"https:\/\/zecovalve.com\/wp-content\/uploads\/2022\/06\/12-inch-Ball-Valve-3-300x300.jpg 300w, https:\/\/zecovalve.com\/wp-content\/uploads\/2022\/06\/12-inch-Ball-Valve-3-150x150.jpg 150w, https:\/\/zecovalve.com\/wp-content\/uploads\/2022\/06\/12-inch-Ball-Valve-3-400x400.jpg 400w, https:\/\/zecovalve.com\/wp-content\/uploads\/2022\/06\/12-inch-Ball-Valve-3-100x100.jpg 100w, https:\/\/zecovalve.com\/wp-content\/uploads\/2022\/06\/12-inch-Ball-Valve-3.jpg 600w\" sizes=\"auto, (max-width: 300px) 100vw, 300px\" \/><\/p>\r\n<\/figure>\r\n\r\n\r\n<div class=\"gb-button-wrapper gb-button-wrapper-6d8495a3\">\r\n\r\n\r\n<p><a class=\"gb-button gb-button-3d442e11 gb-button-text\" href=\"https:\/\/zecovalve.com\/fr\/contact\/\" target=\"_blank\" rel=\"noopener noreferrer\"><strong>Obtenir le prix d'une vanne \u00e0 boisseau sph\u00e9rique de 12 pouces<\/strong><\/a><\/p>\r\n<\/div>\r\n\r\n\r\n\r\n\r\n<h2 class=\"wp-block-heading\" id=\"h-what-is-12-inch-ball-valve\">Qu'est-ce qu'un robinet \u00e0 boisseau sph\u00e9rique de 12\u2033 ?<\/h2>\r\n\r\n\r\n\r\n<p>Le robinet \u00e0 boisseau sph\u00e9rique ZECO de 12 pouces peut \u00eatre un robinet \u00e0 boisseau sph\u00e9rique flottant, un robinet \u00e0 boisseau sph\u00e9rique mont\u00e9 sur tourillon ou un robinet \u00e0 boisseau sph\u00e9rique \u00e0 entr\u00e9e par le haut. L'un des seuls robinets \u00e0 boisseau <a href=\"https:\/\/zecovalve.com\/fr\/\" data-internallinksmanager029f6b8e52c=\"9\" title=\"fabricant de vannes industrielles\" target=\"_blank\" rel=\"noopener\">fabricants de vannes en Chine<\/a> Avec une histoire de pr\u00e8s de 30 ans, ZECO, avec la mission historique d'innovation continue et d'innovation technologique, a envoy\u00e9 avec succ\u00e8s les produits de robinet \u00e0 boisseau sph\u00e9rique de ZECO aux compagnies p\u00e9troli\u00e8res, aux plates-formes offshore et aux projets industriels, et a \u00e9t\u00e9 pleinement reconnu par les propri\u00e9taires. ZECO se consacre \u00e0 la recherche et au d\u00e9veloppement des performances des produits ainsi qu'\u00e0 la recherche et au d\u00e9veloppement des mat\u00e9riaux et s'engage \u00e0 devenir un fabricant chinois de vannes de renomm\u00e9e internationale.<\/p>\r\n\r\n\r\n\r\n<h2 class=\"wp-block-heading\">Dimensions et poids d'un robinet \u00e0 boisseau sph\u00e9rique de 12 pouces<\/h2>\r\n\r\n\r\n\r\n<table border=\"=1\" width=\"800\">\r\n<tbody>\r\n<tr>\r\n<td rowspan=\"2\">Pression nominale<\/td>\r\n<td>Al\u00e9sage<\/td>\r\n<td colspan=\"3\">\u00a0Dimension face \u00e0 face (en mm)<\/td>\r\n<td>Poids<\/td>\r\n<\/tr>\r\n<tr>\r\n<td>(en mm)<\/td>\r\n<td>RF<\/td>\r\n<td>BW<\/td>\r\n<td>RTJ<\/td>\r\n<td>kg<\/td>\r\n<\/tr>\r\n<tr>\r\n<td>CLASSE 150<\/td>\r\n<td>303<\/td>\r\n<td>610<\/td>\r\n<td>635<\/td>\r\n<td>622<\/td>\r\n<td>596<\/td>\r\n<\/tr>\r\n<tr>\r\n<td>CLASSE 300<\/td>\r\n<td>303<\/td>\r\n<td>648<\/td>\r\n<td>635<\/td>\r\n<td>664<\/td>\r\n<td>658<\/td>\r\n<\/tr>\r\n<tr>\r\n<td>CLASSE 600<\/td>\r\n<td>303<\/td>\r\n<td>838<\/td>\r\n<td>838<\/td>\r\n<td>841<\/td>\r\n<td>1075<\/td>\r\n<\/tr>\r\n<tr>\r\n<td>CLASSE 900<\/td>\r\n<td>303<\/td>\r\n<td>965<\/td>\r\n<td>965<\/td>\r\n<td>968<\/td>\r\n<td>1378<\/td>\r\n<\/tr>\r\n<tr>\r\n<td>CLASSE 1500<\/td>\r\n<td>287<\/td>\r\n<td>1130<\/td>\r\n<td>1130<\/td>\r\n<td>1146<\/td>\r\n<td>2348<\/td>\r\n<\/tr>\r\n<tr>\r\n<td>CLASSE 2500<\/td>\r\n<td>265<\/td>\r\n<td>1422<\/td>\r\n<td>1422<\/td>\r\n<td>1445<\/td>\r\n<td>3500<\/td>\r\n<\/tr>\r\n<\/tbody>\r\n<\/table>\r\n\r\n\r\n\r\n<h2 class=\"wp-block-heading\" id=\"specification-of-6-gate-valve\">Sp\u00e9cification du robinet \u00e0 boisseau sph\u00e9rique 12\u2033.<\/h2>\r\n\r\n\r\n\r\n<figure class=\"wp-block-table\">\r\n<table>\r\n<tbody>\r\n<tr>\r\n<td>Confirmation de la conception<\/td>\r\n<td>API 6D, API 608<\/td>\r\n<\/tr>\r\n<tr>\r\n<td>Brides perc\u00e9es Confirme<\/td>\r\n<td>ASME B16.5, EN 1092-1<\/td>\r\n<\/tr>\r\n<tr>\r\n<td>Contr\u00f4le de l'\u00e9tanch\u00e9it\u00e9<\/td>\r\n<td>API 598, ISO 5208, EN 12266-1<\/td>\r\n<\/tr>\r\n<tr>\r\n<td>Confirme en face \u00e0 face<\/td>\r\n<td>API 6D, ASME B16.10, EN 558-1<\/td>\r\n<\/tr>\r\n<tr>\r\n<td>Pression normale<\/td>\r\n<td>Classe 150 ~ Classe 2500, PN10 ~ PN400<\/td>\r\n<\/tr>\r\n<tr>\r\n<td>Pression d'essai de la coquille<\/td>\r\n<td>1,5 * Pression nominale<\/td>\r\n<\/tr>\r\n<tr>\r\n<td>Pression d'essai du joint<\/td>\r\n<td>1,1 * Pression nominale (eau)<\/td>\r\n<\/tr>\r\n<tr>\r\n<td>Pression d'essai du joint (basse pression)<\/td>\r\n<td>6 Bar (air)<\/td>\r\n<\/tr>\r\n<\/tbody>\r\n<\/table>\r\n<\/figure>\r\n\r\n\r\n\r\n<h2 class=\"wp-block-heading\" id=\"h-features-of-12-inch-ball-valve\">Caract\u00e9ristiques du robinet \u00e0 boisseau sph\u00e9rique de 12 pouces :<\/h2>\r\n\r\n\r\n\r\n<ul class=\"wp-block-list\">\r\n<li>Le robinet \u00e0 boisseau sph\u00e9rique de 12 pouces de ZECO est dot\u00e9 d'un si\u00e8ge m\u00e9tal sur m\u00e9tal. Lorsque le robinet \u00e0 boisseau sph\u00e9rique est utilis\u00e9 dans un service \u00e0 haute abrasion ou \u00e0 haute temp\u00e9rature, le si\u00e8ge m\u00e9tal-m\u00e9tal doit \u00eatre choisi ;<\/li>\r\n<li>ZECO pr\u00eate attention au coefficient de d\u00e9bit de la soupape car c'est l'indice qui mesure la capacit\u00e9 de courant de la soupape, le coefficient de d\u00e9bit est plus grand, la perte de pression qui montre que le fluide s'\u00e9coule \u00e0 travers la soupape est plus petite. ZECO testera r\u00e9guli\u00e8rement le coefficient de d\u00e9bit des produits nouvellement d\u00e9velopp\u00e9s et des anciens produits de chaque s\u00e9rie et de chaque diam\u00e8tre afin de s'assurer que les utilisateurs n'encourent pas de co\u00fbts suppl\u00e9mentaires dus au d\u00e9bit de la soupape lorsqu'ils utilisent des produits ZECO ;<\/li>\r\n<li>ZECO accorde une attention particuli\u00e8re \u00e0 la recherche des mat\u00e9riaux des produits et confirmera les informations requises par les clients avant de confirmer la commande. Le degr\u00e9 de tol\u00e9rance \u00e0 la pression et \u00e0 la temp\u00e9rature du robinet \u00e0 boisseau sph\u00e9rique n'est pas seulement li\u00e9 au mat\u00e9riau de l'enveloppe, mais aussi au si\u00e8ge, \u00e0 la garniture, au joint et aux autres joints, qui peuvent \u00eatre des mat\u00e9riaux polym\u00e8res, de l'amiante graphite ou du caoutchouc ; les mat\u00e9riaux d'\u00e9tanch\u00e9it\u00e9 d\u00e9pendent du fluide contenu dans la canalisation ;<\/li>\r\n<li>Le robinet \u00e0 tournant sph\u00e9rique ZECO de 12 pouces est dot\u00e9 d'un syst\u00e8me de contr\u00f4le des faibles \u00e9missions. La garniture \u00e0 faible \u00e9mission est assembl\u00e9e avec un taux de fuite maximal de 100 PPM.<\/li>\r\n<\/ul>\r\n\r\n\r\n\r\n<h2 class=\"wp-block-heading\" id=\"h-material-of-12-inch-ball-valve\">Mat\u00e9riau du robinet \u00e0 boisseau sph\u00e9rique de 12 pouces :<\/h2>\r\n\r\n\r\n\r\n<figure class=\"wp-block-table\">\r\n<table>\r\n<tbody>\r\n<tr>\r\n<td>Non<\/td>\r\n<td>Partie<\/td>\r\n<td>Mat\u00e9riau<\/td>\r\n<\/tr>\r\n<tr>\r\n<td>1<\/td>\r\n<td>Corps<\/td>\r\n<td>ASTM A350 LF2<\/td>\r\n<\/tr>\r\n<tr>\r\n<td>2<\/td>\r\n<td>Bonnet<\/td>\r\n<td>ASTM A350 LF2<\/td>\r\n<\/tr>\r\n<tr>\r\n<td>3<\/td>\r\n<td>Boule<\/td>\r\n<td>ASTM A182 F316<\/td>\r\n<\/tr>\r\n<tr>\r\n<td>4<\/td>\r\n<td>Si\u00e8ge<\/td>\r\n<td>ASTM A182 F316<\/td>\r\n<\/tr>\r\n<tr>\r\n<td>5<\/td>\r\n<td>Tige<\/td>\r\n<td>ASTM A276 316<\/td>\r\n<\/tr>\r\n<tr>\r\n<td>6<\/td>\r\n<td>Dispositif antistatique<\/td>\r\n<td>SS316<\/td>\r\n<\/tr>\r\n<tr>\r\n<td>7<\/td>\r\n<td>Joint d'\u00e9tanch\u00e9it\u00e9<\/td>\r\n<td>Graphite + SS316<\/td>\r\n<\/tr>\r\n<tr>\r\n<td>8<\/td>\r\n<td>Boulon<\/td>\r\n<td>ASTM A193 B8<\/td>\r\n<\/tr>\r\n<tr>\r\n<td>9<\/td>\r\n<td>\u00c9crou<\/td>\r\n<td>ASTM A194 8<\/td>\r\n<\/tr>\r\n<tr>\r\n<td>10<\/td>\r\n<td>Joint torique<\/td>\r\n<td>Viton A<\/td>\r\n<\/tr>\r\n<tr>\r\n<td>11<\/td>\r\n<td>Actionneur \u00e0 engrenage<\/td>\r\n<td>ASTM A216 WCB<\/td>\r\n<\/tr>\r\n<\/tbody>\r\n<\/table>\r\n<\/figure>","protected":false},"excerpt":{"rendered":"<p>Les robinets \u00e0 tournant sph\u00e9rique de 12 pouces sont normalement des robinets \u00e0 tournant sph\u00e9rique \u00e0 tourillon, des robinets \u00e0 tournant sph\u00e9rique \u00e0 entr\u00e9e lat\u00e9rale ou des robinets \u00e0 tournant sph\u00e9rique \u00e0 entr\u00e9e sup\u00e9rieure\u00a0; la conception, la fabrication et\u2026 <a title=\"Robinet \u00e0 boisseau sph\u00e9rique de 12 pouces\" class=\"read-more\" href=\"https:\/\/zecovalve.com\/fr\/produit\/12-inch-ball-valve\" aria-label=\"Plus sur 12 inch Ball Valve\">Lire plus<\/a><\/p>","protected":false},"featured_media":27854,"comment_status":"closed","ping_status":"closed","template":"","meta":{"_generate-full-width-content":"","kt_blocks_editor_width":""},"product_cat":[2047,2462,2465],"product_tag":[2802],"class_list":["post-16157","product","type-product","status-publish","has-post-thumbnail","hentry","product_cat-ball-valve","product_cat-ball-valve-by-size","product_cat-forged-steel-ball-valve","product_tag-ball-valve-price","sales-flash-overlay","woocommerce-text-align-center","woocommerce-image-align-center","do-quantity-buttons"],"featured_image_src_large":["https:\/\/zecovalve.com\/wp-content\/uploads\/2022\/06\/12-inch-Ball-Valve-4.jpg",800,600,false],"author_info":[],"comment_info":0,"taxonomy_info":{"product_cat":[{"value":2047,"label":"Ball Valve"},{"value":2462,"label":"Ball Valve By Size"},{"value":2465,"label":"Forged Ball Valve"}],"product_tag":[{"value":2802,"label":"Ball Valve Price"}]},"yoast_head":"<!-- This site is optimized with the Yoast SEO Premium plugin v15.4 - https:\/\/yoast.com\/wordpress\/plugins\/seo\/ -->\n<title>12&quot; Ball Valve - 12 inch Ball Valve | Competitive Ball Valve Price - ZECO<\/title>\n<meta name=\"robots\" content=\"index, follow, max-snippet:-1, max-image-preview:large, max-video-preview:-1\" \/>\n<link rel=\"canonical\" href=\"https:\/\/zecovalve.com\/fr\/produit\/12-inch-ball-valve\" \/>\n<meta property=\"og:locale\" content=\"fr_FR\" \/>\n<meta property=\"og:type\" content=\"article\" \/>\n<meta property=\"og:title\" content=\"12&quot; Ball Valve - 12 inch Ball Valve | Competitive Ball Valve Price - ZECO\" \/>\n<meta property=\"og:description\" content=\"12 inch Ball Valves are normally trunnion ball valves, side entry ball valves, or top entry ball valves; the design, manufacture, and ... Lire plus\" \/>\n<meta property=\"og:url\" content=\"https:\/\/zecovalve.com\/fr\/produit\/12-inch-ball-valve\" \/>\n<meta property=\"og:site_name\" content=\"ZECO Valve\" \/>\n<meta property=\"article:modified_time\" content=\"2023-06-07T07:03:30+00:00\" \/>\n<meta property=\"og:image\" content=\"https:\/\/zecovalve.com\/wp-content\/uploads\/2022\/06\/12-inch-Ball-Valve-4.jpg\" \/>\n\t<meta property=\"og:image:width\" content=\"800\" \/>\n\t<meta property=\"og:image:height\" content=\"600\" \/>\n<meta name=\"twitter:card\" content=\"summary_large_image\" \/>\n<meta name=\"twitter:label1\" content=\"\u00c9crit par\">\n\t<meta name=\"twitter:data1\" content=\"Jerry\">\n\t<meta name=\"twitter:label2\" content=\"Dur\u00e9e de lecture estim\u00e9e\">\n\t<meta name=\"twitter:data2\" content=\"2 minutes\">\n<script type=\"application\/ld+json\" class=\"yoast-schema-graph\">{\"@context\":\"https:\/\/schema.org\",\"@graph\":[{\"@type\":\"WebSite\",\"@id\":\"https:\/\/zecovalve.com\/#website\",\"url\":\"https:\/\/zecovalve.com\/\",\"name\":\"ZECO Valve\",\"description\":\"Industrial Ball Valve, Gate Valve and Globe Valve Manufacturer\",\"potentialAction\":[{\"@type\":\"SearchAction\",\"target\":\"https:\/\/zecovalve.com\/?s={search_term_string}\",\"query-input\":\"required name=search_term_string\"}],\"inLanguage\":\"fr-FR\"},{\"@type\":\"ImageObject\",\"@id\":\"https:\/\/zecovalve.com\/product\/12-inch-ball-valve#primaryimage\",\"inLanguage\":\"fr-FR\",\"url\":\"https:\/\/zecovalve.com\/wp-content\/uploads\/2022\/06\/12-inch-Ball-Valve-4.jpg\",\"width\":800,\"height\":600,\"caption\":\"12 inch Ball Valve\"},{\"@type\":\"WebPage\",\"@id\":\"https:\/\/zecovalve.com\/product\/12-inch-ball-valve#webpage\",\"url\":\"https:\/\/zecovalve.com\/product\/12-inch-ball-valve\",\"name\":\"12\\\" Ball Valve - 12 inch Ball Valve | Competitive Ball Valve Price - ZECO\",\"isPartOf\":{\"@id\":\"https:\/\/zecovalve.com\/#website\"},\"primaryImageOfPage\":{\"@id\":\"https:\/\/zecovalve.com\/product\/12-inch-ball-valve#primaryimage\"},\"datePublished\":\"2022-06-19T14:31:25+00:00\",\"dateModified\":\"2023-06-07T07:03:30+00:00\",\"breadcrumb\":{\"@id\":\"https:\/\/zecovalve.com\/product\/12-inch-ball-valve#breadcrumb\"},\"inLanguage\":\"fr-FR\",\"potentialAction\":[{\"@type\":\"ReadAction\",\"target\":[\"https:\/\/zecovalve.com\/product\/12-inch-ball-valve\"]}]},{\"@type\":\"BreadcrumbList\",\"@id\":\"https:\/\/zecovalve.com\/product\/12-inch-ball-valve#breadcrumb\",\"itemListElement\":[{\"@type\":\"ListItem\",\"position\":1,\"item\":{\"@type\":\"WebPage\",\"@id\":\"https:\/\/zecovalve.com\/\",\"url\":\"https:\/\/zecovalve.com\/\",\"name\":\"Home\"}},{\"@type\":\"ListItem\",\"position\":2,\"item\":{\"@type\":\"WebPage\",\"@id\":\"https:\/\/zecovalve.com\/product-category\",\"url\":\"https:\/\/zecovalve.com\/product-category\",\"name\":\"Industrial Valve Manufacturer | Water Valve Manufacturer\"}},{\"@type\":\"ListItem\",\"position\":3,\"item\":{\"@type\":\"WebPage\",\"@id\":\"https:\/\/zecovalve.com\/product\/12-inch-ball-valve\",\"url\":\"https:\/\/zecovalve.com\/product\/12-inch-ball-valve\",\"name\":\"12 inch Ball Valve\"}}]}]}<\/script>\n<!-- \/ Yoast SEO Premium plugin. -->","_links":{"self":[{"href":"https:\/\/zecovalve.com\/fr\/wp-json\/wp\/v2\/product\/16157","targetHints":{"allow":["GET"]}}],"collection":[{"href":"https:\/\/zecovalve.com\/fr\/wp-json\/wp\/v2\/product"}],"about":[{"href":"https:\/\/zecovalve.com\/fr\/wp-json\/wp\/v2\/types\/product"}],"replies":[{"embeddable":true,"href":"https:\/\/zecovalve.com\/fr\/wp-json\/wp\/v2\/comments?post=16157"}],"wp:featuredmedia":[{"embeddable":true,"href":"https:\/\/zecovalve.com\/fr\/wp-json\/wp\/v2\/media\/27854"}],"wp:attachment":[{"href":"https:\/\/zecovalve.com\/fr\/wp-json\/wp\/v2\/media?parent=16157"}],"wp:term":[{"taxonomy":"product_cat","embeddable":true,"href":"https:\/\/zecovalve.com\/fr\/wp-json\/wp\/v2\/product_cat?post=16157"},{"taxonomy":"product_tag","embeddable":true,"href":"https:\/\/zecovalve.com\/fr\/wp-json\/wp\/v2\/product_tag?post=16157"}],"curies":[{"name":"wp","href":"https:\/\/api.w.org\/{rel}","templated":true}]}}