{"id":16159,"date":"2022-06-19T14:34:00","date_gmt":"2022-06-19T14:34:00","guid":{"rendered":"https:\/\/zecovalve.com\/?post_type=product&#038;p=16159"},"modified":"2023-06-15T12:39:53","modified_gmt":"2023-06-15T12:39:53","slug":"sw-gate-valve","status":"publish","type":"product","link":"https:\/\/zecovalve.com\/fr\/produit\/sw-gate-valve","title":{"rendered":"Robinet-vanne en acier forg\u00e9"},"content":{"rendered":"<p>Les capacit\u00e9s de fabrication de ZECO pour les vannes \u00e0 vanne forg\u00e9es API 602 incluent 1\/2&quot;-2&quot;, classe de pression ANSI 150#-2500#. Les mat\u00e9riaux de construction comprennent l&#039;acier au carbone, l&#039;acier inoxydable, l&#039;alliage 20 et d&#039;autres mat\u00e9riaux exotiques.<\/p>\r\n\r\n\r\n\r\n<figure class=\"wp-block-image alignnone size-medium wp-image-16160\">\r\n<p><img loading=\"lazy\" decoding=\"async\" class=\"wp-image-27879 size-medium\" src=\"https:\/\/zecovalve.com\/wp-content\/uploads\/2022\/06\/Forged-Steel-Gate-Valve-300x225.jpg\" alt=\"Robinet-vanne en acier forg\u00e9\" width=\"300\" height=\"225\" srcset=\"https:\/\/zecovalve.com\/wp-content\/uploads\/2022\/06\/Forged-Steel-Gate-Valve-300x225.jpg 300w, https:\/\/zecovalve.com\/wp-content\/uploads\/2022\/06\/Forged-Steel-Gate-Valve-768x576.jpg 768w, https:\/\/zecovalve.com\/wp-content\/uploads\/2022\/06\/Forged-Steel-Gate-Valve-600x450.jpg 600w, https:\/\/zecovalve.com\/wp-content\/uploads\/2022\/06\/Forged-Steel-Gate-Valve.jpg 800w\" sizes=\"auto, (max-width: 300px) 100vw, 300px\" \/><\/p>\r\n<\/figure>\r\n\r\n\r\n<div class=\"gb-button-wrapper gb-button-wrapper-6d8495a3\">\r\n\r\n\r\n<p><a class=\"gb-button gb-button-3d442e11 gb-button-text\" href=\"mailto:commercial@zecovalve.com\" target=\"_blank\" rel=\"noopener noreferrer\"><strong>OBTENEZ LE PRIX DU VANNE \u00c0 VANNE EN ACIER FORG\u00c9<\/strong><\/a><\/p>\r\n<\/div>\r\n\r\n\r\n\r\n\r\n<h2 class=\"wp-block-heading\" id=\"h-what-is-a-forged-steel-gate-valve\">Qu&#039;est-ce qu&#039;un robinet-vanne en acier forg\u00e9\u00a0?<\/h2>\r\n\r\n\r\n\r\n<p>Le robinet-vanne forg\u00e9 est fabriqu\u00e9 \u00e0 partir de composants de la plus haute qualit\u00e9 et sous la direction ferme de contr\u00f4leurs de qualit\u00e9 exp\u00e9riment\u00e9s. Ceux-ci sont con\u00e7us en utilisant des composants de la meilleure qualit\u00e9 et en respectant les normes industrielles internationales.<\/p>\r\n\r\n\r\n\r\n<p>Le robinet-vanne en acier forg\u00e9 est con\u00e7u pour API602 et poss\u00e8de une vis ext\u00e9rieure et un \u00e9trier de tige sur\u00e9lev\u00e9s. D\u00e9di\u00e9 \u00e0 l\u2019isolation des deux sens d\u2019\u00e9coulement.<\/p>\r\n\r\n\r\n\r\n<h2 class=\"wp-block-heading\">Pourquoi utiliser des robinets-vannes en acier forg\u00e9\u00a0?<\/h2>\r\n\r\n\r\n\r\n<p>Les vannes forg\u00e9es sont id\u00e9ales pour le traitement des liquides dans les pipelines. Ces vannes forg\u00e9es offrent un arr\u00eat \u00e9tanche favorable dans des situations horizontales et verticales.<\/p>\r\n\r\n\r\n\r\n<p>Les vannes \u00e0 vanne forg\u00e9es offrent \u00e9galement un petit contr\u00f4le et sont utilis\u00e9es pour \u00e9trangler la vapeur, le gaz ou les liquides. Facile \u00e0 utiliser et le choix pr\u00e9f\u00e9r\u00e9 des ing\u00e9nieurs par rapport aux robinets \u00e0 tournant sph\u00e9rique pour isoler les stations de pi\u00e9geage.<\/p>\r\n\r\n\r\n\r\n<h2 class=\"wp-block-heading\" id=\"h-features-of-forged-steel-gate-valve\">Caract\u00e9ristiques du robinet-vanne en acier forg\u00e9<\/h2>\r\n\r\n\r\n\r\n<ul class=\"wp-block-list\">\r\n<li><span style=\"background-color: var(--base-3); color: var(--contrast);\">OS&amp;Y, tige montante<\/span><\/li>\r\n<li>Cale solide<\/li>\r\n<li>Garniture et joint en graphite<\/li>\r\n<li>Presse-\u00e9toupe auto-alignant en deux pi\u00e8ces<\/li>\r\n<li>Chapeau boulonn\u00e9 avec joint spiral\u00e9<\/li>\r\n<li>Banquette arri\u00e8re int\u00e9gr\u00e9e<\/li>\r\n<\/ul>\r\n\r\n\r\n\r\n<h2 class=\"wp-block-heading\">Caract\u00e9ristiques facultatives des vannes \u00e0 vanne en acier forg\u00e9<\/h2>\r\n\r\n\r\n\r\n<ul class=\"wp-block-list\">\r\n<li>Port complet ou port r\u00e9gulier<\/li>\r\n<li>Tige \u00e9tendue ou sous le joint<\/li>\r\n<li>Chapeau soud\u00e9 ou chapeau \u00e0 joint sous pression<\/li>\r\n<li>Dispositif de verrouillage sur demande<\/li>\r\n<li>Fabrication selon NACE MR0175 sur demande<\/li>\r\n<li>Faibles \u00e9missions fugitives<\/li>\r\n<\/ul>\r\n\r\n\r\n\r\n<h2 class=\"wp-block-heading\">Applications du robinet-vanne en acier forg\u00e9<\/h2>\r\n\r\n\r\n\r\n<ul class=\"wp-block-list\">\r\n<li>Salle des turbines<\/li>\r\n<li>Isolement<\/li>\r\n<li>Conduites de condensats<\/li>\r\n<li>Avant les \u00e9quipements co\u00fbteux de l&#039;usine Conduites de br\u00fbleurs \u00e0 mazout<\/li>\r\n<li>Conduite de combustible pour chaufferie Installations de recyclage Industrie chimique Usine \u00e0 vapeur H\u00f4pitaux, \u00e9coles et CVC<\/li>\r\n<\/ul>\r\n\r\n\r\n\r\n<h2 class=\"wp-block-heading\" id=\"h-product-details-of-forged-steel-gate-valve\">D\u00e9tails du produit du robinet-vanne en acier forg\u00e9<\/h2>\r\n\r\n\r\n\r\n<figure class=\"wp-block-table is-style-stripes\">\r\n<table>\r\n<tbody>\r\n<tr>\r\n<td><strong>Classe\/\u00e9valuation ANSI<\/strong><\/td>\r\n<td>800#, 1500#, 2500#<\/td>\r\n<\/tr>\r\n<tr>\r\n<td><strong>Norme de conception<\/strong><\/td>\r\n<td>API602<\/td>\r\n<\/tr>\r\n<tr>\r\n<td><strong>Norme d'essai<\/strong><\/td>\r\n<td>API598<\/td>\r\n<\/tr>\r\n<tr>\r\n<td><strong>Taille<\/strong><\/td>\r\n<td>1\/2\u2033 -2\u2033<\/td>\r\n<\/tr>\r\n<tr>\r\n<td><strong>Mat\u00e9riaux<\/strong><\/td>\r\n<td>Carrosserie : A105, F11, F22, F51, LF2, F304, F304L, F316, F316L Garniture : 13 % Cr, Stellite etc<\/td>\r\n<\/tr>\r\n<tr>\r\n<td><strong>Prend fin<\/strong><\/td>\r\n<td>Extr\u00e9mit\u00e9s viss\u00e9es (NPT) selon ANSI\/ASME B1.20.1 Embouts \u00e0 souder selon ASME B16.11 Extr\u00e9mit\u00e9s \u00e0 souder bout \u00e0 bout selon ASME B16.25 Bride d&#039;extr\u00e9mit\u00e9\u00a0: ANSI B16.5<\/td>\r\n<\/tr>\r\n<tr>\r\n<td><strong>Op\u00e9ration<\/strong><\/td>\r\n<td>Manuel, \u00c9lectrique<\/td>\r\n<\/tr>\r\n<tr>\r\n<td><strong>Ports<\/strong><\/td>\r\n<td>Port standard et complet<\/td>\r\n<\/tr>\r\n<\/tbody>\r\n<\/table>\r\n<\/figure>","protected":false},"excerpt":{"rendered":"<p>Les capacit\u00e9s de fabrication de ZECO pour les vannes \u00e0 vanne forg\u00e9es API 602 incluent 1\/2&quot;-2&quot;, classe de pression ANSI 150#-2500#. Les mat\u00e9riaux de construction comprennent l&#039;acier au carbone, l&#039;acier inoxydable\u2026 <a title=\"Robinet-vanne en acier forg\u00e9\" class=\"read-more\" href=\"https:\/\/zecovalve.com\/fr\/produit\/sw-gate-valve\" aria-label=\"Plus sur Vanne \u00e0 Vanne en Acier Forg\u00e9\">Lire plus<\/a><\/p>","protected":false},"featured_media":27879,"comment_status":"closed","ping_status":"closed","template":"","meta":{"_generate-full-width-content":"","kt_blocks_editor_width":""},"product_cat":[2464,2052],"product_tag":[2798],"class_list":["post-16159","product","type-product","status-publish","has-post-thumbnail","hentry","product_cat-forged-steel-gate-valve","product_cat-gate-valve","product_tag-osy-valve","sales-flash-overlay","woocommerce-text-align-center","woocommerce-image-align-center","do-quantity-buttons"],"featured_image_src_large":["https:\/\/zecovalve.com\/wp-content\/uploads\/2022\/06\/Forged-Steel-Gate-Valve.jpg",800,600,false],"author_info":[],"comment_info":0,"taxonomy_info":{"product_cat":[{"value":2464,"label":"Forged Steel Gate Valve"},{"value":2052,"label":"Gate Valve"}],"product_tag":[{"value":2798,"label":"OS&amp;Y Valve"}]},"yoast_head":"<!-- This site is optimized with the Yoast SEO Premium plugin v15.4 - https:\/\/yoast.com\/wordpress\/plugins\/seo\/ -->\n<title>Forged Steel Gate Valve - OS&amp;Y Gate Valve Manufacturer | ZECO Valve<\/title>\n<meta name=\"robots\" content=\"index, follow, max-snippet:-1, max-image-preview:large, max-video-preview:-1\" \/>\n<link rel=\"canonical\" href=\"https:\/\/zecovalve.com\/fr\/produit\/sw-gate-valve\" \/>\n<meta property=\"og:locale\" content=\"fr_FR\" \/>\n<meta property=\"og:type\" content=\"article\" \/>\n<meta property=\"og:title\" content=\"Forged Steel Gate Valve - OS&amp;Y Gate Valve Manufacturer | ZECO Valve\" \/>\n<meta property=\"og:description\" content=\"ZECO manufacturing capabilities for API 602 Forged Gate valves include 1\/2\u201d-2\u201d, ANSI Pressure class 150#-2500#. Materials of construction include Carbon Steel, Stainless ... Lire plus\" \/>\n<meta property=\"og:url\" content=\"https:\/\/zecovalve.com\/fr\/produit\/sw-gate-valve\" \/>\n<meta property=\"og:site_name\" content=\"ZECO Valve\" \/>\n<meta property=\"article:modified_time\" content=\"2023-06-15T12:39:53+00:00\" \/>\n<meta property=\"og:image\" content=\"https:\/\/zecovalve.com\/wp-content\/uploads\/2022\/06\/Forged-Steel-Gate-Valve.jpg\" \/>\n\t<meta property=\"og:image:width\" content=\"800\" \/>\n\t<meta property=\"og:image:height\" content=\"600\" \/>\n<meta name=\"twitter:card\" content=\"summary_large_image\" \/>\n<meta name=\"twitter:label1\" content=\"\u00c9crit par\">\n\t<meta name=\"twitter:data1\" content=\"Jerry\">\n\t<meta name=\"twitter:label2\" content=\"Dur\u00e9e de lecture estim\u00e9e\">\n\t<meta name=\"twitter:data2\" content=\"1 minute\">\n<script type=\"application\/ld+json\" class=\"yoast-schema-graph\">{\"@context\":\"https:\/\/schema.org\",\"@graph\":[{\"@type\":\"WebSite\",\"@id\":\"https:\/\/zecovalve.com\/#website\",\"url\":\"https:\/\/zecovalve.com\/\",\"name\":\"ZECO Valve\",\"description\":\"Industrial Ball Valve, Gate Valve and Globe Valve Manufacturer\",\"potentialAction\":[{\"@type\":\"SearchAction\",\"target\":\"https:\/\/zecovalve.com\/?s={search_term_string}\",\"query-input\":\"required name=search_term_string\"}],\"inLanguage\":\"fr-FR\"},{\"@type\":\"ImageObject\",\"@id\":\"https:\/\/zecovalve.com\/product\/sw-gate-valve#primaryimage\",\"inLanguage\":\"fr-FR\",\"url\":\"https:\/\/zecovalve.com\/wp-content\/uploads\/2022\/06\/Forged-Steel-Gate-Valve.jpg\",\"width\":800,\"height\":600,\"caption\":\"Forged Steel Gate Valve\"},{\"@type\":\"WebPage\",\"@id\":\"https:\/\/zecovalve.com\/product\/sw-gate-valve#webpage\",\"url\":\"https:\/\/zecovalve.com\/product\/sw-gate-valve\",\"name\":\"Forged Steel Gate Valve - OS&Y Gate Valve Manufacturer | ZECO Valve\",\"isPartOf\":{\"@id\":\"https:\/\/zecovalve.com\/#website\"},\"primaryImageOfPage\":{\"@id\":\"https:\/\/zecovalve.com\/product\/sw-gate-valve#primaryimage\"},\"datePublished\":\"2022-06-19T14:34:00+00:00\",\"dateModified\":\"2023-06-15T12:39:53+00:00\",\"breadcrumb\":{\"@id\":\"https:\/\/zecovalve.com\/product\/sw-gate-valve#breadcrumb\"},\"inLanguage\":\"fr-FR\",\"potentialAction\":[{\"@type\":\"ReadAction\",\"target\":[\"https:\/\/zecovalve.com\/product\/sw-gate-valve\"]}]},{\"@type\":\"BreadcrumbList\",\"@id\":\"https:\/\/zecovalve.com\/product\/sw-gate-valve#breadcrumb\",\"itemListElement\":[{\"@type\":\"ListItem\",\"position\":1,\"item\":{\"@type\":\"WebPage\",\"@id\":\"https:\/\/zecovalve.com\/\",\"url\":\"https:\/\/zecovalve.com\/\",\"name\":\"Home\"}},{\"@type\":\"ListItem\",\"position\":2,\"item\":{\"@type\":\"WebPage\",\"@id\":\"https:\/\/zecovalve.com\/product-category\",\"url\":\"https:\/\/zecovalve.com\/product-category\",\"name\":\"Industrial Valve Manufacturer | Water Valve Manufacturer\"}},{\"@type\":\"ListItem\",\"position\":3,\"item\":{\"@type\":\"WebPage\",\"@id\":\"https:\/\/zecovalve.com\/product\/sw-gate-valve\",\"url\":\"https:\/\/zecovalve.com\/product\/sw-gate-valve\",\"name\":\"Forged Steel Gate Valve\"}}]}]}<\/script>\n<!-- \/ Yoast SEO Premium plugin. -->","_links":{"self":[{"href":"https:\/\/zecovalve.com\/fr\/wp-json\/wp\/v2\/product\/16159","targetHints":{"allow":["GET"]}}],"collection":[{"href":"https:\/\/zecovalve.com\/fr\/wp-json\/wp\/v2\/product"}],"about":[{"href":"https:\/\/zecovalve.com\/fr\/wp-json\/wp\/v2\/types\/product"}],"replies":[{"embeddable":true,"href":"https:\/\/zecovalve.com\/fr\/wp-json\/wp\/v2\/comments?post=16159"}],"wp:featuredmedia":[{"embeddable":true,"href":"https:\/\/zecovalve.com\/fr\/wp-json\/wp\/v2\/media\/27879"}],"wp:attachment":[{"href":"https:\/\/zecovalve.com\/fr\/wp-json\/wp\/v2\/media?parent=16159"}],"wp:term":[{"taxonomy":"product_cat","embeddable":true,"href":"https:\/\/zecovalve.com\/fr\/wp-json\/wp\/v2\/product_cat?post=16159"},{"taxonomy":"product_tag","embeddable":true,"href":"https:\/\/zecovalve.com\/fr\/wp-json\/wp\/v2\/product_tag?post=16159"}],"curies":[{"name":"wp","href":"https:\/\/api.w.org\/{rel}","templated":true}]}}