{"id":16161,"date":"2022-06-19T14:36:10","date_gmt":"2022-06-19T14:36:10","guid":{"rendered":"https:\/\/zecovalve.com\/?post_type=product&#038;p=16161"},"modified":"2023-06-07T07:16:30","modified_gmt":"2023-06-07T07:16:30","slug":"two-piece-ball-valve","status":"publish","type":"product","link":"https:\/\/zecovalve.com\/fr\/produit\/two-piece-ball-valve","title":{"rendered":"Robinet \u00e0 boisseau sph\u00e9rique en deux parties"},"content":{"rendered":"<p>Les robinets \u00e0 tournant sph\u00e9rique \u00e0 passage int\u00e9gral et \u00e0 brides sont r\u00e9sistants au feu et certifi\u00e9s TA Luft. Le montage direct ISO standard permet d'installer facilement n'importe quel actionneur, m\u00eame apr\u00e8s une mise en service initiale dans une configuration manuelle.<\/p>\r\n\r\n\r\n\r\n<figure class=\"wp-block-image alignnone size-medium wp-image-16162\"><img loading=\"lazy\" decoding=\"async\" width=\"300\" height=\"225\" class=\"wp-image-16162\" src=\"https:\/\/zecovalve.com\/wp-content\/uploads\/2022\/06\/two-piece-ball-valve-300x225.jpg\" alt=\"Robinet \u00e0 boisseau sph\u00e9rique en deux parties\" srcset=\"https:\/\/zecovalve.com\/wp-content\/uploads\/2022\/06\/two-piece-ball-valve-300x225.jpg 300w, https:\/\/zecovalve.com\/wp-content\/uploads\/2022\/06\/two-piece-ball-valve-768x576.jpg 768w, https:\/\/zecovalve.com\/wp-content\/uploads\/2022\/06\/two-piece-ball-valve-600x450.jpg 600w, https:\/\/zecovalve.com\/wp-content\/uploads\/2022\/06\/two-piece-ball-valve.jpg 800w\" sizes=\"auto, (max-width: 300px) 100vw, 300px\" \/><\/figure>\r\n\r\n\r\n<div class=\"gb-button-wrapper gb-button-wrapper-6d8495a3\">\r\n\r\n\r\n<p><a class=\"gb-button gb-button-3d442e11 gb-button-text\" href=\"https:\/\/zecovalve.com\/fr\/contact\/\" target=\"_blank\" rel=\"noopener noreferrer\"><strong>OBTENIR LE PRIX D'UN ROBINET \u00c0 BOISSEAU SPH\u00c9RIQUE EN DEUX PARTIES<\/strong><\/a><\/p>\r\n<\/div>\r\n\r\n\r\n\r\n\r\n<h2 class=\"wp-block-heading\" id=\"h-what-is-a-two-piece-ball-valve\">Qu'est-ce qu'un robinet \u00e0 boisseau sph\u00e9rique en deux parties ?<\/h2>\r\n\r\n\r\n\r\n<p>Le robinet \u00e0 boisseau sph\u00e9rique deux pi\u00e8ces de ZECO se divise en robinet \u00e0 boisseau sph\u00e9rique deux pi\u00e8ces mont\u00e9 sur tourillon et en robinet \u00e0 boisseau sph\u00e9rique flottant deux pi\u00e8ces. Le robinet \u00e0 boisseau sph\u00e9rique flottant en deux parties est appel\u00e9 ainsi parce que le boisseau est flottant, sous la pression du fluide, le boisseau produira un certain d\u00e9placement et la surface d'\u00e9tanch\u00e9it\u00e9 de l'extr\u00e9mit\u00e9 de sortie peut \u00eatre maintenue en contact \u00e9troit pour assurer l'\u00e9tanch\u00e9it\u00e9 ; Le robinet \u00e0 boisseau sph\u00e9rique en deux parties mont\u00e9 sur tourillon convient aux pipelines de longue distance et aux pipelines industriels g\u00e9n\u00e9raux. Le robinet \u00e0 boisseau sph\u00e9rique mont\u00e9 sur tourillon s'explique par le fait que la bille ne se d\u00e9place pas vers la bille en raison de la pression du fluide, mais qu'elle transf\u00e8re la pression du fluide vers le palier.<\/p>\r\n\r\n\r\n\r\n<h2 class=\"wp-block-heading\">Pi\u00e8ces du robinet \u00e0 boisseau sph\u00e9rique en deux parties<\/h2>\r\n\r\n\r\n\r\n<ul class=\"wp-block-list\">\r\n<li>Boule\r\n<ul>\r\n<li>La boule solide hautement polie est dot\u00e9e d'un trou de d\u00e9compression dans la fente de la tige afin d'\u00e9viter l'accumulation de pression dans la cavit\u00e9 du corps. Cela garantit une fermeture \u00e9tanche et une longue dur\u00e9e de vie.<\/li>\r\n<\/ul>\r\n<\/li>\r\n<li>Tige\r\n<ul>\r\n<li>L'assemblage de la tige du robinet a une construction \u00e9tanche \u00e0 l'\u00e9clatement et une connexion sup\u00e9rieure carr\u00e9e. Une rondelle d'\u00e9tanch\u00e9it\u00e9 en PTFE permet d'obtenir un faible couple de fonctionnement.<\/li>\r\n<\/ul>\r\n<\/li>\r\n<li>Si\u00e8ges\r\n<ul>\r\n<li>Un si\u00e8ge flexible assure une fermeture \u00e9tanche \u00e0 haute et basse pression. La construction sp\u00e9cifique du si\u00e8ge limite l'usure au minimum et garantit des valeurs de couple faibles dans toutes les conditions de fonctionnement. Le mat\u00e9riau standard du si\u00e8ge est un PTFE TFM1600 de haute qualit\u00e9. Outre les propri\u00e9t\u00e9s m\u00e9caniques et chimiques \u00e9prouv\u00e9es du PTFE, cette version renforc\u00e9e chimiquement convient \u00e0 une plus large gamme d'applications en termes de pression et de temp\u00e9rature.<\/li>\r\n<\/ul>\r\n<\/li>\r\n<\/ul>\r\n\r\n\r\n\r\n<h2 class=\"wp-block-heading\">Description des vannes \u00e0 bille 2PC<\/h2>\r\n\r\n\r\n\r\n<ul class=\"wp-block-list\">\r\n<li>Robinets \u00e0 boisseau sph\u00e9rique 2 pi\u00e8ces \u00e0 passage int\u00e9gral<\/li>\r\n<li>Acier au carbone et acier inoxydable<\/li>\r\n<li>Raccords \u00e0 bride ASME B16.5<\/li>\r\n<li>Pression nominale de ASME CLASS 150 \u00e0 ASME CLASS 2500<\/li>\r\n<li>Taille 1\/2\u2033 - 16\u2033<\/li>\r\n<li>Conception ASME B16.34, API 608, API 6D<\/li>\r\n<li>Longueur face \u00e0 face ASME B16.10 mod\u00e8le long<\/li>\r\n<li>ISO 5211 montage direct<\/li>\r\n<li>API 607 6\u00e8me \u00e9dition Certifi\u00e9 anti-incendie<\/li>\r\n<li>Dispositif antistatique<\/li>\r\n<\/ul>\r\n\r\n\r\n\r\n<h2 class=\"wp-block-heading\" id=\"h-features-of-2pc-ball-valves\">Caract\u00e9ristiques des robinets \u00e0 boisseau sph\u00e9rique 2PC<\/h2>\r\n\r\n\r\n\r\n<ul class=\"wp-block-list\">\r\n<li>Le si\u00e8ge du robinet \u00e0 boisseau sph\u00e9rique deux pi\u00e8ces de ZECO est adopt\u00e9 avec une structure de conception frontale, cette structure a une capacit\u00e9 d'\u00e9tanch\u00e9it\u00e9 des deux c\u00f4t\u00e9s et une fonction d'auto-relaxation. Le si\u00e8ge en mat\u00e9riau composite est flottant, il est charg\u00e9 par un ressort. Lorsqu'il est en position ferm\u00e9e, la face d'\u00e9tanch\u00e9it\u00e9 reste en contact \u00e9troit avec la bille pour s'assurer qu'il n'y a pas de fuite entre la haute et la basse pression ;<\/li>\r\n<li>Le robinet \u00e0 boisseau sph\u00e9rique ZECO \u00e0 deux pi\u00e8ces est con\u00e7u avec un syst\u00e8me d'\u00e9tanch\u00e9it\u00e9 \u00e9mergent - si\u00e8ge d'assistance. Lorsque l'\u00e9tanch\u00e9it\u00e9 est endommag\u00e9e ou que la capacit\u00e9 de la face d'\u00e9tanch\u00e9it\u00e9 est endommag\u00e9e, l'injection d'un produit d'\u00e9tanch\u00e9it\u00e9 dans le syst\u00e8me d'assistance permet d'assurer l'\u00e9tanch\u00e9it\u00e9 de mani\u00e8re \u00e9mergente. Le dispositif d'\u00e9tanch\u00e9it\u00e9 \u00e9mergente peut \u00e9galement \u00eatre utilis\u00e9 pour nettoyer ou lubrifier. La tige est \u00e9galement con\u00e7ue avec un syst\u00e8me d'\u00e9tanch\u00e9it\u00e9 \u00e9mergente ;<\/li>\r\n<li>En fonction des conditions de formulation, le robinet \u00e0 boisseau sph\u00e9rique deux pi\u00e8ces de ZECO a \u00e9t\u00e9 con\u00e7u pour \u00eatre une structure r\u00e9sistante au feu. Cette conception est conforme \u00e0 l'API 607. Lorsque l'incendie se produit, la structure ignifuge est en mesure d'emp\u00eacher les fuites massives ;<\/li>\r\n<li>Lorsque la soupape est ferm\u00e9e, le si\u00e8ge bloque le fluide et les r\u00e9sidus accumul\u00e9s dans la cavit\u00e9 du corps peuvent \u00eatre \u00e9vacu\u00e9s par le dispositif de d\u00e9charge.<\/li>\r\n<\/ul>\r\n\r\n\r\n\r\n<h2 class=\"wp-block-heading\" id=\"h-material-of-two-piece-ball-valve\">Mat\u00e9riau du robinet \u00e0 boisseau sph\u00e9rique en deux parties :<\/h2>\r\n\r\n\r\n\r\n<figure class=\"wp-block-table\">\r\n<table>\r\n<tbody>\r\n<tr>\r\n<td>Non<\/td>\r\n<td>Partie<\/td>\r\n<td>Mat\u00e9riau<\/td>\r\n<\/tr>\r\n<tr>\r\n<td>1<\/td>\r\n<td>Corps<\/td>\r\n<td>ASTM A182 F304<\/td>\r\n<\/tr>\r\n<tr>\r\n<td>2<\/td>\r\n<td>Bonnet<\/td>\r\n<td>ASTM A182 F304<\/td>\r\n<\/tr>\r\n<tr>\r\n<td>3<\/td>\r\n<td>Boulon du chapeau<\/td>\r\n<td>ASTM A193 B8<\/td>\r\n<\/tr>\r\n<tr>\r\n<td>4<\/td>\r\n<td>\u00c9crou \u00e0 chapeau<\/td>\r\n<td>ASTM A194 8<\/td>\r\n<\/tr>\r\n<tr>\r\n<td>5<\/td>\r\n<td>Joint de chapeau<\/td>\r\n<td>Graphite +SS304<\/td>\r\n<\/tr>\r\n<tr>\r\n<td>6<\/td>\r\n<td>Anneau de si\u00e8ge<\/td>\r\n<td>VITON<\/td>\r\n<\/tr>\r\n<tr>\r\n<td>7<\/td>\r\n<td>Boule<\/td>\r\n<td>ASTM A182 F304<\/td>\r\n<\/tr>\r\n<tr>\r\n<td>8<\/td>\r\n<td>Tige<\/td>\r\n<td>ASTM A276 304<\/td>\r\n<\/tr>\r\n<tr>\r\n<td>9<\/td>\r\n<td>Garniture de tige<\/td>\r\n<td>Graphite<\/td>\r\n<\/tr>\r\n<tr>\r\n<td>10<\/td>\r\n<td>Gland<\/td>\r\n<td>ASTM A351 CF8<\/td>\r\n<\/tr>\r\n<tr>\r\n<td>11<\/td>\r\n<td>Collier d'arr\u00eat<\/td>\r\n<td>ANSI 1025<\/td>\r\n<\/tr>\r\n<\/tbody>\r\n<\/table>\r\n<\/figure>","protected":false},"excerpt":{"rendered":"<p>Les robinets \u00e0 tournant sph\u00e9rique \u00e0 passage int\u00e9gral \u00e0 brides en deux pi\u00e8ces sont r\u00e9sistants au feu et certifi\u00e9s TA Luft. La fonction de montage direct ISO standard\u2026 <a title=\"Robinet \u00e0 boisseau sph\u00e9rique en deux parties\" class=\"read-more\" href=\"https:\/\/zecovalve.com\/fr\/produit\/two-piece-ball-valve\" aria-label=\"Plus sur Two Piece Ball Valve\">Lire plus<\/a><\/p>","protected":false},"featured_media":27866,"comment_status":"closed","ping_status":"closed","template":"","meta":{"_generate-full-width-content":"","kt_blocks_editor_width":""},"product_cat":[2047,2465],"product_tag":[2655,2804,2656],"class_list":["post-16161","product","type-product","status-publish","has-post-thumbnail","hentry","product_cat-ball-valve","product_cat-forged-steel-ball-valve","product_tag-1-2-ball-valve","product_tag-2-inch-ball-valve","product_tag-3-4-ball-valve","sales-flash-overlay","woocommerce-text-align-center","woocommerce-image-align-center","do-quantity-buttons"],"featured_image_src_large":["https:\/\/zecovalve.com\/wp-content\/uploads\/2022\/06\/Two-Piece-Ball-Valve-1.jpg",800,600,false],"author_info":[],"comment_info":0,"taxonomy_info":{"product_cat":[{"value":2047,"label":"Ball Valve"},{"value":2465,"label":"Forged Ball Valve"}],"product_tag":[{"value":2655,"label":"1 2 ball valve"},{"value":2804,"label":"2 inch Ball Valve"},{"value":2656,"label":"3 4 ball valve"}]},"yoast_head":"<!-- This site is optimized with the Yoast SEO Premium plugin v15.4 - https:\/\/yoast.com\/wordpress\/plugins\/seo\/ -->\n<title>Two Piece Ball Valve - 2PC Ball Valve Manufacturer | ZECO Valve<\/title>\n<meta name=\"robots\" content=\"index, follow, max-snippet:-1, max-image-preview:large, max-video-preview:-1\" \/>\n<link rel=\"canonical\" href=\"https:\/\/zecovalve.com\/fr\/produit\/two-piece-ball-valve\" \/>\n<meta property=\"og:locale\" content=\"fr_FR\" \/>\n<meta property=\"og:type\" content=\"article\" \/>\n<meta property=\"og:title\" content=\"Two Piece Ball Valve - 2PC Ball Valve Manufacturer | ZECO Valve\" \/>\n<meta property=\"og:description\" content=\"Two Piece Ball Valve flanged full bore ball valves are fire safe and TA Luft certified. The standard ISO direct mount feature ... Lire plus\" \/>\n<meta property=\"og:url\" content=\"https:\/\/zecovalve.com\/fr\/produit\/two-piece-ball-valve\" \/>\n<meta property=\"og:site_name\" content=\"ZECO Valve\" \/>\n<meta property=\"article:modified_time\" content=\"2023-06-07T07:16:30+00:00\" \/>\n<meta property=\"og:image\" content=\"https:\/\/zecovalve.com\/wp-content\/uploads\/2022\/06\/Two-Piece-Ball-Valve-1.jpg\" \/>\n\t<meta property=\"og:image:width\" content=\"800\" \/>\n\t<meta property=\"og:image:height\" content=\"600\" \/>\n<meta name=\"twitter:card\" content=\"summary_large_image\" \/>\n<meta name=\"twitter:label1\" content=\"\u00c9crit par\">\n\t<meta name=\"twitter:data1\" content=\"Jerry\">\n\t<meta name=\"twitter:label2\" content=\"Dur\u00e9e de lecture estim\u00e9e\">\n\t<meta name=\"twitter:data2\" content=\"2 minutes\">\n<script type=\"application\/ld+json\" class=\"yoast-schema-graph\">{\"@context\":\"https:\/\/schema.org\",\"@graph\":[{\"@type\":\"WebSite\",\"@id\":\"https:\/\/zecovalve.com\/#website\",\"url\":\"https:\/\/zecovalve.com\/\",\"name\":\"ZECO Valve\",\"description\":\"Industrial Ball Valve, Gate Valve and Globe Valve Manufacturer\",\"potentialAction\":[{\"@type\":\"SearchAction\",\"target\":\"https:\/\/zecovalve.com\/?s={search_term_string}\",\"query-input\":\"required name=search_term_string\"}],\"inLanguage\":\"fr-FR\"},{\"@type\":\"ImageObject\",\"@id\":\"https:\/\/zecovalve.com\/product\/two-piece-ball-valve#primaryimage\",\"inLanguage\":\"fr-FR\",\"url\":\"https:\/\/zecovalve.com\/wp-content\/uploads\/2022\/06\/Two-Piece-Ball-Valve-1.jpg\",\"width\":800,\"height\":600,\"caption\":\"Two Piece Ball Valve\"},{\"@type\":\"WebPage\",\"@id\":\"https:\/\/zecovalve.com\/product\/two-piece-ball-valve#webpage\",\"url\":\"https:\/\/zecovalve.com\/product\/two-piece-ball-valve\",\"name\":\"Two Piece Ball Valve - 2PC Ball Valve Manufacturer | ZECO Valve\",\"isPartOf\":{\"@id\":\"https:\/\/zecovalve.com\/#website\"},\"primaryImageOfPage\":{\"@id\":\"https:\/\/zecovalve.com\/product\/two-piece-ball-valve#primaryimage\"},\"datePublished\":\"2022-06-19T14:36:10+00:00\",\"dateModified\":\"2023-06-07T07:16:30+00:00\",\"breadcrumb\":{\"@id\":\"https:\/\/zecovalve.com\/product\/two-piece-ball-valve#breadcrumb\"},\"inLanguage\":\"fr-FR\",\"potentialAction\":[{\"@type\":\"ReadAction\",\"target\":[\"https:\/\/zecovalve.com\/product\/two-piece-ball-valve\"]}]},{\"@type\":\"BreadcrumbList\",\"@id\":\"https:\/\/zecovalve.com\/product\/two-piece-ball-valve#breadcrumb\",\"itemListElement\":[{\"@type\":\"ListItem\",\"position\":1,\"item\":{\"@type\":\"WebPage\",\"@id\":\"https:\/\/zecovalve.com\/\",\"url\":\"https:\/\/zecovalve.com\/\",\"name\":\"Home\"}},{\"@type\":\"ListItem\",\"position\":2,\"item\":{\"@type\":\"WebPage\",\"@id\":\"https:\/\/zecovalve.com\/product-category\",\"url\":\"https:\/\/zecovalve.com\/product-category\",\"name\":\"Industrial Valve Manufacturer | Water Valve Manufacturer\"}},{\"@type\":\"ListItem\",\"position\":3,\"item\":{\"@type\":\"WebPage\",\"@id\":\"https:\/\/zecovalve.com\/product\/two-piece-ball-valve\",\"url\":\"https:\/\/zecovalve.com\/product\/two-piece-ball-valve\",\"name\":\"Two Piece Ball Valve\"}}]}]}<\/script>\n<!-- \/ Yoast SEO Premium plugin. -->","_links":{"self":[{"href":"https:\/\/zecovalve.com\/fr\/wp-json\/wp\/v2\/product\/16161","targetHints":{"allow":["GET"]}}],"collection":[{"href":"https:\/\/zecovalve.com\/fr\/wp-json\/wp\/v2\/product"}],"about":[{"href":"https:\/\/zecovalve.com\/fr\/wp-json\/wp\/v2\/types\/product"}],"replies":[{"embeddable":true,"href":"https:\/\/zecovalve.com\/fr\/wp-json\/wp\/v2\/comments?post=16161"}],"wp:featuredmedia":[{"embeddable":true,"href":"https:\/\/zecovalve.com\/fr\/wp-json\/wp\/v2\/media\/27866"}],"wp:attachment":[{"href":"https:\/\/zecovalve.com\/fr\/wp-json\/wp\/v2\/media?parent=16161"}],"wp:term":[{"taxonomy":"product_cat","embeddable":true,"href":"https:\/\/zecovalve.com\/fr\/wp-json\/wp\/v2\/product_cat?post=16161"},{"taxonomy":"product_tag","embeddable":true,"href":"https:\/\/zecovalve.com\/fr\/wp-json\/wp\/v2\/product_tag?post=16161"}],"curies":[{"name":"wp","href":"https:\/\/api.w.org\/{rel}","templated":true}]}}