{"id":16167,"date":"2022-06-19T14:50:15","date_gmt":"2022-06-19T14:50:15","guid":{"rendered":"https:\/\/zecovalve.com\/?post_type=product&#038;p=16167"},"modified":"2022-07-18T14:23:16","modified_gmt":"2022-07-18T14:23:16","slug":"stainless-steel-butterfly-valve","status":"publish","type":"product","link":"https:\/\/zecovalve.com\/fr\/produit\/stainless-steel-butterfly-valve","title":{"rendered":"Vanne papillon en acier inoxydable"},"content":{"rendered":"Les vannes papillon ont un m\u00e9canisme de fonctionnement tr\u00e8s simple qui est extr\u00eamement avantageux pour les applications qu&#039;elles desservent. Si vous avez besoin d&#039;en savoir plus sur les vannes papillon, ZECO Valve est un fabricant r\u00e9put\u00e9 de vannes papillon.\r\n\r\n\r\n\r\n\r\n<figure class=\"wp-block-image alignnone size-medium wp-image-16168\"><img loading=\"lazy\" decoding=\"async\" width=\"300\" height=\"225\" class=\"wp-image-16168\" src=\"https:\/\/zecovalve.com\/wp-content\/uploads\/2022\/06\/stainless-steel-butterfly-valve-300x225.jpg\" alt=\"Vanne papillon en acier inoxydable\" srcset=\"https:\/\/zecovalve.com\/wp-content\/uploads\/2022\/06\/stainless-steel-butterfly-valve-300x225.jpg 300w, https:\/\/zecovalve.com\/wp-content\/uploads\/2022\/06\/stainless-steel-butterfly-valve-768x576.jpg 768w, https:\/\/zecovalve.com\/wp-content\/uploads\/2022\/06\/stainless-steel-butterfly-valve-600x450.jpg 600w, https:\/\/zecovalve.com\/wp-content\/uploads\/2022\/06\/stainless-steel-butterfly-valve.jpg 800w\" sizes=\"auto, (max-width: 300px) 100vw, 300px\" \/><\/figure>\r\n\r\n\r\n<div class=\"gb-button-wrapper gb-button-wrapper-6d8495a3\">\r\n\r\n<a class=\"gb-button gb-button-3d442e11 gb-button-text\" href=\"https:\/\/zecovalve.com\/fr\/contact\/\" target=\"_blank\" rel=\"noopener noreferrer\"><strong>OBTENEZ LE PRIX DE LA VANNE PAPILLON EN ACIER INOXYDABLE<\/strong><\/a>\r\n\r\n<\/div>\r\n\r\n\r\n\r\n\r\n<h2 class=\"wp-block-heading\" id=\"h-what-is-a-stainless-steel-butterfly-valve\">Qu&#039;est-ce qu&#039;une vanne papillon en acier inoxydable ?<\/h2>\r\n\r\n\r\n\r\n\r\nUne vanne papillon en acier inoxydable est une vanne fabriqu\u00e9e en acier inoxydable. Bien que cette vanne soit en acier, d&#039;autres composants internes tels que les si\u00e8ges, les joints, les joints toriques et les joints peuvent \u00eatre constitu\u00e9s de diff\u00e9rents mat\u00e9riaux comme le plastique, le caoutchouc ou un autre mat\u00e9riau. Le type de mat\u00e9riau utilis\u00e9 pour fabriquer ces composants internes d\u00e9termine le type de fluide et la temp\u00e9rature sur lesquels la vanne peut \u00eatre utilis\u00e9e. Les vannes papillon SS fabriqu\u00e9es \u00e0 partir de mat\u00e9riaux enti\u00e8rement m\u00e9talliques conviennent \u00e0 une utilisation \u00e0 basse et haute temp\u00e9rature, car les mat\u00e9riaux m\u00e9talliques peuvent r\u00e9sister \u00e0 des niveaux \u00e9lev\u00e9s de chaleur thermique. Les fabricants de vannes papillon en acier inoxydable con\u00e7oivent ces vannes pour des conditions difficiles et difficiles. En tant que telles, ces vannes sont tr\u00e8s solides et peuvent r\u00e9sister parfaitement aux hautes pressions et aux boues. Les vannes papillon SS fonctionnent manuellement ou automatiquement. Le fonctionnement de ces vannes d\u00e9pend du quart de tour du volant pour d\u00e9marrer ou arr\u00eater l&#039;\u00e9coulement du fluide. Le quart de tour du volant rend ces vannes \u00e0 fonctionnement rapide et moins fastidieuses par rapport \u00e0 d&#039;autres vannes qui n\u00e9cessitent plusieurs tours pour fonctionner.\r\n\r\n\r\n\r\n\r\n<h2 class=\"wp-block-heading\">Comment fonctionne une vanne papillon en acier inoxydable ?<\/h2>\r\n\r\n\r\n\r\n\r\nLes vannes papillon en acier inoxydable ont une construction relativement simple. Les principaux composants d&#039;une vanne papillon sont le corps, le joint, le disque et la tige. Une vanne papillon typique a le disque positionn\u00e9 au centre du tuyau connect\u00e9 et une tige qui est reli\u00e9e \u00e0 un actionneur ou \u00e0 une poign\u00e9e \u00e0 l&#039;ext\u00e9rieur de la vanne. En position ferm\u00e9e, le disque est perpendiculaire au flux et est rendu \u00e9tanche par le si\u00e8ge du clapet. La tige est \u00e9galement scell\u00e9e \u00e0 l&#039;aide d&#039;un joint torique. Lorsque l&#039;actionneur ou la poign\u00e9e fait pivoter la tige de la vanne papillon de 90 degr\u00e9s, le disque s&#039;\u00e9loigne du si\u00e8ge de la vanne papillon et se positionne parall\u00e8lement au d\u00e9bit. La rotation partielle permet au d\u00e9bit d&#039;\u00eatre \u00e9trangl\u00e9 ou proportionnel.\r\n\r\n\r\n\r\n\r\n<h2 class=\"wp-block-heading\" id=\"h-features-of-stainless-steel-butterfly-valves\">Caract\u00e9ristiques des vannes papillon en acier inoxydable<\/h2>\r\n\r\n\r\n\r\n<ul class=\"wp-block-list\">\r\n \t<li>La vanne papillon en acier inoxydable ZECO combine les trois d\u00e9calages de la surface d&#039;appui avec la flexibilit\u00e9 du laminage en graphite pour obtenir un joint \u00e9tanche et uniforme avec un faible couple requis\u00a0;<\/li>\r\n \t<li>La conception double anti-\u00e9ruption de la vanne papillon en acier inoxydable ZECO r\u00e9pond aux exigences API 609 et ASME B31.1 gr\u00e2ce \u00e0 la r\u00e9tention de tige interne et externe\u00a0;<\/li>\r\n \t<li>Les bagues d&#039;\u00e9tanch\u00e9it\u00e9 lamin\u00e9es de la vanne papillon en acier inoxydable ZECO sont con\u00e7ues pour s&#039;auto-aligner et permettre aux vannes d&#039;atteindre z\u00e9ro fuite selon API 598\u00a0;<\/li>\r\n \t<li>L&#039;arbre de la vanne papillon en acier inoxydable ZECO est enti\u00e8rement guid\u00e9 par un roulement d&#039;arbre et un fouloir de presse-\u00e9toupe pour r\u00e9duire la charge lat\u00e9rale due \u00e0 la pouss\u00e9e de pression de ligne.<\/li>\r\n<\/ul>\r\n\r\n\r\n\r\n<h2 class=\"wp-block-heading\">Applications des vannes papillon SS<\/h2>\r\n\r\n\r\n\r\n\r\nLes vannes papillon SS sont souvent utilis\u00e9es dans les industries pharmaceutiques, chimiques et alimentaires. Cette vanne peut \u00e9galement \u00eatre utilis\u00e9e dans les installations de traitement des eaux us\u00e9es, les services de protection contre les incendies et la manipulation de combustibles. D&#039;une mani\u00e8re g\u00e9n\u00e9rale, la vanne papillon peut traiter de gros volumes et des boues.\r\n\r\n\r\n\r\n\r\n<h2 class=\"wp-block-heading\" id=\"h-material-of-stainless-steel-butterfly-valve\">Mat\u00e9riau de la vanne papillon en acier inoxydable\u00a0:<\/h2>\r\n\r\n\r\n\r\n<figure class=\"wp-block-table\">\r\n<table>\r\n<tbody>\r\n<tr>\r\n<td>Non<\/td>\r\n<td>Partie<\/td>\r\n<td>Mat\u00e9riau<\/td>\r\n<\/tr>\r\n<tr>\r\n<td>1<\/td>\r\n<td>Corps<\/td>\r\n<td>ASTM A351 CF8<\/td>\r\n<\/tr>\r\n<tr>\r\n<td>2<\/td>\r\n<td>Bague d&#039;\u00e9tanch\u00e9it\u00e9<\/td>\r\n<td>Graphite + SS304<\/td>\r\n<\/tr>\r\n<tr>\r\n<td>3<\/td>\r\n<td>Bride de retenue<\/td>\r\n<td>ASTM A182 F304<\/td>\r\n<\/tr>\r\n<tr>\r\n<td>4<\/td>\r\n<td>\u00c9pingle<\/td>\r\n<td>ASTM A276 304<\/td>\r\n<\/tr>\r\n<tr>\r\n<td>5<\/td>\r\n<td>Disque<\/td>\r\n<td>ASTM A351 CF8<\/td>\r\n<\/tr>\r\n<tr>\r\n<td>6<\/td>\r\n<td>Tige<\/td>\r\n<td>ASTM A276 304<\/td>\r\n<\/tr>\r\n<tr>\r\n<td>7<\/td>\r\n<td>Garniture de tige<\/td>\r\n<td>Graphite<\/td>\r\n<\/tr>\r\n<tr>\r\n<td>8<\/td>\r\n<td>Battement de tige<\/td>\r\n<td>SS304 + PTFE<\/td>\r\n<\/tr>\r\n<tr>\r\n<td>9<\/td>\r\n<td>Boulon<\/td>\r\n<td>ASTM A193 B8<\/td>\r\n<\/tr>\r\n<tr>\r\n<td>10<\/td>\r\n<td>\u00c9crou<\/td>\r\n<td>ASTM A194 8<\/td>\r\n<\/tr>\r\n<tr>\r\n<td>11<\/td>\r\n<td>Attelage<\/td>\r\n<td>ASTM A216 WCB<\/td>\r\n<\/tr>\r\n<\/tbody>\r\n<\/table>\r\n<\/figure>","protected":false},"excerpt":{"rendered":"<p>Les vannes papillon ont un m\u00e9canisme de fonctionnement tr\u00e8s simple qui est extr\u00eamement avantageux pour les applications qu&#039;elles desservent. Si vous avez besoin d&#039;apprendre\u2026 <a title=\"Vanne papillon en acier inoxydable\" class=\"read-more\" href=\"https:\/\/zecovalve.com\/fr\/produit\/stainless-steel-butterfly-valve\" aria-label=\"Plus sur Vanne Papillon Inox\">Lire plus<\/a><\/p>","protected":false},"featured_media":16168,"comment_status":"closed","ping_status":"closed","template":"","meta":{"_generate-full-width-content":"","kt_blocks_editor_width":""},"product_cat":[2044,2469,2604],"product_tag":[],"class_list":["post-16167","product","type-product","status-publish","has-post-thumbnail","hentry","product_cat-butterfly-valve","product_cat-butterfly-valve-by-material","product_cat-triple-offset-butterfly-valve","sales-flash-overlay","woocommerce-text-align-center","woocommerce-image-align-center","do-quantity-buttons"],"featured_image_src_large":["https:\/\/zecovalve.com\/wp-content\/uploads\/2022\/06\/stainless-steel-butterfly-valve.jpg",800,600,false],"author_info":[],"comment_info":0,"taxonomy_info":{"product_cat":[{"value":2044,"label":"Butterfly Valve"},{"value":2469,"label":"Butterfly Valve By Material"},{"value":2604,"label":"Triple Offset Butterfly Valve"}]},"yoast_head":"<!-- This site is optimized with the Yoast SEO Premium plugin v15.4 - https:\/\/yoast.com\/wordpress\/plugins\/seo\/ -->\n<title>Stainless Steel Butterfly Valve - SS Butterfly Valve Manufacturer | ZECO<\/title>\n<meta name=\"robots\" content=\"index, follow, max-snippet:-1, max-image-preview:large, max-video-preview:-1\" \/>\n<link rel=\"canonical\" href=\"https:\/\/zecovalve.com\/fr\/produit\/stainless-steel-butterfly-valve\" \/>\n<meta property=\"og:locale\" content=\"fr_FR\" \/>\n<meta property=\"og:type\" content=\"article\" \/>\n<meta property=\"og:title\" content=\"Stainless Steel Butterfly Valve - SS Butterfly Valve Manufacturer | ZECO\" \/>\n<meta property=\"og:description\" content=\"Butterfly valves have a very simple working mechanism that is extremely advantageous to the applications it services. If you need to learn ... Lire plus\" \/>\n<meta property=\"og:url\" content=\"https:\/\/zecovalve.com\/fr\/produit\/stainless-steel-butterfly-valve\" \/>\n<meta property=\"og:site_name\" content=\"ZECO Valve\" \/>\n<meta property=\"article:modified_time\" content=\"2022-07-18T14:23:16+00:00\" \/>\n<meta property=\"og:image\" content=\"https:\/\/zecovalve.com\/wp-content\/uploads\/2022\/06\/stainless-steel-butterfly-valve.jpg\" \/>\n\t<meta property=\"og:image:width\" content=\"800\" \/>\n\t<meta property=\"og:image:height\" content=\"600\" \/>\n<meta name=\"twitter:card\" content=\"summary_large_image\" \/>\n<meta name=\"twitter:label1\" content=\"\u00c9crit par\">\n\t<meta name=\"twitter:data1\" content=\"Jerry\">\n\t<meta name=\"twitter:label2\" content=\"Dur\u00e9e de lecture estim\u00e9e\">\n\t<meta name=\"twitter:data2\" content=\"2 minutes\">\n<script type=\"application\/ld+json\" class=\"yoast-schema-graph\">{\"@context\":\"https:\/\/schema.org\",\"@graph\":[{\"@type\":\"WebSite\",\"@id\":\"https:\/\/zecovalve.com\/#website\",\"url\":\"https:\/\/zecovalve.com\/\",\"name\":\"ZECO Valve\",\"description\":\"Industrial Ball Valve, Gate Valve and Globe Valve Manufacturer\",\"potentialAction\":[{\"@type\":\"SearchAction\",\"target\":\"https:\/\/zecovalve.com\/?s={search_term_string}\",\"query-input\":\"required name=search_term_string\"}],\"inLanguage\":\"fr-FR\"},{\"@type\":\"ImageObject\",\"@id\":\"https:\/\/zecovalve.com\/product\/stainless-steel-butterfly-valve#primaryimage\",\"inLanguage\":\"fr-FR\",\"url\":\"https:\/\/zecovalve.com\/wp-content\/uploads\/2022\/06\/stainless-steel-butterfly-valve.jpg\",\"width\":800,\"height\":600,\"caption\":\"Stainless Steel Butterfly Valve\"},{\"@type\":\"WebPage\",\"@id\":\"https:\/\/zecovalve.com\/product\/stainless-steel-butterfly-valve#webpage\",\"url\":\"https:\/\/zecovalve.com\/product\/stainless-steel-butterfly-valve\",\"name\":\"Stainless Steel Butterfly Valve - SS Butterfly Valve Manufacturer | ZECO\",\"isPartOf\":{\"@id\":\"https:\/\/zecovalve.com\/#website\"},\"primaryImageOfPage\":{\"@id\":\"https:\/\/zecovalve.com\/product\/stainless-steel-butterfly-valve#primaryimage\"},\"datePublished\":\"2022-06-19T14:50:15+00:00\",\"dateModified\":\"2022-07-18T14:23:16+00:00\",\"breadcrumb\":{\"@id\":\"https:\/\/zecovalve.com\/product\/stainless-steel-butterfly-valve#breadcrumb\"},\"inLanguage\":\"fr-FR\",\"potentialAction\":[{\"@type\":\"ReadAction\",\"target\":[\"https:\/\/zecovalve.com\/product\/stainless-steel-butterfly-valve\"]}]},{\"@type\":\"BreadcrumbList\",\"@id\":\"https:\/\/zecovalve.com\/product\/stainless-steel-butterfly-valve#breadcrumb\",\"itemListElement\":[{\"@type\":\"ListItem\",\"position\":1,\"item\":{\"@type\":\"WebPage\",\"@id\":\"https:\/\/zecovalve.com\/\",\"url\":\"https:\/\/zecovalve.com\/\",\"name\":\"Home\"}},{\"@type\":\"ListItem\",\"position\":2,\"item\":{\"@type\":\"WebPage\",\"@id\":\"https:\/\/zecovalve.com\/product-category\",\"url\":\"https:\/\/zecovalve.com\/product-category\",\"name\":\"Industrial Valve Manufacturer | Water Valve Manufacturer\"}},{\"@type\":\"ListItem\",\"position\":3,\"item\":{\"@type\":\"WebPage\",\"@id\":\"https:\/\/zecovalve.com\/product\/stainless-steel-butterfly-valve\",\"url\":\"https:\/\/zecovalve.com\/product\/stainless-steel-butterfly-valve\",\"name\":\"Stainless Steel Butterfly Valve\"}}]}]}<\/script>\n<!-- \/ Yoast SEO Premium plugin. -->","_links":{"self":[{"href":"https:\/\/zecovalve.com\/fr\/wp-json\/wp\/v2\/product\/16167","targetHints":{"allow":["GET"]}}],"collection":[{"href":"https:\/\/zecovalve.com\/fr\/wp-json\/wp\/v2\/product"}],"about":[{"href":"https:\/\/zecovalve.com\/fr\/wp-json\/wp\/v2\/types\/product"}],"replies":[{"embeddable":true,"href":"https:\/\/zecovalve.com\/fr\/wp-json\/wp\/v2\/comments?post=16167"}],"wp:featuredmedia":[{"embeddable":true,"href":"https:\/\/zecovalve.com\/fr\/wp-json\/wp\/v2\/media\/16168"}],"wp:attachment":[{"href":"https:\/\/zecovalve.com\/fr\/wp-json\/wp\/v2\/media?parent=16167"}],"wp:term":[{"taxonomy":"product_cat","embeddable":true,"href":"https:\/\/zecovalve.com\/fr\/wp-json\/wp\/v2\/product_cat?post=16167"},{"taxonomy":"product_tag","embeddable":true,"href":"https:\/\/zecovalve.com\/fr\/wp-json\/wp\/v2\/product_tag?post=16167"}],"curies":[{"name":"wp","href":"https:\/\/api.w.org\/{rel}","templated":true}]}}