{"id":16179,"date":"2022-06-19T15:07:41","date_gmt":"2022-06-19T15:07:41","guid":{"rendered":"https:\/\/zecovalve.com\/?post_type=product&#038;p=16179"},"modified":"2023-06-15T13:58:41","modified_gmt":"2023-06-15T13:58:41","slug":"stainless-steel-globe-valve","status":"publish","type":"product","link":"https:\/\/zecovalve.com\/fr\/produit\/stainless-steel-globe-valve","title":{"rendered":"Robinet \u00e0 soupape en acier inoxydable"},"content":{"rendered":"<p>Lorsque vous devez arr\u00eater et d\u00e9marrer le d\u00e9bit dans un pipeline et contr\u00f4ler le d\u00e9bit d&#039;un liquide ou d&#039;un gaz, choisissez ce robinet \u00e0 soupape de ZECO.<\/p>\r\n\r\n\r\n\r\n<figure class=\"wp-block-image alignnone size-medium wp-image-16180\">\r\n<p><img loading=\"lazy\" decoding=\"async\" class=\"wp-image-27907 size-medium\" src=\"https:\/\/zecovalve.com\/wp-content\/uploads\/2022\/06\/Stainless-Steel-Globe-Valve-1-300x225.jpg\" alt=\"Robinet \u00e0 soupape en acier inoxydable\" width=\"300\" height=\"225\" srcset=\"https:\/\/zecovalve.com\/wp-content\/uploads\/2022\/06\/Stainless-Steel-Globe-Valve-1-300x225.jpg 300w, https:\/\/zecovalve.com\/wp-content\/uploads\/2022\/06\/Stainless-Steel-Globe-Valve-1-768x576.jpg 768w, https:\/\/zecovalve.com\/wp-content\/uploads\/2022\/06\/Stainless-Steel-Globe-Valve-1-600x450.jpg 600w, https:\/\/zecovalve.com\/wp-content\/uploads\/2022\/06\/Stainless-Steel-Globe-Valve-1.jpg 800w\" sizes=\"auto, (max-width: 300px) 100vw, 300px\" \/><\/p>\r\n<\/figure>\r\n\r\n\r\n<div class=\"gb-button-wrapper gb-button-wrapper-6d8495a3\">\r\n\r\n\r\n<p><a class=\"gb-button gb-button-3d442e11 gb-button-text\" href=\"https:\/\/zecovalve.com\/fr\/contact\/\" target=\"_blank\" rel=\"noopener noreferrer\"><strong>OBTENEZ LE PRIX DE LA VANNE GLOBE EN ACIER INOXYDABLE<\/strong><\/a><\/p>\r\n<\/div>\r\n\r\n\r\n\r\n\r\n<h2 class=\"wp-block-heading\" id=\"h-what-is-a-stainless-steel-globe-valve\">Qu&#039;est-ce qu&#039;un robinet \u00e0 soupape en acier inoxydable\u00a0?<\/h2>\r\n\r\n\r\n\r\n<p>Le principe du robinet \u00e0 soupape en acier inoxydable ZECO est que, gr\u00e2ce au m\u00e9canisme d&#039;entra\u00eenement pour fabriquer la tige et l&#039;\u00e9crou de roue pour effectuer la rotation relative, le piston d&#039;entra\u00eenement de la tige pour compenser le mouvement de haut en bas le long de l&#039;axe joue un r\u00f4le dans la commutation. L&#039;\u00e9tanch\u00e9it\u00e9 est r\u00e9alis\u00e9e par la tige et l&#039;\u00e9crou de roue qui jouent un r\u00f4le de force de pr\u00e9-serrage mutuel dans la face d&#039;\u00e9tanch\u00e9it\u00e9 du piston et du si\u00e8ge superpos\u00e9s. Selon l&#039;emplacement de la tige, le filetage peut \u00eatre divis\u00e9 en deux types\u00a0: la tige de filetage ascendante et la tige de filetage descendante. Tige filet\u00e9e vers le haut\u00a0: le filetage de la tige est en dehors du milieu, l&#039;\u00e9rosion de la tige \u00e0 partir du milieu, lubrification facile. Tige filet\u00e9e vers le bas\u00a0: filetage de tige dans le corps de vanne, en contact direct avec le milieu, la tige est \u00e0 l&#039;est de l&#039;\u00e9rosion par le milieu, pas de lubrification.<\/p>\r\n\r\n\r\n\r\n<h2 class=\"wp-block-heading\" id=\"h-features-of-stainless-steel-globe-valves\">Caract\u00e9ristiques des robinets \u00e0 soupape en acier inoxydable<\/h2>\r\n\r\n\r\n\r\n<ul class=\"wp-block-list\">\r\n<li>Le robinet \u00e0 soupape en acier inoxydable ZECO est ouvert ou ferm\u00e9 au cours du processus, la course de mouvement du disque de la vanne est faible, de sorte que le temps d&#039;ouverture et de fermeture sera raccourci par rapport au robinet-vanne, la hauteur de la vanne sera beaucoup plus courte, mais la longueur de la structure sera plus long\u00a0;<\/li>\r\n<li>La surface d&#039;\u00e9tanch\u00e9it\u00e9 du robinet \u00e0 soupape en acier inoxydable ZECO n&#039;est pas facile \u00e0 porter et \u00e0 gratter, car la surface d&#039;\u00e9tanch\u00e9it\u00e9 du disque du robinet \u00e0 soupape et du si\u00e8ge de soupape est scell\u00e9e par le couple rigide de la tige de soupape, et il n&#039;y aura pas de contact de friction mutuelle pendant une longue p\u00e9riode. comme un robinet-vanne, le robinet \u00e0 soupape a une dur\u00e9e de vie plus longue et ne n\u00e9cessite pas d&#039;entretien \u00e0 long terme pour maintenir le fonctionnement normal de la vanne\u00a0;<\/li>\r\n<li>Le robinet \u00e0 soupape en acier inoxydable ZECO est une structure simple, une fabrication et un entretien faciles\u00a0;<\/li>\r\n<li>La tige du robinet \u00e0 soupape en acier inoxydable ZECO est con\u00e7ue avec une surface de si\u00e8ge arri\u00e8re conique anti-\u00e9ruption pour permettre le remballage de la vanne en position compl\u00e8tement ouverte.<\/li>\r\n<\/ul>\r\n\r\n\r\n\r\n<h2 class=\"wp-block-heading\">Applications des robinets \u00e0 soupape en acier inoxydable<\/h2>\r\n\r\n\r\n\r\n<p>Le robinet \u00e0 soupape en acier inoxydable convient aux liquides l\u00e9g\u00e8rement agressifs et corrosifs\u00a0; Id\u00e9alement adapt\u00e9 aux fonctions d&#039;isolation et aux fluides, notamment l&#039;air, le gaz, le p\u00e9trole et l&#039;eau.<\/p>\r\n\r\n\r\n\r\n<h2 class=\"wp-block-heading\" id=\"h-material-of-stainless-steel-globe-valve\">Mat\u00e9riau du robinet \u00e0 soupape en acier inoxydable\u00a0:<\/h2>\r\n\r\n\r\n\r\n<figure class=\"wp-block-table\">\r\n<table>\r\n<tbody>\r\n<tr>\r\n<td>Non<\/td>\r\n<td>Partie<\/td>\r\n<td>Mat\u00e9riau<\/td>\r\n<\/tr>\r\n<tr>\r\n<td>1<\/td>\r\n<td>Corps<\/td>\r\n<td>ASTM A351 CF8<\/td>\r\n<\/tr>\r\n<tr>\r\n<td>2<\/td>\r\n<td>Disque<\/td>\r\n<td>ASTM A182 F304<\/td>\r\n<\/tr>\r\n<tr>\r\n<td>3<\/td>\r\n<td>Tige<\/td>\r\n<td>ASTM A276 304<\/td>\r\n<\/tr>\r\n<tr>\r\n<td>4<\/td>\r\n<td>Joint de chapeau<\/td>\r\n<td>Graphite + SS304<\/td>\r\n<\/tr>\r\n<tr>\r\n<td>5<\/td>\r\n<td>Bonnet<\/td>\r\n<td>ASTM A351 CF8<\/td>\r\n<\/tr>\r\n<tr>\r\n<td>6<\/td>\r\n<td>Boulon du chapeau<\/td>\r\n<td>ASTM A193 B8<\/td>\r\n<\/tr>\r\n<tr>\r\n<td>7<\/td>\r\n<td>\u00c9crou \u00e0 chapeau<\/td>\r\n<td>ASTM A194 8<\/td>\r\n<\/tr>\r\n<tr>\r\n<td>8<\/td>\r\n<td>Garniture de tige<\/td>\r\n<td>Graphite renforc\u00e9<\/td>\r\n<\/tr>\r\n<tr>\r\n<td>9<\/td>\r\n<td>Gland<\/td>\r\n<td>ASTM A276 304<\/td>\r\n<\/tr>\r\n<tr>\r\n<td>10<\/td>\r\n<td>Presse-\u00e9toupe Boulon \u00e0 \u0153il<\/td>\r\n<td>ASTM A193 B8<\/td>\r\n<\/tr>\r\n<tr>\r\n<td>11<\/td>\r\n<td>Ecrou de tige<\/td>\r\n<td>ASTM B148<\/td>\r\n<\/tr>\r\n<\/tbody>\r\n<\/table>\r\n<\/figure>","protected":false},"excerpt":{"rendered":"<p>Lorsque vous devez arr\u00eater et red\u00e9marrer l&#039;\u00e9coulement dans un pipeline et contr\u00f4ler le d\u00e9bit d&#039;un liquide ou d&#039;un gaz,\u2026 <a title=\"Robinet \u00e0 soupape en acier inoxydable\" class=\"read-more\" href=\"https:\/\/zecovalve.com\/fr\/produit\/stainless-steel-globe-valve\" aria-label=\"Plus sur Robinet \u00e0 soupape en acier inoxydable\">Lire plus<\/a><\/p>","protected":false},"featured_media":27907,"comment_status":"closed","ping_status":"closed","template":"","meta":{"_generate-full-width-content":"","kt_blocks_editor_width":""},"product_cat":[2049],"product_tag":[],"class_list":["post-16179","product","type-product","status-publish","has-post-thumbnail","hentry","product_cat-globe-valve","sales-flash-overlay","woocommerce-text-align-center","woocommerce-image-align-center","do-quantity-buttons"],"featured_image_src_large":["https:\/\/zecovalve.com\/wp-content\/uploads\/2022\/06\/Stainless-Steel-Globe-Valve-1.jpg",800,600,false],"author_info":[],"comment_info":0,"taxonomy_info":{"product_cat":[{"value":2049,"label":"Globe Valve"}]},"yoast_head":"<!-- This site is optimized with the Yoast SEO Premium plugin v15.4 - https:\/\/yoast.com\/wordpress\/plugins\/seo\/ -->\n<title>Stainless Steel Globe Valve - Globe Valve Manufacturer | ZECO Valve<\/title>\n<meta name=\"robots\" content=\"index, follow, max-snippet:-1, max-image-preview:large, max-video-preview:-1\" \/>\n<link rel=\"canonical\" href=\"https:\/\/zecovalve.com\/fr\/produit\/stainless-steel-globe-valve\" \/>\n<meta property=\"og:locale\" content=\"fr_FR\" \/>\n<meta property=\"og:type\" content=\"article\" \/>\n<meta property=\"og:title\" content=\"Stainless Steel Globe Valve - Globe Valve Manufacturer | ZECO Valve\" \/>\n<meta property=\"og:description\" content=\"When you need to stop and start the flow through a pipeline and control the flow rate of a liquid or gas, ... Lire plus\" \/>\n<meta property=\"og:url\" content=\"https:\/\/zecovalve.com\/fr\/produit\/stainless-steel-globe-valve\" \/>\n<meta property=\"og:site_name\" content=\"ZECO Valve\" \/>\n<meta property=\"article:modified_time\" content=\"2023-06-15T13:58:41+00:00\" \/>\n<meta property=\"og:image\" content=\"https:\/\/zecovalve.com\/wp-content\/uploads\/2022\/06\/Stainless-Steel-Globe-Valve-1.jpg\" \/>\n\t<meta property=\"og:image:width\" content=\"800\" \/>\n\t<meta property=\"og:image:height\" content=\"600\" \/>\n<meta name=\"twitter:card\" content=\"summary_large_image\" \/>\n<meta name=\"twitter:label1\" content=\"\u00c9crit par\">\n\t<meta name=\"twitter:data1\" content=\"Jerry\">\n\t<meta name=\"twitter:label2\" content=\"Dur\u00e9e de lecture estim\u00e9e\">\n\t<meta name=\"twitter:data2\" content=\"2 minutes\">\n<script type=\"application\/ld+json\" class=\"yoast-schema-graph\">{\"@context\":\"https:\/\/schema.org\",\"@graph\":[{\"@type\":\"WebSite\",\"@id\":\"https:\/\/zecovalve.com\/#website\",\"url\":\"https:\/\/zecovalve.com\/\",\"name\":\"ZECO Valve\",\"description\":\"Industrial Ball Valve, Gate Valve and Globe Valve Manufacturer\",\"potentialAction\":[{\"@type\":\"SearchAction\",\"target\":\"https:\/\/zecovalve.com\/?s={search_term_string}\",\"query-input\":\"required name=search_term_string\"}],\"inLanguage\":\"fr-FR\"},{\"@type\":\"ImageObject\",\"@id\":\"https:\/\/zecovalve.com\/product\/stainless-steel-globe-valve#primaryimage\",\"inLanguage\":\"fr-FR\",\"url\":\"https:\/\/zecovalve.com\/wp-content\/uploads\/2022\/06\/Stainless-Steel-Globe-Valve-1.jpg\",\"width\":800,\"height\":600,\"caption\":\"Stainless Steel Globe Valve\"},{\"@type\":\"WebPage\",\"@id\":\"https:\/\/zecovalve.com\/product\/stainless-steel-globe-valve#webpage\",\"url\":\"https:\/\/zecovalve.com\/product\/stainless-steel-globe-valve\",\"name\":\"Stainless Steel Globe Valve - Globe Valve Manufacturer | ZECO Valve\",\"isPartOf\":{\"@id\":\"https:\/\/zecovalve.com\/#website\"},\"primaryImageOfPage\":{\"@id\":\"https:\/\/zecovalve.com\/product\/stainless-steel-globe-valve#primaryimage\"},\"datePublished\":\"2022-06-19T15:07:41+00:00\",\"dateModified\":\"2023-06-15T13:58:41+00:00\",\"breadcrumb\":{\"@id\":\"https:\/\/zecovalve.com\/product\/stainless-steel-globe-valve#breadcrumb\"},\"inLanguage\":\"fr-FR\",\"potentialAction\":[{\"@type\":\"ReadAction\",\"target\":[\"https:\/\/zecovalve.com\/product\/stainless-steel-globe-valve\"]}]},{\"@type\":\"BreadcrumbList\",\"@id\":\"https:\/\/zecovalve.com\/product\/stainless-steel-globe-valve#breadcrumb\",\"itemListElement\":[{\"@type\":\"ListItem\",\"position\":1,\"item\":{\"@type\":\"WebPage\",\"@id\":\"https:\/\/zecovalve.com\/\",\"url\":\"https:\/\/zecovalve.com\/\",\"name\":\"Home\"}},{\"@type\":\"ListItem\",\"position\":2,\"item\":{\"@type\":\"WebPage\",\"@id\":\"https:\/\/zecovalve.com\/product-category\",\"url\":\"https:\/\/zecovalve.com\/product-category\",\"name\":\"Industrial Valve Manufacturer | Water Valve Manufacturer\"}},{\"@type\":\"ListItem\",\"position\":3,\"item\":{\"@type\":\"WebPage\",\"@id\":\"https:\/\/zecovalve.com\/product\/stainless-steel-globe-valve\",\"url\":\"https:\/\/zecovalve.com\/product\/stainless-steel-globe-valve\",\"name\":\"Stainless Steel Globe Valve\"}}]}]}<\/script>\n<!-- \/ Yoast SEO Premium plugin. -->","_links":{"self":[{"href":"https:\/\/zecovalve.com\/fr\/wp-json\/wp\/v2\/product\/16179","targetHints":{"allow":["GET"]}}],"collection":[{"href":"https:\/\/zecovalve.com\/fr\/wp-json\/wp\/v2\/product"}],"about":[{"href":"https:\/\/zecovalve.com\/fr\/wp-json\/wp\/v2\/types\/product"}],"replies":[{"embeddable":true,"href":"https:\/\/zecovalve.com\/fr\/wp-json\/wp\/v2\/comments?post=16179"}],"wp:featuredmedia":[{"embeddable":true,"href":"https:\/\/zecovalve.com\/fr\/wp-json\/wp\/v2\/media\/27907"}],"wp:attachment":[{"href":"https:\/\/zecovalve.com\/fr\/wp-json\/wp\/v2\/media?parent=16179"}],"wp:term":[{"taxonomy":"product_cat","embeddable":true,"href":"https:\/\/zecovalve.com\/fr\/wp-json\/wp\/v2\/product_cat?post=16179"},{"taxonomy":"product_tag","embeddable":true,"href":"https:\/\/zecovalve.com\/fr\/wp-json\/wp\/v2\/product_tag?post=16179"}],"curies":[{"name":"wp","href":"https:\/\/api.w.org\/{rel}","templated":true}]}}