{"id":16181,"date":"2022-06-19T15:12:21","date_gmt":"2022-06-19T15:12:21","guid":{"rendered":"https:\/\/zecovalve.com\/?post_type=product&#038;p=16181"},"modified":"2023-06-15T12:40:17","modified_gmt":"2023-06-15T12:40:17","slug":"carbon-steel-gate-valve","status":"publish","type":"product","link":"https:\/\/zecovalve.com\/fr\/produit\/carbon-steel-gate-valve","title":{"rendered":"Robinet-vanne en acier au carbone"},"content":{"rendered":"<p>La gamme de produits de robinets-vannes en acier au carbone ZECO comprend 1\/2&quot;-48&quot;, classe de pression ANSI 150# \u2013 300# \u2013 600# \u2013 900# \u2013 1500# \u2013 2500#. Les mat\u00e9riaux de construction comprennent le moulage WCB et l&#039;acier au carbone basse temp\u00e9rature LCC et LCB. Les options incluent la conformit\u00e9 NACE, des engrenages coniques, des supports de montage pr\u00eats \u00e0 \u00eatre actionn\u00e9s, des syst\u00e8mes DTR de d\u00e9charge thermique et une tige \u00e0 double avance pour un temps de course rapide.<\/p>\r\n\r\n\r\n\r\n<figure class=\"wp-block-image alignnone size-medium wp-image-16182\"><img loading=\"lazy\" decoding=\"async\" width=\"300\" height=\"225\" class=\"wp-image-16182\" src=\"https:\/\/zecovalve.com\/wp-content\/uploads\/2022\/06\/carbon-steel-gate-valve-300x225.jpg\" alt=\"Robinet-vanne en acier au carbone\" srcset=\"https:\/\/zecovalve.com\/wp-content\/uploads\/2022\/06\/carbon-steel-gate-valve-300x225.jpg 300w, https:\/\/zecovalve.com\/wp-content\/uploads\/2022\/06\/carbon-steel-gate-valve-768x576.jpg 768w, https:\/\/zecovalve.com\/wp-content\/uploads\/2022\/06\/carbon-steel-gate-valve-600x450.jpg 600w, https:\/\/zecovalve.com\/wp-content\/uploads\/2022\/06\/carbon-steel-gate-valve.jpg 800w\" sizes=\"auto, (max-width: 300px) 100vw, 300px\" \/><\/figure>\r\n\r\n\r\n<div class=\"gb-button-wrapper gb-button-wrapper-6d8495a3\">\r\n\r\n\r\n<p><a class=\"gb-button gb-button-3d442e11 gb-button-text\" href=\"https:\/\/zecovalve.com\/fr\/contact\/\" target=\"_blank\" rel=\"noopener noreferrer\"><strong>OBTENIR LE PRIX DU VANNE-VANNE EN ACIER AU CARBONE<\/strong><\/a><\/p>\r\n<\/div>\r\n\r\n\r\n\r\n\r\n<h2 class=\"wp-block-heading\" id=\"h-what-is-a-carbon-steel-gate-valve\">Qu&#039;est-ce qu&#039;un robinet-vanne en acier au carbone\u00a0?<\/h2>\r\n\r\n\r\n\r\n<p>Le robinet-vanne en acier au carbone ZECO s&#039;engage \u00e0 fournir aux utilisateurs une conception de produit dans la dur\u00e9e de vie des performances d&#039;\u00e9tanch\u00e9it\u00e9 les plus grandes et les plus fiables et utilise la conception pleine grandeur, est conforme \u00e0 API 6D, API 600, aux exigences de conception de BS 1414 et EN 1984, ZECO du corps et du capot, il y avait un total de trois types de mat\u00e9riaux en acier au carbone, ASTM A216 WCA, ASTM A216 WCB, ASTM A216 WCC, le mat\u00e9riau le plus couramment utilis\u00e9 pour ASTM A216 WCB, plage de temp\u00e9rature appropri\u00e9e pour \u2013 29 \u2103 ~ 425 \u2103. Acier au carbone \u00e0 haute temp\u00e9rature en raison de la migration et de l&#039;agr\u00e9gation des atomes de carbone dans le graphite, en raison de la faible r\u00e9sistance du graphite, la r\u00e9sistance de l&#039;acier au carbone \u00e0 haute temp\u00e9rature sera consid\u00e9rablement r\u00e9duite et la fragilit\u00e9 augmentera.<\/p>\r\n\r\n\r\n\r\n<p>Les corps et les capots sont moul\u00e9s de haute qualit\u00e9 et ensuite usin\u00e9s avec pr\u00e9cision, attirant l&#039;attention sur la pr\u00e9vention de la concentration des contraintes. Les corps des vannes en acier au carbone sont constitu\u00e9s d&#039;un port droit qui garantit une turbulence et une r\u00e9sistance \u00e0 l&#039;\u00e9coulement minimales. Dans les deux mod\u00e8les, chapeau boulonn\u00e9 et joint de pression, les corps sont constitu\u00e9s de fentes de guidage pour accueillir la cale lors de l&#039;ouverture ou de la fermeture de la vanne. Les chapeaux sont constitu\u00e9s soit d&#039;une seule pi\u00e8ce - l&#039;arcade en faisant alors partie int\u00e9grante - soit de deux pi\u00e8ces, selon la taille du robinet-vanne en acier au carbone. Cela garantit un alignement parfait avec le corps, ce qui conduit \u00e0 une ouverture et une fermeture pr\u00e9cises.<\/p>\r\n\r\n\r\n\r\n<h2 class=\"wp-block-heading\" id=\"h-features-of-carbon-steel-gate-valve\">Caract\u00e9ristiques du robinet-vanne en acier au carbone\u00a0:<\/h2>\r\n\r\n\r\n\r\n<ul class=\"wp-block-list\">\r\n<li>Le mat\u00e9riau en acier au carbone du robinet-vanne en acier au carbone ZECO est import\u00e9 via une analyse chimique et une analyse m\u00e9canique strictes. ASTM A216 WCB a une r\u00e9sistance \u00e0 la traction de 485 ~ 655 mpa, une limite d&#039;\u00e9lasticit\u00e9 sup\u00e9rieure \u00e0 250 mpa, un allongement sup\u00e9rieur \u00e0 22%, un retrait de section sup\u00e9rieur \u00e0 35%\u00a0;<\/li>\r\n<li>Le robinet-vanne en acier au carbone ZECO est dot\u00e9 d&#039;une conception \u00e0 roulement de but\u00e9e sur l&#039;\u00e9crou de tige pour plus de facilit\u00e9 et de flexibilit\u00e9 lors de l&#039;ouverture de la vanne\u00a0;<\/li>\r\n<li>Le robinet-vanne en acier au carbone ZECO est con\u00e7u avec une structure scell\u00e9e sur l&#039;extr\u00e9mit\u00e9 sup\u00e9rieure du chapeau, ce qui permet au personnel de maintenance de remplacer la garniture en toute s\u00e9curit\u00e9 pendant la maintenance sans provoquer de fuite, \u00e9vitant ainsi un risque de fuite plus grave caus\u00e9 par le remplacement de la garniture\u00a0;<\/li>\r\n<li>Lors du processus d&#039;ouverture ou de fermeture du robinet-vanne en acier au carbone ZECO, la cale est toujours fix\u00e9e dans le rail de guidage du corps de la vanne. S&#039;il n&#039;y a pas de rail de guidage du corps de la vanne, la vanne restera bloqu\u00e9e lors du processus d&#039;ouverture ou de fermeture et deviendra inutilisable.<\/li>\r\n<li>Face du si\u00e8ge en alliage \u00e0 surface dure, meul\u00e9e et rod\u00e9e pour obtenir une finition miroir\u00a0;<\/li>\r\n<li>Coin flexible avec contact de coin de tige central bas, en CA15 massif (13Cr) ou recouvert de 13Cr, SS 316, Monel ou alliage. La cale est meul\u00e9e et rod\u00e9e pour obtenir une finition miroir et \u00e9troitement guid\u00e9e pour \u00e9viter tout glissement et tout dommage au si\u00e8ge. Une cale CF8M \u00e0 face dure en alliage est \u00e9galement disponible\u00a0;<\/li>\r\n<li>Tige non rotative avec filetage Acme de pr\u00e9cision et finition brunie. Double Acme pour un fonctionnement plus rapide\u00a0;<\/li>\r\n<li>Joint de corps et de capot usin\u00e9 avec pr\u00e9cision\u00a0;<\/li>\r\n<li>Les pi\u00e8ces moul\u00e9es du corps et du capot sont usin\u00e9es avec pr\u00e9cision. Chapeau monobloc jusqu&#039;\u00e0 NPS 12 (DN 300) pour un meilleur alignement et moins de pi\u00e8ces\u00a0;<\/li>\r\n<li>Dispositif de verrouillage ou extension de tige en option\u00a0;<\/li>\r\n<li>Montage direct en option selon ISO 5211.<\/li>\r\n<\/ul>\r\n\r\n\r\n\r\n<h2 class=\"wp-block-heading\" id=\"h-product-range-of-carbon-steel-gate-valve\">Gamme de produits de vannes \u00e0 vanne en acier au carbone<\/h2>\r\n\r\n\r\n\r\n<figure class=\"wp-block-table is-style-stripes\">\r\n<table>\r\n<tbody>\r\n<tr>\r\n<td>TAILLES<\/td>\r\n<td>2\u2033 - 48\u2033<\/td>\r\n<\/tr>\r\n<tr>\r\n<td>PRESSIONS<\/td>\r\n<td>150# - 2500#<\/td>\r\n<\/tr>\r\n<tr>\r\n<td>CAT\u00c9GORIES DE MAT\u00c9RIAUX<\/td>\r\n<td>WCB, COE, LCB, LCC, etc.<\/td>\r\n<\/tr>\r\n<tr>\r\n<td>FIN DE CONNEXION<\/td>\r\n<td>RF, RTJ, BW, etc.<\/td>\r\n<\/tr>\r\n<tr>\r\n<td>MAT\u00c9RIAUX D'HABILLAGE<\/td>\r\n<td>TRIM 5, 8, 12, 16 et mat\u00e9riaux sp\u00e9ciaux<\/td>\r\n<\/tr>\r\n<tr>\r\n<td>OP\u00c9RATION<\/td>\r\n<td>Volant, bo\u00eete de vitesses, actionneur \u00e9lectrique, actionneur pneumatique, etc.<\/td>\r\n<\/tr>\r\n<tr>\r\n<td>OPTIONS<\/td>\r\n<td>NACE, engrenages coniques, supports de montage pr\u00eats \u00e0 l&#039;actionnement, syst\u00e8mes DTR \u00e0 d\u00e9charge thermique, tige double pour un temps d&#039;ex\u00e9cution rapide<\/td>\r\n<\/tr>\r\n<tr>\r\n<td>CARACT\u00c9RISTIQUES<\/td>\r\n<td>OS&amp;Y, tige montante, cale flexible, chapeau boulonn\u00e9, garniture et joint (faibles \u00e9missions fugitives) *\u00c9galement disponible dans notre s\u00e9rie Contractor 2&quot;-12&quot;<\/td>\r\n<\/tr>\r\n<\/tbody>\r\n<\/table>\r\n<\/figure>\r\n\r\n\r\n\r\n<h2 class=\"wp-block-heading\">Mat\u00e9riaux de coque de vanne de vanne \u00e0 vanne en acier au carbone<\/h2>\r\n\r\n\r\n\r\n<figure class=\"wp-block-table\">\r\n<table>\r\n<tbody>\r\n<tr>\r\n<td>Sp\u00e9cification ASTM<\/td>\r\n<td>D\u00e9signation du mat\u00e9riau<\/td>\r\n<td>Temp\u00e9rature de travail \u2103<\/td>\r\n<\/tr>\r\n<tr>\r\n<td>A216 WCB \/ A216 COE<\/td>\r\n<td>Acier Carbone<\/td>\r\n<td>538 maximum<\/td>\r\n<\/tr>\r\n<tr>\r\n<td>A217 WC1<\/td>\r\n<td>C \u2013 1\/2 Mo<\/td>\r\n<td>538 maximum<\/td>\r\n<\/tr>\r\n<tr>\r\n<td>A217 WC6<\/td>\r\n<td>1 1\/4 Cr- 1\/2 Mo<\/td>\r\n<td>593 maximum<\/td>\r\n<\/tr>\r\n<tr>\r\n<td>A217 WC9<\/td>\r\n<td>2 1\/4 Cr \u2013 1 Mo<\/td>\r\n<td>593 maximum<\/td>\r\n<\/tr>\r\n<tr>\r\n<td>A217C5<\/td>\r\n<td>5Cr \u2013 1\/2 Mo<\/td>\r\n<td>649 maximum<\/td>\r\n<\/tr>\r\n<tr>\r\n<td>A217C12<\/td>\r\n<td>9Cr \u2013 1 Mo<\/td>\r\n<td>649 maximum<\/td>\r\n<\/tr>\r\n<tr>\r\n<td>A352 LCB<\/td>\r\n<td>Acier Carbone<\/td>\r\n<td>-46 Minimum<\/td>\r\n<\/tr>\r\n<tr>\r\n<td>A352 LCC<\/td>\r\n<td>Acier Carbone<\/td>\r\n<td>-46 Minimum<\/td>\r\n<\/tr>\r\n<tr>\r\n<td>A352LC1<\/td>\r\n<td>C \u2013 1\/2 Mo<\/td>\r\n<td>-59 Minimum<\/td>\r\n<\/tr>\r\n<tr>\r\n<td>A352LC2<\/td>\r\n<td>2 1\/2 Ni \u2013 100<\/td>\r\n<td>-73 Minimum<\/td>\r\n<\/tr>\r\n<tr>\r\n<td>A352LC3<\/td>\r\n<td>3 1\/2 Ni \u2013 150<\/td>\r\n<td>-101 Minimum<\/td>\r\n<\/tr>\r\n<\/tbody>\r\n<\/table>\r\n<\/figure>","protected":false},"excerpt":{"rendered":"<p>La gamme de produits de robinets-vannes en acier au carbone ZECO comprend 1\/2&quot;-48&quot;, classe de pression ANSI 150# \u2013 300# \u2013 600# \u2013 900# \u2013 1500# \u2013\u2026 <a title=\"Robinet-vanne en acier au carbone\" class=\"read-more\" href=\"https:\/\/zecovalve.com\/fr\/produit\/carbon-steel-gate-valve\" aria-label=\"Plus sur Carbon Steel Gate Valve\">Lire plus<\/a><\/p>","protected":false},"featured_media":27880,"comment_status":"closed","ping_status":"closed","template":"","meta":{"_generate-full-width-content":"","kt_blocks_editor_width":""},"product_cat":[2052,2454],"product_tag":[2798],"class_list":["post-16181","product","type-product","status-publish","has-post-thumbnail","hentry","product_cat-gate-valve","product_cat-gate-valve-by-material","product_tag-osy-valve","sales-flash-overlay","woocommerce-text-align-center","woocommerce-image-align-center","do-quantity-buttons"],"featured_image_src_large":["https:\/\/zecovalve.com\/wp-content\/uploads\/2022\/06\/Carbon-Steel-Gate-Valve-1.jpg",800,600,false],"author_info":[],"comment_info":0,"taxonomy_info":{"product_cat":[{"value":2052,"label":"Gate Valve"},{"value":2454,"label":"Gate Valve By Material"}],"product_tag":[{"value":2798,"label":"OS&amp;Y Valve"}]},"yoast_head":"<!-- This site is optimized with the Yoast SEO Premium plugin v15.4 - https:\/\/yoast.com\/wordpress\/plugins\/seo\/ -->\n<title>Carbon Steel Gate Valve - Carbon Steel Valve | ZECO Valve<\/title>\n<meta name=\"robots\" content=\"index, follow, max-snippet:-1, max-image-preview:large, max-video-preview:-1\" \/>\n<link rel=\"canonical\" href=\"https:\/\/zecovalve.com\/fr\/produit\/carbon-steel-gate-valve\" \/>\n<meta property=\"og:locale\" content=\"fr_FR\" \/>\n<meta property=\"og:type\" content=\"article\" \/>\n<meta property=\"og:title\" content=\"Carbon Steel Gate Valve - Carbon Steel Valve | ZECO Valve\" \/>\n<meta property=\"og:description\" content=\"ZECO carbon steel gate valve product line includes 1\/2\u201d-48\u201d, ANSI Pressure class 150# &#8211; 300# &#8211; 600# &#8211; 900# &#8211; 1500# &#8211; ... Lire plus\" \/>\n<meta property=\"og:url\" content=\"https:\/\/zecovalve.com\/fr\/produit\/carbon-steel-gate-valve\" \/>\n<meta property=\"og:site_name\" content=\"ZECO Valve\" \/>\n<meta property=\"article:modified_time\" content=\"2023-06-15T12:40:17+00:00\" \/>\n<meta property=\"og:image\" content=\"https:\/\/zecovalve.com\/wp-content\/uploads\/2022\/06\/Carbon-Steel-Gate-Valve-1.jpg\" \/>\n\t<meta property=\"og:image:width\" content=\"800\" \/>\n\t<meta property=\"og:image:height\" content=\"600\" \/>\n<meta name=\"twitter:card\" content=\"summary_large_image\" \/>\n<meta name=\"twitter:label1\" content=\"\u00c9crit par\">\n\t<meta name=\"twitter:data1\" content=\"Jerry\">\n\t<meta name=\"twitter:label2\" content=\"Dur\u00e9e de lecture estim\u00e9e\">\n\t<meta name=\"twitter:data2\" content=\"3 minutes\">\n<script type=\"application\/ld+json\" class=\"yoast-schema-graph\">{\"@context\":\"https:\/\/schema.org\",\"@graph\":[{\"@type\":\"WebSite\",\"@id\":\"https:\/\/zecovalve.com\/#website\",\"url\":\"https:\/\/zecovalve.com\/\",\"name\":\"ZECO Valve\",\"description\":\"Industrial Ball Valve, Gate Valve and Globe Valve Manufacturer\",\"potentialAction\":[{\"@type\":\"SearchAction\",\"target\":\"https:\/\/zecovalve.com\/?s={search_term_string}\",\"query-input\":\"required name=search_term_string\"}],\"inLanguage\":\"fr-FR\"},{\"@type\":\"ImageObject\",\"@id\":\"https:\/\/zecovalve.com\/product\/carbon-steel-gate-valve#primaryimage\",\"inLanguage\":\"fr-FR\",\"url\":\"https:\/\/zecovalve.com\/wp-content\/uploads\/2022\/06\/Carbon-Steel-Gate-Valve-1.jpg\",\"width\":800,\"height\":600,\"caption\":\"Carbon Steel Gate Valve\"},{\"@type\":\"WebPage\",\"@id\":\"https:\/\/zecovalve.com\/product\/carbon-steel-gate-valve#webpage\",\"url\":\"https:\/\/zecovalve.com\/product\/carbon-steel-gate-valve\",\"name\":\"Carbon Steel Gate Valve - Carbon Steel Valve | ZECO Valve\",\"isPartOf\":{\"@id\":\"https:\/\/zecovalve.com\/#website\"},\"primaryImageOfPage\":{\"@id\":\"https:\/\/zecovalve.com\/product\/carbon-steel-gate-valve#primaryimage\"},\"datePublished\":\"2022-06-19T15:12:21+00:00\",\"dateModified\":\"2023-06-15T12:40:17+00:00\",\"breadcrumb\":{\"@id\":\"https:\/\/zecovalve.com\/product\/carbon-steel-gate-valve#breadcrumb\"},\"inLanguage\":\"fr-FR\",\"potentialAction\":[{\"@type\":\"ReadAction\",\"target\":[\"https:\/\/zecovalve.com\/product\/carbon-steel-gate-valve\"]}]},{\"@type\":\"BreadcrumbList\",\"@id\":\"https:\/\/zecovalve.com\/product\/carbon-steel-gate-valve#breadcrumb\",\"itemListElement\":[{\"@type\":\"ListItem\",\"position\":1,\"item\":{\"@type\":\"WebPage\",\"@id\":\"https:\/\/zecovalve.com\/\",\"url\":\"https:\/\/zecovalve.com\/\",\"name\":\"Home\"}},{\"@type\":\"ListItem\",\"position\":2,\"item\":{\"@type\":\"WebPage\",\"@id\":\"https:\/\/zecovalve.com\/product-category\",\"url\":\"https:\/\/zecovalve.com\/product-category\",\"name\":\"Industrial Valve Manufacturer | Water Valve Manufacturer\"}},{\"@type\":\"ListItem\",\"position\":3,\"item\":{\"@type\":\"WebPage\",\"@id\":\"https:\/\/zecovalve.com\/product\/carbon-steel-gate-valve\",\"url\":\"https:\/\/zecovalve.com\/product\/carbon-steel-gate-valve\",\"name\":\"Carbon Steel Gate Valve\"}}]}]}<\/script>\n<!-- \/ Yoast SEO Premium plugin. -->","_links":{"self":[{"href":"https:\/\/zecovalve.com\/fr\/wp-json\/wp\/v2\/product\/16181","targetHints":{"allow":["GET"]}}],"collection":[{"href":"https:\/\/zecovalve.com\/fr\/wp-json\/wp\/v2\/product"}],"about":[{"href":"https:\/\/zecovalve.com\/fr\/wp-json\/wp\/v2\/types\/product"}],"replies":[{"embeddable":true,"href":"https:\/\/zecovalve.com\/fr\/wp-json\/wp\/v2\/comments?post=16181"}],"wp:featuredmedia":[{"embeddable":true,"href":"https:\/\/zecovalve.com\/fr\/wp-json\/wp\/v2\/media\/27880"}],"wp:attachment":[{"href":"https:\/\/zecovalve.com\/fr\/wp-json\/wp\/v2\/media?parent=16181"}],"wp:term":[{"taxonomy":"product_cat","embeddable":true,"href":"https:\/\/zecovalve.com\/fr\/wp-json\/wp\/v2\/product_cat?post=16181"},{"taxonomy":"product_tag","embeddable":true,"href":"https:\/\/zecovalve.com\/fr\/wp-json\/wp\/v2\/product_tag?post=16181"}],"curies":[{"name":"wp","href":"https:\/\/api.w.org\/{rel}","templated":true}]}}