{"id":16192,"date":"2022-06-19T15:45:58","date_gmt":"2022-06-19T15:45:58","guid":{"rendered":"https:\/\/zecovalve.com\/?post_type=product&#038;p=16192"},"modified":"2023-06-16T13:39:47","modified_gmt":"2023-06-16T13:39:47","slug":"wafer-type-nrv","status":"publish","type":"product","link":"https:\/\/zecovalve.com\/fr\/produit\/wafer-type-nrv","title":{"rendered":"Type de plaquette NRV"},"content":{"rendered":"<p>ZECO Valve est un fabricant r\u00e9put\u00e9 de clapets anti-retour engag\u00e9 dans la conception de vannes industrielles de haute qualit\u00e9. Nous proposons une large gamme de vannes robustes dans leur conception, conviviales, modulaires et extr\u00eamement durables.<\/p>\r\n\r\n\r\n\r\n<figure class=\"wp-block-image alignnone size-medium wp-image-16193\">\r\n<p><img loading=\"lazy\" decoding=\"async\" class=\"wp-image-27915 size-medium\" src=\"https:\/\/zecovalve.com\/wp-content\/uploads\/2022\/06\/Wafer-Type-NRV-2-300x225.jpg\" alt=\"Type de plaquette NRV\" width=\"300\" height=\"225\" srcset=\"https:\/\/zecovalve.com\/wp-content\/uploads\/2022\/06\/Wafer-Type-NRV-2-300x225.jpg 300w, https:\/\/zecovalve.com\/wp-content\/uploads\/2022\/06\/Wafer-Type-NRV-2-768x576.jpg 768w, https:\/\/zecovalve.com\/wp-content\/uploads\/2022\/06\/Wafer-Type-NRV-2-600x450.jpg 600w, https:\/\/zecovalve.com\/wp-content\/uploads\/2022\/06\/Wafer-Type-NRV-2.jpg 800w\" sizes=\"auto, (max-width: 300px) 100vw, 300px\" \/><\/p>\r\n<\/figure>\r\n\r\n\r\n<div class=\"gb-button-wrapper gb-button-wrapper-6d8495a3\">\r\n\r\n\r\n<p><a class=\"gb-button gb-button-3d442e11 gb-button-text\" href=\"mailto:commercial@zecovalve.com\" target=\"_blank\" rel=\"noopener noreferrer\"><strong>OBTENIR LE PRIX NRV DU TYPE PLAQUETTE<\/strong><\/a><\/p>\r\n<\/div>\r\n\r\n\r\n\r\n\r\n<h2 class=\"wp-block-heading\" id=\"h-what-is-nrv-wafer-type\">Qu&#039;est-ce que le type de plaquette NRV\u00a0?<\/h2>\r\n\r\n\r\n\r\n<p>Le type de plaquette ZECO NRV a une dimension face \u00e0 face plus courte et une conception \u00e0 double plaque, les options de connexion d&#039;extr\u00e9mit\u00e9 incluent le type \u00e0 plaquette, le type \u00e0 cosse et le type \u00e0 double bride, et sont disponibles dans des tailles de 2\u2033 \u00e0 60\u2033 et dans des pressions nominales de Classe ASME 150 \u00e0 2500. Une large gamme de mat\u00e9riaux de carrosserie et de garniture est facultative \u00e0 la demande du client. Par rapport aux clapets anti-retour \u00e0 battant conventionnels, les clapets anti-retour de type plaquette de ZECO pr\u00e9sentent l&#039;avantage d&#039;une fuite nulle vers l&#039;ext\u00e9rieur (pas de connexions boulonn\u00e9es ou filet\u00e9es), des \u00e9conomies de co\u00fbts, ils peuvent \u00eatre install\u00e9s dans n&#039;importe quelle orientation de ligne, des performances d&#039;\u00e9tanch\u00e9it\u00e9 sup\u00e9rieures, offrent un choc de ligne minimal, une pression plus faible. perte et z\u00e9ro usure du si\u00e8ge.<\/p>\r\n\r\n\r\n\r\n<h2 class=\"wp-block-heading\">Types de plaquettes NRV<\/h2>\r\n\r\n\r\n\r\n<h3 class=\"wp-block-heading\">CLAPET ANTI-RETOUR MONO DISQUE<\/h3>\r\n\r\n\r\n\r\n<p>Conception l\u00e9g\u00e8re et polyvalente \u2013 80% \u00e0 90% moins que les clapets anti-retour \u00e0 battant plein corps conventionnels Ouverture \u00e0 disque unique, ensemble bras\/disque int\u00e9gr\u00e9 unique, disque \u00e0 ressort calcul\u00e9 pour augmenter la r\u00e9activit\u00e9 du disque, si\u00e8ge \u00e0 joint torique en \u00e9lastom\u00e8re fix\u00e9 dans le corps avec rainure en queue d&#039;aronde, si\u00e8ge de corps int\u00e9gr\u00e9, conception d&#039;arbre anti-\u00e9clatement. Optimise l&#039;utilisation de l&#039;espace, r\u00e9duit les co\u00fbts d&#039;installation, r\u00e9duit les supports de tuyaux, n\u00e9cessite moins d&#039;heures de travail, d\u00e9bit non obstru\u00e9. Disque stable \u00e0 des vitesses d&#039;\u00e9coulement inf\u00e9rieures, aucun cisaillement du disque du bras, disque non rotatif pour une dur\u00e9e de vie plus longue.<\/p>\r\n\r\n\r\n\r\n<h3 class=\"wp-block-heading\">CLAPET ANTI-RETOUR ANTI-CLAQUEMENT<\/h3>\r\n\r\n\r\n\r\n<p>Le clapet anti-retour \u00e0 disque est de conception avanc\u00e9e qui donne le plein d\u00e9bit et occupe tr\u00e8s moins d&#039;espace que les autres types de clapet anti-retour. Les DCV sont simples \u00e0 installer entre deux brides de tuyaux. Disque \u00e0 ressort pour emp\u00eacher le flux inverse dans les canalisations. Plus solides, plus l\u00e9gers et plus petits que les clapets anti-retour \u00e0 battant conventionnels, donc moins co\u00fbteux \u00e0 installer et \u00e0 entretenir. La conception compacte des vannes s\u2019adapte de mani\u00e8re flexible \u00e0 diff\u00e9rents types de s\u00e9lection de brides. Les vannes peuvent \u00eatre install\u00e9es dans n&#039;importe quelle direction dans les canalisations. Z\u00e9ro fuite pour les vannes \u00e0 si\u00e8ge souple.<\/p>\r\n\r\n\r\n\r\n<h3 class=\"wp-block-heading\">CLAPET ANTI-RETOUR \u00c0 DOUBLE PLAQUE<\/h3>\r\n\r\n\r\n\r\n<p>Le clapet anti-retour \u00e0 double plaque est un clapet anti-retour polyvalent qui est beaucoup plus solide, plus l\u00e9ger et plus petit qu&#039;un clapet anti-retour \u00e0 battant conventionnel ou un clapet anti-retour \u00e0 vie. Le clapet anti-retour \u00e0 double plaque a un corps cylindrique qui fait ressembler le clapet \u00e0 n&#039;importe quel autre raccord de tuyauterie. Un corps cylindrique a une r\u00e9partition des contraintes beaucoup plus uniforme par rapport \u00e0 un clapet anti-retour \u00e0 battant conventionnel. Un corps cylindrique de la pression contenant une partie du clapet anti-retour \u00e0 double plaque peut \u00eatre con\u00e7u pour r\u00e9sister extr\u00eamement au poids (\u00e9paisseur) du clapet. Ainsi, pour des conditions de charge s\u00e9v\u00e8res\/robustes, ces vannes ont un avantage distinct sur les vannes conventionnelles \u00e0 la fois en termes de s\u00e9curit\u00e9 et d&#039;\u00e9conomie, outre leur polyvalence g\u00e9n\u00e9rale. Le clapet anti-retour \u00e0 double plaque utilise deux plaques \u00e0 ressort articul\u00e9es sur un axe de charni\u00e8re central. Lorsque le d\u00e9bit diminue, les plaques se ferment par ressort de torsion sans n\u00e9cessiter de flux inverse. Cette conception offre simultan\u00e9ment le double avantage de l\u2019absence de coup de b\u00e9lier et de l\u2019absence de claquement. Toutes les caract\u00e9ristiques r\u00e9unies font du clapet anti-retour \u00e0 double plaque l\u2019une des conceptions les plus efficaces. Les clapets anti-retour \u00e0 double plaque sont disponibles en version plaquette, en plaquette \u00e0 bride et en version \u00e9tendue avec des extr\u00e9mit\u00e9s \u00e0 bride ayant des dimensions face \u00e0 face identiques \u00e0 celles d&#039;un clapet anti-retour \u00e0 battant.<\/p>\r\n\r\n\r\n\r\n<h2 class=\"wp-block-heading\">Comment fonctionne une VNR de type Wafer\u00a0?<\/h2>\r\n\r\n\r\n\r\n<p>Un clapet anti-retour de type plaquette fonctionne en fonction de la diff\u00e9rence de pression. Il s&#039;agit d&#039;une diff\u00e9rence de pression entre les ports d&#039;entr\u00e9e et de sortie du NRV de type plaquette. Le disque de la vanne s&#039;ouvre lorsque la pression d&#039;entr\u00e9e est sup\u00e9rieure \u00e0 la pression de sortie. Cette pression fournit la force n\u00e9cessaire pour battre les disques de valve. Lorsque les disques battent, ils laissent de l&#039;espace pour que le fluide s&#039;\u00e9coule \u00e0 travers la vanne. Les disques restent ouverts \u00e0 condition qu&#039;il y ait une pression d&#039;aspiration plus \u00e9lev\u00e9e que celle du c\u00f4t\u00e9 sortie. Lorsque la pression d&#039;aspiration diminue ou que le fluide tente d&#039;inverser l&#039;\u00e9coulement, le ressort gagne de l&#039;\u00e9nergie pour ramener les plaques de soupape \u00e0 leur position d&#039;appui, contribuant ainsi \u00e0 emp\u00eacher l&#039;\u00e9coulement inverse du fluide.<\/p>\r\n\r\n\r\n<div class=\"wp-block-image\">\r\n<figure class=\"aligncenter size-full\"><img loading=\"lazy\" decoding=\"async\" width=\"566\" height=\"154\" class=\"wp-image-19681\" src=\"https:\/\/zecovalve.com\/wp-content\/uploads\/2022\/07\/Working-of-a-wafer-type-non-return-check-valve.jpg\" alt=\"\" srcset=\"https:\/\/zecovalve.com\/wp-content\/uploads\/2022\/07\/Working-of-a-wafer-type-non-return-check-valve.jpg 566w, https:\/\/zecovalve.com\/wp-content\/uploads\/2022\/07\/Working-of-a-wafer-type-non-return-check-valve-300x82.jpg 300w\" sizes=\"auto, (max-width: 566px) 100vw, 566px\" \/><\/figure>\r\n<\/div>\r\n\r\n\r\n<h2 class=\"wp-block-heading\" id=\"h-features-of-wafer-type-nrv\">Caract\u00e9ristiques du type de plaquette NRV<\/h2>\r\n\r\n\r\n\r\n<ul class=\"wp-block-list\">\r\n<li>La conception \u00e0 double plaque du type de plaquette ZECO NRV int\u00e8gre un raccord de r\u00e9tention interne. Le raccord n&#039;empi\u00e8te pas sur la surface d&#039;\u00e9tanch\u00e9it\u00e9 du joint, pour assurer une \u00e9tanch\u00e9it\u00e9 efficace entre la vanne et la canalisation\u00a0;<\/li>\r\n<li>La conception de plaquette \u00e0 double plaque du type de plaquette ZECO NRV rend ce clapet anti-retour plus l\u00e9ger, qui ne repr\u00e9sente que 10 ~ 25% du poids d&#039;un clapet anti-retour \u00e0 battant conventionnel, ce qui permet d&#039;\u00e9conomiser de l&#039;argent sur le co\u00fbt initial de la vanne et de r\u00e9duire les co\u00fbts d&#039;installation\u00a0;<\/li>\r\n<li>La fonction de ressort du type \u00e0 plaquette ZECO NRV aide \u00e0 maintenir la vanne ferm\u00e9e et son poids plus l\u00e9ger \u00e9limine les charges de flexion du pipeline, ce qui rend la vanne flexible install\u00e9e dans n&#039;importe quelle position, pour vous permettre de concevoir votre disposition de tuyauterie de la mani\u00e8re la plus efficace et la moins co\u00fbteuse\u00a0;<\/li>\r\n<li>Lorsque la vanne s&#039;ouvre, le talon du double plateau est soulev\u00e9 dans le sens de l&#039;\u00e9coulement, pour \u00e9viter que le talon ne tra\u00eene sur la surface d&#039;appui et ne provoque une usure. Lors de la fermeture de la vanne, les deux ressorts de torsion \u00e9lev\u00e9e et la contre-pression forceront tour \u00e0 tour la pointe et le talon du disque vers le si\u00e8ge plat pour compl\u00e9ter l&#039;\u00e9tanch\u00e9it\u00e9.<\/li>\r\n<li>Les clapets anti-retour de type plaquette fonctionnent seuls sans utiliser de volant ou d&#039;actionneur de vanne.<\/li>\r\n<li>Ces vannes ne permettent pas l&#039;\u00e9coulement inverse du fluide. Le fluide s&#039;\u00e9coule vers l&#039;avant et toute tentative de marche arri\u00e8re est limit\u00e9e car la vanne se ferme imm\u00e9diatement.<\/li>\r\n<li>Ces vannes ont un rendement \u00e9lev\u00e9 par rapport aux autres vannes car leur chute de pression est minime.<\/li>\r\n<li>Les clapets anti-retour de type plaquette sont con\u00e7us pour maintenir la pression du fluide de travail.<\/li>\r\n<li>Les NRV de type tranche sont polyvalents car ils sont utilis\u00e9s dans diverses applications, des applications domestiques aux applications industrielles.<\/li>\r\n<li>Ces vannes sont faciles \u00e0 installer, \u00e0 r\u00e9parer et \u00e0 nettoyer.<\/li>\r\n<li>Ils sont exempts de fuites de liquide.<\/li>\r\n<li>Les clapets anti-retour de type plaquette att\u00e9nuent les coups de b\u00e9lier et les effets associ\u00e9s.<\/li>\r\n<li>Ils sont l\u00e9gers par rapport aux autres clapets anti-retour.<\/li>\r\n<li>Ces vannes peuvent \u00eatre install\u00e9es en position horizontale ou verticale car elles ne d\u00e9pendent pas uniquement de la gravit\u00e9 pour emp\u00eacher l&#039;\u00e9coulement inverse du fluide.<\/li>\r\n<li>Les NRV de type Wafer agissent rapidement par rapport aux autres vannes telles que les vannes \u00e0 soupape.<\/li>\r\n<\/ul>\r\n\r\n\r\n\r\n<h2 class=\"wp-block-heading\">Applications du type de plaquette NRV<\/h2>\r\n\r\n\r\n\r\n<ul class=\"wp-block-list\">\r\n<li>Vapeur<\/li>\r\n<li>Eau chaude et froide<\/li>\r\n<li>Ing\u00e9nierie \u00e9nerg\u00e9tique et thermique<\/li>\r\n<li>Air comprim\u00e9<\/li>\r\n<li>Technologies industrielles<\/li>\r\n<li>Fluides sans propri\u00e9t\u00e9s d&#039;acidit\u00e9 ou d&#039;alcalinit\u00e9<\/li>\r\n<\/ul>\r\n\r\n\r\n\r\n<h2 class=\"wp-block-heading\">Sp\u00e9cification du type de plaquette NRV<\/h2>\r\n\r\n\r\n\r\n<figure class=\"wp-block-table is-style-stripes\">\r\n<table>\r\n<tbody>\r\n<tr>\r\n<td>Clapet anti-retour \u00e0 disque unique<\/td>\r\n<td>API 594 \/ API 6D<\/td>\r\n<\/tr>\r\n<tr>\r\n<td>Clapet anti-retour sans claquement<\/td>\r\n<td>API594<\/td>\r\n<\/tr>\r\n<tr>\r\n<td>Clapet anti-retour \u00e0 double plaque<\/td>\r\n<td>API594<\/td>\r\n<\/tr>\r\n<tr>\r\n<td>Dimensions des extr\u00e9mit\u00e9s \u00e0 bride<\/td>\r\n<td>ASME B16.5, ASME B16.47 A et B<\/td>\r\n<\/tr>\r\n<tr>\r\n<td>Inspection et tests des vannes<\/td>\r\n<td>API598<\/td>\r\n<\/tr>\r\n<tr>\r\n<td>Inspection visuelle<\/td>\r\n<td>MSS SP55<\/td>\r\n<\/tr>\r\n<tr>\r\n<td>Test Non Destructif (RT, UT, MT, PT)<\/td>\r\n<td>ASME B16.34<\/td>\r\n<\/tr>\r\n<tr>\r\n<td>Pression \u2013 Temp\u00e9rature nominale<\/td>\r\n<td>ASME B16.34<\/td>\r\n<\/tr>\r\n<\/tbody>\r\n<\/table>\r\n<\/figure>\r\n\r\n\r\n\r\n<figure class=\"wp-block-table is-style-stripes\">\r\n<table>\r\n<tbody>\r\n<tr>\r\n<td>CORPS<\/td>\r\n<td>CI IS 210 GR FG 200\/220\/CS ASTMA 216 GR WCB \/SG FER\/ CF8\/SS 304 \/ CF8M\/SS 316 \/CF3\/CF3M\/GUN METAL\/ALUMINIUM<\/td>\r\n<\/tr>\r\n<tr>\r\n<td>\u00c9PINGLE<\/td>\r\n<td>MS\/AISI 304\/AISI 316<\/td>\r\n<\/tr>\r\n<tr>\r\n<td>ANNEAUX<\/td>\r\n<td>NBR\/N\u00c9OPR\u00c8NE\/NITRILE\/SILICIUM\/VITON\/PTFE\/STL\/INTR\u00c9GAL<\/td>\r\n<\/tr>\r\n<tr>\r\n<td>GAMME DE TAILLES<\/td>\r\n<td>25NB \u00c0 1200 NB (1\u2033 \u00c0 48\u2033)<\/td>\r\n<\/tr>\r\n<tr>\r\n<td>CLASSE DE PRESSION<\/td>\r\n<td>150# \u00e0 1500#<\/td>\r\n<\/tr>\r\n<\/tbody>\r\n<\/table>\r\n<\/figure>","protected":false},"excerpt":{"rendered":"<p>ZECO Valve est un fabricant r\u00e9put\u00e9 de clapets anti-retour engag\u00e9 dans la conception de vannes industrielles de haute qualit\u00e9. Nous proposons une large gamme de vannes qui\u2026 <a title=\"Type de plaquette NRV\" class=\"read-more\" href=\"https:\/\/zecovalve.com\/fr\/produit\/wafer-type-nrv\" aria-label=\"Plus sur Wafer Type NRV\">Lire plus<\/a><\/p>","protected":false},"featured_media":27915,"comment_status":"closed","ping_status":"closed","template":"","meta":{"_generate-full-width-content":"","kt_blocks_editor_width":""},"product_cat":[2455,2442],"product_tag":[2657,2661,2725],"class_list":["post-16192","product","type-product","status-publish","has-post-thumbnail","hentry","product_cat-check-valve","product_cat-wafer-check-valve","product_tag-non-return-valve","product_tag-nrv-valve","product_tag-wafer-check-valve","sales-flash-overlay","woocommerce-text-align-center","woocommerce-image-align-center","do-quantity-buttons"],"featured_image_src_large":["https:\/\/zecovalve.com\/wp-content\/uploads\/2022\/06\/Wafer-Type-NRV-2.jpg",800,600,false],"author_info":[],"comment_info":0,"taxonomy_info":{"product_cat":[{"value":2455,"label":"Check Valve"},{"value":2442,"label":"Wafer Check Valve"}],"product_tag":[{"value":2657,"label":"Non Return Valve"},{"value":2661,"label":"NRV Valve"},{"value":2725,"label":"Wafer Check Valve"}]},"yoast_head":"<!-- This site is optimized with the Yoast SEO Premium plugin v15.4 - https:\/\/yoast.com\/wordpress\/plugins\/seo\/ -->\n<title>Wafer Type NRV - Types of Wafer Type NRV Valve | ZECO Valve<\/title>\n<meta name=\"robots\" content=\"index, follow, max-snippet:-1, max-image-preview:large, max-video-preview:-1\" \/>\n<link rel=\"canonical\" href=\"https:\/\/zecovalve.com\/fr\/produit\/wafer-type-nrv\" \/>\n<meta property=\"og:locale\" content=\"fr_FR\" \/>\n<meta property=\"og:type\" content=\"article\" \/>\n<meta property=\"og:title\" content=\"Wafer Type NRV - Types of Wafer Type NRV Valve | ZECO Valve\" \/>\n<meta property=\"og:description\" content=\"ZECO Valve is a reputed Check Valve Manufacturer engaged in designing fine-quality industrial valves. We offer a wide range of valves that ... Lire plus\" \/>\n<meta property=\"og:url\" content=\"https:\/\/zecovalve.com\/fr\/produit\/wafer-type-nrv\" \/>\n<meta property=\"og:site_name\" content=\"ZECO Valve\" \/>\n<meta property=\"article:modified_time\" content=\"2023-06-16T13:39:47+00:00\" \/>\n<meta property=\"og:image\" content=\"https:\/\/zecovalve.com\/wp-content\/uploads\/2022\/06\/Wafer-Type-NRV-2.jpg\" \/>\n\t<meta property=\"og:image:width\" content=\"800\" \/>\n\t<meta property=\"og:image:height\" content=\"600\" \/>\n<meta name=\"twitter:card\" content=\"summary_large_image\" \/>\n<meta name=\"twitter:label1\" content=\"\u00c9crit par\">\n\t<meta name=\"twitter:data1\" content=\"Jerry\">\n\t<meta name=\"twitter:label2\" content=\"Dur\u00e9e de lecture estim\u00e9e\">\n\t<meta name=\"twitter:data2\" content=\"4 minutes\">\n<script type=\"application\/ld+json\" class=\"yoast-schema-graph\">{\"@context\":\"https:\/\/schema.org\",\"@graph\":[{\"@type\":\"WebSite\",\"@id\":\"https:\/\/zecovalve.com\/#website\",\"url\":\"https:\/\/zecovalve.com\/\",\"name\":\"ZECO Valve\",\"description\":\"Industrial Ball Valve, Gate Valve and Globe Valve Manufacturer\",\"potentialAction\":[{\"@type\":\"SearchAction\",\"target\":\"https:\/\/zecovalve.com\/?s={search_term_string}\",\"query-input\":\"required name=search_term_string\"}],\"inLanguage\":\"fr-FR\"},{\"@type\":\"ImageObject\",\"@id\":\"https:\/\/zecovalve.com\/product\/wafer-type-nrv#primaryimage\",\"inLanguage\":\"fr-FR\",\"url\":\"https:\/\/zecovalve.com\/wp-content\/uploads\/2022\/06\/Wafer-Type-NRV-2.jpg\",\"width\":800,\"height\":600,\"caption\":\"Wafer Type NRV\"},{\"@type\":\"WebPage\",\"@id\":\"https:\/\/zecovalve.com\/product\/wafer-type-nrv#webpage\",\"url\":\"https:\/\/zecovalve.com\/product\/wafer-type-nrv\",\"name\":\"Wafer Type NRV - Types of Wafer Type NRV Valve | ZECO Valve\",\"isPartOf\":{\"@id\":\"https:\/\/zecovalve.com\/#website\"},\"primaryImageOfPage\":{\"@id\":\"https:\/\/zecovalve.com\/product\/wafer-type-nrv#primaryimage\"},\"datePublished\":\"2022-06-19T15:45:58+00:00\",\"dateModified\":\"2023-06-16T13:39:47+00:00\",\"breadcrumb\":{\"@id\":\"https:\/\/zecovalve.com\/product\/wafer-type-nrv#breadcrumb\"},\"inLanguage\":\"fr-FR\",\"potentialAction\":[{\"@type\":\"ReadAction\",\"target\":[\"https:\/\/zecovalve.com\/product\/wafer-type-nrv\"]}]},{\"@type\":\"BreadcrumbList\",\"@id\":\"https:\/\/zecovalve.com\/product\/wafer-type-nrv#breadcrumb\",\"itemListElement\":[{\"@type\":\"ListItem\",\"position\":1,\"item\":{\"@type\":\"WebPage\",\"@id\":\"https:\/\/zecovalve.com\/\",\"url\":\"https:\/\/zecovalve.com\/\",\"name\":\"Home\"}},{\"@type\":\"ListItem\",\"position\":2,\"item\":{\"@type\":\"WebPage\",\"@id\":\"https:\/\/zecovalve.com\/product-category\",\"url\":\"https:\/\/zecovalve.com\/product-category\",\"name\":\"Industrial Valve Manufacturer | Water Valve Manufacturer\"}},{\"@type\":\"ListItem\",\"position\":3,\"item\":{\"@type\":\"WebPage\",\"@id\":\"https:\/\/zecovalve.com\/product\/wafer-type-nrv\",\"url\":\"https:\/\/zecovalve.com\/product\/wafer-type-nrv\",\"name\":\"Wafer Type NRV\"}}]}]}<\/script>\n<!-- \/ Yoast SEO Premium plugin. -->","_links":{"self":[{"href":"https:\/\/zecovalve.com\/fr\/wp-json\/wp\/v2\/product\/16192","targetHints":{"allow":["GET"]}}],"collection":[{"href":"https:\/\/zecovalve.com\/fr\/wp-json\/wp\/v2\/product"}],"about":[{"href":"https:\/\/zecovalve.com\/fr\/wp-json\/wp\/v2\/types\/product"}],"replies":[{"embeddable":true,"href":"https:\/\/zecovalve.com\/fr\/wp-json\/wp\/v2\/comments?post=16192"}],"wp:featuredmedia":[{"embeddable":true,"href":"https:\/\/zecovalve.com\/fr\/wp-json\/wp\/v2\/media\/27915"}],"wp:attachment":[{"href":"https:\/\/zecovalve.com\/fr\/wp-json\/wp\/v2\/media?parent=16192"}],"wp:term":[{"taxonomy":"product_cat","embeddable":true,"href":"https:\/\/zecovalve.com\/fr\/wp-json\/wp\/v2\/product_cat?post=16192"},{"taxonomy":"product_tag","embeddable":true,"href":"https:\/\/zecovalve.com\/fr\/wp-json\/wp\/v2\/product_tag?post=16192"}],"curies":[{"name":"wp","href":"https:\/\/api.w.org\/{rel}","templated":true}]}}