{"id":16209,"date":"2022-06-19T16:01:25","date_gmt":"2022-06-19T16:01:25","guid":{"rendered":"https:\/\/zecovalve.com\/?post_type=product&#038;p=16209"},"modified":"2022-09-01T00:50:44","modified_gmt":"2022-09-01T00:50:44","slug":"electric-butterfly-valve","status":"publish","type":"product","link":"https:\/\/zecovalve.com\/fr\/produit\/electric-butterfly-valve","title":{"rendered":"Vanne papillon \u00e9lectrique"},"content":{"rendered":"<p>Les vannes papillon sont souvent automatis\u00e9es avec des actionneurs pneumatiques ou \u00e9lectriques. Un actionneur est un dispositif m\u00e9canique permettant de d\u00e9placer ou de contr\u00f4ler un m\u00e9canisme ou un syst\u00e8me. Un actionneur (faisant partie de la vanne papillon actionn\u00e9e) est g\u00e9n\u00e9ralement un dispositif m\u00e9canique qui prend de l&#039;\u00e9nergie, g\u00e9n\u00e9ralement cr\u00e9\u00e9e par l&#039;air, l&#039;\u00e9lectricit\u00e9 ou un liquide, et la convertit en une sorte de mouvement.<\/p>\r\n\r\n\r\n\r\n<figure class=\"wp-block-image alignnone size-medium wp-image-16210\"><img loading=\"lazy\" decoding=\"async\" width=\"300\" height=\"225\" class=\"wp-image-16210\" src=\"https:\/\/zecovalve.com\/wp-content\/uploads\/2022\/06\/electric-butterfly-valve-300x225.jpg\" alt=\"Vanne papillon \u00e9lectrique\" srcset=\"https:\/\/zecovalve.com\/wp-content\/uploads\/2022\/06\/electric-butterfly-valve-300x225.jpg 300w, https:\/\/zecovalve.com\/wp-content\/uploads\/2022\/06\/electric-butterfly-valve-768x576.jpg 768w, https:\/\/zecovalve.com\/wp-content\/uploads\/2022\/06\/electric-butterfly-valve-600x450.jpg 600w, https:\/\/zecovalve.com\/wp-content\/uploads\/2022\/06\/electric-butterfly-valve.jpg 800w\" sizes=\"auto, (max-width: 300px) 100vw, 300px\" \/><\/figure>\r\n\r\n\r\n<div class=\"gb-button-wrapper gb-button-wrapper-6d8495a3\">\r\n\r\n\r\n<p><a class=\"gb-button gb-button-3d442e11 gb-button-text\" href=\"mailto:commercial@zecovalve.com\" target=\"_blank\" rel=\"noopener noreferrer\"><strong>OBTENIR LE PRIX DE LA VANNE PAPILLON \u00c9LECTRIQUE<\/strong><\/a><\/p>\r\n<\/div>\r\n\r\n\r\n\r\n\r\n<h2 class=\"wp-block-heading\" id=\"h-what-is-a-electric-butterfly-valve\">Qu&#039;est-ce qu&#039;une vanne papillon \u00e9lectrique ?<\/h2>\r\n\r\n\r\n\r\n<p>D\u00e9couvrez la gamme ZECO de vannes papillon \u00e0 commande \u00e9lectrique, utilis\u00e9es pour contr\u00f4ler le d\u00e9bit d&#039;un m\u00e9dia \u00e0 distance. Ils peuvent avoir un style de connexion \u00e0 cosse ou \u00e0 plaquette. L&#039;actionneur ouvre ou ferme la vanne avec un courant \u00e9lectrique, mais n&#039;a pas besoin d&#039;\u00e9nergie pour rester dans cet \u00e9tat. La vanne papillon est dot\u00e9e d&#039;un disque qui tourne avec l&#039;actionneur pour ouvrir ou fermer la vanne papillon. La conception de la vanne papillon permet de bonnes propri\u00e9t\u00e9s d&#039;\u00e9tanch\u00e9it\u00e9, de durabilit\u00e9 et de fiabilit\u00e9 pour votre application. Les actionneurs \u00e9lectriques sont faciles \u00e0 installer et \u00e0 c\u00e2bler dans un syst\u00e8me existant. Il existe diff\u00e9rents bo\u00eetiers, joints et tailles de vannes papillon \u00e0 commande \u00e9lectrique pour vous permettre de trouver celle qui convient \u00e0 votre application.<\/p>\r\n\r\n\r\n\r\n<p>Une bonne \u00e9tanch\u00e9it\u00e9 \u00e0 l&#039;int\u00e9rieur de la vanne affectera les performances d&#039;\u00e9tanch\u00e9it\u00e9 en raison des dommages ou de l&#039;abrasion normale. Pour les conditions de travail difficiles, l&#039;estimation et la r\u00e9paration d\u00e9passant le cadre de ce manuel, en raison d&#039;une vari\u00e9t\u00e9 de formes structurelles diff\u00e9rentes, si n\u00e9cessaire, doivent \u00eatre connues \u00e0 l&#039;avance, doivent coop\u00e9rer avec le fabricant pour trouver une m\u00e9thode appropri\u00e9e. La construction externe de la vanne est facile \u00e0 v\u00e9rifier et \u00e0 entretenir. Une approche rationnelle doit donc \u00eatre adopt\u00e9e pour \u00e9viter tout endommagement m\u00e9canique de la vanne, la corrosion de la vanne par les s\u00e9diments pr\u00e9sents dans l&#039;atmosph\u00e8re, les substances chimiques ou les gaz humides, ainsi que la d\u00e9t\u00e9rioration de sa qualit\u00e9. Les filetages, les roulements ou les engrenages fonctionnent comme si l&#039;interface de travail devait \u00eatre lubrifi\u00e9e p\u00e9riodiquement.<\/p>\r\n\r\n\r\n\r\n<h2 class=\"wp-block-heading\">Comment fonctionne une vanne papillon \u00e9lectrique ?<\/h2>\r\n\r\n\r\n\r\n<p>Une vanne papillon est une vanne utilis\u00e9e pour r\u00e9guler le d\u00e9bit dans des canalisations de grand diam\u00e8tre dans laquelle le disque prend la forme d&#039;un disque. Le fonctionnement est similaire \u00e0 celui d&#039;un robinet \u00e0 tournant sph\u00e9rique. Une plaque ou un disque est positionn\u00e9 au centre du tuyau. Le disque est travers\u00e9 par une tige reli\u00e9e \u00e0 un actionneur situ\u00e9 \u00e0 l&#039;ext\u00e9rieur de la vanne. La rotation de l&#039;actionneur fait tourner le disque parall\u00e8lement ou perpendiculairement au flux. Contrairement \u00e0 un robinet \u00e0 tournant sph\u00e9rique, le disque est toujours pr\u00e9sent dans le d\u00e9bit, donc une chute de pression est toujours induite dans le d\u00e9bit, quelle que soit la position du robinet.<\/p>\r\n\r\n\r\n\r\n<p>Un actionneur de vanne papillon contr\u00f4le le d\u00e9bit de gaz ou de liquide au moyen d&#039;un disque qui tourne sur un axe diam\u00e9tral \u00e0 l&#039;int\u00e9rieur d&#039;un tuyau ou de deux plaques semi-circulaires articul\u00e9es sur un axe commun, qui permettent un \u00e9coulement dans un seul sens. Ces vannes papillon actionn\u00e9es offrent un mouvement de tige rotatif de 90 degr\u00e9s ou moins, dans un design compact. Contrairement aux vannes \u00e0 bille, les vannes papillon ne comportent pas de poches dans lesquelles des fluides pourraient rester pi\u00e9g\u00e9s lorsque la vanne est ferm\u00e9e.<\/p>\r\n\r\n\r\n\r\n<h2 class=\"wp-block-heading\" id=\"h-features-of-electric-actuated-butterfly-valve\">Caract\u00e9ristiques de la vanne papillon \u00e0 commande \u00e9lectrique<\/h2>\r\n\r\n\r\n\r\n<ul class=\"wp-block-list\">\r\n<li>En l&#039;absence de demande particuli\u00e8re, la vanne papillon \u00e9lectrique ZECO est g\u00e9n\u00e9ralement \u00e9quip\u00e9e d&#039;un actionneur \u00e9lectrique allemand AUMA, afin de l&#039;utiliser longtemps dans le pipeline, ZECO n&#039;utiliserait pas le prix pour changer la qualit\u00e9, notre objectif est permettre \u00e0 l&#039;utilisateur de s\u00e9lectionner ZECO car la qualit\u00e9 et la fiabilit\u00e9 des produits ZECO peuvent \u00eatre utilis\u00e9es pendant longtemps pour l&#039;utilisateur dans l&#039;utilisation \u00e0 long terme de la r\u00e9duction des co\u00fbts de maintenance du pipeline, plut\u00f4t qu&#039;un prix bas\u00a0;<\/li>\r\n<li>La vanne papillon \u00e9lectrique ZECO adopte un si\u00e8ge de vanne scell\u00e9 dur. La surface du si\u00e8ge de vanne scell\u00e9e durement peut \u00eatre soud\u00e9e en surface pour emp\u00eacher la vanne de ne pas pouvoir \u00eatre scell\u00e9e en raison d&#039;un endommagement du si\u00e8ge de vanne et de la surface d&#039;\u00e9tanch\u00e9it\u00e9 par un milieu abrasif puissant\u00a0;<\/li>\r\n<li>La tige de la vanne papillon \u00e9lectrique ZECO est con\u00e7ue dans le syst\u00e8me anti-\u00e9ruption, emp\u00eachant la tige d&#039;\u00e9clater au moment de la maintenance\u00a0;<\/li>\r\n<li>Le mat\u00e9riau de la vanne papillon \u00e9lectrique ZECO est produit conform\u00e9ment aux normes internationales\u00a0;<\/li>\r\n<li>\u00c9conomies de main d&#039;\u0153uvre\u00a0;<\/li>\r\n<li>S\u00e9curit\u00e9 des installations\u00a0;<\/li>\r\n<li>Assurance qualit\u00e9 des produits\u00a0;<\/li>\r\n<li>S\u00e9quen\u00e7age automatique.<\/li>\r\n<\/ul>\r\n\r\n\r\n\r\n<h2 class=\"wp-block-heading\" id=\"h-material-of-butterfly-valve-with-electric-actuator\">Mat\u00e9riau de la vanne papillon avec actionneur \u00e9lectrique<\/h2>\r\n\r\n\r\n\r\n<figure class=\"wp-block-table\">\r\n<table>\r\n<tbody>\r\n<tr>\r\n<td>Non<\/td>\r\n<td>Partie<\/td>\r\n<td>Mat\u00e9riau<\/td>\r\n<\/tr>\r\n<tr>\r\n<td>1<\/td>\r\n<td>Corps<\/td>\r\n<td>ASTM A216 WCB + 13Cr<\/td>\r\n<\/tr>\r\n<tr>\r\n<td>2<\/td>\r\n<td>Bague d&#039;\u00e9tanch\u00e9it\u00e9<\/td>\r\n<td>Graphite + SS304<\/td>\r\n<\/tr>\r\n<tr>\r\n<td>3<\/td>\r\n<td>Bride de retenue<\/td>\r\n<td>ASTM A105<\/td>\r\n<\/tr>\r\n<tr>\r\n<td>4<\/td>\r\n<td>\u00c9pingle<\/td>\r\n<td>ASTM A276 410<\/td>\r\n<\/tr>\r\n<tr>\r\n<td>5<\/td>\r\n<td>Disque<\/td>\r\n<td>ASTM A216 WCB<\/td>\r\n<\/tr>\r\n<tr>\r\n<td>6<\/td>\r\n<td>Tige<\/td>\r\n<td>ASTM A276 410<\/td>\r\n<\/tr>\r\n<tr>\r\n<td>7<\/td>\r\n<td>Garniture de tige<\/td>\r\n<td>Graphite<\/td>\r\n<\/tr>\r\n<tr>\r\n<td>8<\/td>\r\n<td>Battement de tige<\/td>\r\n<td>SS304 + PTFE<\/td>\r\n<\/tr>\r\n<tr>\r\n<td>9<\/td>\r\n<td>Boulon<\/td>\r\n<td>ASTM A193 B7<\/td>\r\n<\/tr>\r\n<tr>\r\n<td>10<\/td>\r\n<td>\u00c9crou<\/td>\r\n<td>ASTM A194 2H<\/td>\r\n<\/tr>\r\n<tr>\r\n<td>11<\/td>\r\n<td>Attelage<\/td>\r\n<td>ASTM A216 WCB<\/td>\r\n<\/tr>\r\n<\/tbody>\r\n<\/table>\r\n<\/figure>","protected":false},"excerpt":{"rendered":"<p>Les vannes papillon sont souvent automatis\u00e9es avec des actionneurs pneumatiques ou \u00e9lectriques. Un actionneur est un dispositif m\u00e9canique permettant de d\u00e9placer ou de contr\u00f4ler un m\u00e9canisme\u2026 <a title=\"Vanne papillon \u00e9lectrique\" class=\"read-more\" href=\"https:\/\/zecovalve.com\/fr\/produit\/electric-butterfly-valve\" aria-label=\"Plus sur Vanne Papillon \u00c9lectrique\">Lire plus<\/a><\/p>","protected":false},"featured_media":16210,"comment_status":"closed","ping_status":"closed","template":"","meta":{"_generate-full-width-content":"","kt_blocks_editor_width":""},"product_cat":[2044,2468,2604],"product_tag":[2766,2727],"class_list":["post-16209","product","type-product","status-publish","has-post-thumbnail","hentry","product_cat-butterfly-valve","product_cat-butterfly-valve-by-drive-mode","product_cat-triple-offset-butterfly-valve","product_tag-motorised-valve","product_tag-motorized-valve","sales-flash-overlay","woocommerce-text-align-center","woocommerce-image-align-center","do-quantity-buttons"],"featured_image_src_large":["https:\/\/zecovalve.com\/wp-content\/uploads\/2022\/06\/electric-butterfly-valve.jpg",800,600,false],"author_info":[],"comment_info":0,"taxonomy_info":{"product_cat":[{"value":2044,"label":"Butterfly Valve"},{"value":2468,"label":"Butterfly Valve By Drive Mode"},{"value":2604,"label":"Triple Offset Butterfly Valve"}],"product_tag":[{"value":2766,"label":"Motorised Valve"},{"value":2727,"label":"Motorized Valve"}]},"yoast_head":"<!-- This site is optimized with the Yoast SEO Premium plugin v15.4 - https:\/\/yoast.com\/wordpress\/plugins\/seo\/ -->\n<title>Electric Butterfly Valve - Electric Actuated Butterfly Valve | ZECO Valve<\/title>\n<meta name=\"robots\" content=\"index, follow, max-snippet:-1, max-image-preview:large, max-video-preview:-1\" \/>\n<link rel=\"canonical\" href=\"https:\/\/zecovalve.com\/fr\/produit\/electric-butterfly-valve\" \/>\n<meta property=\"og:locale\" content=\"fr_FR\" \/>\n<meta property=\"og:type\" content=\"article\" \/>\n<meta property=\"og:title\" content=\"Electric Butterfly Valve - Electric Actuated Butterfly Valve | ZECO Valve\" \/>\n<meta property=\"og:description\" content=\"Butterfly valves are often automated with pneumatic or electric actuators. An actuator is a mechanical device for moving or controlling a mechanism ... Lire plus\" \/>\n<meta property=\"og:url\" content=\"https:\/\/zecovalve.com\/fr\/produit\/electric-butterfly-valve\" \/>\n<meta property=\"og:site_name\" content=\"ZECO Valve\" \/>\n<meta property=\"article:modified_time\" content=\"2022-09-01T00:50:44+00:00\" \/>\n<meta property=\"og:image\" content=\"https:\/\/zecovalve.com\/wp-content\/uploads\/2022\/06\/electric-butterfly-valve.jpg\" \/>\n\t<meta property=\"og:image:width\" content=\"800\" \/>\n\t<meta property=\"og:image:height\" content=\"600\" \/>\n<meta name=\"twitter:card\" content=\"summary_large_image\" \/>\n<meta name=\"twitter:label1\" content=\"\u00c9crit par\">\n\t<meta name=\"twitter:data1\" content=\"Jerry\">\n\t<meta name=\"twitter:label2\" content=\"Dur\u00e9e de lecture estim\u00e9e\">\n\t<meta name=\"twitter:data2\" content=\"3 minutes\">\n<script type=\"application\/ld+json\" class=\"yoast-schema-graph\">{\"@context\":\"https:\/\/schema.org\",\"@graph\":[{\"@type\":\"WebSite\",\"@id\":\"https:\/\/zecovalve.com\/#website\",\"url\":\"https:\/\/zecovalve.com\/\",\"name\":\"ZECO Valve\",\"description\":\"Industrial Ball Valve, Gate Valve and Globe Valve Manufacturer\",\"potentialAction\":[{\"@type\":\"SearchAction\",\"target\":\"https:\/\/zecovalve.com\/?s={search_term_string}\",\"query-input\":\"required name=search_term_string\"}],\"inLanguage\":\"fr-FR\"},{\"@type\":\"ImageObject\",\"@id\":\"https:\/\/zecovalve.com\/product\/electric-butterfly-valve#primaryimage\",\"inLanguage\":\"fr-FR\",\"url\":\"https:\/\/zecovalve.com\/wp-content\/uploads\/2022\/06\/electric-butterfly-valve.jpg\",\"width\":800,\"height\":600,\"caption\":\"Electric Butterfly Valve\"},{\"@type\":\"WebPage\",\"@id\":\"https:\/\/zecovalve.com\/product\/electric-butterfly-valve#webpage\",\"url\":\"https:\/\/zecovalve.com\/product\/electric-butterfly-valve\",\"name\":\"Electric Butterfly Valve - Electric Actuated Butterfly Valve | ZECO Valve\",\"isPartOf\":{\"@id\":\"https:\/\/zecovalve.com\/#website\"},\"primaryImageOfPage\":{\"@id\":\"https:\/\/zecovalve.com\/product\/electric-butterfly-valve#primaryimage\"},\"datePublished\":\"2022-06-19T16:01:25+00:00\",\"dateModified\":\"2022-09-01T00:50:44+00:00\",\"breadcrumb\":{\"@id\":\"https:\/\/zecovalve.com\/product\/electric-butterfly-valve#breadcrumb\"},\"inLanguage\":\"fr-FR\",\"potentialAction\":[{\"@type\":\"ReadAction\",\"target\":[\"https:\/\/zecovalve.com\/product\/electric-butterfly-valve\"]}]},{\"@type\":\"BreadcrumbList\",\"@id\":\"https:\/\/zecovalve.com\/product\/electric-butterfly-valve#breadcrumb\",\"itemListElement\":[{\"@type\":\"ListItem\",\"position\":1,\"item\":{\"@type\":\"WebPage\",\"@id\":\"https:\/\/zecovalve.com\/\",\"url\":\"https:\/\/zecovalve.com\/\",\"name\":\"Home\"}},{\"@type\":\"ListItem\",\"position\":2,\"item\":{\"@type\":\"WebPage\",\"@id\":\"https:\/\/zecovalve.com\/product-category\",\"url\":\"https:\/\/zecovalve.com\/product-category\",\"name\":\"Industrial Valve Manufacturer | Water Valve Manufacturer\"}},{\"@type\":\"ListItem\",\"position\":3,\"item\":{\"@type\":\"WebPage\",\"@id\":\"https:\/\/zecovalve.com\/product\/electric-butterfly-valve\",\"url\":\"https:\/\/zecovalve.com\/product\/electric-butterfly-valve\",\"name\":\"Electric Butterfly Valve\"}}]}]}<\/script>\n<!-- \/ Yoast SEO Premium plugin. -->","_links":{"self":[{"href":"https:\/\/zecovalve.com\/fr\/wp-json\/wp\/v2\/product\/16209","targetHints":{"allow":["GET"]}}],"collection":[{"href":"https:\/\/zecovalve.com\/fr\/wp-json\/wp\/v2\/product"}],"about":[{"href":"https:\/\/zecovalve.com\/fr\/wp-json\/wp\/v2\/types\/product"}],"replies":[{"embeddable":true,"href":"https:\/\/zecovalve.com\/fr\/wp-json\/wp\/v2\/comments?post=16209"}],"wp:featuredmedia":[{"embeddable":true,"href":"https:\/\/zecovalve.com\/fr\/wp-json\/wp\/v2\/media\/16210"}],"wp:attachment":[{"href":"https:\/\/zecovalve.com\/fr\/wp-json\/wp\/v2\/media?parent=16209"}],"wp:term":[{"taxonomy":"product_cat","embeddable":true,"href":"https:\/\/zecovalve.com\/fr\/wp-json\/wp\/v2\/product_cat?post=16209"},{"taxonomy":"product_tag","embeddable":true,"href":"https:\/\/zecovalve.com\/fr\/wp-json\/wp\/v2\/product_tag?post=16209"}],"curies":[{"name":"wp","href":"https:\/\/api.w.org\/{rel}","templated":true}]}}