{"id":16241,"date":"2022-06-20T09:01:32","date_gmt":"2022-06-20T09:01:32","guid":{"rendered":"https:\/\/zecovalve.com\/?post_type=product&#038;p=16241"},"modified":"2022-07-23T13:33:54","modified_gmt":"2022-07-23T13:33:54","slug":"cryogenic-butterfly-valve","status":"publish","type":"product","link":"https:\/\/zecovalve.com\/fr\/produit\/cryogenic-butterfly-valve","title":{"rendered":"Vanne papillon cryog\u00e9nique"},"content":{"rendered":"ZECO Valve propose une s\u00e9rie de vannes cryog\u00e9niques de haute qualit\u00e9 \u00e9prouv\u00e9e, comme le d\u00e9montrent les preuves techniques. Nous proposons des vannes \u00e0 vanne, \u00e0 globe, \u00e0 clapet, \u00e0 papillon et \u00e0 bille en acier inoxydable et en acier au carbone moul\u00e9 pour le traitement, le stockage, l&#039;exp\u00e9dition et la distribution de fluides cryog\u00e9niques jusqu&#039;\u00e0 -196 \u2103.\r\n\r\n\r\n\r\n\r\n<figure class=\"wp-block-image alignnone size-medium wp-image-16242\"><img loading=\"lazy\" decoding=\"async\" width=\"300\" height=\"225\" class=\"wp-image-16242\" src=\"https:\/\/zecovalve.com\/wp-content\/uploads\/2022\/06\/cryogenic-butterfly-valve-300x225.jpg\" alt=\"Vanne papillon cryog\u00e9nique\" srcset=\"https:\/\/zecovalve.com\/wp-content\/uploads\/2022\/06\/cryogenic-butterfly-valve-300x225.jpg 300w, https:\/\/zecovalve.com\/wp-content\/uploads\/2022\/06\/cryogenic-butterfly-valve-768x576.jpg 768w, https:\/\/zecovalve.com\/wp-content\/uploads\/2022\/06\/cryogenic-butterfly-valve-600x450.jpg 600w, https:\/\/zecovalve.com\/wp-content\/uploads\/2022\/06\/cryogenic-butterfly-valve.jpg 800w\" sizes=\"auto, (max-width: 300px) 100vw, 300px\" \/><\/figure>\r\n\r\n\r\n<div class=\"gb-button-wrapper gb-button-wrapper-6d8495a3\">\r\n\r\n<a class=\"gb-button gb-button-3d442e11 gb-button-text\" href=\"https:\/\/zecovalve.com\/fr\/contact\/\" target=\"_blank\" rel=\"noopener noreferrer\"><strong>OBTENIR LE PRIX DE LA VALVE PAPILLON CRYOG\u00c9NIQUE<\/strong><\/a>\r\n\r\n<\/div>\r\n\r\n\r\n\r\n\r\n<h2 class=\"wp-block-heading\" id=\"h-what-is-a-cryogenic-butterfly-valve\">Qu'est-ce qu'une vanne papillon cryog\u00e9nique ?<\/h2>\r\n\r\n\r\n\r\n\r\nLa vanne papillon ZECO pour service cryog\u00e9nique est con\u00e7ue pour un service d&#039;arr\u00eat et d&#039;\u00e9tranglement \u00e9tanche. Le mouvement du disque est triple offset. Cela \u00e9limine les points d&#039;usure concentr\u00e9s sur la bague d&#039;\u00e9tanch\u00e9it\u00e9 et prolonge sa dur\u00e9e de vie. Les mod\u00e8les de corps standard sont des types \u00e0 brides et soud\u00e9s bout \u00e0 bout. Le type soud\u00e9 bout \u00e0 bout a un corps allong\u00e9 pour emp\u00eacher la conduction thermique vers la zone d&#039;\u00e9tanch\u00e9it\u00e9 pendant l&#039;installation par soudage. Une porte d&#039;inspection sur le dessus du corps permet une inspection, une maintenance et un remplacement faciles des pi\u00e8ces internes sans qu&#039;il soit n\u00e9cessaire de retirer la vanne ou de couper le tuyau. Pour \u00e9viter les contraintes internes dans le chapeau pendant la p\u00e9riode de refroidissement, tous les joints du chapeau sont boulonn\u00e9s. Ce capot est allong\u00e9 pour garantir que la zone du presse-\u00e9toupe reste \u00e0 l&#039;abri du gel m\u00eame \u00e0 des temp\u00e9ratures allant jusqu&#039;\u00e0 -196 \u00b0C. La vanne peut \u00eatre install\u00e9e avec l&#039;arbre dans n&#039;importe quelle direction. Le per\u00e7age de la bride sup\u00e9rieure est conforme aux normes ISO 5211 pour s&#039;adapter \u00e0 une large gamme d&#039;engrenages et d&#039;actionneurs.\r\n\r\n\r\n\r\n\r\n<h2 class=\"wp-block-heading\">Gamme de produits de la vanne papillon cryog\u00e9nique<\/h2>\r\n\r\n\r\n\r\n<ul class=\"wp-block-list\">\r\n \t<li>Vanne papillon pour service cryog\u00e9nique (-196 \u00e0 ~ +100 degr. C)<\/li>\r\n \t<li>Pression nominale : Vide jusqu&#039;\u00e0 75 bar (CL 300)<\/li>\r\n \t<li>Taille\u00a0: 100 mm (4 pouces) jusqu&#039;\u00e0 600 mm (24 pouces)<\/li>\r\n \t<li>Conception bidirectionnelle. Pression de service 10barg<\/li>\r\n \t<li>Avec extr\u00e9mit\u00e9s \u00e0 souder bout \u00e0 bout ou \u00e0 brides<\/li>\r\n \t<li>Avec acc\u00e8s inspection\/maintenance (entr\u00e9e lat\u00e9rale)<\/li>\r\n \t<li>Arbre \u00e0 double d\u00e9port (pour le type \u00e0 si\u00e8ge m\u00e9tallique \u00e0 triple d\u00e9port, voir page 9)<\/li>\r\n \t<li>Arbre solide en double pi\u00e8ce<\/li>\r\n \t<li>La vanne peut \u00eatre install\u00e9e dans n&#039;importe quelle orientation<\/li>\r\n \t<li>Conformit\u00e9 \u00e0 la norme : BS 6364 Vannes pour service cryog\u00e9nique<\/li>\r\n \t<li>S\u00e9curit\u00e9 incendie approuv\u00e9e conform\u00e9ment \u00e0 la norme BS 6755<\/li>\r\n \t<li>Capot\/arbre allong\u00e9 pour un acc\u00e8s s\u00e9curis\u00e9<\/li>\r\n<\/ul>\r\n\r\n\r\n\r\n<h2 class=\"wp-block-heading\">Applications de la vanne papillon cryog\u00e9nique<\/h2>\r\n\r\n\r\n\r\n\r\nLes applications les plus typiques des vannes cryog\u00e9niques sont le gaz naturel, les terminaux de r\u00e9ception de GNL, les trains de GNL, le stockage de GNL, les m\u00e9thaniers, etc. Les produits ZECO sont \u00e9galement utilis\u00e9s dans un large \u00e9ventail d&#039;industries, par exemple les centrales chimiques et p\u00e9trochimiques, nucl\u00e9aires et conventionnelles. , offshore et largement dans l&#039;industrie du gaz industriel.\r\n\r\n\r\n\r\n\r\n<h2 class=\"wp-block-heading\" id=\"h-features-of-cryogenic-butterfly-valve\">Caract\u00e9ristiques de la vanne papillon cryog\u00e9nique :<\/h2>\r\n\r\n\r\n\r\n<ul class=\"wp-block-list\">\r\n \t<li>Cryog\u00e9nique par conception\r\n<ul>\r\n \t<li>Les vannes papillon cryog\u00e9niques sont sp\u00e9cialement con\u00e7ues pour les services \u00e0 temp\u00e9rature de conduite inf\u00e9rieure \u00e0 z\u00e9ro. Ces vannes g\u00e8rent les fluides cryog\u00e9niques de mani\u00e8re efficace et fiable avec des exigences de maintenance minimales.<\/li>\r\n<\/ul>\r\n<\/li>\r\n \t<li>Compact pour un meilleur contr\u00f4le de la temp\u00e9rature\r\n<ul>\r\n \t<li>La taille compacte des vannes de type plaquette et cosse permet des temps de stabilisation de la temp\u00e9rature minimaux lors du chauffage ou du refroidissement de la ligne.<\/li>\r\n<\/ul>\r\n<\/li>\r\n \t<li>Flexibilit\u00e9 des applications\r\n<ul>\r\n \t<li>Les mat\u00e9riaux de construction en acier inoxydable offrent une flexibilit\u00e9 de service et des applications multim\u00e9dias maximales.<\/li>\r\n<\/ul>\r\n<\/li>\r\n \t<li>Con\u00e7u pour un actionnement et un r\u00e9glage facile\r\n<ul>\r\n \t<li>Les extensions d&#039;arbre et de chapeau int\u00e9gralement soud\u00e9es permettent de monter les actionneurs de vanne bien au-dessus de l&#039;isolation du pipeline et permettent un r\u00e9glage facile de la pression du presse-\u00e9toupe de la tige.<\/li>\r\n<\/ul>\r\n<\/li>\r\n<\/ul>\r\n\r\n\r\n\r\n<h2 class=\"wp-block-heading\" id=\"h-material-of-cryogenic-butterfly-valve\">Mat\u00e9riau de la vanne papillon cryog\u00e9nique<\/h2>\r\n\r\n\r\n\r\n<figure class=\"wp-block-table\">\r\n<table>\r\n<tbody>\r\n<tr>\r\n<td>Non<\/td>\r\n<td>Partie<\/td>\r\n<td>Mat\u00e9riau<\/td>\r\n<\/tr>\r\n<tr>\r\n<td>1<\/td>\r\n<td>Corps<\/td>\r\n<td>ASTM A351 CF3M<\/td>\r\n<\/tr>\r\n<tr>\r\n<td>2<\/td>\r\n<td>Bague d&#039;\u00e9tanch\u00e9it\u00e9<\/td>\r\n<td>Graphite + SS316L<\/td>\r\n<\/tr>\r\n<tr>\r\n<td>3<\/td>\r\n<td>Bride de retenue<\/td>\r\n<td>ASTM A182 F316L<\/td>\r\n<\/tr>\r\n<tr>\r\n<td>4<\/td>\r\n<td>\u00c9pingle<\/td>\r\n<td>ASTM A276 316L<\/td>\r\n<\/tr>\r\n<tr>\r\n<td>5<\/td>\r\n<td>Disque<\/td>\r\n<td>ASTM A351 CF3M<\/td>\r\n<\/tr>\r\n<tr>\r\n<td>6<\/td>\r\n<td>Tige<\/td>\r\n<td>ASTM A276 316L<\/td>\r\n<\/tr>\r\n<tr>\r\n<td>7<\/td>\r\n<td>Garniture de tige<\/td>\r\n<td>Graphite<\/td>\r\n<\/tr>\r\n<tr>\r\n<td>8<\/td>\r\n<td>Battement de tige<\/td>\r\n<td>SS316L + R.TFE<\/td>\r\n<\/tr>\r\n<tr>\r\n<td>9<\/td>\r\n<td>Boulon<\/td>\r\n<td>ASTM A193 B8M<\/td>\r\n<\/tr>\r\n<tr>\r\n<td>10<\/td>\r\n<td>\u00c9crou<\/td>\r\n<td>ASTM A194 8M<\/td>\r\n<\/tr>\r\n<tr>\r\n<td>11<\/td>\r\n<td>Attelage<\/td>\r\n<td>ASTM A351 CF3M<\/td>\r\n<\/tr>\r\n<\/tbody>\r\n<\/table>\r\n<\/figure>","protected":false},"excerpt":{"rendered":"<p>ZECO Valve propose une s\u00e9rie de vannes cryog\u00e9niques de haute qualit\u00e9 \u00e9prouv\u00e9e, comme le d\u00e9montrent les preuves techniques. Nous proposons de l&#039;acier inoxydable et\u2026 <a title=\"Vanne papillon cryog\u00e9nique\" class=\"read-more\" href=\"https:\/\/zecovalve.com\/fr\/produit\/cryogenic-butterfly-valve\" aria-label=\"Plus sur Vanne Papillon Cryog\u00e9nique\">Lire plus<\/a><\/p>","protected":false},"featured_media":16242,"comment_status":"closed","ping_status":"closed","template":"","meta":{"_generate-full-width-content":"","kt_blocks_editor_width":""},"product_cat":[2044,2469,2604],"product_tag":[],"class_list":["post-16241","product","type-product","status-publish","has-post-thumbnail","hentry","product_cat-butterfly-valve","product_cat-butterfly-valve-by-material","product_cat-triple-offset-butterfly-valve","sales-flash-overlay","woocommerce-text-align-center","woocommerce-image-align-center","do-quantity-buttons"],"featured_image_src_large":["https:\/\/zecovalve.com\/wp-content\/uploads\/2022\/06\/cryogenic-butterfly-valve.jpg",800,600,false],"author_info":[],"comment_info":0,"taxonomy_info":{"product_cat":[{"value":2044,"label":"Butterfly Valve"},{"value":2469,"label":"Butterfly Valve By Material"},{"value":2604,"label":"Triple Offset Butterfly Valve"}]},"yoast_head":"<!-- This site is optimized with the Yoast SEO Premium plugin v15.4 - https:\/\/yoast.com\/wordpress\/plugins\/seo\/ -->\n<title>Cryogenic Butterfly Valve - Cryogenic Valve Manufacturer | ZECO Valve<\/title>\n<meta name=\"robots\" content=\"index, follow, max-snippet:-1, max-image-preview:large, max-video-preview:-1\" \/>\n<link rel=\"canonical\" href=\"https:\/\/zecovalve.com\/fr\/produit\/cryogenic-butterfly-valve\" \/>\n<meta property=\"og:locale\" content=\"fr_FR\" \/>\n<meta property=\"og:type\" content=\"article\" \/>\n<meta property=\"og:title\" content=\"Cryogenic Butterfly Valve - Cryogenic Valve Manufacturer | ZECO Valve\" \/>\n<meta property=\"og:description\" content=\"ZECO Valve offers a series of cryogenic valves of proven high quality, as demonstrated by technical evidence. We offer stainless steel and ... Lire plus\" \/>\n<meta property=\"og:url\" content=\"https:\/\/zecovalve.com\/fr\/produit\/cryogenic-butterfly-valve\" \/>\n<meta property=\"og:site_name\" content=\"ZECO Valve\" \/>\n<meta property=\"article:modified_time\" content=\"2022-07-23T13:33:54+00:00\" \/>\n<meta property=\"og:image\" content=\"https:\/\/zecovalve.com\/wp-content\/uploads\/2022\/06\/cryogenic-butterfly-valve.jpg\" \/>\n\t<meta property=\"og:image:width\" content=\"800\" \/>\n\t<meta property=\"og:image:height\" content=\"600\" \/>\n<meta name=\"twitter:card\" content=\"summary_large_image\" \/>\n<meta name=\"twitter:label1\" content=\"\u00c9crit par\">\n\t<meta name=\"twitter:data1\" content=\"Jerry\">\n\t<meta name=\"twitter:label2\" content=\"Dur\u00e9e de lecture estim\u00e9e\">\n\t<meta name=\"twitter:data2\" content=\"2 minutes\">\n<script type=\"application\/ld+json\" class=\"yoast-schema-graph\">{\"@context\":\"https:\/\/schema.org\",\"@graph\":[{\"@type\":\"WebSite\",\"@id\":\"https:\/\/zecovalve.com\/#website\",\"url\":\"https:\/\/zecovalve.com\/\",\"name\":\"ZECO Valve\",\"description\":\"Industrial Ball Valve, Gate Valve and Globe Valve Manufacturer\",\"potentialAction\":[{\"@type\":\"SearchAction\",\"target\":\"https:\/\/zecovalve.com\/?s={search_term_string}\",\"query-input\":\"required name=search_term_string\"}],\"inLanguage\":\"fr-FR\"},{\"@type\":\"ImageObject\",\"@id\":\"https:\/\/zecovalve.com\/product\/cryogenic-butterfly-valve#primaryimage\",\"inLanguage\":\"fr-FR\",\"url\":\"https:\/\/zecovalve.com\/wp-content\/uploads\/2022\/06\/cryogenic-butterfly-valve.jpg\",\"width\":800,\"height\":600,\"caption\":\"Cryogenic Butterfly Valve\"},{\"@type\":\"WebPage\",\"@id\":\"https:\/\/zecovalve.com\/product\/cryogenic-butterfly-valve#webpage\",\"url\":\"https:\/\/zecovalve.com\/product\/cryogenic-butterfly-valve\",\"name\":\"Cryogenic Butterfly Valve - Cryogenic Valve Manufacturer | ZECO Valve\",\"isPartOf\":{\"@id\":\"https:\/\/zecovalve.com\/#website\"},\"primaryImageOfPage\":{\"@id\":\"https:\/\/zecovalve.com\/product\/cryogenic-butterfly-valve#primaryimage\"},\"datePublished\":\"2022-06-20T09:01:32+00:00\",\"dateModified\":\"2022-07-23T13:33:54+00:00\",\"breadcrumb\":{\"@id\":\"https:\/\/zecovalve.com\/product\/cryogenic-butterfly-valve#breadcrumb\"},\"inLanguage\":\"fr-FR\",\"potentialAction\":[{\"@type\":\"ReadAction\",\"target\":[\"https:\/\/zecovalve.com\/product\/cryogenic-butterfly-valve\"]}]},{\"@type\":\"BreadcrumbList\",\"@id\":\"https:\/\/zecovalve.com\/product\/cryogenic-butterfly-valve#breadcrumb\",\"itemListElement\":[{\"@type\":\"ListItem\",\"position\":1,\"item\":{\"@type\":\"WebPage\",\"@id\":\"https:\/\/zecovalve.com\/\",\"url\":\"https:\/\/zecovalve.com\/\",\"name\":\"Home\"}},{\"@type\":\"ListItem\",\"position\":2,\"item\":{\"@type\":\"WebPage\",\"@id\":\"https:\/\/zecovalve.com\/product-category\",\"url\":\"https:\/\/zecovalve.com\/product-category\",\"name\":\"Industrial Valve Manufacturer | Water Valve Manufacturer\"}},{\"@type\":\"ListItem\",\"position\":3,\"item\":{\"@type\":\"WebPage\",\"@id\":\"https:\/\/zecovalve.com\/product\/cryogenic-butterfly-valve\",\"url\":\"https:\/\/zecovalve.com\/product\/cryogenic-butterfly-valve\",\"name\":\"Cryogenic Butterfly Valve\"}}]}]}<\/script>\n<!-- \/ Yoast SEO Premium plugin. -->","_links":{"self":[{"href":"https:\/\/zecovalve.com\/fr\/wp-json\/wp\/v2\/product\/16241","targetHints":{"allow":["GET"]}}],"collection":[{"href":"https:\/\/zecovalve.com\/fr\/wp-json\/wp\/v2\/product"}],"about":[{"href":"https:\/\/zecovalve.com\/fr\/wp-json\/wp\/v2\/types\/product"}],"replies":[{"embeddable":true,"href":"https:\/\/zecovalve.com\/fr\/wp-json\/wp\/v2\/comments?post=16241"}],"wp:featuredmedia":[{"embeddable":true,"href":"https:\/\/zecovalve.com\/fr\/wp-json\/wp\/v2\/media\/16242"}],"wp:attachment":[{"href":"https:\/\/zecovalve.com\/fr\/wp-json\/wp\/v2\/media?parent=16241"}],"wp:term":[{"taxonomy":"product_cat","embeddable":true,"href":"https:\/\/zecovalve.com\/fr\/wp-json\/wp\/v2\/product_cat?post=16241"},{"taxonomy":"product_tag","embeddable":true,"href":"https:\/\/zecovalve.com\/fr\/wp-json\/wp\/v2\/product_tag?post=16241"}],"curies":[{"name":"wp","href":"https:\/\/api.w.org\/{rel}","templated":true}]}}