{"id":16245,"date":"2022-06-20T09:04:23","date_gmt":"2022-06-20T09:04:23","guid":{"rendered":"https:\/\/zecovalve.com\/?post_type=product&#038;p=16245"},"modified":"2022-09-01T00:56:22","modified_gmt":"2022-09-01T00:56:22","slug":"motorized-butterfly-valve","status":"publish","type":"product","link":"https:\/\/zecovalve.com\/fr\/produit\/motorized-butterfly-valve","title":{"rendered":"Vanne papillon motoris\u00e9e"},"content":{"rendered":"<p>La vanne papillon \u00e0 commande \u00e9lectrique est utilis\u00e9e pour le contr\u00f4le tout ou rien de l&#039;eau et d&#039;autres fluides compatibles avec les mat\u00e9riaux de construction.<\/p>\r\n\r\n\r\n\r\n<figure class=\"wp-block-image alignnone size-medium wp-image-16246\"><img loading=\"lazy\" decoding=\"async\" width=\"300\" height=\"225\" class=\"wp-image-16246\" src=\"https:\/\/zecovalve.com\/wp-content\/uploads\/2022\/06\/motorized-butterfly-valve-300x225.jpg\" alt=\"Vanne papillon motoris\u00e9e\" srcset=\"https:\/\/zecovalve.com\/wp-content\/uploads\/2022\/06\/motorized-butterfly-valve-300x225.jpg 300w, https:\/\/zecovalve.com\/wp-content\/uploads\/2022\/06\/motorized-butterfly-valve-768x576.jpg 768w, https:\/\/zecovalve.com\/wp-content\/uploads\/2022\/06\/motorized-butterfly-valve-600x450.jpg 600w, https:\/\/zecovalve.com\/wp-content\/uploads\/2022\/06\/motorized-butterfly-valve.jpg 800w\" sizes=\"auto, (max-width: 300px) 100vw, 300px\" \/><\/figure>\r\n\r\n\r\n<div class=\"gb-button-wrapper gb-button-wrapper-6d8495a3\">\r\n\r\n\r\n<p><a class=\"gb-button gb-button-3d442e11 gb-button-text\" href=\"mailto:commercial@zecovalve.com\" target=\"_blank\" rel=\"noopener noreferrer\"><strong>OBTENEZ LE PRIX DE LA VANNE PAPILLON MOTORIS\u00c9E<\/strong><\/a><\/p>\r\n<\/div>\r\n\r\n\r\n\r\n\r\n<h2 class=\"wp-block-heading\" id=\"h-what-is-a-motorized-butterfly-valve\">Qu&#039;est-ce qu&#039;une vanne papillon motoris\u00e9e ?<\/h2>\r\n\r\n\r\n\r\n<p>Une vanne papillon motoris\u00e9e est un type de vanne qui peut \u00eatre utilis\u00e9e pour isoler ou r\u00e9guler le d\u00e9bit. Le m\u00e9canisme de fermeture est le disque situ\u00e9 au centre du corps de la vanne. Le disque est reli\u00e9 \u00e0 une poign\u00e9e ou \u00e0 un actionneur via l&#039;arbre, qui passe du disque \u00e0 travers le haut du corps de la vanne.<\/p>\r\n\r\n\r\n\r\n<p>La vanne papillon motoris\u00e9e ZECO convient \u00e0 l&#039;occasion de r\u00e9gulation de d\u00e9bit. \u00c9tant donn\u00e9 que les composants du disque et de la tige de la vanne papillon ont toujours le probl\u00e8me de r\u00e9sister au d\u00e9bit de fluide dans la canalisation, la perte de pression de la vanne papillon est toujours sup\u00e9rieure \u00e0 celle du robinet-vanne. Par cons\u00e9quent, l\u2019influence de la perte de pression doit \u00eatre prise en compte lors de la s\u00e9lection d\u2019une vanne papillon motoris\u00e9e comme vanne de r\u00e9gulation ou de commutation. Mais la structure de la longueur de la vanne papillon est courte, la hauteur totale sera courte par rapport aux autres vannes, en m\u00eame temps la vitesse d&#039;ouverture par \u00e9lectrique, engrenage ou poign\u00e9e est plus rapide que de nombreuses autres vannes, en m\u00eame temps a un bon contr\u00f4le du d\u00e9bit caract\u00e9ristiques, de sorte que l&#039;utilisation de la gamme de vannes papillon motoris\u00e9es est tr\u00e8s large, g\u00e9n\u00e9ralement car la r\u00e9gulation des vannes motoris\u00e9es et des vannes de commutation motoris\u00e9es est utilis\u00e9e dans le p\u00e9trole, l&#039;industrie chimique, les centrales \u00e9lectriques, l&#039;industrie pharmaceutique, la construction navale, la m\u00e9tallurgie et d&#039;autres domaines industriels, en m\u00eame temps temps comme syst\u00e8me de canalisation de la vanne d&#039;arr\u00eat, de la vanne de commande et du clapet anti-retour. ZECO, en tant que fabricant professionnel de vannes papillon motoris\u00e9es, utilise g\u00e9n\u00e9ralement des vannes papillon \u00e0 triple excentrique ou double excentrique scell\u00e9es en m\u00e9tal sp\u00e9cialement con\u00e7ues comme produits recommand\u00e9s pour les utilisateurs soumis \u00e0 des conditions de travail particuli\u00e8res.<\/p>\r\n\r\n\r\n\r\n<h2 class=\"wp-block-heading\">Comment fonctionne une vanne papillon motoris\u00e9e ?<\/h2>\r\n\r\n\r\n\r\n<p>Une vanne papillon motoris\u00e9e fonctionne en modifiant la position d&#039;un disque rond situ\u00e9 \u00e0 l&#039;int\u00e9rieur d&#039;un pipeline. Le disque a la taille de la circonf\u00e9rence du tuyau, ce qui lui permet de cr\u00e9er une \u00e9tanch\u00e9it\u00e9 fiable dans les cas o\u00f9 il est n\u00e9cessaire de restreindre ou d&#039;arr\u00eater le flux des fluides de traitement. Les vannes papillon motoris\u00e9es sont disponibles dans une vari\u00e9t\u00e9 de tailles, de sorte que toute usine pourra en commander une qui s&#039;adapte et fonctionne sp\u00e9cifiquement dans ses canalisations. Les gammes de tailles les plus courantes pour les vannes papillon et leurs disques se situent entre quelques pouces et quelques pieds, bien que les applications industrielles plus importantes de cette vanne particuli\u00e8re puissent s&#039;\u00e9tendre un peu plus que ces gammes typiques.<\/p>\r\n\r\n\r\n\r\n<p>Lorsqu\u2019un disque de vanne papillon motoris\u00e9e est en position ferm\u00e9e, la canalisation est compl\u00e8tement bloqu\u00e9e et le d\u00e9bit est arr\u00eat\u00e9. Le disque de la vanne est fix\u00e9 \u00e0 l&#039;arbre de la vanne, qui est ensuite command\u00e9 par un moteur. Lorsque ce moteur d\u00e9place la vanne en position ouverte, le disque est parall\u00e8le \u00e0 la canalisation et les liquides peuvent s&#039;\u00e9couler devant le disque de chaque c\u00f4t\u00e9. Il y a toujours une baisse du d\u00e9bit car le disque lui-m\u00eame est toujours pr\u00e9sent dans la canalisation. Cependant, le flux est autoris\u00e9 \u00e0 passer. Si le d\u00e9bit doit \u00eatre \u00e9trangl\u00e9, contr\u00f4l\u00e9 ou r\u00e9gul\u00e9 en fonction du volume lorsque la production doit changer, le moteur peut faire tourner le disque dans une position o\u00f9 il est partiellement ouvert. Si une quantit\u00e9 variable de d\u00e9bit volumique de fluide de traitement est n\u00e9cessaire pour la production, la vanne papillon motoris\u00e9e peut s&#039;ajuster pendant le processus pour fournir des quantit\u00e9s appropri\u00e9es de liquide.<\/p>\r\n\r\n\r\n\r\n<h2 class=\"wp-block-heading\">Applications de la vanne papillon \u00e0 commande \u00e9lectrique<\/h2>\r\n\r\n\r\n\r\n<p>Les vannes papillon sont des vannes d&#039;isolement utilis\u00e9es sur les r\u00e9seaux d&#039;adduction d&#039;eau, dans les interconnexions de r\u00e9seaux, dans les usines, dans les stations de pompage, sur les r\u00e9seaux g\u00e9n\u00e9raux, et sur les r\u00e9seaux de protection incendie des sites industriels.<\/p>\r\n\r\n\r\n\r\n<h2 class=\"wp-block-heading\" id=\"h-features-of-motorized-butterfly-valves\">Caract\u00e9ristiques des vannes papillon motoris\u00e9es<\/h2>\r\n\r\n\r\n\r\n<ul class=\"wp-block-list\">\r\n<li>1. Le support de montage de la vanne papillon motoris\u00e9e ZECO est con\u00e7u selon la norme ISO 5211. Il est facile pour l&#039;utilisateur de configurer l&#039;actionneur \u00e9lectrique standard par lui-m\u00eame ou directement via la livraison de l&#039;actionneur \u00e9lectrique enti\u00e8rement configur\u00e9 de ZECO\u00a0;<\/li>\r\n<li>2. Les tiges sup\u00e9rieure et inf\u00e9rieure de la vanne papillon motoris\u00e9e ZECO sont con\u00e7ues pour anti-\u00e9clatement. Cette conception \u00e9vite le risque d\u2019\u00e9ruption lorsqu\u2019un entretien est requis\u00a0;<\/li>\r\n<li>3. Le joint de la vanne papillon motoris\u00e9e ZECO est con\u00e7u pour la s\u00e9curit\u00e9 incendie. Le scellement n\u2019est pas r\u00e9silient et peut r\u00e9pondre aux exigences des tests d\u2019incendie API 607\u00a0;<\/li>\r\n<li>4. Le couple de la vanne papillon motoris\u00e9e ZECO est faible. Les utilisateurs peuvent associer une vitesse inf\u00e9rieure \u00e0 celle de l&#039;actionneur \u00e9lectrique conventionnel, ce qui permet d&#039;\u00e9conomiser des co\u00fbts.<\/li>\r\n<li>La protection contre les surcharges assure la s\u00e9curit\u00e9 de la vanne et de votre projet<\/li>\r\n<li>Plusieurs m\u00e9thodes de contr\u00f4le au choix<\/li>\r\n<li>Classe de protection r\u00e9sistante aux intemp\u00e9ries, adapt\u00e9e aux utilisations en ext\u00e9rieur<\/li>\r\n<li>Norme de montage ISO 5211 qui pourrait convenir \u00e0 tous les types de vanne papillon<\/li>\r\n<li>Disponible en ajustant l&#039;angle d&#039;ouverture\/fermeture pour faciliter le contr\u00f4le du d\u00e9bit<\/li>\r\n<li>Contr\u00f4le de qualit\u00e9 strict avec ISO9001:2015 pour garantir un faible taux de d\u00e9faillance de l&#039;actionneur<\/li>\r\n<li>Fournissez des vannes papillon \u00e0 plaquettes\/\u00e0 crampons\/\u00e0 brides\/\u00e0 trois pinces pour r\u00e9pondre aux exigences de votre pipeline.<\/li>\r\n<li>Large gamme de tailles au choix et pouvant r\u00e9pondre \u00e0 la taille de votre pipeline.<\/li>\r\n<li>Installation facile et entretien facile. Longue dur\u00e9e de vie.<\/li>\r\n<li>Toutes les vannes papillon ont r\u00e9ussi le test de mat\u00e9riau. Respectueux de la nature.<\/li>\r\n<li>Haut d\u00e9bit, l\u00e9ger, plusieurs types de connexions au choix<\/li>\r\n<\/ul>\r\n\r\n\r\n\r\n<h2 class=\"wp-block-heading\" id=\"h-material-of-motorized-butterfly-valves\">Mat\u00e9riau des vannes papillon motoris\u00e9es<\/h2>\r\n\r\n\r\n\r\n<figure class=\"wp-block-table\">\r\n<table>\r\n<tbody>\r\n<tr>\r\n<td>Non<\/td>\r\n<td>Partie<\/td>\r\n<td>Mat\u00e9riau<\/td>\r\n<\/tr>\r\n<tr>\r\n<td>1<\/td>\r\n<td>Corps<\/td>\r\n<td>ASTM A351 CF8M<\/td>\r\n<\/tr>\r\n<tr>\r\n<td>2<\/td>\r\n<td>Bague d&#039;\u00e9tanch\u00e9it\u00e9<\/td>\r\n<td>Graphite + SS316<\/td>\r\n<\/tr>\r\n<tr>\r\n<td>3<\/td>\r\n<td>Bride de retenue<\/td>\r\n<td>ASTM A182 F316<\/td>\r\n<\/tr>\r\n<tr>\r\n<td>4<\/td>\r\n<td>\u00c9pingle<\/td>\r\n<td>ASTM A276 316<\/td>\r\n<\/tr>\r\n<tr>\r\n<td>5<\/td>\r\n<td>Disque<\/td>\r\n<td>ASTM A351 CF8M<\/td>\r\n<\/tr>\r\n<tr>\r\n<td>6<\/td>\r\n<td>Tige<\/td>\r\n<td>ASTM A276 316<\/td>\r\n<\/tr>\r\n<tr>\r\n<td>7<\/td>\r\n<td>Garniture de tige<\/td>\r\n<td>Graphite<\/td>\r\n<\/tr>\r\n<tr>\r\n<td>8<\/td>\r\n<td>Battement de tige<\/td>\r\n<td>SS316 + PTFE<\/td>\r\n<\/tr>\r\n<tr>\r\n<td>9<\/td>\r\n<td>Boulon<\/td>\r\n<td>ASTM A193 B8M<\/td>\r\n<\/tr>\r\n<tr>\r\n<td>10<\/td>\r\n<td>\u00c9crou<\/td>\r\n<td>ASTM A194 8M<\/td>\r\n<\/tr>\r\n<tr>\r\n<td>11<\/td>\r\n<td>Attelage<\/td>\r\n<td>ASTM A216 WCB<\/td>\r\n<\/tr>\r\n<\/tbody>\r\n<\/table>\r\n<\/figure>","protected":false},"excerpt":{"rendered":"<p>La vanne papillon \u00e0 commande \u00e9lectrique est utilis\u00e9e pour le contr\u00f4le tout ou rien de l&#039;eau et d&#039;autres fluides compatibles avec les mat\u00e9riaux de construction. Quoi \u2026 <a title=\"Vanne papillon motoris\u00e9e\" class=\"read-more\" href=\"https:\/\/zecovalve.com\/fr\/produit\/motorized-butterfly-valve\" aria-label=\"Plus sur Vanne Papillon Motoris\u00e9e\">Lire plus<\/a><\/p>","protected":false},"featured_media":16246,"comment_status":"closed","ping_status":"closed","template":"","meta":{"_generate-full-width-content":"","kt_blocks_editor_width":""},"product_cat":[2044,2468],"product_tag":[2806,2766,2727,2801],"class_list":["post-16245","product","type-product","status-publish","has-post-thumbnail","hentry","product_cat-butterfly-valve","product_cat-butterfly-valve-by-drive-mode","product_tag-butterfly-valve-wafer-type","product_tag-motorised-valve","product_tag-motorized-valve","product_tag-wafer-type-butterfly-valve","sales-flash-overlay","woocommerce-text-align-center","woocommerce-image-align-center","do-quantity-buttons"],"featured_image_src_large":["https:\/\/zecovalve.com\/wp-content\/uploads\/2022\/06\/motorized-butterfly-valve.jpg",800,600,false],"author_info":[],"comment_info":0,"taxonomy_info":{"product_cat":[{"value":2044,"label":"Butterfly Valve"},{"value":2468,"label":"Butterfly Valve By Drive Mode"}],"product_tag":[{"value":2806,"label":"Butterfly Valve Wafer Type"},{"value":2766,"label":"Motorised Valve"},{"value":2727,"label":"Motorized Valve"},{"value":2801,"label":"Wafer Type Butterfly Valve"}]},"yoast_head":"<!-- This site is optimized with the Yoast SEO Premium plugin v15.4 - https:\/\/yoast.com\/wordpress\/plugins\/seo\/ -->\n<title>Motorized Butterfly Valve - Electrically Actuated Butterfly Valve | ZECO Valve<\/title>\n<meta name=\"robots\" content=\"index, follow, max-snippet:-1, max-image-preview:large, max-video-preview:-1\" \/>\n<link rel=\"canonical\" href=\"https:\/\/zecovalve.com\/fr\/produit\/motorized-butterfly-valve\" \/>\n<meta property=\"og:locale\" content=\"fr_FR\" \/>\n<meta property=\"og:type\" content=\"article\" \/>\n<meta property=\"og:title\" content=\"Motorized Butterfly Valve - Electrically Actuated Butterfly Valve | ZECO Valve\" \/>\n<meta property=\"og:description\" content=\"The electrically actuated butterfly valve is used for on-off control of water and other media compatible with the materials of construction. What ... Lire plus\" \/>\n<meta property=\"og:url\" content=\"https:\/\/zecovalve.com\/fr\/produit\/motorized-butterfly-valve\" \/>\n<meta property=\"og:site_name\" content=\"ZECO Valve\" \/>\n<meta property=\"article:modified_time\" content=\"2022-09-01T00:56:22+00:00\" \/>\n<meta property=\"og:image\" content=\"https:\/\/zecovalve.com\/wp-content\/uploads\/2022\/06\/motorized-butterfly-valve.jpg\" \/>\n\t<meta property=\"og:image:width\" content=\"800\" \/>\n\t<meta property=\"og:image:height\" content=\"600\" \/>\n<meta name=\"twitter:card\" content=\"summary_large_image\" \/>\n<meta name=\"twitter:label1\" content=\"\u00c9crit par\">\n\t<meta name=\"twitter:data1\" content=\"Jerry\">\n\t<meta name=\"twitter:label2\" content=\"Dur\u00e9e de lecture estim\u00e9e\">\n\t<meta name=\"twitter:data2\" content=\"4 minutes\">\n<script type=\"application\/ld+json\" class=\"yoast-schema-graph\">{\"@context\":\"https:\/\/schema.org\",\"@graph\":[{\"@type\":\"WebSite\",\"@id\":\"https:\/\/zecovalve.com\/#website\",\"url\":\"https:\/\/zecovalve.com\/\",\"name\":\"ZECO Valve\",\"description\":\"Industrial Ball Valve, Gate Valve and Globe Valve Manufacturer\",\"potentialAction\":[{\"@type\":\"SearchAction\",\"target\":\"https:\/\/zecovalve.com\/?s={search_term_string}\",\"query-input\":\"required name=search_term_string\"}],\"inLanguage\":\"fr-FR\"},{\"@type\":\"ImageObject\",\"@id\":\"https:\/\/zecovalve.com\/product\/motorized-butterfly-valve#primaryimage\",\"inLanguage\":\"fr-FR\",\"url\":\"https:\/\/zecovalve.com\/wp-content\/uploads\/2022\/06\/motorized-butterfly-valve.jpg\",\"width\":800,\"height\":600,\"caption\":\"Motorized Butterfly Valve\"},{\"@type\":\"WebPage\",\"@id\":\"https:\/\/zecovalve.com\/product\/motorized-butterfly-valve#webpage\",\"url\":\"https:\/\/zecovalve.com\/product\/motorized-butterfly-valve\",\"name\":\"Motorized Butterfly Valve - Electrically Actuated Butterfly Valve | ZECO Valve\",\"isPartOf\":{\"@id\":\"https:\/\/zecovalve.com\/#website\"},\"primaryImageOfPage\":{\"@id\":\"https:\/\/zecovalve.com\/product\/motorized-butterfly-valve#primaryimage\"},\"datePublished\":\"2022-06-20T09:04:23+00:00\",\"dateModified\":\"2022-09-01T00:56:22+00:00\",\"breadcrumb\":{\"@id\":\"https:\/\/zecovalve.com\/product\/motorized-butterfly-valve#breadcrumb\"},\"inLanguage\":\"fr-FR\",\"potentialAction\":[{\"@type\":\"ReadAction\",\"target\":[\"https:\/\/zecovalve.com\/product\/motorized-butterfly-valve\"]}]},{\"@type\":\"BreadcrumbList\",\"@id\":\"https:\/\/zecovalve.com\/product\/motorized-butterfly-valve#breadcrumb\",\"itemListElement\":[{\"@type\":\"ListItem\",\"position\":1,\"item\":{\"@type\":\"WebPage\",\"@id\":\"https:\/\/zecovalve.com\/\",\"url\":\"https:\/\/zecovalve.com\/\",\"name\":\"Home\"}},{\"@type\":\"ListItem\",\"position\":2,\"item\":{\"@type\":\"WebPage\",\"@id\":\"https:\/\/zecovalve.com\/product-category\",\"url\":\"https:\/\/zecovalve.com\/product-category\",\"name\":\"Industrial Valve Manufacturer | Water Valve Manufacturer\"}},{\"@type\":\"ListItem\",\"position\":3,\"item\":{\"@type\":\"WebPage\",\"@id\":\"https:\/\/zecovalve.com\/product\/motorized-butterfly-valve\",\"url\":\"https:\/\/zecovalve.com\/product\/motorized-butterfly-valve\",\"name\":\"Motorized Butterfly Valve\"}}]}]}<\/script>\n<!-- \/ Yoast SEO Premium plugin. -->","_links":{"self":[{"href":"https:\/\/zecovalve.com\/fr\/wp-json\/wp\/v2\/product\/16245","targetHints":{"allow":["GET"]}}],"collection":[{"href":"https:\/\/zecovalve.com\/fr\/wp-json\/wp\/v2\/product"}],"about":[{"href":"https:\/\/zecovalve.com\/fr\/wp-json\/wp\/v2\/types\/product"}],"replies":[{"embeddable":true,"href":"https:\/\/zecovalve.com\/fr\/wp-json\/wp\/v2\/comments?post=16245"}],"wp:featuredmedia":[{"embeddable":true,"href":"https:\/\/zecovalve.com\/fr\/wp-json\/wp\/v2\/media\/16246"}],"wp:attachment":[{"href":"https:\/\/zecovalve.com\/fr\/wp-json\/wp\/v2\/media?parent=16245"}],"wp:term":[{"taxonomy":"product_cat","embeddable":true,"href":"https:\/\/zecovalve.com\/fr\/wp-json\/wp\/v2\/product_cat?post=16245"},{"taxonomy":"product_tag","embeddable":true,"href":"https:\/\/zecovalve.com\/fr\/wp-json\/wp\/v2\/product_tag?post=16245"}],"curies":[{"name":"wp","href":"https:\/\/api.w.org\/{rel}","templated":true}]}}