{"id":16247,"date":"2022-06-20T09:11:40","date_gmt":"2022-06-20T09:11:40","guid":{"rendered":"https:\/\/zecovalve.com\/?post_type=product&#038;p=16247"},"modified":"2023-06-15T12:40:40","modified_gmt":"2023-06-15T12:40:40","slug":"manual-gate-valve","status":"publish","type":"product","link":"https:\/\/zecovalve.com\/fr\/produit\/manual-gate-valve","title":{"rendered":"Vanne manuelle"},"content":{"rendered":"<p>ZECO Valve est l\u2019un des principaux fabricants, fournisseurs et exportateurs de vannes \u00e0 commande manuelle. Nous proposons des robinets-vannes manuels de diff\u00e9rentes tailles et dimensions \u00e0 des fins industrielles ou commerciales.<\/p>\r\n\r\n\r\n\r\n<figure class=\"wp-block-image alignnone size-medium wp-image-16248\"><img loading=\"lazy\" decoding=\"async\" width=\"300\" height=\"225\" class=\"wp-image-16248\" src=\"https:\/\/zecovalve.com\/wp-content\/uploads\/2022\/06\/manual-gate-valve-300x225.jpg\" alt=\"Vanne manuelle\" srcset=\"https:\/\/zecovalve.com\/wp-content\/uploads\/2022\/06\/manual-gate-valve-300x225.jpg 300w, https:\/\/zecovalve.com\/wp-content\/uploads\/2022\/06\/manual-gate-valve-768x576.jpg 768w, https:\/\/zecovalve.com\/wp-content\/uploads\/2022\/06\/manual-gate-valve-600x450.jpg 600w, https:\/\/zecovalve.com\/wp-content\/uploads\/2022\/06\/manual-gate-valve.jpg 800w\" sizes=\"auto, (max-width: 300px) 100vw, 300px\" \/><\/figure>\r\n\r\n\r\n<div class=\"gb-button-wrapper gb-button-wrapper-6d8495a3\">\r\n\r\n\r\n<p><a class=\"gb-button gb-button-3d442e11 gb-button-text\" href=\"mailto:commercial@zecovalve.com\" target=\"_blank\" rel=\"noopener noreferrer\"><strong>OBTENIR LE PRIX DU VANNE MANUELLE<\/strong><\/a><\/p>\r\n<\/div>\r\n\r\n\r\n\r\n\r\n<h2 class=\"wp-block-heading\" id=\"h-what-is-a-manual-gate-valve\">Qu&#039;est-ce qu&#039;un robinet-vanne manuel ?<\/h2>\r\n\r\n\r\n\r\n<p>Le robinet-vanne manuel ZECO est nomm\u00e9 en fonction du mode de conduite. Le robinet-vanne \u00e0 commande manuelle est g\u00e9n\u00e9ralement un robinet-vanne de petit diam\u00e8tre. \u00c9tant donn\u00e9 que le couple de petit diam\u00e8tre est faible, il peut \u00eatre ouvert facilement par la main-d&#039;\u0153uvre, il n&#039;est donc pas n\u00e9cessaire de gaspiller le co\u00fbt d&#039;utilisation ainsi que la t\u00eate de turbine ou le dispositif \u00e0 engrenage conique. En tant que produit de marque c\u00e9l\u00e8bre de Shanghai Chine et du Jiangsu Chine, ZECO se consacre \u00e0 promouvoir la marque ZECO dans le monde, \u00e0 faire de la qualit\u00e9 et du service de la marque ZECO des produits de renomm\u00e9e mondiale et \u00e0 faire en sorte que les utilisateurs des compagnies p\u00e9troli\u00e8res, des soci\u00e9t\u00e9s d&#039;ing\u00e9nierie et de conception les entreprises reconnaissent progressivement ZECO. Il s&#039;agit d&#039;un sentiment de mission et de responsabilit\u00e9 de ZECO en tant que marque nationale, qui fait appara\u00eetre la vanne ZECO dans tous les coins du monde et prot\u00e8ge tous les pipelines du monde.<\/p>\r\n\r\n\r\n\r\n<h2 class=\"wp-block-heading\" id=\"h-features-of-manual-gate-valve\">Caract\u00e9ristiques du robinet-vanne manuel<\/h2>\r\n\r\n\r\n\r\n<ul class=\"wp-block-list\">\r\n<li>La cale du robinet-vanne manuel ZECO est du type flexible \u00e0 cale unique offrant une plus grande capacit\u00e9 d&#039;\u00e9tanch\u00e9it\u00e9 et des exigences de couple inf\u00e9rieures. Cela rend \u00e9galement le robinet-vanne manuel ZECO plus facile \u00e0 ouvrir et plus pratique pour un fonctionnement manuel\u00a0;<\/li>\r\n<li>La cale du robinet-vanne manuel ZECO est dot\u00e9e de fentes de guidage pr\u00e9cises, assurant un v\u00e9ritable alignement et fournissant un guidage complet pendant le fonctionnement\u00a0;<\/li>\r\n<li>Les anneaux de si\u00e8ge du robinet-vanne manuel ZECO sont soud\u00e9s herm\u00e9tiquement dans le corps et sont en acier au carbone avec des surfaces de si\u00e8ge dures. Les faces d&#039;assise des cales sont r\u00e9alis\u00e9es par soudure sur Inox 13 CR ou Stellite. De plus, les excellentes comp\u00e9tences des ing\u00e9nieurs soudeurs de ZECO et le d\u00e9bogage pr\u00e9cis du robot de soudage garantissent une fin de soudage parfaite\u00a0;<\/li>\r\n<li>Le robinet-vanne manuel ZECO est \u00e9quip\u00e9 d&#039;une bague de si\u00e8ge arri\u00e8re dans le chapeau, permettant le remplacement de la garniture de tige lorsque le robinet est en position grande ouverte.<\/li>\r\n<li>Faible \u00e9mission : &lt; 100 ppm<\/li>\r\n<li>Rectitude et rondeur de la tige<\/li>\r\n<li>Finition de la surface de la tige jusqu&#039;\u00e0 max. 32 Ra<\/li>\r\n<li>Finition de la surface du presse-\u00e9toupe jusqu&#039;\u00e0 max. 125 Ra<\/li>\r\n<li>Cylindricit\u00e9 du presse-\u00e9toupe et du presse-\u00e9toupe<\/li>\r\n<li>Conception de presse-\u00e9toupe \u00e0 centrage automatique<\/li>\r\n<li>Garniture de presse-\u00e9toupe\u00a0: anneaux en graphite moul\u00e9s avec anneaux sup\u00e9rieur et inf\u00e9rieur en graphite tress\u00e9<\/li>\r\n<li>Joints de chapeau ondul\u00e9s en acier inoxydable et en graphite<\/li>\r\n<\/ul>\r\n\r\n\r\n\r\n<h2 class=\"wp-block-heading\">Pr\u00e9sentation du produit du robinet-vanne manuel<\/h2>\r\n\r\n\r\n\r\n<figure class=\"wp-block-table\">\r\n<table>\r\n<tbody>\r\n<tr>\r\n<td>Conception et fabrication<\/td>\r\n<td>ASME B16.34, API600, API 6D<\/td>\r\n<\/tr>\r\n<tr>\r\n<td>Face \u00e0 face<\/td>\r\n<td>ASME B16.10<\/td>\r\n<\/tr>\r\n<tr>\r\n<td>Dimension de connexion<\/td>\r\n<td>ASME B16.5, ASME B16.25<\/td>\r\n<\/tr>\r\n<tr>\r\n<td>Inspection et essais<\/td>\r\n<td>ISO5208, API598<\/td>\r\n<\/tr>\r\n<tr>\r\n<td>Gamme de tailles<\/td>\r\n<td>1\/2 po \u00e0 48 po<\/td>\r\n<\/tr>\r\n<tr>\r\n<td>Pression<\/td>\r\n<td>Classe 150\/Classe 300\/Classe 600\/Classe 900\/Classe 1500<\/td>\r\n<\/tr>\r\n<tr>\r\n<td>Temp\u00e9rature moyenne<\/td>\r\n<td>-30\u00b0C \u00e0 450\u00b0C<\/td>\r\n<\/tr>\r\n<tr>\r\n<td>Options mat\u00e9rielles<\/td>\r\n<td>Acier inoxydable 304\/316\/316L ou WCB<\/td>\r\n<\/tr>\r\n<\/tbody>\r\n<\/table>\r\n<\/figure>\r\n\r\n\r\n\r\n<h2 class=\"wp-block-heading\" id=\"h-material-of-manual-gate-valve\">Mat\u00e9riau du robinet-vanne manuel<\/h2>\r\n\r\n\r\n\r\n<figure class=\"wp-block-table\">\r\n<table>\r\n<tbody>\r\n<tr>\r\n<td>Non<\/td>\r\n<td>Partie<\/td>\r\n<td>Mat\u00e9riau<\/td>\r\n<\/tr>\r\n<tr>\r\n<td>1<\/td>\r\n<td>Corps<\/td>\r\n<td>ASTM A216 WCB<\/td>\r\n<\/tr>\r\n<tr>\r\n<td>2<\/td>\r\n<td>Anneau de si\u00e8ge<\/td>\r\n<td>ASTM A105 + STL<\/td>\r\n<\/tr>\r\n<tr>\r\n<td>3<\/td>\r\n<td>Cale<\/td>\r\n<td>ASTM A216 WCB + 13Cr<\/td>\r\n<\/tr>\r\n<tr>\r\n<td>4<\/td>\r\n<td>Tige<\/td>\r\n<td>ASTM A276 410<\/td>\r\n<\/tr>\r\n<tr>\r\n<td>5<\/td>\r\n<td>Joint de chapeau<\/td>\r\n<td>Graphite + SS304<\/td>\r\n<\/tr>\r\n<tr>\r\n<td>6<\/td>\r\n<td>Boulon du chapeau<\/td>\r\n<td>ASTM A193 B7<\/td>\r\n<\/tr>\r\n<tr>\r\n<td>7<\/td>\r\n<td>\u00c9crou \u00e0 chapeau<\/td>\r\n<td>ASTM A194 2H<\/td>\r\n<\/tr>\r\n<tr>\r\n<td>8<\/td>\r\n<td>Bonnet<\/td>\r\n<td>ASTM A216 WCB<\/td>\r\n<\/tr>\r\n<tr>\r\n<td>9<\/td>\r\n<td>Si\u00e8ge arri\u00e8re<\/td>\r\n<td>ASTM A182 F6a<\/td>\r\n<\/tr>\r\n<tr>\r\n<td>10<\/td>\r\n<td>Garniture de tige<\/td>\r\n<td>Graphite renforc\u00e9<\/td>\r\n<\/tr>\r\n<tr>\r\n<td>11<\/td>\r\n<td>Roue \u00e0 main<\/td>\r\n<td>KTH330-08<\/td>\r\n<\/tr>\r\n<\/tbody>\r\n<\/table>\r\n<\/figure>\r\n\r\n\r\n\r\n<h2 class=\"wp-block-heading\">Applications du robinet-vanne manuel<\/h2>\r\n\r\n\r\n\r\n<ul class=\"wp-block-list\">\r\n<li>raffinement p\u00e9trolier<\/li>\r\n<li>Traitement chimique<\/li>\r\n<li>La production d&#039;\u00e9nergie<\/li>\r\n<li>Applications qui exigent que les fabricants figurent sur une liste de fabricants approuv\u00e9s (AML)<\/li>\r\n<\/ul>\r\n\r\n\r\n\r\n<h2 class=\"wp-block-heading\">Fabricant et usine de vannes \u00e0 vanne \u00e0 commande manuelle<\/h2>\r\n\r\n\r\n\r\n<p>Si vous recherchez un <a href=\"https:\/\/zecovalve.com\/fr\/produit\/manual-gate-valve\" data-internallinksmanager029f6b8e52c=\"5\" title=\"Fabricant de vannes \u00e0 commande manuelle\" target=\"_blank\" rel=\"noopener\">Fabricant de vannes \u00e0 commande manuelle<\/a>, vous \u00eates au bon endroit ici. ZECO Valve est un industriel <a href=\"https:\/\/zecovalve.com\/fr\/produit\/manual-gate-valve\" data-internallinksmanager029f6b8e52c=\"5\" title=\"Fabricant de vannes \u00e0 commande manuelle\" target=\"_blank\" rel=\"noopener\">Usine de vannes \u00e0 vanne \u00e0 commande manuelle<\/a> en Chine. Notre produit principal est le robinet-vanne ANSI API 600. D&#039;autres normes pourraient \u00e9galement \u00eatre personnalis\u00e9es. Nous proposons toutes sortes de vannes \u00e0 vanne dans tous les mat\u00e9riaux comme le WCB et l&#039;acier inoxydable, dans des gammes de conception et de pression pour votre choix. Nous proposons \u00e9galement un service de vannes personnalis\u00e9 pour r\u00e9pondre \u00e0 vos exigences et aider votre projet \u00e0 bien se d\u00e9rouler. Bienvenue \u00e0 nous consulter pour s\u00e9lectionner le robinet-vanne de base adapt\u00e9 aux exigences de votre projet.<\/p>","protected":false},"excerpt":{"rendered":"<p>ZECO Valve est l\u2019un des principaux fabricants, fournisseurs et exportateurs de vannes \u00e0 commande manuelle. Nous proposons des robinets-vannes manuels de diff\u00e9rentes tailles\u2026 <a title=\"Vanne manuelle\" class=\"read-more\" href=\"https:\/\/zecovalve.com\/fr\/produit\/manual-gate-valve\" aria-label=\"Plus sur Vanne Manuelle\">Lire plus<\/a><\/p>","protected":false},"featured_media":27881,"comment_status":"closed","ping_status":"closed","template":"","meta":{"_generate-full-width-content":"","kt_blocks_editor_width":""},"product_cat":[2052,2457],"product_tag":[2798],"class_list":["post-16247","product","type-product","status-publish","has-post-thumbnail","hentry","product_cat-gate-valve","product_cat-gate-valve-by-drive-mode","product_tag-osy-valve","sales-flash-overlay","woocommerce-text-align-center","woocommerce-image-align-center","do-quantity-buttons"],"featured_image_src_large":["https:\/\/zecovalve.com\/wp-content\/uploads\/2022\/06\/Manual-Gate-Valve-1.jpg",800,600,false],"author_info":[],"comment_info":0,"taxonomy_info":{"product_cat":[{"value":2052,"label":"Gate Valve"},{"value":2457,"label":"Gate Valve with Actuator"}],"product_tag":[{"value":2798,"label":"OS&amp;Y Valve"}]},"yoast_head":"<!-- This site is optimized with the Yoast SEO Premium plugin v15.4 - https:\/\/yoast.com\/wordpress\/plugins\/seo\/ -->\n<title>Manual Gate Valve - Manual Operate Gate Valve Manufacturer | ZECO<\/title>\n<meta name=\"robots\" content=\"index, follow, max-snippet:-1, max-image-preview:large, max-video-preview:-1\" \/>\n<link rel=\"canonical\" href=\"https:\/\/zecovalve.com\/fr\/produit\/manual-gate-valve\" \/>\n<meta property=\"og:locale\" content=\"fr_FR\" \/>\n<meta property=\"og:type\" content=\"article\" \/>\n<meta property=\"og:title\" content=\"Manual Gate Valve - Manual Operate Gate Valve Manufacturer | ZECO\" \/>\n<meta property=\"og:description\" content=\"ZECO Valve is a leading manufacturer, supplier and exporter of manual operated gate valve. We offer manual gate valve with different sizes ... Lire plus\" \/>\n<meta property=\"og:url\" content=\"https:\/\/zecovalve.com\/fr\/produit\/manual-gate-valve\" \/>\n<meta property=\"og:site_name\" content=\"ZECO Valve\" \/>\n<meta property=\"article:modified_time\" content=\"2023-06-15T12:40:40+00:00\" \/>\n<meta property=\"og:image\" content=\"https:\/\/zecovalve.com\/wp-content\/uploads\/2022\/06\/Manual-Gate-Valve-1.jpg\" \/>\n\t<meta property=\"og:image:width\" content=\"800\" \/>\n\t<meta property=\"og:image:height\" content=\"600\" \/>\n<meta name=\"twitter:card\" content=\"summary_large_image\" \/>\n<meta name=\"twitter:label1\" content=\"\u00c9crit par\">\n\t<meta name=\"twitter:data1\" content=\"Jerry\">\n\t<meta name=\"twitter:label2\" content=\"Dur\u00e9e de lecture estim\u00e9e\">\n\t<meta name=\"twitter:data2\" content=\"2 minutes\">\n<script type=\"application\/ld+json\" class=\"yoast-schema-graph\">{\"@context\":\"https:\/\/schema.org\",\"@graph\":[{\"@type\":\"WebSite\",\"@id\":\"https:\/\/zecovalve.com\/#website\",\"url\":\"https:\/\/zecovalve.com\/\",\"name\":\"ZECO Valve\",\"description\":\"Industrial Ball Valve, Gate Valve and Globe Valve Manufacturer\",\"potentialAction\":[{\"@type\":\"SearchAction\",\"target\":\"https:\/\/zecovalve.com\/?s={search_term_string}\",\"query-input\":\"required name=search_term_string\"}],\"inLanguage\":\"fr-FR\"},{\"@type\":\"ImageObject\",\"@id\":\"https:\/\/zecovalve.com\/product\/manual-gate-valve#primaryimage\",\"inLanguage\":\"fr-FR\",\"url\":\"https:\/\/zecovalve.com\/wp-content\/uploads\/2022\/06\/Manual-Gate-Valve-1.jpg\",\"width\":800,\"height\":600,\"caption\":\"Manual Gate Valve\"},{\"@type\":\"WebPage\",\"@id\":\"https:\/\/zecovalve.com\/product\/manual-gate-valve#webpage\",\"url\":\"https:\/\/zecovalve.com\/product\/manual-gate-valve\",\"name\":\"Manual Gate Valve - Manual Operate Gate Valve Manufacturer | ZECO\",\"isPartOf\":{\"@id\":\"https:\/\/zecovalve.com\/#website\"},\"primaryImageOfPage\":{\"@id\":\"https:\/\/zecovalve.com\/product\/manual-gate-valve#primaryimage\"},\"datePublished\":\"2022-06-20T09:11:40+00:00\",\"dateModified\":\"2023-06-15T12:40:40+00:00\",\"breadcrumb\":{\"@id\":\"https:\/\/zecovalve.com\/product\/manual-gate-valve#breadcrumb\"},\"inLanguage\":\"fr-FR\",\"potentialAction\":[{\"@type\":\"ReadAction\",\"target\":[\"https:\/\/zecovalve.com\/product\/manual-gate-valve\"]}]},{\"@type\":\"BreadcrumbList\",\"@id\":\"https:\/\/zecovalve.com\/product\/manual-gate-valve#breadcrumb\",\"itemListElement\":[{\"@type\":\"ListItem\",\"position\":1,\"item\":{\"@type\":\"WebPage\",\"@id\":\"https:\/\/zecovalve.com\/\",\"url\":\"https:\/\/zecovalve.com\/\",\"name\":\"Home\"}},{\"@type\":\"ListItem\",\"position\":2,\"item\":{\"@type\":\"WebPage\",\"@id\":\"https:\/\/zecovalve.com\/product-category\",\"url\":\"https:\/\/zecovalve.com\/product-category\",\"name\":\"Industrial Valve Manufacturer | Water Valve Manufacturer\"}},{\"@type\":\"ListItem\",\"position\":3,\"item\":{\"@type\":\"WebPage\",\"@id\":\"https:\/\/zecovalve.com\/product\/manual-gate-valve\",\"url\":\"https:\/\/zecovalve.com\/product\/manual-gate-valve\",\"name\":\"Manual Gate Valve\"}}]}]}<\/script>\n<!-- \/ Yoast SEO Premium plugin. -->","_links":{"self":[{"href":"https:\/\/zecovalve.com\/fr\/wp-json\/wp\/v2\/product\/16247","targetHints":{"allow":["GET"]}}],"collection":[{"href":"https:\/\/zecovalve.com\/fr\/wp-json\/wp\/v2\/product"}],"about":[{"href":"https:\/\/zecovalve.com\/fr\/wp-json\/wp\/v2\/types\/product"}],"replies":[{"embeddable":true,"href":"https:\/\/zecovalve.com\/fr\/wp-json\/wp\/v2\/comments?post=16247"}],"wp:featuredmedia":[{"embeddable":true,"href":"https:\/\/zecovalve.com\/fr\/wp-json\/wp\/v2\/media\/27881"}],"wp:attachment":[{"href":"https:\/\/zecovalve.com\/fr\/wp-json\/wp\/v2\/media?parent=16247"}],"wp:term":[{"taxonomy":"product_cat","embeddable":true,"href":"https:\/\/zecovalve.com\/fr\/wp-json\/wp\/v2\/product_cat?post=16247"},{"taxonomy":"product_tag","embeddable":true,"href":"https:\/\/zecovalve.com\/fr\/wp-json\/wp\/v2\/product_tag?post=16247"}],"curies":[{"name":"wp","href":"https:\/\/api.w.org\/{rel}","templated":true}]}}