{"id":16249,"date":"2022-06-20T09:15:39","date_gmt":"2022-06-20T09:15:39","guid":{"rendered":"https:\/\/zecovalve.com\/?post_type=product&#038;p=16249"},"modified":"2023-06-15T12:41:37","modified_gmt":"2023-06-15T12:41:37","slug":"pneumatic-gate-valve","status":"publish","type":"product","link":"https:\/\/zecovalve.com\/fr\/produit\/pneumatic-gate-valve","title":{"rendered":"Vanne pneumatique"},"content":{"rendered":"<div class=\"wp-block-columns is-layout-flex wp-container-core-columns-is-layout-9d6595d7 wp-block-columns-is-layout-flex\">\r\n<div class=\"wp-block-column is-layout-flow wp-block-column-is-layout-flow\">\r\n<figure class=\"wp-block-image size-full\"><img loading=\"lazy\" decoding=\"async\" width=\"330\" height=\"300\" class=\"wp-image-16924\" src=\"https:\/\/zecovalve.com\/wp-content\/uploads\/2022\/06\/knife-gate-valve.jpg\" alt=\"Vanne \u00e0 guillotine\" srcset=\"https:\/\/zecovalve.com\/wp-content\/uploads\/2022\/06\/knife-gate-valve.jpg 330w, https:\/\/zecovalve.com\/wp-content\/uploads\/2022\/06\/knife-gate-valve-300x273.jpg 300w\" sizes=\"auto, (max-width: 330px) 100vw, 330px\" \/><\/figure>\r\n<\/div>\r\n<\/div>\r\n\r\n\r\n<div class=\"gb-button-wrapper gb-button-wrapper-6d8495a3\">\r\n\r\n\r\n<p><a class=\"gb-button gb-button-3d442e11 gb-button-text\" href=\"https:\/\/zecovalve.com\/fr\/contact\/\" target=\"_blank\" rel=\"noopener noreferrer\"><strong>OBTENIR LE PRIX DU VANNE PNEUMATIQUE<\/strong><\/a><\/p>\r\n<\/div>\r\n\r\n\r\n\r\n\r\n<h2 class=\"wp-block-heading\" id=\"h-what-is-a-pneumatic-gate-valve\">Qu&#039;est-ce qu&#039;un robinet-vanne pneumatique ?<\/h2>\r\n\r\n\r\n\r\n<p>Le robinet-vanne pneumatique ZECO est un robinet-vanne entra\u00een\u00e9 par air comprim\u00e9. Le robinet-vanne pneumatique ZECO a des performances stables et un fonctionnement pratique. Il a \u00e9t\u00e9 largement utilis\u00e9 comme vanne d\u2019arr\u00eat rapide dans les projets p\u00e9troliers, gaziers et autres projets industriels. L&#039;actionneur pneumatique adopte une structure de cylindre \u00e0 double couche, par rapport \u00e0 l&#039;actionneur monocylindre ordinaire, sa force de levage est plus grande, ce qui r\u00e9sout le probl\u00e8me du couple d&#039;ouverture d&#039;un grand robinet-vanne qui est trop important pour s&#039;ouvrir. Parce que les actionneurs pneumatiques s&#039;ouvrent et se ferment rapidement, ZECO est \u00e9quip\u00e9 d&#039;un m\u00e9canisme d&#039;amortissement pour r\u00e9duire l&#039;usure de la surface d&#039;\u00e9tanch\u00e9it\u00e9 et du portail lors d&#039;une fermeture rapide.<\/p>\r\n\r\n\r\n\r\n<h2 class=\"wp-block-heading\">Types de vannes pneumatiques<\/h2>\r\n\r\n\r\n\r\n\r\n\r\n<h3 class=\"wp-block-heading\">Vanne \u00e0 guillotine pneumatique<\/h3>\r\n\r\n\r\n\r\n<p>La vanne \u00e0 guillotine pneumatique est une unit\u00e9 robuste dot\u00e9e d&#039;un corps moul\u00e9, d&#039;une vanne \u00e0 couteau, d&#039;un presse-\u00e9toupe avec garniture et d&#039;un cylindre pneumatique surdimensionn\u00e9. Ces unit\u00e9s robustes ont un mod\u00e8le de trous de boulons de 150 lb. Les options incluent un si\u00e8ge r\u00e9silient pour l&#039;\u00e9tanch\u00e9it\u00e9 \u00e0 la pression ou au vide\u00a0; \u00e9lectrovannes et capteurs de proximit\u00e9.<\/p>\r\n\r\n\r\n\r\n<h4 class=\"wp-block-heading\">Sp\u00e9cifications de la vanne \u00e0 guillotine pneumatique<\/h4>\r\n\r\n\r\n\r\n<ul class=\"wp-block-list\">\r\n<li>Norme de conception\u00a0: MSS SP-81<\/li>\r\n<li>F \u00e0 F\u00a0: Selon MSS SP -81<\/li>\r\n<li>Norme de test\u00a0: MSS SP\u00a0-81<\/li>\r\n<li>Gamme de tailles\u00a0: 50\u00a0mm \u00e0 600\u00a0mm<\/li>\r\n<li>Pression nominale : 50 mm \u00e0 300 mm \u2013 150 psi \/ 400 mm \u00e0 450 mm \u2013 75 psi \/ 500 mm \u00e0 600 mm \u2013 50 psi<\/li>\r\n<li>Style d&#039;extr\u00e9mit\u00e9\u00a0: cosses compl\u00e8tes, type plaquette, sans bride\/deux cosses, type plaquette, type sans bride\/\u00e0 bride, plaquette<\/li>\r\n<li>Options de cosses\u00a0: a. Trou filet\u00e9 BSP au niveau de la poitrine et des pattes \/ b. BSP a fait un trou dans la zone de la poitrine et \u00e0 travers un trou dans les pattes.<\/li>\r\n<li>Per\u00e7age : ANSI B 16.5 Classe 150, BS 10 Table &#039;D&#039; &amp; &#039;E&#039;, DIN, JIS, IS, etc.<\/li>\r\n<li>Fonctionnement de la vanne\u00a0: cylindre, engrenage conique, moteur \u00e9lectrique, roue \u00e0 cha\u00eene, levier<\/li>\r\n<li>Conception du corps\u00a0: Port rond complet \/ Port \u00e0 encoche en \u00ab\u00a0V\u00a0\u00bb \/ Port carr\u00e9<\/li>\r\n<\/ul>\r\n\r\n\r\n\r\n<h4 class=\"wp-block-heading\">Caract\u00e9ristiques des vannes \u00e0 guillotine pneumatiques<\/h4>\r\n\r\n\r\n\r\n<ul class=\"wp-block-list\">\r\n<li>Construction moul\u00e9e robuste<\/li>\r\n<li>Mod\u00e8le de trou de boulon ASA<\/li>\r\n<li>Construction en acier inoxydable<\/li>\r\n<li>Plaque \u00e0 couteaux \u00e9paisse \u00e0 bord biseaut\u00e9<\/li>\r\n<li>Les si\u00e8ges en caoutchouc r\u00e9silient assurent l&#039;\u00e9tanch\u00e9it\u00e9 contre la pression et le vide<\/li>\r\n<li>Actionnement pneumatique ou manuel<\/li>\r\n<li>V\u00e9rin pneumatique surdimensionn\u00e9 pour unit\u00e9s pneumatiques<\/li>\r\n<\/ul>\r\n\r\n\r\n<div class=\"wp-block-image\">\r\n<figure class=\"alignright size-full is-resized\"><img loading=\"lazy\" decoding=\"async\" class=\"wp-image-16250\" src=\"https:\/\/zecovalve.com\/wp-content\/uploads\/2022\/06\/pneumatic-gate-valve.jpg\" alt=\"Vanne pneumatique\" width=\"330\" height=\"248\" srcset=\"https:\/\/zecovalve.com\/wp-content\/uploads\/2022\/06\/pneumatic-gate-valve.jpg 800w, https:\/\/zecovalve.com\/wp-content\/uploads\/2022\/06\/pneumatic-gate-valve-300x225.jpg 300w, https:\/\/zecovalve.com\/wp-content\/uploads\/2022\/06\/pneumatic-gate-valve-768x576.jpg 768w, https:\/\/zecovalve.com\/wp-content\/uploads\/2022\/06\/pneumatic-gate-valve-600x450.jpg 600w\" sizes=\"auto, (max-width: 330px) 100vw, 330px\" \/><\/figure>\r\n<\/div>\r\n\r\n\r\n<h3 class=\"wp-block-heading\">Vanne \u00e0 vanne pneumatique \u00e0 cale<\/h3>\r\n\r\n\r\n\r\n<p>La vanne \u00e0 guillotine pneumatique est une vanne \u00e0 \u00e9tanch\u00e9it\u00e9 forc\u00e9e qui est actionn\u00e9e par l&#039;action de cale entre les surfaces d&#039;\u00e9tanch\u00e9it\u00e9 du corps de vanne et de la cale, fournissant un effet d&#039;\u00e9tanch\u00e9it\u00e9 \u00e9tanche.<\/p>\r\n\r\n\r\n\r\n<h4 class=\"wp-block-heading\" id=\"h-features-of-pneumatic-wedge-gate-valve\">Caract\u00e9ristiques de la vanne \u00e0 vanne pneumatique \u00e0 cale<\/h4>\r\n\r\n\r\n\r\n<ul class=\"wp-block-list\">\r\n<li>Le robinet-vanne pneumatique ZECO adopte une structure \u00e0 double cylindre, la force d&#039;ouverture est deux fois plus grande que celle d&#039;une structure \u00e0 un seul cylindre, et il peut facilement ouvrir les cylindres simples qui ne peuvent pas \u00eatre ouverts en raison du couple d&#039;ouverture important du robinet-vanne de grand diam\u00e8tre ou \u00e9lev\u00e9. -vanne \u00e0 vanne de pression dans le corps de la vanne\u00a0;<\/li>\r\n<li>Le robinet-vanne pneumatique ZECO a des fonctions positives et n\u00e9gatives, ce qui lui conf\u00e8re \u00e9galement la fonction d&#039;ouverture et de fermeture rapides. De plus, \u00e9tant donn\u00e9 que la structure en coin du robinet-vanne est plus herm\u00e9tiquement scell\u00e9e, le robinet-vanne pneumatique a une excellente fonction de coupe, ce qui est plus avantageux que les autres vannes conventionnelles\u00a0;<\/li>\r\n<li>Le robinet-vanne pneumatique ZECO est dot\u00e9 d&#039;un m\u00e9canisme tampon, car la vitesse d&#039;ouverture ou de fermeture est trop rapide, aucun m\u00e9canisme tampon ne peut endommager la surface d&#039;\u00e9tanch\u00e9it\u00e9 du corps de la vanne et la surface d&#039;\u00e9tanch\u00e9it\u00e9 de la vanne et emp\u00eacher la vanne d&#039;\u00eatre scell\u00e9e\u00a0;<\/li>\r\n<li>Le robinet-vanne pneumatique ZECO peut \u00e9galement \u00eatre \u00e9quip\u00e9 d&#039;un m\u00e9canisme d&#039;inversion pneumatique sur le couvercle de l&#039;actionneur pneumatique. En cas de panne accidentelle de l&#039;actionneur pneumatique, la vanne peut \u00eatre ouverte ou ferm\u00e9e par op\u00e9ration manuelle.<\/li>\r\n<li>L&#039;actionneur pneumatique est install\u00e9 sur le dessus du capot et contr\u00f4le l&#039;ouverture et la fermeture de la vanne par pression pneumatique.<\/li>\r\n<li>Joint m\u00e9tallique entre le corps et le capot.<\/li>\r\n<li>Joint de si\u00e8ge arri\u00e8re entre la tige et le chapeau, facile pour le changement des \u00e9l\u00e9ments d&#039;\u00e9tanch\u00e9it\u00e9 sous pression.<\/li>\r\n<li>La surface d&#039;\u00e9tanch\u00e9it\u00e9 est \u00e0 surface dure ou QBQ avec des performances anti-corrosion et de r\u00e9sistance \u00e0 l&#039;usure.<\/li>\r\n<li>Faible couple de fonctionnement<\/li>\r\n<\/ul>\r\n\r\n\r\n\r\n<h4 class=\"wp-block-heading\">Sp\u00e9cifications des vannes \u00e0 guillotine pneumatiques<\/h4>\r\n\r\n\r\n\r\n<ul class=\"wp-block-list\">\r\n<li>Mat\u00e9riau : acier au carbone, acier inoxydable, acier alli\u00e9, etc.<\/li>\r\n<li>Taille nominale : NPS 1\/2\u2033-NPS 48\u2033 (DN15-DN1200)<\/li>\r\n<li>Pression\u00a0: CL150-CL2500 (PN10-PN420)<\/li>\r\n<li>Plage de temp\u00e9rature : -196\u00b0C \u00e0 +550\u00b0C<\/li>\r\n<\/ul>\r\n\r\n\r\n\r\n<h4 class=\"wp-block-heading\">Caract\u00e9ristiques des vannes \u00e0 guillotine pneumatiques<\/h4>\r\n\r\n\r\n\r\n<ul class=\"wp-block-list\">\r\n<li>Un chemin d&#039;\u00e9coulement fluide, un faible coefficient d&#039;\u00e9coulement, une \u00e9rosion et une corrosion sur les surfaces d&#039;\u00e9tanch\u00e9it\u00e9 sont moins susceptibles de se produire\u00a0;<\/li>\r\n<li>Direction d&#039;\u00e9coulement illimit\u00e9e, aucune chute de pression, structure simple, large gamme d&#039;applications\u00a0;<\/li>\r\n<li>Les connexions entre le corps de la vanne et le chapeau sont disponibles sous de nombreuses formes, telles que des connexions boulonn\u00e9es, filet\u00e9es et soud\u00e9es, ainsi que des connexions sous pression.<\/li>\r\n<li>structure d&#039;\u00e9tanch\u00e9it\u00e9 auto-serrante pour s&#039;adapter parfaitement aux diff\u00e9rents statuts de travail\u00a0;<\/li>\r\n<li>Structure compacte et simple, petit espace requis pour l&#039;installation, fonction d&#039;ouverture\/fermeture rapide, facile \u00e0 entretenir\u00a0;<\/li>\r\n<\/ul>","protected":false},"excerpt":{"rendered":"<p>Qu&#039;est-ce qu&#039;un robinet-vanne pneumatique ? Le robinet-vanne pneumatique ZECO est un robinet-vanne entra\u00een\u00e9 par air comprim\u00e9. Vanne pneumatique ZECO \u2026 <a title=\"Vanne pneumatique\" class=\"read-more\" href=\"https:\/\/zecovalve.com\/fr\/produit\/pneumatic-gate-valve\" aria-label=\"Plus sur Vanne Pneumatique\">Lire plus<\/a><\/p>","protected":false},"featured_media":27882,"comment_status":"closed","ping_status":"closed","template":"","meta":{"_generate-full-width-content":"","kt_blocks_editor_width":""},"product_cat":[2052,2457],"product_tag":[],"class_list":["post-16249","product","type-product","status-publish","has-post-thumbnail","hentry","product_cat-gate-valve","product_cat-gate-valve-by-drive-mode","sales-flash-overlay","woocommerce-text-align-center","woocommerce-image-align-center","do-quantity-buttons"],"featured_image_src_large":["https:\/\/zecovalve.com\/wp-content\/uploads\/2022\/06\/Pneumatic-Gate-Valve-1.jpg",800,600,false],"author_info":[],"comment_info":0,"taxonomy_info":{"product_cat":[{"value":2052,"label":"Gate Valve"},{"value":2457,"label":"Gate Valve with Actuator"}]},"yoast_head":"<!-- This site is optimized with the Yoast SEO Premium plugin v15.4 - https:\/\/yoast.com\/wordpress\/plugins\/seo\/ -->\n<title>Pneumatic Gate Valve - Pneumatic Knife Gate Valve | ZECO Valve<\/title>\n<meta name=\"robots\" content=\"index, follow, max-snippet:-1, max-image-preview:large, max-video-preview:-1\" \/>\n<link rel=\"canonical\" href=\"https:\/\/zecovalve.com\/fr\/produit\/pneumatic-gate-valve\" \/>\n<meta property=\"og:locale\" content=\"fr_FR\" \/>\n<meta property=\"og:type\" content=\"article\" \/>\n<meta property=\"og:title\" content=\"Pneumatic Gate Valve - Pneumatic Knife Gate Valve | ZECO Valve\" \/>\n<meta property=\"og:description\" content=\"What is a Pneumatic Gate Valve? ZECO pneumatic gate valve is a gate valve driven by compressed air. ZECO pneumatic gate valve ... Lire plus\" \/>\n<meta property=\"og:url\" content=\"https:\/\/zecovalve.com\/fr\/produit\/pneumatic-gate-valve\" \/>\n<meta property=\"og:site_name\" content=\"ZECO Valve\" \/>\n<meta property=\"article:modified_time\" content=\"2023-06-15T12:41:37+00:00\" \/>\n<meta property=\"og:image\" content=\"https:\/\/zecovalve.com\/wp-content\/uploads\/2022\/06\/Pneumatic-Gate-Valve-1.jpg\" \/>\n\t<meta property=\"og:image:width\" content=\"800\" \/>\n\t<meta property=\"og:image:height\" content=\"600\" \/>\n<meta name=\"twitter:card\" content=\"summary_large_image\" \/>\n<meta name=\"twitter:label1\" content=\"\u00c9crit par\">\n\t<meta name=\"twitter:data1\" content=\"Jerry\">\n\t<meta name=\"twitter:label2\" content=\"Dur\u00e9e de lecture estim\u00e9e\">\n\t<meta name=\"twitter:data2\" content=\"3 minutes\">\n<script type=\"application\/ld+json\" class=\"yoast-schema-graph\">{\"@context\":\"https:\/\/schema.org\",\"@graph\":[{\"@type\":\"WebSite\",\"@id\":\"https:\/\/zecovalve.com\/#website\",\"url\":\"https:\/\/zecovalve.com\/\",\"name\":\"ZECO Valve\",\"description\":\"Industrial Ball Valve, Gate Valve and Globe Valve Manufacturer\",\"potentialAction\":[{\"@type\":\"SearchAction\",\"target\":\"https:\/\/zecovalve.com\/?s={search_term_string}\",\"query-input\":\"required name=search_term_string\"}],\"inLanguage\":\"fr-FR\"},{\"@type\":\"ImageObject\",\"@id\":\"https:\/\/zecovalve.com\/product\/pneumatic-gate-valve#primaryimage\",\"inLanguage\":\"fr-FR\",\"url\":\"https:\/\/zecovalve.com\/wp-content\/uploads\/2022\/06\/Pneumatic-Gate-Valve-1.jpg\",\"width\":800,\"height\":600,\"caption\":\"Pneumatic Gate Valve\"},{\"@type\":\"WebPage\",\"@id\":\"https:\/\/zecovalve.com\/product\/pneumatic-gate-valve#webpage\",\"url\":\"https:\/\/zecovalve.com\/product\/pneumatic-gate-valve\",\"name\":\"Pneumatic Gate Valve - Pneumatic Knife Gate Valve | ZECO Valve\",\"isPartOf\":{\"@id\":\"https:\/\/zecovalve.com\/#website\"},\"primaryImageOfPage\":{\"@id\":\"https:\/\/zecovalve.com\/product\/pneumatic-gate-valve#primaryimage\"},\"datePublished\":\"2022-06-20T09:15:39+00:00\",\"dateModified\":\"2023-06-15T12:41:37+00:00\",\"breadcrumb\":{\"@id\":\"https:\/\/zecovalve.com\/product\/pneumatic-gate-valve#breadcrumb\"},\"inLanguage\":\"fr-FR\",\"potentialAction\":[{\"@type\":\"ReadAction\",\"target\":[\"https:\/\/zecovalve.com\/product\/pneumatic-gate-valve\"]}]},{\"@type\":\"BreadcrumbList\",\"@id\":\"https:\/\/zecovalve.com\/product\/pneumatic-gate-valve#breadcrumb\",\"itemListElement\":[{\"@type\":\"ListItem\",\"position\":1,\"item\":{\"@type\":\"WebPage\",\"@id\":\"https:\/\/zecovalve.com\/\",\"url\":\"https:\/\/zecovalve.com\/\",\"name\":\"Home\"}},{\"@type\":\"ListItem\",\"position\":2,\"item\":{\"@type\":\"WebPage\",\"@id\":\"https:\/\/zecovalve.com\/product-category\",\"url\":\"https:\/\/zecovalve.com\/product-category\",\"name\":\"Industrial Valve Manufacturer | Water Valve Manufacturer\"}},{\"@type\":\"ListItem\",\"position\":3,\"item\":{\"@type\":\"WebPage\",\"@id\":\"https:\/\/zecovalve.com\/product\/pneumatic-gate-valve\",\"url\":\"https:\/\/zecovalve.com\/product\/pneumatic-gate-valve\",\"name\":\"Pneumatic Gate Valve\"}}]}]}<\/script>\n<!-- \/ Yoast SEO Premium plugin. -->","_links":{"self":[{"href":"https:\/\/zecovalve.com\/fr\/wp-json\/wp\/v2\/product\/16249","targetHints":{"allow":["GET"]}}],"collection":[{"href":"https:\/\/zecovalve.com\/fr\/wp-json\/wp\/v2\/product"}],"about":[{"href":"https:\/\/zecovalve.com\/fr\/wp-json\/wp\/v2\/types\/product"}],"replies":[{"embeddable":true,"href":"https:\/\/zecovalve.com\/fr\/wp-json\/wp\/v2\/comments?post=16249"}],"wp:featuredmedia":[{"embeddable":true,"href":"https:\/\/zecovalve.com\/fr\/wp-json\/wp\/v2\/media\/27882"}],"wp:attachment":[{"href":"https:\/\/zecovalve.com\/fr\/wp-json\/wp\/v2\/media?parent=16249"}],"wp:term":[{"taxonomy":"product_cat","embeddable":true,"href":"https:\/\/zecovalve.com\/fr\/wp-json\/wp\/v2\/product_cat?post=16249"},{"taxonomy":"product_tag","embeddable":true,"href":"https:\/\/zecovalve.com\/fr\/wp-json\/wp\/v2\/product_tag?post=16249"}],"curies":[{"name":"wp","href":"https:\/\/api.w.org\/{rel}","templated":true}]}}