{"id":16257,"date":"2022-06-20T12:37:19","date_gmt":"2022-06-20T12:37:19","guid":{"rendered":"https:\/\/zecovalve.com\/?post_type=product&#038;p=16257"},"modified":"2023-06-07T07:04:04","modified_gmt":"2023-06-07T07:04:04","slug":"56-inch-ball-valve","status":"publish","type":"product","link":"https:\/\/zecovalve.com\/fr\/produit\/56-inch-ball-valve","title":{"rendered":"Robinet \u00e0 boisseau sph\u00e9rique de 56 pouces"},"content":{"rendered":"<p>ZECO Valve introduit des vannes \u00e0 bille de grand diam\u00e8tre dans le monde depuis 2016. ZECO Valve con\u00e7oit des vannes qui fonctionneront dans toutes les applications du p\u00e9trole et du gaz. Notre \u00e9quipe technique \u00e9value soigneusement toutes les sp\u00e9cifications techniques afin de fournir la meilleure solution technique pour r\u00e9pondre aux exigences du client et, dans la mesure du possible, de conseiller des am\u00e9liorations potentielles afin de fournir une vanne mieux construite qui r\u00e9pond \u00e0 votre service ou application.<\/p>\r\n\r\n\r\n\r\n<figure class=\"wp-block-image size-full is-resized\"><img loading=\"lazy\" decoding=\"async\" class=\"wp-image-26581\" src=\"https:\/\/zecovalve.com\/wp-content\/uploads\/2022\/08\/A105-\u5168\u710a\u63a5\u7403\u9600.jpg\" alt=\"\" width=\"400\" height=\"400\" srcset=\"https:\/\/zecovalve.com\/wp-content\/uploads\/2022\/08\/A105-\u5168\u710a\u63a5\u7403\u9600.jpg 800w, https:\/\/zecovalve.com\/wp-content\/uploads\/2022\/08\/A105-\u5168\u710a\u63a5\u7403\u9600-300x300.jpg 300w, https:\/\/zecovalve.com\/wp-content\/uploads\/2022\/08\/A105-\u5168\u710a\u63a5\u7403\u9600-150x150.jpg 150w, https:\/\/zecovalve.com\/wp-content\/uploads\/2022\/08\/A105-\u5168\u710a\u63a5\u7403\u9600-768x768.jpg 768w, https:\/\/zecovalve.com\/wp-content\/uploads\/2022\/08\/A105-\u5168\u710a\u63a5\u7403\u9600-400x400.jpg 400w, https:\/\/zecovalve.com\/wp-content\/uploads\/2022\/08\/A105-\u5168\u710a\u63a5\u7403\u9600-600x600.jpg 600w, https:\/\/zecovalve.com\/wp-content\/uploads\/2022\/08\/A105-\u5168\u710a\u63a5\u7403\u9600-100x100.jpg 100w\" sizes=\"auto, (max-width: 400px) 100vw, 400px\" \/><\/figure>\r\n\r\n\r\n<div class=\"gb-button-wrapper gb-button-wrapper-6d8495a3\">\r\n\r\n\r\n<p><a class=\"gb-button gb-button-3d442e11 gb-button-text\" href=\"https:\/\/zecovalve.com\/fr\/contact\/\" target=\"_blank\" rel=\"noopener noreferrer\"><strong>OBTENEZ LE PRIX DU VANNE \u00c0 BILLE 56 POUCES<\/strong><\/a><\/p>\r\n<\/div>\r\n\r\n\r\n\r\n\r\n<h2 class=\"wp-block-heading\">D\u00e9tails du grand robinet \u00e0 tournant sph\u00e9rique ZECO<\/h2>\r\n\r\n\r\n\r\n<ul class=\"wp-block-list\">\r\n<li>Les robinets \u00e0 tournant sph\u00e9rique ZECO peuvent \u00eatre fabriqu\u00e9s de 1\u00bd \u00e0 56\u00a0po (le cas \u00e9ch\u00e9ant)<\/li>\r\n<li>Classes de pression allant de 150 \u00e0 2\u00a0500 ANSI (le cas \u00e9ch\u00e9ant)<\/li>\r\n<li>Vannes \u00e0 bille flottantes et \u00e0 tourillon (DBB, DIB1 et DIB2).<\/li>\r\n<li>Al\u00e9sage\u00a0: Al\u00e9sage complet ou r\u00e9duit<\/li>\r\n<li>Conception\u00a0:\u00a0API 6D, ASME B16.34<\/li>\r\n<li>Test\u00a0:\u00a0API 598<\/li>\r\n<\/ul>\r\n\r\n\r\n\r\n<h2 class=\"wp-block-heading\" id=\"h-what-is-a-56-inch-ball-valve\">Qu&#039;est-ce qu&#039;un robinet \u00e0 tournant sph\u00e9rique de 56 pouces\u00a0?<\/h2>\r\n\r\n\r\n\r\n<p>Le robinet \u00e0 tournant sph\u00e9rique de plus grande taille produit par ZECO mesure 56 pouces et poss\u00e8de son propre moule, qui peut r\u00e9pondre aux besoins urgents des utilisateurs avec la vitesse de livraison la plus rapide et le prix de qualit\u00e9 le plus \u00e9lev\u00e9 et r\u00e9pondre aux exigences des utilisateurs en mati\u00e8re de contr\u00f4le des co\u00fbts. ZECO produit des robinets \u00e0 tournant sph\u00e9rique en Chine depuis pr\u00e8s de 30 ans et dispose de 3 bases de production en Chine, de machines-outils et de centres d&#039;usinage CNC de haute pr\u00e9cision, d&#039;\u00e9quipements et d&#039;instruments d&#039;inspection avanc\u00e9s, de techniques fines et d&#039;un syst\u00e8me de gestion de la qualit\u00e9 strict et parfait. De plus, nous rassemblons des \u00e9lites professionnelles pour former une \u00e9quipe de scientifiques et de technologues avanc\u00e9s afin d&#039;utiliser pleinement les nouvelles technologies, les nouvelles techniques et les nouveaux mat\u00e9riaux afin de garantir la stabilit\u00e9 et la fiabilit\u00e9 des produits. La qualit\u00e9 des produits provient de moyens de fabrication avanc\u00e9s et les concepts de produits raffin\u00e9s proviennent d&#039;une innovation continue.<\/p>\r\n\r\n\r\n\r\n<h2 class=\"wp-block-heading\">Dimensions et poids des robinets \u00e0 tournant sph\u00e9rique de 56 pouces<\/h2>\r\n<table border=\"=1\" width=\"800\">\r\n<tbody>\r\n<tr>\r\n<td rowspan=\"2\">Pression nominale<\/td>\r\n<td style=\"text-align: center;\">Al\u00e9sage<\/td>\r\n<td style=\"text-align: center;\" colspan=\"3\">\u00a0Dimension face \u00e0 face (en mm)<\/td>\r\n<td style=\"text-align: center;\">Poids<\/td>\r\n<\/tr>\r\n<tr>\r\n<td style=\"text-align: center;\">(en mm)<\/td>\r\n<td style=\"text-align: center;\">RF<\/td>\r\n<td style=\"text-align: center;\">BW<\/td>\r\n<td style=\"text-align: center;\">RTJ<\/td>\r\n<td style=\"text-align: center;\">kg<\/td>\r\n<\/tr>\r\n<tr>\r\n<td>CLASSE 150<\/td>\r\n<td style=\"text-align: center;\">1360<\/td>\r\n<td style=\"text-align: center;\">2400<\/td>\r\n<td style=\"text-align: center;\">2400<\/td>\r\n<td style=\"text-align: center;\">MFR<\/td>\r\n<td style=\"text-align: center;\">25000<\/td>\r\n<\/tr>\r\n<tr>\r\n<td>CLASSE 300<\/td>\r\n<td style=\"text-align: center;\">1360<\/td>\r\n<td style=\"text-align: center;\">2500<\/td>\r\n<td style=\"text-align: center;\">2500<\/td>\r\n<td style=\"text-align: center;\">MFR<\/td>\r\n<td style=\"text-align: center;\">27000<\/td>\r\n<\/tr>\r\n<tr>\r\n<td>CLASSE 600<\/td>\r\n<td style=\"text-align: center;\">1360<\/td>\r\n<td style=\"text-align: center;\">2700<\/td>\r\n<td style=\"text-align: center;\">2700<\/td>\r\n<td style=\"text-align: center;\">MFR<\/td>\r\n<td style=\"text-align: center;\">37000<\/td>\r\n<\/tr>\r\n<\/tbody>\r\n<\/table>\r\n\r\n\r\n\r\n<h2 class=\"wp-block-heading\" id=\"h-features-of-56-inch-ball-valves\">Caract\u00e9ristiques des robinets \u00e0 tournant sph\u00e9rique de 56 pouces<\/h2>\r\n\r\n\r\n\r\n<ol>\r\n<li>Le robinet \u00e0 bille ZECO de 56 pouces est dot\u00e9 d&#039;une tige anti-\u00e9ruption. \u00c9tant donn\u00e9 que le diam\u00e8tre de la vanne est trop grand, lors du remplacement de la garniture, s&#039;il n&#039;y a pas de structure anti-\u00e9clatement de la tige, le personnel ne peut pas du tout contr\u00f4ler la position de la tige et la tige sera pouss\u00e9e hors du corps de la vanne en raison de la pression \u00e9norme caus\u00e9e par les pertes de propri\u00e9t\u00e9s sp\u00e9cifiques au site du pipeline et les menaces pour la s\u00e9curit\u00e9 du personnel\u00a0;<\/li>\r\n<li>Le robinet \u00e0 tournant sph\u00e9rique ZECO de 56 pouces est con\u00e7u avec une structure extr\u00eamement r\u00e9sistante au feu pour \u00e9viter de grandes pertes apr\u00e8s l&#039;incendie. Une fois que la structure du joint r\u00e9silient est endommag\u00e9e par le feu, s&#039;il n&#039;y a pas de structure de s\u00e9curit\u00e9 incendie, cela provoquera d&#039;\u00e9normes fuites, et apr\u00e8s la structure de s\u00e9curit\u00e9 incendie, la structure du joint m\u00e9tallique remplacera la structure du joint r\u00e9silient pour maintenir une coop\u00e9ration \u00e9troite avec la balle. , afin d&#039;\u00e9viter les fuites et de provoquer des pertes plus importantes\u00a0;<\/li>\r\n<li>Le robinet \u00e0 tournant sph\u00e9rique ZECO de 56 pouces a une excellente conception en combinaison de joint torique et de joint pour \u00e9viter les fuites de la zone de connexion du corps\u00a0;<\/li>\r\n<li>Le robinet \u00e0 tournant sph\u00e9rique ZECO de 56 pouces est dot\u00e9 d&#039;un si\u00e8ge flottant \u00e0 ressort pour assurer l&#039;\u00e9tanch\u00e9it\u00e9 m\u00eame \u00e0 basse pression.\r\n\r\n\r\n\r\n\r\n\r\n<\/li>\r\n<\/ol>\r\n\r\n\r\n\r\n<h2 class=\"wp-block-heading\" id=\"h-material-of-56-inch-ball-valve\">Mat\u00e9riau du robinet \u00e0 tournant sph\u00e9rique de 56 pouces\u00a0:<\/h2>\r\n\r\n\r\n\r\n<figure class=\"wp-block-table\">\r\n<table>\r\n<tbody>\r\n<tr>\r\n<td>Non<\/td>\r\n<td>Partie<\/td>\r\n<td>Mat\u00e9riau<\/td>\r\n<\/tr>\r\n<tr>\r\n<td>1<\/td>\r\n<td>Corps<\/td>\r\n<td>ASTM A105<\/td>\r\n<\/tr>\r\n<tr>\r\n<td>2<\/td>\r\n<td>Bonnet<\/td>\r\n<td>ASTMA2105<\/td>\r\n<\/tr>\r\n<tr>\r\n<td>3<\/td>\r\n<td>Boule<\/td>\r\n<td>ASTM A105<\/td>\r\n<\/tr>\r\n<tr>\r\n<td>4<\/td>\r\n<td>Si\u00e8ge<\/td>\r\n<td>ASTM A105 + PTFE<\/td>\r\n<\/tr>\r\n<tr>\r\n<td>5<\/td>\r\n<td>Tige<\/td>\r\n<td>ASTM A182 F6a<\/td>\r\n<\/tr>\r\n<tr>\r\n<td>6<\/td>\r\n<td>Dispositif antistatique<\/td>\r\n<td>SS304<\/td>\r\n<\/tr>\r\n<tr>\r\n<td>7<\/td>\r\n<td>Joint d'\u00e9tanch\u00e9it\u00e9<\/td>\r\n<td>Graphite + SS304<\/td>\r\n<\/tr>\r\n<tr>\r\n<td>8<\/td>\r\n<td>Boulon<\/td>\r\n<td>ASTM A193 B7<\/td>\r\n<\/tr>\r\n<tr>\r\n<td>9<\/td>\r\n<td>\u00c9crou<\/td>\r\n<td>ASTM A194 2H<\/td>\r\n<\/tr>\r\n<tr>\r\n<td>10<\/td>\r\n<td>Joint torique<\/td>\r\n<td>Viton A<\/td>\r\n<\/tr>\r\n<tr>\r\n<td>11<\/td>\r\n<td>Actionneur \u00e0 engrenage<\/td>\r\n<td>ASTM A216 WCB<\/td>\r\n<\/tr>\r\n<\/tbody>\r\n<\/table>\r\n<\/figure>\r\n\r\n\r\n\r\n<h2 class=\"wp-block-heading\">TROUVEZ UN VANNE \u00c0 BILLE DE 12 POUCES ET UNE VANNE \u00c0 BILLE DE 5 POUCES<\/h2>\r\n\r\n\r\n\r\n<p>Si vous recherchez des vannes \u00e0 bille de 12 pouces et des vannes \u00e0 bille de 5 pouces, veuillez cliquer sur les liens suivants.<\/p>\r\n\r\n\r\n\r\n<div class=\"wp-block-comments-query-loop\">\r\n<div class=\"wp-block-columns is-layout-flex wp-container-core-columns-is-layout-9d6595d7 wp-block-columns-is-layout-flex\">\r\n<div class=\"wp-block-column is-layout-flow wp-block-column-is-layout-flow\"><div class=\"gb-button-wrapper gb-button-wrapper-fb120fca\">\r\n\r\n <a class=\"gb-button gb-button-0e3f0a74 gb-button-text\" href=\"https:\/\/zecovalve.com\/fr\/produit\/12-inch-ball-valve\/\"><strong>OBTENEZ LE PRIX DU VANNE \u00c0 BOULE DE 12 POUCES<\/strong><\/a> <\/div><\/div>\r\n\r\n\r\n\r\n<div class=\"wp-block-column is-layout-flow wp-block-column-is-layout-flow\"><div class=\"gb-button-wrapper gb-button-wrapper-6882e6e1\">\r\n\r\n <a class=\"gb-button gb-button-b8472bb1 gb-button-text\" href=\"https:\/\/zecovalve.com\/fr\/categorie-de-produits\/ball-valve\/\"><strong>OBTENEZ LE PRIX DU VANNE \u00c0 BOULE DE 5 POUCES<\/strong><\/a> <\/div><\/div>\r\n<\/div>\r\n<\/div>","protected":false},"excerpt":{"rendered":"<p>ZECO Valve introduit des vannes \u00e0 bille \u00e0 gros diam\u00e8tre dans le monde depuis 2016. ZECO Valve con\u00e7oit des vannes qui fonctionneront dans tous les\u2026 <a title=\"Robinet \u00e0 boisseau sph\u00e9rique de 56 pouces\" class=\"read-more\" href=\"https:\/\/zecovalve.com\/fr\/produit\/56-inch-ball-valve\" aria-label=\"Plus sur Robinet \u00e0 bille 56 pouces\">Lire plus<\/a><\/p>","protected":false},"featured_media":27855,"comment_status":"closed","ping_status":"closed","template":"","meta":{"_generate-full-width-content":"","kt_blocks_editor_width":""},"product_cat":[2047,2462],"product_tag":[3913],"class_list":["post-16257","product","type-product","status-publish","has-post-thumbnail","hentry","product_cat-ball-valve","product_cat-ball-valve-by-size","product_tag-full-port-ball-valve","sales-flash-overlay","woocommerce-text-align-center","woocommerce-image-align-center","do-quantity-buttons"],"featured_image_src_large":["https:\/\/zecovalve.com\/wp-content\/uploads\/2022\/06\/56-inch-Ball-Valve-1.jpg",800,600,false],"author_info":[],"comment_info":0,"taxonomy_info":{"product_cat":[{"value":2047,"label":"Ball Valve"},{"value":2462,"label":"Ball Valve By Size"}],"product_tag":[{"value":3913,"label":"Full Port Ball Valve"}]},"yoast_head":"<!-- This site is optimized with the Yoast SEO Premium plugin v15.4 - https:\/\/yoast.com\/wordpress\/plugins\/seo\/ -->\n<title>Large Ball Valve- 56in | ZECO Valve - 12 inch Ball Valve &amp; 5 inch Ball Valve<\/title>\n<meta name=\"robots\" content=\"index, follow, max-snippet:-1, max-image-preview:large, max-video-preview:-1\" \/>\n<link rel=\"canonical\" href=\"https:\/\/zecovalve.com\/fr\/produit\/56-inch-ball-valve\" \/>\n<meta property=\"og:locale\" content=\"fr_FR\" \/>\n<meta property=\"og:type\" content=\"article\" \/>\n<meta property=\"og:title\" content=\"Large Ball Valve- 56in | ZECO Valve - 12 inch Ball Valve &amp; 5 inch Ball Valve\" \/>\n<meta property=\"og:description\" content=\"ZECO Valve is bringing large bore ball valves into Global since 2016. ZECO Valve is designing valves that will work in every ... Lire plus\" \/>\n<meta property=\"og:url\" content=\"https:\/\/zecovalve.com\/fr\/produit\/56-inch-ball-valve\" \/>\n<meta property=\"og:site_name\" content=\"ZECO Valve\" \/>\n<meta property=\"article:modified_time\" content=\"2023-06-07T07:04:04+00:00\" \/>\n<meta property=\"og:image\" content=\"https:\/\/zecovalve.com\/wp-content\/uploads\/2022\/06\/56-inch-Ball-Valve-1.jpg\" \/>\n\t<meta property=\"og:image:width\" content=\"800\" \/>\n\t<meta property=\"og:image:height\" content=\"600\" \/>\n<meta name=\"twitter:card\" content=\"summary_large_image\" \/>\n<meta name=\"twitter:label1\" content=\"\u00c9crit par\">\n\t<meta name=\"twitter:data1\" content=\"Jerry\">\n\t<meta name=\"twitter:label2\" content=\"Dur\u00e9e de lecture estim\u00e9e\">\n\t<meta name=\"twitter:data2\" content=\"2 minutes\">\n<script type=\"application\/ld+json\" class=\"yoast-schema-graph\">{\"@context\":\"https:\/\/schema.org\",\"@graph\":[{\"@type\":\"WebSite\",\"@id\":\"https:\/\/zecovalve.com\/#website\",\"url\":\"https:\/\/zecovalve.com\/\",\"name\":\"ZECO Valve\",\"description\":\"Industrial Ball Valve, Gate Valve and Globe Valve Manufacturer\",\"potentialAction\":[{\"@type\":\"SearchAction\",\"target\":\"https:\/\/zecovalve.com\/?s={search_term_string}\",\"query-input\":\"required name=search_term_string\"}],\"inLanguage\":\"fr-FR\"},{\"@type\":\"ImageObject\",\"@id\":\"https:\/\/zecovalve.com\/product\/56-inch-ball-valve#primaryimage\",\"inLanguage\":\"fr-FR\",\"url\":\"https:\/\/zecovalve.com\/wp-content\/uploads\/2022\/06\/56-inch-Ball-Valve-1.jpg\",\"width\":800,\"height\":600,\"caption\":\"56 inch Ball Valve\"},{\"@type\":\"WebPage\",\"@id\":\"https:\/\/zecovalve.com\/product\/56-inch-ball-valve#webpage\",\"url\":\"https:\/\/zecovalve.com\/product\/56-inch-ball-valve\",\"name\":\"Large Ball Valve- 56in | ZECO Valve - 12 inch Ball Valve & 5 inch Ball Valve\",\"isPartOf\":{\"@id\":\"https:\/\/zecovalve.com\/#website\"},\"primaryImageOfPage\":{\"@id\":\"https:\/\/zecovalve.com\/product\/56-inch-ball-valve#primaryimage\"},\"datePublished\":\"2022-06-20T12:37:19+00:00\",\"dateModified\":\"2023-06-07T07:04:04+00:00\",\"breadcrumb\":{\"@id\":\"https:\/\/zecovalve.com\/product\/56-inch-ball-valve#breadcrumb\"},\"inLanguage\":\"fr-FR\",\"potentialAction\":[{\"@type\":\"ReadAction\",\"target\":[\"https:\/\/zecovalve.com\/product\/56-inch-ball-valve\"]}]},{\"@type\":\"BreadcrumbList\",\"@id\":\"https:\/\/zecovalve.com\/product\/56-inch-ball-valve#breadcrumb\",\"itemListElement\":[{\"@type\":\"ListItem\",\"position\":1,\"item\":{\"@type\":\"WebPage\",\"@id\":\"https:\/\/zecovalve.com\/\",\"url\":\"https:\/\/zecovalve.com\/\",\"name\":\"Home\"}},{\"@type\":\"ListItem\",\"position\":2,\"item\":{\"@type\":\"WebPage\",\"@id\":\"https:\/\/zecovalve.com\/product-category\",\"url\":\"https:\/\/zecovalve.com\/product-category\",\"name\":\"Industrial Valve Manufacturer | Water Valve Manufacturer\"}},{\"@type\":\"ListItem\",\"position\":3,\"item\":{\"@type\":\"WebPage\",\"@id\":\"https:\/\/zecovalve.com\/product\/56-inch-ball-valve\",\"url\":\"https:\/\/zecovalve.com\/product\/56-inch-ball-valve\",\"name\":\"56 inch Ball Valve\"}}]}]}<\/script>\n<!-- \/ Yoast SEO Premium plugin. -->","_links":{"self":[{"href":"https:\/\/zecovalve.com\/fr\/wp-json\/wp\/v2\/product\/16257","targetHints":{"allow":["GET"]}}],"collection":[{"href":"https:\/\/zecovalve.com\/fr\/wp-json\/wp\/v2\/product"}],"about":[{"href":"https:\/\/zecovalve.com\/fr\/wp-json\/wp\/v2\/types\/product"}],"replies":[{"embeddable":true,"href":"https:\/\/zecovalve.com\/fr\/wp-json\/wp\/v2\/comments?post=16257"}],"wp:featuredmedia":[{"embeddable":true,"href":"https:\/\/zecovalve.com\/fr\/wp-json\/wp\/v2\/media\/27855"}],"wp:attachment":[{"href":"https:\/\/zecovalve.com\/fr\/wp-json\/wp\/v2\/media?parent=16257"}],"wp:term":[{"taxonomy":"product_cat","embeddable":true,"href":"https:\/\/zecovalve.com\/fr\/wp-json\/wp\/v2\/product_cat?post=16257"},{"taxonomy":"product_tag","embeddable":true,"href":"https:\/\/zecovalve.com\/fr\/wp-json\/wp\/v2\/product_tag?post=16257"}],"curies":[{"name":"wp","href":"https:\/\/api.w.org\/{rel}","templated":true}]}}