{"id":16263,"date":"2022-06-20T12:56:16","date_gmt":"2022-06-20T12:56:16","guid":{"rendered":"https:\/\/zecovalve.com\/?post_type=product&#038;p=16263"},"modified":"2023-06-07T13:55:37","modified_gmt":"2023-06-07T13:55:37","slug":"electric-gate-valve","status":"publish","type":"product","link":"https:\/\/zecovalve.com\/fr\/produit\/electric-gate-valve","title":{"rendered":"Robinet-vanne \u00e0 commande \u00e9lectrique"},"content":{"rendered":"<figure class=\"wp-block-image alignnone size-medium wp-image-17921\"><img loading=\"lazy\" decoding=\"async\" width=\"300\" height=\"225\" class=\"wp-image-17921\" src=\"https:\/\/zecovalve.com\/wp-content\/uploads\/2022\/07\/Electric-Gate-Valve-300x225.jpg\" alt=\"Vanne \u00e9lectrique\" srcset=\"https:\/\/zecovalve.com\/wp-content\/uploads\/2022\/07\/Electric-Gate-Valve-300x225.jpg 300w, https:\/\/zecovalve.com\/wp-content\/uploads\/2022\/07\/Electric-Gate-Valve-768x576.jpg 768w, https:\/\/zecovalve.com\/wp-content\/uploads\/2022\/07\/Electric-Gate-Valve-600x450.jpg 600w, https:\/\/zecovalve.com\/wp-content\/uploads\/2022\/07\/Electric-Gate-Valve.jpg 800w\" sizes=\"auto, (max-width: 300px) 100vw, 300px\" \/><\/figure>\r\n\r\n\r\n<div class=\"gb-button-wrapper gb-button-wrapper-6d8495a3\">\r\n\r\n\r\n<p><a class=\"gb-button gb-button-3d442e11 gb-button-text\" href=\"mailto:commercial@zecovalve.com\" target=\"_blank\" rel=\"noopener noreferrer\"><strong>OBTENEZ LE PRIX DU VANNE \u00c0 ACTIONNEMENT \u00c9LECTRIQUE<\/strong><\/a><\/p>\r\n<\/div>\r\n\r\n\r\n\r\n\r\n<h2 class=\"wp-block-heading\" id=\"h-what-is-an-electric-actuated-gate-valve\">Qu&#039;est-ce qu&#039;un robinet-vanne \u00e0 commande \u00e9lectrique\u00a0?<\/h2>\r\n\r\n\r\n\r\n<p>Le robinet-vanne \u00e0 commande \u00e9lectrique fait r\u00e9f\u00e9rence au mouvement lin\u00e9aire de l&#039;actionneur du robinet-vanne \u00e9lectrique via la tension \u00e9lectrique et le contr\u00f4le du signal pour ouvrir ou fermer le robinet-vanne. Les vannes \u00e9lectriques peuvent vous aider \u00e0 atteindre l&#039;objectif de la t\u00e9l\u00e9commande, \u00e0 r\u00e9duire les co\u00fbts de main-d&#039;\u0153uvre et \u00e0 am\u00e9liorer l&#039;efficacit\u00e9 de la production.<\/p>\r\n\r\n\r\n\r\n<p>Le robinet-vanne \u00e0 commande \u00e9lectrique ZECO est un robinet-vanne command\u00e9 par un actionneur \u00e9lectrique. Il peut faire fonctionner le robinet-vanne \u00e0 distance gr\u00e2ce \u00e0 un dispositif \u00e9lectrique, g\u00e9n\u00e9ralement install\u00e9 dans la partie sup\u00e9rieure du robinet-vanne. Les actionneurs \u00e9lectriques sont divis\u00e9s en trois, l&#039;un est une course droite : la vanne de haut en bas pour contr\u00f4ler l&#039;ouverture de la vanne (telle qu&#039;une vanne \u00e0 si\u00e8ge unique, une vanne \u00e0 double si\u00e8ge, une vanne \u00e0 manchon, une vanne en Y, etc.)\u00a0; L&#039;autre est un quart de tour : l&#039;angle entra\u00een\u00e9 de la vanne est en rotation de 0 \u00e0 90 \u00b0 pour contr\u00f4ler l&#039;ouverture de la vanne (telle qu&#039;une vanne papillon excentrique, une vanne \u00e0 bille, une vanne rotative, des vannes \u00e0 boisseau, etc.)\u00a0; Le dernier est un actionneur \u00e9lectrique multitours (angle 360 \u00b0 &gt;) adapt\u00e9 aux vannes \u00e0 vanne, aux vannes \u00e0 soupape, etc. La rotation de l&#039;arbre de sortie de l&#039;actionneur \u00e9lectrique est sup\u00e9rieure \u00e0 une semaine, c&#039;est-\u00e0-dire sup\u00e9rieure \u00e0 360 \u00b0, il en faut g\u00e9n\u00e9ralement plus d&#039;un. Le contr\u00f4le du processus d&#039;ouverture et de fermeture de la vanne annulaire peut \u00eatre obtenu. ZECO est un fabricant professionnel de vannes \u00e9lectriques, la haute qualit\u00e9 cr\u00e9e la marque ZECO.<\/p>\r\n\r\n\r\n\r\n<h2 class=\"wp-block-heading\">Comment fonctionne un robinet-vanne \u00e0 commande \u00e9lectrique ?<\/h2>\r\n\r\n\r\n\r\n<p>Le couple est la force de rotation qu&#039;un actionneur g\u00e9n\u00e8re pour fermer une vanne rotative. Les actionneurs \u00e9lectriques peuvent g\u00e9n\u00e9rer cette force en la transmettant \u00e0 l&#039;arbre de sortie puis \u00e0 la tige de vanne. Lorsqu&#039;une pression est appliqu\u00e9e sur la tige de la valve, l&#039;orifice de la valve s&#039;ouvre ou se ferme.<\/p>\r\n\r\n\r\n\r\n<h2 class=\"wp-block-heading\">\u00c0 quoi sert un robinet-vanne \u00e0 commande \u00e9lectrique\u00a0?<\/h2>\r\n\r\n\r\n\r\n<p>La vanne \u00e0 commande \u00e9lectrique est l&#039;une des vannes d&#039;arr\u00eat les plus couramment utilis\u00e9es, principalement utilis\u00e9e pour connecter ou couper le fluide dans le pipeline, mais ne convient pas pour ajuster le d\u00e9bit du fluide. Le robinet-vanne convient \u00e0 une large plage de pression, de temp\u00e9rature et de calibre, particuli\u00e8rement adapt\u00e9 aux canalisations de moyen et grand diam\u00e8tre.<\/p>\r\n\r\n\r\n\r\n<h2 class=\"wp-block-heading\" id=\"h-features-of-electric-gate-valve\">Caract\u00e9ristiques du robinet-vanne \u00e9lectrique\u00a0:<\/h2>\r\n\r\n\r\n\r\n<ul class=\"wp-block-list\">\r\n<li>1. La bague d&#039;espacement associ\u00e9e \u00e0 la garniture est utilis\u00e9e dans les vannes \u00e0 vanne de classe 300 et sup\u00e9rieure, tandis que la vanne de classe 150 est uniquement \u00e9quip\u00e9e d&#039;une garniture\u00a0; l&#039;emballage avec anneau de lanterne est disponible sur demande du client\u00a0;<\/li>\r\n<li>2. La cale flexible est capable de compenser la distorsion de la surface du si\u00e8ge et la d\u00e9formation du corps caus\u00e9es par la contrainte de la tuyauterie\u00a0;<\/li>\r\n<li>3. Conception de r\u00e9tention d&#039;\u00e9ruption\u00a0: la face conique de la banquette arri\u00e8re entre fermement en contact avec la banquette arri\u00e8re du capot, et la r\u00e9sistance de la connexion capot-cale d\u00e9passe celle de la racine du filetage du capot\u00a0;<\/li>\r\n<li>4. Le robinet-vanne \u00e9lectrique ZECO est \u00e9quip\u00e9 en standard d&#039;un actionneur \u00e9lectrique AUMA. D&#039;autres marques peuvent \u00eatre personnalis\u00e9es selon les exigences des clients.<\/li>\r\n<\/ul>\r\n\r\n\r\n\r\n<h2 class=\"wp-block-heading\">Applications des vannes \u00e0 commande \u00e9lectrique<\/h2>\r\n\r\n\r\n\r\n<p>Le robinet-vanne \u00e0 commande \u00e9lectrique convient \u00e0 l&#039;eau, au p\u00e9trole, au ciment, \u00e0 la p\u00e2te \u00e0 papier et \u00e0 d&#039;autres m\u00e9dias, et est largement utilis\u00e9 dans le papier et la p\u00e2te \u00e0 papier, les centrales \u00e9lectriques, les chantiers navals, le traitement des eaux us\u00e9es, etc.<\/p>\r\n\r\n\r\n\r\n<h2 class=\"wp-block-heading\" id=\"h-material-of-electric-actuated-gate-valves\">Mat\u00e9riau des vannes \u00e0 commande \u00e9lectrique<\/h2>\r\n\r\n\r\n\r\n<ul class=\"wp-block-list\">\r\n<li>Type d&#039;actionneur\u00a0: actionneur de vanne \u00e9lectrique multitours<\/li>\r\n<li>Mat\u00e9riau du corps\u00a0: acier au carbone, acier inoxydable, acier forg\u00e9, etc.<\/li>\r\n<li>Pression : 10 \/ 16 \/ 20 \/ 40 \/ 64 bars (#150 \/ #300 \/ #400 \/ #600 \/ #900)<\/li>\r\n<li>Temp\u00e9rature du support : -196 \u00e0 585 \u2103<\/li>\r\n<li>M\u00e9dias appropri\u00e9s\u00a0: eau, air, p\u00e9trole, gaz, p\u00e2te \u00e0 papier, ciment, etc.<\/li>\r\n<li>Tension : Triphas\u00e9 : 380V AC. Plage : 380 V CA ~ 420 V CA ; Monophas\u00e9 : 220 V CA. Plage\u00a0: 200 VCA ~ 240 VCA<\/li>\r\n<\/ul>","protected":false},"excerpt":{"rendered":"<p>Qu&#039;est-ce qu&#039;un robinet-vanne \u00e0 commande \u00e9lectrique\u00a0? Le robinet-vanne \u00e0 commande \u00e9lectrique fait r\u00e9f\u00e9rence au mouvement lin\u00e9aire de l&#039;actionneur du robinet-vanne \u00e9lectrique\u2026 <a title=\"Robinet-vanne \u00e0 commande \u00e9lectrique\" class=\"read-more\" href=\"https:\/\/zecovalve.com\/fr\/produit\/electric-gate-valve\" aria-label=\"Plus sur Electric Actated Gate Valve\">Lire plus<\/a><\/p>","protected":false},"featured_media":27873,"comment_status":"closed","ping_status":"closed","template":"","meta":{"_generate-full-width-content":"","kt_blocks_editor_width":""},"product_cat":[2052,2457],"product_tag":[2766,2727,2798,2723],"class_list":["post-16263","product","type-product","status-publish","has-post-thumbnail","hentry","product_cat-gate-valve","product_cat-gate-valve-by-drive-mode","product_tag-motorised-valve","product_tag-motorized-valve","product_tag-osy-valve","product_tag-what-is-a-valve","sales-flash-overlay","woocommerce-text-align-center","woocommerce-image-align-center","do-quantity-buttons"],"featured_image_src_large":["https:\/\/zecovalve.com\/wp-content\/uploads\/2022\/06\/Electric-Actuated-Gate-Valve.jpg",800,600,false],"author_info":[],"comment_info":0,"taxonomy_info":{"product_cat":[{"value":2052,"label":"Gate Valve"},{"value":2457,"label":"Gate Valve with Actuator"}],"product_tag":[{"value":2766,"label":"Motorised Valve"},{"value":2727,"label":"Motorized Valve"},{"value":2798,"label":"OS&amp;Y Valve"},{"value":2723,"label":"What is a Valve"}]},"yoast_head":"<!-- This site is optimized with the Yoast SEO Premium plugin v15.4 - https:\/\/yoast.com\/wordpress\/plugins\/seo\/ -->\n<title>Electric Actuated Gate Valve - Actuated Gate Valve | ZECO Valve<\/title>\n<meta name=\"robots\" content=\"index, follow, max-snippet:-1, max-image-preview:large, max-video-preview:-1\" \/>\n<link rel=\"canonical\" href=\"https:\/\/zecovalve.com\/fr\/produit\/electric-gate-valve\" \/>\n<meta property=\"og:locale\" content=\"fr_FR\" \/>\n<meta property=\"og:type\" content=\"article\" \/>\n<meta property=\"og:title\" content=\"Electric Actuated Gate Valve - Actuated Gate Valve | ZECO Valve\" \/>\n<meta property=\"og:description\" content=\"What is an Electric Actuated Gate Valve? Electric actuated gate valve refers to the linear movement of the electric gate valve actuator ... Lire plus\" \/>\n<meta property=\"og:url\" content=\"https:\/\/zecovalve.com\/fr\/produit\/electric-gate-valve\" \/>\n<meta property=\"og:site_name\" content=\"ZECO Valve\" \/>\n<meta property=\"article:modified_time\" content=\"2023-06-07T13:55:37+00:00\" \/>\n<meta property=\"og:image\" content=\"https:\/\/zecovalve.com\/wp-content\/uploads\/2022\/06\/Electric-Actuated-Gate-Valve.jpg\" \/>\n\t<meta property=\"og:image:width\" content=\"800\" \/>\n\t<meta property=\"og:image:height\" content=\"600\" \/>\n<meta name=\"twitter:card\" content=\"summary_large_image\" \/>\n<meta name=\"twitter:label1\" content=\"\u00c9crit par\">\n\t<meta name=\"twitter:data1\" content=\"Jerry\">\n\t<meta name=\"twitter:label2\" content=\"Dur\u00e9e de lecture estim\u00e9e\">\n\t<meta name=\"twitter:data2\" content=\"2 minutes\">\n<script type=\"application\/ld+json\" class=\"yoast-schema-graph\">{\"@context\":\"https:\/\/schema.org\",\"@graph\":[{\"@type\":\"WebSite\",\"@id\":\"https:\/\/zecovalve.com\/#website\",\"url\":\"https:\/\/zecovalve.com\/\",\"name\":\"ZECO Valve\",\"description\":\"Industrial Ball Valve, Gate Valve and Globe Valve Manufacturer\",\"potentialAction\":[{\"@type\":\"SearchAction\",\"target\":\"https:\/\/zecovalve.com\/?s={search_term_string}\",\"query-input\":\"required name=search_term_string\"}],\"inLanguage\":\"fr-FR\"},{\"@type\":\"ImageObject\",\"@id\":\"https:\/\/zecovalve.com\/product\/electric-gate-valve#primaryimage\",\"inLanguage\":\"fr-FR\",\"url\":\"https:\/\/zecovalve.com\/wp-content\/uploads\/2022\/06\/Electric-Actuated-Gate-Valve.jpg\",\"width\":800,\"height\":600,\"caption\":\"Electric Actuated Gate Valve\"},{\"@type\":\"WebPage\",\"@id\":\"https:\/\/zecovalve.com\/product\/electric-gate-valve#webpage\",\"url\":\"https:\/\/zecovalve.com\/product\/electric-gate-valve\",\"name\":\"Electric Actuated Gate Valve - Actuated Gate Valve | ZECO Valve\",\"isPartOf\":{\"@id\":\"https:\/\/zecovalve.com\/#website\"},\"primaryImageOfPage\":{\"@id\":\"https:\/\/zecovalve.com\/product\/electric-gate-valve#primaryimage\"},\"datePublished\":\"2022-06-20T12:56:16+00:00\",\"dateModified\":\"2023-06-07T13:55:37+00:00\",\"breadcrumb\":{\"@id\":\"https:\/\/zecovalve.com\/product\/electric-gate-valve#breadcrumb\"},\"inLanguage\":\"fr-FR\",\"potentialAction\":[{\"@type\":\"ReadAction\",\"target\":[\"https:\/\/zecovalve.com\/product\/electric-gate-valve\"]}]},{\"@type\":\"BreadcrumbList\",\"@id\":\"https:\/\/zecovalve.com\/product\/electric-gate-valve#breadcrumb\",\"itemListElement\":[{\"@type\":\"ListItem\",\"position\":1,\"item\":{\"@type\":\"WebPage\",\"@id\":\"https:\/\/zecovalve.com\/\",\"url\":\"https:\/\/zecovalve.com\/\",\"name\":\"Home\"}},{\"@type\":\"ListItem\",\"position\":2,\"item\":{\"@type\":\"WebPage\",\"@id\":\"https:\/\/zecovalve.com\/product-category\",\"url\":\"https:\/\/zecovalve.com\/product-category\",\"name\":\"Industrial Valve Manufacturer | Water Valve Manufacturer\"}},{\"@type\":\"ListItem\",\"position\":3,\"item\":{\"@type\":\"WebPage\",\"@id\":\"https:\/\/zecovalve.com\/product\/electric-gate-valve\",\"url\":\"https:\/\/zecovalve.com\/product\/electric-gate-valve\",\"name\":\"Electric Actuated Gate Valve\"}}]}]}<\/script>\n<!-- \/ Yoast SEO Premium plugin. -->","_links":{"self":[{"href":"https:\/\/zecovalve.com\/fr\/wp-json\/wp\/v2\/product\/16263","targetHints":{"allow":["GET"]}}],"collection":[{"href":"https:\/\/zecovalve.com\/fr\/wp-json\/wp\/v2\/product"}],"about":[{"href":"https:\/\/zecovalve.com\/fr\/wp-json\/wp\/v2\/types\/product"}],"replies":[{"embeddable":true,"href":"https:\/\/zecovalve.com\/fr\/wp-json\/wp\/v2\/comments?post=16263"}],"wp:featuredmedia":[{"embeddable":true,"href":"https:\/\/zecovalve.com\/fr\/wp-json\/wp\/v2\/media\/27873"}],"wp:attachment":[{"href":"https:\/\/zecovalve.com\/fr\/wp-json\/wp\/v2\/media?parent=16263"}],"wp:term":[{"taxonomy":"product_cat","embeddable":true,"href":"https:\/\/zecovalve.com\/fr\/wp-json\/wp\/v2\/product_cat?post=16263"},{"taxonomy":"product_tag","embeddable":true,"href":"https:\/\/zecovalve.com\/fr\/wp-json\/wp\/v2\/product_tag?post=16263"}],"curies":[{"name":"wp","href":"https:\/\/api.w.org\/{rel}","templated":true}]}}