{"id":16272,"date":"2022-06-20T13:06:39","date_gmt":"2022-06-20T13:06:39","guid":{"rendered":"https:\/\/zecovalve.com\/?post_type=product&#038;p=16272"},"modified":"2023-06-07T07:04:40","modified_gmt":"2023-06-07T07:04:40","slug":"forged-ball-valve","status":"publish","type":"product","link":"https:\/\/zecovalve.com\/fr\/produit\/forged-ball-valve","title":{"rendered":"Robinet \u00e0 bille forg\u00e9 - Robinet \u00e0 bille en bronze"},"content":{"rendered":"<p>Les robinets \u00e0 tournant sph\u00e9rique en bronze forg\u00e9 sont couramment utilis\u00e9s dans des conditions d'eau de mer tr\u00e8s corrosives.<\/p>\r\n\r\n\r\n\r\n<div class=\"wp-block-columns is-layout-flex wp-container-core-columns-is-layout-9d6595d7 wp-block-columns-is-layout-flex\">\r\n<div class=\"wp-block-column is-layout-flow wp-block-column-is-layout-flow\">\r\n<figure class=\"wp-block-image size-large\"><img decoding=\"async\" src=\"https:\/\/zecovalve.com\/wp-content\/uploads\/2022\/06\/14-forged-ball-valve-300x225.jpg\" alt=\"\" \/><\/figure>\r\n<\/div>\r\n\r\n\r\n\r\n<div class=\"wp-block-column is-layout-flow wp-block-column-is-layout-flow\">\r\n<figure class=\"wp-block-image size-large\"><img decoding=\"async\" src=\"https:\/\/zecovalve.com\/wp-content\/uploads\/2022\/06\/14-forged-ball-valve-1-300x225.jpg\" alt=\"\" \/><\/figure>\r\n<\/div>\r\n\r\n\r\n\r\n<div class=\"wp-block-column is-layout-flow wp-block-column-is-layout-flow\">\r\n<figure class=\"wp-block-image size-large\"><img decoding=\"async\" src=\"https:\/\/zecovalve.com\/wp-content\/uploads\/2022\/06\/14-forged-ball-valve-2-300x225.jpg\" alt=\"\" \/><\/figure>\r\n<\/div>\r\n<\/div>\r\n\r\n\r\n\r\n<div class=\"wp-block-columns is-layout-flex wp-container-core-columns-is-layout-9d6595d7 wp-block-columns-is-layout-flex\">\r\n<div class=\"wp-block-column is-layout-flow wp-block-column-is-layout-flow\">\r\n<figure class=\"wp-block-image size-large\"><img decoding=\"async\" src=\"https:\/\/zecovalve.com\/wp-content\/uploads\/2022\/06\/14-forged-ball-valve-3-300x225.jpg\" alt=\"\" \/><\/figure>\r\n<\/div>\r\n\r\n\r\n\r\n<div class=\"wp-block-column is-layout-flow wp-block-column-is-layout-flow\">\r\n<figure class=\"wp-block-image size-large\"><img decoding=\"async\" src=\"https:\/\/zecovalve.com\/wp-content\/uploads\/2022\/06\/14-forged-ball-valve-4-300x225.jpg\" alt=\"\" \/><\/figure>\r\n<\/div>\r\n\r\n\r\n\r\n<div class=\"wp-block-column is-layout-flow wp-block-column-is-layout-flow\">\r\n<figure class=\"wp-block-image size-large\"><img decoding=\"async\" src=\"https:\/\/zecovalve.com\/wp-content\/uploads\/2022\/06\/14-forged-ball-valve-5-300x225.jpg\" alt=\"\" \/><\/figure>\r\n<\/div>\r\n\r\n\r\n\r\n<div class=\"wp-block-column is-layout-flow wp-block-column-is-layout-flow\">\r\n<figure class=\"wp-block-image size-large\"><img decoding=\"async\" src=\"https:\/\/zecovalve.com\/wp-content\/uploads\/2022\/06\/forged-ball-valve-300x225.jpg\" alt=\"\" \/><\/figure>\r\n<\/div>\r\n<\/div>\r\n\r\n\r\n<div class=\"gb-button-wrapper gb-button-wrapper-6d8495a3\">\r\n\r\n\r\n<p><a class=\"gb-button gb-button-3d442e11 gb-button-text\" href=\"https:\/\/zecovalve.com\/fr\/contact\/\" target=\"_blank\" rel=\"noopener noreferrer\"><strong>OBTENIR LE PRIX DE LA VANNE<\/strong><\/a><\/p>\r\n<\/div>\r\n\r\n\r\n\r\n\r\n<h2 class=\"wp-block-heading\">Qu'est-ce qu'un robinet \u00e0 tournant sph\u00e9rique en bronze ?<\/h2>\r\n\r\n\r\n\r\n<p>Le robinet \u00e0 tournant sph\u00e9rique en bronze signifie que le corps, le chapeau et le tournant sph\u00e9rique ainsi que les pi\u00e8ces internes sont en bronze. Il est couramment utilis\u00e9 dans des environnements r\u00e9sistants \u00e0 la corrosion, tels que l'eau de mer.<\/p>\r\n\r\n\r\n\r\n<h3 class=\"wp-block-heading\">Qu'est-ce que le bronze ?<\/h3>\r\n\r\n\r\n\r\n<p>Le bronze est un alliage \u00e0 base de cuivre qui se compose g\u00e9n\u00e9ralement d'environ 88% de cuivre et 12% d'\u00e9tain. Des traces d'autres m\u00e9taux, tels que l'aluminium, le mangan\u00e8se, le phosphore et le silicium, peuvent \u00e9galement \u00eatre pr\u00e9sentes dans l'alliage.<\/p>\r\n\r\n\r\n\r\n<p>Le bronze peut \u00eatre class\u00e9 en bronze d'aluminium, bronze d'aluminium-nickel, bronze d'aluminium-silicium et bronze de mangan\u00e8se, etc. Les qualit\u00e9s les plus couramment utilis\u00e9es sont ASTM B148 C95800, ASTM B62 C83600, ASTM B283 C61900, etc.<\/p>\r\n\r\n\r\n\r\n<h3 class=\"wp-block-heading\">Avantages du bronze<\/h3>\r\n\r\n\r\n\r\n<ul class=\"wp-block-list\">\r\n<li>Excellente conductivit\u00e9 thermique<\/li>\r\n<li>R\u00e9sistance \u00e0 la corrosion par l'eau sal\u00e9e<\/li>\r\n<li>Haute ductilit\u00e9<\/li>\r\n<\/ul>\r\n<h2>Applications des vannes en bronze<\/h2>\r\n<p>Les vannes en bronze sont couramment utilis\u00e9es dans l'industrie p\u00e9trochimique et dans les cas d'utilisation \u00e0 haute performance, en particulier dans les environnements marins o\u00f9 de faibles niveaux de corrosion sont n\u00e9cessaires.<\/p>\r\n\r\n\r\n\r\n<h2 class=\"wp-block-heading\" id=\"h-what-is-a-forged-ball-valve\">Qu'est-ce qu'un robinet \u00e0 boisseau sph\u00e9rique forg\u00e9 ?<\/h2>\r\n\r\n\r\n\r\n<p>Le robinet \u00e0 boisseau sph\u00e9rique forg\u00e9 ZECO est divis\u00e9 en robinets \u00e0 boisseau sph\u00e9rique forg\u00e9 \u00e0 deux pi\u00e8ces et robinets \u00e0 boisseau sph\u00e9rique forg\u00e9 \u00e0 trois pi\u00e8ces, ainsi qu'en robinets \u00e0 boisseau sph\u00e9rique forg\u00e9 de petit diam\u00e8tre et robinets \u00e0 boisseau sph\u00e9rique forg\u00e9 de grand diam\u00e8tre, qui sont largement utilis\u00e9s dans diverses conditions industrielles \u00e0 haute pression. Habituellement, la pression \u00e0 600 lb, 800 lb, 900 lb, 1500 lb, la temp\u00e9rature de travail dans divers pipelines - 46 \u2103 ~ 425 \u2103.Bien s\u00fbr, 150LB et 300LB de basse pression sont \u00e9galement fr\u00e9quemment utilis\u00e9s dans la liste des utilisateurs. Ses mat\u00e9riaux comprennent \u00e9galement ASTM A105, ASTM A182 F304, ASTM A182 F316, ASTM B283 C61900, ASTM B148 C95800 et d'autres mat\u00e9riaux de forgeage.<\/p>\r\n\r\n\r\n\r\n<h2 class=\"wp-block-heading\" id=\"h-features-of-forged-ball-valve\">Caract\u00e9ristiques du robinet \u00e0 boisseau sph\u00e9rique forg\u00e9 :<\/h2>\r\n\r\n\r\n\r\n<ul class=\"wp-block-list\">\r\n<li>Le robinet \u00e0 boisseau sph\u00e9rique forg\u00e9 ZECO poss\u00e8de des si\u00e8ges \u00e0 double effet de piston qui sont aliment\u00e9s par la pression dans les deux sens. Ainsi, les bagues de si\u00e8ge sont toujours pouss\u00e9es contre la bille par la pression provenant de l'amont\/aval ou de la cavit\u00e9. En cas de d\u00e9faillance du si\u00e8ge en amont, le si\u00e8ge en aval peut toujours assurer l'\u00e9tanch\u00e9it\u00e9. Largement utilis\u00e9es dans des applications sp\u00e9cifiques ou pour certains essais de pression sur des conduites. Les robinets \u00e0 effet \u00e0 double piston n'ayant pas de fonction d'autod\u00e9charge, la soupape de d\u00e9charge automatique de la pression dans la cavit\u00e9 doit \u00eatre fournie, sauf accord contraire ;<\/li>\r\n<li>Le robinet \u00e0 boisseau sph\u00e9rique forg\u00e9 ZECO est dot\u00e9 d'un si\u00e8ge autod\u00e9chargeant. Si la force cr\u00e9\u00e9e par la pression de la cavit\u00e9 du corps est sup\u00e9rieure \u00e0 la force du ressort pr\u00e9charg\u00e9 plus la force cr\u00e9\u00e9e par la pression du pipeline, la pression de la cavit\u00e9 est lib\u00e9r\u00e9e par le si\u00e8ge autod\u00e9chargeant, le si\u00e8ge \u00e0 double effet de piston fonctionne toujours de mani\u00e8re \u00e9tanche ;<\/li>\r\n<li>Le robinet \u00e0 tournant sph\u00e9rique ZECO forg\u00e9 est disponible dans d'autres configurations sur demande, comme le si\u00e8ge annulaire Delta, qui est plus facile \u00e0 sceller ;<\/li>\r\n<li>Le robinet \u00e0 boisseau sph\u00e9rique ZECO forg\u00e9 est disponible dans d'autres configurations sur demande, comme la conception Lipseal, il est plus facile \u00e0 pr\u00e9server.<\/li>\r\n<\/ul>\r\n\r\n\r\n\r\n<h2 class=\"wp-block-heading\" id=\"h-material-of-forged-ball-valve\">Mat\u00e9riau du robinet \u00e0 boisseau sph\u00e9rique forg\u00e9 :<\/h2>\r\n\r\n\r\n\r\n<figure class=\"wp-block-table\">\r\n<table>\r\n<tbody>\r\n<tr>\r\n<td>Non<\/td>\r\n<td>Partie<\/td>\r\n<td>Mat\u00e9riau<\/td>\r\n<\/tr>\r\n<tr>\r\n<td>1<\/td>\r\n<td>Corps<\/td>\r\n<td>ASTM B283 C61900<\/td>\r\n<\/tr>\r\n<tr>\r\n<td>2<\/td>\r\n<td>Bonnet<\/td>\r\n<td>ASTM B283 C61900<\/td>\r\n<\/tr>\r\n<tr>\r\n<td>3<\/td>\r\n<td>Boule<\/td>\r\n<td>ASTM B283 C61900<\/td>\r\n<\/tr>\r\n<tr>\r\n<td>4<\/td>\r\n<td>Si\u00e8ge<\/td>\r\n<td>TEFLON<\/td>\r\n<\/tr>\r\n<tr>\r\n<td>5<\/td>\r\n<td>Tige<\/td>\r\n<td>ASTM B283 C61900<\/td>\r\n<\/tr>\r\n<tr>\r\n<td>6<\/td>\r\n<td>Garniture de tige<\/td>\r\n<td>Graphite<\/td>\r\n<\/tr>\r\n<tr>\r\n<td>7<\/td>\r\n<td>Joint d'\u00e9tanch\u00e9it\u00e9<\/td>\r\n<td>Graphite<\/td>\r\n<\/tr>\r\n<tr>\r\n<td>8<\/td>\r\n<td>Boulon<\/td>\r\n<td>ASTM A193 B8M<\/td>\r\n<\/tr>\r\n<tr>\r\n<td>9<\/td>\r\n<td>\u00c9crou<\/td>\r\n<td>ASTM A194 8M<\/td>\r\n<\/tr>\r\n<tr>\r\n<td>10<\/td>\r\n<td>Collier d'arr\u00eat<\/td>\r\n<td>ASTM A1025<\/td>\r\n<\/tr>\r\n<tr>\r\n<td>11<\/td>\r\n<td>Levier<\/td>\r\n<td>ASTM A351 CF8<\/td>\r\n<\/tr>\r\n<\/tbody>\r\n<\/table>\r\n<\/figure>","protected":false},"excerpt":{"rendered":"<p>Les robinets \u00e0 tournant sph\u00e9rique en bronze forg\u00e9 sont couramment utilis\u00e9s dans des conditions d&#039;eau de mer tr\u00e8s corrosives. Qu&#039;est-ce qu&#039;un robinet \u00e0 tournant sph\u00e9rique en bronze\u00a0? Le robinet \u00e0 tournant sph\u00e9rique en bronze\u2026 <a title=\"Robinet \u00e0 bille forg\u00e9 - Robinet \u00e0 bille en bronze\" class=\"read-more\" href=\"https:\/\/zecovalve.com\/fr\/produit\/forged-ball-valve\" aria-label=\"Vanne \u00e0 bille forg\u00e9e Plus sur - Vanne \u00e0 bille en bronze\">Lire plus<\/a><\/p>","protected":false},"featured_media":27856,"comment_status":"closed","ping_status":"closed","template":"","meta":{"_generate-full-width-content":"","kt_blocks_editor_width":""},"product_cat":[2047,2461,2465],"product_tag":[2655,2804,2656],"class_list":["post-16272","product","type-product","status-publish","has-post-thumbnail","hentry","product_cat-ball-valve","product_cat-ball-valve-by-material","product_cat-forged-steel-ball-valve","product_tag-1-2-ball-valve","product_tag-2-inch-ball-valve","product_tag-3-4-ball-valve","sales-flash-overlay","woocommerce-text-align-center","woocommerce-image-align-center","do-quantity-buttons"],"featured_image_src_large":["https:\/\/zecovalve.com\/wp-content\/uploads\/2022\/06\/Forged-Ball-Valve-Bronze-Ball-Valve.jpg",800,600,false],"author_info":[],"comment_info":0,"taxonomy_info":{"product_cat":[{"value":2047,"label":"Ball Valve"},{"value":2461,"label":"Ball Valve By Material"},{"value":2465,"label":"Forged Ball Valve"}],"product_tag":[{"value":2655,"label":"1 2 ball valve"},{"value":2804,"label":"2 inch Ball Valve"},{"value":2656,"label":"3 4 ball valve"}]},"yoast_head":"<!-- This site is optimized with the Yoast SEO Premium plugin v15.4 - https:\/\/yoast.com\/wordpress\/plugins\/seo\/ -->\n<title>Bronze Ball Valve - Forged Ball Valve Manufacturer | ZECO Valve<\/title>\n<meta name=\"robots\" content=\"index, follow, max-snippet:-1, max-image-preview:large, max-video-preview:-1\" \/>\n<link rel=\"canonical\" href=\"https:\/\/zecovalve.com\/fr\/produit\/forged-ball-valve\" \/>\n<meta property=\"og:locale\" content=\"fr_FR\" \/>\n<meta property=\"og:type\" content=\"article\" \/>\n<meta property=\"og:title\" content=\"Bronze Ball Valve - Forged Ball Valve Manufacturer | ZECO Valve\" \/>\n<meta property=\"og:description\" content=\"Forged bronze ball valves are commonly used in highly corrosive seawater conditions. What is a Bronze Ball Valve? The bronze ball valve ... Lire plus\" \/>\n<meta property=\"og:url\" content=\"https:\/\/zecovalve.com\/fr\/produit\/forged-ball-valve\" \/>\n<meta property=\"og:site_name\" content=\"ZECO Valve\" \/>\n<meta property=\"article:modified_time\" content=\"2023-06-07T07:04:40+00:00\" \/>\n<meta property=\"og:image\" content=\"https:\/\/zecovalve.com\/wp-content\/uploads\/2022\/06\/Forged-Ball-Valve-Bronze-Ball-Valve.jpg\" \/>\n\t<meta property=\"og:image:width\" content=\"800\" \/>\n\t<meta property=\"og:image:height\" content=\"600\" \/>\n<meta name=\"twitter:card\" content=\"summary_large_image\" \/>\n<meta name=\"twitter:label1\" content=\"\u00c9crit par\">\n\t<meta name=\"twitter:data1\" content=\"Jerry\">\n\t<meta name=\"twitter:label2\" content=\"Dur\u00e9e de lecture estim\u00e9e\">\n\t<meta name=\"twitter:data2\" content=\"2 minutes\">\n<script type=\"application\/ld+json\" class=\"yoast-schema-graph\">{\"@context\":\"https:\/\/schema.org\",\"@graph\":[{\"@type\":\"WebSite\",\"@id\":\"https:\/\/zecovalve.com\/#website\",\"url\":\"https:\/\/zecovalve.com\/\",\"name\":\"ZECO Valve\",\"description\":\"Industrial Ball Valve, Gate Valve and Globe Valve Manufacturer\",\"potentialAction\":[{\"@type\":\"SearchAction\",\"target\":\"https:\/\/zecovalve.com\/?s={search_term_string}\",\"query-input\":\"required name=search_term_string\"}],\"inLanguage\":\"fr-FR\"},{\"@type\":\"ImageObject\",\"@id\":\"https:\/\/zecovalve.com\/product\/forged-ball-valve#primaryimage\",\"inLanguage\":\"fr-FR\",\"url\":\"https:\/\/zecovalve.com\/wp-content\/uploads\/2022\/06\/Forged-Ball-Valve-Bronze-Ball-Valve.jpg\",\"width\":800,\"height\":600,\"caption\":\"Forged Ball Valve - Bronze Ball Valve\"},{\"@type\":\"WebPage\",\"@id\":\"https:\/\/zecovalve.com\/product\/forged-ball-valve#webpage\",\"url\":\"https:\/\/zecovalve.com\/product\/forged-ball-valve\",\"name\":\"Bronze Ball Valve - Forged Ball Valve Manufacturer | ZECO Valve\",\"isPartOf\":{\"@id\":\"https:\/\/zecovalve.com\/#website\"},\"primaryImageOfPage\":{\"@id\":\"https:\/\/zecovalve.com\/product\/forged-ball-valve#primaryimage\"},\"datePublished\":\"2022-06-20T13:06:39+00:00\",\"dateModified\":\"2023-06-07T07:04:40+00:00\",\"breadcrumb\":{\"@id\":\"https:\/\/zecovalve.com\/product\/forged-ball-valve#breadcrumb\"},\"inLanguage\":\"fr-FR\",\"potentialAction\":[{\"@type\":\"ReadAction\",\"target\":[\"https:\/\/zecovalve.com\/product\/forged-ball-valve\"]}]},{\"@type\":\"BreadcrumbList\",\"@id\":\"https:\/\/zecovalve.com\/product\/forged-ball-valve#breadcrumb\",\"itemListElement\":[{\"@type\":\"ListItem\",\"position\":1,\"item\":{\"@type\":\"WebPage\",\"@id\":\"https:\/\/zecovalve.com\/\",\"url\":\"https:\/\/zecovalve.com\/\",\"name\":\"Home\"}},{\"@type\":\"ListItem\",\"position\":2,\"item\":{\"@type\":\"WebPage\",\"@id\":\"https:\/\/zecovalve.com\/product-category\",\"url\":\"https:\/\/zecovalve.com\/product-category\",\"name\":\"Industrial Valve Manufacturer | Water Valve Manufacturer\"}},{\"@type\":\"ListItem\",\"position\":3,\"item\":{\"@type\":\"WebPage\",\"@id\":\"https:\/\/zecovalve.com\/product\/forged-ball-valve\",\"url\":\"https:\/\/zecovalve.com\/product\/forged-ball-valve\",\"name\":\"Forged Ball Valve &#8211; Bronze Ball Valve\"}}]}]}<\/script>\n<!-- \/ Yoast SEO Premium plugin. -->","_links":{"self":[{"href":"https:\/\/zecovalve.com\/fr\/wp-json\/wp\/v2\/product\/16272","targetHints":{"allow":["GET"]}}],"collection":[{"href":"https:\/\/zecovalve.com\/fr\/wp-json\/wp\/v2\/product"}],"about":[{"href":"https:\/\/zecovalve.com\/fr\/wp-json\/wp\/v2\/types\/product"}],"replies":[{"embeddable":true,"href":"https:\/\/zecovalve.com\/fr\/wp-json\/wp\/v2\/comments?post=16272"}],"wp:featuredmedia":[{"embeddable":true,"href":"https:\/\/zecovalve.com\/fr\/wp-json\/wp\/v2\/media\/27856"}],"wp:attachment":[{"href":"https:\/\/zecovalve.com\/fr\/wp-json\/wp\/v2\/media?parent=16272"}],"wp:term":[{"taxonomy":"product_cat","embeddable":true,"href":"https:\/\/zecovalve.com\/fr\/wp-json\/wp\/v2\/product_cat?post=16272"},{"taxonomy":"product_tag","embeddable":true,"href":"https:\/\/zecovalve.com\/fr\/wp-json\/wp\/v2\/product_tag?post=16272"}],"curies":[{"name":"wp","href":"https:\/\/api.w.org\/{rel}","templated":true}]}}