{"id":16285,"date":"2022-06-20T13:13:37","date_gmt":"2022-06-20T13:13:37","guid":{"rendered":"https:\/\/zecovalve.com\/?post_type=product&#038;p=16285"},"modified":"2023-06-15T12:43:17","modified_gmt":"2023-06-15T12:43:17","slug":"4-inch-gate-valve","status":"publish","type":"product","link":"https:\/\/zecovalve.com\/fr\/produit\/4-inch-gate-valve","title":{"rendered":"Robinet-vanne 4 pouces"},"content":{"rendered":"<p>Le robinet-vanne 4 pouces se distingue par la taille du robinet-vanne, le robinet-vanne 4 pouces avec DN pour dire DN100.<\/p>\r\n\r\n\r\n\r\n<figure class=\"wp-block-image alignnone size-medium wp-image-16286\">\r\n<p><img loading=\"lazy\" decoding=\"async\" class=\"wp-image-27884 size-medium\" src=\"https:\/\/zecovalve.com\/wp-content\/uploads\/2022\/06\/4-inch-Gate-Valve-2-300x225.jpg\" alt=\"Robinet-vanne 4 pouces\" width=\"300\" height=\"225\" srcset=\"https:\/\/zecovalve.com\/wp-content\/uploads\/2022\/06\/4-inch-Gate-Valve-2-300x225.jpg 300w, https:\/\/zecovalve.com\/wp-content\/uploads\/2022\/06\/4-inch-Gate-Valve-2-768x576.jpg 768w, https:\/\/zecovalve.com\/wp-content\/uploads\/2022\/06\/4-inch-Gate-Valve-2-600x450.jpg 600w, https:\/\/zecovalve.com\/wp-content\/uploads\/2022\/06\/4-inch-Gate-Valve-2.jpg 800w\" sizes=\"auto, (max-width: 300px) 100vw, 300px\" \/><\/p>\r\n<\/figure>\r\n\r\n\r\n<div class=\"gb-button-wrapper gb-button-wrapper-6d8495a3\">\r\n\r\n\r\n<p><a class=\"gb-button gb-button-3d442e11 gb-button-text\" href=\"mailto:commercial@zecovalve.com\" target=\"_blank\" rel=\"noopener noreferrer\"><strong>OBTENEZ LE PRIX DU VANNE DE VANNE DE 4 POUCES<\/strong><\/a><\/p>\r\n<\/div>\r\n\r\n\r\n\r\n\r\n<h2 class=\"wp-block-heading\" id=\"h-what-is-a-4-inch-gate-valve\">Qu&#039;est-ce qu&#039;un robinet-vanne de 4 pouces\u00a0?<\/h2>\r\n\r\n\r\n\r\n<p>Le robinet-vanne ZECO de 4 pouces est l&#039;une des tailles les plus couramment utilis\u00e9es. Le robinet-vanne dans la ligne vient de changer d&#039;effet, et semble petit, la tr\u00e8s petite porte \u00e0 la protection du pipeline est tr\u00e8s importante, bien que le commutateur du robinet-vanne soit long, le couple du robinet-vanne n\u00e9cessaire pour s&#039;allumer, en cas d&#039;urgence, si une seule personne en ligne, si elle ferme un robinet \u00e0 tournant sph\u00e9rique de 4 pouces, l&#039;humain peut \u00eatre tr\u00e8s gros, si le processus de fabrication est un peu omis, cela provoque un couple excessif, il est \u00e9galement probable qu&#039;il ne s&#039;ouvrira pas, mais le portail fonctionne avec le volant , tournez le volant pour entra\u00eener la tige promue, c&#039;est en soi un processus de d\u00e9marrage, l&#039;ouverture est tr\u00e8s l\u00e9g\u00e8re.<\/p>\r\n\r\n\r\n\r\n<h2 class=\"wp-block-heading\" id=\"h-features-of-4-gate-valve\">Caract\u00e9ristiques du robinet \u00e0 4 portes<\/h2>\r\n\r\n\r\n\r\n<ul class=\"wp-block-list\">\r\n<li>La tige du robinet-vanne ZECO de 4 pouces adopte une t\u00eate en T qui est int\u00e9grale. Elle est beaucoup plus solide qu&#039;une tige filet\u00e9e ou soud\u00e9e et est moins sujette \u00e0 la flexion \u00e0 haute pression\u00a0;<\/li>\r\n<li>Le presse-\u00e9toupe du robinet-vanne ZECO de 4 pouces est suffisamment profond pour assurer un emballage suffisant pour maintenir la tige scell\u00e9e pendant une longue p\u00e9riode. Les exigences standard de conception de presse-\u00e9toupe install\u00e9es r\u00e9pondent aux exigences d&#039;\u00e9missions non organis\u00e9es &lt;100 ppm, la protection de l&#039;environnement ZECO a \u00e9t\u00e9 certifi\u00e9e ISO 14001, pour un sentiment de responsabilit\u00e9 sociale des obligations de l&#039;entreprise\u00a0;<\/li>\r\n<li>La conception du volant du robinet-vanne ZECO de 4 pouces rend la vanne facile \u00e0 utiliser, le processus de fonctionnement manuel est utilis\u00e9 pour la mise sous tension. Des entra\u00eenements \u00e0 turbine et des appareils \u00e9lectriques et pneumatiques sont \u00e9galement disponibles\u00a0;<\/li>\r\n<li>Le robinet-vanne ZECO de 4 pouces a \u00e9t\u00e9 envoy\u00e9 dans toutes les r\u00e9gions du monde et a \u00e9t\u00e9 bien accueilli par les utilisateurs des compagnies p\u00e9troli\u00e8res et des soci\u00e9t\u00e9s de gaz naturel. ZECO a gagn\u00e9 la reconnaissance des utilisateurs du monde entier et des opportunit\u00e9s de coop\u00e9ration \u00e0 long terme gr\u00e2ce \u00e0 sa qualit\u00e9.<\/li>\r\n<\/ul>\r\n\r\n\r\n\r\n<h2 class=\"wp-block-heading\">Dimensions et poids du robinet-vanne 4 pouces<\/h2>\r\n\r\n\r\n\r\n<table border=\"=1\" width=\"800\">\r\n<tbody>\r\n<tr>\r\n<td rowspan=\"2\">Pression nominale<\/td>\r\n<td style=\"text-align: center;\">Al\u00e9sage<\/td>\r\n<td style=\"text-align: center;\" colspan=\"3\">\u00a0Dimension face \u00e0 face (en mm)<\/td>\r\n<td style=\"text-align: center;\">Poids<\/td>\r\n<\/tr>\r\n<tr>\r\n<td style=\"text-align: center;\">(en mm)<\/td>\r\n<td style=\"text-align: center;\">RF<\/td>\r\n<td style=\"text-align: center;\">BW<\/td>\r\n<td style=\"text-align: center;\">RTJ<\/td>\r\n<td style=\"text-align: center;\">kg<\/td>\r\n<\/tr>\r\n<tr>\r\n<td>CLASSE 150<\/td>\r\n<td style=\"text-align: center;\">100<\/td>\r\n<td style=\"text-align: center;\">229<\/td>\r\n<td style=\"text-align: center;\">305<\/td>\r\n<td style=\"text-align: center;\">241<\/td>\r\n<td style=\"text-align: center;\">45<\/td>\r\n<\/tr>\r\n<tr>\r\n<td>CLASSE 300<\/td>\r\n<td style=\"text-align: center;\">100<\/td>\r\n<td style=\"text-align: center;\">305<\/td>\r\n<td style=\"text-align: center;\">305<\/td>\r\n<td style=\"text-align: center;\">321<\/td>\r\n<td style=\"text-align: center;\">74<\/td>\r\n<\/tr>\r\n<tr>\r\n<td>CLASSE 600<\/td>\r\n<td style=\"text-align: center;\">100<\/td>\r\n<td style=\"text-align: center;\">432<\/td>\r\n<td style=\"text-align: center;\">432<\/td>\r\n<td style=\"text-align: center;\">435<\/td>\r\n<td style=\"text-align: center;\">134<\/td>\r\n<\/tr>\r\n<tr>\r\n<td>CLASSE 900<\/td>\r\n<td style=\"text-align: center;\">98<\/td>\r\n<td style=\"text-align: center;\">457<\/td>\r\n<td style=\"text-align: center;\">457<\/td>\r\n<td style=\"text-align: center;\">460<\/td>\r\n<td style=\"text-align: center;\">174<\/td>\r\n<\/tr>\r\n<tr>\r\n<td>CLASSE 1500<\/td>\r\n<td style=\"text-align: center;\">92<\/td>\r\n<td style=\"text-align: center;\">546<\/td>\r\n<td style=\"text-align: center;\">546<\/td>\r\n<td style=\"text-align: center;\">549<\/td>\r\n<td style=\"text-align: center;\">260<\/td>\r\n<\/tr>\r\n<tr>\r\n<td>CLASSE 2500<\/td>\r\n<td style=\"text-align: center;\">72<\/td>\r\n<td style=\"text-align: center;\">673<\/td>\r\n<td style=\"text-align: center;\">673<\/td>\r\n<td style=\"text-align: center;\">683<\/td>\r\n<td style=\"text-align: center;\">606<\/td>\r\n<\/tr>\r\n<\/tbody>\r\n<\/table>\r\n\r\n\r\n\r\n<h2 class=\"wp-block-heading\">Applications du robinet \u00e0 4 portes<\/h2>\r\n\r\n\r\n\r\n<p>4 Les robinets-vannes sont utilis\u00e9s dans de nombreuses applications industrielles, notamment l&#039;industrie p\u00e9troli\u00e8re et gazi\u00e8re, les produits pharmaceutiques, la fabrication, l&#039;automobile et la marine.<\/p>\r\n\r\n\r\n\r\n<p>Les vannes \u00e0 tige non montante sont tr\u00e8s populaires sur les navires, dans les applications souterraines ou l\u00e0 o\u00f9 l&#039;espace vertical est limit\u00e9 car elles n&#039;occupent pas d&#039;espace suppl\u00e9mentaire.<\/p>\r\n\r\n\r\n\r\n<h2 class=\"wp-block-heading\" id=\"h-material-of-4-inch-gate-valve\">Mat\u00e9riau du robinet-vanne de 4 pouces<\/h2>\r\n\r\n\r\n\r\n<figure class=\"wp-block-table\">\r\n<table>\r\n<tbody>\r\n<tr>\r\n<td>Non<\/td>\r\n<td>Partie<\/td>\r\n<td>Mat\u00e9riau<\/td>\r\n<\/tr>\r\n<tr>\r\n<td>1<\/td>\r\n<td>Corps<\/td>\r\n<td>ASTM A351 CF8<\/td>\r\n<\/tr>\r\n<tr>\r\n<td>2<\/td>\r\n<td>Anneau de si\u00e8ge<\/td>\r\n<td>ASTM A182 F316 + STL<\/td>\r\n<\/tr>\r\n<tr>\r\n<td>3<\/td>\r\n<td>Cale<\/td>\r\n<td>ASTM A351 CF8M + STL<\/td>\r\n<\/tr>\r\n<tr>\r\n<td>4<\/td>\r\n<td>Tige<\/td>\r\n<td>ASTM A276 316<\/td>\r\n<\/tr>\r\n<tr>\r\n<td>5<\/td>\r\n<td>Joint de chapeau<\/td>\r\n<td>Graphite + SS316<\/td>\r\n<\/tr>\r\n<tr>\r\n<td>6<\/td>\r\n<td>Boulon du chapeau<\/td>\r\n<td>ASTM A193 B8<\/td>\r\n<\/tr>\r\n<tr>\r\n<td>7<\/td>\r\n<td>\u00c9crou \u00e0 chapeau<\/td>\r\n<td>ASTM A194 8<\/td>\r\n<\/tr>\r\n<tr>\r\n<td>8<\/td>\r\n<td>Bonnet<\/td>\r\n<td>ASTM A351 CF8<\/td>\r\n<\/tr>\r\n<tr>\r\n<td>9<\/td>\r\n<td>Si\u00e8ge arri\u00e8re<\/td>\r\n<td>ASTM A182 F316<\/td>\r\n<\/tr>\r\n<tr>\r\n<td>10<\/td>\r\n<td>Garniture de tige<\/td>\r\n<td>Graphite renforc\u00e9<\/td>\r\n<\/tr>\r\n<tr>\r\n<td>11<\/td>\r\n<td>Roue \u00e0 main<\/td>\r\n<td>KTH330-08<\/td>\r\n<\/tr>\r\n<\/tbody>\r\n<\/table>\r\n<\/figure>\r\n\r\n\r\n\r\n<h2 class=\"wp-block-heading\">Prix des robinets-vannes<\/h2>\r\n\r\n\r\n\r\n<p>Le robinet-vanne de 4 pouces est g\u00e9n\u00e9ralement l&#039;une des tailles de robinet-vanne les plus facilement comparables et ZECO Valev peut offrir des prix tr\u00e8s comp\u00e9titifs pour ce produit, veuillez contacter ZECO Valve pour plus de d\u00e9tails.<\/p>","protected":false},"excerpt":{"rendered":"<p>Le robinet-vanne 4 pouces se distingue par la taille du robinet-vanne, le robinet-vanne 4 pouces avec DN pour dire DN100. \u2026 <a title=\"Robinet-vanne 4 pouces\" class=\"read-more\" href=\"https:\/\/zecovalve.com\/fr\/produit\/4-inch-gate-valve\" aria-label=\"Plus sur Vanne \u00e0 Vanne 4 pouces\">Lire plus<\/a><\/p>","protected":false},"featured_media":27884,"comment_status":"closed","ping_status":"closed","template":"","meta":{"_generate-full-width-content":"","kt_blocks_editor_width":""},"product_cat":[2052,2458],"product_tag":[],"class_list":["post-16285","product","type-product","status-publish","has-post-thumbnail","hentry","product_cat-gate-valve","product_cat-gate-valve-by-inch","sales-flash-overlay","woocommerce-text-align-center","woocommerce-image-align-center","do-quantity-buttons"],"featured_image_src_large":["https:\/\/zecovalve.com\/wp-content\/uploads\/2022\/06\/4-inch-Gate-Valve-2.jpg",800,600,false],"author_info":[],"comment_info":0,"taxonomy_info":{"product_cat":[{"value":2052,"label":"Gate Valve"},{"value":2458,"label":"Gate Valve By Inch"}]},"yoast_head":"<!-- This site is optimized with the Yoast SEO Premium plugin v15.4 - https:\/\/yoast.com\/wordpress\/plugins\/seo\/ -->\n<title>Gate Valve 4 inch - Competitive 4 inch Gate Valve Price | ZECO Valve<\/title>\n<meta name=\"robots\" content=\"index, follow, max-snippet:-1, max-image-preview:large, max-video-preview:-1\" \/>\n<link rel=\"canonical\" href=\"https:\/\/zecovalve.com\/fr\/produit\/4-inch-gate-valve\" \/>\n<meta property=\"og:locale\" content=\"fr_FR\" \/>\n<meta property=\"og:type\" content=\"article\" \/>\n<meta property=\"og:title\" content=\"Gate Valve 4 inch - Competitive 4 inch Gate Valve Price | ZECO Valve\" \/>\n<meta property=\"og:description\" content=\"Gate valve 4 inch is distinguished by the size of the gate valve, 4 inch gate valve with DN to say DN100. ... Lire plus\" \/>\n<meta property=\"og:url\" content=\"https:\/\/zecovalve.com\/fr\/produit\/4-inch-gate-valve\" \/>\n<meta property=\"og:site_name\" content=\"ZECO Valve\" \/>\n<meta property=\"article:modified_time\" content=\"2023-06-15T12:43:17+00:00\" \/>\n<meta property=\"og:image\" content=\"https:\/\/zecovalve.com\/wp-content\/uploads\/2022\/06\/4-inch-Gate-Valve-2.jpg\" \/>\n\t<meta property=\"og:image:width\" content=\"800\" \/>\n\t<meta property=\"og:image:height\" content=\"600\" \/>\n<meta name=\"twitter:card\" content=\"summary_large_image\" \/>\n<meta name=\"twitter:label1\" content=\"\u00c9crit par\">\n\t<meta name=\"twitter:data1\" content=\"Jerry\">\n\t<meta name=\"twitter:label2\" content=\"Dur\u00e9e de lecture estim\u00e9e\">\n\t<meta name=\"twitter:data2\" content=\"2 minutes\">\n<script type=\"application\/ld+json\" class=\"yoast-schema-graph\">{\"@context\":\"https:\/\/schema.org\",\"@graph\":[{\"@type\":\"WebSite\",\"@id\":\"https:\/\/zecovalve.com\/#website\",\"url\":\"https:\/\/zecovalve.com\/\",\"name\":\"ZECO Valve\",\"description\":\"Industrial Ball Valve, Gate Valve and Globe Valve Manufacturer\",\"potentialAction\":[{\"@type\":\"SearchAction\",\"target\":\"https:\/\/zecovalve.com\/?s={search_term_string}\",\"query-input\":\"required name=search_term_string\"}],\"inLanguage\":\"fr-FR\"},{\"@type\":\"ImageObject\",\"@id\":\"https:\/\/zecovalve.com\/product\/4-inch-gate-valve#primaryimage\",\"inLanguage\":\"fr-FR\",\"url\":\"https:\/\/zecovalve.com\/wp-content\/uploads\/2022\/06\/4-inch-Gate-Valve-2.jpg\",\"width\":800,\"height\":600,\"caption\":\"4 inch Gate Valve\"},{\"@type\":\"WebPage\",\"@id\":\"https:\/\/zecovalve.com\/product\/4-inch-gate-valve#webpage\",\"url\":\"https:\/\/zecovalve.com\/product\/4-inch-gate-valve\",\"name\":\"Gate Valve 4 inch - Competitive 4 inch Gate Valve Price | ZECO Valve\",\"isPartOf\":{\"@id\":\"https:\/\/zecovalve.com\/#website\"},\"primaryImageOfPage\":{\"@id\":\"https:\/\/zecovalve.com\/product\/4-inch-gate-valve#primaryimage\"},\"datePublished\":\"2022-06-20T13:13:37+00:00\",\"dateModified\":\"2023-06-15T12:43:17+00:00\",\"breadcrumb\":{\"@id\":\"https:\/\/zecovalve.com\/product\/4-inch-gate-valve#breadcrumb\"},\"inLanguage\":\"fr-FR\",\"potentialAction\":[{\"@type\":\"ReadAction\",\"target\":[\"https:\/\/zecovalve.com\/product\/4-inch-gate-valve\"]}]},{\"@type\":\"BreadcrumbList\",\"@id\":\"https:\/\/zecovalve.com\/product\/4-inch-gate-valve#breadcrumb\",\"itemListElement\":[{\"@type\":\"ListItem\",\"position\":1,\"item\":{\"@type\":\"WebPage\",\"@id\":\"https:\/\/zecovalve.com\/\",\"url\":\"https:\/\/zecovalve.com\/\",\"name\":\"Home\"}},{\"@type\":\"ListItem\",\"position\":2,\"item\":{\"@type\":\"WebPage\",\"@id\":\"https:\/\/zecovalve.com\/product-category\",\"url\":\"https:\/\/zecovalve.com\/product-category\",\"name\":\"Industrial Valve Manufacturer | Water Valve Manufacturer\"}},{\"@type\":\"ListItem\",\"position\":3,\"item\":{\"@type\":\"WebPage\",\"@id\":\"https:\/\/zecovalve.com\/product\/4-inch-gate-valve\",\"url\":\"https:\/\/zecovalve.com\/product\/4-inch-gate-valve\",\"name\":\"4 inch Gate Valve\"}}]}]}<\/script>\n<!-- \/ Yoast SEO Premium plugin. -->","_links":{"self":[{"href":"https:\/\/zecovalve.com\/fr\/wp-json\/wp\/v2\/product\/16285","targetHints":{"allow":["GET"]}}],"collection":[{"href":"https:\/\/zecovalve.com\/fr\/wp-json\/wp\/v2\/product"}],"about":[{"href":"https:\/\/zecovalve.com\/fr\/wp-json\/wp\/v2\/types\/product"}],"replies":[{"embeddable":true,"href":"https:\/\/zecovalve.com\/fr\/wp-json\/wp\/v2\/comments?post=16285"}],"wp:featuredmedia":[{"embeddable":true,"href":"https:\/\/zecovalve.com\/fr\/wp-json\/wp\/v2\/media\/27884"}],"wp:attachment":[{"href":"https:\/\/zecovalve.com\/fr\/wp-json\/wp\/v2\/media?parent=16285"}],"wp:term":[{"taxonomy":"product_cat","embeddable":true,"href":"https:\/\/zecovalve.com\/fr\/wp-json\/wp\/v2\/product_cat?post=16285"},{"taxonomy":"product_tag","embeddable":true,"href":"https:\/\/zecovalve.com\/fr\/wp-json\/wp\/v2\/product_tag?post=16285"}],"curies":[{"name":"wp","href":"https:\/\/api.w.org\/{rel}","templated":true}]}}