{"id":16294,"date":"2022-06-20T13:21:05","date_gmt":"2022-06-20T13:21:05","guid":{"rendered":"https:\/\/zecovalve.com\/?post_type=product&#038;p=16294"},"modified":"2023-06-15T12:42:27","modified_gmt":"2023-06-15T12:42:27","slug":"forged-gate-valve","status":"publish","type":"product","link":"https:\/\/zecovalve.com\/fr\/produit\/forged-gate-valve","title":{"rendered":"Robinet-vanne forg\u00e9"},"content":{"rendered":"<p>ZECO Valve fabrique une gamme polyvalente de vannes, de robinets \u00e0 soupape et de clapets anti-retour en acier forg\u00e9 \u00e0 petit al\u00e9sage. La gamme comprend des vannes \u00e0 motif en T et en Y, ainsi que des vannes cryog\u00e9niques et \u00e0 soufflet. Les vannes \u00e0 vanne, \u00e0 globe et anti-retour en acier forg\u00e9 sont disponibles dans une vari\u00e9t\u00e9 de mat\u00e9riaux et de connexions d&#039;extr\u00e9mit\u00e9 pour r\u00e9pondre aux exigences des clients.<\/p>\r\n\r\n\r\n\r\n<figure class=\"wp-block-image alignnone size-medium wp-image-16295\">\r\n<p><img loading=\"lazy\" decoding=\"async\" class=\"wp-image-27883 size-medium\" src=\"https:\/\/zecovalve.com\/wp-content\/uploads\/2022\/06\/Forged-Gate-Valve-1-300x225.jpg\" alt=\"Robinet-vanne forg\u00e9\" width=\"300\" height=\"225\" srcset=\"https:\/\/zecovalve.com\/wp-content\/uploads\/2022\/06\/Forged-Gate-Valve-1-300x225.jpg 300w, https:\/\/zecovalve.com\/wp-content\/uploads\/2022\/06\/Forged-Gate-Valve-1-768x576.jpg 768w, https:\/\/zecovalve.com\/wp-content\/uploads\/2022\/06\/Forged-Gate-Valve-1-600x450.jpg 600w, https:\/\/zecovalve.com\/wp-content\/uploads\/2022\/06\/Forged-Gate-Valve-1.jpg 800w\" sizes=\"auto, (max-width: 300px) 100vw, 300px\" \/><\/p>\r\n<\/figure>\r\n\r\n\r\n\r\n\r\n<div class=\"gb-button-wrapper gb-button-wrapper-6d8495a3\">\r\n\r\n\r\n<p><a class=\"gb-button gb-button-3d442e11 gb-button-text\" href=\"mailto:commercial@zecovalve.com\" target=\"_blank\" rel=\"noopener noreferrer\"><strong>OBTENEZ LE PRIX DU VANNE FORG\u00c9E<\/strong><\/a><\/p>\r\n<\/div>\r\n\r\n\r\n<h2 class=\"wp-block-heading\" id=\"h-what-is-a-forged-gate-valve\">Qu&#039;est-ce qu&#039;un robinet-vanne forg\u00e9\u00a0?<\/h2>\r\n\r\n\r\n\r\n<p>Le robinet-vanne en acier forg\u00e9 est une sorte de robinet-vanne dont les pi\u00e8ces sont en mat\u00e9riau forg\u00e9. La porte du robinet-vanne en acier forg\u00e9 se d\u00e9place le long de la direction verticale de la ligne m\u00e9diane du passage. Il est principalement utilis\u00e9 pour les fonctions d&#039;arr\u00eat dans le pipeline. Le robinet-vanne en acier forg\u00e9 est une vanne largement utilis\u00e9e. Il est g\u00e9n\u00e9ralement utilis\u00e9 pour le dispositif d&#039;arr\u00eat d&#039;une taille \u22642&quot;.<\/p>\r\n\r\n\r\n\r\n<p>ZECO est un fabricant de vannes \u00e0 vanne forg\u00e9es. Les vannes forg\u00e9es conviennent \u00e0 diverses conditions industrielles et peuvent \u00eatre utilis\u00e9es pour l&#039;installation de canalisations terrestres et souterraines. \u00c9tant donn\u00e9 que les vannes forg\u00e9es ont une meilleure r\u00e9sistance \u00e0 la corrosion que celles en fonte, elles peuvent \u00e9viter le co\u00fbt \u00e9lev\u00e9 d&#039;un remplacement fr\u00e9quent caus\u00e9 par la corrosion. Selon le mode de connexion, les vannes forg\u00e9es peuvent \u00eatre divis\u00e9es en quatre types\u00a0: connexion filet\u00e9e, connexion \u00e0 souder par embo\u00eetement, connexion \u00e0 soudage bout \u00e0 bout et connexion \u00e0 bride. La connexion filet\u00e9e en fait partie, qui peut \u00eatre principalement utilis\u00e9e pour les connexions filet\u00e9es internes ou externes et les connexions filet\u00e9es de pipeline. Le raccord filet\u00e9 est g\u00e9n\u00e9ralement utilis\u00e9 pour les canalisations moyenne et basse pression\u00a0; Les raccords soud\u00e9s par embo\u00eetement conviennent aux canalisations \u00e0 haute pression, que l&#039;on trouve g\u00e9n\u00e9ralement dans les vannes forg\u00e9es de petit diam\u00e8tre de moins de 2 pouces\u00a0; Le soudage bout \u00e0 bout convient \u00e9galement aux canalisations \u00e0 haute pression, mais il se produit g\u00e9n\u00e9ralement dans les vannes forg\u00e9es de grand diam\u00e8tre de plus de 2 pouces\u00a0; La connexion \u00e0 bride peut \u00eatre divis\u00e9e en deux types de bride int\u00e9grale et de bride \u00e0 souder, en fonction des conditions de travail sp\u00e9cifiques des utilisateurs \u00e0 choisir\u00a0; La vanne \u00e0 vanne forg\u00e9e est principalement utilis\u00e9e pour la coupure, elle peut donc \u00eatre appliqu\u00e9e au pipeline avec un \u00e9coulement bidirectionnel du fluide.<\/p>\r\n\r\n\r\n\r\n<h2 class=\"wp-block-heading\">Sp\u00e9cifications du robinet-vanne forg\u00e9<\/h2>\r\n\r\n\r\n\r\n<ul class=\"wp-block-list\">\r\n<li>Conception de base\u00a0: API 602, ANSI B16.34<\/li>\r\n<li>De bout en bout\u00a0: norme DHV<\/li>\r\n<li>Test et inspection\u00a0: API-598<\/li>\r\n<li>Extr\u00e9mit\u00e9s viss\u00e9es (NPT) selon ANSI\/ASME B1.20.1<\/li>\r\n<li>Embouts \u00e0 souder selon ASME B16.11<\/li>\r\n<li>Extr\u00e9mit\u00e9s \u00e0 souder bout \u00e0 bout selon ASME B16.25<\/li>\r\n<li>Bride d&#039;extr\u00e9mit\u00e9\u00a0: ANSI B16.5<\/li>\r\n<\/ul>\r\n\r\n\r\n\r\n<h2 class=\"wp-block-heading\" id=\"h-features-of-forged-steel-gate-valve\">Caract\u00e9ristiques du robinet-vanne en acier forg\u00e9<\/h2>\r\n\r\n\r\n\r\n<ul class=\"wp-block-list\">\r\n<li>Le robinet-vanne forg\u00e9 ZECO adopte la conception \u00e0 \u00e9tanch\u00e9it\u00e9 invers\u00e9e. Lors d&#039;une utilisation \u00e0 long terme, si la garniture doit \u00eatre remplac\u00e9e, tant que la vanne est compl\u00e8tement ouverte, la garniture peut \u00eatre remplac\u00e9e en ligne sans fuite de la vanne\u00a0;<\/li>\r\n<li>La conception de la tige \u00e0 t\u00eate en T du robinet-vanne forg\u00e9 ZECO fournit une connexion positive entre le disque et la tige et garantit un fonctionnement efficace du si\u00e8ge\u00a0;<\/li>\r\n<li>La cale solide enti\u00e8rement guid\u00e9e du robinet-vanne forg\u00e9 ZECO r\u00e9duit l&#039;usure des surfaces d&#039;appui\u00a0;<\/li>\r\n<li>La disposition des goujons et des boulons du robinet-vanne forg\u00e9 ZECO facilite l&#039;entretien de la garniture.<\/li>\r\n<li>Vis et joug ext\u00e9rieurs (OS&amp;Y)<\/li>\r\n<li>Presse-\u00e9toupe auto-alignant en deux pi\u00e8ces<\/li>\r\n<li>Chapeau boulonn\u00e9 avec joint spiral\u00e9<\/li>\r\n<li>Banquette arri\u00e8re int\u00e9gr\u00e9e<\/li>\r\n<\/ul>\r\n\r\n\r\n\r\n<h2 class=\"wp-block-heading\" id=\"h-material-of-forged-gate-valve\">Mat\u00e9riau du robinet-vanne forg\u00e9<\/h2>\r\n\r\n\r\n\r\n<figure class=\"wp-block-table\">\r\n<table>\r\n<tbody>\r\n<tr>\r\n<td>Non<\/td>\r\n<td>Partie<\/td>\r\n<td>Mat\u00e9riau<\/td>\r\n<\/tr>\r\n<tr>\r\n<td>1<\/td>\r\n<td>Corps<\/td>\r\n<td>ASTM A105<\/td>\r\n<\/tr>\r\n<tr>\r\n<td>2<\/td>\r\n<td>Anneau de si\u00e8ge<\/td>\r\n<td>ASTM A276 410<\/td>\r\n<\/tr>\r\n<tr>\r\n<td>3<\/td>\r\n<td>Cale<\/td>\r\n<td>ASTM A276 420<\/td>\r\n<\/tr>\r\n<tr>\r\n<td>4<\/td>\r\n<td>Joint d'\u00e9tanch\u00e9it\u00e9<\/td>\r\n<td>Graphite + SS304<\/td>\r\n<\/tr>\r\n<tr>\r\n<td>5<\/td>\r\n<td>Tige<\/td>\r\n<td>ASTM A276 420<\/td>\r\n<\/tr>\r\n<tr>\r\n<td>6<\/td>\r\n<td>Bonnet<\/td>\r\n<td>ASTM A105<\/td>\r\n<\/tr>\r\n<tr>\r\n<td>7<\/td>\r\n<td>Boulon du chapeau<\/td>\r\n<td>ASTM A193 B7<\/td>\r\n<\/tr>\r\n<tr>\r\n<td>8<\/td>\r\n<td>Garniture de tige<\/td>\r\n<td>Graphite renforc\u00e9<\/td>\r\n<\/tr>\r\n<tr>\r\n<td>9<\/td>\r\n<td>Gland<\/td>\r\n<td>ASTM A276 410<\/td>\r\n<\/tr>\r\n<tr>\r\n<td>10<\/td>\r\n<td>Bride de presse-\u00e9toupe<\/td>\r\n<td>ASTM A105<\/td>\r\n<\/tr>\r\n<tr>\r\n<td>11<\/td>\r\n<td>Roue \u00e0 main<\/td>\r\n<td>ASTM A197<\/td>\r\n<\/tr>\r\n<\/tbody>\r\n<\/table>\r\n<\/figure>","protected":false},"excerpt":{"rendered":"<p>ZECO Valve fabrique une gamme polyvalente de vannes, de robinets \u00e0 soupape et de clapets anti-retour en acier forg\u00e9 \u00e0 petit al\u00e9sage. La gamme comprend des vannes en forme de T\u2026 <a title=\"Robinet-vanne forg\u00e9\" class=\"read-more\" href=\"https:\/\/zecovalve.com\/fr\/produit\/forged-gate-valve\" aria-label=\"Plus sur Vanne Forg\u00e9e\">Lire plus<\/a><\/p>","protected":false},"featured_media":27883,"comment_status":"closed","ping_status":"closed","template":"","meta":{"_generate-full-width-content":"","kt_blocks_editor_width":""},"product_cat":[2464,2052],"product_tag":[2798],"class_list":["post-16294","product","type-product","status-publish","has-post-thumbnail","hentry","product_cat-forged-steel-gate-valve","product_cat-gate-valve","product_tag-osy-valve","sales-flash-overlay","woocommerce-text-align-center","woocommerce-image-align-center","do-quantity-buttons"],"featured_image_src_large":["https:\/\/zecovalve.com\/wp-content\/uploads\/2022\/06\/Forged-Gate-Valve-1.jpg",800,600,false],"author_info":[],"comment_info":0,"taxonomy_info":{"product_cat":[{"value":2464,"label":"Forged Steel Gate Valve"},{"value":2052,"label":"Gate Valve"}],"product_tag":[{"value":2798,"label":"OS&amp;Y Valve"}]},"yoast_head":"<!-- This site is optimized with the Yoast SEO Premium plugin v15.4 - https:\/\/yoast.com\/wordpress\/plugins\/seo\/ -->\n<title>Forged Gate Valve - Forged Steel Gate Valve Manufacturers | ZECO Valve<\/title>\n<meta name=\"robots\" content=\"index, follow, max-snippet:-1, max-image-preview:large, max-video-preview:-1\" \/>\n<link rel=\"canonical\" href=\"https:\/\/zecovalve.com\/fr\/produit\/forged-gate-valve\" \/>\n<meta property=\"og:locale\" content=\"fr_FR\" \/>\n<meta property=\"og:type\" content=\"article\" \/>\n<meta property=\"og:title\" content=\"Forged Gate Valve - Forged Steel Gate Valve Manufacturers | ZECO Valve\" \/>\n<meta property=\"og:description\" content=\"ZECO Valve manufactures a versatile range of Small Bore Forged Steel Gate, Globe, and Check Valves. The portfolio comprises valves in T-pattern ... Lire plus\" \/>\n<meta property=\"og:url\" content=\"https:\/\/zecovalve.com\/fr\/produit\/forged-gate-valve\" \/>\n<meta property=\"og:site_name\" content=\"ZECO Valve\" \/>\n<meta property=\"article:modified_time\" content=\"2023-06-15T12:42:27+00:00\" \/>\n<meta property=\"og:image\" content=\"https:\/\/zecovalve.com\/wp-content\/uploads\/2022\/06\/Forged-Gate-Valve-1.jpg\" \/>\n\t<meta property=\"og:image:width\" content=\"800\" \/>\n\t<meta property=\"og:image:height\" content=\"600\" \/>\n<meta name=\"twitter:card\" content=\"summary_large_image\" \/>\n<meta name=\"twitter:label1\" content=\"\u00c9crit par\">\n\t<meta name=\"twitter:data1\" content=\"Jerry\">\n\t<meta name=\"twitter:label2\" content=\"Dur\u00e9e de lecture estim\u00e9e\">\n\t<meta name=\"twitter:data2\" content=\"2 minutes\">\n<script type=\"application\/ld+json\" class=\"yoast-schema-graph\">{\"@context\":\"https:\/\/schema.org\",\"@graph\":[{\"@type\":\"WebSite\",\"@id\":\"https:\/\/zecovalve.com\/#website\",\"url\":\"https:\/\/zecovalve.com\/\",\"name\":\"ZECO Valve\",\"description\":\"Industrial Ball Valve, Gate Valve and Globe Valve Manufacturer\",\"potentialAction\":[{\"@type\":\"SearchAction\",\"target\":\"https:\/\/zecovalve.com\/?s={search_term_string}\",\"query-input\":\"required name=search_term_string\"}],\"inLanguage\":\"fr-FR\"},{\"@type\":\"ImageObject\",\"@id\":\"https:\/\/zecovalve.com\/product\/forged-gate-valve#primaryimage\",\"inLanguage\":\"fr-FR\",\"url\":\"https:\/\/zecovalve.com\/wp-content\/uploads\/2022\/06\/Forged-Gate-Valve-1.jpg\",\"width\":800,\"height\":600,\"caption\":\"Forged Gate Valve\"},{\"@type\":\"WebPage\",\"@id\":\"https:\/\/zecovalve.com\/product\/forged-gate-valve#webpage\",\"url\":\"https:\/\/zecovalve.com\/product\/forged-gate-valve\",\"name\":\"Forged Gate Valve - Forged Steel Gate Valve Manufacturers | ZECO Valve\",\"isPartOf\":{\"@id\":\"https:\/\/zecovalve.com\/#website\"},\"primaryImageOfPage\":{\"@id\":\"https:\/\/zecovalve.com\/product\/forged-gate-valve#primaryimage\"},\"datePublished\":\"2022-06-20T13:21:05+00:00\",\"dateModified\":\"2023-06-15T12:42:27+00:00\",\"breadcrumb\":{\"@id\":\"https:\/\/zecovalve.com\/product\/forged-gate-valve#breadcrumb\"},\"inLanguage\":\"fr-FR\",\"potentialAction\":[{\"@type\":\"ReadAction\",\"target\":[\"https:\/\/zecovalve.com\/product\/forged-gate-valve\"]}]},{\"@type\":\"BreadcrumbList\",\"@id\":\"https:\/\/zecovalve.com\/product\/forged-gate-valve#breadcrumb\",\"itemListElement\":[{\"@type\":\"ListItem\",\"position\":1,\"item\":{\"@type\":\"WebPage\",\"@id\":\"https:\/\/zecovalve.com\/\",\"url\":\"https:\/\/zecovalve.com\/\",\"name\":\"Home\"}},{\"@type\":\"ListItem\",\"position\":2,\"item\":{\"@type\":\"WebPage\",\"@id\":\"https:\/\/zecovalve.com\/product-category\",\"url\":\"https:\/\/zecovalve.com\/product-category\",\"name\":\"Industrial Valve Manufacturer | Water Valve Manufacturer\"}},{\"@type\":\"ListItem\",\"position\":3,\"item\":{\"@type\":\"WebPage\",\"@id\":\"https:\/\/zecovalve.com\/product\/forged-gate-valve\",\"url\":\"https:\/\/zecovalve.com\/product\/forged-gate-valve\",\"name\":\"Forged Gate Valve\"}}]}]}<\/script>\n<!-- \/ Yoast SEO Premium plugin. -->","_links":{"self":[{"href":"https:\/\/zecovalve.com\/fr\/wp-json\/wp\/v2\/product\/16294","targetHints":{"allow":["GET"]}}],"collection":[{"href":"https:\/\/zecovalve.com\/fr\/wp-json\/wp\/v2\/product"}],"about":[{"href":"https:\/\/zecovalve.com\/fr\/wp-json\/wp\/v2\/types\/product"}],"replies":[{"embeddable":true,"href":"https:\/\/zecovalve.com\/fr\/wp-json\/wp\/v2\/comments?post=16294"}],"wp:featuredmedia":[{"embeddable":true,"href":"https:\/\/zecovalve.com\/fr\/wp-json\/wp\/v2\/media\/27883"}],"wp:attachment":[{"href":"https:\/\/zecovalve.com\/fr\/wp-json\/wp\/v2\/media?parent=16294"}],"wp:term":[{"taxonomy":"product_cat","embeddable":true,"href":"https:\/\/zecovalve.com\/fr\/wp-json\/wp\/v2\/product_cat?post=16294"},{"taxonomy":"product_tag","embeddable":true,"href":"https:\/\/zecovalve.com\/fr\/wp-json\/wp\/v2\/product_tag?post=16294"}],"curies":[{"name":"wp","href":"https:\/\/api.w.org\/{rel}","templated":true}]}}