{"id":16303,"date":"2022-06-20T13:31:28","date_gmt":"2022-06-20T13:31:28","guid":{"rendered":"https:\/\/zecovalve.com\/?post_type=product&#038;p=16303"},"modified":"2023-06-07T07:04:57","modified_gmt":"2023-06-07T07:04:57","slug":"three-piece-ball-valve","status":"publish","type":"product","link":"https:\/\/zecovalve.com\/fr\/produit\/three-piece-ball-valve","title":{"rendered":"Robinet \u00e0 boisseau sph\u00e9rique en trois parties"},"content":{"rendered":"<p>Le robinet \u00e0 boisseau sph\u00e9rique est actuellement le robinet le plus utilis\u00e9. Il peut \u00eatre fabriqu\u00e9 en diff\u00e9rents types pour s'adapter \u00e0 diff\u00e9rentes industries. Par exemple, il peut \u00eatre fabriqu\u00e9 en acier inoxydable, en plastique, en laiton, etc.<\/p>\r\n\r\n\r\n\r\n<div class=\"wp-block-columns is-layout-flex wp-container-core-columns-is-layout-9d6595d7 wp-block-columns-is-layout-flex\">\r\n<div class=\"wp-block-column is-layout-flow wp-block-column-is-layout-flow\"><div class=\"wp-block-image\">\r\n<figure class=\"aligncenter size-large\"><img decoding=\"async\" src=\"https:\/\/zecovalve.com\/wp-content\/uploads\/2022\/06\/three-piece-ball-valve-1-300x225.jpg\" alt=\"\" \/><\/figure>\r\n<\/div><\/div>\r\n\r\n\r\n\r\n<div class=\"wp-block-column is-layout-flow wp-block-column-is-layout-flow\"><div class=\"wp-block-image\">\r\n<figure class=\"aligncenter size-large\"><img decoding=\"async\" src=\"https:\/\/zecovalve.com\/wp-content\/uploads\/2022\/06\/three-piece-ball-valve-2-300x225.jpg\" alt=\"\" \/><\/figure>\r\n<\/div><\/div>\r\n\r\n\r\n\r\n<div class=\"wp-block-column is-layout-flow wp-block-column-is-layout-flow\"><div class=\"wp-block-image\">\r\n<figure class=\"aligncenter size-large\"><img decoding=\"async\" src=\"https:\/\/zecovalve.com\/wp-content\/uploads\/2022\/06\/three-piece-ball-valve-3-300x225.jpg\" alt=\"\" \/><\/figure>\r\n<\/div><\/div>\r\n<\/div>\r\n\r\n\r\n\r\n<div class=\"wp-block-columns is-layout-flex wp-container-core-columns-is-layout-9d6595d7 wp-block-columns-is-layout-flex\">\r\n<div class=\"wp-block-column is-layout-flow wp-block-column-is-layout-flow\">\r\n<figure class=\"wp-block-image size-large\"><img decoding=\"async\" src=\"https:\/\/zecovalve.com\/wp-content\/uploads\/2022\/06\/three-piece-ball-valve-4-300x225.jpg\" alt=\"\" \/><\/figure>\r\n<\/div>\r\n\r\n\r\n\r\n<div class=\"wp-block-column is-layout-flow wp-block-column-is-layout-flow\">\r\n<figure class=\"wp-block-image size-large\"><img decoding=\"async\" src=\"https:\/\/zecovalve.com\/wp-content\/uploads\/2022\/06\/three-piece-ball-valve-5-300x225.jpg\" alt=\"\" \/><\/figure>\r\n<\/div>\r\n\r\n\r\n\r\n<div class=\"wp-block-column is-layout-flow wp-block-column-is-layout-flow\">\r\n<figure class=\"wp-block-image size-large\"><img decoding=\"async\" src=\"https:\/\/zecovalve.com\/wp-content\/uploads\/2022\/06\/three-piece-ball-valve-6-300x225.jpg\" alt=\"\" \/><\/figure>\r\n<\/div>\r\n\r\n\r\n\r\n<div class=\"wp-block-column is-layout-flow wp-block-column-is-layout-flow\">\r\n<figure class=\"wp-block-image size-large\"><img decoding=\"async\" src=\"https:\/\/zecovalve.com\/wp-content\/uploads\/2022\/06\/three-piece-ball-valve-7-300x225.jpg\" alt=\"\" \/><\/figure>\r\n<\/div>\r\n<\/div>\r\n\r\n\r\n<div class=\"gb-button-wrapper gb-button-wrapper-6d8495a3\">\r\n\r\n\r\n<p><a class=\"gb-button gb-button-3d442e11 gb-button-text\" href=\"https:\/\/zecovalve.com\/fr\/contact\/\" target=\"_blank\" rel=\"noopener noreferrer\"><strong>OBTENIR LE PRIX D'UN ROBINET \u00c0 BOISSEAU SPH\u00c9RIQUE TROIS PI\u00c8CES<\/strong><\/a><\/p>\r\n<\/div>\r\n\r\n\r\n\r\n\r\n<h2 class=\"wp-block-heading\" id=\"h-what-is-a-three-piece-ball-valve\">Qu'est-ce qu'un robinet \u00e0 boisseau sph\u00e9rique en trois parties ?<\/h2>\r\n\r\n\r\n\r\n<p>Comme leur nom l'indique, les robinets \u00e0 tournant sph\u00e9rique en trois parties sont constitu\u00e9s de trois pi\u00e8ces : deux capuchons d'extr\u00e9mit\u00e9 et un corps. Les embouts sont g\u00e9n\u00e9ralement filet\u00e9s ou soud\u00e9s \u00e0 la tuyauterie et la partie principale du corps peut \u00eatre facilement retir\u00e9e pour \u00eatre nettoy\u00e9e ou r\u00e9par\u00e9e sans enlever les embouts. Cette option peut s'av\u00e9rer tr\u00e8s utile car elle permet d'\u00e9viter l'arr\u00eat de la ligne en cas de maintenance.<\/p>\r\n\r\n\r\n\r\n<h2 class=\"wp-block-heading\" id=\"h-features-of-three-piece-ball-valves\">Caract\u00e9ristiques des robinets \u00e0 tournant sph\u00e9rique en trois parties<\/h2>\r\n\r\n\r\n\r\n<p>Le robinet \u00e0 tournant sph\u00e9rique trois pi\u00e8ces est un robinet \u00e0 tournant sph\u00e9rique haute performance, id\u00e9al pour une grande vari\u00e9t\u00e9 de services. Con\u00e7ue pour une maintenance simple, en ligne, et une dur\u00e9e de vie longue et fiable, cette vanne \u00e0 bille \u00e0 si\u00e8ge r\u00e9silient pr\u00e9sente des caract\u00e9ristiques techniques sophistiqu\u00e9es qui permettent d'obtenir des performances sup\u00e9rieures \u00e0 un co\u00fbt \u00e9conomique.<\/p>\r\n\r\n\r\n\r\n<p>L'avantage du robinet \u00e0 tournant sph\u00e9rique en trois parties est qu'il est facile \u00e0 d\u00e9monter. Ainsi, le corps central peut \u00eatre entretenu et nettoy\u00e9 sans affecter l'ensemble de la canalisation. Par exemple, lorsque le corps de la vanne est bloqu\u00e9, il suffit de d\u00e9tacher les boulons de la vanne \u00e0 bille, de retirer l'actionneur et le corps central, puis de le nettoyer et de l'entretenir. Apr\u00e8s le nettoyage, le corps central et le capuchon d'extr\u00e9mit\u00e9 peuvent \u00eatre assembl\u00e9s \u00e0 l'aide de boulons. Il n'est pas n\u00e9cessaire de d\u00e9monter l'ensemble du robinet de la canalisation, ce qui r\u00e9duit consid\u00e9rablement les co\u00fbts de maintenance. Deuxi\u00e8mement, la plupart des robinets \u00e0 tournant sph\u00e9rique en trois parties sont des mod\u00e8les \u00e0 passage int\u00e9gral, qui permettent de transporter un d\u00e9bit plus important.<\/p>\r\n\r\n\r\n\r\n<h2 class=\"wp-block-heading\" id=\"h-material-of-three-piece-ball-valves\">Mat\u00e9riau des robinets \u00e0 tournant sph\u00e9rique en trois parties<\/h2>\r\n\r\n\r\n\r\n<figure class=\"wp-block-table\">\r\n<table>\r\n<tbody>\r\n<tr>\r\n<td>Non<\/td>\r\n<td>Partie<\/td>\r\n<td>Mat\u00e9riau<\/td>\r\n<\/tr>\r\n<tr>\r\n<td>1<\/td>\r\n<td>Corps<\/td>\r\n<td>Acier forg\u00e9, acier inoxydable<\/td>\r\n<\/tr>\r\n<tr>\r\n<td>2<\/td>\r\n<td>Bonnet<\/td>\r\n<td>Acier forg\u00e9, acier inoxydable<\/td>\r\n<\/tr>\r\n<tr>\r\n<td>3<\/td>\r\n<td>Boulon du chapeau<\/td>\r\n<td>ASTM A193 B7 \/ B8 \/B8M<\/td>\r\n<\/tr>\r\n<tr>\r\n<td>4<\/td>\r\n<td>\u00c9crou \u00e0 chapeau<\/td>\r\n<td>ASTM A194 2H \/ 8 \/ 8M<\/td>\r\n<\/tr>\r\n<tr>\r\n<td>5<\/td>\r\n<td>Joint de chapeau<\/td>\r\n<td>Graphite +SS316<\/td>\r\n<\/tr>\r\n<tr>\r\n<td>6<\/td>\r\n<td>Anneau de si\u00e8ge<\/td>\r\n<td>VITON<\/td>\r\n<\/tr>\r\n<tr>\r\n<td>7<\/td>\r\n<td>Boule<\/td>\r\n<td>Acier forg\u00e9<\/td>\r\n<\/tr>\r\n<tr>\r\n<td>8<\/td>\r\n<td>Tige<\/td>\r\n<td>ASTM A276 304 \/ 316<\/td>\r\n<\/tr>\r\n<tr>\r\n<td>9<\/td>\r\n<td>Garniture de tige<\/td>\r\n<td>Graphite<\/td>\r\n<\/tr>\r\n<tr>\r\n<td>10<\/td>\r\n<td>Gland<\/td>\r\n<td>Acier inoxydable<\/td>\r\n<\/tr>\r\n<tr>\r\n<td>11<\/td>\r\n<td>Collier d'arr\u00eat<\/td>\r\n<td>ANSI 1025<\/td>\r\n<\/tr>\r\n<\/tbody>\r\n<\/table>\r\n<\/figure>","protected":false},"excerpt":{"rendered":"<p>Le robinet \u00e0 tournant sph\u00e9rique est actuellement le robinet le plus largement utilis\u00e9, il peut \u00eatre transform\u00e9 en diff\u00e9rents types pour convenir \u00e0 diff\u00e9rentes industries. \u2026 <a title=\"Robinet \u00e0 boisseau sph\u00e9rique en trois parties\" class=\"read-more\" href=\"https:\/\/zecovalve.com\/fr\/produit\/three-piece-ball-valve\" aria-label=\"Plus sur Three Piece Ball Valve\">Lire plus<\/a><\/p>","protected":false},"featured_media":27857,"comment_status":"closed","ping_status":"closed","template":"","meta":{"_generate-full-width-content":"","kt_blocks_editor_width":""},"product_cat":[2047,2465],"product_tag":[3089],"class_list":["post-16303","product","type-product","status-publish","has-post-thumbnail","hentry","product_cat-ball-valve","product_cat-forged-steel-ball-valve","product_tag-3-piece-ball-valve","sales-flash-overlay","woocommerce-text-align-center","woocommerce-image-align-center","do-quantity-buttons"],"featured_image_src_large":["https:\/\/zecovalve.com\/wp-content\/uploads\/2022\/06\/Three-Piece-Ball-Valve-8.jpg",800,600,false],"author_info":[],"comment_info":0,"taxonomy_info":{"product_cat":[{"value":2047,"label":"Ball Valve"},{"value":2465,"label":"Forged Ball Valve"}],"product_tag":[{"value":3089,"label":"3 Piece Ball Valve"}]},"yoast_head":"<!-- This site is optimized with the Yoast SEO Premium plugin v15.4 - https:\/\/yoast.com\/wordpress\/plugins\/seo\/ -->\n<title>Three Piece Ball Valve - 3 Piece Ball Valve Manufacturer | ZECO Valve<\/title>\n<meta name=\"robots\" content=\"index, follow, max-snippet:-1, max-image-preview:large, max-video-preview:-1\" \/>\n<link rel=\"canonical\" href=\"https:\/\/zecovalve.com\/fr\/produit\/three-piece-ball-valve\" \/>\n<meta property=\"og:locale\" content=\"fr_FR\" \/>\n<meta property=\"og:type\" content=\"article\" \/>\n<meta property=\"og:title\" content=\"Three Piece Ball Valve - 3 Piece Ball Valve Manufacturer | ZECO Valve\" \/>\n<meta property=\"og:description\" content=\"Ball valve is currently the most widely used valve, it can be made into different types to be suitable for different industries. ... Lire plus\" \/>\n<meta property=\"og:url\" content=\"https:\/\/zecovalve.com\/fr\/produit\/three-piece-ball-valve\" \/>\n<meta property=\"og:site_name\" content=\"ZECO Valve\" \/>\n<meta property=\"article:modified_time\" content=\"2023-06-07T07:04:57+00:00\" \/>\n<meta property=\"og:image\" content=\"https:\/\/zecovalve.com\/wp-content\/uploads\/2022\/06\/Three-Piece-Ball-Valve-8.jpg\" \/>\n\t<meta property=\"og:image:width\" content=\"800\" \/>\n\t<meta property=\"og:image:height\" content=\"600\" \/>\n<meta name=\"twitter:card\" content=\"summary_large_image\" \/>\n<meta name=\"twitter:label1\" content=\"\u00c9crit par\">\n\t<meta name=\"twitter:data1\" content=\"Jerry\">\n\t<meta name=\"twitter:label2\" content=\"Dur\u00e9e de lecture estim\u00e9e\">\n\t<meta name=\"twitter:data2\" content=\"1 minute\">\n<script type=\"application\/ld+json\" class=\"yoast-schema-graph\">{\"@context\":\"https:\/\/schema.org\",\"@graph\":[{\"@type\":\"WebSite\",\"@id\":\"https:\/\/zecovalve.com\/#website\",\"url\":\"https:\/\/zecovalve.com\/\",\"name\":\"ZECO Valve\",\"description\":\"Industrial Ball Valve, Gate Valve and Globe Valve Manufacturer\",\"potentialAction\":[{\"@type\":\"SearchAction\",\"target\":\"https:\/\/zecovalve.com\/?s={search_term_string}\",\"query-input\":\"required name=search_term_string\"}],\"inLanguage\":\"fr-FR\"},{\"@type\":\"ImageObject\",\"@id\":\"https:\/\/zecovalve.com\/product\/three-piece-ball-valve#primaryimage\",\"inLanguage\":\"fr-FR\",\"url\":\"https:\/\/zecovalve.com\/wp-content\/uploads\/2022\/06\/Three-Piece-Ball-Valve-8.jpg\",\"width\":800,\"height\":600,\"caption\":\"Three Piece Ball Valve\"},{\"@type\":\"WebPage\",\"@id\":\"https:\/\/zecovalve.com\/product\/three-piece-ball-valve#webpage\",\"url\":\"https:\/\/zecovalve.com\/product\/three-piece-ball-valve\",\"name\":\"Three Piece Ball Valve - 3 Piece Ball Valve Manufacturer | ZECO Valve\",\"isPartOf\":{\"@id\":\"https:\/\/zecovalve.com\/#website\"},\"primaryImageOfPage\":{\"@id\":\"https:\/\/zecovalve.com\/product\/three-piece-ball-valve#primaryimage\"},\"datePublished\":\"2022-06-20T13:31:28+00:00\",\"dateModified\":\"2023-06-07T07:04:57+00:00\",\"breadcrumb\":{\"@id\":\"https:\/\/zecovalve.com\/product\/three-piece-ball-valve#breadcrumb\"},\"inLanguage\":\"fr-FR\",\"potentialAction\":[{\"@type\":\"ReadAction\",\"target\":[\"https:\/\/zecovalve.com\/product\/three-piece-ball-valve\"]}]},{\"@type\":\"BreadcrumbList\",\"@id\":\"https:\/\/zecovalve.com\/product\/three-piece-ball-valve#breadcrumb\",\"itemListElement\":[{\"@type\":\"ListItem\",\"position\":1,\"item\":{\"@type\":\"WebPage\",\"@id\":\"https:\/\/zecovalve.com\/\",\"url\":\"https:\/\/zecovalve.com\/\",\"name\":\"Home\"}},{\"@type\":\"ListItem\",\"position\":2,\"item\":{\"@type\":\"WebPage\",\"@id\":\"https:\/\/zecovalve.com\/product-category\",\"url\":\"https:\/\/zecovalve.com\/product-category\",\"name\":\"Industrial Valve Manufacturer | Water Valve Manufacturer\"}},{\"@type\":\"ListItem\",\"position\":3,\"item\":{\"@type\":\"WebPage\",\"@id\":\"https:\/\/zecovalve.com\/product\/three-piece-ball-valve\",\"url\":\"https:\/\/zecovalve.com\/product\/three-piece-ball-valve\",\"name\":\"Three Piece Ball Valve\"}}]}]}<\/script>\n<!-- \/ Yoast SEO Premium plugin. -->","_links":{"self":[{"href":"https:\/\/zecovalve.com\/fr\/wp-json\/wp\/v2\/product\/16303","targetHints":{"allow":["GET"]}}],"collection":[{"href":"https:\/\/zecovalve.com\/fr\/wp-json\/wp\/v2\/product"}],"about":[{"href":"https:\/\/zecovalve.com\/fr\/wp-json\/wp\/v2\/types\/product"}],"replies":[{"embeddable":true,"href":"https:\/\/zecovalve.com\/fr\/wp-json\/wp\/v2\/comments?post=16303"}],"wp:featuredmedia":[{"embeddable":true,"href":"https:\/\/zecovalve.com\/fr\/wp-json\/wp\/v2\/media\/27857"}],"wp:attachment":[{"href":"https:\/\/zecovalve.com\/fr\/wp-json\/wp\/v2\/media?parent=16303"}],"wp:term":[{"taxonomy":"product_cat","embeddable":true,"href":"https:\/\/zecovalve.com\/fr\/wp-json\/wp\/v2\/product_cat?post=16303"},{"taxonomy":"product_tag","embeddable":true,"href":"https:\/\/zecovalve.com\/fr\/wp-json\/wp\/v2\/product_tag?post=16303"}],"curies":[{"name":"wp","href":"https:\/\/api.w.org\/{rel}","templated":true}]}}