{"id":16318,"date":"2022-06-20T13:38:03","date_gmt":"2022-06-20T13:38:03","guid":{"rendered":"https:\/\/zecovalve.com\/?post_type=product&#038;p=16318"},"modified":"2023-06-15T12:51:11","modified_gmt":"2023-06-15T12:51:11","slug":"12-inch-gate-valve","status":"publish","type":"product","link":"https:\/\/zecovalve.com\/fr\/produit\/12-inch-gate-valve","title":{"rendered":"Robinet-vanne 12 pouces"},"content":{"rendered":"<p>Le robinet-vanne de 12 pouces est une taille de vanne courante dans les pipelines.<\/p>\r\n\r\n\r\n\r\n<figure class=\"wp-block-image alignnone size-medium wp-image-16319\">\r\n<p><img loading=\"lazy\" decoding=\"async\" class=\"size-medium wp-image-19563\" src=\"https:\/\/zecovalve.com\/wp-content\/uploads\/2022\/06\/12-inch-Gate-Valve-1-225x300.jpg\" alt=\"Robinet-vanne 12 pouces\" width=\"225\" height=\"300\" srcset=\"https:\/\/zecovalve.com\/wp-content\/uploads\/2022\/06\/12-inch-Gate-Valve-1-225x300.jpg 225w, https:\/\/zecovalve.com\/wp-content\/uploads\/2022\/06\/12-inch-Gate-Valve-1-768x1024.jpg 768w, https:\/\/zecovalve.com\/wp-content\/uploads\/2022\/06\/12-inch-Gate-Valve-1-1152x1536.jpg 1152w, https:\/\/zecovalve.com\/wp-content\/uploads\/2022\/06\/12-inch-Gate-Valve-1-1536x2048.jpg 1536w, https:\/\/zecovalve.com\/wp-content\/uploads\/2022\/06\/12-inch-Gate-Valve-1-600x800.jpg 600w, https:\/\/zecovalve.com\/wp-content\/uploads\/2022\/06\/12-inch-Gate-Valve-1-scaled.jpg 1920w\" sizes=\"auto, (max-width: 225px) 100vw, 225px\" \/><\/p>\r\n<\/figure>\r\n\r\n\r\n<div class=\"gb-button-wrapper gb-button-wrapper-6d8495a3\">\r\n\r\n\r\n<p><a class=\"gb-button gb-button-3d442e11 gb-button-text\" href=\"mailto:commercial@zecovalve.com\" target=\"_blank\" rel=\"noopener noreferrer\"><strong>OBTENEZ LE PRIX DU VANNE-VANNE 12\u2033<\/strong><\/a><\/p>\r\n<\/div>\r\n\r\n\r\n\r\n\r\n<h2 class=\"wp-block-heading\" id=\"h-what-is-12-inch-gate-valve\">Qu&#039;est-ce qu&#039;un robinet-vanne de 12 pouces\u00a0?<\/h2>\r\n\r\n\r\n\r\n<p>Le corps de vanne du robinet-vanne ZECO de 12 pouces traverse directement la structure, qui est similaire au tuyau droit \u00e0 l&#039;\u00e9tat compl\u00e8tement ouvert, pour garantir une r\u00e9sistance minimale \u00e0 l&#039;\u00e9coulement et un d\u00e9bit tourbillonnant, et r\u00e9duire le co\u00fbt du pipeline de l&#039;utilisateur. Il existe deux fa\u00e7ons de connecter le corps de vanne et le chapeau, l&#039;une est la connexion par boulon du chapeau du corps de vanne, l&#039;autre est la structure auto-obturante \u00e0 pression, l&#039;int\u00e9rieur du corps de vanne des deux types de structure est le m\u00eame, il y a un rail de guidage pour permettre au portail un mouvement fixe, non caus\u00e9 par une d\u00e9viation de l&#039;impact des probl\u00e8mes d&#039;\u00e9tanch\u00e9it\u00e9. Le chapeau et le support sont int\u00e9gr\u00e9s et divis\u00e9s, en fonction de la taille du robinet-vanne, g\u00e9n\u00e9ralement 10\u00a0&quot; ou moins pour un chapeau et un \u00e9trier d&#039;une seule pi\u00e8ce et 10&quot; ou plus pour un \u00e9trier de chapeau divis\u00e9.<\/p>\r\n\r\n\r\n\r\n<h2 class=\"wp-block-heading\" id=\"h-features-of-12-inch-gate-valve\">Caract\u00e9ristiques du robinet-vanne de 12 pouces\u00a0:<\/h2>\r\n\r\n\r\n\r\n<ul class=\"wp-block-list\">\r\n<li>Les ing\u00e9nieurs techniques de ZECO ont pleinement pris en compte la difficult\u00e9 du service apr\u00e8s-vente, ils ont donc d\u00e9velopp\u00e9 la structure qui peut \u00eatre entretenue en ligne, telle qu&#039;un si\u00e8ge de soupape renouvelable, une garniture rempla\u00e7able en ligne, un volant rempla\u00e7able en ligne, etc., afin de faciliter la maintenance de personnel apr\u00e8s-vente\u00a0;<\/li>\r\n<li>La cale du robinet-vanne ZECO de 12 pouces est meul\u00e9e sur une surface de miroir avant l&#039;assemblage pour garantir qu&#039;elle s&#039;adapte parfaitement \u00e0 l&#039;anneau de si\u00e8ge et ne reste pas coinc\u00e9e\u00a0;<\/li>\r\n<li>L&#039;\u00e9tanch\u00e9it\u00e9 de la tige de vanne du robinet-vanne ZECO de 12 pouces est r\u00e9alis\u00e9e gr\u00e2ce \u00e0 la collaboration de graphite flexible et tiss\u00e9, assurant une \u00e9tanch\u00e9it\u00e9 plus fiable\u00a0;<\/li>\r\n<li>Le robinet-vanne ZECO de 12 pouces a de bonnes performances d&#039;\u00e9tanch\u00e9it\u00e9 \u00e0 haute temp\u00e9rature et un robinet \u00e0 coin n&#039;est pas facile \u00e0 bloquer apr\u00e8s le chauffage. Convient \u00e0 la vapeur, \u00e0 l&#039;huile \u00e0 haute temp\u00e9rature, au p\u00e9trole, au gaz et \u00e0 d&#039;autres supports, ainsi qu&#039;aux composants \u00e0 commutation fr\u00e9quente. Ne convient pas aux supports facilement cok\u00e9fiants.<\/li>\r\n<\/ul>\r\n\r\n\r\n\r\n<h2 class=\"wp-block-heading\">Applications du robinet-vanne de 12 pouces<\/h2>\r\n\r\n\r\n\r\n<p>Les robinets-vannes de 12 pouces peuvent \u00eatre trouv\u00e9s partout o\u00f9 un arr\u00eat \u00e9conomique est requis. Les vannes \u00e0 vanne sont id\u00e9ales pour toute application impliquant des boues, car la vanne peut traverser de part en part. Les robinets-vannes sont \u00e9galement courants dans les applications utilisant des liquides comme les huiles lourdes, les graisses l\u00e9g\u00e8res, les vernis et autres liquides ininflammables.<\/p>\r\n\r\n\r\n\r\n<h2 class=\"wp-block-heading\">Dimensions et poids du robinet-vanne 12\u2033<\/h2>\r\n\r\n\r\n\r\n<table border=\"=1\" width=\"800\">\r\n<tbody>\r\n<tr>\r\n<td rowspan=\"2\">Pression nominale\u00a0<\/td>\r\n<td>Al\u00e9sage<\/td>\r\n<td colspan=\"3\">\u00a0Dimension face \u00e0 face (en mm)\u00a0 \u00a0<\/td>\r\n<td>Poids<\/td>\r\n<\/tr>\r\n<tr>\r\n<td>(en mm)<\/td>\r\n<td>RF<\/td>\r\n<td>BW<\/td>\r\n<td>RTJ<\/td>\r\n<td>kg<\/td>\r\n<\/tr>\r\n<tr>\r\n<td>CLASSE 150<\/td>\r\n<td>300<\/td>\r\n<td>356<\/td>\r\n<td>502<\/td>\r\n<td>368<\/td>\r\n<td>290<\/td>\r\n<\/tr>\r\n<tr>\r\n<td>CLASSE 300<\/td>\r\n<td>300<\/td>\r\n<td>502<\/td>\r\n<td>502<\/td>\r\n<td>518<\/td>\r\n<td>486<\/td>\r\n<\/tr>\r\n<tr>\r\n<td>CLASSE 600<\/td>\r\n<td>298<\/td>\r\n<td>838<\/td>\r\n<td>838<\/td>\r\n<td>841<\/td>\r\n<td>1068<\/td>\r\n<\/tr>\r\n<tr>\r\n<td>CLASSE 900<\/td>\r\n<td>282<\/td>\r\n<td>965<\/td>\r\n<td>965<\/td>\r\n<td>968<\/td>\r\n<td>1542<\/td>\r\n<\/tr>\r\n<tr>\r\n<td>CLASSE 1500<\/td>\r\n<td>263<\/td>\r\n<td>1130<\/td>\r\n<td>1130<\/td>\r\n<td>1146<\/td>\r\n<td>3816<\/td>\r\n<\/tr>\r\n<tr>\r\n<td>CLASSE 2500<\/td>\r\n<td>218<\/td>\r\n<td>1422<\/td>\r\n<td>1422<\/td>\r\n<td>1445<\/td>\r\n<td>6500<\/td>\r\n<\/tr>\r\n<\/tbody>\r\n<\/table>\r\n\r\n\r\n\r\n<h2 class=\"wp-block-heading\" id=\"h-material-of-12-inch-gate-valve\">Mat\u00e9riau du robinet-vanne de 12 pouces\u00a0:<\/h2>\r\n\r\n\r\n\r\n<figure class=\"wp-block-table is-style-stripes\">\r\n<table>\r\n<tbody>\r\n<tr>\r\n<td>Non<\/td>\r\n<td>Partie<\/td>\r\n<td>Mat\u00e9riau<\/td>\r\n<\/tr>\r\n<tr>\r\n<td>1<\/td>\r\n<td>Corps<\/td>\r\n<td>ASTM A217 WC9<\/td>\r\n<\/tr>\r\n<tr>\r\n<td>2<\/td>\r\n<td>Anneau de si\u00e8ge<\/td>\r\n<td>ASTM A182 F22 + STL<\/td>\r\n<\/tr>\r\n<tr>\r\n<td>3<\/td>\r\n<td>Cale<\/td>\r\n<td>ASTM A217 WC9 + STL<\/td>\r\n<\/tr>\r\n<tr>\r\n<td>4<\/td>\r\n<td>Tige<\/td>\r\n<td>ASTM A276 420<\/td>\r\n<\/tr>\r\n<tr>\r\n<td>5<\/td>\r\n<td>Joint de chapeau<\/td>\r\n<td>Graphite + SS316<\/td>\r\n<\/tr>\r\n<tr>\r\n<td>6<\/td>\r\n<td>Boulon du chapeau<\/td>\r\n<td>ASTM A193 B16<\/td>\r\n<\/tr>\r\n<tr>\r\n<td>7<\/td>\r\n<td>\u00c9crou \u00e0 chapeau<\/td>\r\n<td>ASTM A194 4<\/td>\r\n<\/tr>\r\n<tr>\r\n<td>8<\/td>\r\n<td>Bonnet<\/td>\r\n<td>ASTM A217 WC9<\/td>\r\n<\/tr>\r\n<tr>\r\n<td>9<\/td>\r\n<td>Si\u00e8ge arri\u00e8re<\/td>\r\n<td>ASTM A182 F6a<\/td>\r\n<\/tr>\r\n<tr>\r\n<td>10<\/td>\r\n<td>Garniture de tige<\/td>\r\n<td>Graphite renforc\u00e9<\/td>\r\n<\/tr>\r\n<tr>\r\n<td>11<\/td>\r\n<td>Roue \u00e0 main<\/td>\r\n<td>KTH330-08<\/td>\r\n<\/tr>\r\n<\/tbody>\r\n<\/table>\r\n<\/figure>\r\n\r\n\r\n\r\n<h2 class=\"wp-block-heading\" id=\"h-12-inch-gate-valve-supplier\">Fournisseur de vannes \u00e0 vanne de 12 pouces<\/h2>\r\n\r\n\r\n\r\n<p>En tant qu&#039;entreprise de vannes certifi\u00e9e API 6D et API 600, ZECO Valve est sp\u00e9cialis\u00e9e dans les vannes \u00e0 vanne, disponibles dans des tailles allant de 1\u2033 \u00e0 88\u2033 en plus des vannes \u00e0 vanne de 12 pouces.<\/p>","protected":false},"excerpt":{"rendered":"<p>Le robinet-vanne de 12 pouces est une taille de vanne courante dans les pipelines. Qu&#039;est-ce qu&#039;un robinet-vanne de 12 pouces\u00a0? Le corps de vanne de ZECO\u2026 <a title=\"Robinet-vanne 12 pouces\" class=\"read-more\" href=\"https:\/\/zecovalve.com\/fr\/produit\/12-inch-gate-valve\" aria-label=\"Plus sur Vanne \u00e0 Vanne 12 pouces\">Lire plus<\/a><\/p>","protected":false},"featured_media":27886,"comment_status":"closed","ping_status":"closed","template":"","meta":{"_generate-full-width-content":"","kt_blocks_editor_width":""},"product_cat":[2052,2458],"product_tag":[],"class_list":["post-16318","product","type-product","status-publish","has-post-thumbnail","hentry","product_cat-gate-valve","product_cat-gate-valve-by-inch","sales-flash-overlay","woocommerce-text-align-center","woocommerce-image-align-center","do-quantity-buttons"],"featured_image_src_large":["https:\/\/zecovalve.com\/wp-content\/uploads\/2022\/06\/12-inch-Gate-Valve-2.jpg",800,600,false],"author_info":[],"comment_info":0,"taxonomy_info":{"product_cat":[{"value":2052,"label":"Gate Valve"},{"value":2458,"label":"Gate Valve By Inch"}]},"yoast_head":"<!-- This site is optimized with the Yoast SEO Premium plugin v15.4 - https:\/\/yoast.com\/wordpress\/plugins\/seo\/ -->\n<title>12 inch Gate Valve Supplier | ZECO Valve - Gate Valve 12inch to 88 inch<\/title>\n<meta name=\"robots\" content=\"index, follow, max-snippet:-1, max-image-preview:large, max-video-preview:-1\" \/>\n<link rel=\"canonical\" href=\"https:\/\/zecovalve.com\/fr\/produit\/12-inch-gate-valve\" \/>\n<meta property=\"og:locale\" content=\"fr_FR\" \/>\n<meta property=\"og:type\" content=\"article\" \/>\n<meta property=\"og:title\" content=\"12 inch Gate Valve Supplier | ZECO Valve - Gate Valve 12inch to 88 inch\" \/>\n<meta property=\"og:description\" content=\"Gate valve 12 inch is a common valve size in pipelines. What is 12 Inch Gate Valve? The valve body of ZECO ... Lire plus\" \/>\n<meta property=\"og:url\" content=\"https:\/\/zecovalve.com\/fr\/produit\/12-inch-gate-valve\" \/>\n<meta property=\"og:site_name\" content=\"ZECO Valve\" \/>\n<meta property=\"article:modified_time\" content=\"2023-06-15T12:51:11+00:00\" \/>\n<meta property=\"og:image\" content=\"https:\/\/zecovalve.com\/wp-content\/uploads\/2022\/06\/12-inch-Gate-Valve-2.jpg\" \/>\n\t<meta property=\"og:image:width\" content=\"800\" \/>\n\t<meta property=\"og:image:height\" content=\"600\" \/>\n<meta name=\"twitter:card\" content=\"summary_large_image\" \/>\n<meta name=\"twitter:label1\" content=\"\u00c9crit par\">\n\t<meta name=\"twitter:data1\" content=\"Jerry\">\n\t<meta name=\"twitter:label2\" content=\"Dur\u00e9e de lecture estim\u00e9e\">\n\t<meta name=\"twitter:data2\" content=\"2 minutes\">\n<script type=\"application\/ld+json\" class=\"yoast-schema-graph\">{\"@context\":\"https:\/\/schema.org\",\"@graph\":[{\"@type\":\"WebSite\",\"@id\":\"https:\/\/zecovalve.com\/#website\",\"url\":\"https:\/\/zecovalve.com\/\",\"name\":\"ZECO Valve\",\"description\":\"Industrial Ball Valve, Gate Valve and Globe Valve Manufacturer\",\"potentialAction\":[{\"@type\":\"SearchAction\",\"target\":\"https:\/\/zecovalve.com\/?s={search_term_string}\",\"query-input\":\"required name=search_term_string\"}],\"inLanguage\":\"fr-FR\"},{\"@type\":\"ImageObject\",\"@id\":\"https:\/\/zecovalve.com\/product\/12-inch-gate-valve#primaryimage\",\"inLanguage\":\"fr-FR\",\"url\":\"https:\/\/zecovalve.com\/wp-content\/uploads\/2022\/06\/12-inch-Gate-Valve-2.jpg\",\"width\":800,\"height\":600,\"caption\":\"12 inch Gate Valve\"},{\"@type\":\"WebPage\",\"@id\":\"https:\/\/zecovalve.com\/product\/12-inch-gate-valve#webpage\",\"url\":\"https:\/\/zecovalve.com\/product\/12-inch-gate-valve\",\"name\":\"12 inch Gate Valve Supplier | ZECO Valve - Gate Valve 12inch to 88 inch\",\"isPartOf\":{\"@id\":\"https:\/\/zecovalve.com\/#website\"},\"primaryImageOfPage\":{\"@id\":\"https:\/\/zecovalve.com\/product\/12-inch-gate-valve#primaryimage\"},\"datePublished\":\"2022-06-20T13:38:03+00:00\",\"dateModified\":\"2023-06-15T12:51:11+00:00\",\"breadcrumb\":{\"@id\":\"https:\/\/zecovalve.com\/product\/12-inch-gate-valve#breadcrumb\"},\"inLanguage\":\"fr-FR\",\"potentialAction\":[{\"@type\":\"ReadAction\",\"target\":[\"https:\/\/zecovalve.com\/product\/12-inch-gate-valve\"]}]},{\"@type\":\"BreadcrumbList\",\"@id\":\"https:\/\/zecovalve.com\/product\/12-inch-gate-valve#breadcrumb\",\"itemListElement\":[{\"@type\":\"ListItem\",\"position\":1,\"item\":{\"@type\":\"WebPage\",\"@id\":\"https:\/\/zecovalve.com\/\",\"url\":\"https:\/\/zecovalve.com\/\",\"name\":\"Home\"}},{\"@type\":\"ListItem\",\"position\":2,\"item\":{\"@type\":\"WebPage\",\"@id\":\"https:\/\/zecovalve.com\/product-category\",\"url\":\"https:\/\/zecovalve.com\/product-category\",\"name\":\"Industrial Valve Manufacturer | Water Valve Manufacturer\"}},{\"@type\":\"ListItem\",\"position\":3,\"item\":{\"@type\":\"WebPage\",\"@id\":\"https:\/\/zecovalve.com\/product\/12-inch-gate-valve\",\"url\":\"https:\/\/zecovalve.com\/product\/12-inch-gate-valve\",\"name\":\"12 inch Gate Valve\"}}]}]}<\/script>\n<!-- \/ Yoast SEO Premium plugin. -->","_links":{"self":[{"href":"https:\/\/zecovalve.com\/fr\/wp-json\/wp\/v2\/product\/16318","targetHints":{"allow":["GET"]}}],"collection":[{"href":"https:\/\/zecovalve.com\/fr\/wp-json\/wp\/v2\/product"}],"about":[{"href":"https:\/\/zecovalve.com\/fr\/wp-json\/wp\/v2\/types\/product"}],"replies":[{"embeddable":true,"href":"https:\/\/zecovalve.com\/fr\/wp-json\/wp\/v2\/comments?post=16318"}],"wp:featuredmedia":[{"embeddable":true,"href":"https:\/\/zecovalve.com\/fr\/wp-json\/wp\/v2\/media\/27886"}],"wp:attachment":[{"href":"https:\/\/zecovalve.com\/fr\/wp-json\/wp\/v2\/media?parent=16318"}],"wp:term":[{"taxonomy":"product_cat","embeddable":true,"href":"https:\/\/zecovalve.com\/fr\/wp-json\/wp\/v2\/product_cat?post=16318"},{"taxonomy":"product_tag","embeddable":true,"href":"https:\/\/zecovalve.com\/fr\/wp-json\/wp\/v2\/product_tag?post=16318"}],"curies":[{"name":"wp","href":"https:\/\/api.w.org\/{rel}","templated":true}]}}