{"id":16337,"date":"2022-06-20T14:45:35","date_gmt":"2022-06-20T14:45:35","guid":{"rendered":"https:\/\/zecovalve.com\/?post_type=product&#038;p=16337"},"modified":"2023-06-16T13:40:51","modified_gmt":"2023-06-16T13:40:51","slug":"flange-check-valve","status":"publish","type":"product","link":"https:\/\/zecovalve.com\/fr\/produit\/flange-check-valve","title":{"rendered":"Clapet anti-retour \u00e0 bride"},"content":{"rendered":"<p><img loading=\"lazy\" decoding=\"async\" class=\"size-medium wp-image-27916\" src=\"https:\/\/zecovalve.com\/wp-content\/uploads\/2022\/06\/Flange-Check-Valve-1-300x225.jpg\" alt=\"Clapet anti-retour \u00e0 bride\" width=\"300\" height=\"225\" srcset=\"https:\/\/zecovalve.com\/wp-content\/uploads\/2022\/06\/Flange-Check-Valve-1-300x225.jpg 300w, https:\/\/zecovalve.com\/wp-content\/uploads\/2022\/06\/Flange-Check-Valve-1-768x576.jpg 768w, https:\/\/zecovalve.com\/wp-content\/uploads\/2022\/06\/Flange-Check-Valve-1-600x450.jpg 600w, https:\/\/zecovalve.com\/wp-content\/uploads\/2022\/06\/Flange-Check-Valve-1.jpg 800w\" sizes=\"auto, (max-width: 300px) 100vw, 300px\" \/><\/p>\n<p class=\"sep-title\"><a style=\"font-size: 17px;\" href=\"https:\/\/zecovalve.com\/fr\/products\/flange-check-valve.html\/#form\">\u00a0OBTENIR LE PRIX DE LA VANNE<\/a><\/p>\n<div class=\"richtext\">\n<h2>Description:<\/h2>\n<p>Conform\u00e9ment \u00e0 la structure, le clapet anti-retour \u00e0 bride ZECO est divis\u00e9 en clapet anti-retour \u00e0 bride, clapet anti-retour \u00e0 bride et clapet anti-retour \u00e0 double plaque. Clapet anti-retour \u00e0 bride : le disque glisse le long de la ligne centrale du corps. petit volume, l\u00e9ger, bonnes performances de processus. C&#039;est l&#039;une des directions de d\u00e9veloppement des clapets anti-retour ; Clapet anti-retour \u00e0 bride pivotante\u00a0: le disque pivote autour de la goupille ext\u00e9rieure du si\u00e8ge\u00a0; Clapet anti-retour \u00e0 double plaque \u00e0 bride\u00a0: deux disques oscillent autour de l&#039;arbre central. Le clapet anti-retour \u00e0 bride doit \u00eatre install\u00e9 uniquement au niveau du d\u00e9bit. Le clapet anti-retour \u00e0 bride battante en fonction du d\u00e9bit peut \u00e9galement \u00eatre mont\u00e9 verticalement et de niveau, de pr\u00e9f\u00e9rence au niveau de l&#039;installation. En tant que fabricant bien connu de clapets anti-retour \u00e0 bride, ZECO a des exigences strictes en mati\u00e8re de test de coque de clapet anti-retour, de test d&#039;\u00e9tanch\u00e9it\u00e9 et de test d&#039;\u00e9tanch\u00e9it\u00e9 au gaz basse pression. 100% de l&#039;usine teste la pression selon la norme API 598 pour garantir que chaque vanne est livr\u00e9e sur le site du client en bon \u00e9tat et en toute s\u00e9curit\u00e9.<\/p>\n<h2>Caract\u00e9ristiques:<\/h2>\n<p>1. Le si\u00e8ge soud\u00e9 \u00e0 joint renouvelable du clapet anti-retour \u00e0 bride ZECO est standard avec le stellite 6 tandis que le si\u00e8ge viss\u00e9 en option\u00a0;<\/p>\n<p>2. Joint flexible en graphite pour les vannes de classe 150, joint enroul\u00e9 en spirale pour les vannes de classe 300 et 600 et joint annulaire pour les vannes de classe 900 et sup\u00e9rieures ou en option pour les vannes de classe 600 sur demande du client\u00a0;<\/p>\n<p>3. Le clapet anti-retour \u00e0 bride ZECO peut \u00eatre plac\u00e9 au bas de la ligne centrale du corps de vanne selon les exigences de l&#039;utilisateur, pour garantir que le corps de vanne est bloqu\u00e9 par de petites impuret\u00e9s, il existe un point de maintenance pour \u00e9liminer ces petites impuret\u00e9s. ;<\/p>\n<p>4. Le clapet anti-retour \u00e0 bride ZECO est une structure simple et compacte, un petit volume et un faible poids. Il est facile de r\u00e9aliser une ouverture\/fermeture rapide, une \u00e9tanch\u00e9it\u00e9 fiable, d&#039;excellentes performances.<\/p>\n<h2>Mat\u00e9riau :<\/h2>\n<table>\n<tbody>\n<tr class=\"firstRow\">\n<td valign=\"center\">Non<\/td>\n<td valign=\"center\">Partie<\/td>\n<td valign=\"center\">Mat\u00e9riau<\/td>\n<\/tr>\n<tr>\n<td valign=\"center\">1<\/td>\n<td valign=\"center\">Corps<\/td>\n<td valign=\"center\">ASTM A216 WCB<\/td>\n<\/tr>\n<tr>\n<td valign=\"center\">2<\/td>\n<td valign=\"center\">Si\u00e8ge<\/td>\n<td valign=\"center\">ASTM A105 +13Cr<\/td>\n<\/tr>\n<tr>\n<td valign=\"center\">3<\/td>\n<td valign=\"center\">Disque<\/td>\n<td valign=\"center\">ASTM A216 WCB+13Cr<\/td>\n<\/tr>\n<tr>\n<td valign=\"center\">4<\/td>\n<td valign=\"center\">Bras<\/td>\n<td valign=\"center\">ASTM A216 WCB<\/td>\n<\/tr>\n<tr>\n<td valign=\"center\">5<\/td>\n<td valign=\"center\">\u00c9crou<\/td>\n<td valign=\"center\">ASTM A194 2H<\/td>\n<\/tr>\n<tr>\n<td valign=\"center\">6<\/td>\n<td valign=\"center\">\u00c9pingle<\/td>\n<td valign=\"center\">ASTM A182 F6a<\/td>\n<\/tr>\n<tr>\n<td valign=\"center\">7<\/td>\n<td valign=\"center\">Connecteur<\/td>\n<td valign=\"center\">ASTM A216 WCB<\/td>\n<\/tr>\n<tr>\n<td valign=\"center\">8<\/td>\n<td valign=\"center\">Joint d'\u00e9tanch\u00e9it\u00e9<\/td>\n<td valign=\"center\">Graphite + SS304<\/td>\n<\/tr>\n<tr>\n<td valign=\"center\">9<\/td>\n<td valign=\"center\">Bonnet<\/td>\n<td valign=\"center\">ASTM A216 WCB<\/td>\n<\/tr>\n<tr>\n<td valign=\"center\">10<\/td>\n<td valign=\"center\">Boulon<\/td>\n<td valign=\"center\">ASTM A193 B7<\/td>\n<\/tr>\n<\/tbody>\n<\/table>\n<\/div>","protected":false},"excerpt":{"rendered":"<p>\u00a0OBTENIR LE PRIX DE LA VALVE Description : Conform\u00e9ment \u00e0 la structure, le clapet anti-retour \u00e0 bride ZECO est divis\u00e9 en clapet anti-retour de type \u00e0 bride, bride\u2026 <a title=\"Clapet anti-retour \u00e0 bride\" class=\"read-more\" href=\"https:\/\/zecovalve.com\/fr\/produit\/flange-check-valve\" aria-label=\"Plus sur Clapet anti-retour \u00e0 bride\">Lire plus<\/a><\/p>","protected":false},"featured_media":27916,"comment_status":"closed","ping_status":"closed","template":"","meta":{"_generate-full-width-content":"","kt_blocks_editor_width":""},"product_cat":[2455,2067],"product_tag":[2657,2661,2660],"class_list":["post-16337","product","type-product","status-publish","has-post-thumbnail","hentry","product_cat-check-valve","product_cat-swing-check-valve","product_tag-non-return-valve","product_tag-nrv-valve","product_tag-swing-check-valve","sales-flash-overlay","woocommerce-text-align-center","woocommerce-image-align-center","do-quantity-buttons"],"featured_image_src_large":["https:\/\/zecovalve.com\/wp-content\/uploads\/2022\/06\/Flange-Check-Valve-1.jpg",800,600,false],"author_info":[],"comment_info":0,"taxonomy_info":{"product_cat":[{"value":2455,"label":"Check Valve"},{"value":2067,"label":"Swing Check Valve"}],"product_tag":[{"value":2657,"label":"Non Return Valve"},{"value":2661,"label":"NRV Valve"},{"value":2660,"label":"Swing Check Valve"}]},"yoast_head":"<!-- This site is optimized with the Yoast SEO Premium plugin v15.4 - https:\/\/yoast.com\/wordpress\/plugins\/seo\/ -->\n<title>Flange Check Valve - ZECO Valve<\/title>\n<meta name=\"robots\" content=\"index, follow, max-snippet:-1, max-image-preview:large, max-video-preview:-1\" \/>\n<link rel=\"canonical\" href=\"https:\/\/zecovalve.com\/fr\/produit\/flange-check-valve\" \/>\n<meta property=\"og:locale\" content=\"fr_FR\" \/>\n<meta property=\"og:type\" content=\"article\" \/>\n<meta property=\"og:title\" content=\"Flange Check Valve - ZECO Valve\" \/>\n<meta property=\"og:description\" content=\"\u00a0GET VALVE PRICE Description: In accordance with the structure, ZECO flange check Valve is divided into flange lift type check valve, flange ... Lire plus\" \/>\n<meta property=\"og:url\" content=\"https:\/\/zecovalve.com\/fr\/produit\/flange-check-valve\" \/>\n<meta property=\"og:site_name\" content=\"ZECO Valve\" \/>\n<meta property=\"article:modified_time\" content=\"2023-06-16T13:40:51+00:00\" \/>\n<meta property=\"og:image\" content=\"https:\/\/zecovalve.com\/wp-content\/uploads\/2022\/06\/Flange-Check-Valve-1.jpg\" \/>\n\t<meta property=\"og:image:width\" content=\"800\" \/>\n\t<meta property=\"og:image:height\" content=\"600\" \/>\n<meta name=\"twitter:card\" content=\"summary_large_image\" \/>\n<meta name=\"twitter:label1\" content=\"\u00c9crit par\">\n\t<meta name=\"twitter:data1\" content=\"Jerry\">\n\t<meta name=\"twitter:label2\" content=\"Dur\u00e9e de lecture estim\u00e9e\">\n\t<meta name=\"twitter:data2\" content=\"1 minute\">\n<script type=\"application\/ld+json\" class=\"yoast-schema-graph\">{\"@context\":\"https:\/\/schema.org\",\"@graph\":[{\"@type\":\"WebSite\",\"@id\":\"https:\/\/zecovalve.com\/#website\",\"url\":\"https:\/\/zecovalve.com\/\",\"name\":\"ZECO Valve\",\"description\":\"Industrial Ball Valve, Gate Valve and Globe Valve Manufacturer\",\"potentialAction\":[{\"@type\":\"SearchAction\",\"target\":\"https:\/\/zecovalve.com\/?s={search_term_string}\",\"query-input\":\"required name=search_term_string\"}],\"inLanguage\":\"fr-FR\"},{\"@type\":\"ImageObject\",\"@id\":\"https:\/\/zecovalve.com\/product\/flange-check-valve#primaryimage\",\"inLanguage\":\"fr-FR\",\"url\":\"https:\/\/zecovalve.com\/wp-content\/uploads\/2022\/06\/Flange-Check-Valve-1.jpg\",\"width\":800,\"height\":600,\"caption\":\"Flange Check Valve\"},{\"@type\":\"WebPage\",\"@id\":\"https:\/\/zecovalve.com\/product\/flange-check-valve#webpage\",\"url\":\"https:\/\/zecovalve.com\/product\/flange-check-valve\",\"name\":\"Flange Check Valve - ZECO Valve\",\"isPartOf\":{\"@id\":\"https:\/\/zecovalve.com\/#website\"},\"primaryImageOfPage\":{\"@id\":\"https:\/\/zecovalve.com\/product\/flange-check-valve#primaryimage\"},\"datePublished\":\"2022-06-20T14:45:35+00:00\",\"dateModified\":\"2023-06-16T13:40:51+00:00\",\"breadcrumb\":{\"@id\":\"https:\/\/zecovalve.com\/product\/flange-check-valve#breadcrumb\"},\"inLanguage\":\"fr-FR\",\"potentialAction\":[{\"@type\":\"ReadAction\",\"target\":[\"https:\/\/zecovalve.com\/product\/flange-check-valve\"]}]},{\"@type\":\"BreadcrumbList\",\"@id\":\"https:\/\/zecovalve.com\/product\/flange-check-valve#breadcrumb\",\"itemListElement\":[{\"@type\":\"ListItem\",\"position\":1,\"item\":{\"@type\":\"WebPage\",\"@id\":\"https:\/\/zecovalve.com\/\",\"url\":\"https:\/\/zecovalve.com\/\",\"name\":\"Home\"}},{\"@type\":\"ListItem\",\"position\":2,\"item\":{\"@type\":\"WebPage\",\"@id\":\"https:\/\/zecovalve.com\/product-category\",\"url\":\"https:\/\/zecovalve.com\/product-category\",\"name\":\"Industrial Valve Manufacturer | Water Valve Manufacturer\"}},{\"@type\":\"ListItem\",\"position\":3,\"item\":{\"@type\":\"WebPage\",\"@id\":\"https:\/\/zecovalve.com\/product\/flange-check-valve\",\"url\":\"https:\/\/zecovalve.com\/product\/flange-check-valve\",\"name\":\"Flange Check Valve\"}}]}]}<\/script>\n<!-- \/ Yoast SEO Premium plugin. -->","_links":{"self":[{"href":"https:\/\/zecovalve.com\/fr\/wp-json\/wp\/v2\/product\/16337","targetHints":{"allow":["GET"]}}],"collection":[{"href":"https:\/\/zecovalve.com\/fr\/wp-json\/wp\/v2\/product"}],"about":[{"href":"https:\/\/zecovalve.com\/fr\/wp-json\/wp\/v2\/types\/product"}],"replies":[{"embeddable":true,"href":"https:\/\/zecovalve.com\/fr\/wp-json\/wp\/v2\/comments?post=16337"}],"wp:featuredmedia":[{"embeddable":true,"href":"https:\/\/zecovalve.com\/fr\/wp-json\/wp\/v2\/media\/27916"}],"wp:attachment":[{"href":"https:\/\/zecovalve.com\/fr\/wp-json\/wp\/v2\/media?parent=16337"}],"wp:term":[{"taxonomy":"product_cat","embeddable":true,"href":"https:\/\/zecovalve.com\/fr\/wp-json\/wp\/v2\/product_cat?post=16337"},{"taxonomy":"product_tag","embeddable":true,"href":"https:\/\/zecovalve.com\/fr\/wp-json\/wp\/v2\/product_tag?post=16337"}],"curies":[{"name":"wp","href":"https:\/\/api.w.org\/{rel}","templated":true}]}}