{"id":16344,"date":"2022-06-20T14:52:15","date_gmt":"2022-06-20T14:52:15","guid":{"rendered":"https:\/\/zecovalve.com\/?post_type=product&#038;p=16344"},"modified":"2023-06-15T12:51:34","modified_gmt":"2023-06-15T12:51:34","slug":"slab-gate-valve","status":"publish","type":"product","link":"https:\/\/zecovalve.com\/fr\/produit\/slab-gate-valve","title":{"rendered":"Robinet-vanne de dalle - Robinet-vanne \u00e0 travers le conduit"},"content":{"rendered":"<p>Les vannes \u00e0 passage traversant par dalle sont con\u00e7ues et fabriqu\u00e9es conform\u00e9ment aux normes API 6D et API 6A et sp\u00e9cifiquement pour les services tout ou rien. Cette vanne est adapt\u00e9e pour r\u00e9sister \u00e0 tous les types de fluides de process, dans des conditions de pression et de temp\u00e9rature \u00e9lev\u00e9es.<\/p>\r\n\r\n\r\n\r\n<figure class=\"wp-block-image alignnone size-medium wp-image-16345\"><img loading=\"lazy\" decoding=\"async\" width=\"300\" height=\"225\" class=\"wp-image-16345\" src=\"https:\/\/zecovalve.com\/wp-content\/uploads\/2022\/06\/slab-gate-valve-300x225.jpg\" alt=\"Robinet-vanne de dalle\" srcset=\"https:\/\/zecovalve.com\/wp-content\/uploads\/2022\/06\/slab-gate-valve-300x225.jpg 300w, https:\/\/zecovalve.com\/wp-content\/uploads\/2022\/06\/slab-gate-valve-768x576.jpg 768w, https:\/\/zecovalve.com\/wp-content\/uploads\/2022\/06\/slab-gate-valve-600x450.jpg 600w, https:\/\/zecovalve.com\/wp-content\/uploads\/2022\/06\/slab-gate-valve.jpg 800w\" sizes=\"auto, (max-width: 300px) 100vw, 300px\" \/><\/figure>\r\n\r\n\r\n<div class=\"gb-button-wrapper gb-button-wrapper-6d8495a3\">\r\n\r\n\r\n<p><a class=\"gb-button gb-button-3d442e11 gb-button-text\" href=\"mailto:commercial@zecovalve.com\" target=\"_blank\" rel=\"noopener noreferrer\"><strong>OBTENIR LE PRIX DU VANNE \u00c0 DALLE<\/strong><\/a><\/p>\r\n<p>&nbsp;<\/p>\r\n<\/div>\r\n\r\n\r\n\r\n\r\n<h2 class=\"wp-block-heading\" id=\"h-what-is-a-slab-gate-valve\">Qu&#039;est-ce qu&#039;un robinet-vanne \u00e0 dalle ?<\/h2>\r\n\r\n\r\n\r\n<p>Les vannes \u00e0 dalle sont des vannes \u00e0 passage int\u00e9gral, ce qui signifie que le trou dans la vanne est exactement de la m\u00eame taille que le tuyau. Cette conception \u00e0 port complet assure un d\u00e9bit complet \u00e0 travers la vanne et une faible chute de pression, et permet <a href=\"https:\/\/zecovalve.com\/fr\/understanding-pigging-and-pig-valves-in-industrial-pipelines-zeco-valve-blog.html\/\" data-internallinksmanager029f6b8e52c=\"12\" title=\"raclage\" target=\"_blank\" rel=\"noopener\">raclage<\/a> la ligne en cas de besoin.<\/p>\r\n\r\n\r\n\r\n<p>Les caract\u00e9ristiques de d\u00e9bit du robinet-vanne \u00e0 dalle ZECO avec trous de d\u00e9rivation sont les m\u00eames que celles de la canalisation de m\u00eame diam\u00e8tre. Par rapport aux deux autres types de vannes, les caract\u00e9ristiques de d\u00e9bit du robinet-vanne \u00e0 dalle \u00e0 r\u00e9glage sans trou de d\u00e9rivation sont meilleures que celles du type ordinaire sans trou de d\u00e9rivation. Par cons\u00e9quent, dans les longs pipelines, le gaz naturel et l\u2019industrie p\u00e9troli\u00e8re, les vannes \u00e0 dalle avec trou de d\u00e9rivation sont particuli\u00e8rement largement utilis\u00e9es. ZECO Valve Group, un fabricant bien connu de vannes \u00e0 dalle en Chine, peut fournir des vannes \u00e0 dalle \u00e0 grande \u00e9chelle, d&#039;excellente qualit\u00e9 et d&#039;apparence exquise, en totale conformit\u00e9 avec les normes API 6D.<\/p>\r\n\r\n\r\n\r\n<h2 class=\"wp-block-heading\">Sp\u00e9cifications des vannes \u00e0 dalle<\/h2>\r\n\r\n\r\n\r\n<figure class=\"wp-block-table is-style-stripes\">\r\n<table>\r\n<tbody>\r\n<tr>\r\n<th>Taille<\/th>\r\n<td>NPS 2\u2033~48\u2033<\/td>\r\n<\/tr>\r\n<tr>\r\n<th>Pression nominale<\/th>\r\n<td>Classe 150 ~ 1500<\/td>\r\n<\/tr>\r\n<tr>\r\n<th>Mat\u00e9riau<\/th>\r\n<td>WCB,LCB,CF8,CF8M,CF3,CF3M<\/td>\r\n<\/tr>\r\n<tr>\r\n<th>Norme de conception et de fabrication<\/th>\r\n<td>ASME B16.34, API 6D<\/td>\r\n<\/tr>\r\n<tr>\r\n<th>Face \u00e0 face<\/th>\r\n<td>ASME B 16.10, BSEN 588, API 6D<\/td>\r\n<\/tr>\r\n<tr>\r\n<th>Raccordement d'extr\u00e9mit\u00e9<\/th>\r\n<td>ASME B16.5, ASME B16.47, BSEN 1092<\/td>\r\n<\/tr>\r\n<tr>\r\n<th>Norme d&#039;essai<\/th>\r\n<td>OIN 5208, API 6D, BSEN 12266<\/td>\r\n<\/tr>\r\n<tr>\r\n<th>Type de structure<\/th>\r\n<td>Portillon simple avec\/sans conduit traversant, Portillon double avec\/sans conduit traversant<\/td>\r\n<\/tr>\r\n<tr>\r\n<th>M\u00e9thode d&#039;op\u00e9ration<\/th>\r\n<td>Manuel, engrenage \u00e0 vis sans fin, actionneur \u00e9lectrique, actionneur pneumatique<\/td>\r\n<\/tr>\r\n<\/tbody>\r\n<\/table>\r\n<\/figure>\r\n\r\n\r\n\r\n<h2 class=\"wp-block-heading\">\u00c9tanch\u00e9it\u00e9 des vannes \u00e0 dalle<\/h2>\r\n\r\n\r\n\r\n<ul class=\"wp-block-list\">\r\n<li>\u00c9tanch\u00e9it\u00e9 du corps\r\n<ul>\r\n<li>Tous les joints de corps primaires sont des joints m\u00e9tal sur m\u00e9tal, enroul\u00e9s en spirale ou de type anneau.<\/li>\r\n<li>Disponible sur demande:\r\n<ul>\r\n<li>Joint souple secondaire pour introduire une barri\u00e8re redondante<\/li>\r\n<li>D\u00e9tecteur de port de fuite<\/li>\r\n<\/ul>\r\n<\/li>\r\n<\/ul>\r\n<\/li>\r\n<\/ul>\r\n\r\n\r\n\r\n<ul class=\"wp-block-list\">\r\n<li>\u00c9tanch\u00e9it\u00e9 de la tige\r\n<ul>\r\n<li>Type Chevron PTFE : Anneaux en V multiples thermoplastiques, avec ou sans anneau lanterne.<\/li>\r\n<li>Disponible sur demande:\r\n<ul>\r\n<li>Joint torique<\/li>\r\n<li>Scellement au graphite<\/li>\r\n<li>Joints de tige m\u00e9tal sur m\u00e9tal en plus des joints thermoplastiques standards<\/li>\r\n<li>Capacit\u00e9 d\u2019injection de mastic (en option)<\/li>\r\n<li>Joint de tige en \u00e9lastom\u00e8re redondant (AED)<\/li>\r\n<li>D\u00e9tecteur de port de fuite<\/li>\r\n<\/ul>\r\n<\/li>\r\n<\/ul>\r\n<\/li>\r\n<\/ul>\r\n\r\n\r\n\r\n<ul class=\"wp-block-list\">\r\n<li>\u00c9tanch\u00e9it\u00e9 du si\u00e8ge\r\n<ul>\r\n<li>La construction du robinet-vanne ZECO Slab comprend des si\u00e8ges flottants aliment\u00e9s par ressort, qui fournissent un si\u00e8ge positif des deux c\u00f4t\u00e9s, quelles que soient les conditions de pression en amont ou en aval. Les joints de si\u00e8ge sont actionn\u00e9s par ressort pour assurer l&#039;\u00e9tanch\u00e9it\u00e9 dans des conditions de basse pression. Lorsque la pression de la conduite augmente, la pression de contact si\u00e8ge-porte augmente en cons\u00e9quence pour fournir une fermeture positive. \u00c9tant donn\u00e9 que les deux si\u00e8ges sont individuellement aliment\u00e9s par une pression diff\u00e9rentielle \u00e0 travers le si\u00e8ge lui-m\u00eame, la cavit\u00e9 de la vanne peut \u00eatre purg\u00e9e lorsque le c\u00f4t\u00e9 amont et\/ou aval est sous pression. La vanne pr\u00e9sente des performances identiques, quel que soit le sens d&#039;\u00e9coulement et\/ou l&#039;orientation de la pression diff\u00e9rentielle.<\/li>\r\n<\/ul>\r\n<\/li>\r\n<\/ul>\r\n\r\n\r\n\r\n<h2 class=\"wp-block-heading\" id=\"h-features-of-slab-gate-valve\">Caract\u00e9ristiques des vannes \u00e0 dalle<\/h2>\r\n\r\n\r\n\r\n<ul class=\"wp-block-list\">\r\n<li>Les vannes \u00e0 dalle sont constitu\u00e9es d&#039;une seule unit\u00e9 \u00e0 vanne qui monte et descend entre deux anneaux de si\u00e8ge. Gr\u00e2ce au fait que la vanne coulisse entre les si\u00e8ges, les vannes \u00e0 dalle sont adapt\u00e9es aux fluides contenant des particules en suspension. La surface d&#039;\u00e9tanch\u00e9it\u00e9 des vannes \u00e0 dalle est pratiquement auto-positionn\u00e9e et n&#039;est pas endommag\u00e9e par la d\u00e9formation thermique du corps. M\u00eame si la vanne est ferm\u00e9e \u00e0 froid, l&#039;allongement \u00e0 chaud de la tige ne surcharge pas la surface d&#039;\u00e9tanch\u00e9it\u00e9, et les vannes \u00e0 dalle sans trous de d\u00e9rivation ne n\u00e9cessitent pas une grande pr\u00e9cision dans la position de fermeture de la vanne. Lorsque la vanne est compl\u00e8tement ouverte, le passage est lisse et lin\u00e9aire, et le coefficient de r\u00e9sistance \u00e0 l&#039;\u00e9coulement est minimal, r\u00e9glable et sans perte de pression.<\/li>\r\n<li>Le robinet-vanne \u00e0 dalle ZECO est \u00e9quip\u00e9 d&#039;un trou d&#039;injection de graisse. En cas de dommage \u00e0 la surface d&#039;\u00e9tanch\u00e9it\u00e9, le personnel de maintenance peut facilement injecter du mastic \u00e0 travers le trou d&#039;injection de graisse pour maintenir la surface d&#039;\u00e9tanch\u00e9it\u00e9 afin d&#039;assurer les performances de commutation normales de la vanne ou dans le cas de entretien, fournir un mastic d&#039;injection pour lubrifier la surface d&#039;\u00e9tanch\u00e9it\u00e9 afin de prolonger la dur\u00e9e de vie normale de la vanne\u00a0;<\/li>\r\n<li>Lorsque le robinet-vanne \u00e0 dalle ZECO est compl\u00e8tement ouvert, le canal est un pipeline droit, le coefficient de r\u00e9sistance \u00e0 l&#039;\u00e9coulement et la perte de pression sont tr\u00e8s faibles et presque n\u00e9gligeables, ce qui peut r\u00e9duire le co\u00fbt d&#039;exploitation du pipeline pour les utilisateurs, et les pilules peuvent \u00eatre utilis\u00e9es pour le nettoyage lorsque nettoyer le pipeline;<\/li>\r\n<li>Le robinet-vanne \u00e0 dalle ZECO est \u00e9quip\u00e9 d&#039;un dispositif de protection de d\u00e9compression automatique, qui peut automatiquement soulager la pression en cas de surpression dans la chambre m\u00e9diane du corps de la vanne pour prot\u00e9ger l&#039;utilisation s\u00fbre de la vanne\u00a0;<\/li>\r\n<li>La structure \u00e0 si\u00e8ge flottant du robinet-vanne \u00e0 dalle ZECO garantit que la vanne peut \u00eatre scell\u00e9e dans les deux sens.<\/li>\r\n<\/ul>\r\n\r\n\r\n\r\n<h2 class=\"wp-block-heading\">Inconv\u00e9nients du robinet-vanne \u00e0 dalle<\/h2>\r\n\r\n\r\n\r\n<p>Les robinets-vannes \u00e0 dalle pr\u00e9sentent \u00e9galement certains inconv\u00e9nients\u00a0: lorsque la pression moyenne est faible, la surface d&#039;\u00e9tanch\u00e9it\u00e9 m\u00e9tallique peut ne pas \u00eatre compl\u00e8tement \u00e9tanche. Par contre, lorsque la pression moyenne est trop \u00e9lev\u00e9e, l&#039;ouverture et la fermeture \u00e0 haute fr\u00e9quence peuvent provoquer une usure excessive de la surface d&#039;\u00e9tanch\u00e9it\u00e9 lorsque il n&#039;y a pas de fluide ni de lubrification. Un autre inconv\u00e9nient est qu&#039;une vanne circulaire qui se d\u00e9place horizontalement sur un canal circulaire contr\u00f4le efficacement le d\u00e9bit uniquement lorsqu&#039;elle se trouve \u00e0 50% de la position ferm\u00e9e de la vanne.<\/p>\r\n\r\n\r\n\r\n<h2 class=\"wp-block-heading\" id=\"h-material-of-slab-gate-valve\">Mat\u00e9riau des vannes \u00e0 vanne traversantes<\/h2>\r\n\r\n\r\n\r\n<figure class=\"wp-block-table is-style-regular\">\r\n<table>\r\n<tbody>\r\n<tr>\r\n<td>Corps Capot Disque Si\u00e8ge Tige Bague d&#039;\u00e9tanch\u00e9it\u00e9 Mat\u00e9riau de la surface d&#039;\u00e9tanch\u00e9it\u00e9 Joint torique Boulon \u00c9crou Ressort \u00c9crou de tige Joint Garniture<\/td>\r\n<td>WCB\/LCB\/CF8M\/CF8\/CF3M\/CF3\/WC6\/WC9\/CD3MN WCB\/LCB\/CF8M\/CF8\/CF3M\/CF3\/WC6\/WC9\/CD3MN A105+ENP\/LF2+ENP\/F304\/F316\/F304L\/F316L\/ F51 A105+ENP\/LF2+ENP\/F304\/F316\/F304L\/F316L\/F51 F6a\/F304\/F316\/F304L\/F316L\/F51 PTFE\/NYLON\/PEEK\/TEFLON 1~12 Mat\u00e9riau de garniture VITON\/NBR B7M\/B8M\/L7M\/ B16M 2HM\/8M\/7M\/4M 17-4PH\/Inconel C95200\/D2\/A536 Graphite flexible+304\/Graphite flexible+316 Graphite flexible\/PTFE<\/td>\r\n<\/tr>\r\n<\/tbody>\r\n<\/table>\r\n<\/figure>","protected":false},"excerpt":{"rendered":"<p>Les robinets-vannes \u00e0 dalle traversante sont con\u00e7us et fabriqu\u00e9s conform\u00e9ment aux normes API 6D et API 6A et sp\u00e9cifiquement pour tout ou rien\u2026 <a title=\"Vanne \u00e0 vanne \u00e0 dalle - Vanne \u00e0 vanne \u00e0 travers un conduit\" class=\"read-more\" href=\"https:\/\/zecovalve.com\/fr\/produit\/slab-gate-valve\" aria-label=\"Plus sur Slab Gate Valve \u2013 Through Conduit Gate Valve\">Lire plus<\/a><\/p>","protected":false},"featured_media":27887,"comment_status":"closed","ping_status":"closed","template":"","meta":{"_generate-full-width-content":"","kt_blocks_editor_width":""},"product_cat":[2052,2456],"product_tag":[2798],"class_list":["post-16344","product","type-product","status-publish","has-post-thumbnail","hentry","product_cat-gate-valve","product_cat-gate-valve-by-form","product_tag-osy-valve","sales-flash-overlay","woocommerce-text-align-center","woocommerce-image-align-center","do-quantity-buttons"],"featured_image_src_large":["https:\/\/zecovalve.com\/wp-content\/uploads\/2022\/06\/Slab-Gate-Valve-1.jpg",800,600,false],"author_info":[],"comment_info":0,"taxonomy_info":{"product_cat":[{"value":2052,"label":"Gate Valve"},{"value":2456,"label":"Gate Valve By Form"}],"product_tag":[{"value":2798,"label":"OS&amp;Y Valve"}]},"yoast_head":"<!-- This site is optimized with the Yoast SEO Premium plugin v15.4 - https:\/\/yoast.com\/wordpress\/plugins\/seo\/ -->\n<title>Slab Gate Valve - Through Conduit Gate Valve | ZECO Valve<\/title>\n<meta name=\"robots\" content=\"index, follow, max-snippet:-1, max-image-preview:large, max-video-preview:-1\" \/>\n<link rel=\"canonical\" href=\"https:\/\/zecovalve.com\/fr\/produit\/slab-gate-valve\" \/>\n<meta property=\"og:locale\" content=\"fr_FR\" \/>\n<meta property=\"og:type\" content=\"article\" \/>\n<meta property=\"og:title\" content=\"Slab Gate Valve - Through Conduit Gate Valve | ZECO Valve\" \/>\n<meta property=\"og:description\" content=\"Slab through conduit gate valves are designed and manufactured in accordance with API 6D and API 6A standards and specifically for on-off ... Lire plus\" \/>\n<meta property=\"og:url\" content=\"https:\/\/zecovalve.com\/fr\/produit\/slab-gate-valve\" \/>\n<meta property=\"og:site_name\" content=\"ZECO Valve\" \/>\n<meta property=\"article:modified_time\" content=\"2023-06-15T12:51:34+00:00\" \/>\n<meta property=\"og:image\" content=\"https:\/\/zecovalve.com\/wp-content\/uploads\/2022\/06\/Slab-Gate-Valve-1.jpg\" \/>\n\t<meta property=\"og:image:width\" content=\"800\" \/>\n\t<meta property=\"og:image:height\" content=\"600\" \/>\n<meta name=\"twitter:card\" content=\"summary_large_image\" \/>\n<meta name=\"twitter:label1\" content=\"\u00c9crit par\">\n\t<meta name=\"twitter:data1\" content=\"Jerry\">\n\t<meta name=\"twitter:label2\" content=\"Dur\u00e9e de lecture estim\u00e9e\">\n\t<meta name=\"twitter:data2\" content=\"4 minutes\">\n<script type=\"application\/ld+json\" class=\"yoast-schema-graph\">{\"@context\":\"https:\/\/schema.org\",\"@graph\":[{\"@type\":\"WebSite\",\"@id\":\"https:\/\/zecovalve.com\/#website\",\"url\":\"https:\/\/zecovalve.com\/\",\"name\":\"ZECO Valve\",\"description\":\"Industrial Ball Valve, Gate Valve and Globe Valve Manufacturer\",\"potentialAction\":[{\"@type\":\"SearchAction\",\"target\":\"https:\/\/zecovalve.com\/?s={search_term_string}\",\"query-input\":\"required name=search_term_string\"}],\"inLanguage\":\"fr-FR\"},{\"@type\":\"ImageObject\",\"@id\":\"https:\/\/zecovalve.com\/product\/slab-gate-valve#primaryimage\",\"inLanguage\":\"fr-FR\",\"url\":\"https:\/\/zecovalve.com\/wp-content\/uploads\/2022\/06\/Slab-Gate-Valve-1.jpg\",\"width\":800,\"height\":600,\"caption\":\"Slab Gate Valve\"},{\"@type\":\"WebPage\",\"@id\":\"https:\/\/zecovalve.com\/product\/slab-gate-valve#webpage\",\"url\":\"https:\/\/zecovalve.com\/product\/slab-gate-valve\",\"name\":\"Slab Gate Valve - Through Conduit Gate Valve | ZECO Valve\",\"isPartOf\":{\"@id\":\"https:\/\/zecovalve.com\/#website\"},\"primaryImageOfPage\":{\"@id\":\"https:\/\/zecovalve.com\/product\/slab-gate-valve#primaryimage\"},\"datePublished\":\"2022-06-20T14:52:15+00:00\",\"dateModified\":\"2023-06-15T12:51:34+00:00\",\"breadcrumb\":{\"@id\":\"https:\/\/zecovalve.com\/product\/slab-gate-valve#breadcrumb\"},\"inLanguage\":\"fr-FR\",\"potentialAction\":[{\"@type\":\"ReadAction\",\"target\":[\"https:\/\/zecovalve.com\/product\/slab-gate-valve\"]}]},{\"@type\":\"BreadcrumbList\",\"@id\":\"https:\/\/zecovalve.com\/product\/slab-gate-valve#breadcrumb\",\"itemListElement\":[{\"@type\":\"ListItem\",\"position\":1,\"item\":{\"@type\":\"WebPage\",\"@id\":\"https:\/\/zecovalve.com\/\",\"url\":\"https:\/\/zecovalve.com\/\",\"name\":\"Home\"}},{\"@type\":\"ListItem\",\"position\":2,\"item\":{\"@type\":\"WebPage\",\"@id\":\"https:\/\/zecovalve.com\/product-category\",\"url\":\"https:\/\/zecovalve.com\/product-category\",\"name\":\"Industrial Valve Manufacturer | Water Valve Manufacturer\"}},{\"@type\":\"ListItem\",\"position\":3,\"item\":{\"@type\":\"WebPage\",\"@id\":\"https:\/\/zecovalve.com\/product\/slab-gate-valve\",\"url\":\"https:\/\/zecovalve.com\/product\/slab-gate-valve\",\"name\":\"Slab Gate Valve &#8211; Through Conduit Gate Valve\"}}]}]}<\/script>\n<!-- \/ Yoast SEO Premium plugin. -->","_links":{"self":[{"href":"https:\/\/zecovalve.com\/fr\/wp-json\/wp\/v2\/product\/16344","targetHints":{"allow":["GET"]}}],"collection":[{"href":"https:\/\/zecovalve.com\/fr\/wp-json\/wp\/v2\/product"}],"about":[{"href":"https:\/\/zecovalve.com\/fr\/wp-json\/wp\/v2\/types\/product"}],"replies":[{"embeddable":true,"href":"https:\/\/zecovalve.com\/fr\/wp-json\/wp\/v2\/comments?post=16344"}],"wp:featuredmedia":[{"embeddable":true,"href":"https:\/\/zecovalve.com\/fr\/wp-json\/wp\/v2\/media\/27887"}],"wp:attachment":[{"href":"https:\/\/zecovalve.com\/fr\/wp-json\/wp\/v2\/media?parent=16344"}],"wp:term":[{"taxonomy":"product_cat","embeddable":true,"href":"https:\/\/zecovalve.com\/fr\/wp-json\/wp\/v2\/product_cat?post=16344"},{"taxonomy":"product_tag","embeddable":true,"href":"https:\/\/zecovalve.com\/fr\/wp-json\/wp\/v2\/product_tag?post=16344"}],"curies":[{"name":"wp","href":"https:\/\/api.w.org\/{rel}","templated":true}]}}