{"id":16388,"date":"2022-06-21T03:50:16","date_gmt":"2022-06-21T03:50:16","guid":{"rendered":"https:\/\/zecovalve.com\/?post_type=product&#038;p=16388"},"modified":"2022-09-10T08:34:43","modified_gmt":"2022-09-10T08:34:43","slug":"96-inch-butterfly-valve","status":"publish","type":"product","link":"https:\/\/zecovalve.com\/fr\/produit\/96-inch-butterfly-valve","title":{"rendered":"Grande vanne papillon"},"content":{"rendered":"<figure class=\"wp-block-image alignnone size-large is-resized size-medium wp-image-16389\"><img loading=\"lazy\" decoding=\"async\" class=\"wp-image-27106\" src=\"https:\/\/zecovalve.com\/wp-content\/uploads\/2022\/09\/96-inch-Butterfly-Valve-2-1024x768.jpg\" alt=\"\" width=\"512\" height=\"384\" srcset=\"https:\/\/zecovalve.com\/wp-content\/uploads\/2022\/09\/96-inch-Butterfly-Valve-2-1024x768.jpg 1024w, https:\/\/zecovalve.com\/wp-content\/uploads\/2022\/09\/96-inch-Butterfly-Valve-2-300x225.jpg 300w, https:\/\/zecovalve.com\/wp-content\/uploads\/2022\/09\/96-inch-Butterfly-Valve-2-768x576.jpg 768w, https:\/\/zecovalve.com\/wp-content\/uploads\/2022\/09\/96-inch-Butterfly-Valve-2-600x450.jpg 600w, https:\/\/zecovalve.com\/wp-content\/uploads\/2022\/09\/96-inch-Butterfly-Valve-2.jpg 1440w\" sizes=\"auto, (max-width: 512px) 100vw, 512px\" \/><\/figure>\r\n\r\n\r\n\r\n\r\n<div class=\"gb-button-wrapper gb-button-wrapper-6d8495a3\">\r\n\r\n<a class=\"gb-button gb-button-3d442e11 gb-button-text\" href=\"mailto:commercial@zecovalve.com\" target=\"_blank\" rel=\"noopener noreferrer\"><strong>OBTENEZ LE PRIX DE LA VALVE PAPILLON DE 96 POUCES<\/strong><\/a>\r\n\r\n<\/div>\r\n\r\n\r\n<h2 class=\"wp-block-heading\">Qu&#039;est-ce que la vanne papillon\u00a0?<\/h2>\r\n\r\n\r\n\r\n\r\nLes vannes papillon sont des vannes \u00e0 mouvement rotatif quart de tour utilis\u00e9es dans les pipelines pour arr\u00eater, r\u00e9guler et d\u00e9marrer le d\u00e9bit. Les vannes papillon, une rotation de 90\u00b0 de la poign\u00e9e qui peut fermer ou ouvrir compl\u00e8tement la vanne, sont faciles et rapides \u00e0 utiliser. La principale diff\u00e9rence entre les vannes papillon et les autres vannes r\u00e9side dans le disque. Le disque de la vanne papillon est toujours dans le d\u00e9bit, provoquant un changement de pression pour n&#039;importe quelle position de la vanne.\r\n\r\n\r\n\r\n\r\n<h2 class=\"wp-block-heading\">Quels sont les types de vannes papillon ?<\/h2>\r\n\r\n\r\n\r\n\r\nLes vannes papillon sont g\u00e9n\u00e9ralement constitu\u00e9es d&#039;un corps circulaire court, de disques ronds, de si\u00e8ges m\u00e9tal sur m\u00e9tal ou souples, de roulements d&#039;arbre sup\u00e9rieur et inf\u00e9rieur et de presse-\u00e9toupes. Il existe deux principaux types de corps de vanne papillon, \u00e0 savoir le type Wafer et le type Lug. Le type \u00e0 plaquettes est une conception couramment utilis\u00e9e qui s&#039;adapte entre deux brides, tandis que le type \u00e0 pattes est g\u00e9n\u00e9ralement utilis\u00e9 entre deux brides par des boulons qui relient les deux brides. Les vannes papillon pr\u00e9sentent peu d&#039;avantages lorsqu&#039;elles sont utilis\u00e9es dans des applications de vannes de grande taille par rapport aux vannes \u00e0 vanne, \u00e0 globe, \u00e0 clapet et \u00e0 bille. Le poids, l&#039;espace et le co\u00fbt sont les avantages les plus \u00e9vidents. Le co\u00fbt de maintenance est g\u00e9n\u00e9ralement faible car il n&#039;y a qu&#039;un nombre minimal de pi\u00e8ces mobiles et il n&#039;y a pas de poche pour un pi\u00e8ge \u00e0 fluides. Les vannes papillon sont parfaites pour g\u00e9rer un grand d\u00e9bit de liquides ou de gaz \u00e0 une pression relativement basse. Il convient \u00e9galement \u00e0 la manipulation de boues ou de liquides contenant un grand nombre de mati\u00e8res en suspension. La d\u00e9signation des vannes papillon est bas\u00e9e sur le principe du registre de tuyau, avec l&#039;\u00e9l\u00e9ment de contr\u00f4le du d\u00e9bit constitu\u00e9 d&#039;un disque presque du m\u00eame diam\u00e8tre que le diam\u00e8tre int\u00e9rieur du tuyau adjacent, dont l&#039;axe tourne soit verticalement, soit horizontalement. Les vannes papillon sont compl\u00e8tement ouvertes lorsque le disque est parall\u00e8le \u00e0 la tuyauterie et les vannes sont ferm\u00e9es lorsque le disque s&#039;approche des positions perpendiculaires. La vanne papillon peut \u00e9galement \u00eatre plac\u00e9e dans des positions interm\u00e9diaires, \u00e0 des fins d&#039;\u00e9tranglement, et cette action peut \u00eatre s\u00e9curis\u00e9e en utilisant les dispositifs de verrouillage de la poign\u00e9e.\r\n\r\n\r\n\r\n\r\n<h2 class=\"wp-block-heading\" id=\"h-large-butterfly-valve-for-sale\">Grande vanne papillon \u00e0 vendre<\/h2>\r\n\r\n\r\n\r\n\r\nLa vanne papillon ZECO de 96 pouces peut choisir une structure double excentrique ou une structure triple excentrique, la double excentrique peut utiliser une structure d&#039;\u00e9tanch\u00e9it\u00e9 souple ou une structure d&#039;\u00e9tanch\u00e9it\u00e9 dure, la structure triple excentrique peut utiliser une structure d&#039;\u00e9tanch\u00e9it\u00e9 unidirectionnelle et une structure d&#039;\u00e9tanch\u00e9it\u00e9 bidirectionnelle. Une vanne papillon de grand diam\u00e8tre peut ne pas \u00eatre imm\u00e9diatement install\u00e9e dans la canalisation, faites donc particuli\u00e8rement attention \u00e0 la vanne avant l&#039;installation et la maintenance. Les pi\u00e8ces et la tige \u00e0 contact moyen sont les \u00e9l\u00e9ments cl\u00e9s d&#039;une vanne, les mesures suivantes sont adopt\u00e9es.\r\n\r\n\r\n\r\n\r\n<ul class=\"wp-block-list\">\r\n \t<li>Le c\u00f4t\u00e9 interne de la vanne doit \u00eatre nettoy\u00e9 sans r\u00e9sidus ni taches pour conserver la propret\u00e9 et la s\u00e9cheresse de la vanne.<\/li>\r\n \t<li>Les pi\u00e8ces de fermeture de la vanne doivent \u00eatre en \u00e9tat de fermeture. Si la vanne doit se soulever, soyez prudent lorsqu&#039;il est totalement interdit de soulever, de lancer ou de tomber, en particulier le volant et la tige ne doivent pas \u00eatre le point de levage. ZECO, en tant que fabricant de vannes papillon de tr\u00e8s grandes dimensions, se consacre \u00e0 la recherche et \u00e0 la conception des probl\u00e8mes qui peuvent survenir lors de la production ou m\u00eame de la livraison aux utilisateurs lors du stockage des produits, puis donne des plans pr\u00e9alables correspondants pour \u00e9viter d&#039;\u00e9ventuels occurrence.<\/li>\r\n<\/ul>\r\n\r\n\r\n\r\n<h2 class=\"wp-block-heading\">Co\u00fbt de la grande vanne papillon<\/h2>\r\n\r\n\r\n\r\n\r\nLes vannes papillon 40% sont g\u00e9n\u00e9ralement moins ch\u00e8res que les vannes en fer, non seulement en termes de co\u00fbts initiaux mais \u00e9galement en termes de co\u00fbts d&#039;installation. Les vannes papillon correctement install\u00e9es sont pratiquement autonettoyantes et sont beaucoup moins susceptibles de tomber en panne en raison de l&#039;accumulation de d\u00e9chets. Pour acc\u00e9der aux Co\u00fbts et Prix, vous pouvez trouver des informations sur les entreprises qui vendent des vannes papillon dans ZECO Valve, ainsi que leurs coordonn\u00e9es.\r\n\r\n\r\n\r\n\r\n<h2 class=\"wp-block-heading\" id=\"h-features-of-large-butterfly-valve\">Caract\u00e9ristiques de la grande vanne papillon<\/h2>\r\n\r\n\r\n\r\n<ol class=\"wp-block-list\">\r\n \t<li>La grande vanne papillon ZECO de 96 pouces peut \u00eatre choisie avec un si\u00e8ge en caoutchouc \u00e0 double d\u00e9calage. Les si\u00e8ges NBR sont soufr\u00e9s dans le cadre, augmentant ainsi les performances d&#039;\u00e9tanch\u00e9it\u00e9. La surface du disque est con\u00e7ue en forme de sph\u00e8re pour r\u00e9duire la zone de contact et la force de friction\u00a0;<\/li>\r\n \t<li>La grande vanne papillon ZECO peut \u00eatre choisie avec un si\u00e8ge PTFE \u00e0 double d\u00e9calage. Un surplus entre le si\u00e8ge en PTFE et le disque assure l&#039;\u00e9tanch\u00e9it\u00e9 en basse pression ;<\/li>\r\n \t<li>La grande vanne papillon ZECO peut \u00eatre choisie avec un si\u00e8ge m\u00e9tallique \u00e0 triple d\u00e9calage\u00a0;<\/li>\r\n \t<li>La grande vanne papillon ZECO peut \u00eatre choisie avec un si\u00e8ge m\u00e9tallique \u00e0 double d\u00e9calage.<\/li>\r\n<\/ol>\r\n\r\n\r\n\r\n<h2 class=\"wp-block-heading\">D\u00e9tails de la vanne papillon de type centr\u00e9<\/h2>\r\n\r\n\r\n\r\n<figure class=\"wp-block-table\">\r\n<table>\r\n<tbody>\r\n<tr>\r\n<th>Mod\u00e8le<\/th>\r\n<td>Type de si\u00e8ge en caoutchouc, type de si\u00e8ge en t\u00e9flon, type de si\u00e8ge en m\u00e9tal, amortisseur et autres<\/td>\r\n<\/tr>\r\n<tr>\r\n<th>Mat\u00e9riau<\/th>\r\n<td>Fonte, fonte ductile, acier au carbone, acier inoxydable, bronze aluminium et autres<\/td>\r\n<\/tr>\r\n<tr>\r\n<th>Classe de pression<\/th>\r\n<td>JIS10K-20K, ANSI150Lb-300Lb<\/td>\r\n<\/tr>\r\n<tr>\r\n<th>Raccordement d'extr\u00e9mit\u00e9<\/th>\r\n<td>Type de plaquette, type \u00e0 cosse, type \u00e0 bride<\/td>\r\n<\/tr>\r\n<tr>\r\n<th>Op\u00e9ration<\/th>\r\n<td>Moteur manuel, pneumatique, hydraulique, \u00e9lectrique<\/td>\r\n<\/tr>\r\n<tr>\r\n<th>Taille<\/th>\r\n<td>1-1\/2\u2033(40mm)-96\u2033(2400mm)<\/td>\r\n<\/tr>\r\n<\/tbody>\r\n<\/table>\r\n<\/figure>\r\n\r\n\r\n\r\n<h2 class=\"wp-block-heading\">D\u00e9tails de la vanne papillon de type excentrique<\/h2>\r\n\r\n\r\n\r\n<figure class=\"wp-block-table\">\r\n<table>\r\n<tbody>\r\n<tr>\r\n<th>Mod\u00e8le<\/th>\r\n<td>Type de si\u00e8ge en t\u00e9flon, type de si\u00e8ge en m\u00e9tal, type de si\u00e8ge lamin\u00e9 et autres<\/td>\r\n<\/tr>\r\n<tr>\r\n<th>Mat\u00e9riau<\/th>\r\n<td>Acier au carbone, acier inoxydable et autres<\/td>\r\n<\/tr>\r\n<tr>\r\n<th>Classe de pression<\/th>\r\n<td>JIS10K-20K, ANSI150Lb-900Lb<\/td>\r\n<\/tr>\r\n<tr>\r\n<th>Raccordement d'extr\u00e9mit\u00e9<\/th>\r\n<td>Type de plaquette, type \u00e0 cosse, type \u00e0 bride<\/td>\r\n<\/tr>\r\n<tr>\r\n<th>Op\u00e9ration<\/th>\r\n<td>Moteur manuel, pneumatique, hydraulique, \u00e9lectrique<\/td>\r\n<\/tr>\r\n<tr>\r\n<th>Taille<\/th>\r\n<td>2\u2033(50mm) \u2013 96\u2033(2400mm)<\/td>\r\n<\/tr>\r\n<\/tbody>\r\n<\/table>\r\n<\/figure>","protected":false},"excerpt":{"rendered":"<p>Qu&#039;est-ce que la vanne papillon\u00a0? Les vannes papillon sont des vannes \u00e0 mouvement rotatif quart de tour utilis\u00e9es dans les pipelines pour arr\u00eater, r\u00e9guler et d\u00e9marrer le d\u00e9bit. Les vannes papillon, \u2026 <a title=\"Grande vanne papillon\" class=\"read-more\" href=\"https:\/\/zecovalve.com\/fr\/produit\/96-inch-butterfly-valve\" aria-label=\"Plus sur Grande Vanne Papillon\">Lire plus<\/a><\/p>","protected":false},"featured_media":27106,"comment_status":"closed","ping_status":"closed","template":"","meta":{"_generate-full-width-content":"","kt_blocks_editor_width":""},"product_cat":[2044,2470],"product_tag":[],"class_list":["post-16388","product","type-product","status-publish","has-post-thumbnail","hentry","product_cat-butterfly-valve","product_cat-butterfly-valve-by-inch","sales-flash-overlay","woocommerce-text-align-center","woocommerce-image-align-center","do-quantity-buttons"],"featured_image_src_large":["https:\/\/zecovalve.com\/wp-content\/uploads\/2022\/09\/96-inch-Butterfly-Valve-2-1024x768.jpg",1024,768,true],"author_info":[],"comment_info":0,"taxonomy_info":{"product_cat":[{"value":2044,"label":"Butterfly Valve"},{"value":2470,"label":"Butterfly Valve By Inch"}]},"yoast_head":"<!-- This site is optimized with the Yoast SEO Premium plugin v15.4 - https:\/\/yoast.com\/wordpress\/plugins\/seo\/ -->\n<title>Large Butterfly Valve For Sale - Big Size Butterfly Valve Cost | ZECO Valve<\/title>\n<meta name=\"robots\" content=\"index, follow, max-snippet:-1, max-image-preview:large, max-video-preview:-1\" \/>\n<link rel=\"canonical\" href=\"https:\/\/zecovalve.com\/fr\/produit\/96-inch-butterfly-valve\" \/>\n<meta property=\"og:locale\" content=\"fr_FR\" \/>\n<meta property=\"og:type\" content=\"article\" \/>\n<meta property=\"og:title\" content=\"Large Butterfly Valve For Sale - Big Size Butterfly Valve Cost | ZECO Valve\" \/>\n<meta property=\"og:description\" content=\"What is Butterfly Valve? Butterfly valves are quarter-turn rotational motion valves used in pipelines to stop, regulate and start flow. Butterfly valves, ... Lire plus\" \/>\n<meta property=\"og:url\" content=\"https:\/\/zecovalve.com\/fr\/produit\/96-inch-butterfly-valve\" \/>\n<meta property=\"og:site_name\" content=\"ZECO Valve\" \/>\n<meta property=\"article:modified_time\" content=\"2022-09-10T08:34:43+00:00\" \/>\n<meta property=\"og:image\" content=\"https:\/\/zecovalve.com\/wp-content\/uploads\/2022\/09\/96-inch-Butterfly-Valve-2.jpg\" \/>\n\t<meta property=\"og:image:width\" content=\"1440\" \/>\n\t<meta property=\"og:image:height\" content=\"1080\" \/>\n<meta name=\"twitter:card\" content=\"summary_large_image\" \/>\n<meta name=\"twitter:label1\" content=\"\u00c9crit par\">\n\t<meta name=\"twitter:data1\" content=\"Jerry\">\n\t<meta name=\"twitter:label2\" content=\"Dur\u00e9e de lecture estim\u00e9e\">\n\t<meta name=\"twitter:data2\" content=\"3 minutes\">\n<script type=\"application\/ld+json\" class=\"yoast-schema-graph\">{\"@context\":\"https:\/\/schema.org\",\"@graph\":[{\"@type\":\"WebSite\",\"@id\":\"https:\/\/zecovalve.com\/#website\",\"url\":\"https:\/\/zecovalve.com\/\",\"name\":\"ZECO Valve\",\"description\":\"Industrial Ball Valve, Gate Valve and Globe Valve Manufacturer\",\"potentialAction\":[{\"@type\":\"SearchAction\",\"target\":\"https:\/\/zecovalve.com\/?s={search_term_string}\",\"query-input\":\"required name=search_term_string\"}],\"inLanguage\":\"fr-FR\"},{\"@type\":\"ImageObject\",\"@id\":\"https:\/\/zecovalve.com\/product\/96-inch-butterfly-valve#primaryimage\",\"inLanguage\":\"fr-FR\",\"url\":\"https:\/\/zecovalve.com\/wp-content\/uploads\/2022\/09\/96-inch-Butterfly-Valve-2.jpg\",\"width\":1440,\"height\":1080},{\"@type\":\"WebPage\",\"@id\":\"https:\/\/zecovalve.com\/product\/96-inch-butterfly-valve#webpage\",\"url\":\"https:\/\/zecovalve.com\/product\/96-inch-butterfly-valve\",\"name\":\"Large Butterfly Valve For Sale - Big Size Butterfly Valve Cost | ZECO Valve\",\"isPartOf\":{\"@id\":\"https:\/\/zecovalve.com\/#website\"},\"primaryImageOfPage\":{\"@id\":\"https:\/\/zecovalve.com\/product\/96-inch-butterfly-valve#primaryimage\"},\"datePublished\":\"2022-06-21T03:50:16+00:00\",\"dateModified\":\"2022-09-10T08:34:43+00:00\",\"breadcrumb\":{\"@id\":\"https:\/\/zecovalve.com\/product\/96-inch-butterfly-valve#breadcrumb\"},\"inLanguage\":\"fr-FR\",\"potentialAction\":[{\"@type\":\"ReadAction\",\"target\":[\"https:\/\/zecovalve.com\/product\/96-inch-butterfly-valve\"]}]},{\"@type\":\"BreadcrumbList\",\"@id\":\"https:\/\/zecovalve.com\/product\/96-inch-butterfly-valve#breadcrumb\",\"itemListElement\":[{\"@type\":\"ListItem\",\"position\":1,\"item\":{\"@type\":\"WebPage\",\"@id\":\"https:\/\/zecovalve.com\/\",\"url\":\"https:\/\/zecovalve.com\/\",\"name\":\"Home\"}},{\"@type\":\"ListItem\",\"position\":2,\"item\":{\"@type\":\"WebPage\",\"@id\":\"https:\/\/zecovalve.com\/product-category\",\"url\":\"https:\/\/zecovalve.com\/product-category\",\"name\":\"Industrial Valve Manufacturer | Water Valve Manufacturer\"}},{\"@type\":\"ListItem\",\"position\":3,\"item\":{\"@type\":\"WebPage\",\"@id\":\"https:\/\/zecovalve.com\/product\/96-inch-butterfly-valve\",\"url\":\"https:\/\/zecovalve.com\/product\/96-inch-butterfly-valve\",\"name\":\"Large Butterfly Valve\"}}]}]}<\/script>\n<!-- \/ Yoast SEO Premium plugin. -->","_links":{"self":[{"href":"https:\/\/zecovalve.com\/fr\/wp-json\/wp\/v2\/product\/16388","targetHints":{"allow":["GET"]}}],"collection":[{"href":"https:\/\/zecovalve.com\/fr\/wp-json\/wp\/v2\/product"}],"about":[{"href":"https:\/\/zecovalve.com\/fr\/wp-json\/wp\/v2\/types\/product"}],"replies":[{"embeddable":true,"href":"https:\/\/zecovalve.com\/fr\/wp-json\/wp\/v2\/comments?post=16388"}],"wp:featuredmedia":[{"embeddable":true,"href":"https:\/\/zecovalve.com\/fr\/wp-json\/wp\/v2\/media\/27106"}],"wp:attachment":[{"href":"https:\/\/zecovalve.com\/fr\/wp-json\/wp\/v2\/media?parent=16388"}],"wp:term":[{"taxonomy":"product_cat","embeddable":true,"href":"https:\/\/zecovalve.com\/fr\/wp-json\/wp\/v2\/product_cat?post=16388"},{"taxonomy":"product_tag","embeddable":true,"href":"https:\/\/zecovalve.com\/fr\/wp-json\/wp\/v2\/product_tag?post=16388"}],"curies":[{"name":"wp","href":"https:\/\/api.w.org\/{rel}","templated":true}]}}