{"id":16395,"date":"2022-06-21T04:07:01","date_gmt":"2022-06-21T04:07:01","guid":{"rendered":"https:\/\/zecovalve.com\/?post_type=product&#038;p=16395"},"modified":"2023-06-15T12:52:54","modified_gmt":"2023-06-15T12:52:54","slug":"2-inch-gate-valve","status":"publish","type":"product","link":"https:\/\/zecovalve.com\/fr\/produit\/2-inch-gate-valve","title":{"rendered":"Robinet-vanne 2 pouces"},"content":{"rendered":"<p>Les vannes \u00e0 vanne de 2 pouces sont des vannes d&#039;arr\u00eat bidirectionnelles polyvalentes pour les applications commerciales et industrielles.<\/p>\r\n\r\n\r\n\r\n<div class=\"wp-block-columns is-layout-flex wp-container-core-columns-is-layout-9d6595d7 wp-block-columns-is-layout-flex\">\r\n<div class=\"wp-block-column is-layout-flow wp-block-column-is-layout-flow\">\r\n<figure class=\"wp-block-image size-full is-resized\"><img loading=\"lazy\" decoding=\"async\" class=\"wp-image-16182\" src=\"https:\/\/zecovalve.com\/wp-content\/uploads\/2022\/06\/carbon-steel-gate-valve.jpg\" alt=\"Robinet-vanne en acier au carbone\" width=\"400\" height=\"300\" srcset=\"https:\/\/zecovalve.com\/wp-content\/uploads\/2022\/06\/carbon-steel-gate-valve.jpg 800w, https:\/\/zecovalve.com\/wp-content\/uploads\/2022\/06\/carbon-steel-gate-valve-300x225.jpg 300w, https:\/\/zecovalve.com\/wp-content\/uploads\/2022\/06\/carbon-steel-gate-valve-768x576.jpg 768w, https:\/\/zecovalve.com\/wp-content\/uploads\/2022\/06\/carbon-steel-gate-valve-600x450.jpg 600w\" sizes=\"auto, (max-width: 400px) 100vw, 400px\" \/><\/figure>\r\n<\/div>\r\n\r\n\r\n\r\n<div class=\"wp-block-column is-layout-flow wp-block-column-is-layout-flow\">\r\n<figure class=\"wp-block-image size-full is-resized\"><img loading=\"lazy\" decoding=\"async\" class=\"wp-image-16295\" src=\"https:\/\/zecovalve.com\/wp-content\/uploads\/2022\/06\/forged-gate-valve.jpg\" alt=\"vanne \u00e0 vanne forg\u00e9e\" width=\"400\" height=\"300\" srcset=\"https:\/\/zecovalve.com\/wp-content\/uploads\/2022\/06\/forged-gate-valve.jpg 800w, https:\/\/zecovalve.com\/wp-content\/uploads\/2022\/06\/forged-gate-valve-300x225.jpg 300w, https:\/\/zecovalve.com\/wp-content\/uploads\/2022\/06\/forged-gate-valve-768x576.jpg 768w, https:\/\/zecovalve.com\/wp-content\/uploads\/2022\/06\/forged-gate-valve-600x450.jpg 600w\" sizes=\"auto, (max-width: 400px) 100vw, 400px\" \/><\/figure>\r\n<\/div>\r\n<\/div>\r\n\r\n\r\n<div class=\"gb-button-wrapper gb-button-wrapper-6d8495a3\">\r\n\r\n\r\n<p><a class=\"gb-button gb-button-3d442e11 gb-button-text\" href=\"mailto:commercial@zecovalve.com\" target=\"_blank\" rel=\"noopener noreferrer\"><strong>OBTENEZ LE PRIX DU VANNE DE VANNE DE 2 POUCES<\/strong><\/a><\/p>\r\n<\/div>\r\n\r\n\r\n<h2 class=\"wp-block-heading\">Qu&#039;est-ce qu&#039;un robinet-vanne 2 pouces\u00a0?<\/h2>\r\n\r\n\r\n\r\n<p>Le robinet-vanne ZECO de 2 pouces est con\u00e7u pour une r\u00e9partition maximale des contraintes dans toutes les directions et un minimum de turbulences et de r\u00e9sistance \u00e0 l&#039;\u00e9coulement gr\u00e2ce \u00e0 la conception du corps et du chapeau. Le robinet-vanne ZECO de 2 pouces peut choisir un corps de vanne forg\u00e9 ou un corps de vanne coul\u00e9e, principalement en fonction des besoins sp\u00e9cifiques des utilisateurs. 2 pouces comme une valve de petit calibre, toute l&#039;\u00e9quipe de ZECO a travaill\u00e9 dur pour la traiter, l&#039;assembler, la tester et l&#039;exp\u00e9dier comme un artisanat. ZECO adh\u00e8re au principe selon lequel peu importe la vanne de grande taille ou la vanne de petite taille, il traitera les produits de mani\u00e8re incisive et incisive dans les moindres d\u00e9tails et les livrera finalement aux utilisateurs, de mani\u00e8re \u00e0 satisfaire les utilisateurs et \u00e0 maintenir un fonctionnement stable et s\u00fbr. pendant longtemps.<\/p>\r\n\r\n\r\n\r\n<h2 class=\"wp-block-heading\" id=\"h-types-of-gate-valve-2-inch\">Types de vannes \u00e0 vanne 2 pouces<\/h2>\r\n\r\n\r\n\r\n<ul class=\"wp-block-list\">\r\n<li>Vanne \u00e0 vanne en acier inoxydable de 2 pouces\r\n<ul>\r\n<li>Dot\u00e9es d&#039;une construction r\u00e9sistante \u00e0 la corrosion avec un volant en aluminium et d&#039;une tige, d&#039;un chapeau, d&#039;un corps et d&#039;une cale non montants en acier inoxydable 316, ces vannes \u00e0 vanne sont id\u00e9ales pour les raffineries, les produits chimiques et d&#039;autres applications de processus.<\/li>\r\n<\/ul>\r\n<\/li>\r\n<li>Vanne \u00e0 vanne en laiton de 2 pouces\r\n<ul>\r\n<li>Con\u00e7ues avec des poign\u00e9es de roue en fonte et des disques, cales, tiges et chapeaux \u00e0 visser en laiton, ces vannes d&#039;arr\u00eat principales \u00e0 passage complet peuvent \u00eatre utilis\u00e9es enti\u00e8rement ouvertes ou enti\u00e8rement ferm\u00e9es dans les applications d&#039;eau et d&#039;air comprim\u00e9. Les tiges non montantes peuvent \u00eatre utilis\u00e9es dans un espace vertical limit\u00e9.<\/li>\r\n<\/ul>\r\n<\/li>\r\n<li>Vanne \u00e0 vanne en acier Caron de 2 pouces\r\n<ul>\r\n<li>Les vannes en acier moul\u00e9 conviennent aux applications de gaz, de p\u00e9trole, de vapeur, d&#039;eau et de services g\u00e9n\u00e9raux. Les filetages externes de la tige de vanne emp\u00eachent la contamination par le fluide en circulation.<\/li>\r\n<\/ul>\r\n<\/li>\r\n<li>Vanne \u00e0 vanne en bronze de 2 pouces\r\n<ul>\r\n<li>Agissant comme un dispositif d&#039;arr\u00eat positif, ces vannes \u00e0 passage int\u00e9gral peuvent \u00eatre utilis\u00e9es enti\u00e8rement ouvertes ou enti\u00e8rement ferm\u00e9es dans les applications de vapeur, d&#039;eau et d&#039;air comprim\u00e9.<\/li>\r\n<\/ul>\r\n<\/li>\r\n<\/ul>\r\n\r\n\r\n\r\n<h2 class=\"wp-block-heading\">Avantages du robinet-vanne de 2 pouces<\/h2>\r\n\r\n\r\n\r\n<ul class=\"wp-block-list\">\r\n<li>Haute r\u00e9sistance \u00e0 la corrosion et aux chocs<\/li>\r\n<li>Flexibilit\u00e9 couvrant les variations de d\u00e9bit<\/li>\r\n<li>Entretien facile<\/li>\r\n<li>Le robinet-vanne ZECO de 2 pouces est tr\u00e8s s\u00e9lectif, peut choisir un corps de vanne forg\u00e9 ou un corps de vanne moul\u00e9, de la norme ASTM A182 \u00e0 la norme ASTM A216 en passant par la norme ASTM A351, sont la gamme de production de ZECO, les classes de pression peuvent choisir de 150 lb \u00e0 1500 lb,<\/li>\r\n<li>La connexion de la tige au coin du robinet-vanne ZECO de 2 pouces est une conception \u00e0 t\u00eate en T qui fait partie int\u00e9grante (sans soudure) de la tige. La pr\u00e9cision des dimensions et des finitions assure une longue dur\u00e9e de vie avec une parfaite \u00e9tanch\u00e9it\u00e9 dans la zone d&#039;emballage, ce qui entra\u00eene une r\u00e9duction des \u00e9missions fugitives ;<\/li>\r\n<li>La garniture de tige du robinet-vanne ZECO de 2 pouces est con\u00e7ue et dispos\u00e9e pour assurer une \u00e9tanch\u00e9it\u00e9 maximale le long de la tige pendant le fonctionnement ou en position, permettant ainsi une plus grande r\u00e9duction des \u00e9missions fugitives. Nos emballages sont de type SANS AMIANTE\u00a0;<\/li>\r\n<li>ZECO est un fabricant professionnel de vannes \u00e0 vanne. ZECO est capable de fournir des produits de haute qualit\u00e9 aux utilisateurs finaux.<\/li>\r\n<\/ul>\r\n\r\n\r\n\r\n<h2 class=\"wp-block-heading\">Dimensions et poids du robinet-vanne de 2 pouces<\/h2>\r\n\r\n\r\n\r\n<table border=\"=1\" width=\"800\">\r\n<tbody>\r\n<tr>\r\n<td rowspan=\"2\">Pression nominale<\/td>\r\n<td style=\"text-align: center;\">Al\u00e9sage<\/td>\r\n<td style=\"text-align: center;\" colspan=\"3\">\u00a0Dimension face \u00e0 face (en mm)<\/td>\r\n<td style=\"text-align: center;\">Poids<\/td>\r\n<\/tr>\r\n<tr>\r\n<td style=\"text-align: center;\">(en mm)<\/td>\r\n<td style=\"text-align: center;\">RF<\/td>\r\n<td style=\"text-align: center;\">BW<\/td>\r\n<td style=\"text-align: center;\">RTJ<\/td>\r\n<td style=\"text-align: center;\">kg<\/td>\r\n<\/tr>\r\n<tr>\r\n<td>CLASSE 150<\/td>\r\n<td style=\"text-align: center;\">50<\/td>\r\n<td style=\"text-align: center;\">178<\/td>\r\n<td style=\"text-align: center;\">216<\/td>\r\n<td style=\"text-align: center;\">191<\/td>\r\n<td style=\"text-align: center;\">27<\/td>\r\n<\/tr>\r\n<tr>\r\n<td>CLASSE 300<\/td>\r\n<td style=\"text-align: center;\">50<\/td>\r\n<td style=\"text-align: center;\">216<\/td>\r\n<td style=\"text-align: center;\">216<\/td>\r\n<td style=\"text-align: center;\">232<\/td>\r\n<td style=\"text-align: center;\">32<\/td>\r\n<\/tr>\r\n<tr>\r\n<td>CLASSE 600<\/td>\r\n<td style=\"text-align: center;\">50<\/td>\r\n<td style=\"text-align: center;\">292<\/td>\r\n<td style=\"text-align: center;\">292<\/td>\r\n<td style=\"text-align: center;\">295<\/td>\r\n<td style=\"text-align: center;\">50<\/td>\r\n<\/tr>\r\n<tr>\r\n<td>CLASSE 900<\/td>\r\n<td style=\"text-align: center;\">47<\/td>\r\n<td style=\"text-align: center;\">368<\/td>\r\n<td style=\"text-align: center;\">368<\/td>\r\n<td style=\"text-align: center;\">371<\/td>\r\n<td style=\"text-align: center;\">116<\/td>\r\n<\/tr>\r\n<tr>\r\n<td>CLASSE 1500<\/td>\r\n<td style=\"text-align: center;\">47<\/td>\r\n<td style=\"text-align: center;\">368<\/td>\r\n<td style=\"text-align: center;\">368<\/td>\r\n<td style=\"text-align: center;\">371<\/td>\r\n<td style=\"text-align: center;\">116<\/td>\r\n<\/tr>\r\n<tr>\r\n<td>CLASSE 2500<\/td>\r\n<td style=\"text-align: center;\">38<\/td>\r\n<td style=\"text-align: center;\">451<\/td>\r\n<td style=\"text-align: center;\">451<\/td>\r\n<td style=\"text-align: center;\">454<\/td>\r\n<td style=\"text-align: center;\">156<\/td>\r\n<\/tr>\r\n<\/tbody>\r\n<\/table>\r\n\r\n\r\n\r\n<h2 class=\"wp-block-heading\">Prix du robinet-vanne de 2 pouces<\/h2>\r\n\r\n\r\n\r\n<p>ZECO Valve est un fabricant professionnel de vannes \u00e0 vanne de 2 pouces. Si vous avez des questions, veuillez nous contacter. Nous pouvons fournir un prix comp\u00e9titif de vanne \u00e0 vanne de 2 pouces.<\/p>\r\n\r\n\r\n\r\n<h2 class=\"wp-block-heading\">Mat\u00e9riau du robinet-vanne 2 pouces<\/h2>\r\n\r\n\r\n\r\n<figure class=\"wp-block-table\">\r\n<table>\r\n<tbody>\r\n<tr>\r\n<td>Non<\/td>\r\n<td>Partie<\/td>\r\n<td>Mat\u00e9riau<\/td>\r\n<\/tr>\r\n<tr>\r\n<td>1<\/td>\r\n<td>Corps<\/td>\r\n<td>ASTM A217 WC6<\/td>\r\n<\/tr>\r\n<tr>\r\n<td>2<\/td>\r\n<td>Anneau de si\u00e8ge<\/td>\r\n<td>ASTM A182 F11 + STL<\/td>\r\n<\/tr>\r\n<tr>\r\n<td>3<\/td>\r\n<td>Cale<\/td>\r\n<td>ASTM A217 WC6 + STL<\/td>\r\n<\/tr>\r\n<tr>\r\n<td>4<\/td>\r\n<td>Tige<\/td>\r\n<td>ASTM A276 410<\/td>\r\n<\/tr>\r\n<tr>\r\n<td>5<\/td>\r\n<td>Joint de chapeau<\/td>\r\n<td>Graphite + SS316<\/td>\r\n<\/tr>\r\n<tr>\r\n<td>6<\/td>\r\n<td>Boulon du chapeau<\/td>\r\n<td>ASTM A193 B16<\/td>\r\n<\/tr>\r\n<tr>\r\n<td>7<\/td>\r\n<td>\u00c9crou \u00e0 chapeau<\/td>\r\n<td>ASTM A194 4<\/td>\r\n<\/tr>\r\n<tr>\r\n<td>8<\/td>\r\n<td>Bonnet<\/td>\r\n<td>ASTM A217 WC6<\/td>\r\n<\/tr>\r\n<tr>\r\n<td>9<\/td>\r\n<td>Si\u00e8ge arri\u00e8re<\/td>\r\n<td>ASTM A182 F6a<\/td>\r\n<\/tr>\r\n<tr>\r\n<td>10<\/td>\r\n<td>Garniture de tige<\/td>\r\n<td>Graphite renforc\u00e9<\/td>\r\n<\/tr>\r\n<tr>\r\n<td>11<\/td>\r\n<td>Roue \u00e0 main<\/td>\r\n<td>KTH330-08<\/td>\r\n<\/tr>\r\n<\/tbody>\r\n<\/table>\r\n<\/figure>","protected":false},"excerpt":{"rendered":"<p>Les vannes \u00e0 vanne de 2 pouces sont des vannes d&#039;arr\u00eat bidirectionnelles polyvalentes pour les applications commerciales et industrielles. Qu&#039;est-ce qu&#039;un robinet-vanne 2 pouces\u00a0? Z\u00c9CO\u2026 <a title=\"Robinet-vanne 2 pouces\" class=\"read-more\" href=\"https:\/\/zecovalve.com\/fr\/produit\/2-inch-gate-valve\" aria-label=\"Plus sur Vanne \u00e0 Vanne 2 pouces\">Lire plus<\/a><\/p>","protected":false},"featured_media":27888,"comment_status":"closed","ping_status":"closed","template":"","meta":{"_generate-full-width-content":"","kt_blocks_editor_width":""},"product_cat":[2052,2458],"product_tag":[],"class_list":["post-16395","product","type-product","status-publish","has-post-thumbnail","hentry","product_cat-gate-valve","product_cat-gate-valve-by-inch","sales-flash-overlay","woocommerce-text-align-center","woocommerce-image-align-center","do-quantity-buttons"],"featured_image_src_large":["https:\/\/zecovalve.com\/wp-content\/uploads\/2022\/06\/2-inch-Gate-Valve-1.jpg",800,600,false],"author_info":[],"comment_info":0,"taxonomy_info":{"product_cat":[{"value":2052,"label":"Gate Valve"},{"value":2458,"label":"Gate Valve By Inch"}]},"yoast_head":"<!-- This site is optimized with the Yoast SEO Premium plugin v15.4 - https:\/\/yoast.com\/wordpress\/plugins\/seo\/ -->\n<title>Gate Valve 2 Inch - Competitive 2 Inch Gate Valve Price | ZECO Valve<\/title>\n<meta name=\"robots\" content=\"index, follow, max-snippet:-1, max-image-preview:large, max-video-preview:-1\" \/>\n<link rel=\"canonical\" href=\"https:\/\/zecovalve.com\/fr\/produit\/2-inch-gate-valve\" \/>\n<meta property=\"og:locale\" content=\"fr_FR\" \/>\n<meta property=\"og:type\" content=\"article\" \/>\n<meta property=\"og:title\" content=\"Gate Valve 2 Inch - Competitive 2 Inch Gate Valve Price | ZECO Valve\" \/>\n<meta property=\"og:description\" content=\"2 inch Gate valves are multi-purpose bi-directional shutoff valves for commercial and industrial applications. What is a Gate Valve 2 inch? ZECO ... Lire plus\" \/>\n<meta property=\"og:url\" content=\"https:\/\/zecovalve.com\/fr\/produit\/2-inch-gate-valve\" \/>\n<meta property=\"og:site_name\" content=\"ZECO Valve\" \/>\n<meta property=\"article:modified_time\" content=\"2023-06-15T12:52:54+00:00\" \/>\n<meta property=\"og:image\" content=\"https:\/\/zecovalve.com\/wp-content\/uploads\/2022\/06\/2-inch-Gate-Valve-1.jpg\" \/>\n\t<meta property=\"og:image:width\" content=\"800\" \/>\n\t<meta property=\"og:image:height\" content=\"600\" \/>\n<meta name=\"twitter:card\" content=\"summary_large_image\" \/>\n<meta name=\"twitter:label1\" content=\"\u00c9crit par\">\n\t<meta name=\"twitter:data1\" content=\"Jerry\">\n\t<meta name=\"twitter:label2\" content=\"Dur\u00e9e de lecture estim\u00e9e\">\n\t<meta name=\"twitter:data2\" content=\"2 minutes\">\n<script type=\"application\/ld+json\" class=\"yoast-schema-graph\">{\"@context\":\"https:\/\/schema.org\",\"@graph\":[{\"@type\":\"WebSite\",\"@id\":\"https:\/\/zecovalve.com\/#website\",\"url\":\"https:\/\/zecovalve.com\/\",\"name\":\"ZECO Valve\",\"description\":\"Industrial Ball Valve, Gate Valve and Globe Valve Manufacturer\",\"potentialAction\":[{\"@type\":\"SearchAction\",\"target\":\"https:\/\/zecovalve.com\/?s={search_term_string}\",\"query-input\":\"required name=search_term_string\"}],\"inLanguage\":\"fr-FR\"},{\"@type\":\"ImageObject\",\"@id\":\"https:\/\/zecovalve.com\/product\/2-inch-gate-valve#primaryimage\",\"inLanguage\":\"fr-FR\",\"url\":\"https:\/\/zecovalve.com\/wp-content\/uploads\/2022\/06\/2-inch-Gate-Valve-1.jpg\",\"width\":800,\"height\":600,\"caption\":\"2 inch Gate Valve\"},{\"@type\":\"WebPage\",\"@id\":\"https:\/\/zecovalve.com\/product\/2-inch-gate-valve#webpage\",\"url\":\"https:\/\/zecovalve.com\/product\/2-inch-gate-valve\",\"name\":\"Gate Valve 2 Inch - Competitive 2 Inch Gate Valve Price | ZECO Valve\",\"isPartOf\":{\"@id\":\"https:\/\/zecovalve.com\/#website\"},\"primaryImageOfPage\":{\"@id\":\"https:\/\/zecovalve.com\/product\/2-inch-gate-valve#primaryimage\"},\"datePublished\":\"2022-06-21T04:07:01+00:00\",\"dateModified\":\"2023-06-15T12:52:54+00:00\",\"breadcrumb\":{\"@id\":\"https:\/\/zecovalve.com\/product\/2-inch-gate-valve#breadcrumb\"},\"inLanguage\":\"fr-FR\",\"potentialAction\":[{\"@type\":\"ReadAction\",\"target\":[\"https:\/\/zecovalve.com\/product\/2-inch-gate-valve\"]}]},{\"@type\":\"BreadcrumbList\",\"@id\":\"https:\/\/zecovalve.com\/product\/2-inch-gate-valve#breadcrumb\",\"itemListElement\":[{\"@type\":\"ListItem\",\"position\":1,\"item\":{\"@type\":\"WebPage\",\"@id\":\"https:\/\/zecovalve.com\/\",\"url\":\"https:\/\/zecovalve.com\/\",\"name\":\"Home\"}},{\"@type\":\"ListItem\",\"position\":2,\"item\":{\"@type\":\"WebPage\",\"@id\":\"https:\/\/zecovalve.com\/product-category\",\"url\":\"https:\/\/zecovalve.com\/product-category\",\"name\":\"Industrial Valve Manufacturer | Water Valve Manufacturer\"}},{\"@type\":\"ListItem\",\"position\":3,\"item\":{\"@type\":\"WebPage\",\"@id\":\"https:\/\/zecovalve.com\/product\/2-inch-gate-valve\",\"url\":\"https:\/\/zecovalve.com\/product\/2-inch-gate-valve\",\"name\":\"2 inch Gate Valve\"}}]}]}<\/script>\n<!-- \/ Yoast SEO Premium plugin. -->","_links":{"self":[{"href":"https:\/\/zecovalve.com\/fr\/wp-json\/wp\/v2\/product\/16395","targetHints":{"allow":["GET"]}}],"collection":[{"href":"https:\/\/zecovalve.com\/fr\/wp-json\/wp\/v2\/product"}],"about":[{"href":"https:\/\/zecovalve.com\/fr\/wp-json\/wp\/v2\/types\/product"}],"replies":[{"embeddable":true,"href":"https:\/\/zecovalve.com\/fr\/wp-json\/wp\/v2\/comments?post=16395"}],"wp:featuredmedia":[{"embeddable":true,"href":"https:\/\/zecovalve.com\/fr\/wp-json\/wp\/v2\/media\/27888"}],"wp:attachment":[{"href":"https:\/\/zecovalve.com\/fr\/wp-json\/wp\/v2\/media?parent=16395"}],"wp:term":[{"taxonomy":"product_cat","embeddable":true,"href":"https:\/\/zecovalve.com\/fr\/wp-json\/wp\/v2\/product_cat?post=16395"},{"taxonomy":"product_tag","embeddable":true,"href":"https:\/\/zecovalve.com\/fr\/wp-json\/wp\/v2\/product_tag?post=16395"}],"curies":[{"name":"wp","href":"https:\/\/api.w.org\/{rel}","templated":true}]}}