{"id":16397,"date":"2022-06-21T04:44:32","date_gmt":"2022-06-21T04:44:32","guid":{"rendered":"https:\/\/zecovalve.com\/?post_type=product&#038;p=16397"},"modified":"2023-06-15T12:53:16","modified_gmt":"2023-06-15T12:53:16","slug":"56-inch-gate-valve","status":"publish","type":"product","link":"https:\/\/zecovalve.com\/fr\/produit\/56-inch-gate-valve","title":{"rendered":"Grand robinet-vanne"},"content":{"rendered":"<p>Nous nous sommes engag\u00e9s \u00e0 offrir un tarif comp\u00e9titif, des marchandises exceptionnelles de bonne qualit\u00e9, ainsi qu&#039;une livraison rapide pour les vannes \u00e0 vanne de 36 pouces et les vannes \u00e0 vanne de 30 pouces, le clapet anti-retour \u00e0 battant et le robinet \u00e0 tournant sph\u00e9rique \u00e0 tourillon, la vanne papillon \u00e0 plaquette et la vanne \u00e0 double plaque. . Nous nous efforcerons de maintenir notre excellente r\u00e9putation de meilleur fournisseur de produits au monde. Si vous avez des questions ou des commentaires, veuillez nous contacter librement. Le produit sera fourni partout dans le monde, notamment en Europe, en Am\u00e9rique, en Australie, en Indon\u00e9sie, aux Pays-Bas, \u00e0 Cancun et \u00e0 Jakarta. Nous fournirons des produits bien meilleurs avec des conceptions diversifi\u00e9es et des services experts. Nous invitons sinc\u00e8rement des amis du monde entier \u00e0 visiter notre entreprise et \u00e0 coop\u00e9rer avec nous sur la base d&#039;avantages mutuels \u00e0 long terme.<\/p>\r\n\r\n\r\n<div class=\"gb-button-wrapper gb-button-wrapper-6d8495a3\">\r\n\r\n\r\n<p><a class=\"gb-button gb-button-3d442e11 gb-button-text\" href=\"https:\/\/zecovalve.com\/fr\/contact\/\" target=\"_blank\" rel=\"noopener noreferrer\"><strong>OBTENEZ LE PRIX DE LA SOUPAPE-VANNE DE 30 POUCES ET DE 36 POUCES<\/strong><\/a><\/p>\r\n<\/div>\r\n\r\n\r\n\r\n\r\n<h2 class=\"wp-block-heading\" id=\"h-description-of-30-inch-gate-valve-36-inch-gate-valve\">Description du robinet-vanne de 30 pouces et du robinet-vanne de 36 pouces<\/h2>\r\n\r\n\r\n\r\n<p>ZECO peut produire la plus grande taille de vanne \u00e0 vanne de 30 pouces et 36 pouces, cependant, a \u00e9galement une histoire de vannes \u00e0 vanne, lorsque le projet de champ p\u00e9trolif\u00e8re de Kelamayi a besoin d&#039;une vanne, en Chine, il existe des moules de vanne \u00e0 vanne de 30 pouces et 36 pouces tr\u00e8s peu, mais ZECO avec courage et force en suivant la liste, avec la technologie ZECO avec <a href=\"https:\/\/zecovalve.com\/fr\/\" data-internallinksmanager029f6b8e52c=\"9\" title=\"fabricant de vannes industrielles\" target=\"_blank\" rel=\"noopener\">Soupape de Chine<\/a> le consultant technique g\u00e9n\u00e9ral de l&#039;association est la m\u00eame ann\u00e9e la relation entre les autres disciples, deux personnes jour et nuit pour discuter de la recherche proche l&#039;une de l&#039;autre pendant un mois, enfin pour finaliser la conception du dessin et du suivi des vannes \u00e0 vanne de 30 pouces et 36 pouces processus de d\u00e9veloppement et de production de moules, et \u00e9ventuellement livraison compl\u00e8te. ZECO a la capacit\u00e9 et la force de r\u00e9aliser des robinets-vannes de plus grande taille pour r\u00e9pondre aux besoins des utilisateurs du monde entier. Si vous avez des exigences particuli\u00e8res, n&#039;h\u00e9sitez pas \u00e0 nous contacter.<\/p>\r\n\r\n\r\n<div class=\"wp-block-image\">\r\n<figure class=\"aligncenter size-large is-resized\"><img loading=\"lazy\" decoding=\"async\" class=\"wp-image-26860\" src=\"https:\/\/zecovalve.com\/wp-content\/uploads\/2022\/08\/1267-P17-542x1024.jpg\" alt=\"\" width=\"271\" height=\"512\" srcset=\"https:\/\/zecovalve.com\/wp-content\/uploads\/2022\/08\/1267-P17-542x1024.jpg 542w, https:\/\/zecovalve.com\/wp-content\/uploads\/2022\/08\/1267-P17-159x300.jpg 159w, https:\/\/zecovalve.com\/wp-content\/uploads\/2022\/08\/1267-P17-768x1451.jpg 768w, https:\/\/zecovalve.com\/wp-content\/uploads\/2022\/08\/1267-P17-813x1536.jpg 813w, https:\/\/zecovalve.com\/wp-content\/uploads\/2022\/08\/1267-P17-1084x2048.jpg 1084w, https:\/\/zecovalve.com\/wp-content\/uploads\/2022\/08\/1267-P17-600x1134.jpg 600w, https:\/\/zecovalve.com\/wp-content\/uploads\/2022\/08\/1267-P17-scaled.jpg 1355w\" sizes=\"auto, (max-width: 271px) 100vw, 271px\" \/><\/figure>\r\n<\/div>\r\n\r\n\r\n<h2 class=\"wp-block-heading\">Normes de vanne \u00e0 vanne de 30 pouces et vanne \u00e0 vanne de 36 pouces<\/h2>\r\n\r\n\r\n\r\n<figure class=\"wp-block-table is-style-stripes\">\r\n<table>\r\n<tbody>\r\n<tr>\r\n<td>Norme de conception<\/td>\r\n<td>API 6D, ASME B12634<\/td>\r\n<\/tr>\r\n<tr>\r\n<td>Face \u00e0 face<\/td>\r\n<td>ASTM B16.10, API 6D<\/td>\r\n<\/tr>\r\n<tr>\r\n<td>Dimensions de la bride d&#039;extr\u00e9mit\u00e9<\/td>\r\n<td>ASME B16.5, MSS SP44<\/td>\r\n<\/tr>\r\n<tr>\r\n<td>Inspection et essais<\/td>\r\n<td>API 598, API 6D<\/td>\r\n<\/tr>\r\n<\/tbody>\r\n<\/table>\r\n<\/figure>\r\n\r\n\r\n\r\n<h2 class=\"wp-block-heading\" id=\"h-features-of-30-inch-gate-valve-36-inch-gate-valve\">Caract\u00e9ristiques du robinet-vanne de 30 pouces et du robinet-vanne de 36 pouces<\/h2>\r\n\r\n\r\n\r\n<ul class=\"wp-block-list\">\r\n<li>Tailles \u2013 30\u2033 et 36\u2033<\/li>\r\n<li>Les extr\u00e9mit\u00e9s des brides sont conformes \u00e0 la norme ASME B16.10<\/li>\r\n<li>Si\u00e8ge parall\u00e8le \u00e0 double disque avec m\u00e9canisme de calage \u00e0 quatre points<\/li>\r\n<li>Tige non montante (NRS) et (vis ext\u00e9rieure et \u00e9trier) OS&amp;Y<\/li>\r\n<li>\u00c9crou de cl\u00e9 carr\u00e9e de 2&quot; \u2013 ouvert \u00e0 gauche ou ouvert \u00e0 droite<\/li>\r\n<li>Pression de service maximale de 150 PSIG (1\u00a0000 kPa\/10 barg)\u00a0; Pression d&#039;essai de 300 PSIG (2\u00a0100 kPa\/21 barg)<\/li>\r\n<li>Con\u00e7u pour les applications d&#039;eau potable<\/li>\r\n<\/ul>\r\n\r\n\r\n\r\n<h2 class=\"wp-block-heading\" id=\"h-material-of-30-inch-gate-valve-36-inch-gate-valve\">Mat\u00e9riau du robinet-vanne de 30 pouces et du robinet-vanne de 36 pouces<\/h2>\r\n\r\n\r\n\r\n<figure class=\"wp-block-table\">\r\n<table>\r\n<tbody>\r\n<tr>\r\n<td>Non<\/td>\r\n<td>Partie<\/td>\r\n<td>Mat\u00e9riau<\/td>\r\n<\/tr>\r\n<tr>\r\n<td>1<\/td>\r\n<td>Corps<\/td>\r\n<td>ASTM A216 WCB<\/td>\r\n<\/tr>\r\n<tr>\r\n<td>2<\/td>\r\n<td>Anneau de si\u00e8ge<\/td>\r\n<td>ASTM A105 + STL<\/td>\r\n<\/tr>\r\n<tr>\r\n<td>3<\/td>\r\n<td>Cale<\/td>\r\n<td>ASTM A216 WCB + STL<\/td>\r\n<\/tr>\r\n<tr>\r\n<td>4<\/td>\r\n<td>Tige<\/td>\r\n<td>ASTM A276 410<\/td>\r\n<\/tr>\r\n<tr>\r\n<td>5<\/td>\r\n<td>Joint de chapeau<\/td>\r\n<td>Graphite + SS304<\/td>\r\n<\/tr>\r\n<tr>\r\n<td>6<\/td>\r\n<td>Boulon du chapeau<\/td>\r\n<td>ASTM A193 B7<\/td>\r\n<\/tr>\r\n<tr>\r\n<td>7<\/td>\r\n<td>\u00c9crou \u00e0 chapeau<\/td>\r\n<td>ASTM A194 2H<\/td>\r\n<\/tr>\r\n<tr>\r\n<td>8<\/td>\r\n<td>Bonnet<\/td>\r\n<td>ASTM A216 WCB<\/td>\r\n<\/tr>\r\n<tr>\r\n<td>9<\/td>\r\n<td>Si\u00e8ge arri\u00e8re<\/td>\r\n<td>ASTM A182 F6a<\/td>\r\n<\/tr>\r\n<tr>\r\n<td>10<\/td>\r\n<td>Garniture de tige<\/td>\r\n<td>Graphite renforc\u00e9<\/td>\r\n<\/tr>\r\n<tr>\r\n<td>11<\/td>\r\n<td>Actionneur \u00e0 engrenage<\/td>\r\n<td>KTH330-08<\/td>\r\n<\/tr>\r\n<\/tbody>\r\n<\/table>\r\n<\/figure>\r\n<p>ZECO Valve fabrique \u00e9galement de petits robinets-vannes tels que des robinets-vannes de 2 pouces et des robinets-vannes de 1 pouce. Si vous avez besoin du prix d&#039;un robinet-vanne de 1 pouce, vous pouvez \u00e9galement nous contacter.<\/p>","protected":false},"excerpt":{"rendered":"<p>Nous nous sommes engag\u00e9s \u00e0 offrir un tarif comp\u00e9titif, des marchandises exceptionnelles de bonne qualit\u00e9, ainsi qu&#039;une livraison rapide pour les vannes \u00e0 vanne de 36 pouces\u2026 <a title=\"Grand robinet-vanne\" class=\"read-more\" href=\"https:\/\/zecovalve.com\/fr\/produit\/56-inch-gate-valve\" aria-label=\"Plus sur Large Gate Valve\">Lire plus<\/a><\/p>","protected":false},"featured_media":27889,"comment_status":"closed","ping_status":"closed","template":"","meta":{"_generate-full-width-content":"","kt_blocks_editor_width":""},"product_cat":[2052,2458,2454],"product_tag":[],"class_list":["post-16397","product","type-product","status-publish","has-post-thumbnail","hentry","product_cat-gate-valve","product_cat-gate-valve-by-inch","product_cat-gate-valve-by-material","sales-flash-overlay","woocommerce-text-align-center","woocommerce-image-align-center","do-quantity-buttons"],"featured_image_src_large":["https:\/\/zecovalve.com\/wp-content\/uploads\/2022\/06\/Large-Gate-Valve.jpg",800,600,false],"author_info":[],"comment_info":0,"taxonomy_info":{"product_cat":[{"value":2052,"label":"Gate Valve"},{"value":2458,"label":"Gate Valve By Inch"},{"value":2454,"label":"Gate Valve By Material"}]},"yoast_head":"<!-- This site is optimized with the Yoast SEO Premium plugin v15.4 - https:\/\/yoast.com\/wordpress\/plugins\/seo\/ -->\n<title>Large Gate Valve - 30 Inch Gate Valve &amp; 36 Inch Gate Valve | ZECO Valve<\/title>\n<meta name=\"robots\" content=\"index, follow, max-snippet:-1, max-image-preview:large, max-video-preview:-1\" \/>\n<link rel=\"canonical\" href=\"https:\/\/zecovalve.com\/fr\/produit\/56-inch-gate-valve\" \/>\n<meta property=\"og:locale\" content=\"fr_FR\" \/>\n<meta property=\"og:type\" content=\"article\" \/>\n<meta property=\"og:title\" content=\"Large Gate Valve - 30 Inch Gate Valve &amp; 36 Inch Gate Valve | ZECO Valve\" \/>\n<meta property=\"og:description\" content=\"We&#8217;ve been committed to offering a competitive rate, outstanding merchandise of good quality, too as fast delivery for 36 Inch Gate Valve ... Lire plus\" \/>\n<meta property=\"og:url\" content=\"https:\/\/zecovalve.com\/fr\/produit\/56-inch-gate-valve\" \/>\n<meta property=\"og:site_name\" content=\"ZECO Valve\" \/>\n<meta property=\"article:modified_time\" content=\"2023-06-15T12:53:16+00:00\" \/>\n<meta property=\"og:image\" content=\"https:\/\/zecovalve.com\/wp-content\/uploads\/2022\/06\/Large-Gate-Valve.jpg\" \/>\n\t<meta property=\"og:image:width\" content=\"800\" \/>\n\t<meta property=\"og:image:height\" content=\"600\" \/>\n<meta name=\"twitter:card\" content=\"summary_large_image\" \/>\n<meta name=\"twitter:label1\" content=\"\u00c9crit par\">\n\t<meta name=\"twitter:data1\" content=\"Jerry\">\n\t<meta name=\"twitter:label2\" content=\"Dur\u00e9e de lecture estim\u00e9e\">\n\t<meta name=\"twitter:data2\" content=\"2 minutes\">\n<script type=\"application\/ld+json\" class=\"yoast-schema-graph\">{\"@context\":\"https:\/\/schema.org\",\"@graph\":[{\"@type\":\"WebSite\",\"@id\":\"https:\/\/zecovalve.com\/#website\",\"url\":\"https:\/\/zecovalve.com\/\",\"name\":\"ZECO Valve\",\"description\":\"Industrial Ball Valve, Gate Valve and Globe Valve Manufacturer\",\"potentialAction\":[{\"@type\":\"SearchAction\",\"target\":\"https:\/\/zecovalve.com\/?s={search_term_string}\",\"query-input\":\"required name=search_term_string\"}],\"inLanguage\":\"fr-FR\"},{\"@type\":\"ImageObject\",\"@id\":\"https:\/\/zecovalve.com\/product\/56-inch-gate-valve#primaryimage\",\"inLanguage\":\"fr-FR\",\"url\":\"https:\/\/zecovalve.com\/wp-content\/uploads\/2022\/06\/Large-Gate-Valve.jpg\",\"width\":800,\"height\":600,\"caption\":\"Large Gate Valve\"},{\"@type\":\"WebPage\",\"@id\":\"https:\/\/zecovalve.com\/product\/56-inch-gate-valve#webpage\",\"url\":\"https:\/\/zecovalve.com\/product\/56-inch-gate-valve\",\"name\":\"Large Gate Valve - 30 Inch Gate Valve & 36 Inch Gate Valve | ZECO Valve\",\"isPartOf\":{\"@id\":\"https:\/\/zecovalve.com\/#website\"},\"primaryImageOfPage\":{\"@id\":\"https:\/\/zecovalve.com\/product\/56-inch-gate-valve#primaryimage\"},\"datePublished\":\"2022-06-21T04:44:32+00:00\",\"dateModified\":\"2023-06-15T12:53:16+00:00\",\"breadcrumb\":{\"@id\":\"https:\/\/zecovalve.com\/product\/56-inch-gate-valve#breadcrumb\"},\"inLanguage\":\"fr-FR\",\"potentialAction\":[{\"@type\":\"ReadAction\",\"target\":[\"https:\/\/zecovalve.com\/product\/56-inch-gate-valve\"]}]},{\"@type\":\"BreadcrumbList\",\"@id\":\"https:\/\/zecovalve.com\/product\/56-inch-gate-valve#breadcrumb\",\"itemListElement\":[{\"@type\":\"ListItem\",\"position\":1,\"item\":{\"@type\":\"WebPage\",\"@id\":\"https:\/\/zecovalve.com\/\",\"url\":\"https:\/\/zecovalve.com\/\",\"name\":\"Home\"}},{\"@type\":\"ListItem\",\"position\":2,\"item\":{\"@type\":\"WebPage\",\"@id\":\"https:\/\/zecovalve.com\/product-category\",\"url\":\"https:\/\/zecovalve.com\/product-category\",\"name\":\"Industrial Valve Manufacturer | Water Valve Manufacturer\"}},{\"@type\":\"ListItem\",\"position\":3,\"item\":{\"@type\":\"WebPage\",\"@id\":\"https:\/\/zecovalve.com\/product\/56-inch-gate-valve\",\"url\":\"https:\/\/zecovalve.com\/product\/56-inch-gate-valve\",\"name\":\"Large Gate Valve\"}}]}]}<\/script>\n<!-- \/ Yoast SEO Premium plugin. -->","_links":{"self":[{"href":"https:\/\/zecovalve.com\/fr\/wp-json\/wp\/v2\/product\/16397","targetHints":{"allow":["GET"]}}],"collection":[{"href":"https:\/\/zecovalve.com\/fr\/wp-json\/wp\/v2\/product"}],"about":[{"href":"https:\/\/zecovalve.com\/fr\/wp-json\/wp\/v2\/types\/product"}],"replies":[{"embeddable":true,"href":"https:\/\/zecovalve.com\/fr\/wp-json\/wp\/v2\/comments?post=16397"}],"wp:featuredmedia":[{"embeddable":true,"href":"https:\/\/zecovalve.com\/fr\/wp-json\/wp\/v2\/media\/27889"}],"wp:attachment":[{"href":"https:\/\/zecovalve.com\/fr\/wp-json\/wp\/v2\/media?parent=16397"}],"wp:term":[{"taxonomy":"product_cat","embeddable":true,"href":"https:\/\/zecovalve.com\/fr\/wp-json\/wp\/v2\/product_cat?post=16397"},{"taxonomy":"product_tag","embeddable":true,"href":"https:\/\/zecovalve.com\/fr\/wp-json\/wp\/v2\/product_tag?post=16397"}],"curies":[{"name":"wp","href":"https:\/\/api.w.org\/{rel}","templated":true}]}}