{"id":16405,"date":"2022-06-21T04:53:40","date_gmt":"2022-06-21T04:53:40","guid":{"rendered":"https:\/\/zecovalve.com\/?post_type=product&#038;p=16405"},"modified":"2023-06-07T07:06:02","modified_gmt":"2023-06-07T07:06:02","slug":"manual-ball-valve","status":"publish","type":"product","link":"https:\/\/zecovalve.com\/fr\/produit\/manual-ball-valve","title":{"rendered":"Robinet \u00e0 boisseau sph\u00e9rique manuel"},"content":{"rendered":"<p>Les robinets \u00e0 tournant sph\u00e9rique offrent de tr\u00e8s bonnes capacit\u00e9s d'arr\u00eat. Un simple quart de tour (90\u00b0) permet d'ouvrir ou de fermer compl\u00e8tement la vanne. Cette caract\u00e9ristique minimise le temps de fonctionnement de la vanne et r\u00e9duit la probabilit\u00e9 de fuites dues \u00e0 l'usure du joint de presse-\u00e9toupe.<\/p>\r\n\r\n\r\n\r\n<div class=\"wp-block-columns is-layout-flex wp-container-core-columns-is-layout-9d6595d7 wp-block-columns-is-layout-flex\">\r\n<div class=\"wp-block-column is-layout-flow wp-block-column-is-layout-flow\">\r\n<figure class=\"wp-block-image size-large\"><img decoding=\"async\" src=\"https:\/\/zecovalve.com\/wp-content\/uploads\/2022\/06\/manual-ball-valve-1-300x225.jpg\" alt=\"\" \/><\/figure>\r\n<\/div>\r\n\r\n\r\n\r\n<div class=\"wp-block-column is-layout-flow wp-block-column-is-layout-flow\">\r\n<figure class=\"wp-block-image size-large\"><img decoding=\"async\" src=\"https:\/\/zecovalve.com\/wp-content\/uploads\/2022\/06\/manual-ball-valve-2-300x225.jpg\" alt=\"\" \/><\/figure>\r\n<\/div>\r\n\r\n\r\n\r\n<div class=\"wp-block-column is-layout-flow wp-block-column-is-layout-flow\">\r\n<figure class=\"wp-block-image size-large\"><img decoding=\"async\" src=\"https:\/\/zecovalve.com\/wp-content\/uploads\/2022\/06\/manual-ball-valve-3-300x225.jpg\" alt=\"\" \/><\/figure>\r\n<\/div>\r\n\r\n\r\n\r\n<div class=\"wp-block-column is-layout-flow wp-block-column-is-layout-flow\">\r\n<figure class=\"wp-block-image size-large\"><img decoding=\"async\" src=\"https:\/\/zecovalve.com\/wp-content\/uploads\/2022\/06\/manual-ball-valve-4-300x225.jpg\" alt=\"\" \/><\/figure>\r\n<\/div>\r\n<\/div>\r\n\r\n\r\n\r\n<div class=\"wp-block-columns is-layout-flex wp-container-core-columns-is-layout-9d6595d7 wp-block-columns-is-layout-flex\">\r\n<div class=\"wp-block-column is-layout-flow wp-block-column-is-layout-flow\">\r\n<figure class=\"wp-block-image size-large\"><img decoding=\"async\" src=\"https:\/\/zecovalve.com\/wp-content\/uploads\/2022\/06\/manual-ball-valve-5-300x225.jpg\" alt=\"\" \/><\/figure>\r\n<\/div>\r\n\r\n\r\n\r\n<div class=\"wp-block-column is-layout-flow wp-block-column-is-layout-flow\">\r\n<figure class=\"wp-block-image size-large\"><img decoding=\"async\" src=\"https:\/\/zecovalve.com\/wp-content\/uploads\/2022\/06\/manual-ball-valve-6-300x225.jpg\" alt=\"\" \/><\/figure>\r\n<\/div>\r\n\r\n\r\n\r\n<div class=\"wp-block-column is-layout-flow wp-block-column-is-layout-flow\">\r\n<figure class=\"wp-block-image size-large\"><img decoding=\"async\" src=\"https:\/\/zecovalve.com\/wp-content\/uploads\/2022\/06\/manual-ball-valve-7-300x225.jpg\" alt=\"\" \/><\/figure>\r\n<\/div>\r\n<\/div>\r\n\r\n\r\n\r\n\r\n<div class=\"gb-button-wrapper gb-button-wrapper-6d8495a3\">\r\n\r\n\r\n<p><a class=\"gb-button gb-button-3d442e11 gb-button-text\" href=\"https:\/\/zecovalve.com\/fr\/contact\/\" target=\"_blank\" rel=\"noopener noreferrer\"><strong>OBTENIR LE PRIX D'UN ROBINET \u00c0 BOISSEAU SPH\u00c9RIQUE MANUEL<\/strong><\/a><\/p>\r\n<\/div>\r\n\r\n\r\n<h2 class=\"wp-block-heading\" id=\"h-what-is-a-manual-ball-valve\">Qu'est-ce qu'un robinet \u00e0 boisseau sph\u00e9rique manuel ?<\/h2>\r\n\r\n\r\n\r\n<p>Le robinet \u00e0 boisseau sph\u00e9rique manuel ZECO est principalement utilis\u00e9 pour couper, distribuer et changer la direction de l'\u00e9coulement du fluide dans la canalisation. Il peut \u00e9galement \u00eatre utilis\u00e9 pour la r\u00e9gulation et le contr\u00f4le des fluides. Le robinet \u00e0 boisseau sph\u00e9rique manuel est principalement bas\u00e9 sur l'entra\u00eenement du robinet \u00e0 boisseau sph\u00e9rique par la rotation d'un volant ou d'une poign\u00e9e et nomm\u00e9. Le robinet \u00e0 boisseau sph\u00e9rique de petit diam\u00e8tre ayant un faible couple, il peut normalement \u00eatre ouvert manuellement, sans qu'il soit n\u00e9cessaire de recourir \u00e0 une turbine ou \u00e0 un actionneur \u00e9lectrique.<\/p>\r\n\r\n\r\n\r\n<h2 class=\"wp-block-heading\" id=\"h-features-of-manual-ball-valve\">Caract\u00e9ristiques du robinet \u00e0 boisseau sph\u00e9rique manuel<\/h2>\r\n\r\n\r\n\r\n<ul class=\"wp-block-list\">\r\n<li>Le couple de commutation du robinet \u00e0 boisseau sph\u00e9rique manuel ZECO est faible, il peut \u00eatre ouvert manuellement, il est facile \u00e0 utiliser, la vitesse d'ouverture et de fermeture est rapide, de compl\u00e8tement ouvert \u00e0 compl\u00e8tement ouvert aussi longtemps que la rotation 90% ;<\/li>\r\n<li>Pour des raisons de s\u00e9curit\u00e9, le robinet \u00e0 boisseau sph\u00e9rique manuel ZECO \u00e9quip\u00e9 d'un interrupteur de fin de course permet d'\u00e9viter que la tige ne soit expuls\u00e9e sous l'effet de la pression pendant l'entretien du pipeline. ZECO a con\u00e7u la structure anti-souffle de la tige. Il y a un bossage dans le traitement de la tige sup\u00e9rieure qui peut \u00eatre coinc\u00e9 dans la rainure de la bo\u00eete \u00e0 garniture et la garniture peut \u00eatre remplac\u00e9e en toute s\u00e9curit\u00e9 sans se soucier de la s\u00e9curit\u00e9 du personnel ;<\/li>\r\n<li>Le robinet \u00e0 boisseau sph\u00e9rique manuel de ZECO est fabriqu\u00e9 \u00e0 partir de mat\u00e9riaux forg\u00e9s et de mat\u00e9riaux coul\u00e9s. Chaque mat\u00e9riau a \u00e9t\u00e9 v\u00e9rifi\u00e9 par le service de conception de ZECO, et l'inspection des mat\u00e9riaux, l'analyse chimique et la recherche sur les performances physiques seront effectu\u00e9es par le service d'inspection ult\u00e9rieur afin de garantir que toutes les pi\u00e8ces peuvent r\u00e9pondre aux exigences des normes mondiales et assurer une utilisation \u00e0 long terme par les clients sans se soucier des probl\u00e8mes de qualit\u00e9 ;<\/li>\r\n<li>Le robinet \u00e0 boisseau sph\u00e9rique manuel avec interrupteur de fin de course de ZECO dispose de la tra\u00e7abilit\u00e9 du syst\u00e8me ERP dans chaque processus de production, et chaque donn\u00e9e d'inspection et chaque donn\u00e9e de production seront enregistr\u00e9es dans le syst\u00e8me ERP de ZECO, de mani\u00e8re \u00e0 garantir que les produits exp\u00e9di\u00e9s disposent toujours de pi\u00e8ces rempla\u00e7ables et d'une tra\u00e7abilit\u00e9 de la qualit\u00e9 apr\u00e8s de nombreuses ann\u00e9es.<\/li>\r\n<li>Un robinet \u00e0 bille est un robinet quart de tour qui peut contr\u00f4ler le d\u00e9bit d'un gaz ou d'un liquide par l'interm\u00e9diaire d'une bille creuse pivotante.<\/li>\r\n<li>Ils sont fiables, durables, offrent une bonne \u00e9tanch\u00e9it\u00e9, sont utilisables pour un large \u00e9ventail de fluides et ont une longue dur\u00e9e de vie.<\/li>\r\n<li>Comprendre les diff\u00e9rences entre la conception du boisseau, la conception de l'al\u00e9sage et les mat\u00e9riaux utilis\u00e9s dans un robinet \u00e0 boisseau sph\u00e9rique permet de s'assurer qu'il est sp\u00e9cifi\u00e9 correctement pour l'application.<\/li>\r\n<li>Les robinets \u00e0 tournant sph\u00e9rique sont souvent utilis\u00e9s sur les conduites d'eau, les vidanges en point bas pour les fluides, les \u00e9vents en point haut pour le gaz, les services de vapeur ou les applications de traitement du gaz.<\/li>\r\n<\/ul>\r\n\r\n\r\n\r\n<h2 class=\"wp-block-heading\">Vanne \u00e0 bille avec interrupteur de fin de course<\/h2>\r\n\r\n\r\n\r\n<p>Un interrupteur de fin de course d'actionneur de vanne est un dispositif con\u00e7u pour fournir un signal \u00e0 distance au poste de commande, \u00e9galement appel\u00e9 PLC ou DCS, concernant la position de la vanne, souvent ouverte ou ferm\u00e9e.<\/p>\r\n\r\n\r\n\r\n<h2 class=\"wp-block-heading\">Pourquoi utiliser un interrupteur de fin de course sur un robinet \u00e0 boisseau sph\u00e9rique manuel ?<\/h2>\r\n\r\n\r\n\r\n<p>Un interrupteur de fin de course peut \u00eatre utilis\u00e9 pour contr\u00f4ler des machines dans le cadre d'un syst\u00e8me de commande, comme dispositif de verrouillage de s\u00e9curit\u00e9 ou comme compteur d'objets passant un point. Les interrupteurs de fin de course sont utilis\u00e9s dans une grande vari\u00e9t\u00e9 d'applications et d'environnements en raison de leur robustesse, de leur facilit\u00e9 d'installation et de la fiabilit\u00e9 de leur fonctionnement.<\/p>\r\n\r\n\r\n\r\n<h2 class=\"wp-block-heading\">Diff\u00e9rence entre le robinet \u00e0 boisseau sph\u00e9rique manuel et le robinet \u00e0 boisseau sph\u00e9rique automatique<\/h2>\r\n\r\n\r\n\r\n<p>L'actionnement manuel d'une vanne implique un contact physique direct avec le volant, le levier ou l'engrenage, tandis que l'actionnement automatis\u00e9 utilise la pression d'air, l'\u00e9lectricit\u00e9 ou la pression hydraulique contr\u00f4l\u00e9e par les conditions de d\u00e9bit, les syst\u00e8mes de surveillance ou d'autres moyens qui n'impliquent pas de contact physique avec la vanne.<\/p>\r\n\r\n\r\n\r\n<h2 class=\"wp-block-heading\" id=\"h-material-of-manual-ball-valve\">Mat\u00e9riau du robinet \u00e0 boisseau sph\u00e9rique manuel<\/h2>\r\n\r\n\r\n\r\n<figure class=\"wp-block-table\">\r\n<table>\r\n<tbody>\r\n<tr>\r\n<td>Non<\/td>\r\n<td>Partie<\/td>\r\n<td>Mat\u00e9riau<\/td>\r\n<\/tr>\r\n<tr>\r\n<td>1<\/td>\r\n<td>Corps<\/td>\r\n<td>ASTM A105<\/td>\r\n<\/tr>\r\n<tr>\r\n<td>2<\/td>\r\n<td>Bonnet<\/td>\r\n<td>ASTM A105<\/td>\r\n<\/tr>\r\n<tr>\r\n<td>3<\/td>\r\n<td>Boule<\/td>\r\n<td>ASTM A105<\/td>\r\n<\/tr>\r\n<tr>\r\n<td>4<\/td>\r\n<td>Si\u00e8ge<\/td>\r\n<td>ASTM A105 + PTFE<\/td>\r\n<\/tr>\r\n<tr>\r\n<td>5<\/td>\r\n<td>Tige<\/td>\r\n<td>ASTM A182 F6a<\/td>\r\n<\/tr>\r\n<tr>\r\n<td>6<\/td>\r\n<td>Dispositif antistatique<\/td>\r\n<td>SS304<\/td>\r\n<\/tr>\r\n<tr>\r\n<td>7<\/td>\r\n<td>Joint d'\u00e9tanch\u00e9it\u00e9<\/td>\r\n<td>Graphite + SS304<\/td>\r\n<\/tr>\r\n<tr>\r\n<td>8<\/td>\r\n<td>Boulon<\/td>\r\n<td>ASTM A193 B7<\/td>\r\n<\/tr>\r\n<tr>\r\n<td>9<\/td>\r\n<td>\u00c9crou<\/td>\r\n<td>ASTM A194 2H<\/td>\r\n<\/tr>\r\n<tr>\r\n<td>10<\/td>\r\n<td>Joint torique<\/td>\r\n<td>Viton A<\/td>\r\n<\/tr>\r\n<tr>\r\n<td>11<\/td>\r\n<td>Levier<\/td>\r\n<td>ASTM A216 WCB<\/td>\r\n<\/tr>\r\n<\/tbody>\r\n<\/table>\r\n<\/figure>","protected":false},"excerpt":{"rendered":"<p>Les robinets \u00e0 tournant sph\u00e9rique offrent de tr\u00e8s bonnes capacit\u00e9s d&#039;arr\u00eat. Un simple quart de tour (90\u00b0) ouvre ou ferme compl\u00e8tement la vanne. Cette caract\u00e9ristique minimise le fonctionnement de la vanne\u2026 <a title=\"Robinet \u00e0 boisseau sph\u00e9rique manuel\" class=\"read-more\" href=\"https:\/\/zecovalve.com\/fr\/produit\/manual-ball-valve\" aria-label=\"Plus sur Manual Ball Valve\">Lire plus<\/a><\/p>","protected":false},"featured_media":27859,"comment_status":"closed","ping_status":"closed","template":"","meta":{"_generate-full-width-content":"","kt_blocks_editor_width":""},"product_cat":[2047,2460],"product_tag":[2655,2804,2656,2802],"class_list":["post-16405","product","type-product","status-publish","has-post-thumbnail","hentry","product_cat-ball-valve","product_cat-ball-valve-by-drive-mode","product_tag-1-2-ball-valve","product_tag-2-inch-ball-valve","product_tag-3-4-ball-valve","product_tag-ball-valve-price","sales-flash-overlay","woocommerce-text-align-center","woocommerce-image-align-center","do-quantity-buttons"],"featured_image_src_large":["https:\/\/zecovalve.com\/wp-content\/uploads\/2022\/06\/Manual-Ball-Valve.jpg",800,600,false],"author_info":[],"comment_info":0,"taxonomy_info":{"product_cat":[{"value":2047,"label":"Ball Valve"},{"value":2460,"label":"Ball Valve By Drive Mode"}],"product_tag":[{"value":2655,"label":"1 2 ball valve"},{"value":2804,"label":"2 inch Ball Valve"},{"value":2656,"label":"3 4 ball valve"},{"value":2802,"label":"Ball Valve Price"}]},"yoast_head":"<!-- This site is optimized with the Yoast SEO Premium plugin v15.4 - https:\/\/yoast.com\/wordpress\/plugins\/seo\/ -->\n<title>Manual Ball Valve - Ball Valve with Limit Switch | Competitive Ball Valve Price<\/title>\n<meta name=\"robots\" content=\"index, follow, max-snippet:-1, max-image-preview:large, max-video-preview:-1\" \/>\n<link rel=\"canonical\" href=\"https:\/\/zecovalve.com\/fr\/produit\/manual-ball-valve\" \/>\n<meta property=\"og:locale\" content=\"fr_FR\" \/>\n<meta property=\"og:type\" content=\"article\" \/>\n<meta property=\"og:title\" content=\"Manual Ball Valve - Ball Valve with Limit Switch | Competitive Ball Valve Price\" \/>\n<meta property=\"og:description\" content=\"Ball valves offer very good shut-off capabilities. A simple quarter-turn (90\u00b0) completely opens or closes the valve. This characteristic minimizes valve operation ... Lire plus\" \/>\n<meta property=\"og:url\" content=\"https:\/\/zecovalve.com\/fr\/produit\/manual-ball-valve\" \/>\n<meta property=\"og:site_name\" content=\"ZECO Valve\" \/>\n<meta property=\"article:modified_time\" content=\"2023-06-07T07:06:02+00:00\" \/>\n<meta property=\"og:image\" content=\"https:\/\/zecovalve.com\/wp-content\/uploads\/2022\/06\/Manual-Ball-Valve.jpg\" \/>\n\t<meta property=\"og:image:width\" content=\"800\" \/>\n\t<meta property=\"og:image:height\" content=\"600\" \/>\n<meta name=\"twitter:card\" content=\"summary_large_image\" \/>\n<meta name=\"twitter:label1\" content=\"\u00c9crit par\">\n\t<meta name=\"twitter:data1\" content=\"Jerry\">\n\t<meta name=\"twitter:label2\" content=\"Dur\u00e9e de lecture estim\u00e9e\">\n\t<meta name=\"twitter:data2\" content=\"3 minutes\">\n<script type=\"application\/ld+json\" class=\"yoast-schema-graph\">{\"@context\":\"https:\/\/schema.org\",\"@graph\":[{\"@type\":\"WebSite\",\"@id\":\"https:\/\/zecovalve.com\/#website\",\"url\":\"https:\/\/zecovalve.com\/\",\"name\":\"ZECO Valve\",\"description\":\"Industrial Ball Valve, Gate Valve and Globe Valve Manufacturer\",\"potentialAction\":[{\"@type\":\"SearchAction\",\"target\":\"https:\/\/zecovalve.com\/?s={search_term_string}\",\"query-input\":\"required name=search_term_string\"}],\"inLanguage\":\"fr-FR\"},{\"@type\":\"ImageObject\",\"@id\":\"https:\/\/zecovalve.com\/product\/manual-ball-valve#primaryimage\",\"inLanguage\":\"fr-FR\",\"url\":\"https:\/\/zecovalve.com\/wp-content\/uploads\/2022\/06\/Manual-Ball-Valve.jpg\",\"width\":800,\"height\":600,\"caption\":\"Manual Ball Valve\"},{\"@type\":\"WebPage\",\"@id\":\"https:\/\/zecovalve.com\/product\/manual-ball-valve#webpage\",\"url\":\"https:\/\/zecovalve.com\/product\/manual-ball-valve\",\"name\":\"Manual Ball Valve - Ball Valve with Limit Switch | Competitive Ball Valve Price\",\"isPartOf\":{\"@id\":\"https:\/\/zecovalve.com\/#website\"},\"primaryImageOfPage\":{\"@id\":\"https:\/\/zecovalve.com\/product\/manual-ball-valve#primaryimage\"},\"datePublished\":\"2022-06-21T04:53:40+00:00\",\"dateModified\":\"2023-06-07T07:06:02+00:00\",\"breadcrumb\":{\"@id\":\"https:\/\/zecovalve.com\/product\/manual-ball-valve#breadcrumb\"},\"inLanguage\":\"fr-FR\",\"potentialAction\":[{\"@type\":\"ReadAction\",\"target\":[\"https:\/\/zecovalve.com\/product\/manual-ball-valve\"]}]},{\"@type\":\"BreadcrumbList\",\"@id\":\"https:\/\/zecovalve.com\/product\/manual-ball-valve#breadcrumb\",\"itemListElement\":[{\"@type\":\"ListItem\",\"position\":1,\"item\":{\"@type\":\"WebPage\",\"@id\":\"https:\/\/zecovalve.com\/\",\"url\":\"https:\/\/zecovalve.com\/\",\"name\":\"Home\"}},{\"@type\":\"ListItem\",\"position\":2,\"item\":{\"@type\":\"WebPage\",\"@id\":\"https:\/\/zecovalve.com\/product-category\",\"url\":\"https:\/\/zecovalve.com\/product-category\",\"name\":\"Industrial Valve Manufacturer | Water Valve Manufacturer\"}},{\"@type\":\"ListItem\",\"position\":3,\"item\":{\"@type\":\"WebPage\",\"@id\":\"https:\/\/zecovalve.com\/product\/manual-ball-valve\",\"url\":\"https:\/\/zecovalve.com\/product\/manual-ball-valve\",\"name\":\"Manual Ball Valve\"}}]}]}<\/script>\n<!-- \/ Yoast SEO Premium plugin. -->","_links":{"self":[{"href":"https:\/\/zecovalve.com\/fr\/wp-json\/wp\/v2\/product\/16405","targetHints":{"allow":["GET"]}}],"collection":[{"href":"https:\/\/zecovalve.com\/fr\/wp-json\/wp\/v2\/product"}],"about":[{"href":"https:\/\/zecovalve.com\/fr\/wp-json\/wp\/v2\/types\/product"}],"replies":[{"embeddable":true,"href":"https:\/\/zecovalve.com\/fr\/wp-json\/wp\/v2\/comments?post=16405"}],"wp:featuredmedia":[{"embeddable":true,"href":"https:\/\/zecovalve.com\/fr\/wp-json\/wp\/v2\/media\/27859"}],"wp:attachment":[{"href":"https:\/\/zecovalve.com\/fr\/wp-json\/wp\/v2\/media?parent=16405"}],"wp:term":[{"taxonomy":"product_cat","embeddable":true,"href":"https:\/\/zecovalve.com\/fr\/wp-json\/wp\/v2\/product_cat?post=16405"},{"taxonomy":"product_tag","embeddable":true,"href":"https:\/\/zecovalve.com\/fr\/wp-json\/wp\/v2\/product_tag?post=16405"}],"curies":[{"name":"wp","href":"https:\/\/api.w.org\/{rel}","templated":true}]}}