{"id":16417,"date":"2022-06-21T05:02:27","date_gmt":"2022-06-21T05:02:27","guid":{"rendered":"https:\/\/zecovalve.com\/?post_type=product&#038;p=16417"},"modified":"2023-06-17T00:58:13","modified_gmt":"2023-06-17T00:58:13","slug":"stainless-steel-swing-check-valve","status":"publish","type":"product","link":"https:\/\/zecovalve.com\/fr\/produit\/stainless-steel-swing-check-valve","title":{"rendered":"Clapet anti-retour \u00e0 battant en acier inoxydable"},"content":{"rendered":"<p>Les clapets anti-retour sont des dispositifs anti-reflux con\u00e7us pour emp\u00eacher le fluide (liquide ou gaz) de refluer dans les syst\u00e8mes de processus vitaux. Le clapet anti-retour \u00e0 battant a un corps et des garnitures en acier inoxydable ainsi qu&#039;un raccord \u00e0 bride. La pression nominale peut \u00eatre de 150\u00a0LB \u00e0 2\u00a0500\u00a0LB<\/p>\r\n\r\n\r\n\r\n<figure class=\"wp-block-image alignnone size-medium wp-image-16418\">\r\n<p><img loading=\"lazy\" decoding=\"async\" class=\"wp-image-27924 size-medium\" src=\"https:\/\/zecovalve.com\/wp-content\/uploads\/2022\/06\/Stainless-Steel-Swing-Check-Valve-1-300x225.jpg\" alt=\"Clapet anti-retour \u00e0 battant en acier inoxydable\" width=\"300\" height=\"225\" srcset=\"https:\/\/zecovalve.com\/wp-content\/uploads\/2022\/06\/Stainless-Steel-Swing-Check-Valve-1-300x225.jpg 300w, https:\/\/zecovalve.com\/wp-content\/uploads\/2022\/06\/Stainless-Steel-Swing-Check-Valve-1-768x576.jpg 768w, https:\/\/zecovalve.com\/wp-content\/uploads\/2022\/06\/Stainless-Steel-Swing-Check-Valve-1-600x450.jpg 600w, https:\/\/zecovalve.com\/wp-content\/uploads\/2022\/06\/Stainless-Steel-Swing-Check-Valve-1.jpg 800w\" sizes=\"auto, (max-width: 300px) 100vw, 300px\" \/><\/p>\r\n<\/figure>\r\n\r\n\r\n\r\n\r\n<div class=\"gb-button-wrapper gb-button-wrapper-6d8495a3\">\r\n\r\n\r\n<p><a class=\"gb-button gb-button-3d442e11 gb-button-text\" href=\"mailto:commercial@zecovalve.com\" target=\"_blank\" rel=\"noopener noreferrer\"><strong>OBTENEZ LE PRIX DU CLAPET ANTI-RETOUR \u00c0 BATTANT EN ACIER INOXYDABLE<\/strong><\/a><\/p>\r\n<\/div>\r\n\r\n\r\n<h2 class=\"wp-block-heading\" id=\"h-what-is-a-stainless-steel-swing-check-valve\">Qu&#039;est-ce qu&#039;un clapet anti-retour \u00e0 battant en acier inoxydable\u00a0?<\/h2>\r\n\r\n\r\n\r\n<p>Les clapets anti-retour \u00e0 battant en acier inoxydable sont con\u00e7us et fabriqu\u00e9s strictement selon les normes internationales API 6D, BS1868, ASME B16.34 ou \u00e9quivalentes, o r\u00e9duisent la r\u00e9sistance \u00e0 l&#039;\u00e9coulement et la chute de pression au minimum possible, ce qui convient pour \u00eatre mont\u00e9 en position horizontale uniquement, L&#039;anneau de si\u00e8ge rod\u00e9 et viss\u00e9 assure une fermeture \u00e9tanche et un service de longue dur\u00e9e. Le disque de la vanne est parfaitement con\u00e7u, usin\u00e9 avec pr\u00e9cision et guid\u00e9 pour un arr\u00eat automatique efficace \u00e0 pression nulle, avec une caract\u00e9ristique de structure compacte et un service \u00e0 faibles \u00e9missions. Dans les constructions \u00e0 balan\u00e7oire et \u00e0 piston.<\/p>\r\n\r\n\r\n\r\n<p>ZECO est un fabricant professionnel de clapets anti-retour \u00e0 battant, les mat\u00e9riaux en acier inoxydable peuvent \u00eatre s\u00e9lectionn\u00e9s comme ASTM A351 CF8, ASTM A351 CF8M, ASTM A351 CF3, ASTM A351 CF3M, UNS S32205 ou des mat\u00e9riaux en super acier inoxydable, etc. ZECO est tr\u00e8s strict en ce qui concerne les tests des mati\u00e8res premi\u00e8res. Tous les mat\u00e9riaux en acier inoxydable doivent subir des tests spectraux et une analyse physique \u00e0 leur arriv\u00e9e \u00e0 l&#039;usine, et ce n&#039;est que lorsqu&#039;ils r\u00e9pondent aux exigences des normes internationales qu&#039;ils peuvent \u00eatre autoris\u00e9s \u00e0 entrer dans l&#039;usine et \u00e0 d\u00e9marrer le processus de traitement formel. Le clapet anti-retour \u00e0 battant en acier inoxydable de ZECO ouvre compl\u00e8tement le disque dans la conduite pour emp\u00eacher l&#039;\u00e9coulement du fluide du disque et augmenter la r\u00e9sistance \u00e0 l&#039;\u00e9coulement. Le clapet anti-retour \u00e0 battant est l&#039;exigence de processus la plus importante dans la surface d&#039;\u00e9tanch\u00e9it\u00e9 du disque et la surface d&#039;\u00e9tanch\u00e9it\u00e9 du corps de vanne, car il n&#039;y a aucune force externe pour aider \u00e0 l&#039;\u00e9tanch\u00e9it\u00e9, de sorte que seule la surface d&#039;\u00e9tanch\u00e9it\u00e9 du disque et du si\u00e8ge de vanne peut \u00eatre \u00e9troitement adapt\u00e9e pour obtenir l&#039;\u00e9tat d&#039;\u00e9tanch\u00e9it\u00e9 complet, en m\u00eame temps, selon les exigences des conditions de travail, le mat\u00e9riau de la surface d&#039;\u00e9tanch\u00e9it\u00e9 du disque peut \u00eatre modifi\u00e9 pour obtenir l&#039;effet souhait\u00e9.<\/p>\r\n\r\n\r\n\r\n<h2 class=\"wp-block-heading\" id=\"h-features-of-stainless-steel-swing-check-valve\">Caract\u00e9ristiques du clapet anti-retour \u00e0 battant en acier inoxydable\u00a0:<\/h2>\r\n\r\n\r\n\r\n<ul class=\"wp-block-list\">\r\n<li>Le mat\u00e9riau du clapet anti-retour \u00e0 battant en acier inoxydable ZECO a \u00e9t\u00e9 strictement test\u00e9 pour r\u00e9pondre aux normes internationales\u00a0;<\/li>\r\n<li>La charni\u00e8re et l&#039;axe de charni\u00e8re du clapet anti-retour \u00e0 battant en acier inoxydable ZECO sont fournis et mont\u00e9s de mani\u00e8re \u00e0 permettre un mouvement complet du disque. Et ZECO s&#039;assure que le disque est compl\u00e8tement ouvert dans le corps ;<\/li>\r\n<li>Le si\u00e8ge du clapet anti-retour \u00e0 battant en acier inoxydable ZECO est renouvelable\u00a0;<\/li>\r\n<li>Type de disque pivotant standard, utilis\u00e9 en position horizontale pour les applications de service liquide ou utilis\u00e9 en position verticale o\u00f9 le liquide s&#039;\u00e9coule de bas en haut.<\/li>\r\n<li>Conception et fabrication selon API 6D, BS1868 ou ASME B16.34\u00a0;<\/li>\r\n<li>Dimensions face \u00e0 face selon ASME B16.10\u00a0;<\/li>\r\n<li>Structur\u00e9 en couvercle boulonn\u00e9\u00a0;<\/li>\r\n<li>Syst\u00e8me de d\u00e9rivation et assemblage de contrepoids en option\u00a0;<\/li>\r\n<li>Fermeture rapide et actions flexibles du disque de vanne \uff1b<\/li>\r\n<li>Petit impact de fermeture, aucun coup de b\u00e9lier ne risque d&#039;\u00eatre g\u00e9n\u00e9r\u00e9\u00a0;<\/li>\r\n<li>Disque de type pivotant\u00a0;<\/li>\r\n<li>Peut \u00eatre con\u00e7u avec un cylindre d&#039;amortissement.<\/li>\r\n<\/ul>\r\n\r\n\r\n\r\n<h2 class=\"wp-block-heading\" id=\"h-product-range-of-stainless-steel-swing-check-valves\">Gamme de produits de clapets anti-retour \u00e0 battant en acier inoxydable<\/h2>\r\n\r\n\r\n\r\n<ul class=\"wp-block-list\">\r\n<li><span style=\"background-color: var(--base-3); color: var(--contrast);\">Diam\u00e8tre nominal\u00a0: 1\/2\u2033\uff5e60\u2033<\/span><\/li>\r\n<li>Plage de pression : Classe 150 \u2013 1\u00a0500<\/li>\r\n<li>Connexion d'extr\u00e9mit\u00e9 : RF, RTJ, BW<\/li>\r\n<li>Temp\u00e9rature de fonctionnement : -46 \u2103 ~ + 560 \u2103<\/li>\r\n<\/ul>\r\n\r\n\r\n\r\n<h2 class=\"wp-block-heading\">Le clapet anti-retour \u00e0 battant doit-il \u00eatre install\u00e9 verticalement ou horizontalement\u00a0?<\/h2>\r\n\r\n\r\n\r\n<p>Nous entendons de nombreuses personnes demander : \u00ab Les clapets anti-retour \u00e0 battant peuvent-ils \u00eatre install\u00e9s verticalement ?<\/p>\r\n\r\n\r\n\r\n<p>La r\u00e9ponse simple \u00e0 cette question est oui, les clapets anti-retour \u00e0 battant peuvent \u00eatre install\u00e9s dans les deux sens. Mais pour \u00eatre tr\u00e8s clair, l\u2019installation d\u2019un clapet anti-retour \u00e0 battant sur une canalisation horizontale peut en r\u00e9alit\u00e9 donner l\u2019impression que le clapet est vertical. Lorsque vous installez un clapet anti-retour sur une canalisation verticale, le clapet sera horizontal.<\/p>\r\n\r\n\r\n\r\n<p>Cependant, il est plus courant d&#039;installer un clapet anti-retour \u00e0 battant sur une canalisation horizontale. Lorsque les gens demandent si les clapets anti-retour peuvent \u00eatre install\u00e9s verticalement, ils font g\u00e9n\u00e9ralement r\u00e9f\u00e9rence au pipeline.<\/p>\r\n\r\n\r\n\r\n<h2 class=\"wp-block-heading\">Comment installer des clapets anti-retour \u00e0 battant verticalement<\/h2>\r\n\r\n\r\n\r\n<p>L&#039;installation d&#039;un clapet anti-retour \u00e0 battant sur une canalisation verticale ne modifie pas le processus d&#039;installation, mais vous devez vous assurer que la fl\u00e8che de d\u00e9bit pointe vers le haut. Cela permet \u00e0 l&#039;eau de circuler dans le pipeline de voyager vers le haut et emp\u00eache la gravit\u00e9 de la tirer vers l&#039;arri\u00e8re et de contaminer l&#039;approvisionnement en eau.<\/p>\r\n\r\n\r\n\r\n<p>Bien qu&#039;il existe diff\u00e9rentes tailles et styles de clapets anti-retour \u00e0 battant, vous pouvez consulter ce sch\u00e9ma pour voir comment il fonctionne de l&#039;int\u00e9rieur.<\/p>\r\n\r\n\r\n\r\n<h3 class=\"wp-block-heading\">\u00c9tapes d&#039;installation du clapet anti-retour \u00e0 battant<\/h3>\r\n\r\n\r\n\r\n<p>Le travail de fixation d&#039;un clapet anti-retour \u00e0 battant sur un pipeline est extr\u00eamement simple, mais vous constaterez que cela vaut la peine d&#039;y aller lentement et de v\u00e9rifier soigneusement les choses. Il est beaucoup plus facile de d\u00e9tecter un probl\u00e8me lors de l&#039;installation que de d\u00e9sinstaller ou de remplacer votre clapet anti-retour \u00e0 battant.<\/p>\r\n\r\n\r\n\r\n<p>Voici les \u00e9tapes pour installer un clapet anti-retour \u00e0 battant :<\/p>\r\n\r\n\r\n\r\n<ol class=\"wp-block-list\">\r\n<li><strong>Taille du clapet anti-retour<\/strong> Avant d\u2019acheter votre clapet anti-retour \u00e0 battant, assurez-vous de conna\u00eetre la taille et le style dont vous avez besoin. Mesurez les tuyaux auxquels vous allez fixer la vanne et v\u00e9rifiez le mat\u00e9riau. Il existe des vannes filet\u00e9es, des vannes \u00e0 douille et des mat\u00e9riaux tels que l&#039;acier au carbone, l&#039;acier inoxydable et le PVC. Vous pouvez voir encore plus d&#039;options ici.<\/li>\r\n<li><strong>Regardez \u00e0 l&#039;int\u00e9rieur de la valve<\/strong> Jeter rapidement un coup d\u2019\u0153il \u00e0 l\u2019int\u00e9rieur de la valve garantira que rien n\u2019est rest\u00e9 coinc\u00e9 \u00e0 l\u2019int\u00e9rieur pendant le transport. Si quelque chose de petit p\u00e9n\u00e9trait dans le clapet anti-retour \u00e0 battant, cela pourrait potentiellement coincer le clapet et emp\u00eacher toute l&#039;eau de s&#039;\u00e9couler. Il s\u2019agit d\u2019une \u00e9tape simple et rapide qui pourrait vous faire gagner des heures et vous \u00e9viter de la frustration.<\/li>\r\n<li><strong>V\u00e9rifiez les bords<\/strong> Que vous ayez besoin ou non d&#039;un clapet anti-retour \u00e0 battant avec brides, vous devez v\u00e9rifier attentivement les bords. Recherchez les bords in\u00e9gaux, les rayures ou tout autre \u00e9l\u00e9ment qui pourrait emp\u00eacher votre valve de se fermer correctement.<\/li>\r\n<li><strong>Confirmer l&#039;emplacement de la valve<\/strong> C&#039;est la seule \u00e9tape qui changera en fonction de la direction de votre pipeline. Recherchez sur votre valve une fl\u00e8che qui indique le sens du d\u00e9bit. Si vous installez votre clapet anti-retour \u00e0 battant sur une canalisation horizontale, placez-le dans la direction appropri\u00e9e.<\/li>\r\n<\/ol>\r\n\r\n\r\n\r\n<p>Si vous installez votre clapet anti-retour \u00e0 battant sur une canalisation verticale, assurez-vous que la fl\u00e8che de d\u00e9bit pointe vers le haut.<\/p>\r\n\r\n\r\n\r\n<ol class=\"wp-block-list\" start=\"5\">\r\n<li><strong>Fixez le clapet anti-retour \u00e0 battant sur le pipeline<\/strong> Enfin, vous pouvez fixer votre clapet anti-retour \u00e0 battant \u00e0 votre canalisation. Selon le type de valve que vous utilisez, vous devrez soit la visser avec vos mains, soit simplement assembler les pi\u00e8ces et vous assurer qu&#039;elles sont bien fix\u00e9es.<\/li>\r\n<li><strong>Testez la vanne<\/strong> Vous pouvez tester le fonctionnement de votre clapet anti-retour \u00e0 battant en ouvrant votre eau et en vous assurant qu&#039;elle coule. Si vous utilisez une valve en PVC transparent comme celle-ci, les tests sont faciles car vous pouvez voir les performances de la valve.<\/li>\r\n<\/ol>\r\n\r\n\r\n\r\n<p>Si lors des tests, vous constatez que votre d\u00e9bit d\u2019eau est bloqu\u00e9, vous devez rev\u00e9rifier le sens de votre clapet anti-retour \u00e0 battant. Si vous remarquez une fuite ou tout autre probl\u00e8me, vous pouvez r\u00e9soudre le probl\u00e8me en suivant les conseils ci-dessous.<\/p>\r\n\r\n\r\n\r\n<h2 class=\"wp-block-heading\" id=\"h-material-of-stainless-steel-swing-check-valves\">Mat\u00e9riau des clapets anti-retour \u00e0 battant en acier inoxydable<\/h2>\r\n\r\n\r\n\r\n<figure class=\"wp-block-table\">\r\n<table>\r\n<tbody>\r\n<tr>\r\n<td>Non<\/td>\r\n<td>Partie<\/td>\r\n<td>Mat\u00e9riau<\/td>\r\n<\/tr>\r\n<tr>\r\n<td>1<\/td>\r\n<td>Corps<\/td>\r\n<td>ASTM A351 CF8<\/td>\r\n<\/tr>\r\n<tr>\r\n<td>2<\/td>\r\n<td>Si\u00e8ge<\/td>\r\n<td>ASTM A182 F304<\/td>\r\n<\/tr>\r\n<tr>\r\n<td>3<\/td>\r\n<td>Disque<\/td>\r\n<td>ASTM A351 CF8<\/td>\r\n<\/tr>\r\n<tr>\r\n<td>4<\/td>\r\n<td>Bras<\/td>\r\n<td>ASTM A351 CF8<\/td>\r\n<\/tr>\r\n<tr>\r\n<td>5<\/td>\r\n<td>\u00c9crou<\/td>\r\n<td>ASTM A194 8<\/td>\r\n<\/tr>\r\n<tr>\r\n<td>6<\/td>\r\n<td>\u00c9pingle<\/td>\r\n<td>ASTM A182 F304<\/td>\r\n<\/tr>\r\n<tr>\r\n<td>7<\/td>\r\n<td>Connecteur<\/td>\r\n<td>ASTM A351 CF8<\/td>\r\n<\/tr>\r\n<tr>\r\n<td>8<\/td>\r\n<td>Joint d'\u00e9tanch\u00e9it\u00e9<\/td>\r\n<td>Graphite + SS304<\/td>\r\n<\/tr>\r\n<tr>\r\n<td>9<\/td>\r\n<td>Bonnet<\/td>\r\n<td>ASTM A351 CF8<\/td>\r\n<\/tr>\r\n<tr>\r\n<td>10<\/td>\r\n<td>Boulon<\/td>\r\n<td>ASTM A193 B8<\/td>\r\n<\/tr>\r\n<\/tbody>\r\n<\/table>\r\n<\/figure>","protected":false},"excerpt":{"rendered":"<p>Les clapets anti-retour sont des dispositifs anti-reflux con\u00e7us pour emp\u00eacher le fluide (liquide ou gaz) de refluer dans les syst\u00e8mes de processus vitaux. Le \u2026 <a title=\"Clapet anti-retour \u00e0 battant en acier inoxydable\" class=\"read-more\" href=\"https:\/\/zecovalve.com\/fr\/produit\/stainless-steel-swing-check-valve\" aria-label=\"Plus sur Clapet anti-retour \u00e0 battant en acier inoxydable\">Lire plus<\/a><\/p>","protected":false},"featured_media":27924,"comment_status":"closed","ping_status":"closed","template":"","meta":{"_generate-full-width-content":"","kt_blocks_editor_width":""},"product_cat":[2455,2067],"product_tag":[2657,2661,2660,2723],"class_list":["post-16417","product","type-product","status-publish","has-post-thumbnail","hentry","product_cat-check-valve","product_cat-swing-check-valve","product_tag-non-return-valve","product_tag-nrv-valve","product_tag-swing-check-valve","product_tag-what-is-a-valve","sales-flash-overlay","woocommerce-text-align-center","woocommerce-image-align-center","do-quantity-buttons"],"featured_image_src_large":["https:\/\/zecovalve.com\/wp-content\/uploads\/2022\/06\/Stainless-Steel-Swing-Check-Valve-1.jpg",800,600,false],"author_info":[],"comment_info":0,"taxonomy_info":{"product_cat":[{"value":2455,"label":"Check Valve"},{"value":2067,"label":"Swing Check Valve"}],"product_tag":[{"value":2657,"label":"Non Return Valve"},{"value":2661,"label":"NRV Valve"},{"value":2660,"label":"Swing Check Valve"},{"value":2723,"label":"What is a Valve"}]},"yoast_head":"<!-- This site is optimized with the Yoast SEO Premium plugin v15.4 - https:\/\/yoast.com\/wordpress\/plugins\/seo\/ -->\n<title>Stainless Steel Swing Check Valve - Check Valve Types | ZECO Valve<\/title>\n<meta name=\"robots\" content=\"index, follow, max-snippet:-1, max-image-preview:large, max-video-preview:-1\" \/>\n<link rel=\"canonical\" href=\"https:\/\/zecovalve.com\/fr\/produit\/stainless-steel-swing-check-valve\" \/>\n<meta property=\"og:locale\" content=\"fr_FR\" \/>\n<meta property=\"og:type\" content=\"article\" \/>\n<meta property=\"og:title\" content=\"Stainless Steel Swing Check Valve - Check Valve Types | ZECO Valve\" \/>\n<meta property=\"og:description\" content=\"Check valves are backflow prevention devices designed to prevent the fluid (liquid or gas) from flowing backward into vital process systems. The ... Lire plus\" \/>\n<meta property=\"og:url\" content=\"https:\/\/zecovalve.com\/fr\/produit\/stainless-steel-swing-check-valve\" \/>\n<meta property=\"og:site_name\" content=\"ZECO Valve\" \/>\n<meta property=\"article:modified_time\" content=\"2023-06-17T00:58:13+00:00\" \/>\n<meta property=\"og:image\" content=\"https:\/\/zecovalve.com\/wp-content\/uploads\/2022\/06\/Stainless-Steel-Swing-Check-Valve-1.jpg\" \/>\n\t<meta property=\"og:image:width\" content=\"800\" \/>\n\t<meta property=\"og:image:height\" content=\"600\" \/>\n<meta name=\"twitter:card\" content=\"summary_large_image\" \/>\n<meta name=\"twitter:label1\" content=\"\u00c9crit par\">\n\t<meta name=\"twitter:data1\" content=\"Jerry\">\n\t<meta name=\"twitter:label2\" content=\"Dur\u00e9e de lecture estim\u00e9e\">\n\t<meta name=\"twitter:data2\" content=\"5 minutes\">\n<script type=\"application\/ld+json\" class=\"yoast-schema-graph\">{\"@context\":\"https:\/\/schema.org\",\"@graph\":[{\"@type\":\"WebSite\",\"@id\":\"https:\/\/zecovalve.com\/#website\",\"url\":\"https:\/\/zecovalve.com\/\",\"name\":\"ZECO Valve\",\"description\":\"Industrial Ball Valve, Gate Valve and Globe Valve Manufacturer\",\"potentialAction\":[{\"@type\":\"SearchAction\",\"target\":\"https:\/\/zecovalve.com\/?s={search_term_string}\",\"query-input\":\"required name=search_term_string\"}],\"inLanguage\":\"fr-FR\"},{\"@type\":\"ImageObject\",\"@id\":\"https:\/\/zecovalve.com\/product\/stainless-steel-swing-check-valve#primaryimage\",\"inLanguage\":\"fr-FR\",\"url\":\"https:\/\/zecovalve.com\/wp-content\/uploads\/2022\/06\/Stainless-Steel-Swing-Check-Valve-1.jpg\",\"width\":800,\"height\":600,\"caption\":\"Stainless Steel Swing Check Valve\"},{\"@type\":\"WebPage\",\"@id\":\"https:\/\/zecovalve.com\/product\/stainless-steel-swing-check-valve#webpage\",\"url\":\"https:\/\/zecovalve.com\/product\/stainless-steel-swing-check-valve\",\"name\":\"Stainless Steel Swing Check Valve - Check Valve Types | ZECO Valve\",\"isPartOf\":{\"@id\":\"https:\/\/zecovalve.com\/#website\"},\"primaryImageOfPage\":{\"@id\":\"https:\/\/zecovalve.com\/product\/stainless-steel-swing-check-valve#primaryimage\"},\"datePublished\":\"2022-06-21T05:02:27+00:00\",\"dateModified\":\"2023-06-17T00:58:13+00:00\",\"breadcrumb\":{\"@id\":\"https:\/\/zecovalve.com\/product\/stainless-steel-swing-check-valve#breadcrumb\"},\"inLanguage\":\"fr-FR\",\"potentialAction\":[{\"@type\":\"ReadAction\",\"target\":[\"https:\/\/zecovalve.com\/product\/stainless-steel-swing-check-valve\"]}]},{\"@type\":\"BreadcrumbList\",\"@id\":\"https:\/\/zecovalve.com\/product\/stainless-steel-swing-check-valve#breadcrumb\",\"itemListElement\":[{\"@type\":\"ListItem\",\"position\":1,\"item\":{\"@type\":\"WebPage\",\"@id\":\"https:\/\/zecovalve.com\/\",\"url\":\"https:\/\/zecovalve.com\/\",\"name\":\"Home\"}},{\"@type\":\"ListItem\",\"position\":2,\"item\":{\"@type\":\"WebPage\",\"@id\":\"https:\/\/zecovalve.com\/product-category\",\"url\":\"https:\/\/zecovalve.com\/product-category\",\"name\":\"Industrial Valve Manufacturer | Water Valve Manufacturer\"}},{\"@type\":\"ListItem\",\"position\":3,\"item\":{\"@type\":\"WebPage\",\"@id\":\"https:\/\/zecovalve.com\/product\/stainless-steel-swing-check-valve\",\"url\":\"https:\/\/zecovalve.com\/product\/stainless-steel-swing-check-valve\",\"name\":\"Stainless Steel Swing Check Valve\"}}]}]}<\/script>\n<!-- \/ Yoast SEO Premium plugin. -->","_links":{"self":[{"href":"https:\/\/zecovalve.com\/fr\/wp-json\/wp\/v2\/product\/16417","targetHints":{"allow":["GET"]}}],"collection":[{"href":"https:\/\/zecovalve.com\/fr\/wp-json\/wp\/v2\/product"}],"about":[{"href":"https:\/\/zecovalve.com\/fr\/wp-json\/wp\/v2\/types\/product"}],"replies":[{"embeddable":true,"href":"https:\/\/zecovalve.com\/fr\/wp-json\/wp\/v2\/comments?post=16417"}],"wp:featuredmedia":[{"embeddable":true,"href":"https:\/\/zecovalve.com\/fr\/wp-json\/wp\/v2\/media\/27924"}],"wp:attachment":[{"href":"https:\/\/zecovalve.com\/fr\/wp-json\/wp\/v2\/media?parent=16417"}],"wp:term":[{"taxonomy":"product_cat","embeddable":true,"href":"https:\/\/zecovalve.com\/fr\/wp-json\/wp\/v2\/product_cat?post=16417"},{"taxonomy":"product_tag","embeddable":true,"href":"https:\/\/zecovalve.com\/fr\/wp-json\/wp\/v2\/product_tag?post=16417"}],"curies":[{"name":"wp","href":"https:\/\/api.w.org\/{rel}","templated":true}]}}