{"id":16425,"date":"2022-06-21T05:08:05","date_gmt":"2022-06-21T05:08:05","guid":{"rendered":"https:\/\/zecovalve.com\/?post_type=product&#038;p=16425"},"modified":"2023-06-07T07:06:40","modified_gmt":"2023-06-07T07:06:40","slug":"8-inch-ball-valve","status":"publish","type":"product","link":"https:\/\/zecovalve.com\/fr\/produit\/8-inch-ball-valve","title":{"rendered":"Robinet \u00e0 boisseau sph\u00e9rique de 8 pouces"},"content":{"rendered":"<p>ZECO Valve est un fabricant et fournisseur de robinets \u00e0 boisseau sph\u00e9rique industriels en Chine depuis 1991. En tant qu'usine leader et professionnelle de robinets \u00e0 tournant sph\u00e9rique en Chine, avec plus de 30 ans de certification API, notre soci\u00e9t\u00e9 fabrique des mod\u00e8les de robinets \u00e0 tournant sph\u00e9rique industriels et flottants, tels que des robinets \u00e0 tournant sph\u00e9rique \u00e0 une, deux et trois pi\u00e8ces avec diff\u00e9rents mat\u00e9riaux, ainsi que des robinets \u00e0 commande manuelle, y compris des robinets \u00e0 tournant sph\u00e9rique \u00e0 engrenage.<\/p>\r\n\r\n\r\n\r\n<figure class=\"wp-block-image size-full is-resized\"><img loading=\"lazy\" decoding=\"async\" class=\"wp-image-16510\" src=\"https:\/\/zecovalve.com\/wp-content\/uploads\/2022\/06\/trunnion-mounted-ball-valve-4.jpg\" alt=\"\" width=\"400\" height=\"300\" srcset=\"https:\/\/zecovalve.com\/wp-content\/uploads\/2022\/06\/trunnion-mounted-ball-valve-4.jpg 800w, https:\/\/zecovalve.com\/wp-content\/uploads\/2022\/06\/trunnion-mounted-ball-valve-4-300x225.jpg 300w, https:\/\/zecovalve.com\/wp-content\/uploads\/2022\/06\/trunnion-mounted-ball-valve-4-768x576.jpg 768w, https:\/\/zecovalve.com\/wp-content\/uploads\/2022\/06\/trunnion-mounted-ball-valve-4-600x450.jpg 600w\" sizes=\"auto, (max-width: 400px) 100vw, 400px\" \/><\/figure>\r\n\r\n\r\n\r\n\r\n<div class=\"gb-button-wrapper gb-button-wrapper-6d8495a3\">\r\n\r\n\r\n<p><a class=\"gb-button gb-button-3d442e11 gb-button-text\" href=\"mailto:commercial@zecovalve.com\" target=\"_blank\" rel=\"noopener noreferrer\"><strong>OBTENIR LE PRIX D'UN ROBINET \u00c0 BOISSEAU SPH\u00c9RIQUE DE 8 POUCES<\/strong><\/a><\/p>\r\n<\/div>\r\n\r\n\r\n<h2 class=\"wp-block-heading\">Qu'est-ce qu'un robinet \u00e0 boisseau sph\u00e9rique de 8 pouces ?<\/h2>\r\n\r\n\r\n\r\n<p>Les robinets \u00e0 tournant sph\u00e9rique de 8 pouces sont des vannes d'arr\u00eat qui contr\u00f4lent le flux de gaz ou de liquide. Pour ce faire, on utilise une bille rotative dot\u00e9e d'un al\u00e9sage. En tournant la bille de 90 degr\u00e9s, le gaz ou le liquide est bloqu\u00e9 ou autoris\u00e9 \u00e0 s'\u00e9couler. Ils sont connus pour assurer une \u00e9tanch\u00e9it\u00e9 stable, m\u00eame lorsqu'ils ne sont pas utilis\u00e9s pendant un certain temps. Ils ont \u00e9galement une dur\u00e9e de vie plus longue. En outre, ils r\u00e9sistent mieux aux contaminants, ce qui en fait un choix plus populaire que les autres vannes.<\/p>\r\n\r\n\r\n\r\n<p>Le robinet \u00e0 boisseau sph\u00e9rique ZECO de 8 pouces offre deux choix : un robinet \u00e0 boisseau sph\u00e9rique flottant ou un robinet \u00e0 boisseau sph\u00e9rique mont\u00e9 sur tourillon, et le choix entre le moulage et le forgeage du mat\u00e9riau. La qualit\u00e9 du moulage des vannes est d'une importance capitale pour la dur\u00e9e de vie du produit, la s\u00e9curit\u00e9 du personnel et de l'environnement, en particulier dans les services \u00e0 haute temp\u00e9rature et \u00e0 haute pression, car la vanne est l'un des \u00e9quipements contenant de la pression dans un pipeline contr\u00f4l\u00e9 par le processus. C'est pourquoi les moulages sont toujours certifi\u00e9s en premier lieu par les clients qui exigent des conditions strictes avant qu'un fabricant de vannes ne soit pr\u00e9qualifi\u00e9 et approuv\u00e9 en tant que fournisseur qualifi\u00e9.<\/p>\r\n\r\n\r\n\r\n<h2 class=\"wp-block-heading\" id=\"h-dimensions-weight-of-8-inch-ball-valve\">Dimensions et poids d'un robinet \u00e0 boisseau sph\u00e9rique de 8 pouces<\/h2>\r\n\r\n\r\n\r\n<table border=\"=1\" width=\"800\">\r\n<tbody>\r\n<tr>\r\n<td rowspan=\"2\">Pression nominale<\/td>\r\n<td style=\"text-align: center;\">Al\u00e9sage<\/td>\r\n<td style=\"text-align: center;\" colspan=\"3\">\u00a0Dimension face \u00e0 face (en mm)<\/td>\r\n<td style=\"text-align: center;\">Poids<\/td>\r\n<\/tr>\r\n<tr>\r\n<td style=\"text-align: center;\">(en mm)<\/td>\r\n<td style=\"text-align: center;\">RF<\/td>\r\n<td style=\"text-align: center;\">BW<\/td>\r\n<td style=\"text-align: center;\">RTJ<\/td>\r\n<td style=\"text-align: center;\">kg<\/td>\r\n<\/tr>\r\n<tr>\r\n<td>CLASSE 150<\/td>\r\n<td style=\"text-align: center;\">201<\/td>\r\n<td style=\"text-align: center;\">457<\/td>\r\n<td style=\"text-align: center;\">521<\/td>\r\n<td style=\"text-align: center;\">470<\/td>\r\n<td style=\"text-align: center;\">205<\/td>\r\n<\/tr>\r\n<tr>\r\n<td>CLASSE 300<\/td>\r\n<td style=\"text-align: center;\">201<\/td>\r\n<td style=\"text-align: center;\">502<\/td>\r\n<td style=\"text-align: center;\">521<\/td>\r\n<td style=\"text-align: center;\">518<\/td>\r\n<td style=\"text-align: center;\">255<\/td>\r\n<\/tr>\r\n<tr>\r\n<td>CLASSE 600<\/td>\r\n<td style=\"text-align: center;\">201<\/td>\r\n<td style=\"text-align: center;\">660<\/td>\r\n<td style=\"text-align: center;\">660<\/td>\r\n<td style=\"text-align: center;\">664<\/td>\r\n<td style=\"text-align: center;\">390<\/td>\r\n<\/tr>\r\n<tr>\r\n<td>CLASSE 900<\/td>\r\n<td style=\"text-align: center;\">201<\/td>\r\n<td style=\"text-align: center;\">737<\/td>\r\n<td style=\"text-align: center;\">737<\/td>\r\n<td style=\"text-align: center;\">740<\/td>\r\n<td style=\"text-align: center;\">640<\/td>\r\n<\/tr>\r\n<tr>\r\n<td>CLASSE 1500<\/td>\r\n<td style=\"text-align: center;\">192<\/td>\r\n<td style=\"text-align: center;\">832<\/td>\r\n<td style=\"text-align: center;\">832<\/td>\r\n<td style=\"text-align: center;\">841<\/td>\r\n<td style=\"text-align: center;\">870<\/td>\r\n<\/tr>\r\n<tr>\r\n<td>CLASSE 2500<\/td>\r\n<td style=\"text-align: center;\">179<\/td>\r\n<td style=\"text-align: center;\">1022<\/td>\r\n<td style=\"text-align: center;\">1022<\/td>\r\n<td style=\"text-align: center;\">1038<\/td>\r\n<td style=\"text-align: center;\">1017<\/td>\r\n<\/tr>\r\n<\/tbody>\r\n<\/table>\r\n\r\n\r\n\r\n<h2 class=\"wp-block-heading\">\u00c0 quoi sert le robinet \u00e0 boisseau sph\u00e9rique de 8 pouces ?<\/h2>\r\n\r\n\r\n\r\n<p>Presque toutes les applications industrielles doivent \u00eatre prot\u00e9g\u00e9es contre les fuites. Ceci est particuli\u00e8rement important pour celles qui n\u00e9cessitent des m\u00e9canismes de fermeture \u00e9tanches. Il s'agit par exemple des applications purement liquides ou gazeuses, y compris les industries du gaz naturel, le stockage de produits chimiques et celles qui travaillent avec des fluides corrosifs. Les boues ne fonctionnent pas bien pour ces vannes.<\/p>\r\n\r\n\r\n\r\n<h2 class=\"wp-block-heading\">Caract\u00e9ristiques du robinet \u00e0 boisseau sph\u00e9rique 8\u2033.<\/h2>\r\n\r\n\r\n\r\n<ul class=\"wp-block-list\">\r\n<li>Le robinet \u00e0 tournant sph\u00e9rique ZECO de 8 pouces est dot\u00e9 d'un dispositif de d\u00e9compression de la cavit\u00e9. Lorsque la force cr\u00e9\u00e9e par la pression de la cavit\u00e9 est inf\u00e9rieure \u00e0 la force cr\u00e9\u00e9e par la pression de la conduite, le contact entre la bille et la bague de si\u00e8ge est assur\u00e9 pour assurer l'\u00e9tanch\u00e9it\u00e9 ; Lorsque la pression de la cavit\u00e9 est sup\u00e9rieure \u00e0 la force du ressort du si\u00e8ge plus la pression de la conduite, l'action d'autod\u00e9charge permet au si\u00e8ge de la vanne de s'\u00e9loigner l\u00e9g\u00e8rement de la surface de la bille. Par cons\u00e9quent, toute surpression \u00e0 l'int\u00e9rieur de la cavit\u00e9 du corps est \u00e9vacu\u00e9e dans la canalisation afin de r\u00e9tablir l'\u00e9quilibre entre la cavit\u00e9 du corps et la canalisation (en amont ou en aval) ;<\/li>\r\n<li>Le robinet \u00e0 tournant sph\u00e9rique ZECO de 8 pouces est dot\u00e9 d'un raccord d'injection de produit d'\u00e9tanch\u00e9it\u00e9 d'urgence, qui permet des interventions externes pour pr\u00e9venir les fuites de la tige. Lors de la maintenance, il suffit de passer par le trou de graissage d'urgence pour que la tige et le si\u00e8ge du robinet se trouvent au niveau de la structure d'\u00e9tanch\u00e9it\u00e9 pour la maintenance d'urgence et la maintenance \u00e0 long terme, ce qui est simple et pratique ;<\/li>\r\n<li>Le robinet \u00e0 boisseau sph\u00e9rique ZECO de 8 pouces est dot\u00e9 d'une tige anti-\u00e9jection, un dispositif de s\u00e9curit\u00e9 qui assure l'\u00e9tanch\u00e9it\u00e9 de la tige quelle que soit la pression ;<\/li>\r\n<li>Le robinet \u00e0 tournant sph\u00e9rique ZECO de 8 pouces est dot\u00e9 d'un syst\u00e8me d'\u00e9tanch\u00e9it\u00e9 de secours m\u00e9tal sur m\u00e9tal. Lorsque le mat\u00e9riau du si\u00e8ge r\u00e9silient primaire est d\u00e9t\u00e9rior\u00e9 par le feu, le m\u00e9tal sur m\u00e9tal assure l'obturation.<\/li>\r\n<\/ul>\r\n\r\n\r\n\r\n<h2 class=\"wp-block-heading\">Mat\u00e9riau du robinet \u00e0 boisseau sph\u00e9rique de 8 pouces<\/h2>\r\n\r\n\r\n\r\n<figure class=\"wp-block-table\">\r\n<table>\r\n<tbody>\r\n<tr>\r\n<td>Non<\/td>\r\n<td>Partie<\/td>\r\n<td>Mat\u00e9riau<\/td>\r\n<\/tr>\r\n<tr>\r\n<td>1<\/td>\r\n<td>Corps<\/td>\r\n<td>ASTM A105<\/td>\r\n<\/tr>\r\n<tr>\r\n<td>2<\/td>\r\n<td>Bonnet<\/td>\r\n<td>ASTM A105<\/td>\r\n<\/tr>\r\n<tr>\r\n<td>3<\/td>\r\n<td>Boule<\/td>\r\n<td>ASTM A182 F316<\/td>\r\n<\/tr>\r\n<tr>\r\n<td>4<\/td>\r\n<td>Si\u00e8ge<\/td>\r\n<td>ASTM A182 F316 + PTFE<\/td>\r\n<\/tr>\r\n<tr>\r\n<td>5<\/td>\r\n<td>Tige<\/td>\r\n<td>ASTM A276 316<\/td>\r\n<\/tr>\r\n<tr>\r\n<td>6<\/td>\r\n<td>Dispositif antistatique<\/td>\r\n<td>SS316<\/td>\r\n<\/tr>\r\n<tr>\r\n<td>7<\/td>\r\n<td>Joint d'\u00e9tanch\u00e9it\u00e9<\/td>\r\n<td>Graphite + SS316<\/td>\r\n<\/tr>\r\n<tr>\r\n<td>8<\/td>\r\n<td>Boulon<\/td>\r\n<td>ASTM A193 B7<\/td>\r\n<\/tr>\r\n<tr>\r\n<td>9<\/td>\r\n<td>\u00c9crou<\/td>\r\n<td>ASTM A194 2H<\/td>\r\n<\/tr>\r\n<tr>\r\n<td>10<\/td>\r\n<td>Joint torique<\/td>\r\n<td>Viton A<\/td>\r\n<\/tr>\r\n<tr>\r\n<td>11<\/td>\r\n<td>Levier<\/td>\r\n<td>ASTM A216 WCB<\/td>\r\n<\/tr>\r\n<\/tbody>\r\n<\/table>\r\n<\/figure>\r\n\r\n\r\n\r\n<h2 class=\"wp-block-heading\">Fabricant chinois de robinets \u00e0 boisseau sph\u00e9rique<\/h2>\r\n\r\n\r\n\r\n<p>Les vannes \u00e0 bille sont des vannes quart de tour \u00e0 action rapide qui utilisent une bille rotative pour transf\u00e9rer le flux de fluide dans un syst\u00e8me. Gr\u00e2ce \u00e0 leurs caract\u00e9ristiques d'\u00e9tanch\u00e9it\u00e9, ils gagnent en importance dans de nombreuses industries. Ils sont utilis\u00e9s dans les secteurs du p\u00e9trole et du gaz, de la p\u00e9trochimie, de l'\u00e9nergie, des pipelines et dans pratiquement toutes les applications n\u00e9cessitant l'arr\u00eat d'un fluide.<\/p>\r\n\r\n\r\n\r\n<p>Les robinets \u00e0 boisseau sph\u00e9rique existent en diff\u00e9rents types et sont dot\u00e9s de diff\u00e9rents accessoires, ce qui peut \u00eatre difficile \u00e0 comprendre. En outre, alors que les robinets \u00e0 tournant sph\u00e9rique sont principalement utilis\u00e9s pour les applications de marche\/arr\u00eat, certains types sont devenus utiles pour les applications d'\u00e9tranglement. Tous ces \u00e9l\u00e9ments font qu'il est difficile de choisir le type de robinet \u00e0 boisseau sph\u00e9rique qui convient le mieux \u00e0 votre application.<\/p>\r\n\r\n\r\n\r\n<p>Les robinets \u00e0 tournant sph\u00e9rique \u00e9tant tr\u00e8s complexes, nous avons d\u00e9compos\u00e9 tous les \u00e9l\u00e9ments essentiels pour vous permettre de mieux comprendre ce type de robinet. Ce guide vous aidera \u00e0 d\u00e9terminer quel robinet \u00e0 boisseau sph\u00e9rique vous permettra d'obtenir les r\u00e9sultats souhait\u00e9s.<\/p>","protected":false},"excerpt":{"rendered":"<p>ZECO Valve est un fabricant et fournisseur de robinets \u00e0 tournant sph\u00e9rique industriels en Chine depuis 1991. En tant que fournisseur leader et professionnel de robinets \u00e0 tournant sph\u00e9rique en Chine\u2026 <a title=\"Robinet \u00e0 boisseau sph\u00e9rique de 8 pouces\" class=\"read-more\" href=\"https:\/\/zecovalve.com\/fr\/produit\/8-inch-ball-valve\" aria-label=\"Plus sur Robinet \u00e0 bille 8 pouces\">Lire plus<\/a><\/p>","protected":false},"featured_media":27860,"comment_status":"closed","ping_status":"closed","template":"","meta":{"_generate-full-width-content":"","kt_blocks_editor_width":""},"product_cat":[2047,2462],"product_tag":[3896,3913],"class_list":["post-16425","product","type-product","status-publish","has-post-thumbnail","hentry","product_cat-ball-valve","product_cat-ball-valve-by-size","product_tag-flanged-ball-valve","product_tag-full-port-ball-valve","sales-flash-overlay","woocommerce-text-align-center","woocommerce-image-align-center","do-quantity-buttons"],"featured_image_src_large":["https:\/\/zecovalve.com\/wp-content\/uploads\/2022\/06\/8-inch-Ball-Valve-1.jpg",800,600,false],"author_info":[],"comment_info":0,"taxonomy_info":{"product_cat":[{"value":2047,"label":"Ball Valve"},{"value":2462,"label":"Ball Valve By Size"}],"product_tag":[{"value":3896,"label":"Flanged Ball Valve"},{"value":3913,"label":"Full Port Ball Valve"}]},"yoast_head":"<!-- This site is optimized with the Yoast SEO Premium plugin v15.4 - https:\/\/yoast.com\/wordpress\/plugins\/seo\/ -->\n<title>8 Inch Ball Valve - China Ball Valve Manufacturer | ZECO Valve<\/title>\n<meta name=\"robots\" content=\"index, follow, max-snippet:-1, max-image-preview:large, max-video-preview:-1\" \/>\n<link rel=\"canonical\" href=\"https:\/\/zecovalve.com\/fr\/produit\/8-inch-ball-valve\" \/>\n<meta property=\"og:locale\" content=\"fr_FR\" \/>\n<meta property=\"og:type\" content=\"article\" \/>\n<meta property=\"og:title\" content=\"8 Inch Ball Valve - China Ball Valve Manufacturer | ZECO Valve\" \/>\n<meta property=\"og:description\" content=\"ZECO Valve is an industrial ball valve manufacturer &amp; supplier in China since 1991. As a leading &amp; professional China ball valve ... Lire plus\" \/>\n<meta property=\"og:url\" content=\"https:\/\/zecovalve.com\/fr\/produit\/8-inch-ball-valve\" \/>\n<meta property=\"og:site_name\" content=\"ZECO Valve\" \/>\n<meta property=\"article:modified_time\" content=\"2023-06-07T07:06:40+00:00\" \/>\n<meta property=\"og:image\" content=\"https:\/\/zecovalve.com\/wp-content\/uploads\/2022\/06\/8-inch-Ball-Valve-1.jpg\" \/>\n\t<meta property=\"og:image:width\" content=\"800\" \/>\n\t<meta property=\"og:image:height\" content=\"600\" \/>\n<meta name=\"twitter:card\" content=\"summary_large_image\" \/>\n<meta name=\"twitter:label1\" content=\"\u00c9crit par\">\n\t<meta name=\"twitter:data1\" content=\"Jerry\">\n\t<meta name=\"twitter:label2\" content=\"Dur\u00e9e de lecture estim\u00e9e\">\n\t<meta name=\"twitter:data2\" content=\"3 minutes\">\n<script type=\"application\/ld+json\" class=\"yoast-schema-graph\">{\"@context\":\"https:\/\/schema.org\",\"@graph\":[{\"@type\":\"WebSite\",\"@id\":\"https:\/\/zecovalve.com\/#website\",\"url\":\"https:\/\/zecovalve.com\/\",\"name\":\"ZECO Valve\",\"description\":\"Industrial Ball Valve, Gate Valve and Globe Valve Manufacturer\",\"potentialAction\":[{\"@type\":\"SearchAction\",\"target\":\"https:\/\/zecovalve.com\/?s={search_term_string}\",\"query-input\":\"required name=search_term_string\"}],\"inLanguage\":\"fr-FR\"},{\"@type\":\"ImageObject\",\"@id\":\"https:\/\/zecovalve.com\/product\/8-inch-ball-valve#primaryimage\",\"inLanguage\":\"fr-FR\",\"url\":\"https:\/\/zecovalve.com\/wp-content\/uploads\/2022\/06\/8-inch-Ball-Valve-1.jpg\",\"width\":800,\"height\":600,\"caption\":\"8 inch Ball Valve\"},{\"@type\":\"WebPage\",\"@id\":\"https:\/\/zecovalve.com\/product\/8-inch-ball-valve#webpage\",\"url\":\"https:\/\/zecovalve.com\/product\/8-inch-ball-valve\",\"name\":\"8 Inch Ball Valve - China Ball Valve Manufacturer | ZECO Valve\",\"isPartOf\":{\"@id\":\"https:\/\/zecovalve.com\/#website\"},\"primaryImageOfPage\":{\"@id\":\"https:\/\/zecovalve.com\/product\/8-inch-ball-valve#primaryimage\"},\"datePublished\":\"2022-06-21T05:08:05+00:00\",\"dateModified\":\"2023-06-07T07:06:40+00:00\",\"breadcrumb\":{\"@id\":\"https:\/\/zecovalve.com\/product\/8-inch-ball-valve#breadcrumb\"},\"inLanguage\":\"fr-FR\",\"potentialAction\":[{\"@type\":\"ReadAction\",\"target\":[\"https:\/\/zecovalve.com\/product\/8-inch-ball-valve\"]}]},{\"@type\":\"BreadcrumbList\",\"@id\":\"https:\/\/zecovalve.com\/product\/8-inch-ball-valve#breadcrumb\",\"itemListElement\":[{\"@type\":\"ListItem\",\"position\":1,\"item\":{\"@type\":\"WebPage\",\"@id\":\"https:\/\/zecovalve.com\/\",\"url\":\"https:\/\/zecovalve.com\/\",\"name\":\"Home\"}},{\"@type\":\"ListItem\",\"position\":2,\"item\":{\"@type\":\"WebPage\",\"@id\":\"https:\/\/zecovalve.com\/product-category\",\"url\":\"https:\/\/zecovalve.com\/product-category\",\"name\":\"Industrial Valve Manufacturer | Water Valve Manufacturer\"}},{\"@type\":\"ListItem\",\"position\":3,\"item\":{\"@type\":\"WebPage\",\"@id\":\"https:\/\/zecovalve.com\/product\/8-inch-ball-valve\",\"url\":\"https:\/\/zecovalve.com\/product\/8-inch-ball-valve\",\"name\":\"8 inch Ball Valve\"}}]}]}<\/script>\n<!-- \/ Yoast SEO Premium plugin. -->","_links":{"self":[{"href":"https:\/\/zecovalve.com\/fr\/wp-json\/wp\/v2\/product\/16425","targetHints":{"allow":["GET"]}}],"collection":[{"href":"https:\/\/zecovalve.com\/fr\/wp-json\/wp\/v2\/product"}],"about":[{"href":"https:\/\/zecovalve.com\/fr\/wp-json\/wp\/v2\/types\/product"}],"replies":[{"embeddable":true,"href":"https:\/\/zecovalve.com\/fr\/wp-json\/wp\/v2\/comments?post=16425"}],"wp:featuredmedia":[{"embeddable":true,"href":"https:\/\/zecovalve.com\/fr\/wp-json\/wp\/v2\/media\/27860"}],"wp:attachment":[{"href":"https:\/\/zecovalve.com\/fr\/wp-json\/wp\/v2\/media?parent=16425"}],"wp:term":[{"taxonomy":"product_cat","embeddable":true,"href":"https:\/\/zecovalve.com\/fr\/wp-json\/wp\/v2\/product_cat?post=16425"},{"taxonomy":"product_tag","embeddable":true,"href":"https:\/\/zecovalve.com\/fr\/wp-json\/wp\/v2\/product_tag?post=16425"}],"curies":[{"name":"wp","href":"https:\/\/api.w.org\/{rel}","templated":true}]}}