{"id":16435,"date":"2022-06-21T05:19:51","date_gmt":"2022-06-21T05:19:51","guid":{"rendered":"https:\/\/zecovalve.com\/?post_type=product&#038;p=16435"},"modified":"2023-06-07T07:07:00","modified_gmt":"2023-06-07T07:07:00","slug":"3-inch-ball-valve","status":"publish","type":"product","link":"https:\/\/zecovalve.com\/fr\/produit\/3-inch-ball-valve","title":{"rendered":"Robinet \u00e0 boisseau sph\u00e9rique de 3 pouces"},"content":{"rendered":"<figure class=\"wp-block-image size-full is-resized\"><img loading=\"lazy\" decoding=\"async\" class=\"wp-image-17530\" src=\"https:\/\/zecovalve.com\/wp-content\/uploads\/2022\/06\/FL-1-104452.jpg\" alt=\"Robinet \u00e0 boisseau sph\u00e9rique flottant en acier moul\u00e9\" width=\"400\" height=\"300\" srcset=\"https:\/\/zecovalve.com\/wp-content\/uploads\/2022\/06\/FL-1-104452.jpg 800w, https:\/\/zecovalve.com\/wp-content\/uploads\/2022\/06\/FL-1-104452-300x225.jpg 300w, https:\/\/zecovalve.com\/wp-content\/uploads\/2022\/06\/FL-1-104452-768x576.jpg 768w, https:\/\/zecovalve.com\/wp-content\/uploads\/2022\/06\/FL-1-104452-600x450.jpg 600w\" sizes=\"auto, (max-width: 400px) 100vw, 400px\" \/><\/figure>\r\n\r\n\r\n<div class=\"gb-button-wrapper gb-button-wrapper-6d8495a3\">\r\n\r\n\r\n<p><a class=\"gb-button gb-button-3d442e11 gb-button-text\" href=\"https:\/\/zecovalve.com\/fr\/contact\/\" target=\"_blank\" rel=\"noopener noreferrer\"><strong>OBTENEZ LE PRIX DU VANNE \u00c0 BOULE DE 3 POUCES<\/strong><\/a><\/p>\r\n<\/div>\r\n\r\n\r\n<h2 class=\"wp-block-heading\" id=\"h-what-is-a-3-inch-ball-valve\">Qu&#039;est-ce qu&#039;un robinet \u00e0 tournant sph\u00e9rique de 3 pouces\u00a0?<\/h2>\r\n\r\n\r\n\r\n<p>Le robinet \u00e0 tournant sph\u00e9rique ZECO de 3 pouces est g\u00e9n\u00e9ralement un robinet \u00e0 tournant sph\u00e9rique flottant, le mat\u00e9riau peut \u00e9galement \u00eatre divis\u00e9 en deux types de moulage et de forgeage.<\/p>\r\n\r\n\r\n\r\n<p>Vannes \u00e0 bille en acier inoxydable 2 pi\u00e8ces de 3 pouces avec joints et si\u00e8ges en PTFE. Les robinets \u00e0 tournant sph\u00e9rique en acier inoxydable de 3 pouces avec si\u00e8ges et joints en PTFE (t\u00e9flon) offrent une excellente r\u00e9sistance \u00e0 la corrosion pour la plupart des applications. L&#039;acier inoxydable et le PTFE fonctionnent bien dans les applications comprenant, sans s&#039;y limiter, l&#039;eau, le p\u00e9trole, le gaz\/air, les alcalis et acides l\u00e9gers, le biodiesel, les carburants et les alcools. Ces robinets \u00e0 bille sont \u00e9quip\u00e9s de joints \u00e9tanches pour garantir l&#039;absence de fuite et une \u00e9tanch\u00e9it\u00e9 durable apr\u00e8s de nombreuses ann\u00e9es d&#039;utilisation fr\u00e9quente.<\/p>\r\n\r\n\r\n\r\n<h2 class=\"wp-block-heading\">Dimensions et poids du robinet \u00e0 bille 3\u2033<\/h2>\r\n\r\n\r\n\r\n<table border=\"=1\" width=\"800\">\r\n<tbody>\r\n<tr>\r\n<td rowspan=\"2\">Pression nominale<\/td>\r\n<td style=\"text-align: center;\">Al\u00e9sage<\/td>\r\n<td style=\"text-align: center;\" colspan=\"3\">\u00a0Dimension face \u00e0 face (en mm)<\/td>\r\n<td style=\"text-align: center;\">Poids<\/td>\r\n<\/tr>\r\n<tr>\r\n<td style=\"text-align: center;\">(en mm)<\/td>\r\n<td style=\"text-align: center;\">RF<\/td>\r\n<td style=\"text-align: center;\">BW<\/td>\r\n<td style=\"text-align: center;\">RTJ<\/td>\r\n<td style=\"text-align: center;\">kg<\/td>\r\n<\/tr>\r\n<tr>\r\n<td>CLASSE 150<\/td>\r\n<td style=\"text-align: center;\">74<\/td>\r\n<td style=\"text-align: center;\">203<\/td>\r\n<td style=\"text-align: center;\">283<\/td>\r\n<td style=\"text-align: center;\">216<\/td>\r\n<td style=\"text-align: center;\">19<\/td>\r\n<\/tr>\r\n<tr>\r\n<td>CLASSE 300<\/td>\r\n<td style=\"text-align: center;\">74<\/td>\r\n<td style=\"text-align: center;\">283<\/td>\r\n<td style=\"text-align: center;\">283<\/td>\r\n<td style=\"text-align: center;\">298<\/td>\r\n<td style=\"text-align: center;\">25<\/td>\r\n<\/tr>\r\n<tr>\r\n<td>CLASSE 600<\/td>\r\n<td style=\"text-align: center;\">74<\/td>\r\n<td style=\"text-align: center;\">356<\/td>\r\n<td style=\"text-align: center;\">356<\/td>\r\n<td style=\"text-align: center;\">359<\/td>\r\n<td style=\"text-align: center;\">48<\/td>\r\n<\/tr>\r\n<tr>\r\n<td>CLASSE 900<\/td>\r\n<td style=\"text-align: center;\">74<\/td>\r\n<td style=\"text-align: center;\">381<\/td>\r\n<td style=\"text-align: center;\">381<\/td>\r\n<td style=\"text-align: center;\">384<\/td>\r\n<td style=\"text-align: center;\">70<\/td>\r\n<\/tr>\r\n<tr>\r\n<td>CLASSE 1500<\/td>\r\n<td style=\"text-align: center;\">74<\/td>\r\n<td style=\"text-align: center;\">470<\/td>\r\n<td style=\"text-align: center;\">470<\/td>\r\n<td style=\"text-align: center;\">473<\/td>\r\n<td style=\"text-align: center;\">82<\/td>\r\n<\/tr>\r\n<tr>\r\n<td>CLASSE 2500<\/td>\r\n<td style=\"text-align: center;\">62<\/td>\r\n<td style=\"text-align: center;\">578<\/td>\r\n<td style=\"text-align: center;\">578<\/td>\r\n<td style=\"text-align: center;\">584<\/td>\r\n<td style=\"text-align: center;\">117<\/td>\r\n<\/tr>\r\n<\/tbody>\r\n<\/table>\r\n\r\n\r\n\r\n<h2 class=\"wp-block-heading\">Caract\u00e9ristiques du robinet \u00e0 tournant sph\u00e9rique de 3 pouces\u00a0:<\/h2>\r\n\r\n\r\n\r\n<ul class=\"wp-block-list\">\r\n<li>La rugosit\u00e9 de la surface de la tige est strictement limit\u00e9e entre Ra0,4 et Ra0,8, ce qui garantit l&#039;entr\u00e9e de la poudre de graphite dans les minuscules rayures de la tige pour fonctionner comme un lubrificateur, minimisant ainsi les fuites autour de la tige. La rugosit\u00e9 maximale du presse-\u00e9toupe est RA3.2, ce qui est une valeur appropri\u00e9e pour maintenir la bague de garniture en place et entra\u00eener de meilleures performances d&#039;\u00e9tanch\u00e9it\u00e9\u00a0;<\/li>\r\n<li>La garniture est une combinaison de couches parall\u00e8les et verticales constitu\u00e9es d&#039;un anneau de graphite moul\u00e9 sous pression trait\u00e9 par du graphite flexible, caract\u00e9risant la r\u00e9sistance \u00e0 la chaleur, moins de relaxation des contraintes et un faible fluage. La structure sp\u00e9ciale signifie un faible frottement sur la tige rotative, offrant une capacit\u00e9 d&#039;\u00e9tanch\u00e9it\u00e9 stabilis\u00e9e \u00e0 la vanne pendant une longue p\u00e9riode en cas de fonctionnement fr\u00e9quent\u00a0;<\/li>\r\n<li>Le joint \u00e0 l\u00e8vres est un joint aliment\u00e9 par ressort, comprenant un ressort Elgiloy ou Inconel et une gaine PTFE. il est efficace dans un large \u00e9ventail d&#039;applications, telles que les milieux chimiques hautement corrosifs, les gaz fortement corrosifs, les basses temp\u00e9ratures ou les services cryog\u00e9niques\u00a0;<\/li>\r\n<li>ZECO contr\u00f4le strictement la qualit\u00e9 des produits en vrac, avec l&#039;inspection 100%.<\/li>\r\n<\/ul>\r\n\r\n\r\n\r\n<h2 class=\"wp-block-heading\">Comment choisir un robinet \u00e0 tournant sph\u00e9rique de 3 pouces\u00a0?<\/h2>\r\n\r\n\r\n\r\n<p>Afin de choisir le bon robinet \u00e0 tournant sph\u00e9rique, l&#039;identification du niveau de pression est \u00e9galement imp\u00e9rative car elle aidera \u00e0 s\u00e9lectionner la vanne sp\u00e9cialis\u00e9e avec le mat\u00e9riau impliqu\u00e9. Id\u00e9alement, les robinets \u00e0 tournant sph\u00e9rique sont disponibles en acier inoxydable, en c\u00e9ramique et m\u00eame en bronze pour accentuer diff\u00e9rents types de d\u00e9bit de liquide.<\/p>\r\n\r\n\r\n\r\n<h2 class=\"wp-block-heading\">Mat\u00e9riau du robinet \u00e0 tournant sph\u00e9rique de 3 pouces\u00a0:<\/h2>\r\n\r\n\r\n\r\n<figure class=\"wp-block-table\">\r\n<table>\r\n<tbody>\r\n<tr>\r\n<td>Non<\/td>\r\n<td>Partie<\/td>\r\n<td>Mat\u00e9riau<\/td>\r\n<\/tr>\r\n<tr>\r\n<td>1<\/td>\r\n<td>Corps<\/td>\r\n<td>ASTM A182 F304<\/td>\r\n<\/tr>\r\n<tr>\r\n<td>2<\/td>\r\n<td>Bonnet<\/td>\r\n<td>ASTM A182 F304<\/td>\r\n<\/tr>\r\n<tr>\r\n<td>3<\/td>\r\n<td>Boule<\/td>\r\n<td>ASTM A182 F316<\/td>\r\n<\/tr>\r\n<tr>\r\n<td>4<\/td>\r\n<td>Si\u00e8ge<\/td>\r\n<td>ASTM A182 F316<\/td>\r\n<\/tr>\r\n<tr>\r\n<td>5<\/td>\r\n<td>Tige<\/td>\r\n<td>ASTM A276 316<\/td>\r\n<\/tr>\r\n<tr>\r\n<td>6<\/td>\r\n<td>Dispositif antistatique<\/td>\r\n<td>SS316<\/td>\r\n<\/tr>\r\n<tr>\r\n<td>7<\/td>\r\n<td>Joint d'\u00e9tanch\u00e9it\u00e9<\/td>\r\n<td>Graphite + SS316<\/td>\r\n<\/tr>\r\n<tr>\r\n<td>8<\/td>\r\n<td>Boulon<\/td>\r\n<td>ASTM A193 B8<\/td>\r\n<\/tr>\r\n<tr>\r\n<td>9<\/td>\r\n<td>\u00c9crou<\/td>\r\n<td>ASTM A194 8<\/td>\r\n<\/tr>\r\n<tr>\r\n<td>10<\/td>\r\n<td>Joint torique<\/td>\r\n<td>Viton A<\/td>\r\n<\/tr>\r\n<tr>\r\n<td>11<\/td>\r\n<td>Levier<\/td>\r\n<td>ASTM A216 WCB<\/td>\r\n<\/tr>\r\n<\/tbody>\r\n<\/table>\r\n<\/figure>","protected":false},"excerpt":{"rendered":"<p>Qu&#039;est-ce qu&#039;un robinet \u00e0 tournant sph\u00e9rique de 3 pouces\u00a0? Le robinet \u00e0 tournant sph\u00e9rique ZECO 3 pouces est g\u00e9n\u00e9ralement un robinet \u00e0 tournant sph\u00e9rique flottant, le mat\u00e9riau peut \u00e9galement \u00eatre divis\u00e9\u2026 <a title=\"Robinet \u00e0 boisseau sph\u00e9rique de 3 pouces\" class=\"read-more\" href=\"https:\/\/zecovalve.com\/fr\/produit\/3-inch-ball-valve\" aria-label=\"Plus sur Robinet \u00e0 bille 3 pouces\">Lire plus<\/a><\/p>","protected":false},"featured_media":27861,"comment_status":"closed","ping_status":"closed","template":"","meta":{"_generate-full-width-content":"","kt_blocks_editor_width":""},"product_cat":[2047,2462],"product_tag":[3896,3914],"class_list":["post-16435","product","type-product","status-publish","has-post-thumbnail","hentry","product_cat-ball-valve","product_cat-ball-valve-by-size","product_tag-flanged-ball-valve","product_tag-reduced-bore-ball-valve","sales-flash-overlay","woocommerce-text-align-center","woocommerce-image-align-center","do-quantity-buttons"],"featured_image_src_large":["https:\/\/zecovalve.com\/wp-content\/uploads\/2022\/06\/3-inch-Ball-Valve-1.jpg",800,600,false],"author_info":[],"comment_info":0,"taxonomy_info":{"product_cat":[{"value":2047,"label":"Ball Valve"},{"value":2462,"label":"Ball Valve By Size"}],"product_tag":[{"value":3896,"label":"Flanged Ball Valve"},{"value":3914,"label":"Reduced Bore Ball Valve"}]},"yoast_head":"<!-- This site is optimized with the Yoast SEO Premium plugin v15.4 - https:\/\/yoast.com\/wordpress\/plugins\/seo\/ -->\n<title>3 Inch Ball Valve - 3 Ball Valve Price | ZECO Valve<\/title>\n<meta name=\"robots\" content=\"index, follow, max-snippet:-1, max-image-preview:large, max-video-preview:-1\" \/>\n<link rel=\"canonical\" href=\"https:\/\/zecovalve.com\/fr\/produit\/3-inch-ball-valve\" \/>\n<meta property=\"og:locale\" content=\"fr_FR\" \/>\n<meta property=\"og:type\" content=\"article\" \/>\n<meta property=\"og:title\" content=\"3 Inch Ball Valve - 3 Ball Valve Price | ZECO Valve\" \/>\n<meta property=\"og:description\" content=\"What is a 3 inch Ball Valve? ZECO\u00a03 inch ball valve\u00a0is usually a floating ball valve, the material can also be divided ... Lire plus\" \/>\n<meta property=\"og:url\" content=\"https:\/\/zecovalve.com\/fr\/produit\/3-inch-ball-valve\" \/>\n<meta property=\"og:site_name\" content=\"ZECO Valve\" \/>\n<meta property=\"article:modified_time\" content=\"2023-06-07T07:07:00+00:00\" \/>\n<meta property=\"og:image\" content=\"https:\/\/zecovalve.com\/wp-content\/uploads\/2022\/06\/3-inch-Ball-Valve-1.jpg\" \/>\n\t<meta property=\"og:image:width\" content=\"800\" \/>\n\t<meta property=\"og:image:height\" content=\"600\" \/>\n<meta name=\"twitter:card\" content=\"summary_large_image\" \/>\n<meta name=\"twitter:label1\" content=\"\u00c9crit par\">\n\t<meta name=\"twitter:data1\" content=\"Jerry\">\n\t<meta name=\"twitter:label2\" content=\"Dur\u00e9e de lecture estim\u00e9e\">\n\t<meta name=\"twitter:data2\" content=\"2 minutes\">\n<script type=\"application\/ld+json\" class=\"yoast-schema-graph\">{\"@context\":\"https:\/\/schema.org\",\"@graph\":[{\"@type\":\"WebSite\",\"@id\":\"https:\/\/zecovalve.com\/#website\",\"url\":\"https:\/\/zecovalve.com\/\",\"name\":\"ZECO Valve\",\"description\":\"Industrial Ball Valve, Gate Valve and Globe Valve Manufacturer\",\"potentialAction\":[{\"@type\":\"SearchAction\",\"target\":\"https:\/\/zecovalve.com\/?s={search_term_string}\",\"query-input\":\"required name=search_term_string\"}],\"inLanguage\":\"fr-FR\"},{\"@type\":\"ImageObject\",\"@id\":\"https:\/\/zecovalve.com\/product\/3-inch-ball-valve#primaryimage\",\"inLanguage\":\"fr-FR\",\"url\":\"https:\/\/zecovalve.com\/wp-content\/uploads\/2022\/06\/3-inch-Ball-Valve-1.jpg\",\"width\":800,\"height\":600,\"caption\":\"3 inch Ball Valve\"},{\"@type\":\"WebPage\",\"@id\":\"https:\/\/zecovalve.com\/product\/3-inch-ball-valve#webpage\",\"url\":\"https:\/\/zecovalve.com\/product\/3-inch-ball-valve\",\"name\":\"3 Inch Ball Valve - 3 Ball Valve Price | ZECO Valve\",\"isPartOf\":{\"@id\":\"https:\/\/zecovalve.com\/#website\"},\"primaryImageOfPage\":{\"@id\":\"https:\/\/zecovalve.com\/product\/3-inch-ball-valve#primaryimage\"},\"datePublished\":\"2022-06-21T05:19:51+00:00\",\"dateModified\":\"2023-06-07T07:07:00+00:00\",\"breadcrumb\":{\"@id\":\"https:\/\/zecovalve.com\/product\/3-inch-ball-valve#breadcrumb\"},\"inLanguage\":\"fr-FR\",\"potentialAction\":[{\"@type\":\"ReadAction\",\"target\":[\"https:\/\/zecovalve.com\/product\/3-inch-ball-valve\"]}]},{\"@type\":\"BreadcrumbList\",\"@id\":\"https:\/\/zecovalve.com\/product\/3-inch-ball-valve#breadcrumb\",\"itemListElement\":[{\"@type\":\"ListItem\",\"position\":1,\"item\":{\"@type\":\"WebPage\",\"@id\":\"https:\/\/zecovalve.com\/\",\"url\":\"https:\/\/zecovalve.com\/\",\"name\":\"Home\"}},{\"@type\":\"ListItem\",\"position\":2,\"item\":{\"@type\":\"WebPage\",\"@id\":\"https:\/\/zecovalve.com\/product-category\",\"url\":\"https:\/\/zecovalve.com\/product-category\",\"name\":\"Industrial Valve Manufacturer | Water Valve Manufacturer\"}},{\"@type\":\"ListItem\",\"position\":3,\"item\":{\"@type\":\"WebPage\",\"@id\":\"https:\/\/zecovalve.com\/product\/3-inch-ball-valve\",\"url\":\"https:\/\/zecovalve.com\/product\/3-inch-ball-valve\",\"name\":\"3 inch Ball Valve\"}}]}]}<\/script>\n<!-- \/ Yoast SEO Premium plugin. -->","_links":{"self":[{"href":"https:\/\/zecovalve.com\/fr\/wp-json\/wp\/v2\/product\/16435","targetHints":{"allow":["GET"]}}],"collection":[{"href":"https:\/\/zecovalve.com\/fr\/wp-json\/wp\/v2\/product"}],"about":[{"href":"https:\/\/zecovalve.com\/fr\/wp-json\/wp\/v2\/types\/product"}],"replies":[{"embeddable":true,"href":"https:\/\/zecovalve.com\/fr\/wp-json\/wp\/v2\/comments?post=16435"}],"wp:featuredmedia":[{"embeddable":true,"href":"https:\/\/zecovalve.com\/fr\/wp-json\/wp\/v2\/media\/27861"}],"wp:attachment":[{"href":"https:\/\/zecovalve.com\/fr\/wp-json\/wp\/v2\/media?parent=16435"}],"wp:term":[{"taxonomy":"product_cat","embeddable":true,"href":"https:\/\/zecovalve.com\/fr\/wp-json\/wp\/v2\/product_cat?post=16435"},{"taxonomy":"product_tag","embeddable":true,"href":"https:\/\/zecovalve.com\/fr\/wp-json\/wp\/v2\/product_tag?post=16435"}],"curies":[{"name":"wp","href":"https:\/\/api.w.org\/{rel}","templated":true}]}}