{"id":16468,"date":"2022-06-21T06:25:05","date_gmt":"2022-06-21T06:25:05","guid":{"rendered":"https:\/\/zecovalve.com\/?post_type=product&#038;p=16468"},"modified":"2023-06-07T07:07:23","modified_gmt":"2023-06-07T07:07:23","slug":"3pc-ball-valve","status":"publish","type":"product","link":"https:\/\/zecovalve.com\/fr\/produit\/3pc-ball-valve","title":{"rendered":"Robinet \u00e0 boisseau sph\u00e9rique en acier inoxydable 3 pi\u00e8ces"},"content":{"rendered":"<p>Le robinet \u00e0 boisseau sph\u00e9rique 3 pi\u00e8ces est con\u00e7u pour \u00eatre d\u00e9mont\u00e9 afin de faciliter le nettoyage.<\/p>\r\n\r\n\r\n\r\n<div class=\"wp-block-columns is-layout-flex wp-container-core-columns-is-layout-9d6595d7 wp-block-columns-is-layout-flex\">\r\n<div class=\"wp-block-column is-layout-flow wp-block-column-is-layout-flow\">\r\n<figure class=\"wp-block-image size-large is-resized\"><img loading=\"lazy\" decoding=\"async\" class=\"wp-image-19545\" src=\"https:\/\/zecovalve.com\/wp-content\/uploads\/2022\/07\/3-piece-stainless-steel-ball-valve-1-1024x1024.jpg\" alt=\"\" width=\"512\" height=\"512\" srcset=\"https:\/\/zecovalve.com\/wp-content\/uploads\/2022\/07\/3-piece-stainless-steel-ball-valve-1-1024x1024.jpg 1024w, https:\/\/zecovalve.com\/wp-content\/uploads\/2022\/07\/3-piece-stainless-steel-ball-valve-1-300x300.jpg 300w, https:\/\/zecovalve.com\/wp-content\/uploads\/2022\/07\/3-piece-stainless-steel-ball-valve-1-150x150.jpg 150w, https:\/\/zecovalve.com\/wp-content\/uploads\/2022\/07\/3-piece-stainless-steel-ball-valve-1-768x768.jpg 768w, https:\/\/zecovalve.com\/wp-content\/uploads\/2022\/07\/3-piece-stainless-steel-ball-valve-1-1536x1536.jpg 1536w, https:\/\/zecovalve.com\/wp-content\/uploads\/2022\/07\/3-piece-stainless-steel-ball-valve-1-2048x2048.jpg 2048w, https:\/\/zecovalve.com\/wp-content\/uploads\/2022\/07\/3-piece-stainless-steel-ball-valve-1-400x400.jpg 400w, https:\/\/zecovalve.com\/wp-content\/uploads\/2022\/07\/3-piece-stainless-steel-ball-valve-1-600x600.jpg 600w, https:\/\/zecovalve.com\/wp-content\/uploads\/2022\/07\/3-piece-stainless-steel-ball-valve-1-100x100.jpg 100w\" sizes=\"auto, (max-width: 512px) 100vw, 512px\" \/><\/figure>\r\n<\/div>\r\n\r\n\r\n\r\n<div class=\"wp-block-column is-layout-flow wp-block-column-is-layout-flow\">\r\n<figure class=\"wp-block-image size-large is-resized\"><img loading=\"lazy\" decoding=\"async\" class=\"wp-image-19547\" src=\"https:\/\/zecovalve.com\/wp-content\/uploads\/2022\/07\/3-piece-stainless-steel-ball-valve-2-1024x1024.jpg\" alt=\"\" width=\"512\" height=\"512\" srcset=\"https:\/\/zecovalve.com\/wp-content\/uploads\/2022\/07\/3-piece-stainless-steel-ball-valve-2-1024x1024.jpg 1024w, https:\/\/zecovalve.com\/wp-content\/uploads\/2022\/07\/3-piece-stainless-steel-ball-valve-2-300x300.jpg 300w, https:\/\/zecovalve.com\/wp-content\/uploads\/2022\/07\/3-piece-stainless-steel-ball-valve-2-150x150.jpg 150w, https:\/\/zecovalve.com\/wp-content\/uploads\/2022\/07\/3-piece-stainless-steel-ball-valve-2-768x768.jpg 768w, https:\/\/zecovalve.com\/wp-content\/uploads\/2022\/07\/3-piece-stainless-steel-ball-valve-2-1536x1536.jpg 1536w, https:\/\/zecovalve.com\/wp-content\/uploads\/2022\/07\/3-piece-stainless-steel-ball-valve-2-2048x2048.jpg 2048w, https:\/\/zecovalve.com\/wp-content\/uploads\/2022\/07\/3-piece-stainless-steel-ball-valve-2-400x400.jpg 400w, https:\/\/zecovalve.com\/wp-content\/uploads\/2022\/07\/3-piece-stainless-steel-ball-valve-2-600x600.jpg 600w, https:\/\/zecovalve.com\/wp-content\/uploads\/2022\/07\/3-piece-stainless-steel-ball-valve-2-100x100.jpg 100w\" sizes=\"auto, (max-width: 512px) 100vw, 512px\" \/><\/figure>\r\n<\/div>\r\n\r\n\r\n\r\n<div class=\"wp-block-column is-layout-flow wp-block-column-is-layout-flow\">\r\n<figure class=\"wp-block-image size-large is-resized\"><img loading=\"lazy\" decoding=\"async\" class=\"wp-image-19546\" src=\"https:\/\/zecovalve.com\/wp-content\/uploads\/2022\/07\/3-piece-stainless-steel-ball-valve-3-1024x1024.jpg\" alt=\"\" width=\"512\" height=\"512\" srcset=\"https:\/\/zecovalve.com\/wp-content\/uploads\/2022\/07\/3-piece-stainless-steel-ball-valve-3-1024x1024.jpg 1024w, https:\/\/zecovalve.com\/wp-content\/uploads\/2022\/07\/3-piece-stainless-steel-ball-valve-3-300x300.jpg 300w, https:\/\/zecovalve.com\/wp-content\/uploads\/2022\/07\/3-piece-stainless-steel-ball-valve-3-150x150.jpg 150w, https:\/\/zecovalve.com\/wp-content\/uploads\/2022\/07\/3-piece-stainless-steel-ball-valve-3-768x768.jpg 768w, https:\/\/zecovalve.com\/wp-content\/uploads\/2022\/07\/3-piece-stainless-steel-ball-valve-3-1536x1536.jpg 1536w, https:\/\/zecovalve.com\/wp-content\/uploads\/2022\/07\/3-piece-stainless-steel-ball-valve-3-2048x2048.jpg 2048w, https:\/\/zecovalve.com\/wp-content\/uploads\/2022\/07\/3-piece-stainless-steel-ball-valve-3-400x400.jpg 400w, https:\/\/zecovalve.com\/wp-content\/uploads\/2022\/07\/3-piece-stainless-steel-ball-valve-3-600x600.jpg 600w, https:\/\/zecovalve.com\/wp-content\/uploads\/2022\/07\/3-piece-stainless-steel-ball-valve-3-100x100.jpg 100w\" sizes=\"auto, (max-width: 512px) 100vw, 512px\" \/><\/figure>\r\n<\/div>\r\n<\/div>\r\n\r\n\r\n<div class=\"gb-button-wrapper gb-button-wrapper-6d8495a3\">\r\n\r\n\r\n<p><a class=\"gb-button gb-button-3d442e11 gb-button-text\" href=\"https:\/\/zecovalve.com\/fr\/contact\/\" target=\"_blank\" rel=\"noopener noreferrer\"><strong>OBTENIR LE PRIX DE LA VANNE<\/strong><\/a><\/p>\r\n<\/div>\r\n\r\n\r\n\r\n\r\n<h2 class=\"wp-block-heading\" id=\"h-what-is-a-3-piece-stainless-steel-ball-valve\">Qu'est-ce qu'un robinet \u00e0 boisseau sph\u00e9rique 3 pi\u00e8ces ?<\/h2>\r\n\r\n\r\n\r\n<p>Le robinet \u00e0 boisseau sph\u00e9rique en acier inoxydable 3 pi\u00e8ces de ZECO est g\u00e9n\u00e9ralement un robinet \u00e0 boisseau sph\u00e9rique \u00e0 tourillon et un robinet \u00e0 boisseau sph\u00e9rique flottant.<\/p>\r\n\r\n\r\n\r\n<p>Le robinet \u00e0 boisseau sph\u00e9rique 3 pi\u00e8ces n'a besoin que de tourner le boisseau de 90 degr\u00e9s par l'interm\u00e9diaire de l'engrenage ou de la poign\u00e9e pour arr\u00eater l'\u00e9coulement du fluide dans la canalisation. La chambre du corps de la bille, comme le robinet-vanne, est presque aussi proche d'une r\u00e9sistance \u00e0 l'\u00e9coulement nulle qu'une section de tuyau lorsqu'elle est compl\u00e8tement ouverte, ce qui \u00e9quivaut \u00e0 une ligne droite. Mais comme le robinet \u00e0 boisseau sph\u00e9rique en trois parties peut \u00eatre sp\u00e9cialement con\u00e7u pour des conditions particuli\u00e8res, le robinet \u00e0 boisseau sph\u00e9rique passe lentement d'une vanne tronqu\u00e9e \u00e0 une vanne capable d'\u00e9trangler et de contr\u00f4ler le d\u00e9bit.<\/p>\r\n\r\n\r\n\r\n<h2 class=\"wp-block-heading\">Applications des robinets \u00e0 tournant sph\u00e9rique en acier inoxydable 3 pi\u00e8ces<\/h2>\r\n\r\n\r\n\r\n<p>Le robinet \u00e0 boisseau sph\u00e9rique en acier inoxydable 3 pi\u00e8ces de ZECO est largement utilis\u00e9 dans l'industrie p\u00e9troli\u00e8re, chimique et du gaz naturel et r\u00e9pond aux exigences de la norme de conception API 6D...<\/p>\r\n\r\n\r\n\r\n<h2 class=\"wp-block-heading\" id=\"h-features-of-3-piece-stainless-steel-ball-valve\">Caract\u00e9ristiques des robinets \u00e0 boisseau sph\u00e9rique en acier inoxydable 3 pi\u00e8ces :<\/h2>\r\n\r\n\r\n\r\n<ul class=\"wp-block-list\">\r\n<li>Lors de l'utilisation d'une vanne, le frottement entre la bille et la surface d'\u00e9tanch\u00e9it\u00e9 g\u00e9n\u00e8re des charges statiques qui s'accumulent sur la bille. Afin d'\u00e9viter les \u00e9tincelles d'\u00e9lectricit\u00e9 statique, un dispositif antistatique est con\u00e7u sur la vanne pour \u00e9vacuer les charges statiques ;<\/li>\r\n<li>Selon les exigences du client ou les exigences du syst\u00e8me de travail, le corps est \u00e9quip\u00e9 d'une soupape de d\u00e9charge. Une fois que les deux c\u00f4t\u00e9s du robinet \u00e0 boisseau sph\u00e9rique en acier inoxydable 3 pi\u00e8ces ZECO sont bloqu\u00e9s et que la pression est ajout\u00e9e, les r\u00e9sidus \u00e0 l'int\u00e9rieur de la cavit\u00e9 sont \u00e9vacu\u00e9s ;<\/li>\r\n<li>Lorsqu'une pression anormalement \u00e9lev\u00e9e appara\u00eet dans la cavit\u00e9, la structure d'\u00e9tanch\u00e9it\u00e9 unique du robinet \u00e0 boisseau sph\u00e9rique en acier inoxydable 3 pi\u00e8ces ZECO a une fonction d'auto-lib\u00e9ration de la pression ; L'\u00e9paisseur de la paroi d'un robinet est con\u00e7ue plus \u00e9paisse pour les applications corrosives. La tige, le tourillon, le si\u00e8ge du corps et le couvercle inf\u00e9rieur sont plaqu\u00e9s conform\u00e9ment aux normes ASTM B733 et ASTM B656 ;<\/li>\r\n<li>L'op\u00e9ration manuelle pour la position d'ouverture\/fermeture compl\u00e8te est con\u00e7ue avec un dispositif de verrouillage, ce qui permet d'\u00e9viter les mauvaises op\u00e9rations et les vibrations impr\u00e9vues de la ligne pour ouvrir\/fermer le robinet \u00e0 boisseau sph\u00e9rique en acier inoxydable 3 pi\u00e8ces ZECO.<\/li>\r\n<\/ul>\r\n\r\n\r\n\r\n<h2 class=\"wp-block-heading\" id=\"h-material-of-3-piece-stainless-steel-ball-valve\">Mat\u00e9riau des robinets \u00e0 boisseau sph\u00e9rique en acier inoxydable 3 pi\u00e8ces :<\/h2>\r\n\r\n\r\n\r\n<figure class=\"wp-block-table\">\r\n<table>\r\n<tbody>\r\n<tr>\r\n<td>Non<\/td>\r\n<td>Partie<\/td>\r\n<td>Mat\u00e9riau<\/td>\r\n<\/tr>\r\n<tr>\r\n<td>1<\/td>\r\n<td>Corps<\/td>\r\n<td>ASTM A351 CF8M<\/td>\r\n<\/tr>\r\n<tr>\r\n<td>2<\/td>\r\n<td>Bonnet<\/td>\r\n<td>ASTM A351 CF8M<\/td>\r\n<\/tr>\r\n<tr>\r\n<td>3<\/td>\r\n<td>Boulon du chapeau<\/td>\r\n<td>ASTM A193 B8M<\/td>\r\n<\/tr>\r\n<tr>\r\n<td>4<\/td>\r\n<td>\u00c9crou \u00e0 chapeau<\/td>\r\n<td>ASTM A194 8M<\/td>\r\n<\/tr>\r\n<tr>\r\n<td>5<\/td>\r\n<td>Joint de chapeau<\/td>\r\n<td>Graphite +SS316<\/td>\r\n<\/tr>\r\n<tr>\r\n<td>6<\/td>\r\n<td>Anneau de si\u00e8ge<\/td>\r\n<td>DEVELON<\/td>\r\n<\/tr>\r\n<tr>\r\n<td>7<\/td>\r\n<td>Boule<\/td>\r\n<td>ASTM A182 F316<\/td>\r\n<\/tr>\r\n<tr>\r\n<td>8<\/td>\r\n<td>Tige<\/td>\r\n<td>ASTM A276 316<\/td>\r\n<\/tr>\r\n<tr>\r\n<td>9<\/td>\r\n<td>Garniture de tige<\/td>\r\n<td>Graphite<\/td>\r\n<\/tr>\r\n<tr>\r\n<td>10<\/td>\r\n<td>Gland<\/td>\r\n<td>ASTM A351 CF8M<\/td>\r\n<\/tr>\r\n<tr>\r\n<td>11<\/td>\r\n<td>Collier d'arr\u00eat<\/td>\r\n<td>ANSI 1025<\/td>\r\n<\/tr>\r\n<\/tbody>\r\n<\/table>\r\n<\/figure>","protected":false},"excerpt":{"rendered":"<p>Le robinet \u00e0 bille 3 pi\u00e8ces est con\u00e7u pour \u00eatre d\u00e9mont\u00e9 pour un nettoyage facile. Qu&#039;est-ce qu&#039;un robinet \u00e0 tournant sph\u00e9rique 3 pi\u00e8ces\u00a0? Z\u00c9CO 3\u2026 <a title=\"Robinet \u00e0 boisseau sph\u00e9rique en acier inoxydable 3 pi\u00e8ces\" class=\"read-more\" href=\"https:\/\/zecovalve.com\/fr\/produit\/3pc-ball-valve\" aria-label=\"Plus sur 3 Piece Stainless Steel Ball Valve\">Lire plus<\/a><\/p>","protected":false},"featured_media":27862,"comment_status":"closed","ping_status":"closed","template":"","meta":{"_generate-full-width-content":"","kt_blocks_editor_width":""},"product_cat":[2047],"product_tag":[3089,3254,2658,3914,3244,2832],"class_list":["post-16468","product","type-product","status-publish","has-post-thumbnail","hentry","product_cat-ball-valve","product_tag-3-piece-ball-valve","product_tag-ball-valve-stainless-steel","product_tag-isolation-valve","product_tag-reduced-bore-ball-valve","product_tag-stainless-ball-valve","product_tag-stainless-steel-ball-valve","sales-flash-overlay","woocommerce-text-align-center","woocommerce-image-align-center","do-quantity-buttons"],"featured_image_src_large":["https:\/\/zecovalve.com\/wp-content\/uploads\/2022\/06\/3-Piece-Stainless-Steel-Ball-Valve.jpg",800,600,false],"author_info":[],"comment_info":0,"taxonomy_info":{"product_cat":[{"value":2047,"label":"Ball Valve"}],"product_tag":[{"value":3089,"label":"3 Piece Ball Valve"},{"value":3254,"label":"Ball Valve Stainless Steel"},{"value":2658,"label":"Isolation Valve"},{"value":3914,"label":"Reduced Bore Ball Valve"},{"value":3244,"label":"Stainless Ball Valve"},{"value":2832,"label":"Stainless Steel Ball Valve"}]},"yoast_head":"<!-- This site is optimized with the Yoast SEO Premium plugin v15.4 - https:\/\/yoast.com\/wordpress\/plugins\/seo\/ -->\n<title>3 Piece Stainless Steel Ball Valve - 3 Piece Ball Valve | ZECO Valve<\/title>\n<meta name=\"robots\" content=\"index, follow, max-snippet:-1, max-image-preview:large, max-video-preview:-1\" \/>\n<link rel=\"canonical\" href=\"https:\/\/zecovalve.com\/fr\/produit\/3pc-ball-valve\" \/>\n<meta property=\"og:locale\" content=\"fr_FR\" \/>\n<meta property=\"og:type\" content=\"article\" \/>\n<meta property=\"og:title\" content=\"3 Piece Stainless Steel Ball Valve - 3 Piece Ball Valve | ZECO Valve\" \/>\n<meta property=\"og:description\" content=\"3 Piece Ball Valve is designed to be taken apart for easy cleaning. What is a 3 Piece Ball Valve? ZECO 3 ... Lire plus\" \/>\n<meta property=\"og:url\" content=\"https:\/\/zecovalve.com\/fr\/produit\/3pc-ball-valve\" \/>\n<meta property=\"og:site_name\" content=\"ZECO Valve\" \/>\n<meta property=\"article:modified_time\" content=\"2023-06-07T07:07:23+00:00\" \/>\n<meta property=\"og:image\" content=\"https:\/\/zecovalve.com\/wp-content\/uploads\/2022\/06\/3-Piece-Stainless-Steel-Ball-Valve.jpg\" \/>\n\t<meta property=\"og:image:width\" content=\"800\" \/>\n\t<meta property=\"og:image:height\" content=\"600\" \/>\n<meta name=\"twitter:card\" content=\"summary_large_image\" \/>\n<meta name=\"twitter:label1\" content=\"\u00c9crit par\">\n\t<meta name=\"twitter:data1\" content=\"Jerry\">\n\t<meta name=\"twitter:label2\" content=\"Dur\u00e9e de lecture estim\u00e9e\">\n\t<meta name=\"twitter:data2\" content=\"2 minutes\">\n<script type=\"application\/ld+json\" class=\"yoast-schema-graph\">{\"@context\":\"https:\/\/schema.org\",\"@graph\":[{\"@type\":\"WebSite\",\"@id\":\"https:\/\/zecovalve.com\/#website\",\"url\":\"https:\/\/zecovalve.com\/\",\"name\":\"ZECO Valve\",\"description\":\"Industrial Ball Valve, Gate Valve and Globe Valve Manufacturer\",\"potentialAction\":[{\"@type\":\"SearchAction\",\"target\":\"https:\/\/zecovalve.com\/?s={search_term_string}\",\"query-input\":\"required name=search_term_string\"}],\"inLanguage\":\"fr-FR\"},{\"@type\":\"ImageObject\",\"@id\":\"https:\/\/zecovalve.com\/product\/3pc-ball-valve#primaryimage\",\"inLanguage\":\"fr-FR\",\"url\":\"https:\/\/zecovalve.com\/wp-content\/uploads\/2022\/06\/3-Piece-Stainless-Steel-Ball-Valve.jpg\",\"width\":800,\"height\":600,\"caption\":\"3 Piece Stainless Steel Ball Valve\"},{\"@type\":\"WebPage\",\"@id\":\"https:\/\/zecovalve.com\/product\/3pc-ball-valve#webpage\",\"url\":\"https:\/\/zecovalve.com\/product\/3pc-ball-valve\",\"name\":\"3 Piece Stainless Steel Ball Valve - 3 Piece Ball Valve | ZECO Valve\",\"isPartOf\":{\"@id\":\"https:\/\/zecovalve.com\/#website\"},\"primaryImageOfPage\":{\"@id\":\"https:\/\/zecovalve.com\/product\/3pc-ball-valve#primaryimage\"},\"datePublished\":\"2022-06-21T06:25:05+00:00\",\"dateModified\":\"2023-06-07T07:07:23+00:00\",\"breadcrumb\":{\"@id\":\"https:\/\/zecovalve.com\/product\/3pc-ball-valve#breadcrumb\"},\"inLanguage\":\"fr-FR\",\"potentialAction\":[{\"@type\":\"ReadAction\",\"target\":[\"https:\/\/zecovalve.com\/product\/3pc-ball-valve\"]}]},{\"@type\":\"BreadcrumbList\",\"@id\":\"https:\/\/zecovalve.com\/product\/3pc-ball-valve#breadcrumb\",\"itemListElement\":[{\"@type\":\"ListItem\",\"position\":1,\"item\":{\"@type\":\"WebPage\",\"@id\":\"https:\/\/zecovalve.com\/\",\"url\":\"https:\/\/zecovalve.com\/\",\"name\":\"Home\"}},{\"@type\":\"ListItem\",\"position\":2,\"item\":{\"@type\":\"WebPage\",\"@id\":\"https:\/\/zecovalve.com\/product-category\",\"url\":\"https:\/\/zecovalve.com\/product-category\",\"name\":\"Industrial Valve Manufacturer | Water Valve Manufacturer\"}},{\"@type\":\"ListItem\",\"position\":3,\"item\":{\"@type\":\"WebPage\",\"@id\":\"https:\/\/zecovalve.com\/product\/3pc-ball-valve\",\"url\":\"https:\/\/zecovalve.com\/product\/3pc-ball-valve\",\"name\":\"3 Piece Stainless Steel Ball Valve\"}}]}]}<\/script>\n<!-- \/ Yoast SEO Premium plugin. -->","_links":{"self":[{"href":"https:\/\/zecovalve.com\/fr\/wp-json\/wp\/v2\/product\/16468","targetHints":{"allow":["GET"]}}],"collection":[{"href":"https:\/\/zecovalve.com\/fr\/wp-json\/wp\/v2\/product"}],"about":[{"href":"https:\/\/zecovalve.com\/fr\/wp-json\/wp\/v2\/types\/product"}],"replies":[{"embeddable":true,"href":"https:\/\/zecovalve.com\/fr\/wp-json\/wp\/v2\/comments?post=16468"}],"wp:featuredmedia":[{"embeddable":true,"href":"https:\/\/zecovalve.com\/fr\/wp-json\/wp\/v2\/media\/27862"}],"wp:attachment":[{"href":"https:\/\/zecovalve.com\/fr\/wp-json\/wp\/v2\/media?parent=16468"}],"wp:term":[{"taxonomy":"product_cat","embeddable":true,"href":"https:\/\/zecovalve.com\/fr\/wp-json\/wp\/v2\/product_cat?post=16468"},{"taxonomy":"product_tag","embeddable":true,"href":"https:\/\/zecovalve.com\/fr\/wp-json\/wp\/v2\/product_tag?post=16468"}],"curies":[{"name":"wp","href":"https:\/\/api.w.org\/{rel}","templated":true}]}}