{"id":16513,"date":"2022-06-21T06:54:43","date_gmt":"2022-06-21T06:54:43","guid":{"rendered":"https:\/\/zecovalve.com\/?post_type=product&#038;p=16513"},"modified":"2022-08-19T06:06:54","modified_gmt":"2022-08-19T06:06:54","slug":"high-performance-butterfly-valve","status":"publish","type":"product","link":"https:\/\/zecovalve.com\/fr\/produit\/high-performance-butterfly-valve","title":{"rendered":"Vanne papillon haute performance"},"content":{"rendered":"<figure class=\"wp-block-image alignnone size-medium wp-image-16514\"><img loading=\"lazy\" decoding=\"async\" width=\"300\" height=\"225\" class=\"wp-image-16514\" src=\"https:\/\/zecovalve.com\/wp-content\/uploads\/2022\/06\/high-performance-butterfly-valve-300x225.jpg\" alt=\"Vanne papillon haute performance\" srcset=\"https:\/\/zecovalve.com\/wp-content\/uploads\/2022\/06\/high-performance-butterfly-valve-300x225.jpg 300w, https:\/\/zecovalve.com\/wp-content\/uploads\/2022\/06\/high-performance-butterfly-valve-768x576.jpg 768w, https:\/\/zecovalve.com\/wp-content\/uploads\/2022\/06\/high-performance-butterfly-valve-600x450.jpg 600w, https:\/\/zecovalve.com\/wp-content\/uploads\/2022\/06\/high-performance-butterfly-valve.jpg 800w\" sizes=\"auto, (max-width: 300px) 100vw, 300px\" \/><\/figure>\r\n\r\n\r\n\r\n\r\n<div class=\"gb-button-wrapper gb-button-wrapper-6d8495a3\">\r\n\r\n<a class=\"gb-button gb-button-3d442e11 gb-button-text\" href=\"https:\/\/zecovalve.com\/fr\/contact\/\" target=\"_blank\" rel=\"noopener noreferrer\"><strong>OBTENEZ UN PRIX DE VANNE PAPILLON HAUTE PERFORMANCE<\/strong><\/a>\r\n\r\n<\/div>\r\n\r\n\r\n<h2 class=\"wp-block-heading\" id=\"h-what-is-a-high-performance-butterfly-valve\">Qu\u2019est-ce qu\u2019une vanne papillon haute performance ?<\/h2>\r\n\r\n\r\n\r\n\r\nLa vanne papillon Hgh Performance est un produit innovant de conception \u00e0 double d\u00e9calage dot\u00e9 d&#039;une technologie avanc\u00e9e de pointe. Cette vanne papillon poss\u00e8de une structure unique avec des performances d&#039;\u00e9tanch\u00e9it\u00e9 ultra fiables, des conditions de travail \u00e9tendues et un faible couple de fonctionnement.\r\n\r\n\r\n\r\n\r\n<h2 class=\"wp-block-heading\">Sp\u00e9cifications des vannes papillon haute performance<\/h2>\r\n\r\n\r\n\r\n<figure class=\"wp-block-table is-style-stripes\">\r\n<table>\r\n<tbody>\r\n<tr>\r\n<td>Nom<\/td>\r\n<td>\u00a0Vanne papillon haute performance<\/td>\r\n<\/tr>\r\n<tr>\r\n<td>Conception<\/td>\r\n<td>\u00a0API 609\/ASME B16.34<\/td>\r\n<\/tr>\r\n<tr>\r\n<td>Raccordement d'extr\u00e9mit\u00e9<\/td>\r\n<td>\u00a0Plaquette\/cosse\/double bride<\/td>\r\n<\/tr>\r\n<tr>\r\n<td>Op\u00e9ration<\/td>\r\n<td>\u00a0Manuel\/Pneumatique\/\u00c9lectrique<\/td>\r\n<\/tr>\r\n<tr>\r\n<td>Gamme de tailles<\/td>\r\n<td>\u00a0NPS 2\u2033-60\u2033 (DN50-DN1500)<\/td>\r\n<\/tr>\r\n<tr>\r\n<td>Pression nominale<\/td>\r\n<td>\u00a0Classe ASME150-300-600 (PN16-PN25-PN40)<\/td>\r\n<\/tr>\r\n<tr>\r\n<td>Mat\u00e9riau du corps<\/td>\r\n<td>\u00a0Acier au carbone, acier inoxydable, acier alli\u00e9, acier inoxydable duplex<\/td>\r\n<\/tr>\r\n<tr>\r\n<td>Mat\u00e9riau du si\u00e8ge<\/td>\r\n<td>\u00a0PTFE, RPTFE, PPL<\/td>\r\n<\/tr>\r\n<tr>\r\n<td>Temp\u00e9rature<\/td>\r\n<td>\u00a0-29\u2103 \u00e0 250\u2103<\/td>\r\n<\/tr>\r\n<\/tbody>\r\n<\/table>\r\n<\/figure>\r\n\r\n\r\n\r\n<h2 class=\"wp-block-heading\" id=\"h-features-of-high-performance-butterfly-valve\">Caract\u00e9ristiques de la vanne papillon haute performance\u00a0:<\/h2>\r\n\r\n\r\n\r\n<ul class=\"wp-block-list\">\r\n \t<li>La conception du si\u00e8ge r\u00e9silient de la vanne papillon haute performance ZECO est con\u00e7ue pour fournir une solution plus optimis\u00e9e pour le domaine avec des exigences d&#039;usure et de faible couple, et pour remplacer facilement le si\u00e8ge apr\u00e8s un dommage au si\u00e8ge sans avoir besoin d&#039;outils sp\u00e9ciaux\u00a0;<\/li>\r\n \t<li>La vanne papillon haute performance ZECO est \u00e9quip\u00e9e de roulements composites sur la tige au-dessus et en dessous du disque. Les roulements composites sont dot\u00e9s d&#039;un enroulement de filament en PTFE et \u00e9poxy, ce qui r\u00e9duit le couple dans l&#039;interrupteur et r\u00e9duit l&#039;usure entre la tige et le corps pour une dur\u00e9e de vie plus longue\u00a0;<\/li>\r\n \t<li>La conception du si\u00e8ge r\u00e9silient bidirectionnel ignifuge de la vanne papillon haute performance ZECO garantit une fuite nulle de la vanne pendant le fonctionnement normal. Le joint m\u00e9tal sur m\u00e9tal du si\u00e8ge apr\u00e8s incendie respecte ou d\u00e9passe les sp\u00e9cifications de \u00ab s\u00e9curit\u00e9 incendie \u00bb de l&#039;industrie\u00a0;<\/li>\r\n \t<li>La conception \u00e0 bride de presse-\u00e9toupe de la vanne papillon haute performance ZECO applique une charge contre le presse-\u00e9toupe pour \u00e9viter les fuites externes. Enti\u00e8rement r\u00e9glable.<\/li>\r\n \t<li>Plaque sup\u00e9rieure ISO 5211 pour le montage direct d&#039;une large gamme d&#039;actionneurs, de poign\u00e9es et d&#039;engrenages<\/li>\r\n \t<li>La garniture de tige r\u00e9glable comprend un presse-\u00e9toupe extractible avec un acc\u00e8s facile sans retirer l&#039;actionneur<\/li>\r\n \t<li>Les goupilles de coin tangentielles sont d\u00e9cal\u00e9es par rapport au centre de la tige, ce qui les met en compression plut\u00f4t qu&#039;en cisaillement.<\/li>\r\n \t<li>La but\u00e9e de disque est con\u00e7ue pour emp\u00eacher la rotation du disque dans le mauvais sens et les dommages potentiels au si\u00e8ge<\/li>\r\n \t<li>Le clip de retenue fournit une tige anti-\u00e9ruption<\/li>\r\n \t<li>Syst\u00e8me de joint de tige \u00e0 charge dynamique par un jeu de ressorts Belleville. Le pont de presse-\u00e9toupe en forme de bascule compense le r\u00e9glage irr\u00e9gulier des boulons du presse-\u00e9toupe<\/li>\r\n \t<li>Le roulement \u00ab\u00a0Bear-X\u00a0\u00bb pr\u00e9sente une excellente r\u00e9sistance thermique, chimique et \u00e0 l&#039;usure<\/li>\r\n \t<li>Corps monobloc avec col allong\u00e9<\/li>\r\n \t<li>Conception de si\u00e8ge souple \u00e0 joint \u00e0 l\u00e8vre flexible auto-\u00e9nergisant. Deux points de contact sur la conception de si\u00e8ges m\u00e9talliques ignifuges<\/li>\r\n<\/ul>\r\n\r\n\r\n\r\n<h2 class=\"wp-block-heading\">Applications de la vanne papillon haute performance<\/h2>\r\n\r\n\r\n\r\n\r\nLes vannes papillon haute performance sont sp\u00e9cialement con\u00e7ues pour les applications dans les secteurs de la chimie, du traitement des hydrocarbures, des p\u00e2tes et papiers, de l&#039;eau et des eaux us\u00e9es et du CVC dans le monde entier. La vanne a \u00e9t\u00e9 con\u00e7ue en sachant que les industries de transformation ont besoin de produits offrant des performances exceptionnelles tout en r\u00e9duisant le co\u00fbt total de possession.\r\n\r\n\r\n\r\n\r\n<h2 class=\"wp-block-heading\" id=\"h-high-performance-butterfly-valve-manufacturers\">Fabricants de vannes papillon haute performance<\/h2>\r\n\r\n\r\n\r\n\r\nZECO Valve est l&#039;un des principaux fabricants mondiaux de vannes papillon hautes performances. Bas\u00e9e sur de nombreuses ann\u00e9es de recherche, de d\u00e9veloppement et d&#039;exp\u00e9rience sur le terrain, la conception ZECO est sup\u00e9rieure et plus polyvalente que la conception de vanne papillon haute performance propos\u00e9e par d&#039;autres fabricants. Les produits ZECO sont fabriqu\u00e9s sous le syst\u00e8me de gestion de la qualit\u00e9 ISO9001. Chaque processus de production dispose de documents de syst\u00e8me de gestion et de proc\u00e9dures de syst\u00e8me de gestion correspondants pour garantir que chaque vanne respecte ou d\u00e9passe les normes internationales ou les exigences des utilisateurs. La vanne papillon haute performance ZECO est un produit mature pour les industries de traitement du p\u00e9trole et du gaz, du chauffage, de l&#039;\u00e9lectricit\u00e9, de l&#039;eau et du traitement des eaux us\u00e9es, particuli\u00e8rement adapt\u00e9 aux environnements difficiles et aux applications industrielles n\u00e9cessitant une pression et une temp\u00e9rature nominales. ZECO poss\u00e8de une exp\u00e9rience professionnelle dans la fabrication de vannes papillon hautes performances, avec des records de qualit\u00e9 exceptionnels et des d\u00e9lais de livraison rapides dans les industries qu&#039;elle dessert.","protected":false},"excerpt":{"rendered":"<p>Qu\u2019est-ce qu\u2019une vanne papillon haute performance ? La vanne papillon Hgh Performance est un produit innovant de conception \u00e0 double d\u00e9calage dot\u00e9 d&#039;une technologie avanc\u00e9e de pointe. \u2026 <a title=\"Vanne papillon haute performance\" class=\"read-more\" href=\"https:\/\/zecovalve.com\/fr\/produit\/high-performance-butterfly-valve\" aria-label=\"Plus sur Vanne Papillon Haute Performance\">Lire plus<\/a><\/p>","protected":false},"featured_media":16514,"comment_status":"closed","ping_status":"closed","template":"","meta":{"_generate-full-width-content":"","kt_blocks_editor_width":""},"product_cat":[2044,2467],"product_tag":[],"class_list":["post-16513","product","type-product","status-publish","has-post-thumbnail","hentry","product_cat-butterfly-valve","product_cat-butterfly-valve-by-form","sales-flash-overlay","woocommerce-text-align-center","woocommerce-image-align-center","do-quantity-buttons"],"featured_image_src_large":["https:\/\/zecovalve.com\/wp-content\/uploads\/2022\/06\/high-performance-butterfly-valve.jpg",800,600,false],"author_info":[],"comment_info":0,"taxonomy_info":{"product_cat":[{"value":2044,"label":"Butterfly Valve"},{"value":2467,"label":"Butterfly Valve By Form"}]},"yoast_head":"<!-- This site is optimized with the Yoast SEO Premium plugin v15.4 - https:\/\/yoast.com\/wordpress\/plugins\/seo\/ -->\n<title>High Performance Butterfly Valve Manufacturers | ZECO Valve<\/title>\n<meta name=\"robots\" content=\"index, follow, max-snippet:-1, max-image-preview:large, max-video-preview:-1\" \/>\n<link rel=\"canonical\" href=\"https:\/\/zecovalve.com\/fr\/produit\/high-performance-butterfly-valve\" \/>\n<meta property=\"og:locale\" content=\"fr_FR\" \/>\n<meta property=\"og:type\" content=\"article\" \/>\n<meta property=\"og:title\" content=\"High Performance Butterfly Valve Manufacturers | ZECO Valve\" \/>\n<meta property=\"og:description\" content=\"What is a High Performance Butterfly Valve? Hgh Performance Butterfly Valve is an innovative double offset design product with advanced world-leading technology. ... Lire plus\" \/>\n<meta property=\"og:url\" content=\"https:\/\/zecovalve.com\/fr\/produit\/high-performance-butterfly-valve\" \/>\n<meta property=\"og:site_name\" content=\"ZECO Valve\" \/>\n<meta property=\"article:modified_time\" content=\"2022-08-19T06:06:54+00:00\" \/>\n<meta property=\"og:image\" content=\"https:\/\/zecovalve.com\/wp-content\/uploads\/2022\/06\/high-performance-butterfly-valve.jpg\" \/>\n\t<meta property=\"og:image:width\" content=\"800\" \/>\n\t<meta property=\"og:image:height\" content=\"600\" \/>\n<meta name=\"twitter:card\" content=\"summary_large_image\" \/>\n<meta name=\"twitter:label1\" content=\"\u00c9crit par\">\n\t<meta name=\"twitter:data1\" content=\"Jerry\">\n\t<meta name=\"twitter:label2\" content=\"Dur\u00e9e de lecture estim\u00e9e\">\n\t<meta name=\"twitter:data2\" content=\"2 minutes\">\n<script type=\"application\/ld+json\" class=\"yoast-schema-graph\">{\"@context\":\"https:\/\/schema.org\",\"@graph\":[{\"@type\":\"WebSite\",\"@id\":\"https:\/\/zecovalve.com\/#website\",\"url\":\"https:\/\/zecovalve.com\/\",\"name\":\"ZECO Valve\",\"description\":\"Industrial Ball Valve, Gate Valve and Globe Valve Manufacturer\",\"potentialAction\":[{\"@type\":\"SearchAction\",\"target\":\"https:\/\/zecovalve.com\/?s={search_term_string}\",\"query-input\":\"required name=search_term_string\"}],\"inLanguage\":\"fr-FR\"},{\"@type\":\"ImageObject\",\"@id\":\"https:\/\/zecovalve.com\/product\/high-performance-butterfly-valve#primaryimage\",\"inLanguage\":\"fr-FR\",\"url\":\"https:\/\/zecovalve.com\/wp-content\/uploads\/2022\/06\/high-performance-butterfly-valve.jpg\",\"width\":800,\"height\":600,\"caption\":\"High Performance Butterfly Valve\"},{\"@type\":\"WebPage\",\"@id\":\"https:\/\/zecovalve.com\/product\/high-performance-butterfly-valve#webpage\",\"url\":\"https:\/\/zecovalve.com\/product\/high-performance-butterfly-valve\",\"name\":\"High Performance Butterfly Valve Manufacturers | ZECO Valve\",\"isPartOf\":{\"@id\":\"https:\/\/zecovalve.com\/#website\"},\"primaryImageOfPage\":{\"@id\":\"https:\/\/zecovalve.com\/product\/high-performance-butterfly-valve#primaryimage\"},\"datePublished\":\"2022-06-21T06:54:43+00:00\",\"dateModified\":\"2022-08-19T06:06:54+00:00\",\"breadcrumb\":{\"@id\":\"https:\/\/zecovalve.com\/product\/high-performance-butterfly-valve#breadcrumb\"},\"inLanguage\":\"fr-FR\",\"potentialAction\":[{\"@type\":\"ReadAction\",\"target\":[\"https:\/\/zecovalve.com\/product\/high-performance-butterfly-valve\"]}]},{\"@type\":\"BreadcrumbList\",\"@id\":\"https:\/\/zecovalve.com\/product\/high-performance-butterfly-valve#breadcrumb\",\"itemListElement\":[{\"@type\":\"ListItem\",\"position\":1,\"item\":{\"@type\":\"WebPage\",\"@id\":\"https:\/\/zecovalve.com\/\",\"url\":\"https:\/\/zecovalve.com\/\",\"name\":\"Home\"}},{\"@type\":\"ListItem\",\"position\":2,\"item\":{\"@type\":\"WebPage\",\"@id\":\"https:\/\/zecovalve.com\/product-category\",\"url\":\"https:\/\/zecovalve.com\/product-category\",\"name\":\"Industrial Valve Manufacturer | Water Valve Manufacturer\"}},{\"@type\":\"ListItem\",\"position\":3,\"item\":{\"@type\":\"WebPage\",\"@id\":\"https:\/\/zecovalve.com\/product\/high-performance-butterfly-valve\",\"url\":\"https:\/\/zecovalve.com\/product\/high-performance-butterfly-valve\",\"name\":\"High Performance Butterfly Valve\"}}]}]}<\/script>\n<!-- \/ Yoast SEO Premium plugin. -->","_links":{"self":[{"href":"https:\/\/zecovalve.com\/fr\/wp-json\/wp\/v2\/product\/16513","targetHints":{"allow":["GET"]}}],"collection":[{"href":"https:\/\/zecovalve.com\/fr\/wp-json\/wp\/v2\/product"}],"about":[{"href":"https:\/\/zecovalve.com\/fr\/wp-json\/wp\/v2\/types\/product"}],"replies":[{"embeddable":true,"href":"https:\/\/zecovalve.com\/fr\/wp-json\/wp\/v2\/comments?post=16513"}],"wp:featuredmedia":[{"embeddable":true,"href":"https:\/\/zecovalve.com\/fr\/wp-json\/wp\/v2\/media\/16514"}],"wp:attachment":[{"href":"https:\/\/zecovalve.com\/fr\/wp-json\/wp\/v2\/media?parent=16513"}],"wp:term":[{"taxonomy":"product_cat","embeddable":true,"href":"https:\/\/zecovalve.com\/fr\/wp-json\/wp\/v2\/product_cat?post=16513"},{"taxonomy":"product_tag","embeddable":true,"href":"https:\/\/zecovalve.com\/fr\/wp-json\/wp\/v2\/product_tag?post=16513"}],"curies":[{"name":"wp","href":"https:\/\/api.w.org\/{rel}","templated":true}]}}