{"id":16515,"date":"2022-06-21T06:56:11","date_gmt":"2022-06-21T06:56:11","guid":{"rendered":"https:\/\/zecovalve.com\/?post_type=product&#038;p=16515"},"modified":"2022-09-01T00:49:59","modified_gmt":"2022-09-01T00:49:59","slug":"6-inch-butterfly-valve","status":"publish","type":"product","link":"https:\/\/zecovalve.com\/fr\/produit\/6-inch-butterfly-valve","title":{"rendered":"Vanne papillon de type plaquette de 6 pouces"},"content":{"rendered":"<p>La vanne papillon 6 pouces signifie que la taille de la vanne est de 6 pouces, et en DN, elle est DN150.<\/p>\r\n\r\n\r\n\r\n<figure class=\"wp-block-image size-full\"><img loading=\"lazy\" decoding=\"async\" width=\"391\" height=\"298\" class=\"wp-image-11857\" src=\"https:\/\/zecovalve.com\/wp-content\/uploads\/2022\/01\/20220104161938-61d4739ab54a2.jpg\" alt=\"\" srcset=\"https:\/\/zecovalve.com\/wp-content\/uploads\/2022\/01\/20220104161938-61d4739ab54a2.jpg 391w, https:\/\/zecovalve.com\/wp-content\/uploads\/2022\/01\/20220104161938-61d4739ab54a2-300x229.jpg 300w\" sizes=\"auto, (max-width: 391px) 100vw, 391px\" \/><\/figure>\r\n\r\n\r\n<div class=\"gb-button-wrapper gb-button-wrapper-6d8495a3\">\r\n\r\n\r\n<p><a class=\"gb-button gb-button-3d442e11 gb-button-text\" href=\"mailto:commercial@zecovalve.com\" target=\"_blank\" rel=\"noopener noreferrer\"><strong>OBTENEZ LE PRIX DE LA VALVE PAPILLON DE 6 POUCES<\/strong><\/a><\/p>\r\n<\/div>\r\n\r\n\r\n\r\n\r\n<h2 class=\"wp-block-heading\" id=\"h-what-is-a-6-inch-wafer-type-butterfly-valve\">Qu&#039;est-ce qu&#039;une vanne papillon de type plaquette de 6 pouces\u00a0?<\/h2>\r\n\r\n\r\n\r\n<p>Vanne papillon de 6 pouces pour le contr\u00f4le marche-arr\u00eat de l&#039;air, de l&#039;huile et d&#039;autres fluides compatibles avec les mat\u00e9riaux de construction. La vanne de type plaquette se monte en sandwich entre les brides ANSI\/ASME classe 150 fournies par le client et d&#039;autres brides standard internationales.<\/p>\r\n\r\n\r\n\r\n<h2 class=\"wp-block-heading\">Dimensions et poids de 6 vannes papillon<\/h2>\r\n\r\n\r\n\r\n<table border=\"=1\" width=\"800\">\r\n<tbody>\r\n<tr>\r\n<td rowspan=\"2\">Pression nominale<\/td>\r\n<td style=\"text-align: center;\" colspan=\"4\">\u00a0Dimension face \u00e0 face (en mm)<\/td>\r\n<td style=\"text-align: center;\">Poids<\/td>\r\n<\/tr>\r\n<tr>\r\n<td style=\"text-align: center;\">Mod\u00e8le RF long<\/td>\r\n<td style=\"text-align: center;\">Mod\u00e8le court RF<\/td>\r\n<td style=\"text-align: center;\">Type de plaquette<\/td>\r\n<td style=\"text-align: center;\">Type de cosse<\/td>\r\n<td style=\"text-align: center;\">kg<\/td>\r\n<\/tr>\r\n<tr>\r\n<td>CLASSE 150<\/td>\r\n<td style=\"text-align: center;\">267<\/td>\r\n<td style=\"text-align: center;\">140<\/td>\r\n<td style=\"text-align: center;\">57<\/td>\r\n<td style=\"text-align: center;\">57<\/td>\r\n<td style=\"text-align: center;\">65<\/td>\r\n<\/tr>\r\n<tr>\r\n<td>CLASSE 300<\/td>\r\n<td style=\"text-align: center;\">403<\/td>\r\n<td style=\"text-align: center;\">210<\/td>\r\n<td style=\"text-align: center;\">59<\/td>\r\n<td style=\"text-align: center;\">59<\/td>\r\n<td style=\"text-align: center;\">90<\/td>\r\n<\/tr>\r\n<tr>\r\n<td>CLASSE 600<\/td>\r\n<td style=\"text-align: center;\">559<\/td>\r\n<td style=\"text-align: center;\">210<\/td>\r\n<td style=\"text-align: center;\">78<\/td>\r\n<td style=\"text-align: center;\">78<\/td>\r\n<td style=\"text-align: center;\">170<\/td>\r\n<\/tr>\r\n<\/tbody>\r\n<\/table>\r\n\r\n\r\n\r\n<h2 class=\"wp-block-heading\">Installation d&#039;une vanne papillon 6 pouces<\/h2>\r\n\r\n\r\n\r\n<p>ZECO fournit des instructions d&#039;installation d\u00e9taill\u00e9es pour garantir des performances \u00e9lev\u00e9es et une longue dur\u00e9e de vie de la vanne papillon de 6 pouces. La capacit\u00e9 des brides de tuyauterie et des vannes d\u00e9pend de la d\u00e9formation des joints. La force agissant du boulonnage non seulement r\u00e9siste \u00e0 la force n\u00e9cessaire pour desserrer la connexion, mais maintient \u00e9galement la contrainte de compression n\u00e9cessaire. Notez que la force ne d\u00e9passe pas la charge du joint et la charge de pression.<\/p>\r\n\r\n\r\n\r\n<p>Afin de garantir une bonne connexion, les instructions suivantes doivent \u00eatre respect\u00e9es.<\/p>\r\n\r\n\r\n\r\n<ul class=\"wp-block-list\">\r\n<li>V\u00e9rifiez la surface de la bride, si un d\u00e9faut appara\u00eet comme une fuite, une rainure ou une impression, r\u00e9parez avant l&#039;installation\u00a0;<\/li>\r\n<li>Les demandes d&#039;installation de la bride en fonte sont sup\u00e9rieures \u00e0 celles de la fonte ductile. Il est propos\u00e9 d&#039;utiliser de l&#039;acier \u00e0 faible r\u00e9sistance boulonn\u00e9 pour r\u00e9duire, en raison de la bride de pr\u00e9-compression excessive, la possibilit\u00e9 de d\u00e9passer la contrainte prescrite. Pour installer un joint de bride plate dans la bride plate afin d&#039;\u00e9viter un couple excessif d&#039;endommagement de la bride du boulon. Ne doit pas \u00eatre confondu avec la bride plane convexe de la bride charg\u00e9e. Dans le raccordement \u00e0 bride en fonte, il est particuli\u00e8rement important que le dessus soit install\u00e9 sur le meilleur pour garantir qu&#039;en l&#039;absence de charge excessive, les circonstances du joint boulonn\u00e9 produisent une force de compactage appropri\u00e9e\u00a0;<\/li>\r\n<li>Les joints ont la capacit\u00e9 de r\u00e9sister \u00e0 la d\u00e9formation et aux dommages\u00a0;<\/li>\r\n<li>V\u00e9rifier le centrage des brides des pi\u00e8ces d&#039;assemblage, Lubrifier les filetages des boulons. Les boulons doivent \u00eatre serr\u00e9s s\u00e9quentiellement pour assurer un contact de niveau entre la bride et le joint.<\/li>\r\n<\/ul>\r\n\r\n\r\n\r\n<h2 class=\"wp-block-heading\" id=\"h-features-of-6-butterfly-valve\">Caract\u00e9ristiques de la vanne papillon 6\u00a0:<\/h2>\r\n\r\n\r\n\r\n<ul class=\"wp-block-list\">\r\n<li><span style=\"background-color: var(--base-3); color: var(--contrast);\">Le si\u00e8ge unique en ligne ondul\u00e9e et la forme du disque r\u00e9duisent le couple requis et prolongent la dur\u00e9e de vie de la vanne. <\/span><\/li>\r\n<li>Le si\u00e8ge du disque est vulcanis\u00e9 sur un anneau d&#039;appui ph\u00e9nolique garantissant un contr\u00f4le positif du couple d&#039;assise tout en \u00e9liminant la distorsion du si\u00e8ge.<\/li>\r\n<li>Disque 316SS usin\u00e9 avec pr\u00e9cision avec tige (arbre) en deux parties, am\u00e9liore la capacit\u00e9 de d\u00e9bit de la vanne et r\u00e9duit les turbulences.<\/li>\r\n<li>La tige utilise des roulements en PTFE\/graphite avec des joints annulaires de type V pour \u00e9viter les fuites.<\/li>\r\n<li><span style=\"background-color: var(--base-3); color: var(--contrast);\">Le support connect\u00e9 au dispositif d&#039;entra\u00eenement est conforme \u00e0 la norme ISO5211\u00a0;<\/span><\/li>\r\n<li>La tige est con\u00e7ue pour r\u00e9pondre aux exigences API 609 avec une conception r\u00e9sistante \u00e0 l&#039;\u00e9ruption.<\/li>\r\n<\/ul>\r\n\r\n\r\n\r\n<h2 class=\"wp-block-heading\" id=\"h-material-of-6-inch-butterfly-valve\">Mat\u00e9riau de la vanne papillon de 6 pouces\u00a0:<\/h2>\r\n\r\n\r\n\r\n<figure class=\"wp-block-table is-style-stripes\">\r\n<table>\r\n<tbody>\r\n<tr>\r\n<td>Non<\/td>\r\n<td>Partie<\/td>\r\n<td>Mat\u00e9riau<\/td>\r\n<\/tr>\r\n<tr>\r\n<td>1<\/td>\r\n<td>Corps<\/td>\r\n<td>ASTM A351 CF8M<\/td>\r\n<\/tr>\r\n<tr>\r\n<td>2<\/td>\r\n<td>Bague d&#039;\u00e9tanch\u00e9it\u00e9<\/td>\r\n<td>Graphite + SS316<\/td>\r\n<\/tr>\r\n<tr>\r\n<td>3<\/td>\r\n<td>Bride de retenue<\/td>\r\n<td>ASTM A182 F316<\/td>\r\n<\/tr>\r\n<tr>\r\n<td>4<\/td>\r\n<td>\u00c9pingle<\/td>\r\n<td>ASTM A276 316<\/td>\r\n<\/tr>\r\n<tr>\r\n<td>5<\/td>\r\n<td>Disque<\/td>\r\n<td>ASTM A351 CF8M<\/td>\r\n<\/tr>\r\n<tr>\r\n<td>6<\/td>\r\n<td>Tige<\/td>\r\n<td>ASTM A276 316<\/td>\r\n<\/tr>\r\n<tr>\r\n<td>7<\/td>\r\n<td>Garniture de tige<\/td>\r\n<td>Graphite<\/td>\r\n<\/tr>\r\n<tr>\r\n<td>8<\/td>\r\n<td>Battement de tige<\/td>\r\n<td>SS316 + PTFE<\/td>\r\n<\/tr>\r\n<tr>\r\n<td>9<\/td>\r\n<td>Boulon<\/td>\r\n<td>ASTM A193 B8<\/td>\r\n<\/tr>\r\n<tr>\r\n<td>10<\/td>\r\n<td>\u00c9crou<\/td>\r\n<td>ASTM A194 8<\/td>\r\n<\/tr>\r\n<tr>\r\n<td>11<\/td>\r\n<td>Attelage<\/td>\r\n<td>ASTM A216 WCB<\/td>\r\n<\/tr>\r\n<\/tbody>\r\n<\/table>\r\n<\/figure>","protected":false},"excerpt":{"rendered":"<p>La vanne papillon 6 pouces signifie que la taille de la vanne est de 6 pouces, et en DN, elle est DN150. Qu&#039;est-ce qu&#039;un 6 pouces\u2026 <a title=\"Vanne papillon de type plaquette de 6 pouces\" class=\"read-more\" href=\"https:\/\/zecovalve.com\/fr\/produit\/6-inch-butterfly-valve\" aria-label=\"Plus sur Vanne Papillon Wafer Type 6 pouces\">Lire plus<\/a><\/p>","protected":false},"featured_media":11857,"comment_status":"closed","ping_status":"closed","template":"","meta":{"_generate-full-width-content":"","kt_blocks_editor_width":""},"product_cat":[2044,2470],"product_tag":[2806,2801],"class_list":["post-16515","product","type-product","status-publish","has-post-thumbnail","hentry","product_cat-butterfly-valve","product_cat-butterfly-valve-by-inch","product_tag-butterfly-valve-wafer-type","product_tag-wafer-type-butterfly-valve","sales-flash-overlay","woocommerce-text-align-center","woocommerce-image-align-center","do-quantity-buttons"],"featured_image_src_large":["https:\/\/zecovalve.com\/wp-content\/uploads\/2022\/01\/20220104161938-61d4739ab54a2.jpg",391,298,false],"author_info":[],"comment_info":0,"taxonomy_info":{"product_cat":[{"value":2044,"label":"Butterfly Valve"},{"value":2470,"label":"Butterfly Valve By Inch"}],"product_tag":[{"value":2806,"label":"Butterfly Valve Wafer Type"},{"value":2801,"label":"Wafer Type Butterfly Valve"}]},"yoast_head":"<!-- This site is optimized with the Yoast SEO Premium plugin v15.4 - https:\/\/yoast.com\/wordpress\/plugins\/seo\/ -->\n<title>6 inch Wafer Type Butterfly Valve - 6 Butterfly Valve Manufacturer | ZECO<\/title>\n<meta name=\"robots\" content=\"index, follow, max-snippet:-1, max-image-preview:large, max-video-preview:-1\" \/>\n<link rel=\"canonical\" href=\"https:\/\/zecovalve.com\/fr\/produit\/6-inch-butterfly-valve\" \/>\n<meta property=\"og:locale\" content=\"fr_FR\" \/>\n<meta property=\"og:type\" content=\"article\" \/>\n<meta property=\"og:title\" content=\"6 inch Wafer Type Butterfly Valve - 6 Butterfly Valve Manufacturer | ZECO\" \/>\n<meta property=\"og:description\" content=\"Butterflly valve 6 inch means the valve size is 6 inch, and in DN it is DN150. What is a 6 Inch ... Lire plus\" \/>\n<meta property=\"og:url\" content=\"https:\/\/zecovalve.com\/fr\/produit\/6-inch-butterfly-valve\" \/>\n<meta property=\"og:site_name\" content=\"ZECO Valve\" \/>\n<meta property=\"article:modified_time\" content=\"2022-09-01T00:49:59+00:00\" \/>\n<meta property=\"og:image\" content=\"https:\/\/zecovalve.com\/wp-content\/uploads\/2022\/01\/20220104161938-61d4739ab54a2.jpg\" \/>\n\t<meta property=\"og:image:width\" content=\"391\" \/>\n\t<meta property=\"og:image:height\" content=\"298\" \/>\n<meta name=\"twitter:card\" content=\"summary_large_image\" \/>\n<meta name=\"twitter:label1\" content=\"\u00c9crit par\">\n\t<meta name=\"twitter:data1\" content=\"Jerry\">\n\t<meta name=\"twitter:label2\" content=\"Dur\u00e9e de lecture estim\u00e9e\">\n\t<meta name=\"twitter:data2\" content=\"2 minutes\">\n<script type=\"application\/ld+json\" class=\"yoast-schema-graph\">{\"@context\":\"https:\/\/schema.org\",\"@graph\":[{\"@type\":\"WebSite\",\"@id\":\"https:\/\/zecovalve.com\/#website\",\"url\":\"https:\/\/zecovalve.com\/\",\"name\":\"ZECO Valve\",\"description\":\"Industrial Ball Valve, Gate Valve and Globe Valve Manufacturer\",\"potentialAction\":[{\"@type\":\"SearchAction\",\"target\":\"https:\/\/zecovalve.com\/?s={search_term_string}\",\"query-input\":\"required name=search_term_string\"}],\"inLanguage\":\"fr-FR\"},{\"@type\":\"ImageObject\",\"@id\":\"https:\/\/zecovalve.com\/product\/6-inch-butterfly-valve#primaryimage\",\"inLanguage\":\"fr-FR\",\"url\":\"https:\/\/zecovalve.com\/wp-content\/uploads\/2022\/01\/20220104161938-61d4739ab54a2.jpg\",\"width\":391,\"height\":298},{\"@type\":\"WebPage\",\"@id\":\"https:\/\/zecovalve.com\/product\/6-inch-butterfly-valve#webpage\",\"url\":\"https:\/\/zecovalve.com\/product\/6-inch-butterfly-valve\",\"name\":\"6 inch Wafer Type Butterfly Valve - 6 Butterfly Valve Manufacturer | ZECO\",\"isPartOf\":{\"@id\":\"https:\/\/zecovalve.com\/#website\"},\"primaryImageOfPage\":{\"@id\":\"https:\/\/zecovalve.com\/product\/6-inch-butterfly-valve#primaryimage\"},\"datePublished\":\"2022-06-21T06:56:11+00:00\",\"dateModified\":\"2022-09-01T00:49:59+00:00\",\"breadcrumb\":{\"@id\":\"https:\/\/zecovalve.com\/product\/6-inch-butterfly-valve#breadcrumb\"},\"inLanguage\":\"fr-FR\",\"potentialAction\":[{\"@type\":\"ReadAction\",\"target\":[\"https:\/\/zecovalve.com\/product\/6-inch-butterfly-valve\"]}]},{\"@type\":\"BreadcrumbList\",\"@id\":\"https:\/\/zecovalve.com\/product\/6-inch-butterfly-valve#breadcrumb\",\"itemListElement\":[{\"@type\":\"ListItem\",\"position\":1,\"item\":{\"@type\":\"WebPage\",\"@id\":\"https:\/\/zecovalve.com\/\",\"url\":\"https:\/\/zecovalve.com\/\",\"name\":\"Home\"}},{\"@type\":\"ListItem\",\"position\":2,\"item\":{\"@type\":\"WebPage\",\"@id\":\"https:\/\/zecovalve.com\/product-category\",\"url\":\"https:\/\/zecovalve.com\/product-category\",\"name\":\"Industrial Valve Manufacturer | Water Valve Manufacturer\"}},{\"@type\":\"ListItem\",\"position\":3,\"item\":{\"@type\":\"WebPage\",\"@id\":\"https:\/\/zecovalve.com\/product\/6-inch-butterfly-valve\",\"url\":\"https:\/\/zecovalve.com\/product\/6-inch-butterfly-valve\",\"name\":\"6 inch Wafer Type Butterfly Valve\"}}]}]}<\/script>\n<!-- \/ Yoast SEO Premium plugin. -->","_links":{"self":[{"href":"https:\/\/zecovalve.com\/fr\/wp-json\/wp\/v2\/product\/16515","targetHints":{"allow":["GET"]}}],"collection":[{"href":"https:\/\/zecovalve.com\/fr\/wp-json\/wp\/v2\/product"}],"about":[{"href":"https:\/\/zecovalve.com\/fr\/wp-json\/wp\/v2\/types\/product"}],"replies":[{"embeddable":true,"href":"https:\/\/zecovalve.com\/fr\/wp-json\/wp\/v2\/comments?post=16515"}],"wp:featuredmedia":[{"embeddable":true,"href":"https:\/\/zecovalve.com\/fr\/wp-json\/wp\/v2\/media\/11857"}],"wp:attachment":[{"href":"https:\/\/zecovalve.com\/fr\/wp-json\/wp\/v2\/media?parent=16515"}],"wp:term":[{"taxonomy":"product_cat","embeddable":true,"href":"https:\/\/zecovalve.com\/fr\/wp-json\/wp\/v2\/product_cat?post=16515"},{"taxonomy":"product_tag","embeddable":true,"href":"https:\/\/zecovalve.com\/fr\/wp-json\/wp\/v2\/product_tag?post=16515"}],"curies":[{"name":"wp","href":"https:\/\/api.w.org\/{rel}","templated":true}]}}