{"id":16523,"date":"2022-06-21T07:07:21","date_gmt":"2022-06-21T07:07:21","guid":{"rendered":"https:\/\/zecovalve.com\/?post_type=product&#038;p=16523"},"modified":"2022-09-01T00:48:27","modified_gmt":"2022-09-01T00:48:27","slug":"4-inch-butterfly-valve","status":"publish","type":"product","link":"https:\/\/zecovalve.com\/fr\/produit\/4-inch-butterfly-valve","title":{"rendered":"Vanne papillon de 4 pouces"},"content":{"rendered":"<figure class=\"wp-block-image size-full is-resized\"><img loading=\"lazy\" decoding=\"async\" class=\"wp-image-16939\" src=\"https:\/\/zecovalve.com\/wp-content\/uploads\/2022\/06\/wafer-butterfly-valve.jpg\" alt=\"Vanne papillon \u00e0 Wafer\" width=\"248\" height=\"225\" srcset=\"https:\/\/zecovalve.com\/wp-content\/uploads\/2022\/06\/wafer-butterfly-valve.jpg 330w, https:\/\/zecovalve.com\/wp-content\/uploads\/2022\/06\/wafer-butterfly-valve-300x273.jpg 300w\" sizes=\"auto, (max-width: 248px) 100vw, 248px\" \/><\/figure>\r\n\r\n\r\n<div class=\"gb-button-wrapper gb-button-wrapper-6d8495a3\">\r\n\r\n\r\n<p><a class=\"gb-button gb-button-3d442e11 gb-button-text\" href=\"mailto:commercial@zecovalve.com\" target=\"_blank\" rel=\"noopener noreferrer\"><strong>OBTENEZ 4 DANS LE PRIX DE LA VALVE PAPILLON<\/strong><\/a><\/p>\r\n<\/div>\r\n\r\n\r\n\r\n\r\n<h2 class=\"wp-block-heading\" id=\"h-what-is-4-in-butterfly-valve\">Qu&#039;est-ce que 4 dans la vanne papillon\u00a0?<\/h2>\r\n\r\n\r\n\r\n<p>La vanne papillon ZECO de 4 pouces est compos\u00e9e d&#039;un corps, d&#039;un disque, d&#039;une tige, d&#039;un si\u00e8ge, d&#039;un presse-\u00e9toupe, d&#039;un engrenage, etc. La vanne papillon ZECO est la taille la plus couramment utilis\u00e9e sur les petits pipelines, il y a donc un probl\u00e8me de stockage. Les probl\u00e8mes de stockage sont quasiment les m\u00eames que ceux de la pr\u00e9paration de la livraison. Le temps est le facteur cl\u00e9, g\u00e9n\u00e9ralement, la p\u00e9riode de stockage du robinet-vanne est d\u00e9termin\u00e9e par son mat\u00e9riau d&#039;\u00e9tanch\u00e9it\u00e9. Si la vanne doit \u00eatre stock\u00e9e pendant plusieurs semaines ou mois, de meilleures conditions de stockage sont n\u00e9cessaires. La vanne est g\u00e9n\u00e9ralement stock\u00e9e \u00e0 l\u2019int\u00e9rieur et sa temp\u00e9rature ambiante de stockage doit \u00eatre sup\u00e9rieure au point de ros\u00e9e. Si les vannes sont stock\u00e9es \u00e0 l&#039;ext\u00e9rieur, soutenez la vanne pour vous assurer qu&#039;elle n&#039;entre pas en contact avec la terre. En m\u00eame temps, un couvercle \u00e9tanche doit \u00eatre ajout\u00e9 \u00e0 la vanne.<\/p>\r\n\r\n\r\n\r\n<h2 class=\"wp-block-heading\">Aper\u00e7u de la vanne papillon de 4 pouces<\/h2>\r\n\r\n\r\n\r\n<ul class=\"wp-block-list\">\r\n<li>Mat\u00e9riau du corps\u00a0: Fonte ductile peinte \u00e0 l&#039;\u00e9poxy \/ Acier au carbone \/ Acier inoxydable<\/li>\r\n<li>Taille et connexion\u00a0: plaquette de 4\u00a0pouces, RF, RTJ<\/li>\r\n<li>Si\u00e8ges : EPDM<\/li>\r\n<li>Disque : Acier inoxydable<\/li>\r\n<li>Actionneur\u00a0: levier manuel \u00e0 10 positions (verrouillable dans n&#039;importe quelle position)<\/li>\r\n<\/ul>\r\n\r\n\r\n\r\n<h2 class=\"wp-block-heading\">Dimensions et poids de la vanne papillon 4 pouces<\/h2>\r\n\r\n\r\n\r\n<p>&nbsp;<\/p>\r\n<table border=\"=1\" width=\"800\">\r\n<tbody>\r\n<tr>\r\n<td rowspan=\"2\">Pression nominale<\/td>\r\n<td style=\"text-align: center;\">Al\u00e9sage<\/td>\r\n<td style=\"text-align: center;\" colspan=\"3\">\u00a0Dimension face \u00e0 face (en mm)<\/td>\r\n<td style=\"text-align: center;\">Poids<\/td>\r\n<\/tr>\r\n<tr>\r\n<td style=\"text-align: center;\">(en mm)<\/td>\r\n<td style=\"text-align: center;\">RF<\/td>\r\n<td style=\"text-align: center;\">Tranche<\/td>\r\n<td style=\"text-align: center;\">Patte<\/td>\r\n<td style=\"text-align: center;\">kg<\/td>\r\n<\/tr>\r\n<tr>\r\n<td>CLASSE 150<\/td>\r\n<td style=\"text-align: center;\">100<\/td>\r\n<td style=\"text-align: center;\">229\/127<\/td>\r\n<td style=\"text-align: center;\">52\/54<\/td>\r\n<td style=\"text-align: center;\">52\/54<\/td>\r\n<td style=\"text-align: center;\">11<\/td>\r\n<\/tr>\r\n<tr>\r\n<td>CLASSE 300<\/td>\r\n<td style=\"text-align: center;\">100<\/td>\r\n<td style=\"text-align: center;\">305\/190<\/td>\r\n<td style=\"text-align: center;\">54<\/td>\r\n<td style=\"text-align: center;\">54<\/td>\r\n<td style=\"text-align: center;\">16<\/td>\r\n<\/tr>\r\n<tr>\r\n<td>CLASSE 600<\/td>\r\n<td style=\"text-align: center;\">100<\/td>\r\n<td style=\"text-align: center;\">432\/190<\/td>\r\n<td style=\"text-align: center;\">64<\/td>\r\n<td style=\"text-align: center;\">64<\/td>\r\n<td style=\"text-align: center;\">35<\/td>\r\n<\/tr>\r\n<\/tbody>\r\n<\/table>\r\n\r\n\r\n\r\n<h2 class=\"wp-block-heading\" id=\"h-features-of-4-inch-butterfly-valve\">Caract\u00e9ristiques de la vanne papillon de 4 pouces\u00a0:<\/h2>\r\n\r\n\r\n\r\n<ul class=\"wp-block-list\">\r\n<li>1. Les vannes papillon ZECO 4 pouces sont faciles \u00e0 entretenir. \u00c0 tout moment, faites attention \u00e0 la surface d&#039;\u00e9tanch\u00e9it\u00e9 et au joint d&#039;arbre. Lorsque la surface d&#039;\u00e9tanch\u00e9it\u00e9 pr\u00e9sente une abrasion ou une fuite. G\u00e9n\u00e9ralement, utilisez le joint press\u00e9 de la plaque \u00e0 vis pour r\u00e9soudre le probl\u00e8me. Lorsque la fuite s&#039;est produite dans le plus grand, la bague int\u00e9rieure peut \u00eatre ajust\u00e9e plus -une puce doit \u00eatre r\u00e9solue, s&#039;il y a des dommages aux joints, les joints de plaque peuvent \u00eatre retir\u00e9s, le remplacement des joints, en cas de fuite du joint, ajuster le presse-\u00e9toupe ou le remplacement de la bague d&#039;\u00e9tanch\u00e9it\u00e9\u00a0;<\/li>\r\n<li>2. La conception \u00e0 double d\u00e9calage de la vanne papillon ZECO de 4 pouces est moins abrasive et poss\u00e8de une excellente capacit\u00e9 d&#039;\u00e9tanch\u00e9it\u00e9\u00a0;<\/li>\r\n<li>3. Le dispositif de fin de course de la vanne papillon ZECO de 4 pouces assure la bonne position d&#039;ouverture\/fermeture\u00a0;<\/li>\r\n<li>4. Le corps, le disque et la tige de la vanne papillon ZECO de 4 pouces ont une r\u00e9sistance et une flexibilit\u00e9 suffisantes, le joint peut \u00eatre modifi\u00e9 \u00e0 l&#039;int\u00e9rieur de la vanne.<\/li>\r\n<li>Longue dur\u00e9e de vie avec une \u00e9tanch\u00e9it\u00e9 fiable et sans entretien fr\u00e9quent.<\/li>\r\n<li>Perte de pression\r\n<ul>\r\n<li>Une perte de pression trop importante entra\u00eenera une augmentation du co\u00fbt de l&#039;\u00e9nergie corr\u00e9lative. Les vannes papillon ont des caract\u00e9ristiques de d\u00e9bit trois fois meilleures que les vannes \u00e0 soupape et environ 75% d&#039;une vanne \u00e0 vanne de m\u00eame taille.<\/li>\r\n<\/ul>\r\n<\/li>\r\n<li>Multifonction\r\n<ul>\r\n<li>La vanne papillon \u00e0 bride peut \u00eatre utilis\u00e9e pour le service marche\/arr\u00eat et l&#039;\u00e9tranglement. Ils sont sup\u00e9rieurs en termes de multifonction par rapport aux vannes \u00e0 vanne. Les vannes papillon peuvent \u00eatre largement utilis\u00e9es dans le domaine chimique gr\u00e2ce aux options de garniture et au choix du rev\u00eatement en \u00e9lastom\u00e8re.<\/li>\r\n<\/ul>\r\n<\/li>\r\n<li>Poids\r\n<ul>\r\n<li>Les vannes papillon \u00e0 bride ont les caract\u00e9ristiques d&#039;\u00eatre l\u00e9g\u00e8res et de petite taille, par exemple, le poids et la taille d&#039;une vanne papillon de 10&quot; sont 1\/9 et 1\/6 d&#039;une vanne \u00e0 vanne de 10&quot;. Ainsi, la vanne papillon est facile \u00e0 installer et permet d\u2019\u00e9conomiser le co\u00fbt du syst\u00e8me de tuyauterie.<\/li>\r\n<\/ul>\r\n<\/li>\r\n<li>Bulle serr\u00e9e\r\n<ul>\r\n<li>Les vannes papillon avec si\u00e8ge r\u00e9silient peuvent \u00eatre \u00e9tanches aux bulles par rapport aux vannes \u00e0 si\u00e8ge m\u00e9tallique ou aux vannes \u00e0 soupape.<\/li>\r\n<\/ul>\r\n<\/li>\r\n<li>Facile \u00e0 utiliser\r\n<ul>\r\n<li>La vanne papillon offre une ouverture et une fermeture \u00e0 90 degr\u00e9s.<\/li>\r\n<\/ul>\r\n<\/li>\r\n<li>Entretien\r\n<ul>\r\n<li>Les vannes papillon \u00e0 bride correctement install\u00e9es sont autonettoyantes et sont moins susceptibles de tomber en panne en raison de d\u00e9chets pr\u00e9sents dans le tuyau.<\/li>\r\n<\/ul>\r\n<\/li>\r\n<\/ul>\r\n\r\n\r\n\r\n<h2 class=\"wp-block-heading\" id=\"h-material-of-4-inch-butterfly-valve\">Mat\u00e9riau de la vanne papillon de 4 pouces\u00a0:<\/h2>\r\n\r\n\r\n\r\n<figure class=\"wp-block-table\">\r\n<table>\r\n<tbody>\r\n<tr>\r\n<td>Non<\/td>\r\n<td>Partie<\/td>\r\n<td>Mat\u00e9riau<\/td>\r\n<\/tr>\r\n<tr>\r\n<td>1<\/td>\r\n<td>Corps<\/td>\r\n<td>GGG50<\/td>\r\n<\/tr>\r\n<tr>\r\n<td>2<\/td>\r\n<td>Bague d&#039;\u00e9tanch\u00e9it\u00e9<\/td>\r\n<td>EPDM<\/td>\r\n<\/tr>\r\n<tr>\r\n<td>3<\/td>\r\n<td>Bride de retenue<\/td>\r\n<td>ASTM A182 F304<\/td>\r\n<\/tr>\r\n<tr>\r\n<td>4<\/td>\r\n<td>\u00c9pingle<\/td>\r\n<td>ASTM A276 304<\/td>\r\n<\/tr>\r\n<tr>\r\n<td>5<\/td>\r\n<td>Disque<\/td>\r\n<td>ASTM A351 CF8<\/td>\r\n<\/tr>\r\n<tr>\r\n<td>6<\/td>\r\n<td>Tige<\/td>\r\n<td>ASTM A276 304<\/td>\r\n<\/tr>\r\n<tr>\r\n<td>7<\/td>\r\n<td>Garniture de tige<\/td>\r\n<td>Graphite<\/td>\r\n<\/tr>\r\n<tr>\r\n<td>8<\/td>\r\n<td>Battement de tige<\/td>\r\n<td>SS304 + PTFE<\/td>\r\n<\/tr>\r\n<tr>\r\n<td>9<\/td>\r\n<td>Boulon<\/td>\r\n<td>ASTM A193 B7<\/td>\r\n<\/tr>\r\n<tr>\r\n<td>10<\/td>\r\n<td>\u00c9crou<\/td>\r\n<td>ASTM A194 2H<\/td>\r\n<\/tr>\r\n<tr>\r\n<td>11<\/td>\r\n<td>Attelage<\/td>\r\n<td>ASTM A216 WCB<\/td>\r\n<\/tr>\r\n<\/tbody>\r\n<\/table>\r\n<\/figure>","protected":false},"excerpt":{"rendered":"<p>Qu&#039;est-ce que 4 dans la vanne papillon\u00a0? La vanne papillon ZECO 4 pouces est compos\u00e9e d&#039;un corps, d&#039;un disque, d&#039;une tige, d&#039;un si\u00e8ge, d&#039;un presse-\u00e9toupe, d&#039;un engrenage, etc. <a title=\"Vanne papillon de 4 pouces\" class=\"read-more\" href=\"https:\/\/zecovalve.com\/fr\/produit\/4-inch-butterfly-valve\" aria-label=\"Plus sur Vanne Papillon 4 pouces\">Lire plus<\/a><\/p>","protected":false},"featured_media":17037,"comment_status":"closed","ping_status":"closed","template":"","meta":{"_generate-full-width-content":"","kt_blocks_editor_width":""},"product_cat":[2044,2470],"product_tag":[2806,2801],"class_list":["post-16523","product","type-product","status-publish","has-post-thumbnail","hentry","product_cat-butterfly-valve","product_cat-butterfly-valve-by-inch","product_tag-butterfly-valve-wafer-type","product_tag-wafer-type-butterfly-valve","sales-flash-overlay","woocommerce-text-align-center","woocommerce-image-align-center","do-quantity-buttons"],"featured_image_src_large":["https:\/\/zecovalve.com\/wp-content\/uploads\/2022\/06\/wafer-butterfly-valve-1.jpg",330,300,false],"author_info":[],"comment_info":0,"taxonomy_info":{"product_cat":[{"value":2044,"label":"Butterfly Valve"},{"value":2470,"label":"Butterfly Valve By Inch"}],"product_tag":[{"value":2806,"label":"Butterfly Valve Wafer Type"},{"value":2801,"label":"Wafer Type Butterfly Valve"}]},"yoast_head":"<!-- This site is optimized with the Yoast SEO Premium plugin v15.4 - https:\/\/yoast.com\/wordpress\/plugins\/seo\/ -->\n<title>4 in Butterfly Valve - Butterfly Valve 4 Inch | 4 Inch Butterfly Valve | ZECO<\/title>\n<meta name=\"robots\" content=\"index, follow, max-snippet:-1, max-image-preview:large, max-video-preview:-1\" \/>\n<link rel=\"canonical\" href=\"https:\/\/zecovalve.com\/fr\/produit\/4-inch-butterfly-valve\" \/>\n<meta property=\"og:locale\" content=\"fr_FR\" \/>\n<meta property=\"og:type\" content=\"article\" \/>\n<meta property=\"og:title\" content=\"4 in Butterfly Valve - Butterfly Valve 4 Inch | 4 Inch Butterfly Valve | ZECO\" \/>\n<meta property=\"og:description\" content=\"What is 4 in Butterfly Valve? ZECO 4 inch butterfly valve is made of body, disc, stem, seat, stuffing box, gear, etc. ... Lire plus\" \/>\n<meta property=\"og:url\" content=\"https:\/\/zecovalve.com\/fr\/produit\/4-inch-butterfly-valve\" \/>\n<meta property=\"og:site_name\" content=\"ZECO Valve\" \/>\n<meta property=\"article:modified_time\" content=\"2022-09-01T00:48:27+00:00\" \/>\n<meta property=\"og:image\" content=\"https:\/\/zecovalve.com\/wp-content\/uploads\/2022\/06\/wafer-butterfly-valve-1.jpg\" \/>\n\t<meta property=\"og:image:width\" content=\"330\" \/>\n\t<meta property=\"og:image:height\" content=\"300\" \/>\n<meta name=\"twitter:card\" content=\"summary_large_image\" \/>\n<meta name=\"twitter:label1\" content=\"\u00c9crit par\">\n\t<meta name=\"twitter:data1\" content=\"Jerry\">\n\t<meta name=\"twitter:label2\" content=\"Dur\u00e9e de lecture estim\u00e9e\">\n\t<meta name=\"twitter:data2\" content=\"2 minutes\">\n<script type=\"application\/ld+json\" class=\"yoast-schema-graph\">{\"@context\":\"https:\/\/schema.org\",\"@graph\":[{\"@type\":\"WebSite\",\"@id\":\"https:\/\/zecovalve.com\/#website\",\"url\":\"https:\/\/zecovalve.com\/\",\"name\":\"ZECO Valve\",\"description\":\"Industrial Ball Valve, Gate Valve and Globe Valve Manufacturer\",\"potentialAction\":[{\"@type\":\"SearchAction\",\"target\":\"https:\/\/zecovalve.com\/?s={search_term_string}\",\"query-input\":\"required name=search_term_string\"}],\"inLanguage\":\"fr-FR\"},{\"@type\":\"ImageObject\",\"@id\":\"https:\/\/zecovalve.com\/product\/4-inch-butterfly-valve#primaryimage\",\"inLanguage\":\"fr-FR\",\"url\":\"https:\/\/zecovalve.com\/wp-content\/uploads\/2022\/06\/wafer-butterfly-valve-1.jpg\",\"width\":330,\"height\":300,\"caption\":\"Wafer Butterfly Valve\"},{\"@type\":\"WebPage\",\"@id\":\"https:\/\/zecovalve.com\/product\/4-inch-butterfly-valve#webpage\",\"url\":\"https:\/\/zecovalve.com\/product\/4-inch-butterfly-valve\",\"name\":\"4 in Butterfly Valve - Butterfly Valve 4 Inch | 4 Inch Butterfly Valve | ZECO\",\"isPartOf\":{\"@id\":\"https:\/\/zecovalve.com\/#website\"},\"primaryImageOfPage\":{\"@id\":\"https:\/\/zecovalve.com\/product\/4-inch-butterfly-valve#primaryimage\"},\"datePublished\":\"2022-06-21T07:07:21+00:00\",\"dateModified\":\"2022-09-01T00:48:27+00:00\",\"breadcrumb\":{\"@id\":\"https:\/\/zecovalve.com\/product\/4-inch-butterfly-valve#breadcrumb\"},\"inLanguage\":\"fr-FR\",\"potentialAction\":[{\"@type\":\"ReadAction\",\"target\":[\"https:\/\/zecovalve.com\/product\/4-inch-butterfly-valve\"]}]},{\"@type\":\"BreadcrumbList\",\"@id\":\"https:\/\/zecovalve.com\/product\/4-inch-butterfly-valve#breadcrumb\",\"itemListElement\":[{\"@type\":\"ListItem\",\"position\":1,\"item\":{\"@type\":\"WebPage\",\"@id\":\"https:\/\/zecovalve.com\/\",\"url\":\"https:\/\/zecovalve.com\/\",\"name\":\"Home\"}},{\"@type\":\"ListItem\",\"position\":2,\"item\":{\"@type\":\"WebPage\",\"@id\":\"https:\/\/zecovalve.com\/product-category\",\"url\":\"https:\/\/zecovalve.com\/product-category\",\"name\":\"Industrial Valve Manufacturer | Water Valve Manufacturer\"}},{\"@type\":\"ListItem\",\"position\":3,\"item\":{\"@type\":\"WebPage\",\"@id\":\"https:\/\/zecovalve.com\/product\/4-inch-butterfly-valve\",\"url\":\"https:\/\/zecovalve.com\/product\/4-inch-butterfly-valve\",\"name\":\"4 inch Butterfly Valve\"}}]}]}<\/script>\n<!-- \/ Yoast SEO Premium plugin. -->","_links":{"self":[{"href":"https:\/\/zecovalve.com\/fr\/wp-json\/wp\/v2\/product\/16523","targetHints":{"allow":["GET"]}}],"collection":[{"href":"https:\/\/zecovalve.com\/fr\/wp-json\/wp\/v2\/product"}],"about":[{"href":"https:\/\/zecovalve.com\/fr\/wp-json\/wp\/v2\/types\/product"}],"replies":[{"embeddable":true,"href":"https:\/\/zecovalve.com\/fr\/wp-json\/wp\/v2\/comments?post=16523"}],"wp:featuredmedia":[{"embeddable":true,"href":"https:\/\/zecovalve.com\/fr\/wp-json\/wp\/v2\/media\/17037"}],"wp:attachment":[{"href":"https:\/\/zecovalve.com\/fr\/wp-json\/wp\/v2\/media?parent=16523"}],"wp:term":[{"taxonomy":"product_cat","embeddable":true,"href":"https:\/\/zecovalve.com\/fr\/wp-json\/wp\/v2\/product_cat?post=16523"},{"taxonomy":"product_tag","embeddable":true,"href":"https:\/\/zecovalve.com\/fr\/wp-json\/wp\/v2\/product_tag?post=16523"}],"curies":[{"name":"wp","href":"https:\/\/api.w.org\/{rel}","templated":true}]}}